{"id":14708,"date":"2023-01-16T11:14:02","date_gmt":"2023-01-16T11:14:02","guid":{"rendered":"https:\/\/tajkertesz.com\/?post_type=product&#038;p=14708"},"modified":"2026-02-18T15:16:18","modified_gmt":"2026-02-18T15:16:18","slug":"hagyma-porehagyma-winner","status":"publish","type":"product","link":"https:\/\/tajkertesz.com\/en_US\/product\/hagyma-porehagyma-winner\/","title":{"rendered":"Hagyma P\u00f3r\u00e9hagyma Winner"},"content":{"rendered":"<h2>Hagyma P\u00f3r\u00e9hagyma Winner vet\u0151mag<\/h2>\n<p>Hagyma P\u00f3r\u00e9hagyma Winner vet\u0151mag Fagyt\u0171r\u0151, \u00e1ttelel\u0151 fajta \u0151szi termeszt\u00e9sre. Tavaszig folyamatosan szedhetj\u00fck. Sal\u00e1tak\u00e9nt \u00e9s z\u00f6ldhagymak\u00e9nt is fogyaszthatjuk.<\/p>\n<p>A p\u00f3r\u00e9hagym\u00e1nak ny\u00e1ri \u00e9s t\u00e9li fajt\u00e1i vannak, a kertben a t\u00e9li fajt\u00e1t \u00e9rdemes termeszten\u00fcnk, mivel a ny\u00e1ri fajta t\u00f6k\u00e9letesen kiv\u00e1lthat\u00f3 a fiatal v\u00f6r\u00f6shagym\u00e1val is. A ny\u00e1ri fajt\u00e1k levelei puh\u00e1k \u00e9s halv\u00e1nyz\u00f6ld sz\u00edn\u0171ek, m\u00edg a t\u00e9liek\u00e9 kem\u00e9ny \u00e9s s\u00f6t\u00e9tz\u00f6ld.<\/p>\n<p>A t\u00e9li p\u00f3r\u00e9hagyma termeszt\u00e9se mellett sz\u00f3l, hogy az \u00e9v azon id\u0151szak\u00e1ban fogyaszthat\u00f3, amikor viszonylag kev\u00e9s friss z\u00f6lds\u00e9g \u00e9rhet\u0151 el.<\/p>\n<p>A p\u00f3r\u00e9hagyma f\u00e9nyig\u00e9nyes n\u00f6v\u00e9ny, napos, vil\u00e1gos helyen termessz\u00fck, \u00e1rny\u00e9kos helyen, magasabb z\u00f6lds\u00e9gek vagy f\u00e1k \u00e1rny\u00e9k\u00e1ban nem \u00e9rdemes pr\u00f3b\u00e1lkoznunk vele. V\u00edz \u00e9s t\u00e1panyagig\u00e9nyes n\u00f6v\u00e9ny, j\u00f3 \u00e1llapot\u00fa, frissen tr\u00e1gy\u00e1zott talajban, rendszeres \u00f6nt\u00f6z\u00e9s mellett fejl\u0151dik megfelel\u0151en. A vetem\u00e9ny gondoz\u00e1sa sor\u00e1n a rendszeres \u00f6nt\u00f6z\u00e9sre, m\u0171tr\u00e1gy\u00e1z\u00e1sra valamint a gyoml\u00e1l\u00e1sra \u00e9s kap\u00e1l\u00e1sra kell figyeln\u00fcnk.<\/p>\n<p>A t\u00e9li p\u00f3r\u00e9hagym\u00e1t szabadf\u00f6ldbe vet\u00e9ssel, vagy pal\u00e1nt\u00e1z\u00e1ssal termeszthetj\u00fck. Magjait 30 cm-es sort\u00e1vols\u00e1gra kell elvetni m\u00e1rciusban. A p\u00f3r\u00e9hagyma magja nagyon lassan cs\u00edr\u00e1zik, ez\u00e9rt a sorok k\u00f6z\u00f6tt rendelkez\u00e9sre \u00e1ll\u00f3 helyen, ak\u00e1r retket is termeszthet\u00fcnk. Amire a p\u00f3r\u00e9hagyma kics\u00edr\u00e1zik \u00e9s meger\u0151s\u00f6dik, addigra a retket, m\u00e1r fel is szedt\u00fck.<\/p>\n<p>Ha t\u00fal s\u0171r\u0171n vetett\u00fcnk, akkor 10-12 cm-es t\u0151t\u00e1vols\u00e1gra egyelj\u00fck ki a vet\u00e9sb\u0151l fejl\u0151d\u00f6tt n\u00f6v\u00e9nyeket. Ezeket a fiatal p\u00f3r\u00e9hagym\u00e1kat el\u00fcltethetj\u00fck m\u00e1shova, pal\u00e1ntak\u00e9nt haszn\u00e1lhatjuk \u0151ket. A pal\u00e1nt\u00e1k gy\u00f6ker\u00e9t cs\u00edpj\u00fck vissza az egyharmad\u00e1ra.<\/p>\n<p>Ha pal\u00e1nt\u00e1kat szeretn\u00e9nk nevelni, akkor m\u00e1rcius elej\u00e9n egy l\u00e1d\u00e1ba vess\u00fck el a t\u00e9li p\u00f3r\u00e9hagyma magjait. A pal\u00e1nt\u00e1kat \u00e1prilis v\u00e9g\u00e9n, m\u00e1jus elej\u00e9n \u00fcltethetj\u00fck ki v\u00e9gleges hely\u00fckre, egym\u00e1st\u00f3l 10-12 cm-es t\u0151t\u00e1vols\u00e1gra.<\/p>\n<p>A ki\u00fcltetett pal\u00e1nt\u00e1kat gondozzuk a kor\u00e1bban \u00edrt m\u00f3don. A t\u00e9li p\u00f3r\u00e9hagyma okt\u00f3berre vastagodik \u00e9s er\u0151s\u00f6dik meg annyira, hogy m\u00e1r szedhet\u0151 \u00e9s fogyaszthat\u00f3.<\/p>\n<p>P\u00f3r\u00e9hagyma\u00a0(Allium porrum)<\/p>\n<p><strong>K\u00e9szlet\u00fcnk napi szinten v\u00e1ltozik, ez\u00e9rt k\u00e9rj\u00fck, \u00e9rdekl\u0151dj\u00f6n szem\u00e9lyesen, telefonon vagy email-en.<br \/>\nA v\u00e1ltoztat\u00e1s jog\u00e1t fenntartjuk!\u00a0<\/strong><\/p>\n<p><a href=\"https:\/\/tajkertesz.com\/\">https:\/\/tajkertesz.com\/<\/a><\/p>\n<p><a href=\"https:\/\/www.facebook.com\/tajkertesz\/\">https:\/\/www.facebook.com\/tajkertesz\/<\/a><\/p>\n<p>Kisz\u00e1ll\u00edt\u00e1s: 200cm-ig \u00a0\u00e9s 40 kg-ig a sz\u00e1ll\u00edt\u00e1s fut\u00e1rszolg\u00e1lattal \u00a0t\u00f6rt\u00e9nik!<\/p>\n<p>Szem\u00e9lyes \u00e1tv\u00e9tel nyitvatart\u00e1si id\u0151ben a 17. ker\u00fclet Bakancsos utca 7. sz\u00e1m alatti Kert\u00e9szeti \u00e1rud\u00e1ban<\/p>\n<p>&nbsp;<\/p>\n<p>Szem\u00e9lyes \u00e1tv\u00e9tel ak\u00e1r a mai napon, vagy h\u00e1zhozsz\u00e1ll\u00edt\u00e1s 1-2 napon bel\u00fcl!<\/p>\n<p>&nbsp;<\/p>\n<p>1173.Bp.Bakancsos u.7.<\/p>\n<p><a href=\"http:\/\/www.tajkertesz.com\">www.tajkertesz.com<\/a><\/p>\n<p>Kert\u00e9szeti kis-\u00e9s nagykeresked\u00e9s<\/p>","protected":false},"excerpt":{"rendered":"<div>WINNER<\/div>\n<div><b>\u00c1ttelel\u0151 fajta \u0151szi termeszt\u00e9sre. Fagyt\u0171r\u0151, tavaszig folyamatosan szedhet\u0151. Sal\u00e1tak\u00e9nt, z\u00f6ldhagymak\u00e9nt fogyaszthat\u00f3.<\/b><\/div>","protected":false},"featured_media":14704,"template":"","meta":{"_et_pb_use_builder":"","_et_pb_old_content":"","_et_gb_content_width":""},"product_brand":[],"product_cat":[2881],"product_tag":[4138],"class_list":{"0":"post-14708","1":"product","2":"type-product","3":"status-publish","4":"has-post-thumbnail","6":"product_cat-zoldsegnoveny-vetomagok","7":"product_tag-vetomagok","9":"first","10":"instock","11":"shipping-taxable","12":"purchasable","13":"product-type-simple"},"yoast_head":"<!-- This site is optimized with the Yoast SEO plugin v27.5 - https:\/\/yoast.com\/product\/yoast-seo-wordpress\/ -->\n<title>Hagyma P\u00f3r\u00e9hagyma Winner - T\u00e1jkert\u00e9sz<\/title>\n<meta name=\"description\" content=\"Hagyma P\u00f3r\u00e9hagyma Winner. V\u00e1s\u00e1roljon vet\u0151magokat kert\u00e9szeti web\u00e1ruh\u00e1zunkb\u00f3l h\u00e1zhozsz\u00e1ll\u00edt\u00e1ssal, vagy szem\u00e9lyesen kert\u00e9szet\u00fcnkb\u0151l.\" \/>\n<meta name=\"robots\" content=\"index, follow, max-snippet:-1, max-image-preview:large, max-video-preview:-1\" \/>\n<link rel=\"canonical\" href=\"https:\/\/tajkertesz.com\/en_US\/product\/hagyma-porehagyma-winner\/\" \/>\n<meta property=\"og:locale\" content=\"en_US\" \/>\n<meta property=\"og:type\" content=\"article\" \/>\n<meta property=\"og:title\" content=\"Hagyma P\u00f3r\u00e9hagyma Winner - T\u00e1jkert\u00e9sz\" \/>\n<meta property=\"og:description\" content=\"Hagyma P\u00f3r\u00e9hagyma Winner. V\u00e1s\u00e1roljon vet\u0151magokat kert\u00e9szeti web\u00e1ruh\u00e1zunkb\u00f3l h\u00e1zhozsz\u00e1ll\u00edt\u00e1ssal, vagy szem\u00e9lyesen kert\u00e9szet\u00fcnkb\u0151l.\" \/>\n<meta property=\"og:url\" content=\"https:\/\/tajkertesz.com\/en_US\/product\/hagyma-porehagyma-winner\/\" \/>\n<meta property=\"og:site_name\" content=\"T\u00e1jkert\u00e9sz\" \/>\n<meta property=\"article:publisher\" content=\"https:\/\/www.facebook.com\/Tajkertesz\/\" \/>\n<meta property=\"article:modified_time\" content=\"2026-02-18T15:16:18+00:00\" \/>\n<meta property=\"og:image\" content=\"https:\/\/tajkertesz.com\/wp-content\/uploads\/2021\/10\/20230116_115759-1-scaled.jpg\" \/>\n\t<meta property=\"og:image:width\" content=\"1454\" \/>\n\t<meta property=\"og:image:height\" content=\"2560\" \/>\n\t<meta property=\"og:image:type\" content=\"image\/jpeg\" \/>\n<meta name=\"twitter:card\" content=\"summary_large_image\" \/>\n<meta name=\"twitter:label1\" content=\"Est. reading time\" \/>\n\t<meta name=\"twitter:data1\" content=\"2 minutes\" \/>\n<script type=\"application\/ld+json\" class=\"yoast-schema-graph\">{\"@context\":\"https:\\\/\\\/schema.org\",\"@graph\":[{\"@type\":\"WebPage\",\"@id\":\"https:\\\/\\\/tajkertesz.com\\\/termek\\\/hagyma-porehagyma-winner\\\/\",\"url\":\"https:\\\/\\\/tajkertesz.com\\\/termek\\\/hagyma-porehagyma-winner\\\/\",\"name\":\"Hagyma P\u00f3r\u00e9hagyma Winner - T\u00e1jkert\u00e9sz\",\"isPartOf\":{\"@id\":\"https:\\\/\\\/tajkertesz.com\\\/#website\"},\"primaryImageOfPage\":{\"@id\":\"https:\\\/\\\/tajkertesz.com\\\/termek\\\/hagyma-porehagyma-winner\\\/#primaryimage\"},\"image\":{\"@id\":\"https:\\\/\\\/tajkertesz.com\\\/termek\\\/hagyma-porehagyma-winner\\\/#primaryimage\"},\"thumbnailUrl\":\"https:\\\/\\\/tajkertesz.com\\\/wp-content\\\/uploads\\\/2021\\\/10\\\/20230116_115759-1-scaled.jpg\",\"datePublished\":\"2023-01-16T11:14:02+00:00\",\"dateModified\":\"2026-02-18T15:16:18+00:00\",\"description\":\"Hagyma P\u00f3r\u00e9hagyma Winner. V\u00e1s\u00e1roljon vet\u0151magokat kert\u00e9szeti web\u00e1ruh\u00e1zunkb\u00f3l h\u00e1zhozsz\u00e1ll\u00edt\u00e1ssal, vagy szem\u00e9lyesen kert\u00e9szet\u00fcnkb\u0151l.\",\"breadcrumb\":{\"@id\":\"https:\\\/\\\/tajkertesz.com\\\/termek\\\/hagyma-porehagyma-winner\\\/#breadcrumb\"},\"inLanguage\":\"en-US\",\"potentialAction\":[{\"@type\":\"ReadAction\",\"target\":[\"https:\\\/\\\/tajkertesz.com\\\/termek\\\/hagyma-porehagyma-winner\\\/\"]}]},{\"@type\":\"ImageObject\",\"inLanguage\":\"en-US\",\"@id\":\"https:\\\/\\\/tajkertesz.com\\\/termek\\\/hagyma-porehagyma-winner\\\/#primaryimage\",\"url\":\"https:\\\/\\\/tajkertesz.com\\\/wp-content\\\/uploads\\\/2021\\\/10\\\/20230116_115759-1-scaled.jpg\",\"contentUrl\":\"https:\\\/\\\/tajkertesz.com\\\/wp-content\\\/uploads\\\/2021\\\/10\\\/20230116_115759-1-scaled.jpg\",\"width\":1454,\"height\":2560},{\"@type\":\"BreadcrumbList\",\"@id\":\"https:\\\/\\\/tajkertesz.com\\\/termek\\\/hagyma-porehagyma-winner\\\/#breadcrumb\",\"itemListElement\":[{\"@type\":\"ListItem\",\"position\":1,\"name\":\"Home\",\"item\":\"https:\\\/\\\/tajkertesz.com\\\/\"},{\"@type\":\"ListItem\",\"position\":2,\"name\":\"Kezd\u0151lap\",\"item\":\"https:\\\/\\\/tajkertesz.com\\\/\"},{\"@type\":\"ListItem\",\"position\":3,\"name\":\"Hagyma P\u00f3r\u00e9hagyma Winner\"}]},{\"@type\":\"WebSite\",\"@id\":\"https:\\\/\\\/tajkertesz.com\\\/#website\",\"url\":\"https:\\\/\\\/tajkertesz.com\\\/\",\"name\":\"T\u00e1j-Kert\u00e9sz 84 Kft.\",\"description\":\"Kert\u00e9szeti kis- \u00e9s nagykeresked\u00e9s, D\u00edszn\u00f6v\u00e9ny web\u00e1ruh\u00e1z orsz\u00e1gos h\u00e1zhozsz\u00e1ll\u00edt\u00e1ssal!\",\"publisher\":{\"@id\":\"https:\\\/\\\/tajkertesz.com\\\/#organization\"},\"potentialAction\":[{\"@type\":\"SearchAction\",\"target\":{\"@type\":\"EntryPoint\",\"urlTemplate\":\"https:\\\/\\\/tajkertesz.com\\\/?s={search_term_string}\"},\"query-input\":{\"@type\":\"PropertyValueSpecification\",\"valueRequired\":true,\"valueName\":\"search_term_string\"}}],\"inLanguage\":\"en-US\"},{\"@type\":\"Organization\",\"@id\":\"https:\\\/\\\/tajkertesz.com\\\/#organization\",\"name\":\"T\u00e1j-Kert\u00e9sz 84 Kft.\",\"url\":\"https:\\\/\\\/tajkertesz.com\\\/\",\"logo\":{\"@type\":\"ImageObject\",\"inLanguage\":\"en-US\",\"@id\":\"https:\\\/\\\/tajkertesz.com\\\/#\\\/schema\\\/logo\\\/image\\\/\",\"url\":\"https:\\\/\\\/tajkertesz.com\\\/wp-content\\\/uploads\\\/2018\\\/02\\\/logo-2-e1518678052539.png\",\"contentUrl\":\"https:\\\/\\\/tajkertesz.com\\\/wp-content\\\/uploads\\\/2018\\\/02\\\/logo-2-e1518678052539.png\",\"width\":81,\"height\":140,\"caption\":\"T\u00e1j-Kert\u00e9sz 84 Kft.\"},\"image\":{\"@id\":\"https:\\\/\\\/tajkertesz.com\\\/#\\\/schema\\\/logo\\\/image\\\/\"},\"sameAs\":[\"https:\\\/\\\/www.facebook.com\\\/Tajkertesz\\\/\"]}]}<\/script>\n<!-- \/ Yoast SEO plugin. -->","yoast_head_json":{"title":"Hagyma P\u00f3r\u00e9hagyma Winner - T\u00e1jkert\u00e9sz","description":"Hagyma P\u00f3r\u00e9hagyma Winner. V\u00e1s\u00e1roljon vet\u0151magokat kert\u00e9szeti web\u00e1ruh\u00e1zunkb\u00f3l h\u00e1zhozsz\u00e1ll\u00edt\u00e1ssal, vagy szem\u00e9lyesen kert\u00e9szet\u00fcnkb\u0151l.","robots":{"index":"index","follow":"follow","max-snippet":"max-snippet:-1","max-image-preview":"max-image-preview:large","max-video-preview":"max-video-preview:-1"},"canonical":"https:\/\/tajkertesz.com\/en_US\/product\/hagyma-porehagyma-winner\/","og_locale":"en_US","og_type":"article","og_title":"Hagyma P\u00f3r\u00e9hagyma Winner - T\u00e1jkert\u00e9sz","og_description":"Hagyma P\u00f3r\u00e9hagyma Winner. V\u00e1s\u00e1roljon vet\u0151magokat kert\u00e9szeti web\u00e1ruh\u00e1zunkb\u00f3l h\u00e1zhozsz\u00e1ll\u00edt\u00e1ssal, vagy szem\u00e9lyesen kert\u00e9szet\u00fcnkb\u0151l.","og_url":"https:\/\/tajkertesz.com\/en_US\/product\/hagyma-porehagyma-winner\/","og_site_name":"T\u00e1jkert\u00e9sz","article_publisher":"https:\/\/www.facebook.com\/Tajkertesz\/","article_modified_time":"2026-02-18T15:16:18+00:00","og_image":[{"width":1454,"height":2560,"url":"https:\/\/tajkertesz.com\/wp-content\/uploads\/2021\/10\/20230116_115759-1-scaled.jpg","type":"image\/jpeg"}],"twitter_card":"summary_large_image","twitter_misc":{"Est. reading time":"2 minutes"},"schema":{"@context":"https:\/\/schema.org","@graph":[{"@type":"WebPage","@id":"https:\/\/tajkertesz.com\/termek\/hagyma-porehagyma-winner\/","url":"https:\/\/tajkertesz.com\/termek\/hagyma-porehagyma-winner\/","name":"Hagyma P\u00f3r\u00e9hagyma Winner - T\u00e1jkert\u00e9sz","isPartOf":{"@id":"https:\/\/tajkertesz.com\/#website"},"primaryImageOfPage":{"@id":"https:\/\/tajkertesz.com\/termek\/hagyma-porehagyma-winner\/#primaryimage"},"image":{"@id":"https:\/\/tajkertesz.com\/termek\/hagyma-porehagyma-winner\/#primaryimage"},"thumbnailUrl":"https:\/\/tajkertesz.com\/wp-content\/uploads\/2021\/10\/20230116_115759-1-scaled.jpg","datePublished":"2023-01-16T11:14:02+00:00","dateModified":"2026-02-18T15:16:18+00:00","description":"Hagyma P\u00f3r\u00e9hagyma Winner. V\u00e1s\u00e1roljon vet\u0151magokat kert\u00e9szeti web\u00e1ruh\u00e1zunkb\u00f3l h\u00e1zhozsz\u00e1ll\u00edt\u00e1ssal, vagy szem\u00e9lyesen kert\u00e9szet\u00fcnkb\u0151l.","breadcrumb":{"@id":"https:\/\/tajkertesz.com\/termek\/hagyma-porehagyma-winner\/#breadcrumb"},"inLanguage":"en-US","potentialAction":[{"@type":"ReadAction","target":["https:\/\/tajkertesz.com\/termek\/hagyma-porehagyma-winner\/"]}]},{"@type":"ImageObject","inLanguage":"en-US","@id":"https:\/\/tajkertesz.com\/termek\/hagyma-porehagyma-winner\/#primaryimage","url":"https:\/\/tajkertesz.com\/wp-content\/uploads\/2021\/10\/20230116_115759-1-scaled.jpg","contentUrl":"https:\/\/tajkertesz.com\/wp-content\/uploads\/2021\/10\/20230116_115759-1-scaled.jpg","width":1454,"height":2560},{"@type":"BreadcrumbList","@id":"https:\/\/tajkertesz.com\/termek\/hagyma-porehagyma-winner\/#breadcrumb","itemListElement":[{"@type":"ListItem","position":1,"name":"Home","item":"https:\/\/tajkertesz.com\/"},{"@type":"ListItem","position":2,"name":"Kezd\u0151lap","item":"https:\/\/tajkertesz.com\/"},{"@type":"ListItem","position":3,"name":"Hagyma P\u00f3r\u00e9hagyma Winner"}]},{"@type":"WebSite","@id":"https:\/\/tajkertesz.com\/#website","url":"https:\/\/tajkertesz.com\/","name":"T\u00e1j-Kert\u00e9sz 84 Kft.","description":"Kert\u00e9szeti kis- \u00e9s nagykeresked\u00e9s, D\u00edszn\u00f6v\u00e9ny web\u00e1ruh\u00e1z orsz\u00e1gos h\u00e1zhozsz\u00e1ll\u00edt\u00e1ssal!","publisher":{"@id":"https:\/\/tajkertesz.com\/#organization"},"potentialAction":[{"@type":"SearchAction","target":{"@type":"EntryPoint","urlTemplate":"https:\/\/tajkertesz.com\/?s={search_term_string}"},"query-input":{"@type":"PropertyValueSpecification","valueRequired":true,"valueName":"search_term_string"}}],"inLanguage":"en-US"},{"@type":"Organization","@id":"https:\/\/tajkertesz.com\/#organization","name":"T\u00e1j-Kert\u00e9sz 84 Kft.","url":"https:\/\/tajkertesz.com\/","logo":{"@type":"ImageObject","inLanguage":"en-US","@id":"https:\/\/tajkertesz.com\/#\/schema\/logo\/image\/","url":"https:\/\/tajkertesz.com\/wp-content\/uploads\/2018\/02\/logo-2-e1518678052539.png","contentUrl":"https:\/\/tajkertesz.com\/wp-content\/uploads\/2018\/02\/logo-2-e1518678052539.png","width":81,"height":140,"caption":"T\u00e1j-Kert\u00e9sz 84 Kft."},"image":{"@id":"https:\/\/tajkertesz.com\/#\/schema\/logo\/image\/"},"sameAs":["https:\/\/www.facebook.com\/Tajkertesz\/"]}]}},"_links":{"self":[{"href":"https:\/\/tajkertesz.com\/en_US\/wp-json\/wp\/v2\/product\/14708","targetHints":{"allow":["GET"]}}],"collection":[{"href":"https:\/\/tajkertesz.com\/en_US\/wp-json\/wp\/v2\/product"}],"about":[{"href":"https:\/\/tajkertesz.com\/en_US\/wp-json\/wp\/v2\/types\/product"}],"wp:featuredmedia":[{"embeddable":true,"href":"https:\/\/tajkertesz.com\/en_US\/wp-json\/wp\/v2\/media\/14704"}],"wp:attachment":[{"href":"https:\/\/tajkertesz.com\/en_US\/wp-json\/wp\/v2\/media?parent=14708"}],"wp:term":[{"taxonomy":"product_brand","embeddable":true,"href":"https:\/\/tajkertesz.com\/en_US\/wp-json\/wp\/v2\/product_brand?post=14708"},{"taxonomy":"product_cat","embeddable":true,"href":"https:\/\/tajkertesz.com\/en_US\/wp-json\/wp\/v2\/product_cat?post=14708"},{"taxonomy":"product_tag","embeddable":true,"href":"https:\/\/tajkertesz.com\/en_US\/wp-json\/wp\/v2\/product_tag?post=14708"}],"curies":[{"name":"wp","href":"https:\/\/api.w.org\/{rel}","templated":true}]}}