{"id":14710,"date":"2023-01-16T11:19:29","date_gmt":"2023-01-16T11:19:29","guid":{"rendered":"https:\/\/tajkertesz.com\/?post_type=product&#038;p=14710"},"modified":"2026-02-18T15:16:05","modified_gmt":"2026-02-18T15:16:05","slug":"hagyma-borettana-voroshagyma","status":"publish","type":"product","link":"https:\/\/tajkertesz.com\/en_US\/product\/hagyma-borettana-voroshagyma\/","title":{"rendered":"Hagyma Borettana v\u00f6r\u00f6shagyma vet\u0151mag"},"content":{"rendered":"<h2>Hagyma Borettana v\u00f6r\u00f6shagyma vet\u0151mag<\/h2>\n<p>Hagyma Borettana v\u00f6r\u00f6shagyma vet\u0151mag nem melegig\u00e9nyes n\u00f6v\u00e9ny, teny\u00e9szid\u0151ben 17-19 fokos h\u0151m\u00e9rs\u00e9klet mellett fejl\u0151dik legszebben. Nem v\u00edzig\u00e9nyes n\u00f6v\u00e9ny, a fejl\u0151d\u00e9se elej\u00e9n ig\u00e9nyel nedvess\u00e9get, k\u00e9s\u0151bb meleg, sz\u00e1raz k\u00f6rnyezetet.<\/p>\n<p>A humuszban gazdag, laza szerkezet\u0171, j\u00f3l m\u0171velt talajokat kedveli, a frissen tr\u00e1gy\u00e1zott talajt nem szereti, ez\u00e9rt olyan helyet keress\u00fcnk sz\u00e1m\u00e1ra, ahol 2-3 \u00e9ve tr\u00e1gy\u00e1ztunk. Napos, vil\u00e1gos helyet kedvel, \u00e1rny\u00e9kos helyen nem hoz b\u0151s\u00e9ges term\u00e9st.<\/p>\n<p>A v\u00f6r\u00f6shagym\u00e1t magvet\u00e9ssel \u00e9s dughagyma \u00fcltet\u00e9s\u00e9vel lehet termeszteni. Mak\u00f3n az els\u0151 \u00e9vben termelik meg a dughagym\u00e1kat, melyeket a k\u00f6vetkez\u0151 \u00e9vben \u00fcltetnek el \u00e9s ebb\u0151l fejl\u0151dnek ki augusztus v\u00e9g\u00e9re a betakar\u00edthat\u00f3 v\u00f6r\u00f6shagym\u00e1k.<\/p>\n<p>A magvet\u00e9s ideje szint\u00e9n m\u00e1rciusban van.<\/p>\n<p>A magvet\u00e9shez \u00e9s a dugv\u00e1nyoz\u00e1shoz, alak\u00edtsunk ki sorokat 20 cm-es sort\u00e1vols\u00e1gra egym\u00e1st\u00f3l. A dughagym\u00e1kat egym\u00e1st\u00f3l 15 cm-es t\u0151t\u00e1vols\u00e1gra kell ki\u00fcltetni, a hagyma cs\u00facsa minimum 2,5 cm-rel ker\u00fclj\u00f6n a talaj felsz\u00edne al\u00e1.<\/p>\n<p>Magvet\u00e9s eset\u00e9n 2-3 hetes cs\u00edr\u00e1z\u00e1si id\u0151re sz\u00e1m\u00edthatunk, a t\u00fal s\u0171r\u0171 vet\u00e9st ritk\u00edtsuk, hogy 5 cm legyen a n\u00f6v\u00e9nyek k\u00f6z\u00f6tt, a pal\u00e1nt\u00e1k j\u00f3l b\u00edrj\u00e1k az \u00e1t\u00fcltet\u00e9st.<\/p>\n<p>A magvet\u00e9s sz\u00e1raz id\u0151j\u00e1r\u00e1s eset\u00e9n rendszeres \u00f6nt\u00f6z\u00e9st ig\u00e9nyel, a j\u00falius k\u00f6zep\u00e9t\u0151l cs\u00f6kkents\u00fck az \u00f6nt\u00f6z\u00e9st. Ak\u00e1r a magvet\u00e9s, ak\u00e1r a dugv\u00e1nyoz\u00e1s mellett d\u00f6nt\u00fcnk, fontos, hogy a talajfelsz\u00ednt porhany\u00f3san tartsuk \u00e9s rendszeresen elt\u00e1vol\u00edtsuk a gyomokat. A n\u00f6v\u00e9nyek magsz\u00e1r\u00e1t v\u00e1gjuk le, vagy t\u00f6rj\u00fck ki.<\/p>\n<p>V\u00f6r\u00f6shagyma\u00a0(Allium cepa)<\/p>\n<table>\n<tbody>\n<tr>\n<td colspan=\"2\">\n<table class=\"csoportinfo\" cellspacing=\"0\">\n<tbody>\n<tr class=\"csoportinfofejlec\">\n<td class=\"csoportinfofejlec\" width=\"15%\">Magsz\u00e1m\/gramm<\/td>\n<td class=\"csoportinfofejlec\" width=\"19%\">Vet\u0151magig\u00e9ny g\/10nm<\/td>\n<td class=\"csoportinfofejlec\" width=\"19%\">Vet\u00e9sid\u0151 szabadf\u00f6ldi termeszt\u00e9shez<\/td>\n<td class=\"csoportinfofejlec\" width=\"15%\">Vet\u00e9sm\u00e9lys\u00e9g cm<\/td>\n<td class=\"csoportinfofejlec\" width=\"17%\">Sor- \u00e9s t\u0151t\u00e1vols\u00e1g cm<\/td>\n<td class=\"csoportinfofejlec\" width=\"15%\">Cs\u00edr\u00e1z\u00e1si nap<br \/>\n8-10C fokon<\/td>\n<\/tr>\n<tr class=\"csoportinfotorzs\">\n<td class=\"csoportinfotorzs\">250-300<\/td>\n<td class=\"csoportinfotorzs\">3-3,5<\/td>\n<td class=\"csoportinfotorzs\">II-III. h\u00f3nap<\/td>\n<td class=\"csoportinfotorzs\">1-2<\/td>\n<td class=\"csoportinfotorzs\">30 x 3-4<\/td>\n<td class=\"csoportinfotorzs\">15 nap<\/td>\n<\/tr>\n<\/tbody>\n<\/table>\n<\/td>\n<\/tr>\n<tr>\n<td colspan=\"2\"><img decoding=\"async\" src=\"https:\/\/www.kertimag.com\/pic\/hagymaformak.jpg\" alt=\"Hagyma\" \/><\/td>\n<\/tr>\n<tr>\n<td colspan=\"2\" align=\"center\">1. ellipszis; 2. toj\u00e1sdad; 3. sz\u00e9les ellipszis; 4. k\u00f6r; 5. sz\u00e9les toj\u00e1sdad; 6. sz\u00e9les ford\u00edtott toj\u00e1sdad; 7. rombusz; 8. lapos ellipszis; 9. nagyon lapos ellipszis<\/td>\n<\/tr>\n<\/tbody>\n<\/table>\n<p><strong>K\u00e9szlet\u00fcnk napi szinten v\u00e1ltozik, ez\u00e9rt k\u00e9rj\u00fck, \u00e9rdekl\u0151dj\u00f6n szem\u00e9lyesen, telefonon vagy email-en.<br \/>\nA v\u00e1ltoztat\u00e1s jog\u00e1t fenntartjuk!\u00a0<\/strong><\/p>\n<p><a href=\"https:\/\/tajkertesz.com\/\">https:\/\/tajkertesz.com\/<\/a><\/p>\n<p><a href=\"https:\/\/www.facebook.com\/tajkertesz\/\">https:\/\/www.facebook.com\/tajkertesz\/<\/a><\/p>\n<p>Kisz\u00e1ll\u00edt\u00e1s: 200cm-ig \u00a0\u00e9s 40 kg-ig a sz\u00e1ll\u00edt\u00e1s fut\u00e1rszolg\u00e1lattal \u00a0t\u00f6rt\u00e9nik!<\/p>\n<p>Szem\u00e9lyes \u00e1tv\u00e9tel nyitvatart\u00e1si id\u0151ben a 17. ker\u00fclet Bakancsos utca 7. sz\u00e1m alatti Kert\u00e9szeti \u00e1rud\u00e1ban<\/p>\n<p>&nbsp;<\/p>\n<p>Szem\u00e9lyes \u00e1tv\u00e9tel ak\u00e1r a mai napon, vagy h\u00e1zhozsz\u00e1ll\u00edt\u00e1s 1-2 napon bel\u00fcl!<\/p>\n<p>&nbsp;<\/p>\n<p>1173.Bp.Bakancsos u.7.<\/p>\n<p><a href=\"http:\/\/www.tajkertesz.com\">www.tajkertesz.com<\/a><\/p>\n<p>Kert\u00e9szeti kis-\u00e9s nagykeresked\u00e9s<\/p>","protected":false},"excerpt":{"rendered":"<h2>Hagyma Borettana v\u00f6r\u00f6shagyma<\/h2>\n<p>R\u00e9dei Kertimag<\/p>\n<div>\n<p>K\u00fcl\u00f6nleges, nagyon lap\u00edtott form\u00e1j\u00fa fajta.<\/p>\n<p>Helybevet\u00e9ssel termesz\u00fck, 100-110 nap a teny\u00e9szideje.<\/p>\n<p>H\u00e9ja szalmas\u00e1rga, h\u00fasa feh\u00e9r sz\u00edn\u0171.<\/p>\n<p>\u00cdze \u00e9des, nagyon zamatos. Grillhagymak\u00e9nt vagy savany\u00edt\u00e1sra kiv\u00e1ll\u00f3.<\/p>\n<p><strong>Tartalma:\u00a0<\/strong>2g<\/p>\n<\/div>","protected":false},"featured_media":14702,"template":"","meta":{"_et_pb_use_builder":"","_et_pb_old_content":"","_et_gb_content_width":""},"product_brand":[],"product_cat":[2881],"product_tag":[4138],"class_list":{"0":"post-14710","1":"product","2":"type-product","3":"status-publish","4":"has-post-thumbnail","6":"product_cat-zoldsegnoveny-vetomagok","7":"product_tag-vetomagok","9":"first","10":"instock","11":"shipping-taxable","12":"purchasable","13":"product-type-simple"},"yoast_head":"<!-- This site is optimized with the Yoast SEO plugin v27.5 - https:\/\/yoast.com\/product\/yoast-seo-wordpress\/ -->\n<title>Hagyma Borettana v\u00f6r\u00f6shagyma vet\u0151mag - T\u00e1jkert\u00e9sz<\/title>\n<meta name=\"description\" content=\"Hagyma Borettana v\u00f6r\u00f6shagyma vet\u0151mag nem melegig\u00e9nyes n\u00f6v\u00e9ny, teny\u00e9szid\u0151ben 17-19 fokos h\u0151m\u00e9rs\u00e9klet mellett fejl\u0151dik legszebben.\" \/>\n<meta name=\"robots\" content=\"index, follow, max-snippet:-1, max-image-preview:large, max-video-preview:-1\" \/>\n<link rel=\"canonical\" href=\"https:\/\/tajkertesz.com\/en_US\/product\/hagyma-borettana-voroshagyma\/\" \/>\n<meta property=\"og:locale\" content=\"en_US\" \/>\n<meta property=\"og:type\" content=\"article\" \/>\n<meta property=\"og:title\" content=\"Hagyma Borettana v\u00f6r\u00f6shagyma vet\u0151mag - T\u00e1jkert\u00e9sz\" \/>\n<meta property=\"og:description\" content=\"Hagyma Borettana v\u00f6r\u00f6shagyma vet\u0151mag nem melegig\u00e9nyes n\u00f6v\u00e9ny, teny\u00e9szid\u0151ben 17-19 fokos h\u0151m\u00e9rs\u00e9klet mellett fejl\u0151dik legszebben.\" \/>\n<meta property=\"og:url\" content=\"https:\/\/tajkertesz.com\/en_US\/product\/hagyma-borettana-voroshagyma\/\" \/>\n<meta property=\"og:site_name\" content=\"T\u00e1jkert\u00e9sz\" \/>\n<meta property=\"article:publisher\" content=\"https:\/\/www.facebook.com\/Tajkertesz\/\" \/>\n<meta property=\"article:modified_time\" content=\"2026-02-18T15:16:05+00:00\" \/>\n<meta property=\"og:image\" content=\"https:\/\/tajkertesz.com\/wp-content\/uploads\/2021\/10\/20230116_115720-1-scaled.jpg\" \/>\n\t<meta property=\"og:image:width\" content=\"1476\" \/>\n\t<meta property=\"og:image:height\" content=\"2560\" \/>\n\t<meta property=\"og:image:type\" content=\"image\/jpeg\" \/>\n<meta name=\"twitter:card\" content=\"summary_large_image\" \/>\n<meta name=\"twitter:label1\" content=\"Est. reading time\" \/>\n\t<meta name=\"twitter:data1\" content=\"3 minutes\" \/>\n<script type=\"application\/ld+json\" class=\"yoast-schema-graph\">{\"@context\":\"https:\\\/\\\/schema.org\",\"@graph\":[{\"@type\":\"WebPage\",\"@id\":\"https:\\\/\\\/tajkertesz.com\\\/termek\\\/hagyma-borettana-voroshagyma\\\/\",\"url\":\"https:\\\/\\\/tajkertesz.com\\\/termek\\\/hagyma-borettana-voroshagyma\\\/\",\"name\":\"Hagyma Borettana v\u00f6r\u00f6shagyma vet\u0151mag - T\u00e1jkert\u00e9sz\",\"isPartOf\":{\"@id\":\"https:\\\/\\\/tajkertesz.com\\\/#website\"},\"primaryImageOfPage\":{\"@id\":\"https:\\\/\\\/tajkertesz.com\\\/termek\\\/hagyma-borettana-voroshagyma\\\/#primaryimage\"},\"image\":{\"@id\":\"https:\\\/\\\/tajkertesz.com\\\/termek\\\/hagyma-borettana-voroshagyma\\\/#primaryimage\"},\"thumbnailUrl\":\"https:\\\/\\\/tajkertesz.com\\\/wp-content\\\/uploads\\\/2021\\\/10\\\/20230116_115720-1-scaled.jpg\",\"datePublished\":\"2023-01-16T11:19:29+00:00\",\"dateModified\":\"2026-02-18T15:16:05+00:00\",\"description\":\"Hagyma Borettana v\u00f6r\u00f6shagyma vet\u0151mag nem melegig\u00e9nyes n\u00f6v\u00e9ny, teny\u00e9szid\u0151ben 17-19 fokos h\u0151m\u00e9rs\u00e9klet mellett fejl\u0151dik legszebben.\",\"breadcrumb\":{\"@id\":\"https:\\\/\\\/tajkertesz.com\\\/termek\\\/hagyma-borettana-voroshagyma\\\/#breadcrumb\"},\"inLanguage\":\"en-US\",\"potentialAction\":[{\"@type\":\"ReadAction\",\"target\":[\"https:\\\/\\\/tajkertesz.com\\\/termek\\\/hagyma-borettana-voroshagyma\\\/\"]}]},{\"@type\":\"ImageObject\",\"inLanguage\":\"en-US\",\"@id\":\"https:\\\/\\\/tajkertesz.com\\\/termek\\\/hagyma-borettana-voroshagyma\\\/#primaryimage\",\"url\":\"https:\\\/\\\/tajkertesz.com\\\/wp-content\\\/uploads\\\/2021\\\/10\\\/20230116_115720-1-scaled.jpg\",\"contentUrl\":\"https:\\\/\\\/tajkertesz.com\\\/wp-content\\\/uploads\\\/2021\\\/10\\\/20230116_115720-1-scaled.jpg\",\"width\":1476,\"height\":2560},{\"@type\":\"BreadcrumbList\",\"@id\":\"https:\\\/\\\/tajkertesz.com\\\/termek\\\/hagyma-borettana-voroshagyma\\\/#breadcrumb\",\"itemListElement\":[{\"@type\":\"ListItem\",\"position\":1,\"name\":\"Home\",\"item\":\"https:\\\/\\\/tajkertesz.com\\\/\"},{\"@type\":\"ListItem\",\"position\":2,\"name\":\"Kezd\u0151lap\",\"item\":\"https:\\\/\\\/tajkertesz.com\\\/\"},{\"@type\":\"ListItem\",\"position\":3,\"name\":\"Hagyma Borettana v\u00f6r\u00f6shagyma vet\u0151mag\"}]},{\"@type\":\"WebSite\",\"@id\":\"https:\\\/\\\/tajkertesz.com\\\/#website\",\"url\":\"https:\\\/\\\/tajkertesz.com\\\/\",\"name\":\"T\u00e1j-Kert\u00e9sz 84 Kft.\",\"description\":\"Kert\u00e9szeti kis- \u00e9s nagykeresked\u00e9s, D\u00edszn\u00f6v\u00e9ny web\u00e1ruh\u00e1z orsz\u00e1gos h\u00e1zhozsz\u00e1ll\u00edt\u00e1ssal!\",\"publisher\":{\"@id\":\"https:\\\/\\\/tajkertesz.com\\\/#organization\"},\"potentialAction\":[{\"@type\":\"SearchAction\",\"target\":{\"@type\":\"EntryPoint\",\"urlTemplate\":\"https:\\\/\\\/tajkertesz.com\\\/?s={search_term_string}\"},\"query-input\":{\"@type\":\"PropertyValueSpecification\",\"valueRequired\":true,\"valueName\":\"search_term_string\"}}],\"inLanguage\":\"en-US\"},{\"@type\":\"Organization\",\"@id\":\"https:\\\/\\\/tajkertesz.com\\\/#organization\",\"name\":\"T\u00e1j-Kert\u00e9sz 84 Kft.\",\"url\":\"https:\\\/\\\/tajkertesz.com\\\/\",\"logo\":{\"@type\":\"ImageObject\",\"inLanguage\":\"en-US\",\"@id\":\"https:\\\/\\\/tajkertesz.com\\\/#\\\/schema\\\/logo\\\/image\\\/\",\"url\":\"https:\\\/\\\/tajkertesz.com\\\/wp-content\\\/uploads\\\/2018\\\/02\\\/logo-2-e1518678052539.png\",\"contentUrl\":\"https:\\\/\\\/tajkertesz.com\\\/wp-content\\\/uploads\\\/2018\\\/02\\\/logo-2-e1518678052539.png\",\"width\":81,\"height\":140,\"caption\":\"T\u00e1j-Kert\u00e9sz 84 Kft.\"},\"image\":{\"@id\":\"https:\\\/\\\/tajkertesz.com\\\/#\\\/schema\\\/logo\\\/image\\\/\"},\"sameAs\":[\"https:\\\/\\\/www.facebook.com\\\/Tajkertesz\\\/\"]}]}<\/script>\n<!-- \/ Yoast SEO plugin. -->","yoast_head_json":{"title":"Hagyma Borettana v\u00f6r\u00f6shagyma vet\u0151mag - T\u00e1jkert\u00e9sz","description":"Hagyma Borettana v\u00f6r\u00f6shagyma vet\u0151mag nem melegig\u00e9nyes n\u00f6v\u00e9ny, teny\u00e9szid\u0151ben 17-19 fokos h\u0151m\u00e9rs\u00e9klet mellett fejl\u0151dik legszebben.","robots":{"index":"index","follow":"follow","max-snippet":"max-snippet:-1","max-image-preview":"max-image-preview:large","max-video-preview":"max-video-preview:-1"},"canonical":"https:\/\/tajkertesz.com\/en_US\/product\/hagyma-borettana-voroshagyma\/","og_locale":"en_US","og_type":"article","og_title":"Hagyma Borettana v\u00f6r\u00f6shagyma vet\u0151mag - T\u00e1jkert\u00e9sz","og_description":"Hagyma Borettana v\u00f6r\u00f6shagyma vet\u0151mag nem melegig\u00e9nyes n\u00f6v\u00e9ny, teny\u00e9szid\u0151ben 17-19 fokos h\u0151m\u00e9rs\u00e9klet mellett fejl\u0151dik legszebben.","og_url":"https:\/\/tajkertesz.com\/en_US\/product\/hagyma-borettana-voroshagyma\/","og_site_name":"T\u00e1jkert\u00e9sz","article_publisher":"https:\/\/www.facebook.com\/Tajkertesz\/","article_modified_time":"2026-02-18T15:16:05+00:00","og_image":[{"width":1476,"height":2560,"url":"https:\/\/tajkertesz.com\/wp-content\/uploads\/2021\/10\/20230116_115720-1-scaled.jpg","type":"image\/jpeg"}],"twitter_card":"summary_large_image","twitter_misc":{"Est. reading time":"3 minutes"},"schema":{"@context":"https:\/\/schema.org","@graph":[{"@type":"WebPage","@id":"https:\/\/tajkertesz.com\/termek\/hagyma-borettana-voroshagyma\/","url":"https:\/\/tajkertesz.com\/termek\/hagyma-borettana-voroshagyma\/","name":"Hagyma Borettana v\u00f6r\u00f6shagyma vet\u0151mag - T\u00e1jkert\u00e9sz","isPartOf":{"@id":"https:\/\/tajkertesz.com\/#website"},"primaryImageOfPage":{"@id":"https:\/\/tajkertesz.com\/termek\/hagyma-borettana-voroshagyma\/#primaryimage"},"image":{"@id":"https:\/\/tajkertesz.com\/termek\/hagyma-borettana-voroshagyma\/#primaryimage"},"thumbnailUrl":"https:\/\/tajkertesz.com\/wp-content\/uploads\/2021\/10\/20230116_115720-1-scaled.jpg","datePublished":"2023-01-16T11:19:29+00:00","dateModified":"2026-02-18T15:16:05+00:00","description":"Hagyma Borettana v\u00f6r\u00f6shagyma vet\u0151mag nem melegig\u00e9nyes n\u00f6v\u00e9ny, teny\u00e9szid\u0151ben 17-19 fokos h\u0151m\u00e9rs\u00e9klet mellett fejl\u0151dik legszebben.","breadcrumb":{"@id":"https:\/\/tajkertesz.com\/termek\/hagyma-borettana-voroshagyma\/#breadcrumb"},"inLanguage":"en-US","potentialAction":[{"@type":"ReadAction","target":["https:\/\/tajkertesz.com\/termek\/hagyma-borettana-voroshagyma\/"]}]},{"@type":"ImageObject","inLanguage":"en-US","@id":"https:\/\/tajkertesz.com\/termek\/hagyma-borettana-voroshagyma\/#primaryimage","url":"https:\/\/tajkertesz.com\/wp-content\/uploads\/2021\/10\/20230116_115720-1-scaled.jpg","contentUrl":"https:\/\/tajkertesz.com\/wp-content\/uploads\/2021\/10\/20230116_115720-1-scaled.jpg","width":1476,"height":2560},{"@type":"BreadcrumbList","@id":"https:\/\/tajkertesz.com\/termek\/hagyma-borettana-voroshagyma\/#breadcrumb","itemListElement":[{"@type":"ListItem","position":1,"name":"Home","item":"https:\/\/tajkertesz.com\/"},{"@type":"ListItem","position":2,"name":"Kezd\u0151lap","item":"https:\/\/tajkertesz.com\/"},{"@type":"ListItem","position":3,"name":"Hagyma Borettana v\u00f6r\u00f6shagyma vet\u0151mag"}]},{"@type":"WebSite","@id":"https:\/\/tajkertesz.com\/#website","url":"https:\/\/tajkertesz.com\/","name":"T\u00e1j-Kert\u00e9sz 84 Kft.","description":"Kert\u00e9szeti kis- \u00e9s nagykeresked\u00e9s, D\u00edszn\u00f6v\u00e9ny web\u00e1ruh\u00e1z orsz\u00e1gos h\u00e1zhozsz\u00e1ll\u00edt\u00e1ssal!","publisher":{"@id":"https:\/\/tajkertesz.com\/#organization"},"potentialAction":[{"@type":"SearchAction","target":{"@type":"EntryPoint","urlTemplate":"https:\/\/tajkertesz.com\/?s={search_term_string}"},"query-input":{"@type":"PropertyValueSpecification","valueRequired":true,"valueName":"search_term_string"}}],"inLanguage":"en-US"},{"@type":"Organization","@id":"https:\/\/tajkertesz.com\/#organization","name":"T\u00e1j-Kert\u00e9sz 84 Kft.","url":"https:\/\/tajkertesz.com\/","logo":{"@type":"ImageObject","inLanguage":"en-US","@id":"https:\/\/tajkertesz.com\/#\/schema\/logo\/image\/","url":"https:\/\/tajkertesz.com\/wp-content\/uploads\/2018\/02\/logo-2-e1518678052539.png","contentUrl":"https:\/\/tajkertesz.com\/wp-content\/uploads\/2018\/02\/logo-2-e1518678052539.png","width":81,"height":140,"caption":"T\u00e1j-Kert\u00e9sz 84 Kft."},"image":{"@id":"https:\/\/tajkertesz.com\/#\/schema\/logo\/image\/"},"sameAs":["https:\/\/www.facebook.com\/Tajkertesz\/"]}]}},"_links":{"self":[{"href":"https:\/\/tajkertesz.com\/en_US\/wp-json\/wp\/v2\/product\/14710","targetHints":{"allow":["GET"]}}],"collection":[{"href":"https:\/\/tajkertesz.com\/en_US\/wp-json\/wp\/v2\/product"}],"about":[{"href":"https:\/\/tajkertesz.com\/en_US\/wp-json\/wp\/v2\/types\/product"}],"wp:featuredmedia":[{"embeddable":true,"href":"https:\/\/tajkertesz.com\/en_US\/wp-json\/wp\/v2\/media\/14702"}],"wp:attachment":[{"href":"https:\/\/tajkertesz.com\/en_US\/wp-json\/wp\/v2\/media?parent=14710"}],"wp:term":[{"taxonomy":"product_brand","embeddable":true,"href":"https:\/\/tajkertesz.com\/en_US\/wp-json\/wp\/v2\/product_brand?post=14710"},{"taxonomy":"product_cat","embeddable":true,"href":"https:\/\/tajkertesz.com\/en_US\/wp-json\/wp\/v2\/product_cat?post=14710"},{"taxonomy":"product_tag","embeddable":true,"href":"https:\/\/tajkertesz.com\/en_US\/wp-json\/wp\/v2\/product_tag?post=14710"}],"curies":[{"name":"wp","href":"https:\/\/api.w.org\/{rel}","templated":true}]}}