{"id":1472,"date":"2020-03-26T06:50:21","date_gmt":"2020-03-26T06:50:21","guid":{"rendered":"https:\/\/tajkertesz.com\/?post_type=product&#038;p=1472"},"modified":"2026-02-25T14:00:56","modified_gmt":"2026-02-25T14:00:56","slug":"pyracantha-teton-tuztovis-narancssarga-bogyos","status":"publish","type":"product","link":"https:\/\/tajkertesz.com\/en_US\/product\/pyracantha-teton-tuztovis-narancssarga-bogyos\/","title":{"rendered":"Pyracantha &#8216;Teton&#8217; , T\u0171zt\u00f6vis narancss\u00e1rga bogy\u00f3s"},"content":{"rendered":"<p>Pyracantha &#8216;Teton&#8217; , T\u0171zt\u00f6vis narancss\u00e1rga bogy\u00f3s<\/p>\n<p>A Pyracantha &#8216;Teton&#8217; , T\u0171zt\u00f6vis narancss\u00e1rga bogy\u00f3s 1,5 m\u00e9ter magasra n\u00f6v\u0151,\u00a0 \u00e1ttelel\u0151 lomb\u00fa cserje.<\/p>\n<p>S\u0171r\u0171 \u00e9s t\u00fcsk\u00e9s \u00e1grendszere \u00e1thatolhatatlan akad\u00e1lyt k\u00e9pez, ez\u00e9rt \u00e9rdemes rendszeres ny\u00edr\u00e1ssal s\u00f6v\u00e9nyt nevelni bel\u0151le.<\/p>\n<p>Szoliterk\u00e9nt is \u00fcltethet\u0151.<\/p>\n<p style=\"line-height: 18.0pt; background: white; margin: 0cm 0cm 15.0pt 0cm;\"><span style=\"font-family: 'Ubuntu',serif; color: black;\">El\u00e9rhet\u0151 t\u00f6bbf\u00e9le m\u00e9retben \u00e9s \u00e1rban.<\/span><\/p>\n<p style=\"line-height: 18.0pt; background: white; margin: 0cm 0cm 15.0pt 0cm;\"><b><span style=\"font-family: 'Ubuntu',serif; color: black;\">K\u00e9szlet\u00fcnk napi szinten v\u00e1ltozik, ez\u00e9rt k\u00e9rj\u00fck, \u00e9rdekl\u0151dj\u00f6n szem\u00e9lyesen, telefonon vagy email-en.<br \/>\nA v\u00e1ltoztat\u00e1s jog\u00e1t fenntartjuk!\u00a0<\/span><\/b><\/p>\n<p><a href=\"https:\/\/tajkertesz.com\/\">https:\/\/tajkertesz.com\/<\/a><\/p>\n<p><a href=\"https:\/\/hu.wikipedia.org\/wiki\/T%C5%B1zt%C3%B6vis\">https:\/\/hu.wikipedia.org\/wiki\/T%C5%B1zt%C3%B6vis<\/a><\/p>\n<p><span style=\"color: #ffffff;\">A\u00a0<b>t\u0171zt\u00f6vis<\/b>\u00a0<i>(Pyracantha)<\/i>\u00a0a r\u00f3zsaf\u00e9l\u00e9k csal\u00e1dj\u00e1ba tartoz\u00f3 kb. 10 fajt sz\u00e1ml\u00e1l\u00f3 nemzets\u00e9g. A fajok\u00a0<a style=\"color: #ffffff;\" title=\"D\u00e9l-Eur\u00f3pa\" href=\"https:\/\/hu.wikipedia.org\/wiki\/D%C3%A9l-Eur%C3%B3pa\">D\u00e9l-Eur\u00f3p\u00e1ban<\/a>,\u00a0<a class=\"mw-redirect\" style=\"color: #ffffff;\" title=\"Kis-\u00c1zsia\" href=\"https:\/\/hu.wikipedia.org\/wiki\/Kis-%C3%81zsia\">Kis-\u00c1zsi\u00e1ban<\/a>, \u00e9s a\u00a0<a style=\"color: #ffffff;\" title=\"Himal\u00e1ja\" href=\"https:\/\/hu.wikipedia.org\/wiki\/Himal%C3%A1ja\">Himal\u00e1j\u00e1n<\/a>\u00a0kereszt\u00fcl K\u00f6z\u00e9p-<a style=\"color: #ffffff;\" title=\"K\u00edna\" href=\"https:\/\/hu.wikipedia.org\/wiki\/K%C3%ADna\">K\u00edn\u00e1ig<\/a>\u00a0honosak. Legismertebb a\u00a0<a style=\"color: #ffffff;\" title=\"K\u00f6z\u00f6ns\u00e9ges t\u0171zt\u00f6vis\" href=\"https:\/\/hu.wikipedia.org\/wiki\/K%C3%B6z%C3%B6ns%C3%A9ges_t%C5%B1zt%C3%B6vis\">k\u00f6z\u00f6ns\u00e9ges t\u0171zt\u00f6vis<\/a>\u00a0<i>(Pyracantha coccinea)<\/i>\u00a0mely d\u00edszcserjek\u00e9nt f\u0151leg \u0151szi sz\u00ednes term\u00e9s\u00e9vel d\u00edsz\u00edt. Az 1970-es \u00e9vekig nem volt gyakori a kertekben, mert akkor m\u00e9g nem voltak faggyal szemben ellen\u00e1ll\u00f3 fajt\u00e1k, illetve a\u00a0<a class=\"new\" style=\"color: #ffffff;\" title=\"Varasod\u00e1s (a lap nem l\u00e9tezik)\" href=\"https:\/\/hu.wikipedia.org\/w\/index.php?title=Varasod%C3%A1s&amp;action=edit&amp;redlink=1\">varasod\u00e1s<\/a>\u00a0<i>(Spilocea\/<a class=\"new\" style=\"color: #ffffff;\" title=\"Venturia pyracanthae (a lap nem l\u00e9tezik)\" href=\"https:\/\/hu.wikipedia.org\/w\/index.php?title=Venturia_pyracanthae&amp;action=edit&amp;redlink=1\">Venturia pyracanthae<\/a>)<\/i>\u00a0\u00e9s az ervini\u00e1s\u00a0<a style=\"color: #ffffff;\" title=\"T\u0171zelhal\u00e1s\" href=\"https:\/\/hu.wikipedia.org\/wiki\/T%C5%B1zelhal%C3%A1s\">t\u0171zelhal\u00e1s<\/a>\u00a0<i>(<a class=\"mw-redirect\" style=\"color: #ffffff;\" title=\"Erwinia amylovora\" href=\"https:\/\/hu.wikipedia.org\/wiki\/Erwinia_amylovora\">Erwinia amylovora<\/a>)<\/i>\u00a0is k\u00e1ros\u00edtotta, puszt\u00edtotta a n\u00f6v\u00e9nyeket. Manaps\u00e1g az ellen\u00e1ll\u00f3 hibrid fajt\u00e1knak k\u00f6sz\u00f6nhet\u0151en az egyik legkedveltebb d\u00edszcserje.<\/span><\/p>\n<p><span style=\"color: #ffffff;\">\u00d6r\u00f6kz\u00f6ld, t\u00f6vises cserj\u00e9k.\u00a0<a style=\"color: #ffffff;\" title=\"Lev\u00e9l (botanika)\" href=\"https:\/\/hu.wikipedia.org\/wiki\/Lev%C3%A9l_(botanika)\">Leveleik<\/a>\u00a0egyszer\u0171ek, elliptikus vagy toj\u00e1sdad alak\u00faak, sz\u00e9l\u00fck \u00e9p, csipk\u00e9s vagy f\u0171r\u00e9szes.\u00a0<a style=\"color: #ffffff;\" title=\"Vir\u00e1gzat\" href=\"https:\/\/hu.wikipedia.org\/wiki\/Vir%C3%A1gzat\">Vir\u00e1gzata<\/a>\u00a0s\u00e1tor vagy buga, melyet kis, feh\u00e9r szirm\u00fa vir\u00e1gok alkotnak. Tavasz v\u00e9g\u00e9n \u00e9s ny\u00e1r elej\u00e9n vir\u00e1gzik.\u00a0<a style=\"color: #ffffff;\" title=\"Term\u00e9s\" href=\"https:\/\/hu.wikipedia.org\/wiki\/Term%C3%A9s\">Term\u00e9se<\/a>\u00a0piros, narancssz\u00edn\u0171 vagy s\u00e1rga csont\u00e1ralma, mely sok\u00e1ig a cserj\u00e9n marad.<\/span><\/p>\n<p><span style=\"color: #ffffff;\"><a style=\"color: #ffffff;\" title=\"Vir\u00e1g (botanika)\" href=\"https:\/\/hu.wikipedia.org\/wiki\/Vir%C3%A1g_(botanika)\">Vir\u00e1gai<\/a>\u00a0j\u00f3 m\u00e9zel\u0151k, term\u00e9sei viszont\u00a0<a class=\"new\" style=\"color: #ffffff;\" title=\"Ci\u00e1nglikozid (a lap nem l\u00e9tezik)\" href=\"https:\/\/hu.wikipedia.org\/w\/index.php?title=Ci%C3%A1nglikozid&amp;action=edit&amp;redlink=1\">ci\u00e1nglikozidot<\/a>\u00a0tartalmaznak, ez\u00e9rt nagy mennyis\u00e9gben nyersen fogyasztva m\u00e9rgez\u0151ek.<\/span><\/p>\n<p><span style=\"color: #ffffff;\">Az alapfajok fagy\u00e9rz\u00e9kenyek, \u00edgy azok \u00fcltet\u00e9se nem aj\u00e1nlott. Talajban nem v\u00e1logat\u00f3sak, de pang\u00f3 vizes helyre \u00e9s szikes homokra nem val\u00f3k. J\u00f3 sz\u00e1razs\u00e1gt\u0171r\u0151k, a napos helyeket kedvelik. A metsz\u00e9st j\u00f3l t\u0171rik, de az \u00e1t\u00fcltet\u00e9st nem, a gy\u00f6kerek s\u00e9r\u00fcl\u00e9sei miatt elpusztulhanak.<\/span><\/p>","protected":false},"excerpt":{"rendered":"<p>A Pyracantha &#8216;Teton&#8217; , T\u0171zt\u00f6vis narancss\u00e1rga bogy\u00f3s 1,5 m\u00e9ter magasra n\u00f6v\u0151,\u00a0 \u00e1ttelel\u0151 lomb\u00fa cserje.<\/p>\n<p>S\u0171r\u0171 \u00e9s t\u00fcsk\u00e9s \u00e1grendszere \u00e1thatolhatatlan akad\u00e1lyt k\u00e9pez, ez\u00e9rt \u00e9rdemes rendszeres ny\u00edr\u00e1ssal s\u00f6v\u00e9nyt nevelni bel\u0151le.<\/p>\n<p>Szoliterk\u00e9nt is \u00fcltethet\u0151.<\/p>","protected":false},"featured_media":1476,"template":"","meta":{"_et_pb_use_builder":"","_et_pb_old_content":"","_et_gb_content_width":""},"product_brand":[],"product_cat":[27],"product_tag":[366,350,365,361],"class_list":{"0":"post-1472","1":"product","2":"type-product","3":"status-publish","4":"has-post-thumbnail","6":"product_cat-cserjek","7":"product_tag-bogyos","8":"product_tag-narancssarga","9":"product_tag-pyracantha-teton","10":"product_tag-tuztovis","12":"first","13":"instock","14":"shipping-taxable","15":"purchasable","16":"product-type-simple"},"yoast_head":"<!-- This site is optimized with the Yoast SEO plugin v27.3 - https:\/\/yoast.com\/product\/yoast-seo-wordpress\/ -->\n<title>Pyracantha &#039;Teton&#039; , T\u0171zt\u00f6vis narancss\u00e1rga bogy\u00f3s - T\u00e1jkert\u00e9sz<\/title>\n<meta name=\"description\" content=\"A Pyracantha &#039;Teton&#039; , T\u0171zt\u00f6vis narancss\u00e1rga bogy\u00f3s 1,5 m\u00e9ter magasra n\u00f6v\u0151,\u00a0 \u00e1ttelel\u0151 lomb\u00fa cserje.S\u0171r\u0171 \u00e9s t\u00fcsk\u00e9s \u00e1grendszere \u00e1thatolhatatlan akad\u00e1lyt k\u00e9pez.\" \/>\n<meta name=\"robots\" content=\"index, follow, max-snippet:-1, max-image-preview:large, max-video-preview:-1\" \/>\n<link rel=\"canonical\" href=\"https:\/\/tajkertesz.com\/en_US\/product\/pyracantha-teton-tuztovis-narancssarga-bogyos\/\" \/>\n<meta property=\"og:locale\" content=\"en_US\" \/>\n<meta property=\"og:type\" content=\"article\" \/>\n<meta property=\"og:title\" content=\"Pyracantha &#039;Teton&#039; , T\u0171zt\u00f6vis narancss\u00e1rga bogy\u00f3s - T\u00e1jkert\u00e9sz\" \/>\n<meta property=\"og:description\" content=\"A Pyracantha &#039;Teton&#039; , T\u0171zt\u00f6vis narancss\u00e1rga bogy\u00f3s 1,5 m\u00e9ter magasra n\u00f6v\u0151,\u00a0 \u00e1ttelel\u0151 lomb\u00fa cserje.S\u0171r\u0171 \u00e9s t\u00fcsk\u00e9s \u00e1grendszere \u00e1thatolhatatlan akad\u00e1lyt k\u00e9pez.\" \/>\n<meta property=\"og:url\" content=\"https:\/\/tajkertesz.com\/en_US\/product\/pyracantha-teton-tuztovis-narancssarga-bogyos\/\" \/>\n<meta property=\"og:site_name\" content=\"T\u00e1jkert\u00e9sz\" \/>\n<meta property=\"article:publisher\" content=\"https:\/\/www.facebook.com\/Tajkertesz\/\" \/>\n<meta property=\"article:modified_time\" content=\"2026-02-25T14:00:56+00:00\" \/>\n<meta property=\"og:image\" content=\"https:\/\/tajkertesz.com\/wp-content\/uploads\/2020\/03\/pyracantha-teton.jpg4_.jpg\" \/>\n\t<meta property=\"og:image:width\" content=\"1280\" \/>\n\t<meta property=\"og:image:height\" content=\"853\" \/>\n\t<meta property=\"og:image:type\" content=\"image\/jpeg\" \/>\n<meta name=\"twitter:card\" content=\"summary_large_image\" \/>\n<meta name=\"twitter:label1\" content=\"Est. reading time\" \/>\n\t<meta name=\"twitter:data1\" content=\"2 minutes\" \/>\n<script type=\"application\/ld+json\" class=\"yoast-schema-graph\">{\"@context\":\"https:\\\/\\\/schema.org\",\"@graph\":[{\"@type\":\"WebPage\",\"@id\":\"https:\\\/\\\/tajkertesz.com\\\/termek\\\/pyracantha-teton-tuztovis-narancssarga-bogyos\\\/\",\"url\":\"https:\\\/\\\/tajkertesz.com\\\/termek\\\/pyracantha-teton-tuztovis-narancssarga-bogyos\\\/\",\"name\":\"Pyracantha 'Teton' , T\u0171zt\u00f6vis narancss\u00e1rga bogy\u00f3s - T\u00e1jkert\u00e9sz\",\"isPartOf\":{\"@id\":\"https:\\\/\\\/tajkertesz.com\\\/#website\"},\"primaryImageOfPage\":{\"@id\":\"https:\\\/\\\/tajkertesz.com\\\/termek\\\/pyracantha-teton-tuztovis-narancssarga-bogyos\\\/#primaryimage\"},\"image\":{\"@id\":\"https:\\\/\\\/tajkertesz.com\\\/termek\\\/pyracantha-teton-tuztovis-narancssarga-bogyos\\\/#primaryimage\"},\"thumbnailUrl\":\"https:\\\/\\\/tajkertesz.com\\\/wp-content\\\/uploads\\\/2020\\\/03\\\/pyracantha-teton.jpg4_.jpg\",\"datePublished\":\"2020-03-26T06:50:21+00:00\",\"dateModified\":\"2026-02-25T14:00:56+00:00\",\"description\":\"A Pyracantha 'Teton' , T\u0171zt\u00f6vis narancss\u00e1rga bogy\u00f3s 1,5 m\u00e9ter magasra n\u00f6v\u0151,\u00a0 \u00e1ttelel\u0151 lomb\u00fa cserje.S\u0171r\u0171 \u00e9s t\u00fcsk\u00e9s \u00e1grendszere \u00e1thatolhatatlan akad\u00e1lyt k\u00e9pez.\",\"breadcrumb\":{\"@id\":\"https:\\\/\\\/tajkertesz.com\\\/termek\\\/pyracantha-teton-tuztovis-narancssarga-bogyos\\\/#breadcrumb\"},\"inLanguage\":\"en-US\",\"potentialAction\":[{\"@type\":\"ReadAction\",\"target\":[\"https:\\\/\\\/tajkertesz.com\\\/termek\\\/pyracantha-teton-tuztovis-narancssarga-bogyos\\\/\"]}]},{\"@type\":\"ImageObject\",\"inLanguage\":\"en-US\",\"@id\":\"https:\\\/\\\/tajkertesz.com\\\/termek\\\/pyracantha-teton-tuztovis-narancssarga-bogyos\\\/#primaryimage\",\"url\":\"https:\\\/\\\/tajkertesz.com\\\/wp-content\\\/uploads\\\/2020\\\/03\\\/pyracantha-teton.jpg4_.jpg\",\"contentUrl\":\"https:\\\/\\\/tajkertesz.com\\\/wp-content\\\/uploads\\\/2020\\\/03\\\/pyracantha-teton.jpg4_.jpg\",\"width\":1280,\"height\":853},{\"@type\":\"BreadcrumbList\",\"@id\":\"https:\\\/\\\/tajkertesz.com\\\/termek\\\/pyracantha-teton-tuztovis-narancssarga-bogyos\\\/#breadcrumb\",\"itemListElement\":[{\"@type\":\"ListItem\",\"position\":1,\"name\":\"Home\",\"item\":\"https:\\\/\\\/tajkertesz.com\\\/\"},{\"@type\":\"ListItem\",\"position\":2,\"name\":\"Kezd\u0151lap\",\"item\":\"https:\\\/\\\/tajkertesz.com\\\/\"},{\"@type\":\"ListItem\",\"position\":3,\"name\":\"Pyracantha &#8216;Teton&#8217; , T\u0171zt\u00f6vis narancss\u00e1rga bogy\u00f3s\"}]},{\"@type\":\"WebSite\",\"@id\":\"https:\\\/\\\/tajkertesz.com\\\/#website\",\"url\":\"https:\\\/\\\/tajkertesz.com\\\/\",\"name\":\"T\u00e1j-Kert\u00e9sz 84 Kft.\",\"description\":\"Kert\u00e9szeti kis- \u00e9s nagykeresked\u00e9s, D\u00edszn\u00f6v\u00e9ny web\u00e1ruh\u00e1z orsz\u00e1gos h\u00e1zhozsz\u00e1ll\u00edt\u00e1ssal!\",\"publisher\":{\"@id\":\"https:\\\/\\\/tajkertesz.com\\\/#organization\"},\"potentialAction\":[{\"@type\":\"SearchAction\",\"target\":{\"@type\":\"EntryPoint\",\"urlTemplate\":\"https:\\\/\\\/tajkertesz.com\\\/?s={search_term_string}\"},\"query-input\":{\"@type\":\"PropertyValueSpecification\",\"valueRequired\":true,\"valueName\":\"search_term_string\"}}],\"inLanguage\":\"en-US\"},{\"@type\":\"Organization\",\"@id\":\"https:\\\/\\\/tajkertesz.com\\\/#organization\",\"name\":\"T\u00e1j-Kert\u00e9sz 84 Kft.\",\"url\":\"https:\\\/\\\/tajkertesz.com\\\/\",\"logo\":{\"@type\":\"ImageObject\",\"inLanguage\":\"en-US\",\"@id\":\"https:\\\/\\\/tajkertesz.com\\\/#\\\/schema\\\/logo\\\/image\\\/\",\"url\":\"https:\\\/\\\/tajkertesz.com\\\/wp-content\\\/uploads\\\/2018\\\/02\\\/logo-2-e1518678052539.png\",\"contentUrl\":\"https:\\\/\\\/tajkertesz.com\\\/wp-content\\\/uploads\\\/2018\\\/02\\\/logo-2-e1518678052539.png\",\"width\":81,\"height\":140,\"caption\":\"T\u00e1j-Kert\u00e9sz 84 Kft.\"},\"image\":{\"@id\":\"https:\\\/\\\/tajkertesz.com\\\/#\\\/schema\\\/logo\\\/image\\\/\"},\"sameAs\":[\"https:\\\/\\\/www.facebook.com\\\/Tajkertesz\\\/\"]}]}<\/script>\n<!-- \/ Yoast SEO plugin. -->","yoast_head_json":{"title":"Pyracantha 'Teton' , T\u0171zt\u00f6vis narancss\u00e1rga bogy\u00f3s - T\u00e1jkert\u00e9sz","description":"A Pyracantha 'Teton' , T\u0171zt\u00f6vis narancss\u00e1rga bogy\u00f3s 1,5 m\u00e9ter magasra n\u00f6v\u0151,\u00a0 \u00e1ttelel\u0151 lomb\u00fa cserje.S\u0171r\u0171 \u00e9s t\u00fcsk\u00e9s \u00e1grendszere \u00e1thatolhatatlan akad\u00e1lyt k\u00e9pez.","robots":{"index":"index","follow":"follow","max-snippet":"max-snippet:-1","max-image-preview":"max-image-preview:large","max-video-preview":"max-video-preview:-1"},"canonical":"https:\/\/tajkertesz.com\/en_US\/product\/pyracantha-teton-tuztovis-narancssarga-bogyos\/","og_locale":"en_US","og_type":"article","og_title":"Pyracantha 'Teton' , T\u0171zt\u00f6vis narancss\u00e1rga bogy\u00f3s - T\u00e1jkert\u00e9sz","og_description":"A Pyracantha 'Teton' , T\u0171zt\u00f6vis narancss\u00e1rga bogy\u00f3s 1,5 m\u00e9ter magasra n\u00f6v\u0151,\u00a0 \u00e1ttelel\u0151 lomb\u00fa cserje.S\u0171r\u0171 \u00e9s t\u00fcsk\u00e9s \u00e1grendszere \u00e1thatolhatatlan akad\u00e1lyt k\u00e9pez.","og_url":"https:\/\/tajkertesz.com\/en_US\/product\/pyracantha-teton-tuztovis-narancssarga-bogyos\/","og_site_name":"T\u00e1jkert\u00e9sz","article_publisher":"https:\/\/www.facebook.com\/Tajkertesz\/","article_modified_time":"2026-02-25T14:00:56+00:00","og_image":[{"width":1280,"height":853,"url":"https:\/\/tajkertesz.com\/wp-content\/uploads\/2020\/03\/pyracantha-teton.jpg4_.jpg","type":"image\/jpeg"}],"twitter_card":"summary_large_image","twitter_misc":{"Est. reading time":"2 minutes"},"schema":{"@context":"https:\/\/schema.org","@graph":[{"@type":"WebPage","@id":"https:\/\/tajkertesz.com\/termek\/pyracantha-teton-tuztovis-narancssarga-bogyos\/","url":"https:\/\/tajkertesz.com\/termek\/pyracantha-teton-tuztovis-narancssarga-bogyos\/","name":"Pyracantha 'Teton' , T\u0171zt\u00f6vis narancss\u00e1rga bogy\u00f3s - T\u00e1jkert\u00e9sz","isPartOf":{"@id":"https:\/\/tajkertesz.com\/#website"},"primaryImageOfPage":{"@id":"https:\/\/tajkertesz.com\/termek\/pyracantha-teton-tuztovis-narancssarga-bogyos\/#primaryimage"},"image":{"@id":"https:\/\/tajkertesz.com\/termek\/pyracantha-teton-tuztovis-narancssarga-bogyos\/#primaryimage"},"thumbnailUrl":"https:\/\/tajkertesz.com\/wp-content\/uploads\/2020\/03\/pyracantha-teton.jpg4_.jpg","datePublished":"2020-03-26T06:50:21+00:00","dateModified":"2026-02-25T14:00:56+00:00","description":"A Pyracantha 'Teton' , T\u0171zt\u00f6vis narancss\u00e1rga bogy\u00f3s 1,5 m\u00e9ter magasra n\u00f6v\u0151,\u00a0 \u00e1ttelel\u0151 lomb\u00fa cserje.S\u0171r\u0171 \u00e9s t\u00fcsk\u00e9s \u00e1grendszere \u00e1thatolhatatlan akad\u00e1lyt k\u00e9pez.","breadcrumb":{"@id":"https:\/\/tajkertesz.com\/termek\/pyracantha-teton-tuztovis-narancssarga-bogyos\/#breadcrumb"},"inLanguage":"en-US","potentialAction":[{"@type":"ReadAction","target":["https:\/\/tajkertesz.com\/termek\/pyracantha-teton-tuztovis-narancssarga-bogyos\/"]}]},{"@type":"ImageObject","inLanguage":"en-US","@id":"https:\/\/tajkertesz.com\/termek\/pyracantha-teton-tuztovis-narancssarga-bogyos\/#primaryimage","url":"https:\/\/tajkertesz.com\/wp-content\/uploads\/2020\/03\/pyracantha-teton.jpg4_.jpg","contentUrl":"https:\/\/tajkertesz.com\/wp-content\/uploads\/2020\/03\/pyracantha-teton.jpg4_.jpg","width":1280,"height":853},{"@type":"BreadcrumbList","@id":"https:\/\/tajkertesz.com\/termek\/pyracantha-teton-tuztovis-narancssarga-bogyos\/#breadcrumb","itemListElement":[{"@type":"ListItem","position":1,"name":"Home","item":"https:\/\/tajkertesz.com\/"},{"@type":"ListItem","position":2,"name":"Kezd\u0151lap","item":"https:\/\/tajkertesz.com\/"},{"@type":"ListItem","position":3,"name":"Pyracantha &#8216;Teton&#8217; , T\u0171zt\u00f6vis narancss\u00e1rga bogy\u00f3s"}]},{"@type":"WebSite","@id":"https:\/\/tajkertesz.com\/#website","url":"https:\/\/tajkertesz.com\/","name":"T\u00e1j-Kert\u00e9sz 84 Kft.","description":"Kert\u00e9szeti kis- \u00e9s nagykeresked\u00e9s, D\u00edszn\u00f6v\u00e9ny web\u00e1ruh\u00e1z orsz\u00e1gos h\u00e1zhozsz\u00e1ll\u00edt\u00e1ssal!","publisher":{"@id":"https:\/\/tajkertesz.com\/#organization"},"potentialAction":[{"@type":"SearchAction","target":{"@type":"EntryPoint","urlTemplate":"https:\/\/tajkertesz.com\/?s={search_term_string}"},"query-input":{"@type":"PropertyValueSpecification","valueRequired":true,"valueName":"search_term_string"}}],"inLanguage":"en-US"},{"@type":"Organization","@id":"https:\/\/tajkertesz.com\/#organization","name":"T\u00e1j-Kert\u00e9sz 84 Kft.","url":"https:\/\/tajkertesz.com\/","logo":{"@type":"ImageObject","inLanguage":"en-US","@id":"https:\/\/tajkertesz.com\/#\/schema\/logo\/image\/","url":"https:\/\/tajkertesz.com\/wp-content\/uploads\/2018\/02\/logo-2-e1518678052539.png","contentUrl":"https:\/\/tajkertesz.com\/wp-content\/uploads\/2018\/02\/logo-2-e1518678052539.png","width":81,"height":140,"caption":"T\u00e1j-Kert\u00e9sz 84 Kft."},"image":{"@id":"https:\/\/tajkertesz.com\/#\/schema\/logo\/image\/"},"sameAs":["https:\/\/www.facebook.com\/Tajkertesz\/"]}]}},"_links":{"self":[{"href":"https:\/\/tajkertesz.com\/en_US\/wp-json\/wp\/v2\/product\/1472","targetHints":{"allow":["GET"]}}],"collection":[{"href":"https:\/\/tajkertesz.com\/en_US\/wp-json\/wp\/v2\/product"}],"about":[{"href":"https:\/\/tajkertesz.com\/en_US\/wp-json\/wp\/v2\/types\/product"}],"wp:featuredmedia":[{"embeddable":true,"href":"https:\/\/tajkertesz.com\/en_US\/wp-json\/wp\/v2\/media\/1476"}],"wp:attachment":[{"href":"https:\/\/tajkertesz.com\/en_US\/wp-json\/wp\/v2\/media?parent=1472"}],"wp:term":[{"taxonomy":"product_brand","embeddable":true,"href":"https:\/\/tajkertesz.com\/en_US\/wp-json\/wp\/v2\/product_brand?post=1472"},{"taxonomy":"product_cat","embeddable":true,"href":"https:\/\/tajkertesz.com\/en_US\/wp-json\/wp\/v2\/product_cat?post=1472"},{"taxonomy":"product_tag","embeddable":true,"href":"https:\/\/tajkertesz.com\/en_US\/wp-json\/wp\/v2\/product_tag?post=1472"}],"curies":[{"name":"wp","href":"https:\/\/api.w.org\/{rel}","templated":true}]}}