{"id":14733,"date":"2023-01-16T12:51:11","date_gmt":"2023-01-16T12:51:11","guid":{"rendered":"https:\/\/tajkertesz.com\/?post_type=product&#038;p=14733"},"modified":"2026-03-26T19:37:19","modified_gmt":"2026-03-26T19:37:19","slug":"uborka-mohikan-f1-hibrid","status":"publish","type":"product","link":"https:\/\/tajkertesz.com\/en_US\/product\/uborka-mohikan-f1-hibrid\/","title":{"rendered":"Uborka Mohik\u00e1n F1-Hibrid"},"content":{"rendered":"<h2>Uborka vet\u0151mag Mohik\u00e1n F1-Hibrid<\/h2>\n<p>Uborka vet\u0151mag Mohik\u00e1n F1-Hibrid K\u00f6z\u00e9pkorai, k\u00f6z\u00e9per\u0151s n\u00f6veked\u00e9s\u0171, t\u00falnyom\u00f3an n\u0151vir\u00e1g\u00fa hibrid konzervuborka. Term\u00e9se kiss\u00e9 karcs\u00fa, vil\u00e1gosz\u00f6ld, kesered\u00e9smentes. Peronoszp\u00f3r\u00e1val szemben ellen\u00e1ll\u00f3, lisztharmattal \u00e9s v\u00edrussal szemben toler\u00e1ns.<\/p>\n<p align=\"justify\"><b>A b\u0151s\u00e9ges fajtak\u00edn\u00e1latban a leg\u00e1ltal\u00e1nosabb a term\u00e9shossz alapj\u00e1n val\u00f3 csoportos\u00edt\u00e1s:<\/b><br \/>\nkonzervuborka (berak\u00f3, f\u00fcrt\u00f6s t\u00edpus): r\u00f6videbb 14 cm-n\u00e9l<br \/>\nf\u00e9lhossz\u00fa, vagy sal\u00e1ta t\u00edpus\u00fa: 14-30 cm<br \/>\nhossz\u00fa, vagy k\u00edgy\u00f3 t\u00edpus\u00fa: 30 cm f\u00f6l\u00f6tti.<\/p>\n<p align=\"justify\">A fajt\u00e1kat sz\u00e1mos egy\u00e9b tulajdons\u00e1guk alapj\u00e1n is megk\u00fcl\u00f6nb\u00f6ztetik egym\u00e1st\u00f3l:<\/p>\n<p align=\"justify\">a h\u00e9j sz\u00edne alapj\u00e1n:\u00a0<b>vil\u00e1gosz\u00f6ld \u00e9s s\u00f6t\u00e9tz\u00f6ld,<\/b><br \/>\na t\u00fcsk\u00e9k m\u00e9rete szerint:\u00a0<b>apr\u00f3t\u00fcsk\u00e9s \u00e9s szem\u00f6lcs\u00f6s,<\/b><br \/>\na term\u00e9s fel\u00fclete alapj\u00e1n:\u00a0<b>sima \u00e9s bord\u00e1zott.<\/b><br \/>\na termeszt\u00e9si hely szerint:\u00a0<b>hajtat\u00f3 \u00e9s szabadf\u00f6ldi.<\/b><\/p>\n<p align=\"justify\"><b>Hasznos tippek:<\/b><br \/>\nFigyelem: a tiszta n\u0151vir\u00e1g\u00fa, partenokarp- \u00e9s a kevert vir\u00e1g\u00fa fajt\u00e1kat szabadf\u00f6ld\u00f6n egym\u00e1st\u00f3l minimum 100 m izol\u00e1ci\u00f3s t\u00e1vols\u00e1gra kell vetni, k\u00fcl\u00f6nben \u00f6sszeporz\u00f3dnak \u00e9s deform\u00e1l\u00f3dott term\u00e9st hoznak. Ez\u00e9rt c\u00e9lszer\u0171bb ezeket a fajt\u00e1kat (Ritmo F1 \u00e9s Saturn F1) f\u00f3lia alatt termeszteni. Nagy term\u0151k\u00e9pess\u00e9g\u0171k, els\u0151sorban t\u00e1mrendszeres termeszt\u00e9si m\u00f3dszerrel hasznos\u00edthat\u00f3. A v\u00edzhi\u00e1nyban szenved\u0151 uborka vir\u00e1gai nem term\u00e9keny\u00fclnek, a fiatal, m\u00e1r fejl\u0151d\u0151 term\u00e9sek torzulnak, g\u00f6rb\u00fclnek. Az uborka kedveli a magas p\u00e1ratartalmat, forr\u00f3, sz\u00e1raz napokon a k\u00f6rnyezet\u00e9t is alaposan \u00f6nt\u00f6zz\u00fck be. A n\u00f6v\u00e9nyt\u00e1rs\u00edt\u00e1sokn\u00e1l az ubork\u00e1t a kukorica, bab, bors\u00f3, zeller, k\u00e1poszta, c\u00e9kla, hagyma szomsz\u00e9ds\u00e1g\u00e1ba vess\u00fck. Ne ker\u00fclj\u00f6n a paradicsom, burgonya \u00e9s a retek mell\u00e9!<\/p>\n<table cellspacing=\"0\">\n<tbody>\n<tr>\n<td valign=\"top\">Uborka\u00a0(Cucumis sativus)<\/td>\n<\/tr>\n<tr>\n<td colspan=\"2\">\n<table class=\"csoportinfo\" cellspacing=\"0\">\n<tbody>\n<tr class=\"csoportinfofejlec\">\n<td class=\"csoportinfofejlec\" width=\"15%\">magsz\u00e1m\/gramm<\/td>\n<td class=\"csoportinfofejlec\" width=\"19%\">vet\u0151magig\u00e9ny g\/10nm<\/td>\n<td class=\"csoportinfofejlec\" width=\"19%\">vet\u00e9sid\u0151<\/td>\n<td class=\"csoportinfofejlec\" width=\"15%\">vet\u00e9sm\u00e9lys\u00e9g cm<\/td>\n<td class=\"csoportinfofejlec\" width=\"17%\">sor- \u00e9s t\u0151t\u00e1vols\u00e1g cm<\/td>\n<td class=\"csoportinfofejlec\" width=\"15%\">cs\u00edr\u00e1z\u00e1si nap<br \/>\n20-22C fokon<\/td>\n<\/tr>\n<tr class=\"csoportinfotorzs\">\n<td class=\"csoportinfotorzs\">28-38<\/td>\n<td class=\"csoportinfotorzs\">1,5-2<\/td>\n<td class=\"csoportinfotorzs\">IV-V. h\u00f3nap<\/td>\n<td class=\"csoportinfotorzs\">2-3<\/td>\n<td class=\"csoportinfotorzs\">120 x 30<\/td>\n<td class=\"csoportinfotorzs\">6-10 nap<\/td>\n<\/tr>\n<\/tbody>\n<\/table>\n<\/td>\n<\/tr>\n<\/tbody>\n<\/table>\n<p><strong>K\u00e9szlet\u00fcnk napi szinten v\u00e1ltozik, ez\u00e9rt k\u00e9rj\u00fck, \u00e9rdekl\u0151dj\u00f6n szem\u00e9lyesen, telefonon vagy email-en.<br \/>\nA v\u00e1ltoztat\u00e1s jog\u00e1t fenntartjuk!\u00a0<\/strong><\/p>\n<p><a href=\"https:\/\/tajkertesz.com\/\">https:\/\/tajkertesz.com\/<\/a><\/p>\n<p><a href=\"https:\/\/www.facebook.com\/tajkertesz\/\">https:\/\/www.facebook.com\/tajkertesz\/<\/a><\/p>\n<p>Kisz\u00e1ll\u00edt\u00e1s: 200cm-ig \u00a0\u00e9s 40 kg-ig a sz\u00e1ll\u00edt\u00e1s fut\u00e1rszolg\u00e1lattal \u00a0t\u00f6rt\u00e9nik!<\/p>\n<p>Szem\u00e9lyes \u00e1tv\u00e9tel nyitvatart\u00e1si id\u0151ben a 17. ker\u00fclet Bakancsos utca 7. sz\u00e1m alatti Kert\u00e9szeti \u00e1rud\u00e1ban<\/p>\n<p>&nbsp;<\/p>\n<p>Szem\u00e9lyes \u00e1tv\u00e9tel ak\u00e1r a mai napon, vagy h\u00e1zhozsz\u00e1ll\u00edt\u00e1s 1-2 napon bel\u00fcl!<\/p>\n<p>&nbsp;<\/p>\n<p>1173.Bp.Bakancsos u.7.<\/p>\n<p><a href=\"https:\/\/www.tajkertesz.com\/\">www.tajkertesz.com<\/a><\/p>\n<p>Kert\u00e9szeti kis-\u00e9s nagykeresked\u00e9s<\/p>","protected":false},"excerpt":{"rendered":"<h2>Uborka vet\u0151mag Mohik\u00e1n F1-Hibrid<\/h2>\n<div>MOHIK\u00c1N F1<\/div>\n<div><b>Peronoszp\u00f3ra ellen\u00e1ll\u00f3 hibrid!<\/b><br \/>\nK\u00f6z\u00e9pkorai, t\u00falnyom\u00f3an n\u0151vir\u00e1g\u00fa, k\u00f6z\u00e9per\u0151s n\u00f6veked\u00e9s\u0171 konzervuborka hibrid. Term\u00e9se kiss\u00e9 karcs\u00fa, vil\u00e1gosz\u00f6ld sz\u00edn\u0171, kesered\u00e9smentes. Peronoszp\u00f3ra ellen\u00e1ll\u00f3, lisztharmattal \u00e9s v\u00edrussal szemben toler\u00e1ns.<\/div>","protected":false},"featured_media":14723,"template":"","meta":{"_et_pb_use_builder":"","_et_pb_old_content":"","_et_gb_content_width":""},"product_brand":[],"product_cat":[2881],"product_tag":[4138],"class_list":{"0":"post-14733","1":"product","2":"type-product","3":"status-publish","4":"has-post-thumbnail","6":"product_cat-zoldsegnoveny-vetomagok","7":"product_tag-vetomagok","9":"first","10":"instock","11":"shipping-taxable","12":"purchasable","13":"product-type-simple"},"yoast_head":"<!-- This site is optimized with the Yoast SEO plugin v27.5 - https:\/\/yoast.com\/product\/yoast-seo-wordpress\/ -->\n<title>Uborka Mohik\u00e1n F1-Hibrid - T\u00e1jkert\u00e9sz<\/title>\n<meta name=\"description\" content=\"Uborka vet\u0151mag Mohik\u00e1n F1-Hibrid K\u00f6z\u00e9pkorai, k\u00f6z\u00e9per\u0151s n\u00f6veked\u00e9s\u0171, t\u00falnyom\u00f3an n\u0151vir\u00e1g\u00fa hibrid konzervuborka. Term\u00e9se kiss\u00e9 karcs\u00fa, vil\u00e1gosz\u00f6ld.\" \/>\n<meta name=\"robots\" content=\"index, follow, max-snippet:-1, max-image-preview:large, max-video-preview:-1\" \/>\n<link rel=\"canonical\" href=\"https:\/\/tajkertesz.com\/en_US\/product\/uborka-mohikan-f1-hibrid\/\" \/>\n<meta property=\"og:locale\" content=\"en_US\" \/>\n<meta property=\"og:type\" content=\"article\" \/>\n<meta property=\"og:title\" content=\"Uborka Mohik\u00e1n F1-Hibrid - T\u00e1jkert\u00e9sz\" \/>\n<meta property=\"og:description\" content=\"Uborka vet\u0151mag Mohik\u00e1n F1-Hibrid K\u00f6z\u00e9pkorai, k\u00f6z\u00e9per\u0151s n\u00f6veked\u00e9s\u0171, t\u00falnyom\u00f3an n\u0151vir\u00e1g\u00fa hibrid konzervuborka. Term\u00e9se kiss\u00e9 karcs\u00fa, vil\u00e1gosz\u00f6ld.\" \/>\n<meta property=\"og:url\" content=\"https:\/\/tajkertesz.com\/en_US\/product\/uborka-mohikan-f1-hibrid\/\" \/>\n<meta property=\"og:site_name\" content=\"T\u00e1jkert\u00e9sz\" \/>\n<meta property=\"article:publisher\" content=\"https:\/\/www.facebook.com\/Tajkertesz\/\" \/>\n<meta property=\"article:modified_time\" content=\"2026-03-26T19:37:19+00:00\" \/>\n<meta property=\"og:image\" content=\"https:\/\/tajkertesz.com\/wp-content\/uploads\/2023\/01\/20230116_131111-scaled.jpg\" \/>\n\t<meta property=\"og:image:width\" content=\"1440\" \/>\n\t<meta property=\"og:image:height\" content=\"2560\" \/>\n\t<meta property=\"og:image:type\" content=\"image\/jpeg\" \/>\n<meta name=\"twitter:card\" content=\"summary_large_image\" \/>\n<meta name=\"twitter:label1\" content=\"Est. reading time\" \/>\n\t<meta name=\"twitter:data1\" content=\"2 minutes\" \/>\n<script type=\"application\/ld+json\" class=\"yoast-schema-graph\">{\"@context\":\"https:\\\/\\\/schema.org\",\"@graph\":[{\"@type\":\"WebPage\",\"@id\":\"https:\\\/\\\/tajkertesz.com\\\/termek\\\/uborka-mohikan-f1-hibrid\\\/\",\"url\":\"https:\\\/\\\/tajkertesz.com\\\/termek\\\/uborka-mohikan-f1-hibrid\\\/\",\"name\":\"Uborka Mohik\u00e1n F1-Hibrid - T\u00e1jkert\u00e9sz\",\"isPartOf\":{\"@id\":\"https:\\\/\\\/tajkertesz.com\\\/#website\"},\"primaryImageOfPage\":{\"@id\":\"https:\\\/\\\/tajkertesz.com\\\/termek\\\/uborka-mohikan-f1-hibrid\\\/#primaryimage\"},\"image\":{\"@id\":\"https:\\\/\\\/tajkertesz.com\\\/termek\\\/uborka-mohikan-f1-hibrid\\\/#primaryimage\"},\"thumbnailUrl\":\"https:\\\/\\\/tajkertesz.com\\\/wp-content\\\/uploads\\\/2023\\\/01\\\/20230116_131111-scaled.jpg\",\"datePublished\":\"2023-01-16T12:51:11+00:00\",\"dateModified\":\"2026-03-26T19:37:19+00:00\",\"description\":\"Uborka vet\u0151mag Mohik\u00e1n F1-Hibrid K\u00f6z\u00e9pkorai, k\u00f6z\u00e9per\u0151s n\u00f6veked\u00e9s\u0171, t\u00falnyom\u00f3an n\u0151vir\u00e1g\u00fa hibrid konzervuborka. Term\u00e9se kiss\u00e9 karcs\u00fa, vil\u00e1gosz\u00f6ld.\",\"breadcrumb\":{\"@id\":\"https:\\\/\\\/tajkertesz.com\\\/termek\\\/uborka-mohikan-f1-hibrid\\\/#breadcrumb\"},\"inLanguage\":\"en-US\",\"potentialAction\":[{\"@type\":\"ReadAction\",\"target\":[\"https:\\\/\\\/tajkertesz.com\\\/termek\\\/uborka-mohikan-f1-hibrid\\\/\"]}]},{\"@type\":\"ImageObject\",\"inLanguage\":\"en-US\",\"@id\":\"https:\\\/\\\/tajkertesz.com\\\/termek\\\/uborka-mohikan-f1-hibrid\\\/#primaryimage\",\"url\":\"https:\\\/\\\/tajkertesz.com\\\/wp-content\\\/uploads\\\/2023\\\/01\\\/20230116_131111-scaled.jpg\",\"contentUrl\":\"https:\\\/\\\/tajkertesz.com\\\/wp-content\\\/uploads\\\/2023\\\/01\\\/20230116_131111-scaled.jpg\",\"width\":1440,\"height\":2560},{\"@type\":\"BreadcrumbList\",\"@id\":\"https:\\\/\\\/tajkertesz.com\\\/termek\\\/uborka-mohikan-f1-hibrid\\\/#breadcrumb\",\"itemListElement\":[{\"@type\":\"ListItem\",\"position\":1,\"name\":\"Home\",\"item\":\"https:\\\/\\\/tajkertesz.com\\\/\"},{\"@type\":\"ListItem\",\"position\":2,\"name\":\"Kezd\u0151lap\",\"item\":\"https:\\\/\\\/tajkertesz.com\\\/\"},{\"@type\":\"ListItem\",\"position\":3,\"name\":\"Uborka Mohik\u00e1n F1-Hibrid\"}]},{\"@type\":\"WebSite\",\"@id\":\"https:\\\/\\\/tajkertesz.com\\\/#website\",\"url\":\"https:\\\/\\\/tajkertesz.com\\\/\",\"name\":\"T\u00e1j-Kert\u00e9sz 84 Kft.\",\"description\":\"Kert\u00e9szeti kis- \u00e9s nagykeresked\u00e9s, D\u00edszn\u00f6v\u00e9ny web\u00e1ruh\u00e1z orsz\u00e1gos h\u00e1zhozsz\u00e1ll\u00edt\u00e1ssal!\",\"publisher\":{\"@id\":\"https:\\\/\\\/tajkertesz.com\\\/#organization\"},\"potentialAction\":[{\"@type\":\"SearchAction\",\"target\":{\"@type\":\"EntryPoint\",\"urlTemplate\":\"https:\\\/\\\/tajkertesz.com\\\/?s={search_term_string}\"},\"query-input\":{\"@type\":\"PropertyValueSpecification\",\"valueRequired\":true,\"valueName\":\"search_term_string\"}}],\"inLanguage\":\"en-US\"},{\"@type\":\"Organization\",\"@id\":\"https:\\\/\\\/tajkertesz.com\\\/#organization\",\"name\":\"T\u00e1j-Kert\u00e9sz 84 Kft.\",\"url\":\"https:\\\/\\\/tajkertesz.com\\\/\",\"logo\":{\"@type\":\"ImageObject\",\"inLanguage\":\"en-US\",\"@id\":\"https:\\\/\\\/tajkertesz.com\\\/#\\\/schema\\\/logo\\\/image\\\/\",\"url\":\"https:\\\/\\\/tajkertesz.com\\\/wp-content\\\/uploads\\\/2018\\\/02\\\/logo-2-e1518678052539.png\",\"contentUrl\":\"https:\\\/\\\/tajkertesz.com\\\/wp-content\\\/uploads\\\/2018\\\/02\\\/logo-2-e1518678052539.png\",\"width\":81,\"height\":140,\"caption\":\"T\u00e1j-Kert\u00e9sz 84 Kft.\"},\"image\":{\"@id\":\"https:\\\/\\\/tajkertesz.com\\\/#\\\/schema\\\/logo\\\/image\\\/\"},\"sameAs\":[\"https:\\\/\\\/www.facebook.com\\\/Tajkertesz\\\/\"]}]}<\/script>\n<!-- \/ Yoast SEO plugin. -->","yoast_head_json":{"title":"Uborka Mohik\u00e1n F1-Hibrid - T\u00e1jkert\u00e9sz","description":"Uborka vet\u0151mag Mohik\u00e1n F1-Hibrid K\u00f6z\u00e9pkorai, k\u00f6z\u00e9per\u0151s n\u00f6veked\u00e9s\u0171, t\u00falnyom\u00f3an n\u0151vir\u00e1g\u00fa hibrid konzervuborka. Term\u00e9se kiss\u00e9 karcs\u00fa, vil\u00e1gosz\u00f6ld.","robots":{"index":"index","follow":"follow","max-snippet":"max-snippet:-1","max-image-preview":"max-image-preview:large","max-video-preview":"max-video-preview:-1"},"canonical":"https:\/\/tajkertesz.com\/en_US\/product\/uborka-mohikan-f1-hibrid\/","og_locale":"en_US","og_type":"article","og_title":"Uborka Mohik\u00e1n F1-Hibrid - T\u00e1jkert\u00e9sz","og_description":"Uborka vet\u0151mag Mohik\u00e1n F1-Hibrid K\u00f6z\u00e9pkorai, k\u00f6z\u00e9per\u0151s n\u00f6veked\u00e9s\u0171, t\u00falnyom\u00f3an n\u0151vir\u00e1g\u00fa hibrid konzervuborka. Term\u00e9se kiss\u00e9 karcs\u00fa, vil\u00e1gosz\u00f6ld.","og_url":"https:\/\/tajkertesz.com\/en_US\/product\/uborka-mohikan-f1-hibrid\/","og_site_name":"T\u00e1jkert\u00e9sz","article_publisher":"https:\/\/www.facebook.com\/Tajkertesz\/","article_modified_time":"2026-03-26T19:37:19+00:00","og_image":[{"width":1440,"height":2560,"url":"https:\/\/tajkertesz.com\/wp-content\/uploads\/2023\/01\/20230116_131111-scaled.jpg","type":"image\/jpeg"}],"twitter_card":"summary_large_image","twitter_misc":{"Est. reading time":"2 minutes"},"schema":{"@context":"https:\/\/schema.org","@graph":[{"@type":"WebPage","@id":"https:\/\/tajkertesz.com\/termek\/uborka-mohikan-f1-hibrid\/","url":"https:\/\/tajkertesz.com\/termek\/uborka-mohikan-f1-hibrid\/","name":"Uborka Mohik\u00e1n F1-Hibrid - T\u00e1jkert\u00e9sz","isPartOf":{"@id":"https:\/\/tajkertesz.com\/#website"},"primaryImageOfPage":{"@id":"https:\/\/tajkertesz.com\/termek\/uborka-mohikan-f1-hibrid\/#primaryimage"},"image":{"@id":"https:\/\/tajkertesz.com\/termek\/uborka-mohikan-f1-hibrid\/#primaryimage"},"thumbnailUrl":"https:\/\/tajkertesz.com\/wp-content\/uploads\/2023\/01\/20230116_131111-scaled.jpg","datePublished":"2023-01-16T12:51:11+00:00","dateModified":"2026-03-26T19:37:19+00:00","description":"Uborka vet\u0151mag Mohik\u00e1n F1-Hibrid K\u00f6z\u00e9pkorai, k\u00f6z\u00e9per\u0151s n\u00f6veked\u00e9s\u0171, t\u00falnyom\u00f3an n\u0151vir\u00e1g\u00fa hibrid konzervuborka. Term\u00e9se kiss\u00e9 karcs\u00fa, vil\u00e1gosz\u00f6ld.","breadcrumb":{"@id":"https:\/\/tajkertesz.com\/termek\/uborka-mohikan-f1-hibrid\/#breadcrumb"},"inLanguage":"en-US","potentialAction":[{"@type":"ReadAction","target":["https:\/\/tajkertesz.com\/termek\/uborka-mohikan-f1-hibrid\/"]}]},{"@type":"ImageObject","inLanguage":"en-US","@id":"https:\/\/tajkertesz.com\/termek\/uborka-mohikan-f1-hibrid\/#primaryimage","url":"https:\/\/tajkertesz.com\/wp-content\/uploads\/2023\/01\/20230116_131111-scaled.jpg","contentUrl":"https:\/\/tajkertesz.com\/wp-content\/uploads\/2023\/01\/20230116_131111-scaled.jpg","width":1440,"height":2560},{"@type":"BreadcrumbList","@id":"https:\/\/tajkertesz.com\/termek\/uborka-mohikan-f1-hibrid\/#breadcrumb","itemListElement":[{"@type":"ListItem","position":1,"name":"Home","item":"https:\/\/tajkertesz.com\/"},{"@type":"ListItem","position":2,"name":"Kezd\u0151lap","item":"https:\/\/tajkertesz.com\/"},{"@type":"ListItem","position":3,"name":"Uborka Mohik\u00e1n F1-Hibrid"}]},{"@type":"WebSite","@id":"https:\/\/tajkertesz.com\/#website","url":"https:\/\/tajkertesz.com\/","name":"T\u00e1j-Kert\u00e9sz 84 Kft.","description":"Kert\u00e9szeti kis- \u00e9s nagykeresked\u00e9s, D\u00edszn\u00f6v\u00e9ny web\u00e1ruh\u00e1z orsz\u00e1gos h\u00e1zhozsz\u00e1ll\u00edt\u00e1ssal!","publisher":{"@id":"https:\/\/tajkertesz.com\/#organization"},"potentialAction":[{"@type":"SearchAction","target":{"@type":"EntryPoint","urlTemplate":"https:\/\/tajkertesz.com\/?s={search_term_string}"},"query-input":{"@type":"PropertyValueSpecification","valueRequired":true,"valueName":"search_term_string"}}],"inLanguage":"en-US"},{"@type":"Organization","@id":"https:\/\/tajkertesz.com\/#organization","name":"T\u00e1j-Kert\u00e9sz 84 Kft.","url":"https:\/\/tajkertesz.com\/","logo":{"@type":"ImageObject","inLanguage":"en-US","@id":"https:\/\/tajkertesz.com\/#\/schema\/logo\/image\/","url":"https:\/\/tajkertesz.com\/wp-content\/uploads\/2018\/02\/logo-2-e1518678052539.png","contentUrl":"https:\/\/tajkertesz.com\/wp-content\/uploads\/2018\/02\/logo-2-e1518678052539.png","width":81,"height":140,"caption":"T\u00e1j-Kert\u00e9sz 84 Kft."},"image":{"@id":"https:\/\/tajkertesz.com\/#\/schema\/logo\/image\/"},"sameAs":["https:\/\/www.facebook.com\/Tajkertesz\/"]}]}},"_links":{"self":[{"href":"https:\/\/tajkertesz.com\/en_US\/wp-json\/wp\/v2\/product\/14733","targetHints":{"allow":["GET"]}}],"collection":[{"href":"https:\/\/tajkertesz.com\/en_US\/wp-json\/wp\/v2\/product"}],"about":[{"href":"https:\/\/tajkertesz.com\/en_US\/wp-json\/wp\/v2\/types\/product"}],"wp:featuredmedia":[{"embeddable":true,"href":"https:\/\/tajkertesz.com\/en_US\/wp-json\/wp\/v2\/media\/14723"}],"wp:attachment":[{"href":"https:\/\/tajkertesz.com\/en_US\/wp-json\/wp\/v2\/media?parent=14733"}],"wp:term":[{"taxonomy":"product_brand","embeddable":true,"href":"https:\/\/tajkertesz.com\/en_US\/wp-json\/wp\/v2\/product_brand?post=14733"},{"taxonomy":"product_cat","embeddable":true,"href":"https:\/\/tajkertesz.com\/en_US\/wp-json\/wp\/v2\/product_cat?post=14733"},{"taxonomy":"product_tag","embeddable":true,"href":"https:\/\/tajkertesz.com\/en_US\/wp-json\/wp\/v2\/product_tag?post=14733"}],"curies":[{"name":"wp","href":"https:\/\/api.w.org\/{rel}","templated":true}]}}