{"id":14736,"date":"2023-01-16T13:19:41","date_gmt":"2023-01-16T13:19:41","guid":{"rendered":"https:\/\/tajkertesz.com\/?post_type=product&#038;p=14736"},"modified":"2024-07-18T13:40:23","modified_gmt":"2024-07-18T13:40:23","slug":"uborka-levina-f1-hibrid","status":"publish","type":"product","link":"https:\/\/tajkertesz.com\/en_US\/product\/uborka-levina-f1-hibrid\/","title":{"rendered":"Uborka Levina F1-Hibrid"},"content":{"rendered":"<h2>Uborka Levina F1-Hibrid<\/h2>\n<p>Berak\u00f3uborka vet\u0151mag<\/p>\n<p>Uborka\u00a0(Cucumis sativus)<\/p>\n<p>R\u00e9dei Kertimag<\/p>\n<p align=\"justify\"><b>A b\u0151s\u00e9ges fajtak\u00edn\u00e1latban a leg\u00e1ltal\u00e1nosabb a term\u00e9shossz alapj\u00e1n val\u00f3 csoportos\u00edt\u00e1s:<\/b><br \/>\nkonzervuborka (berak\u00f3, f\u00fcrt\u00f6s t\u00edpus): r\u00f6videbb 14 cm-n\u00e9l<br \/>\nf\u00e9lhossz\u00fa, vagy sal\u00e1ta t\u00edpus\u00fa: 14-30 cm<br \/>\nhossz\u00fa, vagy k\u00edgy\u00f3 t\u00edpus\u00fa: 30 cm f\u00f6l\u00f6tti.<\/p>\n<p align=\"justify\"><b>Oszt\u00e1lyoz\u00e1s vir\u00e1gz\u00e1si t\u00edpus szerint:<\/b>\u00a0A termeszt\u00e9s szempontj\u00e1b\u00f3l kiemelt fontoss\u00e1g\u00fa a termesztett uborkafajt\u00e1n a n\u0151t\u00edpus\u00fa \u00e9s a h\u00edmt\u00edpus\u00fa vir\u00e1gok ar\u00e1nya, ez alapj\u00e1n megk\u00fcl\u00f6nb\u00f6ztet\u00fcnk:\u00a0<b>a.) Vegyes vagy kevert vir\u00e1g\u00fa fajtat\u00edpus<\/b>\u00a0(monoikus): az als\u00f3 14-18 n\u00f3duszon csak h\u00edmvir\u00e1gok fejl\u0151dnek, majd ezt k\u00f6vet\u0151en egyre t\u00f6bb n\u0151vir\u00e1g jelenik meg a f\u0151hajt\u00e1s tov\u00e1bbi fejl\u0151d\u00e9se folyam\u00e1n (kevert vir\u00e1gz\u00e1s\u00fa szakasz), a h\u00f3naljhajt\u00e1sokon z\u00f6mmel n\u0151vir\u00e1gok fejl\u0151dnek.A vegyes vir\u00e1g\u00fa t\u00edpusba tartoz\u00f3 fajt\u00e1knak nagy lombjuk van, \u00e9s nagy a teny\u00e9szter\u00fclet ig\u00e9ny\u00fck is. Felt\u00e9tlen\u00fcl sz\u00fcks\u00e9ges a j\u00f3 beporz\u00e1s (m\u00e9hek). Ebbe a vir\u00e1g\u00fa t\u00edpusba tartoznak a r\u00e9gi fajt\u00e1ink. Az eml\u00edtett nagy lombter\u00fcletet fejlesztve, viszonylag kevesebb term\u00e9ssel (Marketmore, Szenz\u00e1ci\u00f3).<br \/>\n<b>b.) Tiszta n\u0151vir\u00e1g\u00fa, azaz teljesen n\u0151vir\u00e1g\u00fa fajtat\u00edpus<\/b>\u00a0(gynoikus): h\u00edmvir\u00e1g k\u00e9pz\u00e9s csak az els\u0151 n\u00f3duszon fordulhat el\u0151, a vir\u00e1gok gyakran csokrosan k\u00e9pz\u0151dnek, s ez tov\u00e1bb fokozza e t\u00edpusok nagy term\u0151k\u00e9pess\u00e9g\u00e9t. Gyeng\u00e9bb, vegetat\u00edv n\u00f6veked\u00e9s, nagy term\u0151k\u00e9pess\u00e9g jellemzi ezt a vir\u00e1gz\u00e1s habitust. Ilyen fajta p\u00e9ld\u00e1ul a Ritmo F1 \u00e9s a Saturn F1 k\u00edgy\u00f3uborka. Ezek a fajt\u00e1k nagyon intenz\u00edv termeszt\u00e9si felt\u00e9teleket k\u00edv\u00e1nnak.<br \/>\n<b>c.) T\u00falnyom\u00f3an n\u0151vir\u00e1g\u00fa fajtat\u00edpus:<\/b>\u00a0a vir\u00e1gk\u00e9pz\u00e9s h\u00edmvir\u00e1gokkal kezd\u0151dik, majd a 4. vagy a 7. vagy ak\u00e1r a 10. n\u00f3dusz ut\u00e1n a n\u00f6v\u00e9ny \u00e1tv\u00e1lt a n\u0151vir\u00e1gok k\u00e9pz\u00e9s\u00e9re, \u00e9s ezt k\u00f6vet\u0151en csak n\u0151vir\u00e1gok k\u00e9pz\u0151dnek. A h\u00f3naljhajt\u00e1sokon n\u0151vir\u00e1gok k\u00e9pz\u0151dnek. A nagy term\u0151k\u00e9pess\u00e9g\u0171 berak\u00f3uborka-fajt\u00e1k t\u00f6bbs\u00e9ge ebbe a vir\u00e1gz\u00e1si t\u00edpusba tartozik. Ezek a fajt\u00e1k intenz\u00edv m\u0171vel\u00e9st k\u00edv\u00e1nnak. P\u00e9ld\u00e1ul: Charlotte F1, Ornello F1, Megyer F1, Kolumbusz F1.<\/p>\n<p><strong>K\u00e9szlet\u00fcnk napi szinten v\u00e1ltozik, ez\u00e9rt k\u00e9rj\u00fck, \u00e9rdekl\u0151dj\u00f6n szem\u00e9lyesen, telefonon vagy email-en.<br \/>\nA v\u00e1ltoztat\u00e1s jog\u00e1t fenntartjuk!\u00a0<\/strong><\/p>\n<p><a href=\"https:\/\/tajkertesz.com\/\">https:\/\/tajkertesz.com\/<\/a><\/p>\n<p><a href=\"https:\/\/www.facebook.com\/tajkertesz\/\">https:\/\/www.facebook.com\/tajkertesz\/<\/a><\/p>\n<p>Kisz\u00e1ll\u00edt\u00e1s: 200cm-ig \u00a0\u00e9s 40 kg-ig a sz\u00e1ll\u00edt\u00e1s fut\u00e1rszolg\u00e1lattal \u00a0t\u00f6rt\u00e9nik!<\/p>\n<p>Szem\u00e9lyes \u00e1tv\u00e9tel nyitvatart\u00e1si id\u0151ben a 17. ker\u00fclet Bakancsos utca 7. sz\u00e1m alatti Kert\u00e9szeti \u00e1rud\u00e1ban<\/p>\n<p>&nbsp;<\/p>\n<p>Szem\u00e9lyes \u00e1tv\u00e9tel ak\u00e1r a mai napon, vagy h\u00e1zhozsz\u00e1ll\u00edt\u00e1s 1-2 napon bel\u00fcl!<\/p>\n<p>&nbsp;<\/p>\n<p>1173.Bp.Bakancsos u.7.<\/p>\n<p><a href=\"http:\/\/www.tajkertesz.com\">www.tajkertesz.com<\/a><\/p>\n<p>Kert\u00e9szeti kis-\u00e9s nagykeresked\u00e9s<\/p>\n<p>&nbsp;<\/p>","protected":false},"excerpt":{"rendered":"<h2>Uborka Levina F1-Hibrid<\/h2>\n<p>K\u00f6z\u00e9pkorai er\u0151teljes n\u00f6veked\u00e9s\u0171 hibrid, t\u00falnyom\u00f3an n\u0151vir\u00e1g\u00fa, b\u0151term\u0151 fajta.<\/p>\n<p>Term\u00e9se szem\u00f6lcs\u00f6s , k\u00f6z\u00e9pz\u00f6ld, kesered\u00e9s mentes.<\/p>\n<p>(A tasak\u00a01g (8-10fm elegend\u0151) vet\u0151magot tartalmaz.)<\/p>","protected":false},"featured_media":14720,"template":"","meta":{"_et_pb_use_builder":"","_et_pb_old_content":"","_et_gb_content_width":""},"product_brand":[],"product_cat":[2881],"product_tag":[4138],"class_list":{"0":"post-14736","1":"product","2":"type-product","3":"status-publish","4":"has-post-thumbnail","6":"product_cat-zoldsegnoveny-vetomagok","7":"product_tag-vetomagok","9":"first","10":"outofstock","11":"shipping-taxable","12":"product-type-simple"},"yoast_head":"<!-- This site is optimized with the Yoast SEO plugin v27.5 - https:\/\/yoast.com\/product\/yoast-seo-wordpress\/ -->\n<title>Uborka Levina F1-Hibrid - T\u00e1jkert\u00e9sz<\/title>\n<meta name=\"description\" content=\"Uborka Levina F1-Hibrid. V\u00e1s\u00e1roljon vet\u0151magokat kert\u00e9szeti web\u00e1ruh\u00e1zunkb\u00f3l h\u00e1zhozsz\u00e1ll\u00edt\u00e1ssal, vagy szem\u00e9lyesen kert\u00e9szet\u00fcnkb\u0151l.\" \/>\n<meta name=\"robots\" content=\"index, follow, max-snippet:-1, max-image-preview:large, max-video-preview:-1\" \/>\n<link rel=\"canonical\" href=\"https:\/\/tajkertesz.com\/en_US\/product\/uborka-levina-f1-hibrid\/\" \/>\n<meta property=\"og:locale\" content=\"en_US\" \/>\n<meta property=\"og:type\" content=\"article\" \/>\n<meta property=\"og:title\" content=\"Uborka Levina F1-Hibrid - T\u00e1jkert\u00e9sz\" \/>\n<meta property=\"og:description\" content=\"Uborka Levina F1-Hibrid. V\u00e1s\u00e1roljon vet\u0151magokat kert\u00e9szeti web\u00e1ruh\u00e1zunkb\u00f3l h\u00e1zhozsz\u00e1ll\u00edt\u00e1ssal, vagy szem\u00e9lyesen kert\u00e9szet\u00fcnkb\u0151l.\" \/>\n<meta property=\"og:url\" content=\"https:\/\/tajkertesz.com\/en_US\/product\/uborka-levina-f1-hibrid\/\" \/>\n<meta property=\"og:site_name\" content=\"T\u00e1jkert\u00e9sz\" \/>\n<meta property=\"article:publisher\" content=\"https:\/\/www.facebook.com\/Tajkertesz\/\" \/>\n<meta property=\"article:modified_time\" content=\"2024-07-18T13:40:23+00:00\" \/>\n<meta property=\"og:image\" content=\"https:\/\/tajkertesz.com\/wp-content\/uploads\/2023\/01\/20230116_131040-scaled.jpg\" \/>\n\t<meta property=\"og:image:width\" content=\"1586\" \/>\n\t<meta property=\"og:image:height\" content=\"2560\" \/>\n\t<meta property=\"og:image:type\" content=\"image\/jpeg\" \/>\n<meta name=\"twitter:card\" content=\"summary_large_image\" \/>\n<meta name=\"twitter:label1\" content=\"Est. reading time\" \/>\n\t<meta name=\"twitter:data1\" content=\"2 minutes\" \/>\n<script type=\"application\/ld+json\" class=\"yoast-schema-graph\">{\"@context\":\"https:\\\/\\\/schema.org\",\"@graph\":[{\"@type\":\"WebPage\",\"@id\":\"https:\\\/\\\/tajkertesz.com\\\/termek\\\/uborka-levina-f1-hibrid\\\/\",\"url\":\"https:\\\/\\\/tajkertesz.com\\\/termek\\\/uborka-levina-f1-hibrid\\\/\",\"name\":\"Uborka Levina F1-Hibrid - T\u00e1jkert\u00e9sz\",\"isPartOf\":{\"@id\":\"https:\\\/\\\/tajkertesz.com\\\/#website\"},\"primaryImageOfPage\":{\"@id\":\"https:\\\/\\\/tajkertesz.com\\\/termek\\\/uborka-levina-f1-hibrid\\\/#primaryimage\"},\"image\":{\"@id\":\"https:\\\/\\\/tajkertesz.com\\\/termek\\\/uborka-levina-f1-hibrid\\\/#primaryimage\"},\"thumbnailUrl\":\"https:\\\/\\\/tajkertesz.com\\\/wp-content\\\/uploads\\\/2023\\\/01\\\/20230116_131040-scaled.jpg\",\"datePublished\":\"2023-01-16T13:19:41+00:00\",\"dateModified\":\"2024-07-18T13:40:23+00:00\",\"description\":\"Uborka Levina F1-Hibrid. V\u00e1s\u00e1roljon vet\u0151magokat kert\u00e9szeti web\u00e1ruh\u00e1zunkb\u00f3l h\u00e1zhozsz\u00e1ll\u00edt\u00e1ssal, vagy szem\u00e9lyesen kert\u00e9szet\u00fcnkb\u0151l.\",\"breadcrumb\":{\"@id\":\"https:\\\/\\\/tajkertesz.com\\\/termek\\\/uborka-levina-f1-hibrid\\\/#breadcrumb\"},\"inLanguage\":\"en-US\",\"potentialAction\":[{\"@type\":\"ReadAction\",\"target\":[\"https:\\\/\\\/tajkertesz.com\\\/termek\\\/uborka-levina-f1-hibrid\\\/\"]}]},{\"@type\":\"ImageObject\",\"inLanguage\":\"en-US\",\"@id\":\"https:\\\/\\\/tajkertesz.com\\\/termek\\\/uborka-levina-f1-hibrid\\\/#primaryimage\",\"url\":\"https:\\\/\\\/tajkertesz.com\\\/wp-content\\\/uploads\\\/2023\\\/01\\\/20230116_131040-scaled.jpg\",\"contentUrl\":\"https:\\\/\\\/tajkertesz.com\\\/wp-content\\\/uploads\\\/2023\\\/01\\\/20230116_131040-scaled.jpg\",\"width\":1586,\"height\":2560},{\"@type\":\"BreadcrumbList\",\"@id\":\"https:\\\/\\\/tajkertesz.com\\\/termek\\\/uborka-levina-f1-hibrid\\\/#breadcrumb\",\"itemListElement\":[{\"@type\":\"ListItem\",\"position\":1,\"name\":\"Home\",\"item\":\"https:\\\/\\\/tajkertesz.com\\\/\"},{\"@type\":\"ListItem\",\"position\":2,\"name\":\"Kezd\u0151lap\",\"item\":\"https:\\\/\\\/tajkertesz.com\\\/\"},{\"@type\":\"ListItem\",\"position\":3,\"name\":\"Uborka Levina F1-Hibrid\"}]},{\"@type\":\"WebSite\",\"@id\":\"https:\\\/\\\/tajkertesz.com\\\/#website\",\"url\":\"https:\\\/\\\/tajkertesz.com\\\/\",\"name\":\"T\u00e1j-Kert\u00e9sz 84 Kft.\",\"description\":\"Kert\u00e9szeti kis- \u00e9s nagykeresked\u00e9s, D\u00edszn\u00f6v\u00e9ny web\u00e1ruh\u00e1z orsz\u00e1gos h\u00e1zhozsz\u00e1ll\u00edt\u00e1ssal!\",\"publisher\":{\"@id\":\"https:\\\/\\\/tajkertesz.com\\\/#organization\"},\"potentialAction\":[{\"@type\":\"SearchAction\",\"target\":{\"@type\":\"EntryPoint\",\"urlTemplate\":\"https:\\\/\\\/tajkertesz.com\\\/?s={search_term_string}\"},\"query-input\":{\"@type\":\"PropertyValueSpecification\",\"valueRequired\":true,\"valueName\":\"search_term_string\"}}],\"inLanguage\":\"en-US\"},{\"@type\":\"Organization\",\"@id\":\"https:\\\/\\\/tajkertesz.com\\\/#organization\",\"name\":\"T\u00e1j-Kert\u00e9sz 84 Kft.\",\"url\":\"https:\\\/\\\/tajkertesz.com\\\/\",\"logo\":{\"@type\":\"ImageObject\",\"inLanguage\":\"en-US\",\"@id\":\"https:\\\/\\\/tajkertesz.com\\\/#\\\/schema\\\/logo\\\/image\\\/\",\"url\":\"https:\\\/\\\/tajkertesz.com\\\/wp-content\\\/uploads\\\/2018\\\/02\\\/logo-2-e1518678052539.png\",\"contentUrl\":\"https:\\\/\\\/tajkertesz.com\\\/wp-content\\\/uploads\\\/2018\\\/02\\\/logo-2-e1518678052539.png\",\"width\":81,\"height\":140,\"caption\":\"T\u00e1j-Kert\u00e9sz 84 Kft.\"},\"image\":{\"@id\":\"https:\\\/\\\/tajkertesz.com\\\/#\\\/schema\\\/logo\\\/image\\\/\"},\"sameAs\":[\"https:\\\/\\\/www.facebook.com\\\/Tajkertesz\\\/\"]}]}<\/script>\n<!-- \/ Yoast SEO plugin. -->","yoast_head_json":{"title":"Uborka Levina F1-Hibrid - T\u00e1jkert\u00e9sz","description":"Uborka Levina F1-Hibrid. V\u00e1s\u00e1roljon vet\u0151magokat kert\u00e9szeti web\u00e1ruh\u00e1zunkb\u00f3l h\u00e1zhozsz\u00e1ll\u00edt\u00e1ssal, vagy szem\u00e9lyesen kert\u00e9szet\u00fcnkb\u0151l.","robots":{"index":"index","follow":"follow","max-snippet":"max-snippet:-1","max-image-preview":"max-image-preview:large","max-video-preview":"max-video-preview:-1"},"canonical":"https:\/\/tajkertesz.com\/en_US\/product\/uborka-levina-f1-hibrid\/","og_locale":"en_US","og_type":"article","og_title":"Uborka Levina F1-Hibrid - T\u00e1jkert\u00e9sz","og_description":"Uborka Levina F1-Hibrid. V\u00e1s\u00e1roljon vet\u0151magokat kert\u00e9szeti web\u00e1ruh\u00e1zunkb\u00f3l h\u00e1zhozsz\u00e1ll\u00edt\u00e1ssal, vagy szem\u00e9lyesen kert\u00e9szet\u00fcnkb\u0151l.","og_url":"https:\/\/tajkertesz.com\/en_US\/product\/uborka-levina-f1-hibrid\/","og_site_name":"T\u00e1jkert\u00e9sz","article_publisher":"https:\/\/www.facebook.com\/Tajkertesz\/","article_modified_time":"2024-07-18T13:40:23+00:00","og_image":[{"width":1586,"height":2560,"url":"https:\/\/tajkertesz.com\/wp-content\/uploads\/2023\/01\/20230116_131040-scaled.jpg","type":"image\/jpeg"}],"twitter_card":"summary_large_image","twitter_misc":{"Est. reading time":"2 minutes"},"schema":{"@context":"https:\/\/schema.org","@graph":[{"@type":"WebPage","@id":"https:\/\/tajkertesz.com\/termek\/uborka-levina-f1-hibrid\/","url":"https:\/\/tajkertesz.com\/termek\/uborka-levina-f1-hibrid\/","name":"Uborka Levina F1-Hibrid - T\u00e1jkert\u00e9sz","isPartOf":{"@id":"https:\/\/tajkertesz.com\/#website"},"primaryImageOfPage":{"@id":"https:\/\/tajkertesz.com\/termek\/uborka-levina-f1-hibrid\/#primaryimage"},"image":{"@id":"https:\/\/tajkertesz.com\/termek\/uborka-levina-f1-hibrid\/#primaryimage"},"thumbnailUrl":"https:\/\/tajkertesz.com\/wp-content\/uploads\/2023\/01\/20230116_131040-scaled.jpg","datePublished":"2023-01-16T13:19:41+00:00","dateModified":"2024-07-18T13:40:23+00:00","description":"Uborka Levina F1-Hibrid. V\u00e1s\u00e1roljon vet\u0151magokat kert\u00e9szeti web\u00e1ruh\u00e1zunkb\u00f3l h\u00e1zhozsz\u00e1ll\u00edt\u00e1ssal, vagy szem\u00e9lyesen kert\u00e9szet\u00fcnkb\u0151l.","breadcrumb":{"@id":"https:\/\/tajkertesz.com\/termek\/uborka-levina-f1-hibrid\/#breadcrumb"},"inLanguage":"en-US","potentialAction":[{"@type":"ReadAction","target":["https:\/\/tajkertesz.com\/termek\/uborka-levina-f1-hibrid\/"]}]},{"@type":"ImageObject","inLanguage":"en-US","@id":"https:\/\/tajkertesz.com\/termek\/uborka-levina-f1-hibrid\/#primaryimage","url":"https:\/\/tajkertesz.com\/wp-content\/uploads\/2023\/01\/20230116_131040-scaled.jpg","contentUrl":"https:\/\/tajkertesz.com\/wp-content\/uploads\/2023\/01\/20230116_131040-scaled.jpg","width":1586,"height":2560},{"@type":"BreadcrumbList","@id":"https:\/\/tajkertesz.com\/termek\/uborka-levina-f1-hibrid\/#breadcrumb","itemListElement":[{"@type":"ListItem","position":1,"name":"Home","item":"https:\/\/tajkertesz.com\/"},{"@type":"ListItem","position":2,"name":"Kezd\u0151lap","item":"https:\/\/tajkertesz.com\/"},{"@type":"ListItem","position":3,"name":"Uborka Levina F1-Hibrid"}]},{"@type":"WebSite","@id":"https:\/\/tajkertesz.com\/#website","url":"https:\/\/tajkertesz.com\/","name":"T\u00e1j-Kert\u00e9sz 84 Kft.","description":"Kert\u00e9szeti kis- \u00e9s nagykeresked\u00e9s, D\u00edszn\u00f6v\u00e9ny web\u00e1ruh\u00e1z orsz\u00e1gos h\u00e1zhozsz\u00e1ll\u00edt\u00e1ssal!","publisher":{"@id":"https:\/\/tajkertesz.com\/#organization"},"potentialAction":[{"@type":"SearchAction","target":{"@type":"EntryPoint","urlTemplate":"https:\/\/tajkertesz.com\/?s={search_term_string}"},"query-input":{"@type":"PropertyValueSpecification","valueRequired":true,"valueName":"search_term_string"}}],"inLanguage":"en-US"},{"@type":"Organization","@id":"https:\/\/tajkertesz.com\/#organization","name":"T\u00e1j-Kert\u00e9sz 84 Kft.","url":"https:\/\/tajkertesz.com\/","logo":{"@type":"ImageObject","inLanguage":"en-US","@id":"https:\/\/tajkertesz.com\/#\/schema\/logo\/image\/","url":"https:\/\/tajkertesz.com\/wp-content\/uploads\/2018\/02\/logo-2-e1518678052539.png","contentUrl":"https:\/\/tajkertesz.com\/wp-content\/uploads\/2018\/02\/logo-2-e1518678052539.png","width":81,"height":140,"caption":"T\u00e1j-Kert\u00e9sz 84 Kft."},"image":{"@id":"https:\/\/tajkertesz.com\/#\/schema\/logo\/image\/"},"sameAs":["https:\/\/www.facebook.com\/Tajkertesz\/"]}]}},"_links":{"self":[{"href":"https:\/\/tajkertesz.com\/en_US\/wp-json\/wp\/v2\/product\/14736","targetHints":{"allow":["GET"]}}],"collection":[{"href":"https:\/\/tajkertesz.com\/en_US\/wp-json\/wp\/v2\/product"}],"about":[{"href":"https:\/\/tajkertesz.com\/en_US\/wp-json\/wp\/v2\/types\/product"}],"wp:featuredmedia":[{"embeddable":true,"href":"https:\/\/tajkertesz.com\/en_US\/wp-json\/wp\/v2\/media\/14720"}],"wp:attachment":[{"href":"https:\/\/tajkertesz.com\/en_US\/wp-json\/wp\/v2\/media?parent=14736"}],"wp:term":[{"taxonomy":"product_brand","embeddable":true,"href":"https:\/\/tajkertesz.com\/en_US\/wp-json\/wp\/v2\/product_brand?post=14736"},{"taxonomy":"product_cat","embeddable":true,"href":"https:\/\/tajkertesz.com\/en_US\/wp-json\/wp\/v2\/product_cat?post=14736"},{"taxonomy":"product_tag","embeddable":true,"href":"https:\/\/tajkertesz.com\/en_US\/wp-json\/wp\/v2\/product_tag?post=14736"}],"curies":[{"name":"wp","href":"https:\/\/api.w.org\/{rel}","templated":true}]}}