{"id":14766,"date":"2023-01-16T14:52:09","date_gmt":"2023-01-16T14:52:09","guid":{"rendered":"https:\/\/tajkertesz.com\/?post_type=product&#038;p=14766"},"modified":"2026-02-18T15:11:22","modified_gmt":"2026-02-18T15:11:22","slug":"spenot-monorez-vetomag-5g","status":"publish","type":"product","link":"https:\/\/tajkertesz.com\/en_US\/product\/spenot-monorez-vetomag-5g\/","title":{"rendered":"Spen\u00f3t Monorez vet\u0151mag 5g."},"content":{"rendered":"<h2>Spen\u00f3t Monorez vet\u0151mag 5g.<\/h2>\n<p>R\u00e9dei Kertimag<\/p>\n<table cellspacing=\"0\">\n<tbody>\n<tr>\n<td valign=\"top\">Spen\u00f3t\u00a0(Spinacia oleracea)<\/td>\n<\/tr>\n<tr>\n<td colspan=\"2\">\n<table class=\"csoportinfo\" cellspacing=\"0\">\n<tbody>\n<tr class=\"csoportinfofejlec\">\n<td class=\"csoportinfofejlec\" width=\"15%\">magsz\u00e1m\/gramm<\/td>\n<td class=\"csoportinfofejlec\" width=\"19%\">vet\u0151magig\u00e9ny g\/10nm<\/td>\n<td class=\"csoportinfofejlec\" width=\"19%\">vet\u00e9sid\u0151 szabadf\u00f6ldi termeszt\u00e9shez<\/td>\n<td class=\"csoportinfofejlec\" width=\"15%\">vet\u00e9sm\u00e9lys\u00e9g cm<\/td>\n<td class=\"csoportinfofejlec\" width=\"17%\">sor- \u00e9s t\u0151t\u00e1vols\u00e1g cm<\/td>\n<td class=\"csoportinfofejlec\" width=\"15%\">cs\u00edr\u00e1z\u00e1si nap<br \/>\n20-22C fokon<\/td>\n<\/tr>\n<tr class=\"csoportinfotorzs\">\n<td class=\"csoportinfotorzs\">70-100<\/td>\n<td class=\"csoportinfotorzs\">40-50<\/td>\n<td class=\"csoportinfotorzs\">III-IV, VIII-IX. h\u00f3nap<\/td>\n<td class=\"csoportinfotorzs\">1-2<\/td>\n<td class=\"csoportinfotorzs\">25-30 x 3-5<\/td>\n<td class=\"csoportinfotorzs\">7-21 nap<\/td>\n<\/tr>\n<\/tbody>\n<\/table>\n<\/td>\n<\/tr>\n<tr>\n<td colspan=\"2\">\n<p align=\"justify\"><b>A fajt\u00e1k csoportos\u00edt\u00e1sa:<\/b>\u00a0leggyakrabban a termeszt\u00e9si id\u0151 alapj\u00e1n csoportos\u00edtj\u00e1k, ennek megfelel\u0151en megk\u00fcl\u00f6nb\u00f6ztet\u00fcnk t\u00e9li \u00e9s ny\u00e1ri fajt\u00e1kat. A t\u00e9li fajt\u00e1k gyeng\u00e9bb f\u00e9nyviszonyok mellett is j\u00f3l hajtanak, de ny\u00e1ron gyorsan magsz\u00e1rba mennek. A ny\u00e1ri fajt\u00e1k kev\u00e9sb\u00e9 hajlamosak a magsz\u00e1r k\u00e9pz\u00e9sre, de t\u00e9len nem fejesednek, k\u00f6nnyen kifagynak.<\/p>\n<\/td>\n<\/tr>\n<\/tbody>\n<\/table>\n<div>\n<p>A spen\u00f3t vil\u00e1gos,\u00a0 napos vagy f\u00e9l\u00e1rny\u00e9kos helyen fejl\u0151dik a legszebben. J\u00f3l megmunk\u00e1lt, k\u00f6z\u00e9pk\u00f6t\u00f6tt, t\u00e1panyagban gazdag j\u00f3 v\u00edz\u00e1tereszt\u0151 talajt kedvel.\u00a0 A sz\u00e9ls\u0151s\u00e9ges, t\u00fals\u00e1gosan savany\u00fa vagy l\u00fagos talajokat nem szereti.<\/p>\n<p>a megfelel\u0151 fejl\u0151d\u00e9s\u00e9hez\u00a0 f\u0151k\u00e9nt k\u00e1liumra \u00e9s nitrog\u00e9nre van sz\u00fcks\u00e9ge, ezt tartsuk szem el\u0151tt a tr\u00e1gy\u00e1z\u00e1s sor\u00e1n, c\u00e9lszer\u0171 el\u0151z\u0151 \u00e9vben tr\u00e1gy\u00e1zott talajban termeszteni. Sz\u00e1raz id\u0151j\u00e1r\u00e1s eset\u00e9n \u00e9rdemes id\u0151nk\u00e9nt meg\u00f6nt\u00f6zni.<\/p>\n<p>A spen\u00f3tot \u00e1lland\u00f3 hely\u00e9re vetj\u00fck. A tavaszi vet\u00e9s ideje febru\u00e1r v\u00e9g\u00e9t\u0151l \u00e1prilis v\u00e9g\u00e9ig tart, c\u00e9lszer\u0171 szakaszosan vetn\u00fcnk, \u00edgy sok\u00e1ig \u00e9lvezhetj\u00fck a friss spen\u00f3tot.<\/p>\n<p>A ny\u00e1ri vet\u00e9s\u0171 fajt\u00e1k j\u00falius v\u00e9g\u00e9t\u0151l, augusztus v\u00e9g\u00e9ig vethet\u0151k, \u0151sszel fogyaszthat\u00f3k. Az \u0151szi vet\u00e9s\u0171, \u00e1ttelel\u00e9sre vetett spen\u00f3t vet\u00e9si ideje szeptemberben van, ezt kora tavasszal szedhetj\u00fck.<\/p>\n<p>A vet\u00e9s nagyon egyszer\u0171. Els\u0151 l\u00e9p\u00e9sk\u00e9nt alak\u00edtsunk ki sorokat egym\u00e1st\u00f3l 20 cm-es sort\u00e1vols\u00e1gra, a magokat pedig 2-3 cm m\u00e9lyre vess\u00fck el. A vet\u00e9s gondoz\u00e1sa a kap\u00e1l\u00e1sb\u00f3l \u00e9s gyoml\u00e1l\u00e1sb\u00f3l \u00e1ll. Ha tart\u00f3s a sz\u00e1razs\u00e1g, id\u0151nk\u00e9nt \u00f6nt\u00f6zz\u00fck meg. A spen\u00f3t, ide\u00e1lis k\u00f6r\u00fclm\u00e9nyek mellett, nagyj\u00e1b\u00f3l 6-7 h\u00e9t eltelt\u00e9vel szedhet\u0151.<\/p>\n<p>A betakar\u00edtott spen\u00f3tot fogyaszthatjuk frissen, de b\u00e1tran le is fagyaszthatjuk k\u00e9s\u0151bbi felhaszn\u00e1l\u00e1sra. A tavasszal vetett \u00e9s azt k\u00f6vet\u0151en betakar\u00edtott spen\u00f3t hely\u00e9re paradicsomot, paprik\u00e1t is \u00fcltethet\u00fcnk, vagy r\u00f6vid teny\u00e9szidej\u0171 z\u00f6lds\u00e9gek magj\u00e1t vethetj\u00fck el.<\/p>\n<p>Ehhez t\u00e1vol\u00edtsuk el felmagzott spen\u00f3t t\u00f6veket \u00e9s komposzt\u00e1ljuk \u0151ket. Az \u00e1gy\u00e1st tiszt\u00edtsuk meg, jav\u00edtsuk fel pl. komposztf\u00f6lddel \u00e9s m\u0171tr\u00e1gy\u00e1val. Ebbe a j\u00f3l elmunk\u00e1lt talajba ker\u00fclhetnek a pal\u00e1nt\u00e1k vagy a vet\u00e9s.<\/p>\n<\/div>\n<p>&nbsp;<\/p>\n<p><strong>K\u00e9szlet\u00fcnk napi szinten v\u00e1ltozik, ez\u00e9rt k\u00e9rj\u00fck, \u00e9rdekl\u0151dj\u00f6n szem\u00e9lyesen, telefonon vagy email-en.<br \/>\nA v\u00e1ltoztat\u00e1s jog\u00e1t fenntartjuk!\u00a0<\/strong><\/p>\n<p><a href=\"https:\/\/tajkertesz.com\/\">https:\/\/tajkertesz.com\/<\/a><\/p>\n<p><a href=\"https:\/\/www.facebook.com\/tajkertesz\/\">https:\/\/www.facebook.com\/tajkertesz\/<\/a><\/p>\n<p>Kisz\u00e1ll\u00edt\u00e1s: 200cm-ig \u00a0\u00e9s 40 kg-ig a sz\u00e1ll\u00edt\u00e1s fut\u00e1rszolg\u00e1lattal \u00a0t\u00f6rt\u00e9nik!<\/p>\n<p>Szem\u00e9lyes \u00e1tv\u00e9tel nyitvatart\u00e1si id\u0151ben a 17. ker\u00fclet Bakancsos utca 7. sz\u00e1m alatti Kert\u00e9szeti \u00e1rud\u00e1ban<\/p>\n<p>Szem\u00e9lyes \u00e1tv\u00e9tel ak\u00e1r a mai napon, vagy h\u00e1zhozsz\u00e1ll\u00edt\u00e1s 1-2 napon bel\u00fcl!<\/p>\n<p>1173.Bp.Bakancsos u.7.<\/p>\n<p><a href=\"http:\/\/www.tajkertesz.com\">www.tajkertesz.com<\/a><\/p>\n<p>Kert\u00e9szeti kis-\u00e9s nagykeresked\u00e9s<\/p>","protected":false},"excerpt":{"rendered":"<h2>Spen\u00f3t Monorez vet\u0151mag 5g.<\/h2>\n<div>MONOREZ<\/div>\n<div>Biztons\u00e1gosan \u00e1ttelel\u0151, \u0151szi-tavaszi termeszt\u00e9sre alkalmas fajta.<\/div>","protected":false},"featured_media":14756,"template":"","meta":{"_et_pb_use_builder":"","_et_pb_old_content":"","_et_gb_content_width":""},"product_brand":[],"product_cat":[2881],"product_tag":[4138],"class_list":{"0":"post-14766","1":"product","2":"type-product","3":"status-publish","4":"has-post-thumbnail","6":"product_cat-zoldsegnoveny-vetomagok","7":"product_tag-vetomagok","9":"first","10":"instock","11":"shipping-taxable","12":"purchasable","13":"product-type-simple"},"yoast_head":"<!-- This site is optimized with the Yoast SEO plugin v27.5 - https:\/\/yoast.com\/product\/yoast-seo-wordpress\/ -->\n<title>Spen\u00f3t Monorez vet\u0151mag 5g. - T\u00e1jkert\u00e9sz<\/title>\n<meta name=\"description\" content=\"Spen\u00f3t Monorez vet\u0151mag 5g.V\u00e1s\u00e1roljon vet\u0151magokat kert\u00e9szeti web\u00e1ruh\u00e1zunkb\u00f3l h\u00e1zhozsz\u00e1ll\u00edt\u00e1ssal, vagy szem\u00e9lyesen kert\u00e9szet\u00fcnkb\u0151l.\" \/>\n<meta name=\"robots\" content=\"index, follow, max-snippet:-1, max-image-preview:large, max-video-preview:-1\" \/>\n<link rel=\"canonical\" href=\"https:\/\/tajkertesz.com\/en_US\/product\/spenot-monorez-vetomag-5g\/\" \/>\n<meta property=\"og:locale\" content=\"en_US\" \/>\n<meta property=\"og:type\" content=\"article\" \/>\n<meta property=\"og:title\" content=\"Spen\u00f3t Monorez vet\u0151mag 5g. - T\u00e1jkert\u00e9sz\" \/>\n<meta property=\"og:description\" content=\"Spen\u00f3t Monorez vet\u0151mag 5g.V\u00e1s\u00e1roljon vet\u0151magokat kert\u00e9szeti web\u00e1ruh\u00e1zunkb\u00f3l h\u00e1zhozsz\u00e1ll\u00edt\u00e1ssal, vagy szem\u00e9lyesen kert\u00e9szet\u00fcnkb\u0151l.\" \/>\n<meta property=\"og:url\" content=\"https:\/\/tajkertesz.com\/en_US\/product\/spenot-monorez-vetomag-5g\/\" \/>\n<meta property=\"og:site_name\" content=\"T\u00e1jkert\u00e9sz\" \/>\n<meta property=\"article:publisher\" content=\"https:\/\/www.facebook.com\/Tajkertesz\/\" \/>\n<meta property=\"article:modified_time\" content=\"2026-02-18T15:11:22+00:00\" \/>\n<meta property=\"og:image\" content=\"https:\/\/tajkertesz.com\/wp-content\/uploads\/2021\/10\/20230116_153156-1-scaled.jpg\" \/>\n\t<meta property=\"og:image:width\" content=\"1619\" \/>\n\t<meta property=\"og:image:height\" content=\"2560\" \/>\n\t<meta property=\"og:image:type\" content=\"image\/jpeg\" \/>\n<meta name=\"twitter:card\" content=\"summary_large_image\" \/>\n<meta name=\"twitter:label1\" content=\"Est. reading time\" \/>\n\t<meta name=\"twitter:data1\" content=\"3 minutes\" \/>\n<script type=\"application\/ld+json\" class=\"yoast-schema-graph\">{\"@context\":\"https:\\\/\\\/schema.org\",\"@graph\":[{\"@type\":\"WebPage\",\"@id\":\"https:\\\/\\\/tajkertesz.com\\\/termek\\\/spenot-monorez-vetomag-5g\\\/\",\"url\":\"https:\\\/\\\/tajkertesz.com\\\/termek\\\/spenot-monorez-vetomag-5g\\\/\",\"name\":\"Spen\u00f3t Monorez vet\u0151mag 5g. - T\u00e1jkert\u00e9sz\",\"isPartOf\":{\"@id\":\"https:\\\/\\\/tajkertesz.com\\\/#website\"},\"primaryImageOfPage\":{\"@id\":\"https:\\\/\\\/tajkertesz.com\\\/termek\\\/spenot-monorez-vetomag-5g\\\/#primaryimage\"},\"image\":{\"@id\":\"https:\\\/\\\/tajkertesz.com\\\/termek\\\/spenot-monorez-vetomag-5g\\\/#primaryimage\"},\"thumbnailUrl\":\"https:\\\/\\\/tajkertesz.com\\\/wp-content\\\/uploads\\\/2021\\\/10\\\/20230116_153156-1-scaled.jpg\",\"datePublished\":\"2023-01-16T14:52:09+00:00\",\"dateModified\":\"2026-02-18T15:11:22+00:00\",\"description\":\"Spen\u00f3t Monorez vet\u0151mag 5g.V\u00e1s\u00e1roljon vet\u0151magokat kert\u00e9szeti web\u00e1ruh\u00e1zunkb\u00f3l h\u00e1zhozsz\u00e1ll\u00edt\u00e1ssal, vagy szem\u00e9lyesen kert\u00e9szet\u00fcnkb\u0151l.\",\"breadcrumb\":{\"@id\":\"https:\\\/\\\/tajkertesz.com\\\/termek\\\/spenot-monorez-vetomag-5g\\\/#breadcrumb\"},\"inLanguage\":\"en-US\",\"potentialAction\":[{\"@type\":\"ReadAction\",\"target\":[\"https:\\\/\\\/tajkertesz.com\\\/termek\\\/spenot-monorez-vetomag-5g\\\/\"]}]},{\"@type\":\"ImageObject\",\"inLanguage\":\"en-US\",\"@id\":\"https:\\\/\\\/tajkertesz.com\\\/termek\\\/spenot-monorez-vetomag-5g\\\/#primaryimage\",\"url\":\"https:\\\/\\\/tajkertesz.com\\\/wp-content\\\/uploads\\\/2021\\\/10\\\/20230116_153156-1-scaled.jpg\",\"contentUrl\":\"https:\\\/\\\/tajkertesz.com\\\/wp-content\\\/uploads\\\/2021\\\/10\\\/20230116_153156-1-scaled.jpg\",\"width\":1619,\"height\":2560},{\"@type\":\"BreadcrumbList\",\"@id\":\"https:\\\/\\\/tajkertesz.com\\\/termek\\\/spenot-monorez-vetomag-5g\\\/#breadcrumb\",\"itemListElement\":[{\"@type\":\"ListItem\",\"position\":1,\"name\":\"Home\",\"item\":\"https:\\\/\\\/tajkertesz.com\\\/\"},{\"@type\":\"ListItem\",\"position\":2,\"name\":\"Kezd\u0151lap\",\"item\":\"https:\\\/\\\/tajkertesz.com\\\/\"},{\"@type\":\"ListItem\",\"position\":3,\"name\":\"Spen\u00f3t Monorez vet\u0151mag 5g.\"}]},{\"@type\":\"WebSite\",\"@id\":\"https:\\\/\\\/tajkertesz.com\\\/#website\",\"url\":\"https:\\\/\\\/tajkertesz.com\\\/\",\"name\":\"T\u00e1j-Kert\u00e9sz 84 Kft.\",\"description\":\"Kert\u00e9szeti kis- \u00e9s nagykeresked\u00e9s, D\u00edszn\u00f6v\u00e9ny web\u00e1ruh\u00e1z orsz\u00e1gos h\u00e1zhozsz\u00e1ll\u00edt\u00e1ssal!\",\"publisher\":{\"@id\":\"https:\\\/\\\/tajkertesz.com\\\/#organization\"},\"potentialAction\":[{\"@type\":\"SearchAction\",\"target\":{\"@type\":\"EntryPoint\",\"urlTemplate\":\"https:\\\/\\\/tajkertesz.com\\\/?s={search_term_string}\"},\"query-input\":{\"@type\":\"PropertyValueSpecification\",\"valueRequired\":true,\"valueName\":\"search_term_string\"}}],\"inLanguage\":\"en-US\"},{\"@type\":\"Organization\",\"@id\":\"https:\\\/\\\/tajkertesz.com\\\/#organization\",\"name\":\"T\u00e1j-Kert\u00e9sz 84 Kft.\",\"url\":\"https:\\\/\\\/tajkertesz.com\\\/\",\"logo\":{\"@type\":\"ImageObject\",\"inLanguage\":\"en-US\",\"@id\":\"https:\\\/\\\/tajkertesz.com\\\/#\\\/schema\\\/logo\\\/image\\\/\",\"url\":\"https:\\\/\\\/tajkertesz.com\\\/wp-content\\\/uploads\\\/2018\\\/02\\\/logo-2-e1518678052539.png\",\"contentUrl\":\"https:\\\/\\\/tajkertesz.com\\\/wp-content\\\/uploads\\\/2018\\\/02\\\/logo-2-e1518678052539.png\",\"width\":81,\"height\":140,\"caption\":\"T\u00e1j-Kert\u00e9sz 84 Kft.\"},\"image\":{\"@id\":\"https:\\\/\\\/tajkertesz.com\\\/#\\\/schema\\\/logo\\\/image\\\/\"},\"sameAs\":[\"https:\\\/\\\/www.facebook.com\\\/Tajkertesz\\\/\"]}]}<\/script>\n<!-- \/ Yoast SEO plugin. -->","yoast_head_json":{"title":"Spen\u00f3t Monorez vet\u0151mag 5g. - T\u00e1jkert\u00e9sz","description":"Spen\u00f3t Monorez vet\u0151mag 5g.V\u00e1s\u00e1roljon vet\u0151magokat kert\u00e9szeti web\u00e1ruh\u00e1zunkb\u00f3l h\u00e1zhozsz\u00e1ll\u00edt\u00e1ssal, vagy szem\u00e9lyesen kert\u00e9szet\u00fcnkb\u0151l.","robots":{"index":"index","follow":"follow","max-snippet":"max-snippet:-1","max-image-preview":"max-image-preview:large","max-video-preview":"max-video-preview:-1"},"canonical":"https:\/\/tajkertesz.com\/en_US\/product\/spenot-monorez-vetomag-5g\/","og_locale":"en_US","og_type":"article","og_title":"Spen\u00f3t Monorez vet\u0151mag 5g. - T\u00e1jkert\u00e9sz","og_description":"Spen\u00f3t Monorez vet\u0151mag 5g.V\u00e1s\u00e1roljon vet\u0151magokat kert\u00e9szeti web\u00e1ruh\u00e1zunkb\u00f3l h\u00e1zhozsz\u00e1ll\u00edt\u00e1ssal, vagy szem\u00e9lyesen kert\u00e9szet\u00fcnkb\u0151l.","og_url":"https:\/\/tajkertesz.com\/en_US\/product\/spenot-monorez-vetomag-5g\/","og_site_name":"T\u00e1jkert\u00e9sz","article_publisher":"https:\/\/www.facebook.com\/Tajkertesz\/","article_modified_time":"2026-02-18T15:11:22+00:00","og_image":[{"width":1619,"height":2560,"url":"https:\/\/tajkertesz.com\/wp-content\/uploads\/2021\/10\/20230116_153156-1-scaled.jpg","type":"image\/jpeg"}],"twitter_card":"summary_large_image","twitter_misc":{"Est. reading time":"3 minutes"},"schema":{"@context":"https:\/\/schema.org","@graph":[{"@type":"WebPage","@id":"https:\/\/tajkertesz.com\/termek\/spenot-monorez-vetomag-5g\/","url":"https:\/\/tajkertesz.com\/termek\/spenot-monorez-vetomag-5g\/","name":"Spen\u00f3t Monorez vet\u0151mag 5g. - T\u00e1jkert\u00e9sz","isPartOf":{"@id":"https:\/\/tajkertesz.com\/#website"},"primaryImageOfPage":{"@id":"https:\/\/tajkertesz.com\/termek\/spenot-monorez-vetomag-5g\/#primaryimage"},"image":{"@id":"https:\/\/tajkertesz.com\/termek\/spenot-monorez-vetomag-5g\/#primaryimage"},"thumbnailUrl":"https:\/\/tajkertesz.com\/wp-content\/uploads\/2021\/10\/20230116_153156-1-scaled.jpg","datePublished":"2023-01-16T14:52:09+00:00","dateModified":"2026-02-18T15:11:22+00:00","description":"Spen\u00f3t Monorez vet\u0151mag 5g.V\u00e1s\u00e1roljon vet\u0151magokat kert\u00e9szeti web\u00e1ruh\u00e1zunkb\u00f3l h\u00e1zhozsz\u00e1ll\u00edt\u00e1ssal, vagy szem\u00e9lyesen kert\u00e9szet\u00fcnkb\u0151l.","breadcrumb":{"@id":"https:\/\/tajkertesz.com\/termek\/spenot-monorez-vetomag-5g\/#breadcrumb"},"inLanguage":"en-US","potentialAction":[{"@type":"ReadAction","target":["https:\/\/tajkertesz.com\/termek\/spenot-monorez-vetomag-5g\/"]}]},{"@type":"ImageObject","inLanguage":"en-US","@id":"https:\/\/tajkertesz.com\/termek\/spenot-monorez-vetomag-5g\/#primaryimage","url":"https:\/\/tajkertesz.com\/wp-content\/uploads\/2021\/10\/20230116_153156-1-scaled.jpg","contentUrl":"https:\/\/tajkertesz.com\/wp-content\/uploads\/2021\/10\/20230116_153156-1-scaled.jpg","width":1619,"height":2560},{"@type":"BreadcrumbList","@id":"https:\/\/tajkertesz.com\/termek\/spenot-monorez-vetomag-5g\/#breadcrumb","itemListElement":[{"@type":"ListItem","position":1,"name":"Home","item":"https:\/\/tajkertesz.com\/"},{"@type":"ListItem","position":2,"name":"Kezd\u0151lap","item":"https:\/\/tajkertesz.com\/"},{"@type":"ListItem","position":3,"name":"Spen\u00f3t Monorez vet\u0151mag 5g."}]},{"@type":"WebSite","@id":"https:\/\/tajkertesz.com\/#website","url":"https:\/\/tajkertesz.com\/","name":"T\u00e1j-Kert\u00e9sz 84 Kft.","description":"Kert\u00e9szeti kis- \u00e9s nagykeresked\u00e9s, D\u00edszn\u00f6v\u00e9ny web\u00e1ruh\u00e1z orsz\u00e1gos h\u00e1zhozsz\u00e1ll\u00edt\u00e1ssal!","publisher":{"@id":"https:\/\/tajkertesz.com\/#organization"},"potentialAction":[{"@type":"SearchAction","target":{"@type":"EntryPoint","urlTemplate":"https:\/\/tajkertesz.com\/?s={search_term_string}"},"query-input":{"@type":"PropertyValueSpecification","valueRequired":true,"valueName":"search_term_string"}}],"inLanguage":"en-US"},{"@type":"Organization","@id":"https:\/\/tajkertesz.com\/#organization","name":"T\u00e1j-Kert\u00e9sz 84 Kft.","url":"https:\/\/tajkertesz.com\/","logo":{"@type":"ImageObject","inLanguage":"en-US","@id":"https:\/\/tajkertesz.com\/#\/schema\/logo\/image\/","url":"https:\/\/tajkertesz.com\/wp-content\/uploads\/2018\/02\/logo-2-e1518678052539.png","contentUrl":"https:\/\/tajkertesz.com\/wp-content\/uploads\/2018\/02\/logo-2-e1518678052539.png","width":81,"height":140,"caption":"T\u00e1j-Kert\u00e9sz 84 Kft."},"image":{"@id":"https:\/\/tajkertesz.com\/#\/schema\/logo\/image\/"},"sameAs":["https:\/\/www.facebook.com\/Tajkertesz\/"]}]}},"_links":{"self":[{"href":"https:\/\/tajkertesz.com\/en_US\/wp-json\/wp\/v2\/product\/14766","targetHints":{"allow":["GET"]}}],"collection":[{"href":"https:\/\/tajkertesz.com\/en_US\/wp-json\/wp\/v2\/product"}],"about":[{"href":"https:\/\/tajkertesz.com\/en_US\/wp-json\/wp\/v2\/types\/product"}],"wp:featuredmedia":[{"embeddable":true,"href":"https:\/\/tajkertesz.com\/en_US\/wp-json\/wp\/v2\/media\/14756"}],"wp:attachment":[{"href":"https:\/\/tajkertesz.com\/en_US\/wp-json\/wp\/v2\/media?parent=14766"}],"wp:term":[{"taxonomy":"product_brand","embeddable":true,"href":"https:\/\/tajkertesz.com\/en_US\/wp-json\/wp\/v2\/product_brand?post=14766"},{"taxonomy":"product_cat","embeddable":true,"href":"https:\/\/tajkertesz.com\/en_US\/wp-json\/wp\/v2\/product_cat?post=14766"},{"taxonomy":"product_tag","embeddable":true,"href":"https:\/\/tajkertesz.com\/en_US\/wp-json\/wp\/v2\/product_tag?post=14766"}],"curies":[{"name":"wp","href":"https:\/\/api.w.org\/{rel}","templated":true}]}}