{"id":14768,"date":"2023-01-16T15:07:12","date_gmt":"2023-01-16T15:07:12","guid":{"rendered":"https:\/\/tajkertesz.com\/?post_type=product&#038;p=14768"},"modified":"2026-02-18T15:11:03","modified_gmt":"2026-02-18T15:11:03","slug":"rukkola-vetomag-2g","status":"publish","type":"product","link":"https:\/\/tajkertesz.com\/en_US\/product\/rukkola-vetomag-2g\/","title":{"rendered":"Rukkola vet\u0151mag 2g."},"content":{"rendered":"<h2>Rukkola vet\u0151mag 2g.<\/h2>\n<p>R\u00e9dei Kertimag<\/p>\n<p class=\"o-article__paragraph\">A\u00a0<b>rukkola<\/b>\u00a0 a keresztesvir\u00e1g\u00faak csal\u00e1dj\u00e1ba tartozik, a F\u00f6ldk\u00f6zi-tenger t\u00e9rs\u00e9g\u00e9b\u0151l sz\u00e1rmazik, ma m\u00e1r nagyon n\u00e9pszer\u0171, ismert \u00e9s haszn\u00e1lt sal\u00e1taf\u00e9le. Haz\u00e1nkban az ut\u00f3bbi \u00e9vtizedben v\u00e1lt igaz\u00e1n n\u00e9pszer\u0171v\u00e9.<\/p>\n<p class=\"o-article__paragraph\">Levelei s\u00f6t\u00e9tz\u00f6ldek, form\u00e1ja a gyermekl\u00e1ncf\u0171re eml\u00e9keztet, \u00edze kiss\u00e9 keserny\u00e9s, cs\u00edp\u0151s, mely egyesek szerint a torm\u00e1\u00e9hoz, m\u00e1sok szerint a f\u00f6ldimogyor\u00f3\u00e9hoz hasonl\u00edt. Nem ig\u00e9nyel k\u00fcl\u00f6n\u00f6sebb gondoz\u00e1st, a h\u00e1zi kiskertekben, de ak\u00e1r balkonl\u00e1d\u00e1kban a teraszon, erk\u00e9lyeken is termeszthet\u0151. Szereti a f\u00e9l\u00e1rny\u00e9kos helyet, t\u0171z\u0151 napon ugyanis levelei s\u00f6t\u00e9tebbek, \u00edze er\u0151teljesebb lesz. Vet\u00e9st\u0151l sz\u00e1m\u00edtva 4-6 h\u00e9ten bel\u00fcl szedhet\u0151. A <b>rukkol\u00e1t<\/b> \u00e9rdemes m\u00e9g zsenge kor\u00e1ban leszedni,\u00a0 \u00edze ekkor m\u00e9g nem annyira keserny\u00e9s. Min\u00e9l \u00f6regebbek \u00e9s nagyobbak a levei, \u00edze is ann\u00e1l karakteresebb, cs\u00edp\u0151sebb.<\/p>\n<p>A rukkol\u00e1nak magas a vitamin, valamint \u00e1sv\u00e1nyianyag\u00a0 tartalma. Hat\u00e1s\u00e1ra cs\u00f6kken a kiv\u00e1lasztott gyomorsav mennyis\u00e9ge. Szab\u00e1lyozza a v\u00e9r koleszterin-, \u00e9s cukorszintj\u00e9t.\u00a0 El\u0151seg\u00edti a t\u00fcd\u0151 m\u0171k\u00f6d\u00e9s\u00e9t, gyors\u00edtja a sebgy\u00f3gyul\u00e1st.<\/p>\n<p>A rukkola egyny\u00e1rik\u00e9nt termeszthet\u0151. Ha az id\u0151 t\u00fal melegre fordul, akkor felmagzik, ez\u00e9rt az olyan helyeken, ahol a nyarak forr\u00f3bbak, ink\u00e1bb t\u00e9li n\u00f6v\u00e9nyk\u00e9nt szok\u00e1s foglalkozni vele. Mivel a rukkol\u00e1ra meglehet\u0151sen gyors n\u00f6veked\u00e9s jellemz\u0151, \u00e9rdemes k\u00f6zvetlen\u00fcl a kerti talajba \u00fcltetni, amikor a kinti h\u0151m\u00e9rs\u00e9kletek el\u00e9rik az 5-13\u00b0C-t. Laza, t\u00e1panyagban gazdag talajban fejl\u0151dik a legjobban, hab\u00e1r\u00a0 szinte minden talajk\u00f6r\u00fclm\u00e9nyek k\u00f6z\u00f6tt meg\u00e9l.<\/p>\n<p>\u00dcltet\u00e9skor \u00fcgyelj\u00fcnk r\u00e1, hogy a magok egym\u00e1st\u00f3l kb. 2,5cm-re ker\u00fcljenek, nagyj\u00e1b\u00f3l 60mm m\u00e9lyre a talajban. A rukkol\u00e1t \u00fcltethetj\u00fck sorokban, vagy rendezetlen\u00fcl is, \u00fcgyelj\u00fcnk r\u00e1, hogy miut\u00e1n n\u00e9h\u00e1ny centisre n\u0151ttek, ritk\u00edtsuk meg \u0151ket \u00fagy, hogy minden ir\u00e1nyban legal\u00e1bb 15cm legyen k\u00f6z\u00f6tt\u00fck.<\/p>\n<p><strong>K\u00e9szlet\u00fcnk napi szinten v\u00e1ltozik, ez\u00e9rt k\u00e9rj\u00fck, \u00e9rdekl\u0151dj\u00f6n szem\u00e9lyesen, telefonon vagy email-en.<br \/>\nA v\u00e1ltoztat\u00e1s jog\u00e1t fenntartjuk!\u00a0<\/strong><\/p>\n<p><a href=\"https:\/\/tajkertesz.com\/\">https:\/\/tajkertesz.com\/<\/a><\/p>\n<p><a href=\"https:\/\/www.facebook.com\/tajkertesz\/\">https:\/\/www.facebook.com\/tajkertesz\/<\/a><\/p>\n<p>Kisz\u00e1ll\u00edt\u00e1s: 200cm-ig \u00a0\u00e9s 40 kg-ig a sz\u00e1ll\u00edt\u00e1s fut\u00e1rszolg\u00e1lattal \u00a0t\u00f6rt\u00e9nik!<\/p>\n<p>Szem\u00e9lyes \u00e1tv\u00e9tel nyitvatart\u00e1si id\u0151ben a 17. ker\u00fclet Bakancsos utca 7. sz\u00e1m alatti Kert\u00e9szeti \u00e1rud\u00e1ban<\/p>\n<p>Szem\u00e9lyes \u00e1tv\u00e9tel ak\u00e1r a mai napon, vagy h\u00e1zhozsz\u00e1ll\u00edt\u00e1s 1-2 napon bel\u00fcl!<\/p>\n<p>&nbsp;<\/p>\n<p>1173.Bp.Bakancsos u.7.<\/p>\n<p><a href=\"http:\/\/www.tajkertesz.com\">www.tajkertesz.com<\/a><\/p>\n<p>Kert\u00e9szeti kis-\u00e9s nagykeresked\u00e9s<\/p>\n<p>&nbsp;<\/p>\n<p>&nbsp;<\/p>","protected":false},"excerpt":{"rendered":"<p>Rukkola vet\u0151mag 2g.<\/p>\n<div>RUKOLA<\/div>\n<div><b>Gyors n\u00f6veked\u00e9s\u0171, vitamind\u00fas lev\u00e9lz\u00f6lds\u00e9g!<\/b><br \/>\nBalkonl\u00e1d\u00e1ban, cser\u00e9pben is termeszthet\u0151. Friss levelei f\u00f6ldimogyor\u00f3hoz hasonl\u00f3 \u00edz\u0171ek. Sal\u00e1t\u00e1khoz, levesekhez, pizz\u00e1k \u00edzes\u00edt\u00e9s\u00e9re haszn\u00e1lj\u00e1k, a mediterr\u00e1n konyh\u00e1k jellegzetess\u00e9ge.<\/div>","protected":false},"featured_media":14758,"template":"","meta":{"_et_pb_use_builder":"","_et_pb_old_content":"","_et_gb_content_width":""},"product_brand":[],"product_cat":[2881],"product_tag":[4138],"class_list":{"0":"post-14768","1":"product","2":"type-product","3":"status-publish","4":"has-post-thumbnail","6":"product_cat-zoldsegnoveny-vetomagok","7":"product_tag-vetomagok","9":"first","10":"instock","11":"shipping-taxable","12":"purchasable","13":"product-type-simple"},"yoast_head":"<!-- This site is optimized with the Yoast SEO plugin v27.5 - https:\/\/yoast.com\/product\/yoast-seo-wordpress\/ -->\n<title>Rukkola vet\u0151mag 2g. - T\u00e1jkert\u00e9sz<\/title>\n<meta name=\"description\" content=\"Rukkola vet\u0151mag 2g. V\u00e1s\u00e1roljon vet\u0151magokat kert\u00e9szeti web\u00e1ruh\u00e1zunkb\u00f3l h\u00e1zhozsz\u00e1ll\u00edt\u00e1ssal, vagy szem\u00e9lyesen kert\u00e9szet\u00fcnkb\u0151l.\" \/>\n<meta name=\"robots\" content=\"index, follow, max-snippet:-1, max-image-preview:large, max-video-preview:-1\" \/>\n<link rel=\"canonical\" href=\"https:\/\/tajkertesz.com\/en_US\/product\/rukkola-vetomag-2g\/\" \/>\n<meta property=\"og:locale\" content=\"en_US\" \/>\n<meta property=\"og:type\" content=\"article\" \/>\n<meta property=\"og:title\" content=\"Rukkola vet\u0151mag 2g. - T\u00e1jkert\u00e9sz\" \/>\n<meta property=\"og:description\" content=\"Rukkola vet\u0151mag 2g. V\u00e1s\u00e1roljon vet\u0151magokat kert\u00e9szeti web\u00e1ruh\u00e1zunkb\u00f3l h\u00e1zhozsz\u00e1ll\u00edt\u00e1ssal, vagy szem\u00e9lyesen kert\u00e9szet\u00fcnkb\u0151l.\" \/>\n<meta property=\"og:url\" content=\"https:\/\/tajkertesz.com\/en_US\/product\/rukkola-vetomag-2g\/\" \/>\n<meta property=\"og:site_name\" content=\"T\u00e1jkert\u00e9sz\" \/>\n<meta property=\"article:publisher\" content=\"https:\/\/www.facebook.com\/Tajkertesz\/\" \/>\n<meta property=\"article:modified_time\" content=\"2026-02-18T15:11:03+00:00\" \/>\n<meta property=\"og:image\" content=\"https:\/\/tajkertesz.com\/wp-content\/uploads\/2021\/10\/20230116_153224-1-scaled.jpg\" \/>\n\t<meta property=\"og:image:width\" content=\"1415\" \/>\n\t<meta property=\"og:image:height\" content=\"2560\" \/>\n\t<meta property=\"og:image:type\" content=\"image\/jpeg\" \/>\n<meta name=\"twitter:card\" content=\"summary_large_image\" \/>\n<meta name=\"twitter:label1\" content=\"Est. reading time\" \/>\n\t<meta name=\"twitter:data1\" content=\"2 minutes\" \/>\n<script type=\"application\/ld+json\" class=\"yoast-schema-graph\">{\"@context\":\"https:\\\/\\\/schema.org\",\"@graph\":[{\"@type\":\"WebPage\",\"@id\":\"https:\\\/\\\/tajkertesz.com\\\/termek\\\/rukkola-vetomag-2g\\\/\",\"url\":\"https:\\\/\\\/tajkertesz.com\\\/termek\\\/rukkola-vetomag-2g\\\/\",\"name\":\"Rukkola vet\u0151mag 2g. - T\u00e1jkert\u00e9sz\",\"isPartOf\":{\"@id\":\"https:\\\/\\\/tajkertesz.com\\\/#website\"},\"primaryImageOfPage\":{\"@id\":\"https:\\\/\\\/tajkertesz.com\\\/termek\\\/rukkola-vetomag-2g\\\/#primaryimage\"},\"image\":{\"@id\":\"https:\\\/\\\/tajkertesz.com\\\/termek\\\/rukkola-vetomag-2g\\\/#primaryimage\"},\"thumbnailUrl\":\"https:\\\/\\\/tajkertesz.com\\\/wp-content\\\/uploads\\\/2021\\\/10\\\/20230116_153224-1-scaled.jpg\",\"datePublished\":\"2023-01-16T15:07:12+00:00\",\"dateModified\":\"2026-02-18T15:11:03+00:00\",\"description\":\"Rukkola vet\u0151mag 2g. V\u00e1s\u00e1roljon vet\u0151magokat kert\u00e9szeti web\u00e1ruh\u00e1zunkb\u00f3l h\u00e1zhozsz\u00e1ll\u00edt\u00e1ssal, vagy szem\u00e9lyesen kert\u00e9szet\u00fcnkb\u0151l.\",\"breadcrumb\":{\"@id\":\"https:\\\/\\\/tajkertesz.com\\\/termek\\\/rukkola-vetomag-2g\\\/#breadcrumb\"},\"inLanguage\":\"en-US\",\"potentialAction\":[{\"@type\":\"ReadAction\",\"target\":[\"https:\\\/\\\/tajkertesz.com\\\/termek\\\/rukkola-vetomag-2g\\\/\"]}]},{\"@type\":\"ImageObject\",\"inLanguage\":\"en-US\",\"@id\":\"https:\\\/\\\/tajkertesz.com\\\/termek\\\/rukkola-vetomag-2g\\\/#primaryimage\",\"url\":\"https:\\\/\\\/tajkertesz.com\\\/wp-content\\\/uploads\\\/2021\\\/10\\\/20230116_153224-1-scaled.jpg\",\"contentUrl\":\"https:\\\/\\\/tajkertesz.com\\\/wp-content\\\/uploads\\\/2021\\\/10\\\/20230116_153224-1-scaled.jpg\",\"width\":1415,\"height\":2560},{\"@type\":\"BreadcrumbList\",\"@id\":\"https:\\\/\\\/tajkertesz.com\\\/termek\\\/rukkola-vetomag-2g\\\/#breadcrumb\",\"itemListElement\":[{\"@type\":\"ListItem\",\"position\":1,\"name\":\"Home\",\"item\":\"https:\\\/\\\/tajkertesz.com\\\/\"},{\"@type\":\"ListItem\",\"position\":2,\"name\":\"Kezd\u0151lap\",\"item\":\"https:\\\/\\\/tajkertesz.com\\\/\"},{\"@type\":\"ListItem\",\"position\":3,\"name\":\"Rukkola vet\u0151mag 2g.\"}]},{\"@type\":\"WebSite\",\"@id\":\"https:\\\/\\\/tajkertesz.com\\\/#website\",\"url\":\"https:\\\/\\\/tajkertesz.com\\\/\",\"name\":\"T\u00e1j-Kert\u00e9sz 84 Kft.\",\"description\":\"Kert\u00e9szeti kis- \u00e9s nagykeresked\u00e9s, D\u00edszn\u00f6v\u00e9ny web\u00e1ruh\u00e1z orsz\u00e1gos h\u00e1zhozsz\u00e1ll\u00edt\u00e1ssal!\",\"publisher\":{\"@id\":\"https:\\\/\\\/tajkertesz.com\\\/#organization\"},\"potentialAction\":[{\"@type\":\"SearchAction\",\"target\":{\"@type\":\"EntryPoint\",\"urlTemplate\":\"https:\\\/\\\/tajkertesz.com\\\/?s={search_term_string}\"},\"query-input\":{\"@type\":\"PropertyValueSpecification\",\"valueRequired\":true,\"valueName\":\"search_term_string\"}}],\"inLanguage\":\"en-US\"},{\"@type\":\"Organization\",\"@id\":\"https:\\\/\\\/tajkertesz.com\\\/#organization\",\"name\":\"T\u00e1j-Kert\u00e9sz 84 Kft.\",\"url\":\"https:\\\/\\\/tajkertesz.com\\\/\",\"logo\":{\"@type\":\"ImageObject\",\"inLanguage\":\"en-US\",\"@id\":\"https:\\\/\\\/tajkertesz.com\\\/#\\\/schema\\\/logo\\\/image\\\/\",\"url\":\"https:\\\/\\\/tajkertesz.com\\\/wp-content\\\/uploads\\\/2018\\\/02\\\/logo-2-e1518678052539.png\",\"contentUrl\":\"https:\\\/\\\/tajkertesz.com\\\/wp-content\\\/uploads\\\/2018\\\/02\\\/logo-2-e1518678052539.png\",\"width\":81,\"height\":140,\"caption\":\"T\u00e1j-Kert\u00e9sz 84 Kft.\"},\"image\":{\"@id\":\"https:\\\/\\\/tajkertesz.com\\\/#\\\/schema\\\/logo\\\/image\\\/\"},\"sameAs\":[\"https:\\\/\\\/www.facebook.com\\\/Tajkertesz\\\/\"]}]}<\/script>\n<!-- \/ Yoast SEO plugin. -->","yoast_head_json":{"title":"Rukkola vet\u0151mag 2g. - T\u00e1jkert\u00e9sz","description":"Rukkola vet\u0151mag 2g. V\u00e1s\u00e1roljon vet\u0151magokat kert\u00e9szeti web\u00e1ruh\u00e1zunkb\u00f3l h\u00e1zhozsz\u00e1ll\u00edt\u00e1ssal, vagy szem\u00e9lyesen kert\u00e9szet\u00fcnkb\u0151l.","robots":{"index":"index","follow":"follow","max-snippet":"max-snippet:-1","max-image-preview":"max-image-preview:large","max-video-preview":"max-video-preview:-1"},"canonical":"https:\/\/tajkertesz.com\/en_US\/product\/rukkola-vetomag-2g\/","og_locale":"en_US","og_type":"article","og_title":"Rukkola vet\u0151mag 2g. - T\u00e1jkert\u00e9sz","og_description":"Rukkola vet\u0151mag 2g. V\u00e1s\u00e1roljon vet\u0151magokat kert\u00e9szeti web\u00e1ruh\u00e1zunkb\u00f3l h\u00e1zhozsz\u00e1ll\u00edt\u00e1ssal, vagy szem\u00e9lyesen kert\u00e9szet\u00fcnkb\u0151l.","og_url":"https:\/\/tajkertesz.com\/en_US\/product\/rukkola-vetomag-2g\/","og_site_name":"T\u00e1jkert\u00e9sz","article_publisher":"https:\/\/www.facebook.com\/Tajkertesz\/","article_modified_time":"2026-02-18T15:11:03+00:00","og_image":[{"width":1415,"height":2560,"url":"https:\/\/tajkertesz.com\/wp-content\/uploads\/2021\/10\/20230116_153224-1-scaled.jpg","type":"image\/jpeg"}],"twitter_card":"summary_large_image","twitter_misc":{"Est. reading time":"2 minutes"},"schema":{"@context":"https:\/\/schema.org","@graph":[{"@type":"WebPage","@id":"https:\/\/tajkertesz.com\/termek\/rukkola-vetomag-2g\/","url":"https:\/\/tajkertesz.com\/termek\/rukkola-vetomag-2g\/","name":"Rukkola vet\u0151mag 2g. - T\u00e1jkert\u00e9sz","isPartOf":{"@id":"https:\/\/tajkertesz.com\/#website"},"primaryImageOfPage":{"@id":"https:\/\/tajkertesz.com\/termek\/rukkola-vetomag-2g\/#primaryimage"},"image":{"@id":"https:\/\/tajkertesz.com\/termek\/rukkola-vetomag-2g\/#primaryimage"},"thumbnailUrl":"https:\/\/tajkertesz.com\/wp-content\/uploads\/2021\/10\/20230116_153224-1-scaled.jpg","datePublished":"2023-01-16T15:07:12+00:00","dateModified":"2026-02-18T15:11:03+00:00","description":"Rukkola vet\u0151mag 2g. V\u00e1s\u00e1roljon vet\u0151magokat kert\u00e9szeti web\u00e1ruh\u00e1zunkb\u00f3l h\u00e1zhozsz\u00e1ll\u00edt\u00e1ssal, vagy szem\u00e9lyesen kert\u00e9szet\u00fcnkb\u0151l.","breadcrumb":{"@id":"https:\/\/tajkertesz.com\/termek\/rukkola-vetomag-2g\/#breadcrumb"},"inLanguage":"en-US","potentialAction":[{"@type":"ReadAction","target":["https:\/\/tajkertesz.com\/termek\/rukkola-vetomag-2g\/"]}]},{"@type":"ImageObject","inLanguage":"en-US","@id":"https:\/\/tajkertesz.com\/termek\/rukkola-vetomag-2g\/#primaryimage","url":"https:\/\/tajkertesz.com\/wp-content\/uploads\/2021\/10\/20230116_153224-1-scaled.jpg","contentUrl":"https:\/\/tajkertesz.com\/wp-content\/uploads\/2021\/10\/20230116_153224-1-scaled.jpg","width":1415,"height":2560},{"@type":"BreadcrumbList","@id":"https:\/\/tajkertesz.com\/termek\/rukkola-vetomag-2g\/#breadcrumb","itemListElement":[{"@type":"ListItem","position":1,"name":"Home","item":"https:\/\/tajkertesz.com\/"},{"@type":"ListItem","position":2,"name":"Kezd\u0151lap","item":"https:\/\/tajkertesz.com\/"},{"@type":"ListItem","position":3,"name":"Rukkola vet\u0151mag 2g."}]},{"@type":"WebSite","@id":"https:\/\/tajkertesz.com\/#website","url":"https:\/\/tajkertesz.com\/","name":"T\u00e1j-Kert\u00e9sz 84 Kft.","description":"Kert\u00e9szeti kis- \u00e9s nagykeresked\u00e9s, D\u00edszn\u00f6v\u00e9ny web\u00e1ruh\u00e1z orsz\u00e1gos h\u00e1zhozsz\u00e1ll\u00edt\u00e1ssal!","publisher":{"@id":"https:\/\/tajkertesz.com\/#organization"},"potentialAction":[{"@type":"SearchAction","target":{"@type":"EntryPoint","urlTemplate":"https:\/\/tajkertesz.com\/?s={search_term_string}"},"query-input":{"@type":"PropertyValueSpecification","valueRequired":true,"valueName":"search_term_string"}}],"inLanguage":"en-US"},{"@type":"Organization","@id":"https:\/\/tajkertesz.com\/#organization","name":"T\u00e1j-Kert\u00e9sz 84 Kft.","url":"https:\/\/tajkertesz.com\/","logo":{"@type":"ImageObject","inLanguage":"en-US","@id":"https:\/\/tajkertesz.com\/#\/schema\/logo\/image\/","url":"https:\/\/tajkertesz.com\/wp-content\/uploads\/2018\/02\/logo-2-e1518678052539.png","contentUrl":"https:\/\/tajkertesz.com\/wp-content\/uploads\/2018\/02\/logo-2-e1518678052539.png","width":81,"height":140,"caption":"T\u00e1j-Kert\u00e9sz 84 Kft."},"image":{"@id":"https:\/\/tajkertesz.com\/#\/schema\/logo\/image\/"},"sameAs":["https:\/\/www.facebook.com\/Tajkertesz\/"]}]}},"_links":{"self":[{"href":"https:\/\/tajkertesz.com\/en_US\/wp-json\/wp\/v2\/product\/14768","targetHints":{"allow":["GET"]}}],"collection":[{"href":"https:\/\/tajkertesz.com\/en_US\/wp-json\/wp\/v2\/product"}],"about":[{"href":"https:\/\/tajkertesz.com\/en_US\/wp-json\/wp\/v2\/types\/product"}],"wp:featuredmedia":[{"embeddable":true,"href":"https:\/\/tajkertesz.com\/en_US\/wp-json\/wp\/v2\/media\/14758"}],"wp:attachment":[{"href":"https:\/\/tajkertesz.com\/en_US\/wp-json\/wp\/v2\/media?parent=14768"}],"wp:term":[{"taxonomy":"product_brand","embeddable":true,"href":"https:\/\/tajkertesz.com\/en_US\/wp-json\/wp\/v2\/product_brand?post=14768"},{"taxonomy":"product_cat","embeddable":true,"href":"https:\/\/tajkertesz.com\/en_US\/wp-json\/wp\/v2\/product_cat?post=14768"},{"taxonomy":"product_tag","embeddable":true,"href":"https:\/\/tajkertesz.com\/en_US\/wp-json\/wp\/v2\/product_tag?post=14768"}],"curies":[{"name":"wp","href":"https:\/\/api.w.org\/{rel}","templated":true}]}}