{"id":14808,"date":"2023-01-17T14:18:03","date_gmt":"2023-01-17T14:18:03","guid":{"rendered":"https:\/\/tajkertesz.com\/?post_type=product&#038;p=14808"},"modified":"2026-02-18T15:10:32","modified_gmt":"2026-02-18T15:10:32","slug":"bab-zalan-szarazbab","status":"publish","type":"product","link":"https:\/\/tajkertesz.com\/en_US\/product\/bab-zalan-szarazbab\/","title":{"rendered":"Bab Zal\u00e1n sz\u00e1razbab 30g"},"content":{"rendered":"<h2>Bab Zal\u00e1n sz\u00e1razbab<\/h2>\n<p>Kar\u00f3sbab\u00a0(Phaseolus vulgaris)<\/p>\n<p>R\u00e9dei Kertimag vet\u0151mag<\/p>\n<table class=\"csoportinfo\" cellspacing=\"0\">\n<tbody>\n<tr class=\"csoportinfofejlec\">\n<td class=\"csoportinfofejlec\" width=\"15%\">magsz\u00e1m\/gramm<\/td>\n<td class=\"csoportinfofejlec\" width=\"19%\">vet\u0151magig\u00e9ny g\/10nm<\/td>\n<td class=\"csoportinfofejlec\" width=\"18%\">vet\u00e9sid\u0151 szabadf\u00f6ldi termeszt\u00e9shez<\/td>\n<td class=\"csoportinfofejlec\" width=\"13%\">vet\u00e9sm\u00e9lys\u00e9g cm<\/td>\n<td class=\"csoportinfofejlec\" width=\"21%\">sor- \u00e9s t\u0151t\u00e1vols\u00e1g cm<\/td>\n<td class=\"csoportinfofejlec\" width=\"14%\">cs\u00edr\u00e1z\u00e1si nap<br \/>\n10-14C fokon<\/td>\n<\/tr>\n<tr class=\"csoportinfotorzs\">\n<td class=\"csoportinfotorzs\">2-4<\/td>\n<td class=\"csoportinfotorzs\">80-120 bokorbabn\u00e1l<\/td>\n<td class=\"csoportinfotorzs\">IV-VI. h\u00f3nap<\/td>\n<td class=\"csoportinfotorzs\">3-4<\/td>\n<td class=\"csoportinfotorzs\">40-50&#215;5-8 sorba<br \/>\n40&#215;40-re 3-4 szem, f\u00e9szekbe<br \/>\n100&#215;50 kar\u00f3sbabn\u00e1l<\/td>\n<td class=\"csoportinfotorzs\">10-14 nap<\/td>\n<\/tr>\n<\/tbody>\n<\/table>\n<p><b>A babfajt\u00e1kat csoportos\u00edthatjuk:<\/b><br \/>\n<b>&#8211; n\u00f6veked\u00e9s szerint:<\/b>\u00a0bokorbabok, kar\u00f3s (fut\u00f3) babok,<br \/>\n<b>&#8211; h\u00fcvelyek sz\u00edne szerint:<\/b>\u00a0s\u00e1rgah\u00fcvely\u0171, z\u00f6ldh\u00fcvely\u0171k<br \/>\n<b>&#8211; h\u00fcvelyek keresztmetszete szerint:<\/b>\u00a0kerek (a nagyon v\u00e9kony 7-8 mm \u00e1tm\u00e9r\u0151j\u0171 &#8222;ceruzabab&#8221;), ov\u00e1lis, lapos,<br \/>\n<b>&#8211; felhaszn\u00e1l\u00e1s szerint:<\/b>\u00a0z\u00f6ldbab, kifejt\u0151- \u00e9s sz\u00e1razbab.<br \/>\n\u00dajabban a modern konyha kedvelt babfajt\u00e1ja az \u00fagynevezett ROMANO t\u00edpus\u00fa bab (pl. az Artemis fajta), amely z\u00f6ld, lapos h\u00fcvely\u0171, sz\u00e1razbab, sal\u00e1tabab.<br \/>\nA bab nagyon meleg- \u00e9s f\u00e9nyig\u00e9nyes n\u00f6v\u00e9ny, csak \u00e1prilis v\u00e9g\u00e9t\u0151l vethet\u0151, amikor m\u00e1r 10 \u00b0C f\u00f6l\u00e9 emelkedett a talaj h\u0151m\u00e9rs\u00e9klete. A bokorbabokat vethetj\u00fck m\u00e1sodn\u00f6v\u00e9nyk\u00e9nt is a kora tavaszi z\u00f6lds\u00e9gf\u00e9l\u00e9k ut\u00e1n, eg\u00e9szen j\u00fanius v\u00e9g\u00e9ig. A bab gyenge t\u00e1panyagfogyaszt\u00f3 n\u00f6v\u00e9ny, a gy\u00f6kerein l\u00e9v\u0151 bakt\u00e9riumok megk\u00f6tik a leveg\u0151 nitrog\u00e9nj\u00e9t. Vir\u00e1gz\u00e1s idej\u00e9n nagy a v\u00edzig\u00e9nye. Sz\u00e1razs\u00e1gban f\u0151k\u00e9nt a kar\u00f3sbab ledobhatja a vir\u00e1gait.<br \/>\n<b>J\u00f3 szomsz\u00e9dja:<\/b>\u00a0a k\u00e1posztaf\u00e9l\u00e9k, uborka, zeller, burgonya. Ne ker\u00fclj\u00f6n hagyma, fokhagyma vagy bors\u00f3 k\u00f6zel\u00e9be.<br \/>\n<b>Tipp:<br \/>\n1.<\/b>\u00a0vess\u00fcnk borsf\u00fcvet a bokorbab k\u00f6z\u00e9, \u00edgy elker\u00fclik a fekete lev\u00e9ltetvek.<br \/>\n<b>2.<\/b>\u00a0A kar\u00f3sbabok k\u00f6z\u00fcl a d\u00edszbab (t\u0171zbab) kiv\u00e1l\u00f3 takar\u00f3n\u00f6v\u00e9ny, mivel a 3 m\u00e9teres magass\u00e1got is el\u00e9ri. Balkonon is vethet\u00fcnk d\u00e9zs\u00e1ba 2-3 szem t\u0171zbabot, \u00edgy \u00e1rny\u00e9kol\u00f3 \u00e9s takar\u00f3 szerepe mellett \u00e9l\u00e9nkpiros vir\u00e1gaival eg\u00e9sz ny\u00e1ron d\u00edsz\u00edt.<br \/>\n<b>3.<\/b>\u00a0Fagyaszt\u00e1s el\u0151tt a z\u00f6ldbabot \u00e9s a kifejt\u0151babot blans\u00edrozzuk, vagyis p\u00e1r percig f\u0151zz\u00fck, majd hideg v\u00edzzel le\u00f6bl\u00edtj\u00fck. V\u00e9g\u00fcl hagyjuk a vizet j\u00f3l lecsepegni r\u00f3la \u00e9s ez ut\u00e1n tehetj\u00fck zacsk\u00f3ba, majd a fagyaszt\u00f3ba. Blans\u00edroz\u00e1ssal a z\u00f6lds\u00e9g sok\u00e1ig t\u00e1rolhat\u00f3 a m\u00e9lyh\u0171t\u0151ben. A forr\u00f3 v\u00edzben ugyanis megsemmis\u00fclnek azok az enzimek, amelyek megt\u00e1madn\u00e1k a vitaminokat, \u00e1sv\u00e1nyi anyagokat.<br \/>\n<b>4.<\/b>\u00a0A sz\u00e1razbabnak val\u00f3 babot teljes \u00e9r\u00e9skor (augusztus-szeptember) szedj\u00fck \u00e9s 48 \u00f3r\u00e1ra a m\u00e9lyh\u0171t\u0151be helyezz\u00fck zsizsiktelen\u00edt\u00e9sre.<\/p>\n<p><strong>K\u00e9szlet\u00fcnk napi szinten v\u00e1ltozik, ez\u00e9rt k\u00e9rj\u00fck, \u00e9rdekl\u0151dj\u00f6n szem\u00e9lyesen, telefonon vagy email-en.<br \/>\nA v\u00e1ltoztat\u00e1s jog\u00e1t fenntartjuk!\u00a0<\/strong><\/p>\n<p><a href=\"https:\/\/tajkertesz.com\/\">https:\/\/tajkertesz.com\/<\/a><\/p>\n<p><a href=\"https:\/\/www.facebook.com\/tajkertesz\/\">https:\/\/www.facebook.com\/tajkertesz\/<\/a><\/p>\n<p>Kisz\u00e1ll\u00edt\u00e1s: 200cm-ig \u00a0\u00e9s 40 kg-ig a sz\u00e1ll\u00edt\u00e1s fut\u00e1rszolg\u00e1lattal \u00a0t\u00f6rt\u00e9nik!<\/p>\n<p>Szem\u00e9lyes \u00e1tv\u00e9tel nyitvatart\u00e1si id\u0151ben a 17. ker\u00fclet Bakancsos utca 7. sz\u00e1m alatti Kert\u00e9szeti \u00e1rud\u00e1ban<\/p>\n<p>&nbsp;<\/p>\n<p>Szem\u00e9lyes \u00e1tv\u00e9tel ak\u00e1r a mai napon, vagy h\u00e1zhozsz\u00e1ll\u00edt\u00e1s 1-2 napon bel\u00fcl!<\/p>\n<p>&nbsp;<\/p>\n<p>1173.Bp.Bakancsos u.7.<\/p>\n<p><a href=\"http:\/\/www.tajkertesz.com\">www.tajkertesz.com<\/a><\/p>\n<p>Kert\u00e9szeti kis-\u00e9s nagykeresked\u00e9s<\/p>\n<p>&nbsp;<\/p>","protected":false},"excerpt":{"rendered":"<p>Bab Zal\u00e1n sz\u00e1razbab<\/p>\n<div>ZAL\u00c1N<\/div>\n<div><b>Nagy szem\u0171 Lima bab!<\/b><br \/>\nK\u00e9s\u0151i, 2-3 m\u00e9terre is megn\u00f6v\u0151, t\u00e1mrendszert ig\u00e9nyl\u0151, nagy szem\u0171 tarka Lima-bab. H\u00fcvelye 10-12 cm hossz\u00fa \u00e9s 2,5 cm sz\u00e9les, melyben 3-4 lapos, nagym\u00e9ret\u0171, sz\u00e9p piros-barn\u00e1s rajzolat\u00fa mag fejl\u0151dik. Zsenge magja a z\u00f6ldbabhoz, sz\u00e1raz magja pedig az \u00e9tkez\u00e9si babhoz hasonl\u00f3an k\u00e9sz\u00edthet\u0151 el. Sz\u00e1razbabnak teljes \u00e9r\u00e9s ut\u00e1n szedj\u00fck.<\/div>","protected":false},"featured_media":14802,"template":"","meta":{"_et_pb_use_builder":"","_et_pb_old_content":"","_et_gb_content_width":""},"product_brand":[],"product_cat":[2881],"product_tag":[4138],"class_list":{"0":"post-14808","1":"product","2":"type-product","3":"status-publish","4":"has-post-thumbnail","6":"product_cat-zoldsegnoveny-vetomagok","7":"product_tag-vetomagok","9":"first","10":"instock","11":"shipping-taxable","12":"purchasable","13":"product-type-simple"},"yoast_head":"<!-- This site is optimized with the Yoast SEO plugin v27.3 - https:\/\/yoast.com\/product\/yoast-seo-wordpress\/ -->\n<title>Bab Zal\u00e1n sz\u00e1razbab 30g - T\u00e1jkert\u00e9sz<\/title>\n<meta name=\"description\" content=\"Bab Zal\u00e1n sz\u00e1razbab. V\u00e1s\u00e1roljon vet\u0151magokat kert\u00e9szeti web\u00e1ruh\u00e1zunkb\u00f3l h\u00e1zhozsz\u00e1ll\u00edt\u00e1ssal, vagy szem\u00e9lyesen kert\u00e9szet\u00fcnkb\u0151l.\" \/>\n<meta name=\"robots\" content=\"index, follow, max-snippet:-1, max-image-preview:large, max-video-preview:-1\" \/>\n<link rel=\"canonical\" href=\"https:\/\/tajkertesz.com\/en_US\/product\/bab-zalan-szarazbab\/\" \/>\n<meta property=\"og:locale\" content=\"en_US\" \/>\n<meta property=\"og:type\" content=\"article\" \/>\n<meta property=\"og:title\" content=\"Bab Zal\u00e1n sz\u00e1razbab 30g - T\u00e1jkert\u00e9sz\" \/>\n<meta property=\"og:description\" content=\"Bab Zal\u00e1n sz\u00e1razbab. V\u00e1s\u00e1roljon vet\u0151magokat kert\u00e9szeti web\u00e1ruh\u00e1zunkb\u00f3l h\u00e1zhozsz\u00e1ll\u00edt\u00e1ssal, vagy szem\u00e9lyesen kert\u00e9szet\u00fcnkb\u0151l.\" \/>\n<meta property=\"og:url\" content=\"https:\/\/tajkertesz.com\/en_US\/product\/bab-zalan-szarazbab\/\" \/>\n<meta property=\"og:site_name\" content=\"T\u00e1jkert\u00e9sz\" \/>\n<meta property=\"article:publisher\" content=\"https:\/\/www.facebook.com\/Tajkertesz\/\" \/>\n<meta property=\"article:modified_time\" content=\"2026-02-18T15:10:32+00:00\" \/>\n<meta property=\"og:image\" content=\"https:\/\/tajkertesz.com\/wp-content\/uploads\/2021\/06\/20230117_145802-1-scaled.jpg\" \/>\n\t<meta property=\"og:image:width\" content=\"1574\" \/>\n\t<meta property=\"og:image:height\" content=\"2560\" \/>\n\t<meta property=\"og:image:type\" content=\"image\/jpeg\" \/>\n<meta name=\"twitter:card\" content=\"summary_large_image\" \/>\n<meta name=\"twitter:label1\" content=\"Est. reading time\" \/>\n\t<meta name=\"twitter:data1\" content=\"3 minutes\" \/>\n<script type=\"application\/ld+json\" class=\"yoast-schema-graph\">{\"@context\":\"https:\\\/\\\/schema.org\",\"@graph\":[{\"@type\":\"WebPage\",\"@id\":\"https:\\\/\\\/tajkertesz.com\\\/termek\\\/bab-zalan-szarazbab\\\/\",\"url\":\"https:\\\/\\\/tajkertesz.com\\\/termek\\\/bab-zalan-szarazbab\\\/\",\"name\":\"Bab Zal\u00e1n sz\u00e1razbab 30g - T\u00e1jkert\u00e9sz\",\"isPartOf\":{\"@id\":\"https:\\\/\\\/tajkertesz.com\\\/#website\"},\"primaryImageOfPage\":{\"@id\":\"https:\\\/\\\/tajkertesz.com\\\/termek\\\/bab-zalan-szarazbab\\\/#primaryimage\"},\"image\":{\"@id\":\"https:\\\/\\\/tajkertesz.com\\\/termek\\\/bab-zalan-szarazbab\\\/#primaryimage\"},\"thumbnailUrl\":\"https:\\\/\\\/tajkertesz.com\\\/wp-content\\\/uploads\\\/2021\\\/06\\\/20230117_145802-1-scaled.jpg\",\"datePublished\":\"2023-01-17T14:18:03+00:00\",\"dateModified\":\"2026-02-18T15:10:32+00:00\",\"description\":\"Bab Zal\u00e1n sz\u00e1razbab. V\u00e1s\u00e1roljon vet\u0151magokat kert\u00e9szeti web\u00e1ruh\u00e1zunkb\u00f3l h\u00e1zhozsz\u00e1ll\u00edt\u00e1ssal, vagy szem\u00e9lyesen kert\u00e9szet\u00fcnkb\u0151l.\",\"breadcrumb\":{\"@id\":\"https:\\\/\\\/tajkertesz.com\\\/termek\\\/bab-zalan-szarazbab\\\/#breadcrumb\"},\"inLanguage\":\"en-US\",\"potentialAction\":[{\"@type\":\"ReadAction\",\"target\":[\"https:\\\/\\\/tajkertesz.com\\\/termek\\\/bab-zalan-szarazbab\\\/\"]}]},{\"@type\":\"ImageObject\",\"inLanguage\":\"en-US\",\"@id\":\"https:\\\/\\\/tajkertesz.com\\\/termek\\\/bab-zalan-szarazbab\\\/#primaryimage\",\"url\":\"https:\\\/\\\/tajkertesz.com\\\/wp-content\\\/uploads\\\/2021\\\/06\\\/20230117_145802-1-scaled.jpg\",\"contentUrl\":\"https:\\\/\\\/tajkertesz.com\\\/wp-content\\\/uploads\\\/2021\\\/06\\\/20230117_145802-1-scaled.jpg\",\"width\":1574,\"height\":2560},{\"@type\":\"BreadcrumbList\",\"@id\":\"https:\\\/\\\/tajkertesz.com\\\/termek\\\/bab-zalan-szarazbab\\\/#breadcrumb\",\"itemListElement\":[{\"@type\":\"ListItem\",\"position\":1,\"name\":\"Home\",\"item\":\"https:\\\/\\\/tajkertesz.com\\\/\"},{\"@type\":\"ListItem\",\"position\":2,\"name\":\"Kezd\u0151lap\",\"item\":\"https:\\\/\\\/tajkertesz.com\\\/\"},{\"@type\":\"ListItem\",\"position\":3,\"name\":\"Bab Zal\u00e1n sz\u00e1razbab 30g\"}]},{\"@type\":\"WebSite\",\"@id\":\"https:\\\/\\\/tajkertesz.com\\\/#website\",\"url\":\"https:\\\/\\\/tajkertesz.com\\\/\",\"name\":\"T\u00e1j-Kert\u00e9sz 84 Kft.\",\"description\":\"Kert\u00e9szeti kis- \u00e9s nagykeresked\u00e9s, D\u00edszn\u00f6v\u00e9ny web\u00e1ruh\u00e1z orsz\u00e1gos h\u00e1zhozsz\u00e1ll\u00edt\u00e1ssal!\",\"publisher\":{\"@id\":\"https:\\\/\\\/tajkertesz.com\\\/#organization\"},\"potentialAction\":[{\"@type\":\"SearchAction\",\"target\":{\"@type\":\"EntryPoint\",\"urlTemplate\":\"https:\\\/\\\/tajkertesz.com\\\/?s={search_term_string}\"},\"query-input\":{\"@type\":\"PropertyValueSpecification\",\"valueRequired\":true,\"valueName\":\"search_term_string\"}}],\"inLanguage\":\"en-US\"},{\"@type\":\"Organization\",\"@id\":\"https:\\\/\\\/tajkertesz.com\\\/#organization\",\"name\":\"T\u00e1j-Kert\u00e9sz 84 Kft.\",\"url\":\"https:\\\/\\\/tajkertesz.com\\\/\",\"logo\":{\"@type\":\"ImageObject\",\"inLanguage\":\"en-US\",\"@id\":\"https:\\\/\\\/tajkertesz.com\\\/#\\\/schema\\\/logo\\\/image\\\/\",\"url\":\"https:\\\/\\\/tajkertesz.com\\\/wp-content\\\/uploads\\\/2018\\\/02\\\/logo-2-e1518678052539.png\",\"contentUrl\":\"https:\\\/\\\/tajkertesz.com\\\/wp-content\\\/uploads\\\/2018\\\/02\\\/logo-2-e1518678052539.png\",\"width\":81,\"height\":140,\"caption\":\"T\u00e1j-Kert\u00e9sz 84 Kft.\"},\"image\":{\"@id\":\"https:\\\/\\\/tajkertesz.com\\\/#\\\/schema\\\/logo\\\/image\\\/\"},\"sameAs\":[\"https:\\\/\\\/www.facebook.com\\\/Tajkertesz\\\/\"]}]}<\/script>\n<!-- \/ Yoast SEO plugin. -->","yoast_head_json":{"title":"Bab Zal\u00e1n sz\u00e1razbab 30g - T\u00e1jkert\u00e9sz","description":"Bab Zal\u00e1n sz\u00e1razbab. V\u00e1s\u00e1roljon vet\u0151magokat kert\u00e9szeti web\u00e1ruh\u00e1zunkb\u00f3l h\u00e1zhozsz\u00e1ll\u00edt\u00e1ssal, vagy szem\u00e9lyesen kert\u00e9szet\u00fcnkb\u0151l.","robots":{"index":"index","follow":"follow","max-snippet":"max-snippet:-1","max-image-preview":"max-image-preview:large","max-video-preview":"max-video-preview:-1"},"canonical":"https:\/\/tajkertesz.com\/en_US\/product\/bab-zalan-szarazbab\/","og_locale":"en_US","og_type":"article","og_title":"Bab Zal\u00e1n sz\u00e1razbab 30g - T\u00e1jkert\u00e9sz","og_description":"Bab Zal\u00e1n sz\u00e1razbab. V\u00e1s\u00e1roljon vet\u0151magokat kert\u00e9szeti web\u00e1ruh\u00e1zunkb\u00f3l h\u00e1zhozsz\u00e1ll\u00edt\u00e1ssal, vagy szem\u00e9lyesen kert\u00e9szet\u00fcnkb\u0151l.","og_url":"https:\/\/tajkertesz.com\/en_US\/product\/bab-zalan-szarazbab\/","og_site_name":"T\u00e1jkert\u00e9sz","article_publisher":"https:\/\/www.facebook.com\/Tajkertesz\/","article_modified_time":"2026-02-18T15:10:32+00:00","og_image":[{"width":1574,"height":2560,"url":"https:\/\/tajkertesz.com\/wp-content\/uploads\/2021\/06\/20230117_145802-1-scaled.jpg","type":"image\/jpeg"}],"twitter_card":"summary_large_image","twitter_misc":{"Est. reading time":"3 minutes"},"schema":{"@context":"https:\/\/schema.org","@graph":[{"@type":"WebPage","@id":"https:\/\/tajkertesz.com\/termek\/bab-zalan-szarazbab\/","url":"https:\/\/tajkertesz.com\/termek\/bab-zalan-szarazbab\/","name":"Bab Zal\u00e1n sz\u00e1razbab 30g - T\u00e1jkert\u00e9sz","isPartOf":{"@id":"https:\/\/tajkertesz.com\/#website"},"primaryImageOfPage":{"@id":"https:\/\/tajkertesz.com\/termek\/bab-zalan-szarazbab\/#primaryimage"},"image":{"@id":"https:\/\/tajkertesz.com\/termek\/bab-zalan-szarazbab\/#primaryimage"},"thumbnailUrl":"https:\/\/tajkertesz.com\/wp-content\/uploads\/2021\/06\/20230117_145802-1-scaled.jpg","datePublished":"2023-01-17T14:18:03+00:00","dateModified":"2026-02-18T15:10:32+00:00","description":"Bab Zal\u00e1n sz\u00e1razbab. V\u00e1s\u00e1roljon vet\u0151magokat kert\u00e9szeti web\u00e1ruh\u00e1zunkb\u00f3l h\u00e1zhozsz\u00e1ll\u00edt\u00e1ssal, vagy szem\u00e9lyesen kert\u00e9szet\u00fcnkb\u0151l.","breadcrumb":{"@id":"https:\/\/tajkertesz.com\/termek\/bab-zalan-szarazbab\/#breadcrumb"},"inLanguage":"en-US","potentialAction":[{"@type":"ReadAction","target":["https:\/\/tajkertesz.com\/termek\/bab-zalan-szarazbab\/"]}]},{"@type":"ImageObject","inLanguage":"en-US","@id":"https:\/\/tajkertesz.com\/termek\/bab-zalan-szarazbab\/#primaryimage","url":"https:\/\/tajkertesz.com\/wp-content\/uploads\/2021\/06\/20230117_145802-1-scaled.jpg","contentUrl":"https:\/\/tajkertesz.com\/wp-content\/uploads\/2021\/06\/20230117_145802-1-scaled.jpg","width":1574,"height":2560},{"@type":"BreadcrumbList","@id":"https:\/\/tajkertesz.com\/termek\/bab-zalan-szarazbab\/#breadcrumb","itemListElement":[{"@type":"ListItem","position":1,"name":"Home","item":"https:\/\/tajkertesz.com\/"},{"@type":"ListItem","position":2,"name":"Kezd\u0151lap","item":"https:\/\/tajkertesz.com\/"},{"@type":"ListItem","position":3,"name":"Bab Zal\u00e1n sz\u00e1razbab 30g"}]},{"@type":"WebSite","@id":"https:\/\/tajkertesz.com\/#website","url":"https:\/\/tajkertesz.com\/","name":"T\u00e1j-Kert\u00e9sz 84 Kft.","description":"Kert\u00e9szeti kis- \u00e9s nagykeresked\u00e9s, D\u00edszn\u00f6v\u00e9ny web\u00e1ruh\u00e1z orsz\u00e1gos h\u00e1zhozsz\u00e1ll\u00edt\u00e1ssal!","publisher":{"@id":"https:\/\/tajkertesz.com\/#organization"},"potentialAction":[{"@type":"SearchAction","target":{"@type":"EntryPoint","urlTemplate":"https:\/\/tajkertesz.com\/?s={search_term_string}"},"query-input":{"@type":"PropertyValueSpecification","valueRequired":true,"valueName":"search_term_string"}}],"inLanguage":"en-US"},{"@type":"Organization","@id":"https:\/\/tajkertesz.com\/#organization","name":"T\u00e1j-Kert\u00e9sz 84 Kft.","url":"https:\/\/tajkertesz.com\/","logo":{"@type":"ImageObject","inLanguage":"en-US","@id":"https:\/\/tajkertesz.com\/#\/schema\/logo\/image\/","url":"https:\/\/tajkertesz.com\/wp-content\/uploads\/2018\/02\/logo-2-e1518678052539.png","contentUrl":"https:\/\/tajkertesz.com\/wp-content\/uploads\/2018\/02\/logo-2-e1518678052539.png","width":81,"height":140,"caption":"T\u00e1j-Kert\u00e9sz 84 Kft."},"image":{"@id":"https:\/\/tajkertesz.com\/#\/schema\/logo\/image\/"},"sameAs":["https:\/\/www.facebook.com\/Tajkertesz\/"]}]}},"_links":{"self":[{"href":"https:\/\/tajkertesz.com\/en_US\/wp-json\/wp\/v2\/product\/14808","targetHints":{"allow":["GET"]}}],"collection":[{"href":"https:\/\/tajkertesz.com\/en_US\/wp-json\/wp\/v2\/product"}],"about":[{"href":"https:\/\/tajkertesz.com\/en_US\/wp-json\/wp\/v2\/types\/product"}],"wp:featuredmedia":[{"embeddable":true,"href":"https:\/\/tajkertesz.com\/en_US\/wp-json\/wp\/v2\/media\/14802"}],"wp:attachment":[{"href":"https:\/\/tajkertesz.com\/en_US\/wp-json\/wp\/v2\/media?parent=14808"}],"wp:term":[{"taxonomy":"product_brand","embeddable":true,"href":"https:\/\/tajkertesz.com\/en_US\/wp-json\/wp\/v2\/product_brand?post=14808"},{"taxonomy":"product_cat","embeddable":true,"href":"https:\/\/tajkertesz.com\/en_US\/wp-json\/wp\/v2\/product_cat?post=14808"},{"taxonomy":"product_tag","embeddable":true,"href":"https:\/\/tajkertesz.com\/en_US\/wp-json\/wp\/v2\/product_tag?post=14808"}],"curies":[{"name":"wp","href":"https:\/\/api.w.org\/{rel}","templated":true}]}}