{"id":14836,"date":"2023-01-18T11:34:06","date_gmt":"2023-01-18T11:34:06","guid":{"rendered":"https:\/\/tajkertesz.com\/?post_type=product&#038;p=14836"},"modified":"2026-02-04T12:14:18","modified_gmt":"2026-02-04T12:14:18","slug":"borso-debreceni-korai-velo-250g","status":"publish","type":"product","link":"https:\/\/tajkertesz.com\/en_US\/product\/borso-debreceni-korai-velo-250g\/","title":{"rendered":"Bors\u00f3 Debreceni Korai vel\u0151 250g."},"content":{"rendered":"<h2>Bors\u00f3 Debreceni Korai vel\u0151 250g.<\/h2>\n<p>Vel\u0151bors\u00f3\u00a0(Pisum sativum)<\/p>\n<h2>Bors\u00f3 Debreceni Korai vel\u0151bors\u00f3 vet\u0151mag 250g-os kiszerel\u00e9sben<\/h2>\n<p>R\u00e9dei Kertimag<\/p>\n<p>A bors\u00f3 az egyik legnagyobb mennyis\u00e9gben termesztett z\u00f6lds\u00e9gf\u00e9l\u00e9nk. A frissen szedett h\u00e1zikerti z\u00f6ldbors\u00f3 \u00edze a legfinomabb.<br \/>\n<b>Tudta-e, hogy:<\/b>\u00a0a konzervbors\u00f3nak m\u00e1r betakar\u00edt\u00e1skor, a sz\u00e1ll\u00edt\u00e1s alatt is romlik a min\u0151s\u00e9ge, mivel a sz\u0151l\u0151cukor hamar \u00e1talakul kem\u00e9ny\u00edt\u0151v\u00e9?<br \/>\n<b>Tipp:<br \/>\n1.<\/b>\u00a0Vess\u00fcnk egy\u00fctt k\u00fcl\u00f6nb\u00f6z\u0151 \u00e9r\u00e9sidej\u0171 bors\u00f3fajt\u00e1kat, hogy hosszabb id\u0151n \u00e1t szedhess\u00fcnk friss bors\u00f3t. Hely\u00e9re kelk\u00e1poszt\u00e1t, karal\u00e1b\u00e9t, c\u00e9kl\u00e1t vethet\u00fcnk.\u00a0<b>2.<\/b>\u00a0A z\u00f6ldbors\u00f3 meg\u0151rzi eredeti sz\u00edn\u00e9t, ha kev\u00e9s cukrot tesz\u00fcnk a f\u0151z\u0151viz\u00e9hez.<br \/>\n<b>Javaslatok a z\u00f6ldbors\u00f3 h\u00e1zi fagyaszt\u00e1shoz:<\/b>\u00a0szed\u00e9s ut\u00e1n a friss bors\u00f3t megtiszt\u00edtjuk, megmossuk \u00e9s el\u0151f\u0151zz\u00fck (blans\u00edrozzuk). Ezt v\u00e9gezhetj\u00fck mikrohull\u00e1m\u00fa s\u00fct\u0151ben, mennyis\u00e9gt\u0151l f\u00fcgg\u0151en 8-10 percig 650-700 Watt teljes\u00edtm\u00e9nyen, vagy 5-10 liter forr\u00f3 v\u00edzbe s\u00fcllyesztve, \u00fajraforral\u00e1st\u00f3l sz\u00e1m\u00edtva 3-5 percig. A forr\u00f3 bors\u00f3t hideg v\u00edzzel le\u00f6bl\u00edtj\u00fck, hagyjuk sz\u00e1radni, majd l\u00e9gmentesen csomagoljuk. A bors\u00f3szemek &#8222;gurul\u00f3sak&#8221; maradnak, ha t\u00e1lc\u00e1n elsim\u00edtva el\u0151fagyasztjuk \u00e9s ut\u00e1na csomagoljuk polietil\u00e9n tasakba.<\/p>\n<table class=\"csoportinfo\" cellspacing=\"0\">\n<tbody>\n<tr class=\"csoportinfofejlec\">\n<td class=\"csoportinfofejlec\" width=\"15%\">1000 szem s\u00falya<\/td>\n<td class=\"csoportinfofejlec\" width=\"19%\">vet\u0151magig\u00e9ny g\/10nm<\/td>\n<td class=\"csoportinfofejlec\" width=\"18%\">vet\u00e9sid\u0151 szabadf\u00f6ldi termeszt\u00e9shez<\/td>\n<td class=\"csoportinfofejlec\" width=\"13%\">vet\u00e9sm\u00e9lys\u00e9g<br \/>\ncm<\/td>\n<td class=\"csoportinfofejlec\" width=\"21%\">sor- \u00e9s t\u0151t\u00e1vols\u00e1g cm<\/td>\n<td class=\"csoportinfofejlec\" width=\"14%\">cs\u00edr\u00e1z\u00e1si nap<br \/>\n8-14C fokon<\/td>\n<\/tr>\n<tr class=\"csoportinfotorzs\">\n<td class=\"csoportinfotorzs\">200-350 g<\/td>\n<td class=\"csoportinfotorzs\">200-300<\/td>\n<td class=\"csoportinfotorzs\">III-IV. h\u00f3nap<\/td>\n<td class=\"csoportinfotorzs\">3-4<\/td>\n<td class=\"csoportinfotorzs\">40&#215;3-5<\/td>\n<td class=\"csoportinfotorzs\">8-14 nap<\/td>\n<\/tr>\n<\/tbody>\n<\/table>\n<p><strong>K\u00e9szlet\u00fcnk napi szinten v\u00e1ltozik, ez\u00e9rt k\u00e9rj\u00fck, \u00e9rdekl\u0151dj\u00f6n szem\u00e9lyesen, telefonon vagy email-en.<br \/>\nA v\u00e1ltoztat\u00e1s jog\u00e1t fenntartjuk!\u00a0<\/strong><\/p>\n<p><a href=\"https:\/\/tajkertesz.com\/\">https:\/\/tajkertesz.com\/<\/a><\/p>\n<p><a href=\"https:\/\/www.facebook.com\/tajkertesz\/\">https:\/\/www.facebook.com\/tajkertesz\/<\/a><\/p>\n<p>Kisz\u00e1ll\u00edt\u00e1s: 200cm-ig \u00a0\u00e9s 40 kg-ig a sz\u00e1ll\u00edt\u00e1s fut\u00e1rszolg\u00e1lattal \u00a0t\u00f6rt\u00e9nik!<\/p>\n<p>Szem\u00e9lyes \u00e1tv\u00e9tel nyitvatart\u00e1si id\u0151ben a 17. ker\u00fclet Bakancsos utca 7. sz\u00e1m alatti Kert\u00e9szeti \u00e1rud\u00e1ban<\/p>\n<p>&nbsp;<\/p>\n<p>Szem\u00e9lyes \u00e1tv\u00e9tel ak\u00e1r a mai napon, vagy h\u00e1zhozsz\u00e1ll\u00edt\u00e1s 1-2 napon bel\u00fcl!<\/p>\n<p>&nbsp;<\/p>\n<p>1173.Bp.Bakancsos u.7.<\/p>\n<p><a href=\"http:\/\/www.tajkertesz.com\">www.tajkertesz.com<\/a><\/p>\n<p>Kert\u00e9szeti kis-\u00e9s nagykeresked\u00e9s<\/p>","protected":false},"excerpt":{"rendered":"<h2>Bors\u00f3 Debreceni Korai vel\u0151 250g.<\/h2>\n<p>Korai \u00e9r\u00e9s\u0171, b\u0151term\u0151, k\u00f6z\u00e9pz\u00f6ld sz\u00edn\u0171 vel\u0151bors\u00f3. A n\u00f6v\u00e9ny 35-45 cm magas. H\u00fcvelyei 8-9 cm hossz\u00faak 8-10 szemmel. Egy \u00e9rett bors\u00f3 25%-\u00e1ban feh\u00e9rje \u00e9s sok \u00e1sv\u00e1nyi anyag tal\u00e1lhat\u00f3, de emellett m\u00e9g rengeteg vitamint is tartalmaz. Kalium, Magn\u00e9zium, Foszfor, C-vitamin, A, B1, B2 vitaminok.<\/p>","protected":false},"featured_media":14829,"template":"","meta":{"_et_pb_use_builder":"","_et_pb_old_content":"","_et_gb_content_width":""},"product_brand":[],"product_cat":[2881],"product_tag":[4138],"class_list":{"0":"post-14836","1":"product","2":"type-product","3":"status-publish","4":"has-post-thumbnail","6":"product_cat-zoldsegnoveny-vetomagok","7":"product_tag-vetomagok","9":"first","10":"outofstock","11":"shipping-taxable","12":"product-type-simple"},"yoast_head":"<!-- This site is optimized with the Yoast SEO plugin v27.5 - https:\/\/yoast.com\/product\/yoast-seo-wordpress\/ -->\n<title>Bors\u00f3 Debreceni Korai vel\u0151 250g. - T\u00e1jkert\u00e9sz<\/title>\n<meta name=\"description\" content=\"Bors\u00f3 Debreceni Korai vel\u0151 250g. V\u00e1s\u00e1roljon vet\u0151magokat kert\u00e9szeti web\u00e1ruh\u00e1zunkb\u00f3l h\u00e1zhozsz\u00e1ll\u00edt\u00e1ssal, vagy szem\u00e9lyesen kert\u00e9szet\u00fcnkb\u0151l.\" \/>\n<meta name=\"robots\" content=\"index, follow, max-snippet:-1, max-image-preview:large, max-video-preview:-1\" \/>\n<link rel=\"canonical\" href=\"https:\/\/tajkertesz.com\/en_US\/product\/borso-debreceni-korai-velo-250g\/\" \/>\n<meta property=\"og:locale\" content=\"en_US\" \/>\n<meta property=\"og:type\" content=\"article\" \/>\n<meta property=\"og:title\" content=\"Bors\u00f3 Debreceni Korai vel\u0151 250g. - T\u00e1jkert\u00e9sz\" \/>\n<meta property=\"og:description\" content=\"Bors\u00f3 Debreceni Korai vel\u0151 250g. V\u00e1s\u00e1roljon vet\u0151magokat kert\u00e9szeti web\u00e1ruh\u00e1zunkb\u00f3l h\u00e1zhozsz\u00e1ll\u00edt\u00e1ssal, vagy szem\u00e9lyesen kert\u00e9szet\u00fcnkb\u0151l.\" \/>\n<meta property=\"og:url\" content=\"https:\/\/tajkertesz.com\/en_US\/product\/borso-debreceni-korai-velo-250g\/\" \/>\n<meta property=\"og:site_name\" content=\"T\u00e1jkert\u00e9sz\" \/>\n<meta property=\"article:publisher\" content=\"https:\/\/www.facebook.com\/Tajkertesz\/\" \/>\n<meta property=\"article:modified_time\" content=\"2026-02-04T12:14:18+00:00\" \/>\n<meta property=\"og:image\" content=\"https:\/\/tajkertesz.com\/wp-content\/uploads\/2023\/01\/20230118_082108-scaled.jpg\" \/>\n\t<meta property=\"og:image:width\" content=\"1154\" \/>\n\t<meta property=\"og:image:height\" content=\"2560\" \/>\n\t<meta property=\"og:image:type\" content=\"image\/jpeg\" \/>\n<meta name=\"twitter:card\" content=\"summary_large_image\" \/>\n<meta name=\"twitter:label1\" content=\"Est. reading time\" \/>\n\t<meta name=\"twitter:data1\" content=\"2 minutes\" \/>\n<script type=\"application\/ld+json\" class=\"yoast-schema-graph\">{\"@context\":\"https:\\\/\\\/schema.org\",\"@graph\":[{\"@type\":\"WebPage\",\"@id\":\"https:\\\/\\\/tajkertesz.com\\\/termek\\\/borso-debreceni-korai-velo-250g\\\/\",\"url\":\"https:\\\/\\\/tajkertesz.com\\\/termek\\\/borso-debreceni-korai-velo-250g\\\/\",\"name\":\"Bors\u00f3 Debreceni Korai vel\u0151 250g. - T\u00e1jkert\u00e9sz\",\"isPartOf\":{\"@id\":\"https:\\\/\\\/tajkertesz.com\\\/#website\"},\"primaryImageOfPage\":{\"@id\":\"https:\\\/\\\/tajkertesz.com\\\/termek\\\/borso-debreceni-korai-velo-250g\\\/#primaryimage\"},\"image\":{\"@id\":\"https:\\\/\\\/tajkertesz.com\\\/termek\\\/borso-debreceni-korai-velo-250g\\\/#primaryimage\"},\"thumbnailUrl\":\"https:\\\/\\\/tajkertesz.com\\\/wp-content\\\/uploads\\\/2023\\\/01\\\/20230118_082108-scaled.jpg\",\"datePublished\":\"2023-01-18T11:34:06+00:00\",\"dateModified\":\"2026-02-04T12:14:18+00:00\",\"description\":\"Bors\u00f3 Debreceni Korai vel\u0151 250g. V\u00e1s\u00e1roljon vet\u0151magokat kert\u00e9szeti web\u00e1ruh\u00e1zunkb\u00f3l h\u00e1zhozsz\u00e1ll\u00edt\u00e1ssal, vagy szem\u00e9lyesen kert\u00e9szet\u00fcnkb\u0151l.\",\"breadcrumb\":{\"@id\":\"https:\\\/\\\/tajkertesz.com\\\/termek\\\/borso-debreceni-korai-velo-250g\\\/#breadcrumb\"},\"inLanguage\":\"en-US\",\"potentialAction\":[{\"@type\":\"ReadAction\",\"target\":[\"https:\\\/\\\/tajkertesz.com\\\/termek\\\/borso-debreceni-korai-velo-250g\\\/\"]}]},{\"@type\":\"ImageObject\",\"inLanguage\":\"en-US\",\"@id\":\"https:\\\/\\\/tajkertesz.com\\\/termek\\\/borso-debreceni-korai-velo-250g\\\/#primaryimage\",\"url\":\"https:\\\/\\\/tajkertesz.com\\\/wp-content\\\/uploads\\\/2023\\\/01\\\/20230118_082108-scaled.jpg\",\"contentUrl\":\"https:\\\/\\\/tajkertesz.com\\\/wp-content\\\/uploads\\\/2023\\\/01\\\/20230118_082108-scaled.jpg\",\"width\":1154,\"height\":2560},{\"@type\":\"BreadcrumbList\",\"@id\":\"https:\\\/\\\/tajkertesz.com\\\/termek\\\/borso-debreceni-korai-velo-250g\\\/#breadcrumb\",\"itemListElement\":[{\"@type\":\"ListItem\",\"position\":1,\"name\":\"Home\",\"item\":\"https:\\\/\\\/tajkertesz.com\\\/\"},{\"@type\":\"ListItem\",\"position\":2,\"name\":\"Kezd\u0151lap\",\"item\":\"https:\\\/\\\/tajkertesz.com\\\/\"},{\"@type\":\"ListItem\",\"position\":3,\"name\":\"Bors\u00f3 Debreceni Korai vel\u0151 250g.\"}]},{\"@type\":\"WebSite\",\"@id\":\"https:\\\/\\\/tajkertesz.com\\\/#website\",\"url\":\"https:\\\/\\\/tajkertesz.com\\\/\",\"name\":\"T\u00e1j-Kert\u00e9sz 84 Kft.\",\"description\":\"Kert\u00e9szeti kis- \u00e9s nagykeresked\u00e9s, D\u00edszn\u00f6v\u00e9ny web\u00e1ruh\u00e1z orsz\u00e1gos h\u00e1zhozsz\u00e1ll\u00edt\u00e1ssal!\",\"publisher\":{\"@id\":\"https:\\\/\\\/tajkertesz.com\\\/#organization\"},\"potentialAction\":[{\"@type\":\"SearchAction\",\"target\":{\"@type\":\"EntryPoint\",\"urlTemplate\":\"https:\\\/\\\/tajkertesz.com\\\/?s={search_term_string}\"},\"query-input\":{\"@type\":\"PropertyValueSpecification\",\"valueRequired\":true,\"valueName\":\"search_term_string\"}}],\"inLanguage\":\"en-US\"},{\"@type\":\"Organization\",\"@id\":\"https:\\\/\\\/tajkertesz.com\\\/#organization\",\"name\":\"T\u00e1j-Kert\u00e9sz 84 Kft.\",\"url\":\"https:\\\/\\\/tajkertesz.com\\\/\",\"logo\":{\"@type\":\"ImageObject\",\"inLanguage\":\"en-US\",\"@id\":\"https:\\\/\\\/tajkertesz.com\\\/#\\\/schema\\\/logo\\\/image\\\/\",\"url\":\"https:\\\/\\\/tajkertesz.com\\\/wp-content\\\/uploads\\\/2018\\\/02\\\/logo-2-e1518678052539.png\",\"contentUrl\":\"https:\\\/\\\/tajkertesz.com\\\/wp-content\\\/uploads\\\/2018\\\/02\\\/logo-2-e1518678052539.png\",\"width\":81,\"height\":140,\"caption\":\"T\u00e1j-Kert\u00e9sz 84 Kft.\"},\"image\":{\"@id\":\"https:\\\/\\\/tajkertesz.com\\\/#\\\/schema\\\/logo\\\/image\\\/\"},\"sameAs\":[\"https:\\\/\\\/www.facebook.com\\\/Tajkertesz\\\/\"]}]}<\/script>\n<!-- \/ Yoast SEO plugin. -->","yoast_head_json":{"title":"Bors\u00f3 Debreceni Korai vel\u0151 250g. - T\u00e1jkert\u00e9sz","description":"Bors\u00f3 Debreceni Korai vel\u0151 250g. V\u00e1s\u00e1roljon vet\u0151magokat kert\u00e9szeti web\u00e1ruh\u00e1zunkb\u00f3l h\u00e1zhozsz\u00e1ll\u00edt\u00e1ssal, vagy szem\u00e9lyesen kert\u00e9szet\u00fcnkb\u0151l.","robots":{"index":"index","follow":"follow","max-snippet":"max-snippet:-1","max-image-preview":"max-image-preview:large","max-video-preview":"max-video-preview:-1"},"canonical":"https:\/\/tajkertesz.com\/en_US\/product\/borso-debreceni-korai-velo-250g\/","og_locale":"en_US","og_type":"article","og_title":"Bors\u00f3 Debreceni Korai vel\u0151 250g. - T\u00e1jkert\u00e9sz","og_description":"Bors\u00f3 Debreceni Korai vel\u0151 250g. V\u00e1s\u00e1roljon vet\u0151magokat kert\u00e9szeti web\u00e1ruh\u00e1zunkb\u00f3l h\u00e1zhozsz\u00e1ll\u00edt\u00e1ssal, vagy szem\u00e9lyesen kert\u00e9szet\u00fcnkb\u0151l.","og_url":"https:\/\/tajkertesz.com\/en_US\/product\/borso-debreceni-korai-velo-250g\/","og_site_name":"T\u00e1jkert\u00e9sz","article_publisher":"https:\/\/www.facebook.com\/Tajkertesz\/","article_modified_time":"2026-02-04T12:14:18+00:00","og_image":[{"width":1154,"height":2560,"url":"https:\/\/tajkertesz.com\/wp-content\/uploads\/2023\/01\/20230118_082108-scaled.jpg","type":"image\/jpeg"}],"twitter_card":"summary_large_image","twitter_misc":{"Est. reading time":"2 minutes"},"schema":{"@context":"https:\/\/schema.org","@graph":[{"@type":"WebPage","@id":"https:\/\/tajkertesz.com\/termek\/borso-debreceni-korai-velo-250g\/","url":"https:\/\/tajkertesz.com\/termek\/borso-debreceni-korai-velo-250g\/","name":"Bors\u00f3 Debreceni Korai vel\u0151 250g. - T\u00e1jkert\u00e9sz","isPartOf":{"@id":"https:\/\/tajkertesz.com\/#website"},"primaryImageOfPage":{"@id":"https:\/\/tajkertesz.com\/termek\/borso-debreceni-korai-velo-250g\/#primaryimage"},"image":{"@id":"https:\/\/tajkertesz.com\/termek\/borso-debreceni-korai-velo-250g\/#primaryimage"},"thumbnailUrl":"https:\/\/tajkertesz.com\/wp-content\/uploads\/2023\/01\/20230118_082108-scaled.jpg","datePublished":"2023-01-18T11:34:06+00:00","dateModified":"2026-02-04T12:14:18+00:00","description":"Bors\u00f3 Debreceni Korai vel\u0151 250g. V\u00e1s\u00e1roljon vet\u0151magokat kert\u00e9szeti web\u00e1ruh\u00e1zunkb\u00f3l h\u00e1zhozsz\u00e1ll\u00edt\u00e1ssal, vagy szem\u00e9lyesen kert\u00e9szet\u00fcnkb\u0151l.","breadcrumb":{"@id":"https:\/\/tajkertesz.com\/termek\/borso-debreceni-korai-velo-250g\/#breadcrumb"},"inLanguage":"en-US","potentialAction":[{"@type":"ReadAction","target":["https:\/\/tajkertesz.com\/termek\/borso-debreceni-korai-velo-250g\/"]}]},{"@type":"ImageObject","inLanguage":"en-US","@id":"https:\/\/tajkertesz.com\/termek\/borso-debreceni-korai-velo-250g\/#primaryimage","url":"https:\/\/tajkertesz.com\/wp-content\/uploads\/2023\/01\/20230118_082108-scaled.jpg","contentUrl":"https:\/\/tajkertesz.com\/wp-content\/uploads\/2023\/01\/20230118_082108-scaled.jpg","width":1154,"height":2560},{"@type":"BreadcrumbList","@id":"https:\/\/tajkertesz.com\/termek\/borso-debreceni-korai-velo-250g\/#breadcrumb","itemListElement":[{"@type":"ListItem","position":1,"name":"Home","item":"https:\/\/tajkertesz.com\/"},{"@type":"ListItem","position":2,"name":"Kezd\u0151lap","item":"https:\/\/tajkertesz.com\/"},{"@type":"ListItem","position":3,"name":"Bors\u00f3 Debreceni Korai vel\u0151 250g."}]},{"@type":"WebSite","@id":"https:\/\/tajkertesz.com\/#website","url":"https:\/\/tajkertesz.com\/","name":"T\u00e1j-Kert\u00e9sz 84 Kft.","description":"Kert\u00e9szeti kis- \u00e9s nagykeresked\u00e9s, D\u00edszn\u00f6v\u00e9ny web\u00e1ruh\u00e1z orsz\u00e1gos h\u00e1zhozsz\u00e1ll\u00edt\u00e1ssal!","publisher":{"@id":"https:\/\/tajkertesz.com\/#organization"},"potentialAction":[{"@type":"SearchAction","target":{"@type":"EntryPoint","urlTemplate":"https:\/\/tajkertesz.com\/?s={search_term_string}"},"query-input":{"@type":"PropertyValueSpecification","valueRequired":true,"valueName":"search_term_string"}}],"inLanguage":"en-US"},{"@type":"Organization","@id":"https:\/\/tajkertesz.com\/#organization","name":"T\u00e1j-Kert\u00e9sz 84 Kft.","url":"https:\/\/tajkertesz.com\/","logo":{"@type":"ImageObject","inLanguage":"en-US","@id":"https:\/\/tajkertesz.com\/#\/schema\/logo\/image\/","url":"https:\/\/tajkertesz.com\/wp-content\/uploads\/2018\/02\/logo-2-e1518678052539.png","contentUrl":"https:\/\/tajkertesz.com\/wp-content\/uploads\/2018\/02\/logo-2-e1518678052539.png","width":81,"height":140,"caption":"T\u00e1j-Kert\u00e9sz 84 Kft."},"image":{"@id":"https:\/\/tajkertesz.com\/#\/schema\/logo\/image\/"},"sameAs":["https:\/\/www.facebook.com\/Tajkertesz\/"]}]}},"_links":{"self":[{"href":"https:\/\/tajkertesz.com\/en_US\/wp-json\/wp\/v2\/product\/14836","targetHints":{"allow":["GET"]}}],"collection":[{"href":"https:\/\/tajkertesz.com\/en_US\/wp-json\/wp\/v2\/product"}],"about":[{"href":"https:\/\/tajkertesz.com\/en_US\/wp-json\/wp\/v2\/types\/product"}],"wp:featuredmedia":[{"embeddable":true,"href":"https:\/\/tajkertesz.com\/en_US\/wp-json\/wp\/v2\/media\/14829"}],"wp:attachment":[{"href":"https:\/\/tajkertesz.com\/en_US\/wp-json\/wp\/v2\/media?parent=14836"}],"wp:term":[{"taxonomy":"product_brand","embeddable":true,"href":"https:\/\/tajkertesz.com\/en_US\/wp-json\/wp\/v2\/product_brand?post=14836"},{"taxonomy":"product_cat","embeddable":true,"href":"https:\/\/tajkertesz.com\/en_US\/wp-json\/wp\/v2\/product_cat?post=14836"},{"taxonomy":"product_tag","embeddable":true,"href":"https:\/\/tajkertesz.com\/en_US\/wp-json\/wp\/v2\/product_tag?post=14836"}],"curies":[{"name":"wp","href":"https:\/\/api.w.org\/{rel}","templated":true}]}}