{"id":14863,"date":"2023-01-18T14:02:48","date_gmt":"2023-01-18T14:02:48","guid":{"rendered":"https:\/\/tajkertesz.com\/?post_type=product&#038;p=14863"},"modified":"2026-02-18T15:09:49","modified_gmt":"2026-02-18T15:09:49","slug":"safranyos-szeklice-vetomag","status":"publish","type":"product","link":"https:\/\/tajkertesz.com\/en_US\/product\/safranyos-szeklice-vetomag\/","title":{"rendered":"S\u00e1fr\u00e1nyos szeklice vet\u0151mag"},"content":{"rendered":"<h2>S\u00e1fr\u00e1nyos szeklice vet\u0151mag<\/h2>\n<p>Carthamus tinctorius<\/p>\n<p>R\u00e9dei Kertimag<\/p>\n<table cellspacing=\"0\">\n<tbody>\n<tr>\n<td valign=\"top\">Egyny\u00e1riak<\/td>\n<\/tr>\n<tr>\n<td colspan=\"2\">\n<p align=\"justify\"><b>F\u0171szerkert:<\/b>\u00a0A zamatos, \u00edzletes \u00e9teleknek elengedhetetlen kell\u00e9ke a friss f\u0171szern\u00f6v\u00e9ny. Ha van egy kis kert\u00fcnk vagy erk\u00e9ly\u00fcnk, b\u00e1tran k\u00e9sz\u00edts\u00fcnk f\u0171szerkertet. Nagyobb erk\u00e9lyl\u00e1d\u00e1t, vagy d\u00e9zs\u00e1t is be\u00fcltethet\u00fcnk f\u0171szern\u00f6v\u00e9nyekkel. A kertnek egy olyan r\u00e9sz\u00e9re tervezz\u00fck az \u00e1gy\u00e1st, ahol sok naps\u00fct\u00e9s \u00e9s meleg \u00e9ri a n\u00f6v\u00e9nyeket, hiszen a legt\u00f6bb f\u0171szern\u00f6v\u00e9ny mediterr\u00e1n vid\u00e9kr\u0151l sz\u00e1rmazik, \u00edgy fontos a naps\u00fct\u00e9s a megfelel\u0151 fejl\u0151d\u00e9shez.<\/p>\n<\/td>\n<\/tr>\n<\/tbody>\n<\/table>\n<p><b>1.<\/b>\u00a0A f\u0171szern\u00f6v\u00e9nyeket (gy\u00f3gyn\u00f6v\u00e9nyeket) t\u00e9li eltev\u00e9sre r\u00f6viddel a vir\u00e1gz\u00e1s el\u0151tt, r\u00f6gt\u00f6n a harmat felsz\u00e1rad\u00e1sa ut\u00e1n, a kora reggeli \u00f3r\u00e1kban v\u00e1gjuk le. Ezut\u00e1n leveg\u0151s, \u00e1rnyas helyen sz\u00e1r\u00edtsuk, mert t\u0171z\u0151 napf\u00e9nyen az \u00e9rt\u00e9kes ill\u00f3olajok veszend\u0151be mennek.<br \/>\n<b>2.<\/b>\u00a0A friss f\u0171szern\u00f6v\u00e9nyt mindig csak k\u00f6zvetlen\u00fcl a felhaszn\u00e1l\u00e1s el\u0151tt apr\u00edtsuk vagy v\u00e1gjuk az \u00e9telbe, mert \u00edgy meg\u0151rzi t\u00e1p- \u00e9s vitamintartalm\u00e1t.<br \/>\n<b>3.<\/b>\u00a0A f\u0171szern\u00f6v\u00e9nyeket soha ne v\u00e1gjuk t\u00fal apr\u00f3ra.<br \/>\n<b>T\u00e1rkonyecet:<\/b>\u00a0A t\u00e1rkonyt foly\u00f3v\u00edz alatt j\u00f3 alaposan mossuk meg, majd helyezz\u00fck el az \u00fcvegben \u00e9s \u00f6nts\u00fcnk r\u00e1 10%-os ecetet. Ezut\u00e1n z\u00e1rjuk le az \u00fcveget \u00e9s tegy\u00fck s\u00f6t\u00e9t helyre. A t\u00e1rkonyecet felhaszn\u00e1lhat\u00f3 bableveshez, f\u0151zel\u00e9kekhez, \u00e9s sal\u00e1t\u00e1khoz is.<br \/>\n<b>Olaszos f\u0171szerolaj:<\/b>\u00a0Egy sz\u00e9p hossz\u00fa nyak\u00fa \u00fcvegbe tegy\u00fcnk p\u00e1r \u00e1g megmosott oreg\u00e1n\u00f3t, bazsalikomot, \u00e9s kakukkf\u00fcvet, majd k\u00e9t gerezd megtiszt\u00edtott fokhagym\u00e1t, \u00e9s \u00f6nts\u00fck fel ol\u00edva olajjal. A v\u00e9g\u00e9n sz\u00f3rjunk r\u00e1 n\u00e9h\u00e1ny szem eg\u00e9sz borsot. Z\u00e1rjuk le \u00e9s tegy\u00fck h\u0171v\u00f6s, s\u00f6t\u00e9t helyre. Nagyon finom s\u00fclt h\u00fasok mell\u00e9, vagy t\u00e9szt\u00e1khoz is adhatjuk.<\/p>\n<p><strong>K\u00e9szlet\u00fcnk napi szinten v\u00e1ltozik, ez\u00e9rt k\u00e9rj\u00fck, \u00e9rdekl\u0151dj\u00f6n szem\u00e9lyesen, telefonon vagy email-en.<br \/>\nA v\u00e1ltoztat\u00e1s jog\u00e1t fenntartjuk!\u00a0<\/strong><\/p>\n<p><a href=\"https:\/\/tajkertesz.com\/\">https:\/\/tajkertesz.com\/<\/a><\/p>\n<p><a href=\"https:\/\/www.facebook.com\/tajkertesz\/\">https:\/\/www.facebook.com\/tajkertesz\/<\/a><\/p>\n<p>Kisz\u00e1ll\u00edt\u00e1s: 200cm-ig \u00a0\u00e9s 40 kg-ig a sz\u00e1ll\u00edt\u00e1s fut\u00e1rszolg\u00e1lattal \u00a0t\u00f6rt\u00e9nik!<\/p>\n<p>Szem\u00e9lyes \u00e1tv\u00e9tel nyitvatart\u00e1si id\u0151ben a 17. ker\u00fclet Bakancsos utca 7. sz\u00e1m alatti Kert\u00e9szeti \u00e1rud\u00e1ban<\/p>\n<p>&nbsp;<\/p>\n<p>Szem\u00e9lyes \u00e1tv\u00e9tel ak\u00e1r a mai napon, vagy h\u00e1zhozsz\u00e1ll\u00edt\u00e1s 1-2 napon bel\u00fcl!<\/p>\n<p>&nbsp;<\/p>\n<p>1173.Bp.Bakancsos u.7.<\/p>\n<p><a href=\"http:\/\/www.tajkertesz.com\">www.tajkertesz.com<\/a><\/p>\n<p>Kert\u00e9szeti kis-\u00e9s nagykeresked\u00e9s<\/p>","protected":false},"excerpt":{"rendered":"<h2>S\u00e1fr\u00e1nyos szeklice 2g. vet\u0151mag<\/h2>\n<p>Vir\u00e1ga term\u00e9szetes sz\u00ednez\u0151anyag. Egy\u00e9ves, 80-100 cm magas, d\u00edszn\u00f6v\u00e9nyk\u00e9nt is vethet\u0151 gy\u00f3gyn\u00f6v\u00e9ny. Napf\u00e9ny- \u00e9s melegig\u00e9nyes, sz\u00e1razs\u00e1gt\u0171r\u0151. Vet\u00e9s: m\u00e1rcius k\u00f6zep\u00e9n 25-30 cm-es sort\u00e1vols\u00e1gra, 3-4 cm m\u00e9lyen.<br \/>\n<b>Felhaszn\u00e1l\u00e1s: vir\u00e1gait 3-4 h\u00e9ten \u00e1t gy\u0171jthetj\u00fck, j\u00fanius-j\u00faliusban. Szirmait \u00e9telek, italok, gy\u00f3gyszerek sz\u00ednez\u00e9s\u00e9re haszn\u00e1lj\u00e1k. Magj\u00e1b\u00f3l \u00e9rt\u00e9kes olajat pr\u00e9selnek, eg\u00e9szben pedig k\u00edv\u00e1l\u00f3<\/b><\/p>","protected":false},"featured_media":14873,"template":"","meta":{"_et_pb_use_builder":"","_et_pb_old_content":"","_et_gb_content_width":""},"product_brand":[],"product_cat":[4140],"product_tag":[4138],"class_list":{"0":"post-14863","1":"product","2":"type-product","3":"status-publish","4":"has-post-thumbnail","6":"product_cat-fuszernoveny-vetomagok","7":"product_tag-vetomagok","9":"first","10":"instock","11":"shipping-taxable","12":"purchasable","13":"product-type-simple"},"yoast_head":"<!-- This site is optimized with the Yoast SEO plugin v27.4 - https:\/\/yoast.com\/product\/yoast-seo-wordpress\/ -->\n<title>S\u00e1fr\u00e1nyos szeklice vet\u0151mag - T\u00e1jkert\u00e9sz<\/title>\n<meta name=\"description\" content=\"S\u00e1fr\u00e1nyos szeklice 2g. vet\u0151mag. V\u00e1s\u00e1roljon vet\u0151magokat kert\u00e9szeti web\u00e1ruh\u00e1zunkb\u00f3l h\u00e1zhozsz\u00e1ll\u00edt\u00e1ssal, vagy szem\u00e9lyesen kert\u00e9szet\u00fcnkb\u0151l.\" \/>\n<meta name=\"robots\" content=\"index, follow, max-snippet:-1, max-image-preview:large, max-video-preview:-1\" \/>\n<link rel=\"canonical\" href=\"https:\/\/tajkertesz.com\/en_US\/product\/safranyos-szeklice-vetomag\/\" \/>\n<meta property=\"og:locale\" content=\"en_US\" \/>\n<meta property=\"og:type\" content=\"article\" \/>\n<meta property=\"og:title\" content=\"S\u00e1fr\u00e1nyos szeklice vet\u0151mag - T\u00e1jkert\u00e9sz\" \/>\n<meta property=\"og:description\" content=\"S\u00e1fr\u00e1nyos szeklice 2g. vet\u0151mag. V\u00e1s\u00e1roljon vet\u0151magokat kert\u00e9szeti web\u00e1ruh\u00e1zunkb\u00f3l h\u00e1zhozsz\u00e1ll\u00edt\u00e1ssal, vagy szem\u00e9lyesen kert\u00e9szet\u00fcnkb\u0151l.\" \/>\n<meta property=\"og:url\" content=\"https:\/\/tajkertesz.com\/en_US\/product\/safranyos-szeklice-vetomag\/\" \/>\n<meta property=\"og:site_name\" content=\"T\u00e1jkert\u00e9sz\" \/>\n<meta property=\"article:publisher\" content=\"https:\/\/www.facebook.com\/Tajkertesz\/\" \/>\n<meta property=\"article:modified_time\" content=\"2026-02-18T15:09:49+00:00\" \/>\n<meta property=\"og:image\" content=\"https:\/\/tajkertesz.com\/wp-content\/uploads\/2023\/01\/20230118_144225-scaled.jpg\" \/>\n\t<meta property=\"og:image:width\" content=\"1337\" \/>\n\t<meta property=\"og:image:height\" content=\"2560\" \/>\n\t<meta property=\"og:image:type\" content=\"image\/jpeg\" \/>\n<meta name=\"twitter:card\" content=\"summary_large_image\" \/>\n<meta name=\"twitter:label1\" content=\"Est. reading time\" \/>\n\t<meta name=\"twitter:data1\" content=\"2 minutes\" \/>\n<script type=\"application\/ld+json\" class=\"yoast-schema-graph\">{\"@context\":\"https:\\\/\\\/schema.org\",\"@graph\":[{\"@type\":\"WebPage\",\"@id\":\"https:\\\/\\\/tajkertesz.com\\\/termek\\\/safranyos-szeklice-vetomag\\\/\",\"url\":\"https:\\\/\\\/tajkertesz.com\\\/termek\\\/safranyos-szeklice-vetomag\\\/\",\"name\":\"S\u00e1fr\u00e1nyos szeklice vet\u0151mag - T\u00e1jkert\u00e9sz\",\"isPartOf\":{\"@id\":\"https:\\\/\\\/tajkertesz.com\\\/#website\"},\"primaryImageOfPage\":{\"@id\":\"https:\\\/\\\/tajkertesz.com\\\/termek\\\/safranyos-szeklice-vetomag\\\/#primaryimage\"},\"image\":{\"@id\":\"https:\\\/\\\/tajkertesz.com\\\/termek\\\/safranyos-szeklice-vetomag\\\/#primaryimage\"},\"thumbnailUrl\":\"https:\\\/\\\/tajkertesz.com\\\/wp-content\\\/uploads\\\/2023\\\/01\\\/20230118_144225-scaled.jpg\",\"datePublished\":\"2023-01-18T14:02:48+00:00\",\"dateModified\":\"2026-02-18T15:09:49+00:00\",\"description\":\"S\u00e1fr\u00e1nyos szeklice 2g. vet\u0151mag. V\u00e1s\u00e1roljon vet\u0151magokat kert\u00e9szeti web\u00e1ruh\u00e1zunkb\u00f3l h\u00e1zhozsz\u00e1ll\u00edt\u00e1ssal, vagy szem\u00e9lyesen kert\u00e9szet\u00fcnkb\u0151l.\",\"breadcrumb\":{\"@id\":\"https:\\\/\\\/tajkertesz.com\\\/termek\\\/safranyos-szeklice-vetomag\\\/#breadcrumb\"},\"inLanguage\":\"en-US\",\"potentialAction\":[{\"@type\":\"ReadAction\",\"target\":[\"https:\\\/\\\/tajkertesz.com\\\/termek\\\/safranyos-szeklice-vetomag\\\/\"]}]},{\"@type\":\"ImageObject\",\"inLanguage\":\"en-US\",\"@id\":\"https:\\\/\\\/tajkertesz.com\\\/termek\\\/safranyos-szeklice-vetomag\\\/#primaryimage\",\"url\":\"https:\\\/\\\/tajkertesz.com\\\/wp-content\\\/uploads\\\/2023\\\/01\\\/20230118_144225-scaled.jpg\",\"contentUrl\":\"https:\\\/\\\/tajkertesz.com\\\/wp-content\\\/uploads\\\/2023\\\/01\\\/20230118_144225-scaled.jpg\",\"width\":1337,\"height\":2560},{\"@type\":\"BreadcrumbList\",\"@id\":\"https:\\\/\\\/tajkertesz.com\\\/termek\\\/safranyos-szeklice-vetomag\\\/#breadcrumb\",\"itemListElement\":[{\"@type\":\"ListItem\",\"position\":1,\"name\":\"Home\",\"item\":\"https:\\\/\\\/tajkertesz.com\\\/\"},{\"@type\":\"ListItem\",\"position\":2,\"name\":\"Kezd\u0151lap\",\"item\":\"https:\\\/\\\/tajkertesz.com\\\/\"},{\"@type\":\"ListItem\",\"position\":3,\"name\":\"S\u00e1fr\u00e1nyos szeklice vet\u0151mag\"}]},{\"@type\":\"WebSite\",\"@id\":\"https:\\\/\\\/tajkertesz.com\\\/#website\",\"url\":\"https:\\\/\\\/tajkertesz.com\\\/\",\"name\":\"T\u00e1j-Kert\u00e9sz 84 Kft.\",\"description\":\"Kert\u00e9szeti kis- \u00e9s nagykeresked\u00e9s, D\u00edszn\u00f6v\u00e9ny web\u00e1ruh\u00e1z orsz\u00e1gos h\u00e1zhozsz\u00e1ll\u00edt\u00e1ssal!\",\"publisher\":{\"@id\":\"https:\\\/\\\/tajkertesz.com\\\/#organization\"},\"potentialAction\":[{\"@type\":\"SearchAction\",\"target\":{\"@type\":\"EntryPoint\",\"urlTemplate\":\"https:\\\/\\\/tajkertesz.com\\\/?s={search_term_string}\"},\"query-input\":{\"@type\":\"PropertyValueSpecification\",\"valueRequired\":true,\"valueName\":\"search_term_string\"}}],\"inLanguage\":\"en-US\"},{\"@type\":\"Organization\",\"@id\":\"https:\\\/\\\/tajkertesz.com\\\/#organization\",\"name\":\"T\u00e1j-Kert\u00e9sz 84 Kft.\",\"url\":\"https:\\\/\\\/tajkertesz.com\\\/\",\"logo\":{\"@type\":\"ImageObject\",\"inLanguage\":\"en-US\",\"@id\":\"https:\\\/\\\/tajkertesz.com\\\/#\\\/schema\\\/logo\\\/image\\\/\",\"url\":\"https:\\\/\\\/tajkertesz.com\\\/wp-content\\\/uploads\\\/2018\\\/02\\\/logo-2-e1518678052539.png\",\"contentUrl\":\"https:\\\/\\\/tajkertesz.com\\\/wp-content\\\/uploads\\\/2018\\\/02\\\/logo-2-e1518678052539.png\",\"width\":81,\"height\":140,\"caption\":\"T\u00e1j-Kert\u00e9sz 84 Kft.\"},\"image\":{\"@id\":\"https:\\\/\\\/tajkertesz.com\\\/#\\\/schema\\\/logo\\\/image\\\/\"},\"sameAs\":[\"https:\\\/\\\/www.facebook.com\\\/Tajkertesz\\\/\"]}]}<\/script>\n<!-- \/ Yoast SEO plugin. -->","yoast_head_json":{"title":"S\u00e1fr\u00e1nyos szeklice vet\u0151mag - T\u00e1jkert\u00e9sz","description":"S\u00e1fr\u00e1nyos szeklice 2g. vet\u0151mag. V\u00e1s\u00e1roljon vet\u0151magokat kert\u00e9szeti web\u00e1ruh\u00e1zunkb\u00f3l h\u00e1zhozsz\u00e1ll\u00edt\u00e1ssal, vagy szem\u00e9lyesen kert\u00e9szet\u00fcnkb\u0151l.","robots":{"index":"index","follow":"follow","max-snippet":"max-snippet:-1","max-image-preview":"max-image-preview:large","max-video-preview":"max-video-preview:-1"},"canonical":"https:\/\/tajkertesz.com\/en_US\/product\/safranyos-szeklice-vetomag\/","og_locale":"en_US","og_type":"article","og_title":"S\u00e1fr\u00e1nyos szeklice vet\u0151mag - T\u00e1jkert\u00e9sz","og_description":"S\u00e1fr\u00e1nyos szeklice 2g. vet\u0151mag. V\u00e1s\u00e1roljon vet\u0151magokat kert\u00e9szeti web\u00e1ruh\u00e1zunkb\u00f3l h\u00e1zhozsz\u00e1ll\u00edt\u00e1ssal, vagy szem\u00e9lyesen kert\u00e9szet\u00fcnkb\u0151l.","og_url":"https:\/\/tajkertesz.com\/en_US\/product\/safranyos-szeklice-vetomag\/","og_site_name":"T\u00e1jkert\u00e9sz","article_publisher":"https:\/\/www.facebook.com\/Tajkertesz\/","article_modified_time":"2026-02-18T15:09:49+00:00","og_image":[{"width":1337,"height":2560,"url":"https:\/\/tajkertesz.com\/wp-content\/uploads\/2023\/01\/20230118_144225-scaled.jpg","type":"image\/jpeg"}],"twitter_card":"summary_large_image","twitter_misc":{"Est. reading time":"2 minutes"},"schema":{"@context":"https:\/\/schema.org","@graph":[{"@type":"WebPage","@id":"https:\/\/tajkertesz.com\/termek\/safranyos-szeklice-vetomag\/","url":"https:\/\/tajkertesz.com\/termek\/safranyos-szeklice-vetomag\/","name":"S\u00e1fr\u00e1nyos szeklice vet\u0151mag - T\u00e1jkert\u00e9sz","isPartOf":{"@id":"https:\/\/tajkertesz.com\/#website"},"primaryImageOfPage":{"@id":"https:\/\/tajkertesz.com\/termek\/safranyos-szeklice-vetomag\/#primaryimage"},"image":{"@id":"https:\/\/tajkertesz.com\/termek\/safranyos-szeklice-vetomag\/#primaryimage"},"thumbnailUrl":"https:\/\/tajkertesz.com\/wp-content\/uploads\/2023\/01\/20230118_144225-scaled.jpg","datePublished":"2023-01-18T14:02:48+00:00","dateModified":"2026-02-18T15:09:49+00:00","description":"S\u00e1fr\u00e1nyos szeklice 2g. vet\u0151mag. V\u00e1s\u00e1roljon vet\u0151magokat kert\u00e9szeti web\u00e1ruh\u00e1zunkb\u00f3l h\u00e1zhozsz\u00e1ll\u00edt\u00e1ssal, vagy szem\u00e9lyesen kert\u00e9szet\u00fcnkb\u0151l.","breadcrumb":{"@id":"https:\/\/tajkertesz.com\/termek\/safranyos-szeklice-vetomag\/#breadcrumb"},"inLanguage":"en-US","potentialAction":[{"@type":"ReadAction","target":["https:\/\/tajkertesz.com\/termek\/safranyos-szeklice-vetomag\/"]}]},{"@type":"ImageObject","inLanguage":"en-US","@id":"https:\/\/tajkertesz.com\/termek\/safranyos-szeklice-vetomag\/#primaryimage","url":"https:\/\/tajkertesz.com\/wp-content\/uploads\/2023\/01\/20230118_144225-scaled.jpg","contentUrl":"https:\/\/tajkertesz.com\/wp-content\/uploads\/2023\/01\/20230118_144225-scaled.jpg","width":1337,"height":2560},{"@type":"BreadcrumbList","@id":"https:\/\/tajkertesz.com\/termek\/safranyos-szeklice-vetomag\/#breadcrumb","itemListElement":[{"@type":"ListItem","position":1,"name":"Home","item":"https:\/\/tajkertesz.com\/"},{"@type":"ListItem","position":2,"name":"Kezd\u0151lap","item":"https:\/\/tajkertesz.com\/"},{"@type":"ListItem","position":3,"name":"S\u00e1fr\u00e1nyos szeklice vet\u0151mag"}]},{"@type":"WebSite","@id":"https:\/\/tajkertesz.com\/#website","url":"https:\/\/tajkertesz.com\/","name":"T\u00e1j-Kert\u00e9sz 84 Kft.","description":"Kert\u00e9szeti kis- \u00e9s nagykeresked\u00e9s, D\u00edszn\u00f6v\u00e9ny web\u00e1ruh\u00e1z orsz\u00e1gos h\u00e1zhozsz\u00e1ll\u00edt\u00e1ssal!","publisher":{"@id":"https:\/\/tajkertesz.com\/#organization"},"potentialAction":[{"@type":"SearchAction","target":{"@type":"EntryPoint","urlTemplate":"https:\/\/tajkertesz.com\/?s={search_term_string}"},"query-input":{"@type":"PropertyValueSpecification","valueRequired":true,"valueName":"search_term_string"}}],"inLanguage":"en-US"},{"@type":"Organization","@id":"https:\/\/tajkertesz.com\/#organization","name":"T\u00e1j-Kert\u00e9sz 84 Kft.","url":"https:\/\/tajkertesz.com\/","logo":{"@type":"ImageObject","inLanguage":"en-US","@id":"https:\/\/tajkertesz.com\/#\/schema\/logo\/image\/","url":"https:\/\/tajkertesz.com\/wp-content\/uploads\/2018\/02\/logo-2-e1518678052539.png","contentUrl":"https:\/\/tajkertesz.com\/wp-content\/uploads\/2018\/02\/logo-2-e1518678052539.png","width":81,"height":140,"caption":"T\u00e1j-Kert\u00e9sz 84 Kft."},"image":{"@id":"https:\/\/tajkertesz.com\/#\/schema\/logo\/image\/"},"sameAs":["https:\/\/www.facebook.com\/Tajkertesz\/"]}]}},"_links":{"self":[{"href":"https:\/\/tajkertesz.com\/en_US\/wp-json\/wp\/v2\/product\/14863","targetHints":{"allow":["GET"]}}],"collection":[{"href":"https:\/\/tajkertesz.com\/en_US\/wp-json\/wp\/v2\/product"}],"about":[{"href":"https:\/\/tajkertesz.com\/en_US\/wp-json\/wp\/v2\/types\/product"}],"wp:featuredmedia":[{"embeddable":true,"href":"https:\/\/tajkertesz.com\/en_US\/wp-json\/wp\/v2\/media\/14873"}],"wp:attachment":[{"href":"https:\/\/tajkertesz.com\/en_US\/wp-json\/wp\/v2\/media?parent=14863"}],"wp:term":[{"taxonomy":"product_brand","embeddable":true,"href":"https:\/\/tajkertesz.com\/en_US\/wp-json\/wp\/v2\/product_brand?post=14863"},{"taxonomy":"product_cat","embeddable":true,"href":"https:\/\/tajkertesz.com\/en_US\/wp-json\/wp\/v2\/product_cat?post=14863"},{"taxonomy":"product_tag","embeddable":true,"href":"https:\/\/tajkertesz.com\/en_US\/wp-json\/wp\/v2\/product_tag?post=14863"}],"curies":[{"name":"wp","href":"https:\/\/api.w.org\/{rel}","templated":true}]}}