{"id":14915,"date":"2023-01-23T12:42:55","date_gmt":"2023-01-23T12:42:55","guid":{"rendered":"https:\/\/tajkertesz.com\/?post_type=product&#038;p=14915"},"modified":"2026-02-18T15:07:42","modified_gmt":"2026-02-18T15:07:42","slug":"paradicsom-vetomag-kecskemeti-jubileum-05g","status":"publish","type":"product","link":"https:\/\/tajkertesz.com\/en_US\/product\/paradicsom-vetomag-kecskemeti-jubileum-05g\/","title":{"rendered":"Paradicsom vet\u0151mag Kecskem\u00e9ti jubileum 0,5g."},"content":{"rendered":"<h2>Paradicsom vet\u0151mag Kecskem\u00e9ti jubileum 0,5g.<\/h2>\n<p>Paradicsom vet\u0151mag Kecskem\u00e9ti jubileum 0,5g.<\/p>\n<p>R\u00e9dei Kertimag<\/p>\n<p>Paradicsom\u00a0(Lycopersicon lycopersicum)<\/p>\n<table>\n<tbody>\n<tr>\n<td colspan=\"2\">\n<table class=\"csoportinfo\" cellspacing=\"0\">\n<tbody>\n<tr class=\"csoportinfofejlec\">\n<td class=\"csoportinfofejlec\" width=\"16%\">magsz\u00e1m\/gramm<\/td>\n<td class=\"csoportinfofejlec\" width=\"17%\">vet\u0151magig\u00e9ny<br \/>\n100 pal\u00e1nt\u00e1hoz<\/td>\n<td class=\"csoportinfofejlec\" width=\"18%\">vet\u00e9sid\u0151<\/td>\n<td class=\"csoportinfofejlec\" width=\"16%\">vet\u00e9sm\u00e9lys\u00e9g cm<\/td>\n<td class=\"csoportinfofejlec\" width=\"17%\">sor- \u00e9s t\u0151t\u00e1vols\u00e1g cm<\/td>\n<td class=\"csoportinfofejlec\" width=\"16%\">cs\u00edr\u00e1z\u00e1si nap<br \/>\n18-20C fokon<\/td>\n<\/tr>\n<tr class=\"csoportinfotorzs\">\n<td class=\"csoportinfotorzs\">270-450<\/td>\n<td class=\"csoportinfotorzs\">0,4-0,5g vagy<br \/>\n140 szem<\/td>\n<td class=\"csoportinfotorzs\">I-II.h\u00f3nap hajtat\u00e1s<br \/>\nII-III.h\u00f3nap pal\u00e1ntanevel\u00e9s<br \/>\nIV-V.h\u00f3nap szabadf\u00f6ld<\/td>\n<td class=\"csoportinfotorzs\">1-1,5<\/td>\n<td class=\"csoportinfotorzs\">90 x 30 hajtat\u00e1s<br \/>\n50 x 30 szabadf\u00f6ld<\/td>\n<td class=\"csoportinfotorzs\">10-14 nap<\/td>\n<\/tr>\n<\/tbody>\n<\/table>\n<\/td>\n<\/tr>\n<tr>\n<td colspan=\"2\">\n<p align=\"justify\">A paradicsom az egyik legformagazdagabb z\u00f6lds\u00e9gfajunk. A h\u00e1zi kerti termeszt\u00e9snek legf\u0151k\u00e9ppen az a c\u00e9lja, hogy lehet\u0151leg j\u00faliust\u00f3l szeptember v\u00e9g\u00e9ig ell\u00e1ssuk a csal\u00e1dot friss \u00e9s bef\u0151zni val\u00f3 paradicsommal. \u00c1ltal\u00e1ban 2-3 fajt\u00e1t \u00e9rdemes termeszteni: igen korai, t\u00f6rpe paradicsomot (pl. Z\u00f6m\u00f6k), bef\u0151z\u00e9sre alkalmas, nagy bogy\u00f3j\u00fa fajt\u00e1kat (pl. Kecskem\u00e9ti Jubileum, Ace, Marmande), \u00e9s t\u00e1mrendszer mellett, folyton n\u00f6v\u0151 hibrideket (pl. Lugas F1). Az ut\u00f3bbi \u00e9vek divatja a balkonon, cser\u00e9pben, d\u00e9zs\u00e1ban termeszthet\u0151 t\u00f6rpe n\u00f6v\u00e9s\u0171 paradicsomfajt\u00e1k (Balkonstar, Vilma).<\/p>\n<p align=\"justify\"><b>A paradicsomfajt\u00e1k csoportos\u00edt\u00e1sa:<\/b><br \/>\n<b>felhaszn\u00e1l\u00e1s szerint:<\/b>\u00a0friss fogyaszt\u00e1sra, bef\u0151z\u00e9sre,<br \/>\n<b>termeszt\u00e9si m\u00f3d szerint:<\/b>\u00a0korai szabadf\u00f6ldi, hajtat\u00e1si, balkonparadicsom,<br \/>\n<b>n\u00f6veked\u00e9s t\u00edpusa szerint:<\/b>\u00a0folytonn\u00f6v\u0151, \u00e9s determin\u00e1lt.<\/p>\n<table>\n<tbody>\n<tr>\n<td colspan=\"2\">\n<p align=\"justify\">A tipikus\u00a0<b>determin\u00e1lt<\/b>\u00a0fajta eset\u00e9ben a 6. f\u00fcrt z\u00e1rja le a f\u0151hajt\u00e1s n\u00f6veked\u00e9s\u00e9t, \u00e9s k\u00e9t vir\u00e1gf\u00fcrt k\u00f6z\u00f6tt egy lev\u00e9l van. A determin\u00e1lt fajt\u00e1k egyik csoportj\u00e1t k\u00e9pezik a t\u00f6rpe t\u00edpus\u00faak, amelyekre a r\u00f6vid \u00edzk\u00f6z\u00f6k miatt z\u00f6m\u00f6k alkat a jellemz\u0151.<br \/>\n<b>Az er\u0151s n\u00f6veked\u00e9s\u0171 determin\u00e1lt<\/b>\u00a0t\u00edpus a hajt\u00e1sn\u00f6veked\u00e9s\u00e9t a 8. vagy a 9. f\u00fcrt z\u00e1rja, a fels\u0151 oldalhajt\u00e1soknak er\u0151s a tendenci\u00e1juk a f\u0151hajt\u00e1s szerep\u00e9nek \u00e1tv\u00e9tel\u00e9re, \u00e9s k\u00e9t f\u00fcrt k\u00f6z\u00f6tt 2-3 lev\u00e9l tal\u00e1lhat\u00f3.<br \/>\n<b>Folytonos n\u00f6veked\u00e9s\u0171 fajt\u00e1k,<\/b>\u00a0amelyek teny\u00e9sz\u0151 cs\u00facsa a n\u00f6v\u00e9ny \u00e9lete sor\u00e1n kedvez\u0151 k\u00f6r\u00fclm\u00e9nyek k\u00f6z\u00f6tt folyamatosan n\u0151, \u00fajabb leveleket \u00e9s vir\u00e1gf\u00fcrt\u00f6ket n\u00f6vesztve. Ilyen t\u00edpus\u00fa fajt\u00e1kat els\u0151sorban f\u0171t\u00f6tt berendez\u00e9sekben t\u00f6rt\u00e9n\u0151 hajtat\u00e1sn\u00e1l alkalmaznak.<\/p>\n<p align=\"justify\">\n<\/td>\n<\/tr>\n<tr>\n<td colspan=\"2\" align=\"center\"><img decoding=\"async\" src=\"https:\/\/www.kertimag.com\/pic\/paradicsomformak.jpg\" alt=\"Paradicsom\" \/><\/td>\n<\/tr>\n<\/tbody>\n<\/table>\n<p><strong>K\u00e9szlet\u00fcnk napi szinten v\u00e1ltozik, ez\u00e9rt k\u00e9rj\u00fck, \u00e9rdekl\u0151dj\u00f6n szem\u00e9lyesen, telefonon vagy email-en.<br \/>\nA v\u00e1ltoztat\u00e1s jog\u00e1t fenntartjuk!\u00a0<\/strong><\/p>\n<p><a href=\"https:\/\/tajkertesz.com\/\">https:\/\/tajkertesz.com\/<\/a><\/p>\n<p><a href=\"https:\/\/www.facebook.com\/tajkertesz\/\">https:\/\/www.facebook.com\/tajkertesz\/<\/a><\/p>\n<p>Kisz\u00e1ll\u00edt\u00e1s: 200cm-ig \u00a0\u00e9s 40 kg-ig a sz\u00e1ll\u00edt\u00e1s fut\u00e1rszolg\u00e1lattal \u00a0t\u00f6rt\u00e9nik!<\/p>\n<p>Szem\u00e9lyes \u00e1tv\u00e9tel nyitvatart\u00e1si id\u0151ben a 17. ker\u00fclet Bakancsos utca 7. sz\u00e1m alatti Kert\u00e9szeti \u00e1rud\u00e1ban<\/p>\n<p>&nbsp;<\/p>\n<p>Szem\u00e9lyes \u00e1tv\u00e9tel ak\u00e1r a mai napon, vagy h\u00e1zhozsz\u00e1ll\u00edt\u00e1s 1-2 napon bel\u00fcl!<\/p>\n<p>&nbsp;<\/p>\n<p>1173.Bp.Bakancsos u.7.<\/p>\n<p><a href=\"http:\/\/www.tajkertesz.com\">www.tajkertesz.com<\/a><\/p>\n<p>Kert\u00e9szeti kis-\u00e9s nagykeresked\u00e9s<\/td>\n<\/tr>\n<\/tbody>\n<\/table>","protected":false},"excerpt":{"rendered":"<h2>Paradicsom vet\u0151mag Kecskem\u00e9ti jubileum 0,5g.<\/h2>\n<div>KECSKEM\u00c9TI JUBILEUM<\/div>\n<div><b>Bef\u0151znival\u00f3, j\u00f3 \u00edz\u0171.<\/b><br \/>\nEr\u0151s n\u00f6veked\u00e9s\u0171 determin\u00e1lt, k\u00f6z\u00e9p\u00e9r\u00e9s\u0171 fajta, szabadf\u00f6ldi termeszt\u00e9sre. Sz\u00e1ra er\u0151s, szil\u00e1rd, er\u0151teljes lombozat\u00fa. Bogy\u00f3ja nagy, lap\u00edtott g\u00f6mb alak\u00fa, 110-120 g t\u00f6meg\u0171, l\u00e9d\u00fas. Bef\u0151z\u00e9sre javasolt, j\u00f3 \u00edz\u0171 paradicsom.<\/div>","protected":false},"featured_media":14886,"template":"","meta":{"_et_pb_use_builder":"","_et_pb_old_content":"","_et_gb_content_width":""},"product_brand":[],"product_cat":[2881],"product_tag":[4138],"class_list":{"0":"post-14915","1":"product","2":"type-product","3":"status-publish","4":"has-post-thumbnail","6":"product_cat-zoldsegnoveny-vetomagok","7":"product_tag-vetomagok","9":"first","10":"outofstock","11":"shipping-taxable","12":"product-type-simple"},"yoast_head":"<!-- This site is optimized with the Yoast SEO plugin v27.3 - https:\/\/yoast.com\/product\/yoast-seo-wordpress\/ -->\n<title>Paradicsom vet\u0151mag Kecskem\u00e9ti jubileum 0,5g. - T\u00e1jkert\u00e9sz<\/title>\n<meta name=\"description\" content=\"Paradicsom vet\u0151mag Kecskem\u00e9ti jubileum 0,5g. V\u00e1s\u00e1roljon vet\u0151magokat kert\u00e9szeti web\u00e1ruh\u00e1zunkb\u00f3l h\u00e1zhozsz\u00e1ll\u00edt\u00e1ssal, vagy szem\u00e9lyesen kert\u00e9szet\u00fcnkb\u0151l.\" \/>\n<meta name=\"robots\" content=\"index, follow, max-snippet:-1, max-image-preview:large, max-video-preview:-1\" \/>\n<link rel=\"canonical\" href=\"https:\/\/tajkertesz.com\/en_US\/product\/paradicsom-vetomag-kecskemeti-jubileum-05g\/\" \/>\n<meta property=\"og:locale\" content=\"en_US\" \/>\n<meta property=\"og:type\" content=\"article\" \/>\n<meta property=\"og:title\" content=\"Paradicsom vet\u0151mag Kecskem\u00e9ti jubileum 0,5g. - T\u00e1jkert\u00e9sz\" \/>\n<meta property=\"og:description\" content=\"Paradicsom vet\u0151mag Kecskem\u00e9ti jubileum 0,5g. V\u00e1s\u00e1roljon vet\u0151magokat kert\u00e9szeti web\u00e1ruh\u00e1zunkb\u00f3l h\u00e1zhozsz\u00e1ll\u00edt\u00e1ssal, vagy szem\u00e9lyesen kert\u00e9szet\u00fcnkb\u0151l.\" \/>\n<meta property=\"og:url\" content=\"https:\/\/tajkertesz.com\/en_US\/product\/paradicsom-vetomag-kecskemeti-jubileum-05g\/\" \/>\n<meta property=\"og:site_name\" content=\"T\u00e1jkert\u00e9sz\" \/>\n<meta property=\"article:publisher\" content=\"https:\/\/www.facebook.com\/Tajkertesz\/\" \/>\n<meta property=\"article:modified_time\" content=\"2026-02-18T15:07:42+00:00\" \/>\n<meta property=\"og:image\" content=\"https:\/\/tajkertesz.com\/wp-content\/uploads\/2023\/01\/20230118_153500-1-scaled.jpg\" \/>\n\t<meta property=\"og:image:width\" content=\"1426\" \/>\n\t<meta property=\"og:image:height\" content=\"2560\" \/>\n\t<meta property=\"og:image:type\" content=\"image\/jpeg\" \/>\n<meta name=\"twitter:card\" content=\"summary_large_image\" \/>\n<meta name=\"twitter:label1\" content=\"Est. reading time\" \/>\n\t<meta name=\"twitter:data1\" content=\"3 minutes\" \/>\n<script type=\"application\/ld+json\" class=\"yoast-schema-graph\">{\"@context\":\"https:\\\/\\\/schema.org\",\"@graph\":[{\"@type\":\"WebPage\",\"@id\":\"https:\\\/\\\/tajkertesz.com\\\/termek\\\/paradicsom-vetomag-kecskemeti-jubileum-05g\\\/\",\"url\":\"https:\\\/\\\/tajkertesz.com\\\/termek\\\/paradicsom-vetomag-kecskemeti-jubileum-05g\\\/\",\"name\":\"Paradicsom vet\u0151mag Kecskem\u00e9ti jubileum 0,5g. - T\u00e1jkert\u00e9sz\",\"isPartOf\":{\"@id\":\"https:\\\/\\\/tajkertesz.com\\\/#website\"},\"primaryImageOfPage\":{\"@id\":\"https:\\\/\\\/tajkertesz.com\\\/termek\\\/paradicsom-vetomag-kecskemeti-jubileum-05g\\\/#primaryimage\"},\"image\":{\"@id\":\"https:\\\/\\\/tajkertesz.com\\\/termek\\\/paradicsom-vetomag-kecskemeti-jubileum-05g\\\/#primaryimage\"},\"thumbnailUrl\":\"https:\\\/\\\/tajkertesz.com\\\/wp-content\\\/uploads\\\/2023\\\/01\\\/20230118_153500-1-scaled.jpg\",\"datePublished\":\"2023-01-23T12:42:55+00:00\",\"dateModified\":\"2026-02-18T15:07:42+00:00\",\"description\":\"Paradicsom vet\u0151mag Kecskem\u00e9ti jubileum 0,5g. V\u00e1s\u00e1roljon vet\u0151magokat kert\u00e9szeti web\u00e1ruh\u00e1zunkb\u00f3l h\u00e1zhozsz\u00e1ll\u00edt\u00e1ssal, vagy szem\u00e9lyesen kert\u00e9szet\u00fcnkb\u0151l.\",\"breadcrumb\":{\"@id\":\"https:\\\/\\\/tajkertesz.com\\\/termek\\\/paradicsom-vetomag-kecskemeti-jubileum-05g\\\/#breadcrumb\"},\"inLanguage\":\"en-US\",\"potentialAction\":[{\"@type\":\"ReadAction\",\"target\":[\"https:\\\/\\\/tajkertesz.com\\\/termek\\\/paradicsom-vetomag-kecskemeti-jubileum-05g\\\/\"]}]},{\"@type\":\"ImageObject\",\"inLanguage\":\"en-US\",\"@id\":\"https:\\\/\\\/tajkertesz.com\\\/termek\\\/paradicsom-vetomag-kecskemeti-jubileum-05g\\\/#primaryimage\",\"url\":\"https:\\\/\\\/tajkertesz.com\\\/wp-content\\\/uploads\\\/2023\\\/01\\\/20230118_153500-1-scaled.jpg\",\"contentUrl\":\"https:\\\/\\\/tajkertesz.com\\\/wp-content\\\/uploads\\\/2023\\\/01\\\/20230118_153500-1-scaled.jpg\",\"width\":1426,\"height\":2560},{\"@type\":\"BreadcrumbList\",\"@id\":\"https:\\\/\\\/tajkertesz.com\\\/termek\\\/paradicsom-vetomag-kecskemeti-jubileum-05g\\\/#breadcrumb\",\"itemListElement\":[{\"@type\":\"ListItem\",\"position\":1,\"name\":\"Home\",\"item\":\"https:\\\/\\\/tajkertesz.com\\\/\"},{\"@type\":\"ListItem\",\"position\":2,\"name\":\"Kezd\u0151lap\",\"item\":\"https:\\\/\\\/tajkertesz.com\\\/\"},{\"@type\":\"ListItem\",\"position\":3,\"name\":\"Paradicsom vet\u0151mag Kecskem\u00e9ti jubileum 0,5g.\"}]},{\"@type\":\"WebSite\",\"@id\":\"https:\\\/\\\/tajkertesz.com\\\/#website\",\"url\":\"https:\\\/\\\/tajkertesz.com\\\/\",\"name\":\"T\u00e1j-Kert\u00e9sz 84 Kft.\",\"description\":\"Kert\u00e9szeti kis- \u00e9s nagykeresked\u00e9s, D\u00edszn\u00f6v\u00e9ny web\u00e1ruh\u00e1z orsz\u00e1gos h\u00e1zhozsz\u00e1ll\u00edt\u00e1ssal!\",\"publisher\":{\"@id\":\"https:\\\/\\\/tajkertesz.com\\\/#organization\"},\"potentialAction\":[{\"@type\":\"SearchAction\",\"target\":{\"@type\":\"EntryPoint\",\"urlTemplate\":\"https:\\\/\\\/tajkertesz.com\\\/?s={search_term_string}\"},\"query-input\":{\"@type\":\"PropertyValueSpecification\",\"valueRequired\":true,\"valueName\":\"search_term_string\"}}],\"inLanguage\":\"en-US\"},{\"@type\":\"Organization\",\"@id\":\"https:\\\/\\\/tajkertesz.com\\\/#organization\",\"name\":\"T\u00e1j-Kert\u00e9sz 84 Kft.\",\"url\":\"https:\\\/\\\/tajkertesz.com\\\/\",\"logo\":{\"@type\":\"ImageObject\",\"inLanguage\":\"en-US\",\"@id\":\"https:\\\/\\\/tajkertesz.com\\\/#\\\/schema\\\/logo\\\/image\\\/\",\"url\":\"https:\\\/\\\/tajkertesz.com\\\/wp-content\\\/uploads\\\/2018\\\/02\\\/logo-2-e1518678052539.png\",\"contentUrl\":\"https:\\\/\\\/tajkertesz.com\\\/wp-content\\\/uploads\\\/2018\\\/02\\\/logo-2-e1518678052539.png\",\"width\":81,\"height\":140,\"caption\":\"T\u00e1j-Kert\u00e9sz 84 Kft.\"},\"image\":{\"@id\":\"https:\\\/\\\/tajkertesz.com\\\/#\\\/schema\\\/logo\\\/image\\\/\"},\"sameAs\":[\"https:\\\/\\\/www.facebook.com\\\/Tajkertesz\\\/\"]}]}<\/script>\n<!-- \/ Yoast SEO plugin. -->","yoast_head_json":{"title":"Paradicsom vet\u0151mag Kecskem\u00e9ti jubileum 0,5g. - T\u00e1jkert\u00e9sz","description":"Paradicsom vet\u0151mag Kecskem\u00e9ti jubileum 0,5g. V\u00e1s\u00e1roljon vet\u0151magokat kert\u00e9szeti web\u00e1ruh\u00e1zunkb\u00f3l h\u00e1zhozsz\u00e1ll\u00edt\u00e1ssal, vagy szem\u00e9lyesen kert\u00e9szet\u00fcnkb\u0151l.","robots":{"index":"index","follow":"follow","max-snippet":"max-snippet:-1","max-image-preview":"max-image-preview:large","max-video-preview":"max-video-preview:-1"},"canonical":"https:\/\/tajkertesz.com\/en_US\/product\/paradicsom-vetomag-kecskemeti-jubileum-05g\/","og_locale":"en_US","og_type":"article","og_title":"Paradicsom vet\u0151mag Kecskem\u00e9ti jubileum 0,5g. - T\u00e1jkert\u00e9sz","og_description":"Paradicsom vet\u0151mag Kecskem\u00e9ti jubileum 0,5g. V\u00e1s\u00e1roljon vet\u0151magokat kert\u00e9szeti web\u00e1ruh\u00e1zunkb\u00f3l h\u00e1zhozsz\u00e1ll\u00edt\u00e1ssal, vagy szem\u00e9lyesen kert\u00e9szet\u00fcnkb\u0151l.","og_url":"https:\/\/tajkertesz.com\/en_US\/product\/paradicsom-vetomag-kecskemeti-jubileum-05g\/","og_site_name":"T\u00e1jkert\u00e9sz","article_publisher":"https:\/\/www.facebook.com\/Tajkertesz\/","article_modified_time":"2026-02-18T15:07:42+00:00","og_image":[{"width":1426,"height":2560,"url":"https:\/\/tajkertesz.com\/wp-content\/uploads\/2023\/01\/20230118_153500-1-scaled.jpg","type":"image\/jpeg"}],"twitter_card":"summary_large_image","twitter_misc":{"Est. reading time":"3 minutes"},"schema":{"@context":"https:\/\/schema.org","@graph":[{"@type":"WebPage","@id":"https:\/\/tajkertesz.com\/termek\/paradicsom-vetomag-kecskemeti-jubileum-05g\/","url":"https:\/\/tajkertesz.com\/termek\/paradicsom-vetomag-kecskemeti-jubileum-05g\/","name":"Paradicsom vet\u0151mag Kecskem\u00e9ti jubileum 0,5g. - T\u00e1jkert\u00e9sz","isPartOf":{"@id":"https:\/\/tajkertesz.com\/#website"},"primaryImageOfPage":{"@id":"https:\/\/tajkertesz.com\/termek\/paradicsom-vetomag-kecskemeti-jubileum-05g\/#primaryimage"},"image":{"@id":"https:\/\/tajkertesz.com\/termek\/paradicsom-vetomag-kecskemeti-jubileum-05g\/#primaryimage"},"thumbnailUrl":"https:\/\/tajkertesz.com\/wp-content\/uploads\/2023\/01\/20230118_153500-1-scaled.jpg","datePublished":"2023-01-23T12:42:55+00:00","dateModified":"2026-02-18T15:07:42+00:00","description":"Paradicsom vet\u0151mag Kecskem\u00e9ti jubileum 0,5g. V\u00e1s\u00e1roljon vet\u0151magokat kert\u00e9szeti web\u00e1ruh\u00e1zunkb\u00f3l h\u00e1zhozsz\u00e1ll\u00edt\u00e1ssal, vagy szem\u00e9lyesen kert\u00e9szet\u00fcnkb\u0151l.","breadcrumb":{"@id":"https:\/\/tajkertesz.com\/termek\/paradicsom-vetomag-kecskemeti-jubileum-05g\/#breadcrumb"},"inLanguage":"en-US","potentialAction":[{"@type":"ReadAction","target":["https:\/\/tajkertesz.com\/termek\/paradicsom-vetomag-kecskemeti-jubileum-05g\/"]}]},{"@type":"ImageObject","inLanguage":"en-US","@id":"https:\/\/tajkertesz.com\/termek\/paradicsom-vetomag-kecskemeti-jubileum-05g\/#primaryimage","url":"https:\/\/tajkertesz.com\/wp-content\/uploads\/2023\/01\/20230118_153500-1-scaled.jpg","contentUrl":"https:\/\/tajkertesz.com\/wp-content\/uploads\/2023\/01\/20230118_153500-1-scaled.jpg","width":1426,"height":2560},{"@type":"BreadcrumbList","@id":"https:\/\/tajkertesz.com\/termek\/paradicsom-vetomag-kecskemeti-jubileum-05g\/#breadcrumb","itemListElement":[{"@type":"ListItem","position":1,"name":"Home","item":"https:\/\/tajkertesz.com\/"},{"@type":"ListItem","position":2,"name":"Kezd\u0151lap","item":"https:\/\/tajkertesz.com\/"},{"@type":"ListItem","position":3,"name":"Paradicsom vet\u0151mag Kecskem\u00e9ti jubileum 0,5g."}]},{"@type":"WebSite","@id":"https:\/\/tajkertesz.com\/#website","url":"https:\/\/tajkertesz.com\/","name":"T\u00e1j-Kert\u00e9sz 84 Kft.","description":"Kert\u00e9szeti kis- \u00e9s nagykeresked\u00e9s, D\u00edszn\u00f6v\u00e9ny web\u00e1ruh\u00e1z orsz\u00e1gos h\u00e1zhozsz\u00e1ll\u00edt\u00e1ssal!","publisher":{"@id":"https:\/\/tajkertesz.com\/#organization"},"potentialAction":[{"@type":"SearchAction","target":{"@type":"EntryPoint","urlTemplate":"https:\/\/tajkertesz.com\/?s={search_term_string}"},"query-input":{"@type":"PropertyValueSpecification","valueRequired":true,"valueName":"search_term_string"}}],"inLanguage":"en-US"},{"@type":"Organization","@id":"https:\/\/tajkertesz.com\/#organization","name":"T\u00e1j-Kert\u00e9sz 84 Kft.","url":"https:\/\/tajkertesz.com\/","logo":{"@type":"ImageObject","inLanguage":"en-US","@id":"https:\/\/tajkertesz.com\/#\/schema\/logo\/image\/","url":"https:\/\/tajkertesz.com\/wp-content\/uploads\/2018\/02\/logo-2-e1518678052539.png","contentUrl":"https:\/\/tajkertesz.com\/wp-content\/uploads\/2018\/02\/logo-2-e1518678052539.png","width":81,"height":140,"caption":"T\u00e1j-Kert\u00e9sz 84 Kft."},"image":{"@id":"https:\/\/tajkertesz.com\/#\/schema\/logo\/image\/"},"sameAs":["https:\/\/www.facebook.com\/Tajkertesz\/"]}]}},"_links":{"self":[{"href":"https:\/\/tajkertesz.com\/en_US\/wp-json\/wp\/v2\/product\/14915","targetHints":{"allow":["GET"]}}],"collection":[{"href":"https:\/\/tajkertesz.com\/en_US\/wp-json\/wp\/v2\/product"}],"about":[{"href":"https:\/\/tajkertesz.com\/en_US\/wp-json\/wp\/v2\/types\/product"}],"wp:featuredmedia":[{"embeddable":true,"href":"https:\/\/tajkertesz.com\/en_US\/wp-json\/wp\/v2\/media\/14886"}],"wp:attachment":[{"href":"https:\/\/tajkertesz.com\/en_US\/wp-json\/wp\/v2\/media?parent=14915"}],"wp:term":[{"taxonomy":"product_brand","embeddable":true,"href":"https:\/\/tajkertesz.com\/en_US\/wp-json\/wp\/v2\/product_brand?post=14915"},{"taxonomy":"product_cat","embeddable":true,"href":"https:\/\/tajkertesz.com\/en_US\/wp-json\/wp\/v2\/product_cat?post=14915"},{"taxonomy":"product_tag","embeddable":true,"href":"https:\/\/tajkertesz.com\/en_US\/wp-json\/wp\/v2\/product_tag?post=14915"}],"curies":[{"name":"wp","href":"https:\/\/api.w.org\/{rel}","templated":true}]}}