{"id":1496,"date":"2025-06-04T08:33:11","date_gmt":"2025-06-04T08:33:11","guid":{"rendered":"https:\/\/tajkertesz.com\/?post_type=product&#038;p=1496"},"modified":"2026-02-21T14:09:20","modified_gmt":"2026-02-21T14:09:20","slug":"sambucus-nigra-black-tower-oszlopos-bordo-levelu-bodza","status":"publish","type":"product","link":"https:\/\/tajkertesz.com\/en_US\/product\/sambucus-nigra-black-tower-oszlopos-bordo-levelu-bodza\/","title":{"rendered":"Sambucus nigra &#8216;Black Tower&#8217; &#8211; Oszlopos bord\u00f3 level\u0171 bodza"},"content":{"rendered":"<h1>Sambucus nigra &#8216;Black Tower&#8217; &#8211; Oszlopos bord\u00f3 level\u0171 bodza<\/h1>\n<p>A Sambucus nigra &#8216;Black Tower&#8217; &#8211; Oszlopos bord\u00f3 level\u0171 bodza igaz\u00e1n k\u00fcl\u00f6nleges megjelen\u00e9s\u0171, m\u00e9gis ellen\u00e1ll\u00f3, hazai kl\u00edm\u00e1ra is t\u00f6k\u00e9letes d\u00edszcserje. Rendk\u00edv\u00fcl n\u00e9pszer\u0171 modern kertekben a <strong data-start=\"211\" data-end=\"244\">karcs\u00fa, felfel\u00e9 t\u00f6r\u0151 habitusa<\/strong> \u00e9s <strong data-start=\"248\" data-end=\"272\">s\u00f6t\u00e9tbord\u00f3 lombsz\u00edne<\/strong> miatt. 2-3 m\u00e9ter magasra n\u0151.<\/p>\n<h2>Sambucus nigra &#8216;Black Tower&#8217; jellemz\u0151i<\/h2>\n<p data-start=\"784\" data-end=\"1052\">A <em data-start=\"786\" data-end=\"816\">Sambucus nigra &#8216;Black Tower&#8217;<\/em> egy <strong data-start=\"821\" data-end=\"866\">l\u00e1tv\u00e1nyos, oszlopos n\u00f6veked\u00e9s\u0171 bodzafajta<\/strong>, amely s\u00f6t\u00e9tbord\u00f3 leveleivel \u00e9s k\u00fcl\u00f6nleges form\u00e1j\u00e1val minden kertnek karaktert ad. Kifejezetten <strong data-start=\"963\" data-end=\"991\">f\u00fcgg\u0151leges t\u00e9rkit\u00f6lt\u00e9sre<\/strong> aj\u00e1nlott, mivel karcs\u00fa form\u00e1j\u00e1t metsz\u00e9s n\u00e9lk\u00fcl is megtartja.<\/p>\n<p data-start=\"1054\" data-end=\"1191\">Tavasszal <strong data-start=\"1064\" data-end=\"1096\">r\u00f3zsasz\u00ednes-feh\u00e9r vir\u00e1gzatot<\/strong> hoz, ny\u00e1ron pedig <strong data-start=\"1115\" data-end=\"1133\">s\u00f6t\u00e9t bogy\u00f3kat<\/strong> \u00e9rlel, melyek dekorat\u00edvak.<\/p>\n<h3 data-start=\"1054\" data-end=\"1191\">Az oszlopos bord\u00f3 level\u0171 bodza gondoz\u00e1sa:<\/h3>\n<p data-start=\"1548\" data-end=\"1560\">\u2600\ufe0f F\u00e9ny: A napos helyen fejl\u0151dik a legjobban, de <strong data-start=\"1601\" data-end=\"1636\">f\u00e9l\u00e1rny\u00e9kban is sz\u00e9pen megmarad<\/strong>.<\/p>\n<p data-start=\"1639\" data-end=\"1654\">\ud83d\udca7 \u00d6nt\u00f6z\u00e9s: \u00c1tlagos v\u00edzig\u00e9ny\u0171. \u00dcltet\u00e9s ut\u00e1n rendszeres \u00f6nt\u00f6z\u00e9s sz\u00fcks\u00e9ges, k\u00e9s\u0151bb m\u00e1r elviseli a sz\u00e1razabb peri\u00f3dusokat is.<\/p>\n<p data-start=\"1767\" data-end=\"1782\">\u2702\ufe0f Metsz\u00e9s: Nem felt\u00e9tlen\u00fcl sz\u00fcks\u00e9ges, de <strong data-start=\"1813\" data-end=\"1842\">tavasszal visszametszhet\u0151<\/strong>, ha form\u00e1zni szeretn\u00e9d, vagy ifj\u00edtani.<\/p>\n<p data-start=\"1883\" data-end=\"1896\">\ud83c\udf31 Talaj: K\u00f6zepes t\u00e1panyagtartalm\u00fa, j\u00f3 v\u00edz\u00e1tereszt\u0151 talajban fejl\u0151dik legszebben.<\/p>\n<p data-start=\"1883\" data-end=\"1896\">A n\u00f6v\u00e9ny jelenlegi m\u00e9rete: 50\/60 cm magas, 5 literes kont\u00e9nerben.<\/p>\n<p><b>K\u00e9szlet\u00fcnk napi szinten v\u00e1ltozik, ez\u00e9rt k\u00e9rj\u00fck, \u00e9rdekl\u0151dj\u00f6n szem\u00e9lyesen, telefonon vagy email-en.<br \/>\nA v\u00e1ltoztat\u00e1s jog\u00e1t fenntartjuk!<\/b><b>\u00a0<\/b><\/p>\n<p><a href=\"https:\/\/tajkertesz.com\/\">https:\/\/tajkertesz.com\/<\/a><\/p>\n<p><a href=\"https:\/\/www.facebook.com\/tajkertesz\/\">https:\/\/www.facebook.com\/tajkertesz\/<\/a><\/p>\n<p>Kisz\u00e1ll\u00edt\u00e1s: 200cm-ig \u00e9s 40 kg-ig a sz\u00e1ll\u00edt\u00e1s fut\u00e1rszolg\u00e1lattal t\u00f6rt\u00e9nik.<\/p>\n<p>Szem\u00e9lyes \u00e1tv\u00e9tel nyitvatart\u00e1si id\u0151ben a 17. ker\u00fclet Bakancsos utca 7. sz\u00e1m alatti Kert\u00e9szeti \u00e1rud\u00e1nkban.<\/p>\n<p>Kert\u00e9p\u00edt\u0151k \u00e9s viszontelad\u00f3k regisztr\u00e1l\u00e1s ut\u00e1n egyedi kedvezm\u00e9nnyel v\u00e1s\u00e1rolhatnak kert\u00e9szeti kis-\u00e9s nagykeresked\u00e9s\u00fcnkben.<\/p>\n<p><strong>Az \u00e1rak egy darab term\u00e9kre vonatkoznak.<\/strong><\/p>\n<p><strong>J\u00f3 tudni!<\/strong><\/p>\n<p>K\u00e9pek-elt\u00e9r\u00e9sek:<\/p>\n<p>A n\u00f6v\u00e9nyekr\u0151l felt\u00f6lt\u00f6tt k\u00e9pek illusztr\u00e1ci\u00f3k. N\u00f6v\u00e9nyekn\u00e9l el\u0151fordulhatnak minim\u00e1lis elt\u00e9r\u00e9sek a k\u00e9peken szerepl\u0151 n\u00f6v\u00e9nyek \u00e9s az \u00e1tvett n\u00f6v\u00e9nyek k\u00f6z\u00f6tt, mivel minden n\u00f6v\u00e9ny egyedi.<\/p>\n<h4>N\u00f6v\u00e9nyek sz\u00e1ll\u00edt\u00e1sa:<\/h4>\n<p>A megrendelt n\u00f6v\u00e9nyeket igyeksz\u00fcnk a lehet\u0151 legbiztons\u00e1gosabban egyes\u00e9vel csomagolni, azonban a sz\u00e1ll\u00edt\u00e1s sor\u00e1n m\u00e9g ennek ellen\u00e9re is\u00a0bek\u00f6vetkezhetnek apr\u00f3bb s\u00e9r\u00fcl\u00e9sek (lev\u00e9l- vagy vir\u00e1ghull\u00e1s).<br \/>\nN\u00f6v\u00e9ny rendel\u00e9s eset\u00e9n k\u00e9rj\u00fck a k\u00e9zbes\u00edt\u00e9st k\u00f6vet\u0151en a lehet\u0151 leghamarabb bonts\u00e1k ki a csomagot.<\/p>\n<p>Abban az esetben, ha a megrendelt n\u00f6v\u00e9ny\u00a0a sz\u00e1ll\u00edt\u00e1st k\u00f6vet\u0151en\u00a0nem megfelel\u0151 gondoz\u00e1sban r\u00e9szes\u00fcl \u00e9s ebb\u0151l kifoly\u00f3lag\u00a0k\u00e1rosodik,\u00a0elpusztul, felel\u0151ss\u00e9get sajnos nem tudunk v\u00e1llalni.<\/p>\n<p>V\u00e1s\u00e1rl\u00e1st\u00f3l val\u00f3 el\u00e1ll\u00e1s \u00e9l\u0151 n\u00f6v\u00e9ny v\u00e1s\u00e1rl\u00e1sa eset\u00e9n:<\/p>\n<p>Az \u00e1ltal\u00e1nos 14 napos el\u00e1ll\u00e1s lehet\u0151s\u00e9ge \u00e9l\u0151 n\u00f6v\u00e9nyekre nem vonatkozik. V\u00e1s\u00e1rl\u00e1st\u00f3l val\u00f3 el\u00e1ll\u00e1sra, visszak\u00fcld\u00e9sre nincs lehet\u0151s\u00e9g.\u00a0(17\/1999. (II. 5.) Korm. rendelet 5c pontja)<\/p>\n<p><strong>K\u00e9rj\u00fck fentiek figyelembev\u00e9tel\u00e9t n\u00f6v\u00e9ny rendel\u00e9se sor\u00e1n!<\/strong><\/p>","protected":false},"excerpt":{"rendered":"<h4>A n\u00f6v\u00e9ny jelenlegi m\u00e9rete:60\/80 cm magas, 5 literes kont\u00e9nerben.<\/h4>\n<p><b>K\u00e9szlet\u00fcnk napi szinten v\u00e1ltozik, ez\u00e9rt k\u00e9rj\u00fck, \u00e9rdekl\u0151dj\u00f6n szem\u00e9lyesen, telefonon vagy email-en.<br \/>\nA v\u00e1ltoztat\u00e1s jog\u00e1t fenntartjuk!<\/b><b>\u00a0<\/b><\/p>\n<h4><span style=\"color: #ff0000;\"><strong>Sz\u00e1ll\u00edt\u00e1s fut\u00e1rszolg\u00e1lattal 200 cm-ig, \u00e9s 40 kg-ig lehets\u00e9ges. E felett szem\u00e9lyes \u00e1tv\u00e9tellel vagy egyeztetett sz\u00e1ll\u00edt\u00e1si felt\u00e9tellel lehet.<\/strong><\/span><\/h4>","protected":false},"featured_media":1497,"template":"","meta":{"_et_pb_use_builder":"","_et_pb_old_content":"","_et_gb_content_width":""},"product_brand":[],"product_cat":[27],"product_tag":[375,5833,5831,5832,5009],"class_list":{"0":"post-1496","1":"product","2":"type-product","3":"status-publish","4":"has-post-thumbnail","6":"product_cat-cserjek","7":"product_tag-bodza","8":"product_tag-bordo-levelu-diszcserje","9":"product_tag-oszlopos-bodza","10":"product_tag-sambucus-black-tower","11":"product_tag-sambucus-nigra","13":"first","14":"instock","15":"shipping-taxable","16":"purchasable","17":"product-type-simple"},"yoast_head":"<!-- This site is optimized with the Yoast SEO plugin v27.3 - https:\/\/yoast.com\/product\/yoast-seo-wordpress\/ -->\n<title>Sambucus nigra &#039;Black Tower&#039; - Oszlopos bord\u00f3 level\u0171 bodza - T\u00e1jkert\u00e9sz<\/title>\n<meta name=\"description\" content=\"A Sambucus nigra &#039;Black Tower&#039; - Oszlopos bord\u00f3 level\u0171 bodza 2-3 m\u00e9ter magas, lombhullat\u00f3 cserje. Bord\u00f3 sz\u00edn\u0171 szeldelt levelei teszik rendk\u00edv\u00fcl mutat\u00f3ss\u00e1.\" \/>\n<meta name=\"robots\" content=\"index, follow, max-snippet:-1, max-image-preview:large, max-video-preview:-1\" \/>\n<link rel=\"canonical\" href=\"https:\/\/tajkertesz.com\/en_US\/product\/sambucus-nigra-black-tower-oszlopos-bordo-levelu-bodza\/\" \/>\n<meta property=\"og:locale\" content=\"en_US\" \/>\n<meta property=\"og:type\" content=\"article\" \/>\n<meta property=\"og:title\" content=\"Sambucus nigra &#039;Black Tower&#039; - Oszlopos bord\u00f3 level\u0171 bodza - T\u00e1jkert\u00e9sz\" \/>\n<meta property=\"og:description\" content=\"A Sambucus nigra &#039;Black Tower&#039; - Oszlopos bord\u00f3 level\u0171 bodza 2-3 m\u00e9ter magas, lombhullat\u00f3 cserje. Bord\u00f3 sz\u00edn\u0171 szeldelt levelei teszik rendk\u00edv\u00fcl mutat\u00f3ss\u00e1.\" \/>\n<meta property=\"og:url\" content=\"https:\/\/tajkertesz.com\/en_US\/product\/sambucus-nigra-black-tower-oszlopos-bordo-levelu-bodza\/\" \/>\n<meta property=\"og:site_name\" content=\"T\u00e1jkert\u00e9sz\" \/>\n<meta property=\"article:publisher\" content=\"https:\/\/www.facebook.com\/Tajkertesz\/\" \/>\n<meta property=\"article:modified_time\" content=\"2026-02-21T14:09:20+00:00\" \/>\n<meta property=\"og:image\" content=\"https:\/\/tajkertesz.com\/wp-content\/uploads\/2020\/03\/sambucus-nigra.jpg3_.jpg\" \/>\n\t<meta property=\"og:image:width\" content=\"388\" \/>\n\t<meta property=\"og:image:height\" content=\"388\" \/>\n\t<meta property=\"og:image:type\" content=\"image\/jpeg\" \/>\n<meta name=\"twitter:card\" content=\"summary_large_image\" \/>\n<meta name=\"twitter:label1\" content=\"Est. reading time\" \/>\n\t<meta name=\"twitter:data1\" content=\"3 minutes\" \/>\n<script type=\"application\/ld+json\" class=\"yoast-schema-graph\">{\"@context\":\"https:\\\/\\\/schema.org\",\"@graph\":[{\"@type\":\"WebPage\",\"@id\":\"https:\\\/\\\/tajkertesz.com\\\/termek\\\/sambucus-nigra-black-tower-oszlopos-bordo-levelu-bodza\\\/\",\"url\":\"https:\\\/\\\/tajkertesz.com\\\/termek\\\/sambucus-nigra-black-tower-oszlopos-bordo-levelu-bodza\\\/\",\"name\":\"Sambucus nigra 'Black Tower' - Oszlopos bord\u00f3 level\u0171 bodza - T\u00e1jkert\u00e9sz\",\"isPartOf\":{\"@id\":\"https:\\\/\\\/tajkertesz.com\\\/#website\"},\"primaryImageOfPage\":{\"@id\":\"https:\\\/\\\/tajkertesz.com\\\/termek\\\/sambucus-nigra-black-tower-oszlopos-bordo-levelu-bodza\\\/#primaryimage\"},\"image\":{\"@id\":\"https:\\\/\\\/tajkertesz.com\\\/termek\\\/sambucus-nigra-black-tower-oszlopos-bordo-levelu-bodza\\\/#primaryimage\"},\"thumbnailUrl\":\"https:\\\/\\\/tajkertesz.com\\\/wp-content\\\/uploads\\\/2020\\\/03\\\/sambucus-nigra.jpg3_.jpg\",\"datePublished\":\"2025-06-04T08:33:11+00:00\",\"dateModified\":\"2026-02-21T14:09:20+00:00\",\"description\":\"A Sambucus nigra 'Black Tower' - Oszlopos bord\u00f3 level\u0171 bodza 2-3 m\u00e9ter magas, lombhullat\u00f3 cserje. Bord\u00f3 sz\u00edn\u0171 szeldelt levelei teszik rendk\u00edv\u00fcl mutat\u00f3ss\u00e1.\",\"breadcrumb\":{\"@id\":\"https:\\\/\\\/tajkertesz.com\\\/termek\\\/sambucus-nigra-black-tower-oszlopos-bordo-levelu-bodza\\\/#breadcrumb\"},\"inLanguage\":\"en-US\",\"potentialAction\":[{\"@type\":\"ReadAction\",\"target\":[\"https:\\\/\\\/tajkertesz.com\\\/termek\\\/sambucus-nigra-black-tower-oszlopos-bordo-levelu-bodza\\\/\"]}]},{\"@type\":\"ImageObject\",\"inLanguage\":\"en-US\",\"@id\":\"https:\\\/\\\/tajkertesz.com\\\/termek\\\/sambucus-nigra-black-tower-oszlopos-bordo-levelu-bodza\\\/#primaryimage\",\"url\":\"https:\\\/\\\/tajkertesz.com\\\/wp-content\\\/uploads\\\/2020\\\/03\\\/sambucus-nigra.jpg3_.jpg\",\"contentUrl\":\"https:\\\/\\\/tajkertesz.com\\\/wp-content\\\/uploads\\\/2020\\\/03\\\/sambucus-nigra.jpg3_.jpg\",\"width\":388,\"height\":388,\"caption\":\"Sambucus nigra 'Black Tower' - Oszlopos bord\u00f3 level\u0171 bodza\"},{\"@type\":\"BreadcrumbList\",\"@id\":\"https:\\\/\\\/tajkertesz.com\\\/termek\\\/sambucus-nigra-black-tower-oszlopos-bordo-levelu-bodza\\\/#breadcrumb\",\"itemListElement\":[{\"@type\":\"ListItem\",\"position\":1,\"name\":\"Home\",\"item\":\"https:\\\/\\\/tajkertesz.com\\\/\"},{\"@type\":\"ListItem\",\"position\":2,\"name\":\"Kezd\u0151lap\",\"item\":\"https:\\\/\\\/tajkertesz.com\\\/\"},{\"@type\":\"ListItem\",\"position\":3,\"name\":\"Sambucus nigra &#8216;Black Tower&#8217; &#8211; Oszlopos bord\u00f3 level\u0171 bodza\"}]},{\"@type\":\"WebSite\",\"@id\":\"https:\\\/\\\/tajkertesz.com\\\/#website\",\"url\":\"https:\\\/\\\/tajkertesz.com\\\/\",\"name\":\"T\u00e1j-Kert\u00e9sz 84 Kft.\",\"description\":\"Kert\u00e9szeti kis- \u00e9s nagykeresked\u00e9s, D\u00edszn\u00f6v\u00e9ny web\u00e1ruh\u00e1z orsz\u00e1gos h\u00e1zhozsz\u00e1ll\u00edt\u00e1ssal!\",\"publisher\":{\"@id\":\"https:\\\/\\\/tajkertesz.com\\\/#organization\"},\"potentialAction\":[{\"@type\":\"SearchAction\",\"target\":{\"@type\":\"EntryPoint\",\"urlTemplate\":\"https:\\\/\\\/tajkertesz.com\\\/?s={search_term_string}\"},\"query-input\":{\"@type\":\"PropertyValueSpecification\",\"valueRequired\":true,\"valueName\":\"search_term_string\"}}],\"inLanguage\":\"en-US\"},{\"@type\":\"Organization\",\"@id\":\"https:\\\/\\\/tajkertesz.com\\\/#organization\",\"name\":\"T\u00e1j-Kert\u00e9sz 84 Kft.\",\"url\":\"https:\\\/\\\/tajkertesz.com\\\/\",\"logo\":{\"@type\":\"ImageObject\",\"inLanguage\":\"en-US\",\"@id\":\"https:\\\/\\\/tajkertesz.com\\\/#\\\/schema\\\/logo\\\/image\\\/\",\"url\":\"https:\\\/\\\/tajkertesz.com\\\/wp-content\\\/uploads\\\/2018\\\/02\\\/logo-2-e1518678052539.png\",\"contentUrl\":\"https:\\\/\\\/tajkertesz.com\\\/wp-content\\\/uploads\\\/2018\\\/02\\\/logo-2-e1518678052539.png\",\"width\":81,\"height\":140,\"caption\":\"T\u00e1j-Kert\u00e9sz 84 Kft.\"},\"image\":{\"@id\":\"https:\\\/\\\/tajkertesz.com\\\/#\\\/schema\\\/logo\\\/image\\\/\"},\"sameAs\":[\"https:\\\/\\\/www.facebook.com\\\/Tajkertesz\\\/\"]}]}<\/script>\n<!-- \/ Yoast SEO plugin. -->","yoast_head_json":{"title":"Sambucus nigra 'Black Tower' - Oszlopos bord\u00f3 level\u0171 bodza - T\u00e1jkert\u00e9sz","description":"A Sambucus nigra 'Black Tower' - Oszlopos bord\u00f3 level\u0171 bodza 2-3 m\u00e9ter magas, lombhullat\u00f3 cserje. Bord\u00f3 sz\u00edn\u0171 szeldelt levelei teszik rendk\u00edv\u00fcl mutat\u00f3ss\u00e1.","robots":{"index":"index","follow":"follow","max-snippet":"max-snippet:-1","max-image-preview":"max-image-preview:large","max-video-preview":"max-video-preview:-1"},"canonical":"https:\/\/tajkertesz.com\/en_US\/product\/sambucus-nigra-black-tower-oszlopos-bordo-levelu-bodza\/","og_locale":"en_US","og_type":"article","og_title":"Sambucus nigra 'Black Tower' - Oszlopos bord\u00f3 level\u0171 bodza - T\u00e1jkert\u00e9sz","og_description":"A Sambucus nigra 'Black Tower' - Oszlopos bord\u00f3 level\u0171 bodza 2-3 m\u00e9ter magas, lombhullat\u00f3 cserje. Bord\u00f3 sz\u00edn\u0171 szeldelt levelei teszik rendk\u00edv\u00fcl mutat\u00f3ss\u00e1.","og_url":"https:\/\/tajkertesz.com\/en_US\/product\/sambucus-nigra-black-tower-oszlopos-bordo-levelu-bodza\/","og_site_name":"T\u00e1jkert\u00e9sz","article_publisher":"https:\/\/www.facebook.com\/Tajkertesz\/","article_modified_time":"2026-02-21T14:09:20+00:00","og_image":[{"width":388,"height":388,"url":"https:\/\/tajkertesz.com\/wp-content\/uploads\/2020\/03\/sambucus-nigra.jpg3_.jpg","type":"image\/jpeg"}],"twitter_card":"summary_large_image","twitter_misc":{"Est. reading time":"3 minutes"},"schema":{"@context":"https:\/\/schema.org","@graph":[{"@type":"WebPage","@id":"https:\/\/tajkertesz.com\/termek\/sambucus-nigra-black-tower-oszlopos-bordo-levelu-bodza\/","url":"https:\/\/tajkertesz.com\/termek\/sambucus-nigra-black-tower-oszlopos-bordo-levelu-bodza\/","name":"Sambucus nigra 'Black Tower' - Oszlopos bord\u00f3 level\u0171 bodza - T\u00e1jkert\u00e9sz","isPartOf":{"@id":"https:\/\/tajkertesz.com\/#website"},"primaryImageOfPage":{"@id":"https:\/\/tajkertesz.com\/termek\/sambucus-nigra-black-tower-oszlopos-bordo-levelu-bodza\/#primaryimage"},"image":{"@id":"https:\/\/tajkertesz.com\/termek\/sambucus-nigra-black-tower-oszlopos-bordo-levelu-bodza\/#primaryimage"},"thumbnailUrl":"https:\/\/tajkertesz.com\/wp-content\/uploads\/2020\/03\/sambucus-nigra.jpg3_.jpg","datePublished":"2025-06-04T08:33:11+00:00","dateModified":"2026-02-21T14:09:20+00:00","description":"A Sambucus nigra 'Black Tower' - Oszlopos bord\u00f3 level\u0171 bodza 2-3 m\u00e9ter magas, lombhullat\u00f3 cserje. Bord\u00f3 sz\u00edn\u0171 szeldelt levelei teszik rendk\u00edv\u00fcl mutat\u00f3ss\u00e1.","breadcrumb":{"@id":"https:\/\/tajkertesz.com\/termek\/sambucus-nigra-black-tower-oszlopos-bordo-levelu-bodza\/#breadcrumb"},"inLanguage":"en-US","potentialAction":[{"@type":"ReadAction","target":["https:\/\/tajkertesz.com\/termek\/sambucus-nigra-black-tower-oszlopos-bordo-levelu-bodza\/"]}]},{"@type":"ImageObject","inLanguage":"en-US","@id":"https:\/\/tajkertesz.com\/termek\/sambucus-nigra-black-tower-oszlopos-bordo-levelu-bodza\/#primaryimage","url":"https:\/\/tajkertesz.com\/wp-content\/uploads\/2020\/03\/sambucus-nigra.jpg3_.jpg","contentUrl":"https:\/\/tajkertesz.com\/wp-content\/uploads\/2020\/03\/sambucus-nigra.jpg3_.jpg","width":388,"height":388,"caption":"Sambucus nigra 'Black Tower' - Oszlopos bord\u00f3 level\u0171 bodza"},{"@type":"BreadcrumbList","@id":"https:\/\/tajkertesz.com\/termek\/sambucus-nigra-black-tower-oszlopos-bordo-levelu-bodza\/#breadcrumb","itemListElement":[{"@type":"ListItem","position":1,"name":"Home","item":"https:\/\/tajkertesz.com\/"},{"@type":"ListItem","position":2,"name":"Kezd\u0151lap","item":"https:\/\/tajkertesz.com\/"},{"@type":"ListItem","position":3,"name":"Sambucus nigra &#8216;Black Tower&#8217; &#8211; Oszlopos bord\u00f3 level\u0171 bodza"}]},{"@type":"WebSite","@id":"https:\/\/tajkertesz.com\/#website","url":"https:\/\/tajkertesz.com\/","name":"T\u00e1j-Kert\u00e9sz 84 Kft.","description":"Kert\u00e9szeti kis- \u00e9s nagykeresked\u00e9s, D\u00edszn\u00f6v\u00e9ny web\u00e1ruh\u00e1z orsz\u00e1gos h\u00e1zhozsz\u00e1ll\u00edt\u00e1ssal!","publisher":{"@id":"https:\/\/tajkertesz.com\/#organization"},"potentialAction":[{"@type":"SearchAction","target":{"@type":"EntryPoint","urlTemplate":"https:\/\/tajkertesz.com\/?s={search_term_string}"},"query-input":{"@type":"PropertyValueSpecification","valueRequired":true,"valueName":"search_term_string"}}],"inLanguage":"en-US"},{"@type":"Organization","@id":"https:\/\/tajkertesz.com\/#organization","name":"T\u00e1j-Kert\u00e9sz 84 Kft.","url":"https:\/\/tajkertesz.com\/","logo":{"@type":"ImageObject","inLanguage":"en-US","@id":"https:\/\/tajkertesz.com\/#\/schema\/logo\/image\/","url":"https:\/\/tajkertesz.com\/wp-content\/uploads\/2018\/02\/logo-2-e1518678052539.png","contentUrl":"https:\/\/tajkertesz.com\/wp-content\/uploads\/2018\/02\/logo-2-e1518678052539.png","width":81,"height":140,"caption":"T\u00e1j-Kert\u00e9sz 84 Kft."},"image":{"@id":"https:\/\/tajkertesz.com\/#\/schema\/logo\/image\/"},"sameAs":["https:\/\/www.facebook.com\/Tajkertesz\/"]}]}},"_links":{"self":[{"href":"https:\/\/tajkertesz.com\/en_US\/wp-json\/wp\/v2\/product\/1496","targetHints":{"allow":["GET"]}}],"collection":[{"href":"https:\/\/tajkertesz.com\/en_US\/wp-json\/wp\/v2\/product"}],"about":[{"href":"https:\/\/tajkertesz.com\/en_US\/wp-json\/wp\/v2\/types\/product"}],"wp:featuredmedia":[{"embeddable":true,"href":"https:\/\/tajkertesz.com\/en_US\/wp-json\/wp\/v2\/media\/1497"}],"wp:attachment":[{"href":"https:\/\/tajkertesz.com\/en_US\/wp-json\/wp\/v2\/media?parent=1496"}],"wp:term":[{"taxonomy":"product_brand","embeddable":true,"href":"https:\/\/tajkertesz.com\/en_US\/wp-json\/wp\/v2\/product_brand?post=1496"},{"taxonomy":"product_cat","embeddable":true,"href":"https:\/\/tajkertesz.com\/en_US\/wp-json\/wp\/v2\/product_cat?post=1496"},{"taxonomy":"product_tag","embeddable":true,"href":"https:\/\/tajkertesz.com\/en_US\/wp-json\/wp\/v2\/product_tag?post=1496"}],"curies":[{"name":"wp","href":"https:\/\/api.w.org\/{rel}","templated":true}]}}