{"id":14965,"date":"2023-01-23T14:34:27","date_gmt":"2023-01-23T14:34:27","guid":{"rendered":"https:\/\/tajkertesz.com\/?post_type=product&#038;p=14965"},"modified":"2026-02-18T15:03:56","modified_gmt":"2026-02-18T15:03:56","slug":"tok-ovari-hengeres-sutotok-6g","status":"publish","type":"product","link":"https:\/\/tajkertesz.com\/en_US\/product\/tok-ovari-hengeres-sutotok-6g\/","title":{"rendered":"T\u00f6k \u00d3v\u00e1ri hengeres s\u00fct\u0151t\u00f6k 6g."},"content":{"rendered":"<h2>T\u00f6k \u00d3v\u00e1ri hengeres s\u00fct\u0151t\u00f6k 6g.<\/h2>\n<table cellspacing=\"0\">\n<tbody>\n<tr>\n<td valign=\"top\">S\u00fct\u0151t\u00f6k\u00a0(Cucurbita maxima)<\/td>\n<\/tr>\n<tr>\n<td colspan=\"2\">\n<table class=\"csoportinfo\" cellspacing=\"0\">\n<tbody>\n<tr class=\"csoportinfofejlec\">\n<td class=\"csoportinfofejlec\" width=\"15%\">magsz\u00e1m\/gramm<\/td>\n<td class=\"csoportinfofejlec\" width=\"19%\">vet\u0151magig\u00e9ny g\/10nm<\/td>\n<td class=\"csoportinfofejlec\" width=\"19%\">vet\u00e9sid\u0151 szabadf\u00f6ldi termeszt\u00e9shez<\/td>\n<td class=\"csoportinfofejlec\" width=\"15%\">vet\u00e9sm\u00e9lys\u00e9g cm<\/td>\n<td class=\"csoportinfofejlec\" width=\"17%\">sor- \u00e9s t\u0151t\u00e1vols\u00e1g cm<\/td>\n<td class=\"csoportinfofejlec\" width=\"15%\">cs\u00edr\u00e1z\u00e1si nap<br \/>\n18-20C fokon<\/td>\n<\/tr>\n<tr class=\"csoportinfotorzs\">\n<td class=\"csoportinfotorzs\">2-3<\/td>\n<td class=\"csoportinfotorzs\">10-15<\/td>\n<td class=\"csoportinfotorzs\">IV-V. h\u00f3nap<\/td>\n<td class=\"csoportinfotorzs\">3-5<\/td>\n<td class=\"csoportinfotorzs\">150 x 100<\/td>\n<td class=\"csoportinfotorzs\">7-12 nap<\/td>\n<\/tr>\n<\/tbody>\n<\/table>\n<\/td>\n<\/tr>\n<tr>\n<td colspan=\"2\">\n<p align=\"justify\">A s\u00fct\u0151t\u00f6k term\u00e9se lehet hossz\u00fak\u00e1s, g\u00f6mb, vagy lap\u00edtott, de sz\u00e1mos m\u00e1s, k\u00fcl\u00f6nleges alak\u00fa fajt\u00e1ja is van. A fogyaszt\u00e1si szok\u00e1sok v\u00e1ltoz\u00e1s\u00e1val kisebb t\u00f6meg\u0171 sonkat\u00f6k termeszt\u00e9se ker\u00fclt el\u0151t\u00e9rbe, mert a hagyom\u00e1nyos s\u00fct\u0151t\u00f6k fajt\u00e1k nagy t\u00f6meg\u0171ek, amik a napi fogyaszt\u00e1si ig\u00e9nyeket meghaladj\u00e1k.<\/p>\n<p>A s\u00fct\u0151t\u00f6k k\u00e9s\u0151 \u0151szre \u00e9rik be, betakar\u00edtani akkor lehet, ha a s\u00fct\u0151t\u00f6k h\u00e9ja ez\u00fcstfeh\u00e9r \u00e9s kem\u00e9ny lesz, a levelei pedig elkezdenek lesz\u00e1radni. Az \u00e9rett term\u00e9sek sz\u00e1m\u00e1ra h\u0171v\u00f6s, de fagymentes helyet keress\u00fcnk.<\/p>\n<p>A s\u00fct\u0151t\u00f6k nevelhet\u0151 magr\u00f3l, amit \u00e1prilis elej\u00e9n vethet\u00fcnk el, valamint el\u0151nevelt pal\u00e1nt\u00e1kkal is termeszthetj\u00fck, melyeket m\u00e1jus k\u00f6zep\u00e9t\u0151l, a tavaszi fagyok elm\u00falt\u00e1val \u00fcltethet\u00fcnk v\u00e9gleges hely\u00fckre.<\/p>\n<p>Ha pal\u00e1nt\u00e1kat szeretn\u00e9nk nevelni, akkor a magokat laza szerkezet\u0171 f\u00f6ldkever\u00e9kkel vagy komposzttal t\u00f6lt\u00f6tt kis m\u0171anyag poharakba vess\u00fck, kb. 2 cm m\u00e9lyre, \u00e9s j\u00f3l \u00f6nt\u00f6zz\u00fck meg. A cs\u00edr\u00e1z\u00e1shoz meleg napos helyre van sz\u00fcks\u00e9g.<\/p>\n<p>A pal\u00e1nt\u00e1k csak szoktat\u00e1s ut\u00e1n ker\u00fclhetnek ki a szabadba. Mivel a s\u00fct\u0151t\u00f6kpal\u00e1nt\u00e1k gy\u00f6kerei meglehet\u0151sen s\u00e9r\u00fcl\u00e9kenyek, k\u00f6r\u00fcltekint\u0151en v\u00e9gezz\u00fck az \u00fcltet\u00e9st.<\/p>\n<p>A szabadf\u00f6ldi vet\u00e9shez c\u00e9lszer\u0171 f\u00e9szkeket k\u00e9sz\u00edteni, \u00e9s a n\u00f6v\u00e9nyek k\u00f6z\u00f6tt 2 m\u00e9teres t\u00e1vols\u00e1got tartani. A f\u00e9szkekhez \u00e1ssunk egy kb. 40 cm-es \u00e1tm\u00e9r\u0151j\u0171 g\u00f6dr\u00f6t, \u00e9s ebbe tegy\u00fcnk \u00e9rett ist\u00e1ll\u00f3tr\u00e1gy\u00e1t vagy komposztot. Ezut\u00e1n takarjuk be f\u00f6lddel a g\u00f6dr\u00f6t, \u00e9s vess\u00fck el a magokat. Egy f\u00e9szekbe 3-4 mag ker\u00fclj\u00f6n.<\/p>\n<p>Ha a pal\u00e1nt\u00e1k el\u00e9rik a 3-4 leveles \u00e1llapotot, ritk\u00edtsuk ki a f\u00e9szket, hogy csak 2 n\u00f6v\u00e9ny maradjon, a kiszedett n\u00f6v\u00e9nyeket pedig \u00fcltess\u00fck \u00e1t m\u00e1sik helyre.<\/td>\n<\/tr>\n<\/tbody>\n<\/table>\n<p><strong>K\u00e9szlet\u00fcnk napi szinten v\u00e1ltozik, ez\u00e9rt k\u00e9rj\u00fck, \u00e9rdekl\u0151dj\u00f6n szem\u00e9lyesen, telefonon vagy email-en.<br \/>\nA v\u00e1ltoztat\u00e1s jog\u00e1t fenntartjuk!\u00a0<\/strong><\/p>\n<p><a href=\"https:\/\/tajkertesz.com\/\">https:\/\/tajkertesz.com\/<\/a><\/p>\n<p><a href=\"https:\/\/www.facebook.com\/tajkertesz\/\">https:\/\/www.facebook.com\/tajkertesz\/<\/a><\/p>\n<p>Kisz\u00e1ll\u00edt\u00e1s: 200cm-ig \u00a0\u00e9s 40 kg-ig a sz\u00e1ll\u00edt\u00e1s fut\u00e1rszolg\u00e1lattal \u00a0t\u00f6rt\u00e9nik!<\/p>\n<p>Szem\u00e9lyes \u00e1tv\u00e9tel nyitvatart\u00e1si id\u0151ben a 17. ker\u00fclet Bakancsos utca 7. sz\u00e1m alatti Kert\u00e9szeti \u00e1rud\u00e1ban<\/p>\n<p>&nbsp;<\/p>\n<p>Szem\u00e9lyes \u00e1tv\u00e9tel ak\u00e1r a mai napon, vagy h\u00e1zhozsz\u00e1ll\u00edt\u00e1s 1-2 napon bel\u00fcl!<\/p>\n<p>&nbsp;<\/p>\n<p>1173.Bp.Bakancsos u.7.<\/p>\n<p><a href=\"http:\/\/www.tajkertesz.com\">www.tajkertesz.com<\/a><\/p>\n<p>Kert\u00e9szeti kis-\u00e9s nagykeresked\u00e9s<\/p>","protected":false},"excerpt":{"rendered":"<p>T\u00f6k \u00d3v\u00e1ri hengeres s\u00fct\u0151t\u00f6k 6g.<\/p>\n<div>\u00d3V\u00c1RI HENGERES<\/div>\n<div>K\u00f6z\u00e9per\u0151s n\u00f6veked\u00e9s\u0171. Term\u00e9se hossz\u00fak\u00e1s, 2-4 kg \u00e1tlags\u00faly\u00fa. H\u00e9ja \u00e9s h\u00fasa s\u00f6t\u00e9tnarancs. S\u00fctve igen finom csemege.<\/div>","protected":false},"featured_media":14932,"template":"","meta":{"_et_pb_use_builder":"","_et_pb_old_content":"","_et_gb_content_width":""},"product_brand":[],"product_cat":[2881],"product_tag":[4138],"class_list":{"0":"post-14965","1":"product","2":"type-product","3":"status-publish","4":"has-post-thumbnail","6":"product_cat-zoldsegnoveny-vetomagok","7":"product_tag-vetomagok","9":"first","10":"instock","11":"shipping-taxable","12":"purchasable","13":"product-type-simple"},"yoast_head":"<!-- This site is optimized with the Yoast SEO plugin v27.5 - https:\/\/yoast.com\/product\/yoast-seo-wordpress\/ -->\n<title>T\u00f6k \u00d3v\u00e1ri hengeres s\u00fct\u0151t\u00f6k 6g. - T\u00e1jkert\u00e9sz<\/title>\n<meta name=\"description\" content=\"T\u00f6k \u00d3v\u00e1ri hengeres s\u00fct\u0151t\u00f6k 6g. V\u00e1s\u00e1roljon vet\u0151magokat kert\u00e9szeti web\u00e1ruh\u00e1zunkb\u00f3l h\u00e1zhozsz\u00e1ll\u00edt\u00e1ssal, vagy szem\u00e9lyesen kert\u00e9szet\u00fcnkb\u0151l.\" \/>\n<meta name=\"robots\" content=\"index, follow, max-snippet:-1, max-image-preview:large, max-video-preview:-1\" \/>\n<link rel=\"canonical\" href=\"https:\/\/tajkertesz.com\/en_US\/product\/tok-ovari-hengeres-sutotok-6g\/\" \/>\n<meta property=\"og:locale\" content=\"en_US\" \/>\n<meta property=\"og:type\" content=\"article\" \/>\n<meta property=\"og:title\" content=\"T\u00f6k \u00d3v\u00e1ri hengeres s\u00fct\u0151t\u00f6k 6g. - T\u00e1jkert\u00e9sz\" \/>\n<meta property=\"og:description\" content=\"T\u00f6k \u00d3v\u00e1ri hengeres s\u00fct\u0151t\u00f6k 6g. V\u00e1s\u00e1roljon vet\u0151magokat kert\u00e9szeti web\u00e1ruh\u00e1zunkb\u00f3l h\u00e1zhozsz\u00e1ll\u00edt\u00e1ssal, vagy szem\u00e9lyesen kert\u00e9szet\u00fcnkb\u0151l.\" \/>\n<meta property=\"og:url\" content=\"https:\/\/tajkertesz.com\/en_US\/product\/tok-ovari-hengeres-sutotok-6g\/\" \/>\n<meta property=\"og:site_name\" content=\"T\u00e1jkert\u00e9sz\" \/>\n<meta property=\"article:publisher\" content=\"https:\/\/www.facebook.com\/Tajkertesz\/\" \/>\n<meta property=\"article:modified_time\" content=\"2026-02-18T15:03:56+00:00\" \/>\n<meta property=\"og:image\" content=\"https:\/\/tajkertesz.com\/wp-content\/uploads\/2023\/01\/20230119_130415-scaled.jpg\" \/>\n\t<meta property=\"og:image:width\" content=\"1381\" \/>\n\t<meta property=\"og:image:height\" content=\"2560\" \/>\n\t<meta property=\"og:image:type\" content=\"image\/jpeg\" \/>\n<meta name=\"twitter:card\" content=\"summary_large_image\" \/>\n<meta name=\"twitter:label1\" content=\"Est. reading time\" \/>\n\t<meta name=\"twitter:data1\" content=\"2 minutes\" \/>\n<script type=\"application\/ld+json\" class=\"yoast-schema-graph\">{\"@context\":\"https:\\\/\\\/schema.org\",\"@graph\":[{\"@type\":\"WebPage\",\"@id\":\"https:\\\/\\\/tajkertesz.com\\\/termek\\\/tok-ovari-hengeres-sutotok-6g\\\/\",\"url\":\"https:\\\/\\\/tajkertesz.com\\\/termek\\\/tok-ovari-hengeres-sutotok-6g\\\/\",\"name\":\"T\u00f6k \u00d3v\u00e1ri hengeres s\u00fct\u0151t\u00f6k 6g. - T\u00e1jkert\u00e9sz\",\"isPartOf\":{\"@id\":\"https:\\\/\\\/tajkertesz.com\\\/#website\"},\"primaryImageOfPage\":{\"@id\":\"https:\\\/\\\/tajkertesz.com\\\/termek\\\/tok-ovari-hengeres-sutotok-6g\\\/#primaryimage\"},\"image\":{\"@id\":\"https:\\\/\\\/tajkertesz.com\\\/termek\\\/tok-ovari-hengeres-sutotok-6g\\\/#primaryimage\"},\"thumbnailUrl\":\"https:\\\/\\\/tajkertesz.com\\\/wp-content\\\/uploads\\\/2023\\\/01\\\/20230119_130415-scaled.jpg\",\"datePublished\":\"2023-01-23T14:34:27+00:00\",\"dateModified\":\"2026-02-18T15:03:56+00:00\",\"description\":\"T\u00f6k \u00d3v\u00e1ri hengeres s\u00fct\u0151t\u00f6k 6g. V\u00e1s\u00e1roljon vet\u0151magokat kert\u00e9szeti web\u00e1ruh\u00e1zunkb\u00f3l h\u00e1zhozsz\u00e1ll\u00edt\u00e1ssal, vagy szem\u00e9lyesen kert\u00e9szet\u00fcnkb\u0151l.\",\"breadcrumb\":{\"@id\":\"https:\\\/\\\/tajkertesz.com\\\/termek\\\/tok-ovari-hengeres-sutotok-6g\\\/#breadcrumb\"},\"inLanguage\":\"en-US\",\"potentialAction\":[{\"@type\":\"ReadAction\",\"target\":[\"https:\\\/\\\/tajkertesz.com\\\/termek\\\/tok-ovari-hengeres-sutotok-6g\\\/\"]}]},{\"@type\":\"ImageObject\",\"inLanguage\":\"en-US\",\"@id\":\"https:\\\/\\\/tajkertesz.com\\\/termek\\\/tok-ovari-hengeres-sutotok-6g\\\/#primaryimage\",\"url\":\"https:\\\/\\\/tajkertesz.com\\\/wp-content\\\/uploads\\\/2023\\\/01\\\/20230119_130415-scaled.jpg\",\"contentUrl\":\"https:\\\/\\\/tajkertesz.com\\\/wp-content\\\/uploads\\\/2023\\\/01\\\/20230119_130415-scaled.jpg\",\"width\":1381,\"height\":2560},{\"@type\":\"BreadcrumbList\",\"@id\":\"https:\\\/\\\/tajkertesz.com\\\/termek\\\/tok-ovari-hengeres-sutotok-6g\\\/#breadcrumb\",\"itemListElement\":[{\"@type\":\"ListItem\",\"position\":1,\"name\":\"Home\",\"item\":\"https:\\\/\\\/tajkertesz.com\\\/\"},{\"@type\":\"ListItem\",\"position\":2,\"name\":\"Kezd\u0151lap\",\"item\":\"https:\\\/\\\/tajkertesz.com\\\/\"},{\"@type\":\"ListItem\",\"position\":3,\"name\":\"T\u00f6k \u00d3v\u00e1ri hengeres s\u00fct\u0151t\u00f6k 6g.\"}]},{\"@type\":\"WebSite\",\"@id\":\"https:\\\/\\\/tajkertesz.com\\\/#website\",\"url\":\"https:\\\/\\\/tajkertesz.com\\\/\",\"name\":\"T\u00e1j-Kert\u00e9sz 84 Kft.\",\"description\":\"Kert\u00e9szeti kis- \u00e9s nagykeresked\u00e9s, D\u00edszn\u00f6v\u00e9ny web\u00e1ruh\u00e1z orsz\u00e1gos h\u00e1zhozsz\u00e1ll\u00edt\u00e1ssal!\",\"publisher\":{\"@id\":\"https:\\\/\\\/tajkertesz.com\\\/#organization\"},\"potentialAction\":[{\"@type\":\"SearchAction\",\"target\":{\"@type\":\"EntryPoint\",\"urlTemplate\":\"https:\\\/\\\/tajkertesz.com\\\/?s={search_term_string}\"},\"query-input\":{\"@type\":\"PropertyValueSpecification\",\"valueRequired\":true,\"valueName\":\"search_term_string\"}}],\"inLanguage\":\"en-US\"},{\"@type\":\"Organization\",\"@id\":\"https:\\\/\\\/tajkertesz.com\\\/#organization\",\"name\":\"T\u00e1j-Kert\u00e9sz 84 Kft.\",\"url\":\"https:\\\/\\\/tajkertesz.com\\\/\",\"logo\":{\"@type\":\"ImageObject\",\"inLanguage\":\"en-US\",\"@id\":\"https:\\\/\\\/tajkertesz.com\\\/#\\\/schema\\\/logo\\\/image\\\/\",\"url\":\"https:\\\/\\\/tajkertesz.com\\\/wp-content\\\/uploads\\\/2018\\\/02\\\/logo-2-e1518678052539.png\",\"contentUrl\":\"https:\\\/\\\/tajkertesz.com\\\/wp-content\\\/uploads\\\/2018\\\/02\\\/logo-2-e1518678052539.png\",\"width\":81,\"height\":140,\"caption\":\"T\u00e1j-Kert\u00e9sz 84 Kft.\"},\"image\":{\"@id\":\"https:\\\/\\\/tajkertesz.com\\\/#\\\/schema\\\/logo\\\/image\\\/\"},\"sameAs\":[\"https:\\\/\\\/www.facebook.com\\\/Tajkertesz\\\/\"]}]}<\/script>\n<!-- \/ Yoast SEO plugin. -->","yoast_head_json":{"title":"T\u00f6k \u00d3v\u00e1ri hengeres s\u00fct\u0151t\u00f6k 6g. - T\u00e1jkert\u00e9sz","description":"T\u00f6k \u00d3v\u00e1ri hengeres s\u00fct\u0151t\u00f6k 6g. V\u00e1s\u00e1roljon vet\u0151magokat kert\u00e9szeti web\u00e1ruh\u00e1zunkb\u00f3l h\u00e1zhozsz\u00e1ll\u00edt\u00e1ssal, vagy szem\u00e9lyesen kert\u00e9szet\u00fcnkb\u0151l.","robots":{"index":"index","follow":"follow","max-snippet":"max-snippet:-1","max-image-preview":"max-image-preview:large","max-video-preview":"max-video-preview:-1"},"canonical":"https:\/\/tajkertesz.com\/en_US\/product\/tok-ovari-hengeres-sutotok-6g\/","og_locale":"en_US","og_type":"article","og_title":"T\u00f6k \u00d3v\u00e1ri hengeres s\u00fct\u0151t\u00f6k 6g. - T\u00e1jkert\u00e9sz","og_description":"T\u00f6k \u00d3v\u00e1ri hengeres s\u00fct\u0151t\u00f6k 6g. V\u00e1s\u00e1roljon vet\u0151magokat kert\u00e9szeti web\u00e1ruh\u00e1zunkb\u00f3l h\u00e1zhozsz\u00e1ll\u00edt\u00e1ssal, vagy szem\u00e9lyesen kert\u00e9szet\u00fcnkb\u0151l.","og_url":"https:\/\/tajkertesz.com\/en_US\/product\/tok-ovari-hengeres-sutotok-6g\/","og_site_name":"T\u00e1jkert\u00e9sz","article_publisher":"https:\/\/www.facebook.com\/Tajkertesz\/","article_modified_time":"2026-02-18T15:03:56+00:00","og_image":[{"width":1381,"height":2560,"url":"https:\/\/tajkertesz.com\/wp-content\/uploads\/2023\/01\/20230119_130415-scaled.jpg","type":"image\/jpeg"}],"twitter_card":"summary_large_image","twitter_misc":{"Est. reading time":"2 minutes"},"schema":{"@context":"https:\/\/schema.org","@graph":[{"@type":"WebPage","@id":"https:\/\/tajkertesz.com\/termek\/tok-ovari-hengeres-sutotok-6g\/","url":"https:\/\/tajkertesz.com\/termek\/tok-ovari-hengeres-sutotok-6g\/","name":"T\u00f6k \u00d3v\u00e1ri hengeres s\u00fct\u0151t\u00f6k 6g. - T\u00e1jkert\u00e9sz","isPartOf":{"@id":"https:\/\/tajkertesz.com\/#website"},"primaryImageOfPage":{"@id":"https:\/\/tajkertesz.com\/termek\/tok-ovari-hengeres-sutotok-6g\/#primaryimage"},"image":{"@id":"https:\/\/tajkertesz.com\/termek\/tok-ovari-hengeres-sutotok-6g\/#primaryimage"},"thumbnailUrl":"https:\/\/tajkertesz.com\/wp-content\/uploads\/2023\/01\/20230119_130415-scaled.jpg","datePublished":"2023-01-23T14:34:27+00:00","dateModified":"2026-02-18T15:03:56+00:00","description":"T\u00f6k \u00d3v\u00e1ri hengeres s\u00fct\u0151t\u00f6k 6g. V\u00e1s\u00e1roljon vet\u0151magokat kert\u00e9szeti web\u00e1ruh\u00e1zunkb\u00f3l h\u00e1zhozsz\u00e1ll\u00edt\u00e1ssal, vagy szem\u00e9lyesen kert\u00e9szet\u00fcnkb\u0151l.","breadcrumb":{"@id":"https:\/\/tajkertesz.com\/termek\/tok-ovari-hengeres-sutotok-6g\/#breadcrumb"},"inLanguage":"en-US","potentialAction":[{"@type":"ReadAction","target":["https:\/\/tajkertesz.com\/termek\/tok-ovari-hengeres-sutotok-6g\/"]}]},{"@type":"ImageObject","inLanguage":"en-US","@id":"https:\/\/tajkertesz.com\/termek\/tok-ovari-hengeres-sutotok-6g\/#primaryimage","url":"https:\/\/tajkertesz.com\/wp-content\/uploads\/2023\/01\/20230119_130415-scaled.jpg","contentUrl":"https:\/\/tajkertesz.com\/wp-content\/uploads\/2023\/01\/20230119_130415-scaled.jpg","width":1381,"height":2560},{"@type":"BreadcrumbList","@id":"https:\/\/tajkertesz.com\/termek\/tok-ovari-hengeres-sutotok-6g\/#breadcrumb","itemListElement":[{"@type":"ListItem","position":1,"name":"Home","item":"https:\/\/tajkertesz.com\/"},{"@type":"ListItem","position":2,"name":"Kezd\u0151lap","item":"https:\/\/tajkertesz.com\/"},{"@type":"ListItem","position":3,"name":"T\u00f6k \u00d3v\u00e1ri hengeres s\u00fct\u0151t\u00f6k 6g."}]},{"@type":"WebSite","@id":"https:\/\/tajkertesz.com\/#website","url":"https:\/\/tajkertesz.com\/","name":"T\u00e1j-Kert\u00e9sz 84 Kft.","description":"Kert\u00e9szeti kis- \u00e9s nagykeresked\u00e9s, D\u00edszn\u00f6v\u00e9ny web\u00e1ruh\u00e1z orsz\u00e1gos h\u00e1zhozsz\u00e1ll\u00edt\u00e1ssal!","publisher":{"@id":"https:\/\/tajkertesz.com\/#organization"},"potentialAction":[{"@type":"SearchAction","target":{"@type":"EntryPoint","urlTemplate":"https:\/\/tajkertesz.com\/?s={search_term_string}"},"query-input":{"@type":"PropertyValueSpecification","valueRequired":true,"valueName":"search_term_string"}}],"inLanguage":"en-US"},{"@type":"Organization","@id":"https:\/\/tajkertesz.com\/#organization","name":"T\u00e1j-Kert\u00e9sz 84 Kft.","url":"https:\/\/tajkertesz.com\/","logo":{"@type":"ImageObject","inLanguage":"en-US","@id":"https:\/\/tajkertesz.com\/#\/schema\/logo\/image\/","url":"https:\/\/tajkertesz.com\/wp-content\/uploads\/2018\/02\/logo-2-e1518678052539.png","contentUrl":"https:\/\/tajkertesz.com\/wp-content\/uploads\/2018\/02\/logo-2-e1518678052539.png","width":81,"height":140,"caption":"T\u00e1j-Kert\u00e9sz 84 Kft."},"image":{"@id":"https:\/\/tajkertesz.com\/#\/schema\/logo\/image\/"},"sameAs":["https:\/\/www.facebook.com\/Tajkertesz\/"]}]}},"_links":{"self":[{"href":"https:\/\/tajkertesz.com\/en_US\/wp-json\/wp\/v2\/product\/14965","targetHints":{"allow":["GET"]}}],"collection":[{"href":"https:\/\/tajkertesz.com\/en_US\/wp-json\/wp\/v2\/product"}],"about":[{"href":"https:\/\/tajkertesz.com\/en_US\/wp-json\/wp\/v2\/types\/product"}],"wp:featuredmedia":[{"embeddable":true,"href":"https:\/\/tajkertesz.com\/en_US\/wp-json\/wp\/v2\/media\/14932"}],"wp:attachment":[{"href":"https:\/\/tajkertesz.com\/en_US\/wp-json\/wp\/v2\/media?parent=14965"}],"wp:term":[{"taxonomy":"product_brand","embeddable":true,"href":"https:\/\/tajkertesz.com\/en_US\/wp-json\/wp\/v2\/product_brand?post=14965"},{"taxonomy":"product_cat","embeddable":true,"href":"https:\/\/tajkertesz.com\/en_US\/wp-json\/wp\/v2\/product_cat?post=14965"},{"taxonomy":"product_tag","embeddable":true,"href":"https:\/\/tajkertesz.com\/en_US\/wp-json\/wp\/v2\/product_tag?post=14965"}],"curies":[{"name":"wp","href":"https:\/\/api.w.org\/{rel}","templated":true}]}}