{"id":14967,"date":"2023-01-23T14:42:32","date_gmt":"2023-01-23T14:42:32","guid":{"rendered":"https:\/\/tajkertesz.com\/?post_type=product&#038;p=14967"},"modified":"2026-04-14T13:44:48","modified_gmt":"2026-04-14T13:44:48","slug":"patisszon-vetomag-ovari-feher-3g","status":"publish","type":"product","link":"https:\/\/tajkertesz.com\/en_US\/product\/patisszon-vetomag-ovari-feher-3g\/","title":{"rendered":"Patisszon vet\u0151mag \u00d3v\u00e1ri feh\u00e9r 3g."},"content":{"rendered":"<h2>Patisszon vet\u0151mag \u00d3v\u00e1ri feh\u00e9r 3g.<\/h2>\n<p>Patisszon vet\u0151mag \u00d3v\u00e1ri feh\u00e9r 3g. Szabadf\u00f6ldi termeszt\u00e9sre alkalmas, ind\u00e1tlan t\u00edpus\u00fa csillagt\u00f6k. Teny\u00e9szideje 90-100 nap. Feh\u00e9r h\u00e9j\u00fa term\u00e9se vastag, feh\u00e9r h\u00fas\u00fa, szed\u00e9si id\u0151pontt\u00f3l f\u00fcgg\u0151en 0,15-1, 5 kg t\u00f6meg\u0171.<\/p>\n<p>R\u00e9dei Kertimag<\/p>\n<p><strong>Vet\u00e9s:<\/strong> melegig\u00e9nyes n\u00f6v\u00e9ny szabadf\u00f6ldbe csak a fagyvesz\u00e9ly elm\u00falt\u00e1val, V-ban vess\u00fck, 3-5 cm m\u00e9lyen. A pal\u00e1nt\u00e1s termeszt\u00e9s n\u00f6veli a korais\u00e1got \u00e9s kiegyenl\u00edtett \u00e1llom\u00e1nyt eredm\u00e9nyez.<br \/>\n<strong>Vet\u0151magsz\u00fcks\u00e9glet:<\/strong> 8-10g\/10 m2 . Helyrevet\u00e9sn\u00e9l f\u00e9szkenk\u00e9nt 2-3 szem magot vess\u00fcnk, amit kel\u00e9s ut\u00e1n 1-2 n\u00f6v\u00e9nyre egyel\u00fcnk.<br \/>\n<strong>T\u00e9r\u00e1ll\u00e1s:<\/strong> sort\u00e1vols\u00e1g: 100 cm, t\u0151t\u00e1vols\u00e1g 80 cm.<br \/>\n<strong>Szed\u00e9s<\/strong>: j\u00falius-augusztusban.<\/p>\n<p>A patisszon a t\u00f6kf\u00e9l\u00e9k csal\u00e1dj\u00e1ba tartoz\u00f3 n\u00f6v\u00e9ny, melyet lap\u00edtott csillag alak\u00fa vagy g\u00f6mb\u00f6ly\u0171 term\u00e9se miatt csillagt\u00f6knek is nevez\u00fcnk. Az Egyes\u00fclt \u00c1llamok keleti vid\u00e9k\u00e9n \u00e9s \u00c9szak-Mexik\u00f3ban \u0151shonos n\u00f6v\u00e9ny, C-vitaminban gazdag, emellett nyomelemeket \u00e9s B-vitaminokat is tartalmaz.<\/p>\n<p>V\u00e1ltozatosan elk\u00e9sz\u00edthet\u0151 r\u00e1ntva, k\u00f6retk\u00e9nt, egyt\u00e1l\u00e9telk\u00e9nt is fogyaszthatjuk, a kisebb term\u00e9sekb\u0151l savany\u00fas\u00e1g k\u00e9sz\u00fclhet. Ha patisszont szeretn\u00e9nk termeszteni a kertben, el\u0151sz\u00f6r \u00e9rdemes megismerkedn\u00fcnk az ig\u00e9nyeivel, valamint a termeszt\u00e9s menet\u00e9vel.<\/p>\n<h2><span id=\"a-patisszon-igenyei-termesztese\">A patisszon ig\u00e9nyei, termeszt\u00e9se<\/span><\/h2>\n<p>A patisszon f\u00e9ny \u00e9s melegig\u00e9nyes n\u00f6v\u00e9ny, mely nem igaz\u00e1n k\u00e9nyes a talaj t\u00edpus\u00e1ra, az azonban l\u00e9nyeges, hogy t\u00e1panyagban gazdag talajba \u00fcltess\u00fck. A megfelel\u0151 fejl\u0151d\u00e9shez \u00e9s nagy, eg\u00e9szs\u00e9ges term\u00e9sek nevel\u00e9s\u00e9hez \u00f6nt\u00f6z\u00e9st ig\u00e9nyel. Gondoz\u00e1sa sor\u00e1n a rendszeres gyoml\u00e1l\u00e1sra kell m\u00e9g figyeln\u00fcnk.<\/p>\n<p>Helyre vet\u00e9ssel \u00e9s el\u0151nevelt pal\u00e1nt\u00e1k ki\u00fcltet\u00e9s\u00e9vel termeszthetj\u00fck a kertben. A pal\u00e1ntanevel\u00e9shez \u00e1prilisban vess\u00fck el a magokat kis m\u0171anyag poharakba, melyeket laza szerkezet\u0171 f\u00f6ldkever\u00e9kkel t\u00f6lt\u00fcnk meg.<\/p>\n<p>Kellemesen meleg vil\u00e1gos helyen, \u00f6nt\u00f6z\u00e9s mellett sz\u00e9pen kics\u00edr\u00e1znak a magok. A pal\u00e1nt\u00e1k kb. 3 h\u00e9t m\u00falva \u00e9rik el azt a fejletts\u00e9get, hogy m\u00e1r ki\u00fcltethet\u0151k a szabadba.<\/p>\n<p>Ne sokkoljuk a pal\u00e1nt\u00e1kat, ne \u00fcltess\u00fck \u0151ket azonnal ki, el\u0151sz\u00f6r n\u00e9h\u00e1ny napig szoktassuk \u0151ket a kinti k\u00f6r\u00fclm\u00e9nyekhez, vigy\u00fck ki \u0151ket nappal a szabadba. A ki\u00fcltetett pal\u00e1nt\u00e1kat gondozzuk a kor\u00e1bban \u00edrtaknak megfelel\u0151en.<\/p>\n<p><strong>K\u00e9szlet\u00fcnk napi szinten v\u00e1ltozik, ez\u00e9rt k\u00e9rj\u00fck, \u00e9rdekl\u0151dj\u00f6n szem\u00e9lyesen, telefonon vagy email-en.<br \/>\nA v\u00e1ltoztat\u00e1s jog\u00e1t fenntartjuk!\u00a0<\/strong><\/p>\n<p><a href=\"https:\/\/tajkertesz.com\/\">https:\/\/tajkertesz.com\/<\/a><\/p>\n<p><a href=\"https:\/\/www.facebook.com\/tajkertesz\/\">https:\/\/www.facebook.com\/tajkertesz\/<\/a><\/p>\n<p>Kisz\u00e1ll\u00edt\u00e1s: 200cm-ig \u00a0\u00e9s 40 kg-ig a sz\u00e1ll\u00edt\u00e1s fut\u00e1rszolg\u00e1lattal \u00a0t\u00f6rt\u00e9nik!<\/p>\n<p>Szem\u00e9lyes \u00e1tv\u00e9tel nyitvatart\u00e1si id\u0151ben a 17. ker\u00fclet Bakancsos utca 7. sz\u00e1m alatti Kert\u00e9szeti \u00e1rud\u00e1ban<\/p>\n<p>&nbsp;<\/p>\n<p>Szem\u00e9lyes \u00e1tv\u00e9tel ak\u00e1r a mai napon, vagy h\u00e1zhozsz\u00e1ll\u00edt\u00e1s 1-2 napon bel\u00fcl!<\/p>\n<p>&nbsp;<\/p>\n<p>1173.Bp.Bakancsos u.7.<\/p>\n<p><a href=\"http:\/\/www.tajkertesz.com\">www.tajkertesz.com<\/a><\/p>\n<p>Kert\u00e9szeti kis-\u00e9s nagykeresked\u00e9s<\/p>","protected":false},"excerpt":{"rendered":"<p>Patisszon vet\u0151mag \u00d3v\u00e1ri feh\u00e9r 3g.<\/p>\n<div>\u00d3V\u00c1RI FEH\u00c9R<\/div>\n<div>Ind\u00e1tlan t\u00edpus\u00fa csillagt\u00f6k szabadf\u00f6ldi termeszt\u00e9sre. Vajsz\u00edn\u0171 term\u00e9se 1-1,5 kg t\u00f6meg\u0171, h\u00e9ja \u00e9s h\u00fasa feh\u00e9r. Friss fogyaszt\u00e1sra \u00e9s savany\u00edt\u00e1sra is alkalmas. M\u00e9rete a szed\u00e9si id\u0151t\u0151l f\u00fcgg\u0151en di\u00f3nyi nagys\u00e1gt\u00f3l t\u00e1ny\u00e9r nagys\u00e1gig terjedhet.<\/div>","protected":false},"featured_media":14920,"template":"","meta":{"_et_pb_use_builder":"","_et_pb_old_content":"","_et_gb_content_width":""},"product_brand":[],"product_cat":[2881],"product_tag":[4138],"class_list":{"0":"post-14967","1":"product","2":"type-product","3":"status-publish","4":"has-post-thumbnail","6":"product_cat-zoldsegnoveny-vetomagok","7":"product_tag-vetomagok","9":"first","10":"instock","11":"shipping-taxable","12":"purchasable","13":"product-type-simple"},"yoast_head":"<!-- This site is optimized with the Yoast SEO plugin v27.5 - https:\/\/yoast.com\/product\/yoast-seo-wordpress\/ -->\n<title>Patisszon vet\u0151mag \u00d3v\u00e1ri feh\u00e9r 3g. - T\u00e1jkert\u00e9sz<\/title>\n<meta name=\"description\" content=\"Patisszon vet\u0151mag \u00d3v\u00e1ri feh\u00e9r 3g. V\u00e1s\u00e1roljon vet\u0151magokat kert\u00e9szeti web\u00e1ruh\u00e1zunkb\u00f3l h\u00e1zhozsz\u00e1ll\u00edt\u00e1ssal, vagy szem\u00e9lyesen kert\u00e9szet\u00fcnkb\u0151l.\" \/>\n<meta name=\"robots\" content=\"index, follow, max-snippet:-1, max-image-preview:large, max-video-preview:-1\" \/>\n<link rel=\"canonical\" href=\"https:\/\/tajkertesz.com\/en_US\/product\/patisszon-vetomag-ovari-feher-3g\/\" \/>\n<meta property=\"og:locale\" content=\"en_US\" \/>\n<meta property=\"og:type\" content=\"article\" \/>\n<meta property=\"og:title\" content=\"Patisszon vet\u0151mag \u00d3v\u00e1ri feh\u00e9r 3g. - T\u00e1jkert\u00e9sz\" \/>\n<meta property=\"og:description\" content=\"Patisszon vet\u0151mag \u00d3v\u00e1ri feh\u00e9r 3g. V\u00e1s\u00e1roljon vet\u0151magokat kert\u00e9szeti web\u00e1ruh\u00e1zunkb\u00f3l h\u00e1zhozsz\u00e1ll\u00edt\u00e1ssal, vagy szem\u00e9lyesen kert\u00e9szet\u00fcnkb\u0151l.\" \/>\n<meta property=\"og:url\" content=\"https:\/\/tajkertesz.com\/en_US\/product\/patisszon-vetomag-ovari-feher-3g\/\" \/>\n<meta property=\"og:site_name\" content=\"T\u00e1jkert\u00e9sz\" \/>\n<meta property=\"article:publisher\" content=\"https:\/\/www.facebook.com\/Tajkertesz\/\" \/>\n<meta property=\"article:modified_time\" content=\"2026-04-14T13:44:48+00:00\" \/>\n<meta property=\"og:image\" content=\"https:\/\/tajkertesz.com\/wp-content\/uploads\/2023\/01\/20230119_125947-scaled.jpg\" \/>\n\t<meta property=\"og:image:width\" content=\"1386\" \/>\n\t<meta property=\"og:image:height\" content=\"2560\" \/>\n\t<meta property=\"og:image:type\" content=\"image\/jpeg\" \/>\n<meta name=\"twitter:card\" content=\"summary_large_image\" \/>\n<meta name=\"twitter:label1\" content=\"Est. reading time\" \/>\n\t<meta name=\"twitter:data1\" content=\"2 minutes\" \/>\n<script type=\"application\/ld+json\" class=\"yoast-schema-graph\">{\"@context\":\"https:\\\/\\\/schema.org\",\"@graph\":[{\"@type\":\"WebPage\",\"@id\":\"https:\\\/\\\/tajkertesz.com\\\/termek\\\/patisszon-vetomag-ovari-feher-3g\\\/\",\"url\":\"https:\\\/\\\/tajkertesz.com\\\/termek\\\/patisszon-vetomag-ovari-feher-3g\\\/\",\"name\":\"Patisszon vet\u0151mag \u00d3v\u00e1ri feh\u00e9r 3g. - T\u00e1jkert\u00e9sz\",\"isPartOf\":{\"@id\":\"https:\\\/\\\/tajkertesz.com\\\/#website\"},\"primaryImageOfPage\":{\"@id\":\"https:\\\/\\\/tajkertesz.com\\\/termek\\\/patisszon-vetomag-ovari-feher-3g\\\/#primaryimage\"},\"image\":{\"@id\":\"https:\\\/\\\/tajkertesz.com\\\/termek\\\/patisszon-vetomag-ovari-feher-3g\\\/#primaryimage\"},\"thumbnailUrl\":\"https:\\\/\\\/tajkertesz.com\\\/wp-content\\\/uploads\\\/2023\\\/01\\\/20230119_125947-scaled.jpg\",\"datePublished\":\"2023-01-23T14:42:32+00:00\",\"dateModified\":\"2026-04-14T13:44:48+00:00\",\"description\":\"Patisszon vet\u0151mag \u00d3v\u00e1ri feh\u00e9r 3g. V\u00e1s\u00e1roljon vet\u0151magokat kert\u00e9szeti web\u00e1ruh\u00e1zunkb\u00f3l h\u00e1zhozsz\u00e1ll\u00edt\u00e1ssal, vagy szem\u00e9lyesen kert\u00e9szet\u00fcnkb\u0151l.\",\"breadcrumb\":{\"@id\":\"https:\\\/\\\/tajkertesz.com\\\/termek\\\/patisszon-vetomag-ovari-feher-3g\\\/#breadcrumb\"},\"inLanguage\":\"en-US\",\"potentialAction\":[{\"@type\":\"ReadAction\",\"target\":[\"https:\\\/\\\/tajkertesz.com\\\/termek\\\/patisszon-vetomag-ovari-feher-3g\\\/\"]}]},{\"@type\":\"ImageObject\",\"inLanguage\":\"en-US\",\"@id\":\"https:\\\/\\\/tajkertesz.com\\\/termek\\\/patisszon-vetomag-ovari-feher-3g\\\/#primaryimage\",\"url\":\"https:\\\/\\\/tajkertesz.com\\\/wp-content\\\/uploads\\\/2023\\\/01\\\/20230119_125947-scaled.jpg\",\"contentUrl\":\"https:\\\/\\\/tajkertesz.com\\\/wp-content\\\/uploads\\\/2023\\\/01\\\/20230119_125947-scaled.jpg\",\"width\":1386,\"height\":2560},{\"@type\":\"BreadcrumbList\",\"@id\":\"https:\\\/\\\/tajkertesz.com\\\/termek\\\/patisszon-vetomag-ovari-feher-3g\\\/#breadcrumb\",\"itemListElement\":[{\"@type\":\"ListItem\",\"position\":1,\"name\":\"Home\",\"item\":\"https:\\\/\\\/tajkertesz.com\\\/\"},{\"@type\":\"ListItem\",\"position\":2,\"name\":\"Kezd\u0151lap\",\"item\":\"https:\\\/\\\/tajkertesz.com\\\/\"},{\"@type\":\"ListItem\",\"position\":3,\"name\":\"Patisszon vet\u0151mag \u00d3v\u00e1ri feh\u00e9r 3g.\"}]},{\"@type\":\"WebSite\",\"@id\":\"https:\\\/\\\/tajkertesz.com\\\/#website\",\"url\":\"https:\\\/\\\/tajkertesz.com\\\/\",\"name\":\"T\u00e1j-Kert\u00e9sz 84 Kft.\",\"description\":\"Kert\u00e9szeti kis- \u00e9s nagykeresked\u00e9s, D\u00edszn\u00f6v\u00e9ny web\u00e1ruh\u00e1z orsz\u00e1gos h\u00e1zhozsz\u00e1ll\u00edt\u00e1ssal!\",\"publisher\":{\"@id\":\"https:\\\/\\\/tajkertesz.com\\\/#organization\"},\"potentialAction\":[{\"@type\":\"SearchAction\",\"target\":{\"@type\":\"EntryPoint\",\"urlTemplate\":\"https:\\\/\\\/tajkertesz.com\\\/?s={search_term_string}\"},\"query-input\":{\"@type\":\"PropertyValueSpecification\",\"valueRequired\":true,\"valueName\":\"search_term_string\"}}],\"inLanguage\":\"en-US\"},{\"@type\":\"Organization\",\"@id\":\"https:\\\/\\\/tajkertesz.com\\\/#organization\",\"name\":\"T\u00e1j-Kert\u00e9sz 84 Kft.\",\"url\":\"https:\\\/\\\/tajkertesz.com\\\/\",\"logo\":{\"@type\":\"ImageObject\",\"inLanguage\":\"en-US\",\"@id\":\"https:\\\/\\\/tajkertesz.com\\\/#\\\/schema\\\/logo\\\/image\\\/\",\"url\":\"https:\\\/\\\/tajkertesz.com\\\/wp-content\\\/uploads\\\/2018\\\/02\\\/logo-2-e1518678052539.png\",\"contentUrl\":\"https:\\\/\\\/tajkertesz.com\\\/wp-content\\\/uploads\\\/2018\\\/02\\\/logo-2-e1518678052539.png\",\"width\":81,\"height\":140,\"caption\":\"T\u00e1j-Kert\u00e9sz 84 Kft.\"},\"image\":{\"@id\":\"https:\\\/\\\/tajkertesz.com\\\/#\\\/schema\\\/logo\\\/image\\\/\"},\"sameAs\":[\"https:\\\/\\\/www.facebook.com\\\/Tajkertesz\\\/\"]}]}<\/script>\n<!-- \/ Yoast SEO plugin. -->","yoast_head_json":{"title":"Patisszon vet\u0151mag \u00d3v\u00e1ri feh\u00e9r 3g. - T\u00e1jkert\u00e9sz","description":"Patisszon vet\u0151mag \u00d3v\u00e1ri feh\u00e9r 3g. V\u00e1s\u00e1roljon vet\u0151magokat kert\u00e9szeti web\u00e1ruh\u00e1zunkb\u00f3l h\u00e1zhozsz\u00e1ll\u00edt\u00e1ssal, vagy szem\u00e9lyesen kert\u00e9szet\u00fcnkb\u0151l.","robots":{"index":"index","follow":"follow","max-snippet":"max-snippet:-1","max-image-preview":"max-image-preview:large","max-video-preview":"max-video-preview:-1"},"canonical":"https:\/\/tajkertesz.com\/en_US\/product\/patisszon-vetomag-ovari-feher-3g\/","og_locale":"en_US","og_type":"article","og_title":"Patisszon vet\u0151mag \u00d3v\u00e1ri feh\u00e9r 3g. - T\u00e1jkert\u00e9sz","og_description":"Patisszon vet\u0151mag \u00d3v\u00e1ri feh\u00e9r 3g. V\u00e1s\u00e1roljon vet\u0151magokat kert\u00e9szeti web\u00e1ruh\u00e1zunkb\u00f3l h\u00e1zhozsz\u00e1ll\u00edt\u00e1ssal, vagy szem\u00e9lyesen kert\u00e9szet\u00fcnkb\u0151l.","og_url":"https:\/\/tajkertesz.com\/en_US\/product\/patisszon-vetomag-ovari-feher-3g\/","og_site_name":"T\u00e1jkert\u00e9sz","article_publisher":"https:\/\/www.facebook.com\/Tajkertesz\/","article_modified_time":"2026-04-14T13:44:48+00:00","og_image":[{"width":1386,"height":2560,"url":"https:\/\/tajkertesz.com\/wp-content\/uploads\/2023\/01\/20230119_125947-scaled.jpg","type":"image\/jpeg"}],"twitter_card":"summary_large_image","twitter_misc":{"Est. reading time":"2 minutes"},"schema":{"@context":"https:\/\/schema.org","@graph":[{"@type":"WebPage","@id":"https:\/\/tajkertesz.com\/termek\/patisszon-vetomag-ovari-feher-3g\/","url":"https:\/\/tajkertesz.com\/termek\/patisszon-vetomag-ovari-feher-3g\/","name":"Patisszon vet\u0151mag \u00d3v\u00e1ri feh\u00e9r 3g. - T\u00e1jkert\u00e9sz","isPartOf":{"@id":"https:\/\/tajkertesz.com\/#website"},"primaryImageOfPage":{"@id":"https:\/\/tajkertesz.com\/termek\/patisszon-vetomag-ovari-feher-3g\/#primaryimage"},"image":{"@id":"https:\/\/tajkertesz.com\/termek\/patisszon-vetomag-ovari-feher-3g\/#primaryimage"},"thumbnailUrl":"https:\/\/tajkertesz.com\/wp-content\/uploads\/2023\/01\/20230119_125947-scaled.jpg","datePublished":"2023-01-23T14:42:32+00:00","dateModified":"2026-04-14T13:44:48+00:00","description":"Patisszon vet\u0151mag \u00d3v\u00e1ri feh\u00e9r 3g. V\u00e1s\u00e1roljon vet\u0151magokat kert\u00e9szeti web\u00e1ruh\u00e1zunkb\u00f3l h\u00e1zhozsz\u00e1ll\u00edt\u00e1ssal, vagy szem\u00e9lyesen kert\u00e9szet\u00fcnkb\u0151l.","breadcrumb":{"@id":"https:\/\/tajkertesz.com\/termek\/patisszon-vetomag-ovari-feher-3g\/#breadcrumb"},"inLanguage":"en-US","potentialAction":[{"@type":"ReadAction","target":["https:\/\/tajkertesz.com\/termek\/patisszon-vetomag-ovari-feher-3g\/"]}]},{"@type":"ImageObject","inLanguage":"en-US","@id":"https:\/\/tajkertesz.com\/termek\/patisszon-vetomag-ovari-feher-3g\/#primaryimage","url":"https:\/\/tajkertesz.com\/wp-content\/uploads\/2023\/01\/20230119_125947-scaled.jpg","contentUrl":"https:\/\/tajkertesz.com\/wp-content\/uploads\/2023\/01\/20230119_125947-scaled.jpg","width":1386,"height":2560},{"@type":"BreadcrumbList","@id":"https:\/\/tajkertesz.com\/termek\/patisszon-vetomag-ovari-feher-3g\/#breadcrumb","itemListElement":[{"@type":"ListItem","position":1,"name":"Home","item":"https:\/\/tajkertesz.com\/"},{"@type":"ListItem","position":2,"name":"Kezd\u0151lap","item":"https:\/\/tajkertesz.com\/"},{"@type":"ListItem","position":3,"name":"Patisszon vet\u0151mag \u00d3v\u00e1ri feh\u00e9r 3g."}]},{"@type":"WebSite","@id":"https:\/\/tajkertesz.com\/#website","url":"https:\/\/tajkertesz.com\/","name":"T\u00e1j-Kert\u00e9sz 84 Kft.","description":"Kert\u00e9szeti kis- \u00e9s nagykeresked\u00e9s, D\u00edszn\u00f6v\u00e9ny web\u00e1ruh\u00e1z orsz\u00e1gos h\u00e1zhozsz\u00e1ll\u00edt\u00e1ssal!","publisher":{"@id":"https:\/\/tajkertesz.com\/#organization"},"potentialAction":[{"@type":"SearchAction","target":{"@type":"EntryPoint","urlTemplate":"https:\/\/tajkertesz.com\/?s={search_term_string}"},"query-input":{"@type":"PropertyValueSpecification","valueRequired":true,"valueName":"search_term_string"}}],"inLanguage":"en-US"},{"@type":"Organization","@id":"https:\/\/tajkertesz.com\/#organization","name":"T\u00e1j-Kert\u00e9sz 84 Kft.","url":"https:\/\/tajkertesz.com\/","logo":{"@type":"ImageObject","inLanguage":"en-US","@id":"https:\/\/tajkertesz.com\/#\/schema\/logo\/image\/","url":"https:\/\/tajkertesz.com\/wp-content\/uploads\/2018\/02\/logo-2-e1518678052539.png","contentUrl":"https:\/\/tajkertesz.com\/wp-content\/uploads\/2018\/02\/logo-2-e1518678052539.png","width":81,"height":140,"caption":"T\u00e1j-Kert\u00e9sz 84 Kft."},"image":{"@id":"https:\/\/tajkertesz.com\/#\/schema\/logo\/image\/"},"sameAs":["https:\/\/www.facebook.com\/Tajkertesz\/"]}]}},"_links":{"self":[{"href":"https:\/\/tajkertesz.com\/en_US\/wp-json\/wp\/v2\/product\/14967","targetHints":{"allow":["GET"]}}],"collection":[{"href":"https:\/\/tajkertesz.com\/en_US\/wp-json\/wp\/v2\/product"}],"about":[{"href":"https:\/\/tajkertesz.com\/en_US\/wp-json\/wp\/v2\/types\/product"}],"wp:featuredmedia":[{"embeddable":true,"href":"https:\/\/tajkertesz.com\/en_US\/wp-json\/wp\/v2\/media\/14920"}],"wp:attachment":[{"href":"https:\/\/tajkertesz.com\/en_US\/wp-json\/wp\/v2\/media?parent=14967"}],"wp:term":[{"taxonomy":"product_brand","embeddable":true,"href":"https:\/\/tajkertesz.com\/en_US\/wp-json\/wp\/v2\/product_brand?post=14967"},{"taxonomy":"product_cat","embeddable":true,"href":"https:\/\/tajkertesz.com\/en_US\/wp-json\/wp\/v2\/product_cat?post=14967"},{"taxonomy":"product_tag","embeddable":true,"href":"https:\/\/tajkertesz.com\/en_US\/wp-json\/wp\/v2\/product_tag?post=14967"}],"curies":[{"name":"wp","href":"https:\/\/api.w.org\/{rel}","templated":true}]}}