{"id":14968,"date":"2023-01-23T14:47:00","date_gmt":"2023-01-23T14:47:00","guid":{"rendered":"https:\/\/tajkertesz.com\/?post_type=product&#038;p=14968"},"modified":"2026-02-18T15:04:15","modified_gmt":"2026-02-18T15:04:15","slug":"padlizsan-tojasgyumolcs-vetomag-nero-1g","status":"publish","type":"product","link":"https:\/\/tajkertesz.com\/en_US\/product\/padlizsan-tojasgyumolcs-vetomag-nero-1g\/","title":{"rendered":"Padlizs\u00e1n\/toj\u00e1sgy\u00fcm\u00f6lcs vet\u0151mag Nero 1g."},"content":{"rendered":"<h2>Padlizs\u00e1n\/toj\u00e1sgy\u00fcm\u00f6lcs vet\u0151mag Nero 1g.<\/h2>\n<p>Padlizs\u00e1n\/toj\u00e1sgy\u00fcm\u00f6lcs vet\u0151mag Nero 1g \u00a0korai, kiv\u00e1l\u00f3 min\u0151s\u00e9g\u0171 szabadf\u00f6ldi fajta, mely betegs\u00e9gekkel szemben nem fog\u00e9kony. Fejl\u0151d\u00e9se sor\u00e1n f\u00e9lmagas n\u00f6veked\u00e9s\u0171 bokrot k\u00e9pez. Hossz\u00fak\u00e1s term\u00e9se sz\u00e9pen csillog\u00f3, h\u00e9ja s\u00f6t\u00e9tlila \u00e1rnyalat\u00fa, \u00e1tlagt\u00f6mege 300 g. S\u00e1rg\u00e1sfeh\u00e9r h\u00fasa, finom szerkezet\u0171, nem keser\u0171.R\u00e9dei Kertimag<\/p>\n<table cellspacing=\"0\">\n<tbody>\n<tr>\n<td valign=\"top\">Toj\u00e1sgy\u00fcm\u00f6lcs (Solanum melongena)<\/td>\n<\/tr>\n<tr>\n<td colspan=\"2\">\n<table class=\"csoportinfo\" cellspacing=\"0\">\n<tbody>\n<tr class=\"csoportinfofejlec\">\n<td class=\"csoportinfofejlec\" width=\"15%\">magsz\u00e1m\/gramm<\/td>\n<td class=\"csoportinfofejlec\" width=\"19%\">vet\u0151magig\u00e9ny g\/10nm<\/td>\n<td class=\"csoportinfofejlec\" width=\"19%\">vet\u00e9sid\u0151 szabadf\u00f6ldi termeszt\u00e9shez<\/td>\n<td class=\"csoportinfofejlec\" width=\"15%\">vet\u00e9sm\u00e9lys\u00e9g cm<\/td>\n<td class=\"csoportinfofejlec\" width=\"17%\">sor- \u00e9s t\u0151t\u00e1vols\u00e1g cm<\/td>\n<td class=\"csoportinfofejlec\" width=\"15%\">cs\u00edr\u00e1z\u00e1si nap<br \/>\n20-22C fokon<\/td>\n<\/tr>\n<tr class=\"csoportinfotorzs\">\n<td class=\"csoportinfotorzs\">160<\/td>\n<td class=\"csoportinfotorzs\">2<\/td>\n<td class=\"csoportinfotorzs\">II-III. h\u00f3nap<br \/>\nki\u00fcltet\u00e9s V. h\u00f3nap<\/td>\n<td class=\"csoportinfotorzs\">1<\/td>\n<td class=\"csoportinfotorzs\">80 x 50<\/td>\n<td class=\"csoportinfotorzs\">7-10 nap<\/td>\n<\/tr>\n<\/tbody>\n<\/table>\n<\/td>\n<\/tr>\n<tr>\n<td colspan=\"2\">\n<p align=\"justify\">A padlizs\u00e1n, mint a balk\u00e1ni konyha alapn\u00f6v\u00e9nye meleg-, f\u00e9ny-, t\u00e1panyag- \u00e9s v\u00edzig\u00e9nyes n\u00f6v\u00e9ny. Humuszban gazdag, naps\u00fct\u00f6tte, sz\u00e9lv\u00e9dett helyet ig\u00e9nyel. H\u00fasos bogy\u00f3ja akkor szedhet\u0151, amikor v\u00e9gleges m\u00e9ret\u00e9t m\u00e1r el\u00e9rte, de benne a mag \u00e9r\u00e9se m\u00e9g nem kezd\u0151d\u00f6tt el. Ennek egy\u00e9rtelm\u0171 jele, hogy a k\u00fcls\u0151 lila h\u00e9ja f\u00e9nyes, bels\u0151 h\u00fasa \u00e9s a mag sz\u00edne feh\u00e9r.<br \/>\n<b>Tipp:<\/b>\u00a0a padlizs\u00e1n nagyon t\u00e1panyagd\u00fas z\u00f6lds\u00e9g \u00e9s sokf\u00e9lek\u00e9ppen elk\u00e9sz\u00edthet\u0151. Pan\u00edrozva, olajban kis\u00fctve finom csemege, keny\u00e9rre kenhet\u0151 kr\u00e9mnek kikeverve is kiv\u00e1l\u00f3, de lecs\u00f3 k\u00e9sz\u00edt\u00e9sekor is felhaszn\u00e1lhatjuk.<br \/>\n<b>Receptek:<\/b>\u00a0<b>1\/ R\u00e1ntott padlizs\u00e1n:<\/b>\u00a0szeletelj\u00fck fel a megmosott padlizs\u00e1nt 1,5-2 cm-es karik\u00e1kra (nem kell a lila h\u00e9j\u00e1t leh\u00e1mozni!) \u00e9s bes\u00f3zva hagyjuk \u00e1llni 1 \u00f3r\u00e1t. A kiengedett barna levet csurgassuk le r\u00f3la \u00e9s itassuk le. Azut\u00e1n pan\u00edrozzuk be a szok\u00e1sos m\u00f3don \u00e9s forr\u00f3 olajban s\u00fcss\u00fck ki. H\u00fasok mell\u00e9, de \u00f6n\u00e1ll\u00f3an is kiv\u00e1l\u00f3 csemege.<br \/>\n<b>2\/ Padlizs\u00e1nkr\u00e9m (vineta):<\/b>\u00a0ezt az elk\u00e9sz\u00edt\u00e9si m\u00f3dj\u00e1t a padlizs\u00e1nnak Magyarorsz\u00e1gon csak kevesen ismerik, f\u0151k\u00e9nt Erd\u00e9lyben k\u00f6zkedvelt \u00ednyencs\u00e9g. A megmosott padlizs\u00e1nt t\u0171vel t\u00f6bb helyen megszurk\u00e1ljuk \u00e9s s\u00fct\u0151ben, crips-grill funkci\u00f3s mikrohull\u00e1m\u00fa k\u00e9sz\u00fcl\u00e9kben vagy s\u00fct\u0151platnin megs\u00fctj\u00fck. Akkor j\u00f3, ha minden oldala puha \u00e9s a k\u00fcls\u0151 h\u00e9ja k\u00f6nnyen lev\u00e1lik a h\u00fas\u00e1r\u00f3l. S\u00fct\u00e9s ut\u00e1n a h\u00e9j\u00e1t leh\u00fazzuk, majd m\u0171anyag vagy fa k\u00e9ssel \u00f6sszedaraboljuk. A f\u00e9m eszk\u00f6z\u00f6ket mell\u0151zz\u00fck, mivel megbarn\u00edtj\u00e1k a padlizs\u00e1n feh\u00e9r h\u00fas\u00e1t. P\u00e9pes\u00edt\u00e9s ut\u00e1n \u00edzl\u00e9s szerint f\u0171szerezz\u00fck: s\u00f3val, fekete borssal, citroml\u00e9vel, kis must\u00e1rral, finomra reszelt kev\u00e9s v\u00f6r\u00f6s- \u00e9s fokhagym\u00e1val, oreganoval (szurokf\u0171) \u00e9s v\u00e9g\u00fcl majon\u00e9zzel.<\/p>\n<p><strong>K\u00e9szlet\u00fcnk napi szinten v\u00e1ltozik, ez\u00e9rt k\u00e9rj\u00fck, \u00e9rdekl\u0151dj\u00f6n szem\u00e9lyesen, telefonon vagy email-en.<br \/>\nA v\u00e1ltoztat\u00e1s jog\u00e1t fenntartjuk!\u00a0<\/strong><\/p>\n<p><a href=\"https:\/\/tajkertesz.com\/\">https:\/\/tajkertesz.com\/<\/a><\/p>\n<p><a href=\"https:\/\/www.facebook.com\/tajkertesz\/\">https:\/\/www.facebook.com\/tajkertesz\/<\/a><\/p>\n<p>Kisz\u00e1ll\u00edt\u00e1s: 200cm-ig \u00a0\u00e9s 40 kg-ig a sz\u00e1ll\u00edt\u00e1s fut\u00e1rszolg\u00e1lattal \u00a0t\u00f6rt\u00e9nik!<\/p>\n<p>Szem\u00e9lyes \u00e1tv\u00e9tel nyitvatart\u00e1si id\u0151ben a 17. ker\u00fclet Bakancsos utca 7. sz\u00e1m alatti Kert\u00e9szeti \u00e1rud\u00e1ban<\/p>\n<p>&nbsp;<\/p>\n<p>Szem\u00e9lyes \u00e1tv\u00e9tel ak\u00e1r a mai napon, vagy h\u00e1zhozsz\u00e1ll\u00edt\u00e1s 1-2 napon bel\u00fcl!<\/p>\n<p>&nbsp;<\/p>\n<p>1173.Bp.Bakancsos u.7.<\/p>\n<p><a href=\"http:\/\/www.tajkertesz.com\">www.tajkertesz.com<\/a><\/p>\n<p>Kert\u00e9szeti kis-\u00e9s nagykeresked\u00e9s<\/td>\n<\/tr>\n<\/tbody>\n<\/table>","protected":false},"excerpt":{"rendered":"<p>Padlizs\u00e1n\/toj\u00e1sgy\u00fcm\u00f6lcs vet\u0151mag Nero 1g.<\/p>\n<div>NERO<\/div>\n<div><b>Korai, tetszet\u0151s k\u00fcllem\u0171!<\/b><br \/>\nKiv\u00e1l\u00f3 min\u0151s\u00e9g\u0171 szabadf\u00f6ldi fajta. F\u00e9lmagas n\u00f6veked\u00e9s\u0171 bokrot k\u00e9pez. Term\u00e9se hossz\u00fak\u00e1s, sz\u00e9pen csill\u00f3g\u00f3, s\u00f6t\u00e9tlila h\u00e9jsz\u00edn\u0171. H\u00fasa s\u00e1rg\u00e1sfeh\u00e9r, finom szerkezet\u0171, nem keser\u0171 \u00edz\u0171. \u00c1tlagt\u00f6mege 300 g. Betegs\u00e9gekkel szemben nem fog\u00e9kony.<\/div>","protected":false},"featured_media":14934,"template":"","meta":{"_et_pb_use_builder":"","_et_pb_old_content":"","_et_gb_content_width":""},"product_brand":[],"product_cat":[2881],"product_tag":[4138],"class_list":{"0":"post-14968","1":"product","2":"type-product","3":"status-publish","4":"has-post-thumbnail","6":"product_cat-zoldsegnoveny-vetomagok","7":"product_tag-vetomagok","9":"first","10":"instock","11":"shipping-taxable","12":"purchasable","13":"product-type-simple"},"yoast_head":"<!-- This site is optimized with the Yoast SEO plugin v27.5 - https:\/\/yoast.com\/product\/yoast-seo-wordpress\/ -->\n<title>Padlizs\u00e1n\/toj\u00e1sgy\u00fcm\u00f6lcs vet\u0151mag Nero 1g. - T\u00e1jkert\u00e9sz<\/title>\n<meta name=\"description\" content=\"Padlizs\u00e1n\/toj\u00e1sgy\u00fcm\u00f6lcs vet\u0151mag Nero 1g.\" \/>\n<meta name=\"robots\" content=\"index, follow, max-snippet:-1, max-image-preview:large, max-video-preview:-1\" \/>\n<link rel=\"canonical\" href=\"https:\/\/tajkertesz.com\/en_US\/product\/padlizsan-tojasgyumolcs-vetomag-nero-1g\/\" \/>\n<meta property=\"og:locale\" content=\"en_US\" \/>\n<meta property=\"og:type\" content=\"article\" \/>\n<meta property=\"og:title\" content=\"Padlizs\u00e1n\/toj\u00e1sgy\u00fcm\u00f6lcs vet\u0151mag Nero 1g. - T\u00e1jkert\u00e9sz\" \/>\n<meta property=\"og:description\" content=\"Padlizs\u00e1n\/toj\u00e1sgy\u00fcm\u00f6lcs vet\u0151mag Nero 1g.\" \/>\n<meta property=\"og:url\" content=\"https:\/\/tajkertesz.com\/en_US\/product\/padlizsan-tojasgyumolcs-vetomag-nero-1g\/\" \/>\n<meta property=\"og:site_name\" content=\"T\u00e1jkert\u00e9sz\" \/>\n<meta property=\"article:publisher\" content=\"https:\/\/www.facebook.com\/Tajkertesz\/\" \/>\n<meta property=\"article:modified_time\" content=\"2026-02-18T15:04:15+00:00\" \/>\n<meta property=\"og:image\" content=\"https:\/\/tajkertesz.com\/wp-content\/uploads\/2023\/01\/20230119_130348-scaled.jpg\" \/>\n\t<meta property=\"og:image:width\" content=\"1421\" \/>\n\t<meta property=\"og:image:height\" content=\"2560\" \/>\n\t<meta property=\"og:image:type\" content=\"image\/jpeg\" \/>\n<meta name=\"twitter:card\" content=\"summary_large_image\" \/>\n<meta name=\"twitter:label1\" content=\"Est. reading time\" \/>\n\t<meta name=\"twitter:data1\" content=\"3 minutes\" \/>\n<script type=\"application\/ld+json\" class=\"yoast-schema-graph\">{\"@context\":\"https:\\\/\\\/schema.org\",\"@graph\":[{\"@type\":\"WebPage\",\"@id\":\"https:\\\/\\\/tajkertesz.com\\\/termek\\\/padlizsan-tojasgyumolcs-vetomag-nero-1g\\\/\",\"url\":\"https:\\\/\\\/tajkertesz.com\\\/termek\\\/padlizsan-tojasgyumolcs-vetomag-nero-1g\\\/\",\"name\":\"Padlizs\u00e1n\\\/toj\u00e1sgy\u00fcm\u00f6lcs vet\u0151mag Nero 1g. - T\u00e1jkert\u00e9sz\",\"isPartOf\":{\"@id\":\"https:\\\/\\\/tajkertesz.com\\\/#website\"},\"primaryImageOfPage\":{\"@id\":\"https:\\\/\\\/tajkertesz.com\\\/termek\\\/padlizsan-tojasgyumolcs-vetomag-nero-1g\\\/#primaryimage\"},\"image\":{\"@id\":\"https:\\\/\\\/tajkertesz.com\\\/termek\\\/padlizsan-tojasgyumolcs-vetomag-nero-1g\\\/#primaryimage\"},\"thumbnailUrl\":\"https:\\\/\\\/tajkertesz.com\\\/wp-content\\\/uploads\\\/2023\\\/01\\\/20230119_130348-scaled.jpg\",\"datePublished\":\"2023-01-23T14:47:00+00:00\",\"dateModified\":\"2026-02-18T15:04:15+00:00\",\"description\":\"Padlizs\u00e1n\\\/toj\u00e1sgy\u00fcm\u00f6lcs vet\u0151mag Nero 1g.\",\"breadcrumb\":{\"@id\":\"https:\\\/\\\/tajkertesz.com\\\/termek\\\/padlizsan-tojasgyumolcs-vetomag-nero-1g\\\/#breadcrumb\"},\"inLanguage\":\"en-US\",\"potentialAction\":[{\"@type\":\"ReadAction\",\"target\":[\"https:\\\/\\\/tajkertesz.com\\\/termek\\\/padlizsan-tojasgyumolcs-vetomag-nero-1g\\\/\"]}]},{\"@type\":\"ImageObject\",\"inLanguage\":\"en-US\",\"@id\":\"https:\\\/\\\/tajkertesz.com\\\/termek\\\/padlizsan-tojasgyumolcs-vetomag-nero-1g\\\/#primaryimage\",\"url\":\"https:\\\/\\\/tajkertesz.com\\\/wp-content\\\/uploads\\\/2023\\\/01\\\/20230119_130348-scaled.jpg\",\"contentUrl\":\"https:\\\/\\\/tajkertesz.com\\\/wp-content\\\/uploads\\\/2023\\\/01\\\/20230119_130348-scaled.jpg\",\"width\":1421,\"height\":2560},{\"@type\":\"BreadcrumbList\",\"@id\":\"https:\\\/\\\/tajkertesz.com\\\/termek\\\/padlizsan-tojasgyumolcs-vetomag-nero-1g\\\/#breadcrumb\",\"itemListElement\":[{\"@type\":\"ListItem\",\"position\":1,\"name\":\"Home\",\"item\":\"https:\\\/\\\/tajkertesz.com\\\/\"},{\"@type\":\"ListItem\",\"position\":2,\"name\":\"Kezd\u0151lap\",\"item\":\"https:\\\/\\\/tajkertesz.com\\\/\"},{\"@type\":\"ListItem\",\"position\":3,\"name\":\"Padlizs\u00e1n\\\/toj\u00e1sgy\u00fcm\u00f6lcs vet\u0151mag Nero 1g.\"}]},{\"@type\":\"WebSite\",\"@id\":\"https:\\\/\\\/tajkertesz.com\\\/#website\",\"url\":\"https:\\\/\\\/tajkertesz.com\\\/\",\"name\":\"T\u00e1j-Kert\u00e9sz 84 Kft.\",\"description\":\"Kert\u00e9szeti kis- \u00e9s nagykeresked\u00e9s, D\u00edszn\u00f6v\u00e9ny web\u00e1ruh\u00e1z orsz\u00e1gos h\u00e1zhozsz\u00e1ll\u00edt\u00e1ssal!\",\"publisher\":{\"@id\":\"https:\\\/\\\/tajkertesz.com\\\/#organization\"},\"potentialAction\":[{\"@type\":\"SearchAction\",\"target\":{\"@type\":\"EntryPoint\",\"urlTemplate\":\"https:\\\/\\\/tajkertesz.com\\\/?s={search_term_string}\"},\"query-input\":{\"@type\":\"PropertyValueSpecification\",\"valueRequired\":true,\"valueName\":\"search_term_string\"}}],\"inLanguage\":\"en-US\"},{\"@type\":\"Organization\",\"@id\":\"https:\\\/\\\/tajkertesz.com\\\/#organization\",\"name\":\"T\u00e1j-Kert\u00e9sz 84 Kft.\",\"url\":\"https:\\\/\\\/tajkertesz.com\\\/\",\"logo\":{\"@type\":\"ImageObject\",\"inLanguage\":\"en-US\",\"@id\":\"https:\\\/\\\/tajkertesz.com\\\/#\\\/schema\\\/logo\\\/image\\\/\",\"url\":\"https:\\\/\\\/tajkertesz.com\\\/wp-content\\\/uploads\\\/2018\\\/02\\\/logo-2-e1518678052539.png\",\"contentUrl\":\"https:\\\/\\\/tajkertesz.com\\\/wp-content\\\/uploads\\\/2018\\\/02\\\/logo-2-e1518678052539.png\",\"width\":81,\"height\":140,\"caption\":\"T\u00e1j-Kert\u00e9sz 84 Kft.\"},\"image\":{\"@id\":\"https:\\\/\\\/tajkertesz.com\\\/#\\\/schema\\\/logo\\\/image\\\/\"},\"sameAs\":[\"https:\\\/\\\/www.facebook.com\\\/Tajkertesz\\\/\"]}]}<\/script>\n<!-- \/ Yoast SEO plugin. -->","yoast_head_json":{"title":"Padlizs\u00e1n\/toj\u00e1sgy\u00fcm\u00f6lcs vet\u0151mag Nero 1g. - T\u00e1jkert\u00e9sz","description":"Padlizs\u00e1n\/toj\u00e1sgy\u00fcm\u00f6lcs vet\u0151mag Nero 1g.","robots":{"index":"index","follow":"follow","max-snippet":"max-snippet:-1","max-image-preview":"max-image-preview:large","max-video-preview":"max-video-preview:-1"},"canonical":"https:\/\/tajkertesz.com\/en_US\/product\/padlizsan-tojasgyumolcs-vetomag-nero-1g\/","og_locale":"en_US","og_type":"article","og_title":"Padlizs\u00e1n\/toj\u00e1sgy\u00fcm\u00f6lcs vet\u0151mag Nero 1g. - T\u00e1jkert\u00e9sz","og_description":"Padlizs\u00e1n\/toj\u00e1sgy\u00fcm\u00f6lcs vet\u0151mag Nero 1g.","og_url":"https:\/\/tajkertesz.com\/en_US\/product\/padlizsan-tojasgyumolcs-vetomag-nero-1g\/","og_site_name":"T\u00e1jkert\u00e9sz","article_publisher":"https:\/\/www.facebook.com\/Tajkertesz\/","article_modified_time":"2026-02-18T15:04:15+00:00","og_image":[{"width":1421,"height":2560,"url":"https:\/\/tajkertesz.com\/wp-content\/uploads\/2023\/01\/20230119_130348-scaled.jpg","type":"image\/jpeg"}],"twitter_card":"summary_large_image","twitter_misc":{"Est. reading time":"3 minutes"},"schema":{"@context":"https:\/\/schema.org","@graph":[{"@type":"WebPage","@id":"https:\/\/tajkertesz.com\/termek\/padlizsan-tojasgyumolcs-vetomag-nero-1g\/","url":"https:\/\/tajkertesz.com\/termek\/padlizsan-tojasgyumolcs-vetomag-nero-1g\/","name":"Padlizs\u00e1n\/toj\u00e1sgy\u00fcm\u00f6lcs vet\u0151mag Nero 1g. - T\u00e1jkert\u00e9sz","isPartOf":{"@id":"https:\/\/tajkertesz.com\/#website"},"primaryImageOfPage":{"@id":"https:\/\/tajkertesz.com\/termek\/padlizsan-tojasgyumolcs-vetomag-nero-1g\/#primaryimage"},"image":{"@id":"https:\/\/tajkertesz.com\/termek\/padlizsan-tojasgyumolcs-vetomag-nero-1g\/#primaryimage"},"thumbnailUrl":"https:\/\/tajkertesz.com\/wp-content\/uploads\/2023\/01\/20230119_130348-scaled.jpg","datePublished":"2023-01-23T14:47:00+00:00","dateModified":"2026-02-18T15:04:15+00:00","description":"Padlizs\u00e1n\/toj\u00e1sgy\u00fcm\u00f6lcs vet\u0151mag Nero 1g.","breadcrumb":{"@id":"https:\/\/tajkertesz.com\/termek\/padlizsan-tojasgyumolcs-vetomag-nero-1g\/#breadcrumb"},"inLanguage":"en-US","potentialAction":[{"@type":"ReadAction","target":["https:\/\/tajkertesz.com\/termek\/padlizsan-tojasgyumolcs-vetomag-nero-1g\/"]}]},{"@type":"ImageObject","inLanguage":"en-US","@id":"https:\/\/tajkertesz.com\/termek\/padlizsan-tojasgyumolcs-vetomag-nero-1g\/#primaryimage","url":"https:\/\/tajkertesz.com\/wp-content\/uploads\/2023\/01\/20230119_130348-scaled.jpg","contentUrl":"https:\/\/tajkertesz.com\/wp-content\/uploads\/2023\/01\/20230119_130348-scaled.jpg","width":1421,"height":2560},{"@type":"BreadcrumbList","@id":"https:\/\/tajkertesz.com\/termek\/padlizsan-tojasgyumolcs-vetomag-nero-1g\/#breadcrumb","itemListElement":[{"@type":"ListItem","position":1,"name":"Home","item":"https:\/\/tajkertesz.com\/"},{"@type":"ListItem","position":2,"name":"Kezd\u0151lap","item":"https:\/\/tajkertesz.com\/"},{"@type":"ListItem","position":3,"name":"Padlizs\u00e1n\/toj\u00e1sgy\u00fcm\u00f6lcs vet\u0151mag Nero 1g."}]},{"@type":"WebSite","@id":"https:\/\/tajkertesz.com\/#website","url":"https:\/\/tajkertesz.com\/","name":"T\u00e1j-Kert\u00e9sz 84 Kft.","description":"Kert\u00e9szeti kis- \u00e9s nagykeresked\u00e9s, D\u00edszn\u00f6v\u00e9ny web\u00e1ruh\u00e1z orsz\u00e1gos h\u00e1zhozsz\u00e1ll\u00edt\u00e1ssal!","publisher":{"@id":"https:\/\/tajkertesz.com\/#organization"},"potentialAction":[{"@type":"SearchAction","target":{"@type":"EntryPoint","urlTemplate":"https:\/\/tajkertesz.com\/?s={search_term_string}"},"query-input":{"@type":"PropertyValueSpecification","valueRequired":true,"valueName":"search_term_string"}}],"inLanguage":"en-US"},{"@type":"Organization","@id":"https:\/\/tajkertesz.com\/#organization","name":"T\u00e1j-Kert\u00e9sz 84 Kft.","url":"https:\/\/tajkertesz.com\/","logo":{"@type":"ImageObject","inLanguage":"en-US","@id":"https:\/\/tajkertesz.com\/#\/schema\/logo\/image\/","url":"https:\/\/tajkertesz.com\/wp-content\/uploads\/2018\/02\/logo-2-e1518678052539.png","contentUrl":"https:\/\/tajkertesz.com\/wp-content\/uploads\/2018\/02\/logo-2-e1518678052539.png","width":81,"height":140,"caption":"T\u00e1j-Kert\u00e9sz 84 Kft."},"image":{"@id":"https:\/\/tajkertesz.com\/#\/schema\/logo\/image\/"},"sameAs":["https:\/\/www.facebook.com\/Tajkertesz\/"]}]}},"_links":{"self":[{"href":"https:\/\/tajkertesz.com\/en_US\/wp-json\/wp\/v2\/product\/14968","targetHints":{"allow":["GET"]}}],"collection":[{"href":"https:\/\/tajkertesz.com\/en_US\/wp-json\/wp\/v2\/product"}],"about":[{"href":"https:\/\/tajkertesz.com\/en_US\/wp-json\/wp\/v2\/types\/product"}],"wp:featuredmedia":[{"embeddable":true,"href":"https:\/\/tajkertesz.com\/en_US\/wp-json\/wp\/v2\/media\/14934"}],"wp:attachment":[{"href":"https:\/\/tajkertesz.com\/en_US\/wp-json\/wp\/v2\/media?parent=14968"}],"wp:term":[{"taxonomy":"product_brand","embeddable":true,"href":"https:\/\/tajkertesz.com\/en_US\/wp-json\/wp\/v2\/product_brand?post=14968"},{"taxonomy":"product_cat","embeddable":true,"href":"https:\/\/tajkertesz.com\/en_US\/wp-json\/wp\/v2\/product_cat?post=14968"},{"taxonomy":"product_tag","embeddable":true,"href":"https:\/\/tajkertesz.com\/en_US\/wp-json\/wp\/v2\/product_tag?post=14968"}],"curies":[{"name":"wp","href":"https:\/\/api.w.org\/{rel}","templated":true}]}}