{"id":14969,"date":"2023-01-23T14:49:24","date_gmt":"2023-01-23T14:49:24","guid":{"rendered":"https:\/\/tajkertesz.com\/?post_type=product&#038;p=14969"},"modified":"2026-02-18T15:03:33","modified_gmt":"2026-02-18T15:03:33","slug":"padlizsan-tojasgyumolcs-vetomag-black-beauty-1g","status":"publish","type":"product","link":"https:\/\/tajkertesz.com\/en_US\/product\/padlizsan-tojasgyumolcs-vetomag-black-beauty-1g\/","title":{"rendered":"Padlizs\u00e1n\/toj\u00e1sgy\u00fcm\u00f6lcs vet\u0151mag Black beauty 1g."},"content":{"rendered":"<h2>Padlizs\u00e1n\/toj\u00e1sgy\u00fcm\u00f6lcs vet\u0151mag Black Beauty 1g.<\/h2>\n<p>Padlizs\u00e1n\/toj\u00e1sgy\u00fcm\u00f6lcs vet\u0151mag Black beauty 1g. K\u00f6z\u00e9pkorai szabadf\u00f6ldi \u00e9s hajtat\u00e1si fajta. A n\u00f6v\u00e9nx s\u0171r\u0171, z\u00e1rt, alacsony bokrot k\u00e9pez. Term\u00e9se 250-300 g \u00e1tlags\u00faly\u00fa, g\u00f6mb\u00f6lyded alak\u00fa. H\u00e9ja k\u00f6z\u00e9plila, h\u00fasa halv\u00e1ny kr\u00e9msz\u00edn\u0171.<\/p>\n<p>R\u00e9dei Kertimag<\/p>\n<table cellspacing=\"0\">\n<tbody>\n<tr>\n<td valign=\"top\">Toj\u00e1sgy\u00fcm\u00f6lcs\u00a0(Solanum melongena)<\/td>\n<\/tr>\n<tr>\n<td colspan=\"2\">\n<table class=\"csoportinfo\" cellspacing=\"0\">\n<tbody>\n<tr class=\"csoportinfofejlec\">\n<td class=\"csoportinfofejlec\" width=\"15%\">magsz\u00e1m\/gramm<\/td>\n<td class=\"csoportinfofejlec\" width=\"19%\">vet\u0151magig\u00e9ny g\/10nm<\/td>\n<td class=\"csoportinfofejlec\" width=\"19%\">vet\u00e9sid\u0151 szabadf\u00f6ldi termeszt\u00e9shez<\/td>\n<td class=\"csoportinfofejlec\" width=\"15%\">vet\u00e9sm\u00e9lys\u00e9g cm<\/td>\n<td class=\"csoportinfofejlec\" width=\"17%\">sor- \u00e9s t\u0151t\u00e1vols\u00e1g cm<\/td>\n<td class=\"csoportinfofejlec\" width=\"15%\">cs\u00edr\u00e1z\u00e1si nap<br \/>\n20-22C fokon<\/td>\n<\/tr>\n<tr class=\"csoportinfotorzs\">\n<td class=\"csoportinfotorzs\">160<\/td>\n<td class=\"csoportinfotorzs\">2<\/td>\n<td class=\"csoportinfotorzs\">II-III. h\u00f3nap<br \/>\nki\u00fcltet\u00e9s V. h\u00f3nap<\/td>\n<td class=\"csoportinfotorzs\">1<\/td>\n<td class=\"csoportinfotorzs\">80 x 50<\/td>\n<td class=\"csoportinfotorzs\">7-10 nap<\/td>\n<\/tr>\n<\/tbody>\n<\/table>\n<\/td>\n<\/tr>\n<tr>\n<td colspan=\"2\">\n<p align=\"justify\">A padlizs\u00e1n, mint a balk\u00e1ni konyha alapn\u00f6v\u00e9nye meleg-, f\u00e9ny-, t\u00e1panyag- \u00e9s v\u00edzig\u00e9nyes n\u00f6v\u00e9ny. Humuszban gazdag, naps\u00fct\u00f6tte, sz\u00e9lv\u00e9dett helyet ig\u00e9nyel. H\u00fasos bogy\u00f3ja akkor szedhet\u0151, amikor v\u00e9gleges m\u00e9ret\u00e9t m\u00e1r el\u00e9rte, de benne a mag \u00e9r\u00e9se m\u00e9g nem kezd\u0151d\u00f6tt el. Ennek egy\u00e9rtelm\u0171 jele, hogy a k\u00fcls\u0151 lila h\u00e9ja f\u00e9nyes, bels\u0151 h\u00fasa \u00e9s a mag sz\u00edne feh\u00e9r.<\/p>\n<\/td>\n<\/tr>\n<\/tbody>\n<\/table>\n<p>A padlizs\u00e1n (Solanum melongena) a burgonyaf\u00e9l\u00e9k csal\u00e1dj\u00e1ba tartoz\u00f3 n\u00f6v\u00e9ny, mely D\u00e9lkelet-\u00c1zsi\u00e1b\u00f3l sz\u00e1rmazik, innen jutott el az arabok k\u00f6zvet\u00edt\u00e9s\u00e9vel Eur\u00f3p\u00e1ba, a F\u00f6ldk\u00f6zi-tenger vid\u00e9k\u00e9re.<\/p>\n<p>A padlizs\u00e1n B1, B6, \u00e9s C-vitaminban gazdag, \u00e1sv\u00e1nyi anyag tartalma is sz\u00e1mottev\u0151, magn\u00e9zium, k\u00e1lium, foszfor tartalma is jelent\u0151s.<\/p>\n<p>Meleg \u00e9s f\u00e9nyig\u00e9nyes n\u00f6v\u00e9ny, mely napos, vil\u00e1gos helyen, j\u00f3 v\u00edzelvezet\u00e9s\u0171, t\u00e1panyagban gazdag talajba \u00fcltetve fejl\u0151dik legszebben. \u00dcltet\u00e9s el\u0151tt \u00e9rdemes a talajt komposzttal vagy \u00e9rett tr\u00e1gy\u00e1val feljav\u00edtani.<\/p>\n<p>A padlizs\u00e1n v\u00edzig\u00e9nye is jelent\u0151s, a megfelel\u0151 fejl\u0151d\u00e9shez \u00e9s az \u00edzletes, nagy term\u00e9sek nevel\u00e9s\u00e9hez \u00f6nt\u00f6z\u00e9sre van sz\u00fcks\u00e9ge.<\/p>\n<p>A padlizs\u00e1n magjait belt\u00e9rben vetj\u00fck el m\u00e1rciusban. A cs\u00edr\u00e1z\u00e1shoz vil\u00e1gos hely \u00e9s kellemesen meleg, p\u00e1r\u00e1s k\u00f6rnyezet sz\u00fcks\u00e9ges. A pal\u00e1nt\u00e1kat ki\u00fcltet\u00e9s el\u0151tt szoktatni kell a kinti k\u00f6r\u00fclm\u00e9nyekhez, ez a gyakorlatban annyit tesz, hogy minden nap, n\u00e9h\u00e1ny \u00f3r\u00e1ra kivissz\u00fck a pal\u00e1nt\u00e1kat a szabadba \u00e1rny\u00e9kos helyre.<\/p>\n<p>A pal\u00e1nt\u00e1kat v\u00e9dj\u00fck az er\u0151sebb sz\u00e9lt\u0151l, hidegt\u0151l, fokozatosan n\u00f6velj\u00fck a kint t\u00f6lt\u00f6tt id\u0151t. Ki\u00fcltetni m\u00e1jus k\u00f6zep\u00e9t\u0151l, a fagyvesz\u00e9ly elm\u00falt\u00e1val lehet. A ki\u00fcltetett padlizs\u00e1nok k\u00f6z\u00f6tt minden ir\u00e1nyban hagyjunk 60 cm-es t\u0151t\u00e1vols\u00e1got.<\/p>\n<p><strong>K\u00e9szlet\u00fcnk napi szinten v\u00e1ltozik, ez\u00e9rt k\u00e9rj\u00fck, \u00e9rdekl\u0151dj\u00f6n szem\u00e9lyesen, telefonon vagy email-en.<br \/>\nA v\u00e1ltoztat\u00e1s jog\u00e1t fenntartjuk!\u00a0<\/strong><\/p>\n<p><a href=\"https:\/\/tajkertesz.com\/\">https:\/\/tajkertesz.com\/<\/a><\/p>\n<p><a href=\"https:\/\/www.facebook.com\/tajkertesz\/\">https:\/\/www.facebook.com\/tajkertesz\/<\/a><\/p>\n<p>Kisz\u00e1ll\u00edt\u00e1s: 200cm-ig \u00a0\u00e9s 40 kg-ig a sz\u00e1ll\u00edt\u00e1s fut\u00e1rszolg\u00e1lattal \u00a0t\u00f6rt\u00e9nik!<\/p>\n<p>Szem\u00e9lyes \u00e1tv\u00e9tel nyitvatart\u00e1si id\u0151ben a 17. ker\u00fclet Bakancsos utca 7. sz\u00e1m alatti Kert\u00e9szeti \u00e1rud\u00e1ban<\/p>\n<p>&nbsp;<\/p>\n<p>Szem\u00e9lyes \u00e1tv\u00e9tel ak\u00e1r a mai napon, vagy h\u00e1zhozsz\u00e1ll\u00edt\u00e1s 1-2 napon bel\u00fcl!<\/p>\n<p>&nbsp;<\/p>\n<p>1173.Bp.Bakancsos u.7.<\/p>\n<p><a href=\"http:\/\/www.tajkertesz.com\">www.tajkertesz.com<\/a><\/p>\n<p>Kert\u00e9szeti kis-\u00e9s nagykeresked\u00e9s<\/p>","protected":false},"excerpt":{"rendered":"<p>Padlizs\u00e1n\/toj\u00e1sgy\u00fcm\u00f6lcs vet\u0151mag Black beauty 1g.<\/p>\n<div>BLACK BEAUTY PADLIZS\u00c1N<\/div>\n<div><b>B\u0151term\u0151, alacsony n\u00f6v\u00e9s\u0171!<\/b><br \/>\nK\u00f6z\u00e9pk\u00e9s\u0151i, szabadf\u00f6ldi \u00e9s hajtat\u00e1si fajta. A n\u00f6v\u00e9ny s\u0171r\u0171, z\u00e1rt, alacsony bokrot k\u00e9pez. Term\u00e9se 250-300 g \u00e1tlags\u00faly\u00fa, g\u00f6mb\u00f6lyded alak\u00fa. H\u00e9ja k\u00f6z\u00e9plila, h\u00fasa halv\u00e1nykr\u00e9m sz\u00edn\u0171.<\/div>","protected":false},"featured_media":14935,"template":"","meta":{"_et_pb_use_builder":"","_et_pb_old_content":"","_et_gb_content_width":""},"product_brand":[],"product_cat":[2881],"product_tag":[4138],"class_list":{"0":"post-14969","1":"product","2":"type-product","3":"status-publish","4":"has-post-thumbnail","6":"product_cat-zoldsegnoveny-vetomagok","7":"product_tag-vetomagok","9":"first","10":"instock","11":"shipping-taxable","12":"purchasable","13":"product-type-simple"},"yoast_head":"<!-- This site is optimized with the Yoast SEO plugin v27.5 - https:\/\/yoast.com\/product\/yoast-seo-wordpress\/ -->\n<title>Padlizs\u00e1n\/toj\u00e1sgy\u00fcm\u00f6lcs vet\u0151mag Black beauty 1g. - T\u00e1jkert\u00e9sz<\/title>\n<meta name=\"description\" content=\"Padlizs\u00e1n\/toj\u00e1sgy\u00fcm\u00f6lcs vet\u0151mag Black beauty 1g.\" \/>\n<meta name=\"robots\" content=\"index, follow, max-snippet:-1, max-image-preview:large, max-video-preview:-1\" \/>\n<link rel=\"canonical\" href=\"https:\/\/tajkertesz.com\/en_US\/product\/padlizsan-tojasgyumolcs-vetomag-black-beauty-1g\/\" \/>\n<meta property=\"og:locale\" content=\"en_US\" \/>\n<meta property=\"og:type\" content=\"article\" \/>\n<meta property=\"og:title\" content=\"Padlizs\u00e1n\/toj\u00e1sgy\u00fcm\u00f6lcs vet\u0151mag Black beauty 1g. - T\u00e1jkert\u00e9sz\" \/>\n<meta property=\"og:description\" content=\"Padlizs\u00e1n\/toj\u00e1sgy\u00fcm\u00f6lcs vet\u0151mag Black beauty 1g.\" \/>\n<meta property=\"og:url\" content=\"https:\/\/tajkertesz.com\/en_US\/product\/padlizsan-tojasgyumolcs-vetomag-black-beauty-1g\/\" \/>\n<meta property=\"og:site_name\" content=\"T\u00e1jkert\u00e9sz\" \/>\n<meta property=\"article:publisher\" content=\"https:\/\/www.facebook.com\/Tajkertesz\/\" \/>\n<meta property=\"article:modified_time\" content=\"2026-02-18T15:03:33+00:00\" \/>\n<meta property=\"og:image\" content=\"https:\/\/tajkertesz.com\/wp-content\/uploads\/2023\/01\/20230119_130335-scaled.jpg\" \/>\n\t<meta property=\"og:image:width\" content=\"1381\" \/>\n\t<meta property=\"og:image:height\" content=\"2560\" \/>\n\t<meta property=\"og:image:type\" content=\"image\/jpeg\" \/>\n<meta name=\"twitter:card\" content=\"summary_large_image\" \/>\n<meta name=\"twitter:label1\" content=\"Est. reading time\" \/>\n\t<meta name=\"twitter:data1\" content=\"3 minutes\" \/>\n<script type=\"application\/ld+json\" class=\"yoast-schema-graph\">{\"@context\":\"https:\\\/\\\/schema.org\",\"@graph\":[{\"@type\":\"WebPage\",\"@id\":\"https:\\\/\\\/tajkertesz.com\\\/termek\\\/padlizsan-tojasgyumolcs-vetomag-black-beauty-1g\\\/\",\"url\":\"https:\\\/\\\/tajkertesz.com\\\/termek\\\/padlizsan-tojasgyumolcs-vetomag-black-beauty-1g\\\/\",\"name\":\"Padlizs\u00e1n\\\/toj\u00e1sgy\u00fcm\u00f6lcs vet\u0151mag Black beauty 1g. - T\u00e1jkert\u00e9sz\",\"isPartOf\":{\"@id\":\"https:\\\/\\\/tajkertesz.com\\\/#website\"},\"primaryImageOfPage\":{\"@id\":\"https:\\\/\\\/tajkertesz.com\\\/termek\\\/padlizsan-tojasgyumolcs-vetomag-black-beauty-1g\\\/#primaryimage\"},\"image\":{\"@id\":\"https:\\\/\\\/tajkertesz.com\\\/termek\\\/padlizsan-tojasgyumolcs-vetomag-black-beauty-1g\\\/#primaryimage\"},\"thumbnailUrl\":\"https:\\\/\\\/tajkertesz.com\\\/wp-content\\\/uploads\\\/2023\\\/01\\\/20230119_130335-scaled.jpg\",\"datePublished\":\"2023-01-23T14:49:24+00:00\",\"dateModified\":\"2026-02-18T15:03:33+00:00\",\"description\":\"Padlizs\u00e1n\\\/toj\u00e1sgy\u00fcm\u00f6lcs vet\u0151mag Black beauty 1g.\",\"breadcrumb\":{\"@id\":\"https:\\\/\\\/tajkertesz.com\\\/termek\\\/padlizsan-tojasgyumolcs-vetomag-black-beauty-1g\\\/#breadcrumb\"},\"inLanguage\":\"en-US\",\"potentialAction\":[{\"@type\":\"ReadAction\",\"target\":[\"https:\\\/\\\/tajkertesz.com\\\/termek\\\/padlizsan-tojasgyumolcs-vetomag-black-beauty-1g\\\/\"]}]},{\"@type\":\"ImageObject\",\"inLanguage\":\"en-US\",\"@id\":\"https:\\\/\\\/tajkertesz.com\\\/termek\\\/padlizsan-tojasgyumolcs-vetomag-black-beauty-1g\\\/#primaryimage\",\"url\":\"https:\\\/\\\/tajkertesz.com\\\/wp-content\\\/uploads\\\/2023\\\/01\\\/20230119_130335-scaled.jpg\",\"contentUrl\":\"https:\\\/\\\/tajkertesz.com\\\/wp-content\\\/uploads\\\/2023\\\/01\\\/20230119_130335-scaled.jpg\",\"width\":1381,\"height\":2560},{\"@type\":\"BreadcrumbList\",\"@id\":\"https:\\\/\\\/tajkertesz.com\\\/termek\\\/padlizsan-tojasgyumolcs-vetomag-black-beauty-1g\\\/#breadcrumb\",\"itemListElement\":[{\"@type\":\"ListItem\",\"position\":1,\"name\":\"Home\",\"item\":\"https:\\\/\\\/tajkertesz.com\\\/\"},{\"@type\":\"ListItem\",\"position\":2,\"name\":\"Kezd\u0151lap\",\"item\":\"https:\\\/\\\/tajkertesz.com\\\/\"},{\"@type\":\"ListItem\",\"position\":3,\"name\":\"Padlizs\u00e1n\\\/toj\u00e1sgy\u00fcm\u00f6lcs vet\u0151mag Black beauty 1g.\"}]},{\"@type\":\"WebSite\",\"@id\":\"https:\\\/\\\/tajkertesz.com\\\/#website\",\"url\":\"https:\\\/\\\/tajkertesz.com\\\/\",\"name\":\"T\u00e1j-Kert\u00e9sz 84 Kft.\",\"description\":\"Kert\u00e9szeti kis- \u00e9s nagykeresked\u00e9s, D\u00edszn\u00f6v\u00e9ny web\u00e1ruh\u00e1z orsz\u00e1gos h\u00e1zhozsz\u00e1ll\u00edt\u00e1ssal!\",\"publisher\":{\"@id\":\"https:\\\/\\\/tajkertesz.com\\\/#organization\"},\"potentialAction\":[{\"@type\":\"SearchAction\",\"target\":{\"@type\":\"EntryPoint\",\"urlTemplate\":\"https:\\\/\\\/tajkertesz.com\\\/?s={search_term_string}\"},\"query-input\":{\"@type\":\"PropertyValueSpecification\",\"valueRequired\":true,\"valueName\":\"search_term_string\"}}],\"inLanguage\":\"en-US\"},{\"@type\":\"Organization\",\"@id\":\"https:\\\/\\\/tajkertesz.com\\\/#organization\",\"name\":\"T\u00e1j-Kert\u00e9sz 84 Kft.\",\"url\":\"https:\\\/\\\/tajkertesz.com\\\/\",\"logo\":{\"@type\":\"ImageObject\",\"inLanguage\":\"en-US\",\"@id\":\"https:\\\/\\\/tajkertesz.com\\\/#\\\/schema\\\/logo\\\/image\\\/\",\"url\":\"https:\\\/\\\/tajkertesz.com\\\/wp-content\\\/uploads\\\/2018\\\/02\\\/logo-2-e1518678052539.png\",\"contentUrl\":\"https:\\\/\\\/tajkertesz.com\\\/wp-content\\\/uploads\\\/2018\\\/02\\\/logo-2-e1518678052539.png\",\"width\":81,\"height\":140,\"caption\":\"T\u00e1j-Kert\u00e9sz 84 Kft.\"},\"image\":{\"@id\":\"https:\\\/\\\/tajkertesz.com\\\/#\\\/schema\\\/logo\\\/image\\\/\"},\"sameAs\":[\"https:\\\/\\\/www.facebook.com\\\/Tajkertesz\\\/\"]}]}<\/script>\n<!-- \/ Yoast SEO plugin. -->","yoast_head_json":{"title":"Padlizs\u00e1n\/toj\u00e1sgy\u00fcm\u00f6lcs vet\u0151mag Black beauty 1g. - T\u00e1jkert\u00e9sz","description":"Padlizs\u00e1n\/toj\u00e1sgy\u00fcm\u00f6lcs vet\u0151mag Black beauty 1g.","robots":{"index":"index","follow":"follow","max-snippet":"max-snippet:-1","max-image-preview":"max-image-preview:large","max-video-preview":"max-video-preview:-1"},"canonical":"https:\/\/tajkertesz.com\/en_US\/product\/padlizsan-tojasgyumolcs-vetomag-black-beauty-1g\/","og_locale":"en_US","og_type":"article","og_title":"Padlizs\u00e1n\/toj\u00e1sgy\u00fcm\u00f6lcs vet\u0151mag Black beauty 1g. - T\u00e1jkert\u00e9sz","og_description":"Padlizs\u00e1n\/toj\u00e1sgy\u00fcm\u00f6lcs vet\u0151mag Black beauty 1g.","og_url":"https:\/\/tajkertesz.com\/en_US\/product\/padlizsan-tojasgyumolcs-vetomag-black-beauty-1g\/","og_site_name":"T\u00e1jkert\u00e9sz","article_publisher":"https:\/\/www.facebook.com\/Tajkertesz\/","article_modified_time":"2026-02-18T15:03:33+00:00","og_image":[{"width":1381,"height":2560,"url":"https:\/\/tajkertesz.com\/wp-content\/uploads\/2023\/01\/20230119_130335-scaled.jpg","type":"image\/jpeg"}],"twitter_card":"summary_large_image","twitter_misc":{"Est. reading time":"3 minutes"},"schema":{"@context":"https:\/\/schema.org","@graph":[{"@type":"WebPage","@id":"https:\/\/tajkertesz.com\/termek\/padlizsan-tojasgyumolcs-vetomag-black-beauty-1g\/","url":"https:\/\/tajkertesz.com\/termek\/padlizsan-tojasgyumolcs-vetomag-black-beauty-1g\/","name":"Padlizs\u00e1n\/toj\u00e1sgy\u00fcm\u00f6lcs vet\u0151mag Black beauty 1g. - T\u00e1jkert\u00e9sz","isPartOf":{"@id":"https:\/\/tajkertesz.com\/#website"},"primaryImageOfPage":{"@id":"https:\/\/tajkertesz.com\/termek\/padlizsan-tojasgyumolcs-vetomag-black-beauty-1g\/#primaryimage"},"image":{"@id":"https:\/\/tajkertesz.com\/termek\/padlizsan-tojasgyumolcs-vetomag-black-beauty-1g\/#primaryimage"},"thumbnailUrl":"https:\/\/tajkertesz.com\/wp-content\/uploads\/2023\/01\/20230119_130335-scaled.jpg","datePublished":"2023-01-23T14:49:24+00:00","dateModified":"2026-02-18T15:03:33+00:00","description":"Padlizs\u00e1n\/toj\u00e1sgy\u00fcm\u00f6lcs vet\u0151mag Black beauty 1g.","breadcrumb":{"@id":"https:\/\/tajkertesz.com\/termek\/padlizsan-tojasgyumolcs-vetomag-black-beauty-1g\/#breadcrumb"},"inLanguage":"en-US","potentialAction":[{"@type":"ReadAction","target":["https:\/\/tajkertesz.com\/termek\/padlizsan-tojasgyumolcs-vetomag-black-beauty-1g\/"]}]},{"@type":"ImageObject","inLanguage":"en-US","@id":"https:\/\/tajkertesz.com\/termek\/padlizsan-tojasgyumolcs-vetomag-black-beauty-1g\/#primaryimage","url":"https:\/\/tajkertesz.com\/wp-content\/uploads\/2023\/01\/20230119_130335-scaled.jpg","contentUrl":"https:\/\/tajkertesz.com\/wp-content\/uploads\/2023\/01\/20230119_130335-scaled.jpg","width":1381,"height":2560},{"@type":"BreadcrumbList","@id":"https:\/\/tajkertesz.com\/termek\/padlizsan-tojasgyumolcs-vetomag-black-beauty-1g\/#breadcrumb","itemListElement":[{"@type":"ListItem","position":1,"name":"Home","item":"https:\/\/tajkertesz.com\/"},{"@type":"ListItem","position":2,"name":"Kezd\u0151lap","item":"https:\/\/tajkertesz.com\/"},{"@type":"ListItem","position":3,"name":"Padlizs\u00e1n\/toj\u00e1sgy\u00fcm\u00f6lcs vet\u0151mag Black beauty 1g."}]},{"@type":"WebSite","@id":"https:\/\/tajkertesz.com\/#website","url":"https:\/\/tajkertesz.com\/","name":"T\u00e1j-Kert\u00e9sz 84 Kft.","description":"Kert\u00e9szeti kis- \u00e9s nagykeresked\u00e9s, D\u00edszn\u00f6v\u00e9ny web\u00e1ruh\u00e1z orsz\u00e1gos h\u00e1zhozsz\u00e1ll\u00edt\u00e1ssal!","publisher":{"@id":"https:\/\/tajkertesz.com\/#organization"},"potentialAction":[{"@type":"SearchAction","target":{"@type":"EntryPoint","urlTemplate":"https:\/\/tajkertesz.com\/?s={search_term_string}"},"query-input":{"@type":"PropertyValueSpecification","valueRequired":true,"valueName":"search_term_string"}}],"inLanguage":"en-US"},{"@type":"Organization","@id":"https:\/\/tajkertesz.com\/#organization","name":"T\u00e1j-Kert\u00e9sz 84 Kft.","url":"https:\/\/tajkertesz.com\/","logo":{"@type":"ImageObject","inLanguage":"en-US","@id":"https:\/\/tajkertesz.com\/#\/schema\/logo\/image\/","url":"https:\/\/tajkertesz.com\/wp-content\/uploads\/2018\/02\/logo-2-e1518678052539.png","contentUrl":"https:\/\/tajkertesz.com\/wp-content\/uploads\/2018\/02\/logo-2-e1518678052539.png","width":81,"height":140,"caption":"T\u00e1j-Kert\u00e9sz 84 Kft."},"image":{"@id":"https:\/\/tajkertesz.com\/#\/schema\/logo\/image\/"},"sameAs":["https:\/\/www.facebook.com\/Tajkertesz\/"]}]}},"_links":{"self":[{"href":"https:\/\/tajkertesz.com\/en_US\/wp-json\/wp\/v2\/product\/14969","targetHints":{"allow":["GET"]}}],"collection":[{"href":"https:\/\/tajkertesz.com\/en_US\/wp-json\/wp\/v2\/product"}],"about":[{"href":"https:\/\/tajkertesz.com\/en_US\/wp-json\/wp\/v2\/types\/product"}],"wp:featuredmedia":[{"embeddable":true,"href":"https:\/\/tajkertesz.com\/en_US\/wp-json\/wp\/v2\/media\/14935"}],"wp:attachment":[{"href":"https:\/\/tajkertesz.com\/en_US\/wp-json\/wp\/v2\/media?parent=14969"}],"wp:term":[{"taxonomy":"product_brand","embeddable":true,"href":"https:\/\/tajkertesz.com\/en_US\/wp-json\/wp\/v2\/product_brand?post=14969"},{"taxonomy":"product_cat","embeddable":true,"href":"https:\/\/tajkertesz.com\/en_US\/wp-json\/wp\/v2\/product_cat?post=14969"},{"taxonomy":"product_tag","embeddable":true,"href":"https:\/\/tajkertesz.com\/en_US\/wp-json\/wp\/v2\/product_tag?post=14969"}],"curies":[{"name":"wp","href":"https:\/\/api.w.org\/{rel}","templated":true}]}}