{"id":14971,"date":"2023-01-23T14:57:18","date_gmt":"2023-01-23T14:57:18","guid":{"rendered":"https:\/\/tajkertesz.com\/?post_type=product&#038;p=14971"},"modified":"2026-04-14T13:44:48","modified_gmt":"2026-04-14T13:44:48","slug":"cukkini-vetomag-goldena-3g","status":"publish","type":"product","link":"https:\/\/tajkertesz.com\/en_US\/product\/cukkini-vetomag-goldena-3g\/","title":{"rendered":"Cukkini vet\u0151mag Goldena 3g."},"content":{"rendered":"<h2>Cukkini vet\u0151mag Goldena 3g.<\/h2>\n<p>Cukkini vet\u0151mag Goldena 3g. Bokor t\u00edpus\u00fa, \u00e9l\u00e9nks\u00e1rga sz\u00edn\u0171 cukkini k\u00fcl\u00f6nlegess\u00e9g. Term\u00e9se f\u00e9nyes fel\u00fclet\u0171, henger alak\u00fa. R\u00e9dei Kertimag<\/p>\n<h2><span id=\"a-cukkini-igenyei-termesztese\">A cukkini ig\u00e9nyei, termeszt\u00e9se<\/span><\/h2>\n<p>A cukkini f\u00e9ny \u00e9s melegig\u00e9nyes n\u00f6v\u00e9ny, mely a talaj t\u00edpus\u00e1ra nem k\u00fcl\u00f6n\u00f6sebben k\u00e9nyes, a legfontosabb, hogy t\u00e1panyagban gazdag talajba \u00fcltess\u00fck.<\/p>\n<p>Helyig\u00e9nyes z\u00f6lds\u00e9g, t\u00e1gas helyre van sz\u00fcks\u00e9ge a megfelel\u0151 fejl\u0151d\u00e9shez, ez azt jelenti, hogy 1m-es t\u0151t\u00e1vols\u00e1got kell hagynunk, amikor ki\u00fcltetj\u00fck pal\u00e1nt\u00e1it.<\/p>\n<p>A legjobb m\u00f3dszer, ha f\u00e9szkeket alak\u00edtunk ki egym\u00e1st\u00f3l 1 m-es t\u00e1vols\u00e1gban, a talajt pedig minden f\u00e9szek eset\u00e9ben feljav\u00edtjuk ist\u00e1ll\u00f3tr\u00e1gya, vagy m\u0171tr\u00e1gy\u00e1val kevert komposzt seg\u00edts\u00e9g\u00e9vel. Fontos megeml\u00edteni, hogy a cukkinit minden \u00e9vben a kert m\u00e1s r\u00e9sz\u00e9n \u00e9rdemes termeszteni.<\/p>\n<p>A cukkini f\u0151leg fejl\u0151d\u00e9se kezdeti szakasz\u00e1ban sz\u00e1m\u00edt igaz\u00e1n v\u00edzig\u00e9nyesnek, de a megfelel\u0151 fejl\u0151d\u00e9shez \u00e9s kiel\u00e9g\u00edt\u0151 term\u00e9shez, k\u00e9s\u0151bb is \u00f6nt\u00f6z\u00e9st ig\u00e9nyel. Tov\u00e1bbi teend\u0151k\u00e9nt a rendszeres kap\u00e1l\u00e1st \u00e9s a gyoml\u00e1l\u00e1st lehet megeml\u00edteni.<\/p>\n<p>Id\u0151nk\u00e9nt megt\u00e1madja a lisztharmat \u00e9s k\u00e1ros\u00edthatj\u00e1k a meztelencsig\u00e1k is, de szerencs\u00e9re a cukkininak kev\u00e9s k\u00e1rtev\u0151je \u00e9s betegs\u00e9ge van.<\/p>\n<p>Termeszteni el\u0151nevelt pal\u00e1nt\u00e1k ki\u00fcltet\u00e9s\u00e9vel, valamint helyrevet\u00e9ssel lehet, ut\u00f3bbi esetben azonban ler\u00f6vid\u00fcl a teny\u00e9szideje, k\u00e9s\u0151n kezdi \u00e9rlelni term\u00e9seit, ez\u00e9rt ink\u00e1bb nevelj\u00fcnk pal\u00e1nt\u00e1kat \u00e9s ezeket \u00fcltess\u00fck ki a kertbe. Ha m\u00e9gis szabadf\u00f6ldbe vetn\u00e9nk, azt \u00e1prilis v\u00e9g\u00e9t\u0151l-j\u00falius k\u00f6zep\u00e9ig tehetj\u00fck meg.<\/p>\n<p>Belt\u00e9ri pal\u00e1ntanevel\u00e9shez, m\u00e1rcius-v\u00e9g\u00e9n, \u00e1prilis elej\u00e9n vess\u00fck el a magokat, j\u00f3 szerkezet\u0171 f\u00f6lddel megt\u00f6lt\u00f6tt poharakba 2-3 cm m\u00e9lyen. A cs\u00edr\u00e1z\u00e1shoz kellemes meleg \u00e9s f\u00e9ny sz\u00fcks\u00e9ges, term\u00e9szetesen az \u00f6nt\u00f6z\u00e9sr\u0151l sem szabad elfeledkezni.<\/p>\n<p>2-3 lombleveles \u00e1llapotban kezdhetj\u00fck edzeni a pal\u00e1nt\u00e1kat, melyeket a cukkini fagy\u00e9rz\u00e9kenys\u00e9ge miatt, a fagyvesz\u00e9ly elm\u00falt\u00e1val \u00fcltet\u00fcnk ki m\u00e1jusban, az elk\u00e9sz\u00edtett f\u00e9szkekbe. Gondozzuk a pal\u00e1nt\u00e1kat a fent \u00edrtak szerint.<\/p>\n<table cellspacing=\"0\">\n<tbody>\n<tr>\n<td valign=\"top\">Cukkini<\/td>\n<\/tr>\n<tr>\n<td colspan=\"2\">\n<table class=\"csoportinfo\" cellspacing=\"0\">\n<tbody>\n<tr class=\"csoportinfofejlec\">\n<td class=\"csoportinfofejlec\" width=\"15%\">magsz\u00e1m\/gramm<\/td>\n<td class=\"csoportinfofejlec\" width=\"19%\">vet\u0151magig\u00e9ny g\/10nm<\/td>\n<td class=\"csoportinfofejlec\" width=\"19%\">vet\u00e9sid\u0151 szabadf\u00f6ldi termeszt\u00e9shez<\/td>\n<td class=\"csoportinfofejlec\" width=\"15%\">vet\u00e9sm\u00e9lys\u00e9g cm<\/td>\n<td class=\"csoportinfofejlec\" width=\"17%\">sor- \u00e9s t\u0151t\u00e1vols\u00e1g cm<\/td>\n<td class=\"csoportinfofejlec\" width=\"15%\">cs\u00edr\u00e1z\u00e1si nap<br \/>\n20-22C fokon<\/td>\n<\/tr>\n<tr class=\"csoportinfotorzs\">\n<td class=\"csoportinfotorzs\">5-6<\/td>\n<td class=\"csoportinfotorzs\">50-70<\/td>\n<td class=\"csoportinfotorzs\">IV-V. h\u00f3nap<\/td>\n<td class=\"csoportinfotorzs\">2-3<\/td>\n<td class=\"csoportinfotorzs\">150 x 50<\/td>\n<td class=\"csoportinfotorzs\">7-12 nap<\/td>\n<\/tr>\n<\/tbody>\n<\/table>\n<\/td>\n<\/tr>\n<tr>\n<td colspan=\"2\">\n<p align=\"justify\"><b>Tipp:<\/b>\u00a0A t\u00f6kf\u00e9l\u00e9ket is termeszthetj\u00fck pal\u00e1nt\u00e1r\u00f3l, ha kor\u00e1n szeretn\u00e9nk term\u00e9st, de vigy\u00e1zzunk a gy\u00f6kereire, mivel nem j\u00f3l b\u00edrja az \u00e1t\u00fcltet\u00e9st. Vess\u00fcnk 2-3 szem magot poharakba m\u00e1rcius-\u00e1prilisban \u00e9s m\u00e1jus v\u00e9g\u00e9n \u00fcltess\u00fck ki a szabadba a pal\u00e1nt\u00e1kat.<br \/>\nA cukkini a kukorica, hagyma \u00e9s kar\u00f3sbab szomsz\u00e9ds\u00e1g\u00e1ban \u00e9rzi j\u00f3l mag\u00e1t. Mivel nagy t\u00e1panyagfogyaszt\u00f3k, a vet\u00e9sforg\u00f3ban frissen tr\u00e1gy\u00e1zott talajba, vagy bab, bors\u00f3 ut\u00e1n \u00fcltess\u00fck \u0151ket.<\/p>\n<\/td>\n<\/tr>\n<\/tbody>\n<\/table>","protected":false},"excerpt":{"rendered":"<p>Cukkini vet\u0151mag Goldena 3g<\/p>\n<div>GOLDENA<\/div>\n<div>Bokor t\u00edpus\u00fa cukkini k\u00fcl\u00f6nlegess\u00e9g. Term\u00e9se henger alak\u00fa, \u00e9l\u00e9nks\u00e1rga sz\u00edn\u0171, sz\u00e9p f\u00e9nyes fel\u00fclet\u0171.<\/div>","protected":false},"featured_media":14928,"template":"","meta":{"_et_pb_use_builder":"","_et_pb_old_content":"","_et_gb_content_width":""},"product_brand":[],"product_cat":[2881],"product_tag":[4138],"class_list":{"0":"post-14971","1":"product","2":"type-product","3":"status-publish","4":"has-post-thumbnail","6":"product_cat-zoldsegnoveny-vetomagok","7":"product_tag-vetomagok","9":"first","10":"instock","11":"shipping-taxable","12":"purchasable","13":"product-type-simple"},"yoast_head":"<!-- This site is optimized with the Yoast SEO plugin v27.5 - https:\/\/yoast.com\/product\/yoast-seo-wordpress\/ -->\n<title>Cukkini vet\u0151mag Goldena 3g. - T\u00e1jkert\u00e9sz<\/title>\n<meta name=\"description\" content=\"Cukkini vet\u0151mag Goldena 3g. V\u00e1s\u00e1roljon vet\u0151magokat kert\u00e9szeti web\u00e1ruh\u00e1zunkb\u00f3l h\u00e1zhozsz\u00e1ll\u00edt\u00e1ssal, vagy szem\u00e9lyesen kert\u00e9szet\u00fcnkb\u0151l.\" \/>\n<meta name=\"robots\" content=\"index, follow, max-snippet:-1, max-image-preview:large, max-video-preview:-1\" \/>\n<link rel=\"canonical\" href=\"https:\/\/tajkertesz.com\/en_US\/product\/cukkini-vetomag-goldena-3g\/\" \/>\n<meta property=\"og:locale\" content=\"en_US\" \/>\n<meta property=\"og:type\" content=\"article\" \/>\n<meta property=\"og:title\" content=\"Cukkini vet\u0151mag Goldena 3g. - T\u00e1jkert\u00e9sz\" \/>\n<meta property=\"og:description\" content=\"Cukkini vet\u0151mag Goldena 3g. V\u00e1s\u00e1roljon vet\u0151magokat kert\u00e9szeti web\u00e1ruh\u00e1zunkb\u00f3l h\u00e1zhozsz\u00e1ll\u00edt\u00e1ssal, vagy szem\u00e9lyesen kert\u00e9szet\u00fcnkb\u0151l.\" \/>\n<meta property=\"og:url\" content=\"https:\/\/tajkertesz.com\/en_US\/product\/cukkini-vetomag-goldena-3g\/\" \/>\n<meta property=\"og:site_name\" content=\"T\u00e1jkert\u00e9sz\" \/>\n<meta property=\"article:publisher\" content=\"https:\/\/www.facebook.com\/Tajkertesz\/\" \/>\n<meta property=\"article:modified_time\" content=\"2026-04-14T13:44:48+00:00\" \/>\n<meta property=\"og:image\" content=\"https:\/\/tajkertesz.com\/wp-content\/uploads\/2023\/01\/20230119_130236-scaled.jpg\" \/>\n\t<meta property=\"og:image:width\" content=\"1378\" \/>\n\t<meta property=\"og:image:height\" content=\"2560\" \/>\n\t<meta property=\"og:image:type\" content=\"image\/jpeg\" \/>\n<meta name=\"twitter:card\" content=\"summary_large_image\" \/>\n<meta name=\"twitter:label1\" content=\"Est. reading time\" \/>\n\t<meta name=\"twitter:data1\" content=\"3 minutes\" \/>\n<script type=\"application\/ld+json\" class=\"yoast-schema-graph\">{\"@context\":\"https:\\\/\\\/schema.org\",\"@graph\":[{\"@type\":\"WebPage\",\"@id\":\"https:\\\/\\\/tajkertesz.com\\\/termek\\\/cukkini-vetomag-goldena-3g\\\/\",\"url\":\"https:\\\/\\\/tajkertesz.com\\\/termek\\\/cukkini-vetomag-goldena-3g\\\/\",\"name\":\"Cukkini vet\u0151mag Goldena 3g. - T\u00e1jkert\u00e9sz\",\"isPartOf\":{\"@id\":\"https:\\\/\\\/tajkertesz.com\\\/#website\"},\"primaryImageOfPage\":{\"@id\":\"https:\\\/\\\/tajkertesz.com\\\/termek\\\/cukkini-vetomag-goldena-3g\\\/#primaryimage\"},\"image\":{\"@id\":\"https:\\\/\\\/tajkertesz.com\\\/termek\\\/cukkini-vetomag-goldena-3g\\\/#primaryimage\"},\"thumbnailUrl\":\"https:\\\/\\\/tajkertesz.com\\\/wp-content\\\/uploads\\\/2023\\\/01\\\/20230119_130236-scaled.jpg\",\"datePublished\":\"2023-01-23T14:57:18+00:00\",\"dateModified\":\"2026-04-14T13:44:48+00:00\",\"description\":\"Cukkini vet\u0151mag Goldena 3g. V\u00e1s\u00e1roljon vet\u0151magokat kert\u00e9szeti web\u00e1ruh\u00e1zunkb\u00f3l h\u00e1zhozsz\u00e1ll\u00edt\u00e1ssal, vagy szem\u00e9lyesen kert\u00e9szet\u00fcnkb\u0151l.\",\"breadcrumb\":{\"@id\":\"https:\\\/\\\/tajkertesz.com\\\/termek\\\/cukkini-vetomag-goldena-3g\\\/#breadcrumb\"},\"inLanguage\":\"en-US\",\"potentialAction\":[{\"@type\":\"ReadAction\",\"target\":[\"https:\\\/\\\/tajkertesz.com\\\/termek\\\/cukkini-vetomag-goldena-3g\\\/\"]}]},{\"@type\":\"ImageObject\",\"inLanguage\":\"en-US\",\"@id\":\"https:\\\/\\\/tajkertesz.com\\\/termek\\\/cukkini-vetomag-goldena-3g\\\/#primaryimage\",\"url\":\"https:\\\/\\\/tajkertesz.com\\\/wp-content\\\/uploads\\\/2023\\\/01\\\/20230119_130236-scaled.jpg\",\"contentUrl\":\"https:\\\/\\\/tajkertesz.com\\\/wp-content\\\/uploads\\\/2023\\\/01\\\/20230119_130236-scaled.jpg\",\"width\":1378,\"height\":2560},{\"@type\":\"BreadcrumbList\",\"@id\":\"https:\\\/\\\/tajkertesz.com\\\/termek\\\/cukkini-vetomag-goldena-3g\\\/#breadcrumb\",\"itemListElement\":[{\"@type\":\"ListItem\",\"position\":1,\"name\":\"Home\",\"item\":\"https:\\\/\\\/tajkertesz.com\\\/\"},{\"@type\":\"ListItem\",\"position\":2,\"name\":\"Kezd\u0151lap\",\"item\":\"https:\\\/\\\/tajkertesz.com\\\/\"},{\"@type\":\"ListItem\",\"position\":3,\"name\":\"Cukkini vet\u0151mag Goldena 3g.\"}]},{\"@type\":\"WebSite\",\"@id\":\"https:\\\/\\\/tajkertesz.com\\\/#website\",\"url\":\"https:\\\/\\\/tajkertesz.com\\\/\",\"name\":\"T\u00e1j-Kert\u00e9sz 84 Kft.\",\"description\":\"Kert\u00e9szeti kis- \u00e9s nagykeresked\u00e9s, D\u00edszn\u00f6v\u00e9ny web\u00e1ruh\u00e1z orsz\u00e1gos h\u00e1zhozsz\u00e1ll\u00edt\u00e1ssal!\",\"publisher\":{\"@id\":\"https:\\\/\\\/tajkertesz.com\\\/#organization\"},\"potentialAction\":[{\"@type\":\"SearchAction\",\"target\":{\"@type\":\"EntryPoint\",\"urlTemplate\":\"https:\\\/\\\/tajkertesz.com\\\/?s={search_term_string}\"},\"query-input\":{\"@type\":\"PropertyValueSpecification\",\"valueRequired\":true,\"valueName\":\"search_term_string\"}}],\"inLanguage\":\"en-US\"},{\"@type\":\"Organization\",\"@id\":\"https:\\\/\\\/tajkertesz.com\\\/#organization\",\"name\":\"T\u00e1j-Kert\u00e9sz 84 Kft.\",\"url\":\"https:\\\/\\\/tajkertesz.com\\\/\",\"logo\":{\"@type\":\"ImageObject\",\"inLanguage\":\"en-US\",\"@id\":\"https:\\\/\\\/tajkertesz.com\\\/#\\\/schema\\\/logo\\\/image\\\/\",\"url\":\"https:\\\/\\\/tajkertesz.com\\\/wp-content\\\/uploads\\\/2018\\\/02\\\/logo-2-e1518678052539.png\",\"contentUrl\":\"https:\\\/\\\/tajkertesz.com\\\/wp-content\\\/uploads\\\/2018\\\/02\\\/logo-2-e1518678052539.png\",\"width\":81,\"height\":140,\"caption\":\"T\u00e1j-Kert\u00e9sz 84 Kft.\"},\"image\":{\"@id\":\"https:\\\/\\\/tajkertesz.com\\\/#\\\/schema\\\/logo\\\/image\\\/\"},\"sameAs\":[\"https:\\\/\\\/www.facebook.com\\\/Tajkertesz\\\/\"]}]}<\/script>\n<!-- \/ Yoast SEO plugin. -->","yoast_head_json":{"title":"Cukkini vet\u0151mag Goldena 3g. - T\u00e1jkert\u00e9sz","description":"Cukkini vet\u0151mag Goldena 3g. V\u00e1s\u00e1roljon vet\u0151magokat kert\u00e9szeti web\u00e1ruh\u00e1zunkb\u00f3l h\u00e1zhozsz\u00e1ll\u00edt\u00e1ssal, vagy szem\u00e9lyesen kert\u00e9szet\u00fcnkb\u0151l.","robots":{"index":"index","follow":"follow","max-snippet":"max-snippet:-1","max-image-preview":"max-image-preview:large","max-video-preview":"max-video-preview:-1"},"canonical":"https:\/\/tajkertesz.com\/en_US\/product\/cukkini-vetomag-goldena-3g\/","og_locale":"en_US","og_type":"article","og_title":"Cukkini vet\u0151mag Goldena 3g. - T\u00e1jkert\u00e9sz","og_description":"Cukkini vet\u0151mag Goldena 3g. V\u00e1s\u00e1roljon vet\u0151magokat kert\u00e9szeti web\u00e1ruh\u00e1zunkb\u00f3l h\u00e1zhozsz\u00e1ll\u00edt\u00e1ssal, vagy szem\u00e9lyesen kert\u00e9szet\u00fcnkb\u0151l.","og_url":"https:\/\/tajkertesz.com\/en_US\/product\/cukkini-vetomag-goldena-3g\/","og_site_name":"T\u00e1jkert\u00e9sz","article_publisher":"https:\/\/www.facebook.com\/Tajkertesz\/","article_modified_time":"2026-04-14T13:44:48+00:00","og_image":[{"width":1378,"height":2560,"url":"https:\/\/tajkertesz.com\/wp-content\/uploads\/2023\/01\/20230119_130236-scaled.jpg","type":"image\/jpeg"}],"twitter_card":"summary_large_image","twitter_misc":{"Est. reading time":"3 minutes"},"schema":{"@context":"https:\/\/schema.org","@graph":[{"@type":"WebPage","@id":"https:\/\/tajkertesz.com\/termek\/cukkini-vetomag-goldena-3g\/","url":"https:\/\/tajkertesz.com\/termek\/cukkini-vetomag-goldena-3g\/","name":"Cukkini vet\u0151mag Goldena 3g. - T\u00e1jkert\u00e9sz","isPartOf":{"@id":"https:\/\/tajkertesz.com\/#website"},"primaryImageOfPage":{"@id":"https:\/\/tajkertesz.com\/termek\/cukkini-vetomag-goldena-3g\/#primaryimage"},"image":{"@id":"https:\/\/tajkertesz.com\/termek\/cukkini-vetomag-goldena-3g\/#primaryimage"},"thumbnailUrl":"https:\/\/tajkertesz.com\/wp-content\/uploads\/2023\/01\/20230119_130236-scaled.jpg","datePublished":"2023-01-23T14:57:18+00:00","dateModified":"2026-04-14T13:44:48+00:00","description":"Cukkini vet\u0151mag Goldena 3g. V\u00e1s\u00e1roljon vet\u0151magokat kert\u00e9szeti web\u00e1ruh\u00e1zunkb\u00f3l h\u00e1zhozsz\u00e1ll\u00edt\u00e1ssal, vagy szem\u00e9lyesen kert\u00e9szet\u00fcnkb\u0151l.","breadcrumb":{"@id":"https:\/\/tajkertesz.com\/termek\/cukkini-vetomag-goldena-3g\/#breadcrumb"},"inLanguage":"en-US","potentialAction":[{"@type":"ReadAction","target":["https:\/\/tajkertesz.com\/termek\/cukkini-vetomag-goldena-3g\/"]}]},{"@type":"ImageObject","inLanguage":"en-US","@id":"https:\/\/tajkertesz.com\/termek\/cukkini-vetomag-goldena-3g\/#primaryimage","url":"https:\/\/tajkertesz.com\/wp-content\/uploads\/2023\/01\/20230119_130236-scaled.jpg","contentUrl":"https:\/\/tajkertesz.com\/wp-content\/uploads\/2023\/01\/20230119_130236-scaled.jpg","width":1378,"height":2560},{"@type":"BreadcrumbList","@id":"https:\/\/tajkertesz.com\/termek\/cukkini-vetomag-goldena-3g\/#breadcrumb","itemListElement":[{"@type":"ListItem","position":1,"name":"Home","item":"https:\/\/tajkertesz.com\/"},{"@type":"ListItem","position":2,"name":"Kezd\u0151lap","item":"https:\/\/tajkertesz.com\/"},{"@type":"ListItem","position":3,"name":"Cukkini vet\u0151mag Goldena 3g."}]},{"@type":"WebSite","@id":"https:\/\/tajkertesz.com\/#website","url":"https:\/\/tajkertesz.com\/","name":"T\u00e1j-Kert\u00e9sz 84 Kft.","description":"Kert\u00e9szeti kis- \u00e9s nagykeresked\u00e9s, D\u00edszn\u00f6v\u00e9ny web\u00e1ruh\u00e1z orsz\u00e1gos h\u00e1zhozsz\u00e1ll\u00edt\u00e1ssal!","publisher":{"@id":"https:\/\/tajkertesz.com\/#organization"},"potentialAction":[{"@type":"SearchAction","target":{"@type":"EntryPoint","urlTemplate":"https:\/\/tajkertesz.com\/?s={search_term_string}"},"query-input":{"@type":"PropertyValueSpecification","valueRequired":true,"valueName":"search_term_string"}}],"inLanguage":"en-US"},{"@type":"Organization","@id":"https:\/\/tajkertesz.com\/#organization","name":"T\u00e1j-Kert\u00e9sz 84 Kft.","url":"https:\/\/tajkertesz.com\/","logo":{"@type":"ImageObject","inLanguage":"en-US","@id":"https:\/\/tajkertesz.com\/#\/schema\/logo\/image\/","url":"https:\/\/tajkertesz.com\/wp-content\/uploads\/2018\/02\/logo-2-e1518678052539.png","contentUrl":"https:\/\/tajkertesz.com\/wp-content\/uploads\/2018\/02\/logo-2-e1518678052539.png","width":81,"height":140,"caption":"T\u00e1j-Kert\u00e9sz 84 Kft."},"image":{"@id":"https:\/\/tajkertesz.com\/#\/schema\/logo\/image\/"},"sameAs":["https:\/\/www.facebook.com\/Tajkertesz\/"]}]}},"_links":{"self":[{"href":"https:\/\/tajkertesz.com\/en_US\/wp-json\/wp\/v2\/product\/14971","targetHints":{"allow":["GET"]}}],"collection":[{"href":"https:\/\/tajkertesz.com\/en_US\/wp-json\/wp\/v2\/product"}],"about":[{"href":"https:\/\/tajkertesz.com\/en_US\/wp-json\/wp\/v2\/types\/product"}],"wp:featuredmedia":[{"embeddable":true,"href":"https:\/\/tajkertesz.com\/en_US\/wp-json\/wp\/v2\/media\/14928"}],"wp:attachment":[{"href":"https:\/\/tajkertesz.com\/en_US\/wp-json\/wp\/v2\/media?parent=14971"}],"wp:term":[{"taxonomy":"product_brand","embeddable":true,"href":"https:\/\/tajkertesz.com\/en_US\/wp-json\/wp\/v2\/product_brand?post=14971"},{"taxonomy":"product_cat","embeddable":true,"href":"https:\/\/tajkertesz.com\/en_US\/wp-json\/wp\/v2\/product_cat?post=14971"},{"taxonomy":"product_tag","embeddable":true,"href":"https:\/\/tajkertesz.com\/en_US\/wp-json\/wp\/v2\/product_tag?post=14971"}],"curies":[{"name":"wp","href":"https:\/\/api.w.org\/{rel}","templated":true}]}}