{"id":14975,"date":"2023-01-23T15:28:58","date_gmt":"2023-01-23T15:28:58","guid":{"rendered":"https:\/\/tajkertesz.com\/?post_type=product&#038;p=14975"},"modified":"2026-02-18T14:58:40","modified_gmt":"2026-02-18T14:58:40","slug":"gorogdinnye-vetomag-sugar-baby-2g","status":"publish","type":"product","link":"https:\/\/tajkertesz.com\/en_US\/product\/gorogdinnye-vetomag-sugar-baby-2g\/","title":{"rendered":"G\u00f6r\u00f6gdinnye vet\u0151mag Sugar baby 2g."},"content":{"rendered":"<h2>G\u00f6r\u00f6gdinnye vet\u0151mag Sugar baby 2g.<\/h2>\n<p>G\u00f6r\u00f6gdinnye vet\u0151mag Sugar baby 2g. A legelterjedtebb korai \u00e9r\u00e9s\u0171 fajta. Ind\u00e1ja r\u00f6vid, term\u00e9se 3-4 kg \u00e1tlagt\u00f6meg\u0171, g\u00f6mb alak\u00fa, h\u00e9ja v\u00e9kony, s\u00f6t\u00e9tz\u00f6ld alapon vil\u00e1gosabb m\u00e1rv\u00e1nyozott sz\u00edn\u0171. H\u00fasa \u00e9des, \u00e9l\u00e9nkv\u00f6r\u00f6s, oml\u00f3s, magja apr\u00f3, barna sz\u00edn\u0171, s\u00f6t\u00e9t foltokkal.<\/p>\n<h3>A g\u00f6r\u00f6gdinnye termeszt\u00e9se<\/h3>\n<p>A g\u00f6r\u00f6gdinnye szereti a meleget, ez\u00e9rt lehet\u0151leg napos helyet v\u00e1lasszunk sz\u00e1mukra. \u00a0Nagy a v\u00edzig\u00e9ny\u00fck, emiatt rendszeresen \u00e9s b\u0151s\u00e9gesen \u00f6nt\u00f6zz\u00fck. \u00dcltet\u00e9sn\u00e9l haszn\u00e1ljunk \u00e9rett marhatr\u00e1gy\u00e1t, mivel a dinnye magas t\u00e1panyag\u00fa f\u00f6ldben fejl\u0151dik a legjobban.<\/p>\n<p>Az ide\u00e1lis k\u00f6r\u00fclm\u00e9nyek a dinnye sz\u00e1m\u00e1ra (legal\u00e1bb is a talaj szempontj\u00e1b\u00f3l), a talajt forgassuk \u00e1t egy \u00e1s\u00f3val, majd adjunk hozz\u00e1 komposztot, vagy \u00e9rett marhatr\u00e1gy\u00e1t. \u00a0A dinny\u00e9ket (ak\u00e1r pal\u00e1nt\u00e1k, ak\u00e1r magokr\u00f3l legyen sz\u00f3) a talajon kialak\u00edtott kis f\u00f6lddombocsk\u00e1kba kell el\u00fcltetni. Egy-egy dombba 3-5 mag ker\u00fclj\u00f6n, 2,5 cm m\u00e9lyre \u00e9s nagyj\u00e1b\u00f3l 5 cm t\u00e1vols\u00e1gra egym\u00e1st\u00f3l,\u00a0 pal\u00e1nt\u00e1k eset\u00e9ben is javasolt az 5 cm t\u0151t\u00e1vols\u00e1g.<\/p>\n<p>Nagy v\u00edzig\u00e9ny\u00fck miatt az \u00f6nt\u00f6z\u00e9s a dinnyetermeszt\u00e9s egyik legkritikusabb r\u00e9sze. \u00dcltet\u00e9s el\u0151tt gy\u0151z\u0151dj meg r\u00f3la, hogy a talaj rendesen \u00e1t legyen nedves\u00edtve,\u00a0 \u00fcltet\u00e9s\u00a0ut\u00e1n pedig k\u00e9tnaponta \u00f6nt\u00f6zd meg n\u00f6v\u00e9nyeidet. Ny\u00e1ron t\u00f6bb v\u00edzre lesz sz\u00fcks\u00e9g\u00fck \u2013 ilyenkor nagyon fontos, hogy a talaj ne sz\u00e1radjon ki alattuk teljesen.<\/p>\n<p>\u00c9rdemes h\u00e1romhetente m\u0171tr\u00e1gy\u00e1val t\u00e1pl\u00e1lni a n\u00f6v\u00e9nyeket a teny\u00e9szid\u0151szak alatt. Ezzel lehet biztos\u00edtani, hogy hossz\u00fat\u00e1von eredm\u00e9nyesebb legyen a term\u00e9s\u00fck. Rendszeresen ellen\u0151rizz\u00fck, hogy nem-e t\u00e1madt\u00e1k meg dinny\u00e9ket fert\u0151z\u00e9sek vagy k\u00e1rtev\u0151k. Ezekre \u00e1rulkod\u00f3 jelek a lyukas levelek vagy a foltokban megjelen\u0151 sz\u00ednelv\u00e1ltoz\u00e1sok. A fert\u0151z\u00e9s- \u00e9s k\u00e1rtev\u0151probl\u00e9m\u00e1kat csak term\u00e9szetes m\u00f3dszerekkel aj\u00e1nlott megoldani, tart\u00f3zkodva mindenf\u00e9le vegyszert\u0151l.<\/p>\n<p>R\u00e9dei Kertimag<\/p>\n<table cellspacing=\"0\">\n<tbody>\n<tr>\n<td valign=\"top\">G\u00f6r\u00f6gdinnye\u00a0(Citrullus lanatus)<\/td>\n<\/tr>\n<tr>\n<td colspan=\"2\">\n<table class=\"csoportinfo\" cellspacing=\"0\">\n<tbody>\n<tr class=\"csoportinfofejlec\">\n<td class=\"csoportinfofejlec\" width=\"15%\">magsz\u00e1m\/gramm<\/td>\n<td class=\"csoportinfofejlec\" width=\"19%\">vet\u0151magig\u00e9ny g\/10nm<\/td>\n<td class=\"csoportinfofejlec\" width=\"19%\">vet\u00e9sid\u0151 szabadf\u00f6ldi termeszt\u00e9shez<\/td>\n<td class=\"csoportinfofejlec\" width=\"15%\">vet\u00e9sm\u00e9lys\u00e9g cm<\/td>\n<td class=\"csoportinfofejlec\" width=\"17%\">sor- \u00e9s t\u0151t\u00e1vols\u00e1g cm<\/td>\n<td class=\"csoportinfofejlec\" width=\"15%\">cs\u00edr\u00e1z\u00e1si nap<br \/>\n18-22C fokon<\/td>\n<\/tr>\n<tr class=\"csoportinfotorzs\">\n<td class=\"csoportinfotorzs\">25-30<\/td>\n<td class=\"csoportinfotorzs\">1-1,5<\/td>\n<td class=\"csoportinfotorzs\">IV-V. h\u00f3nap<\/td>\n<td class=\"csoportinfotorzs\">2-3<\/td>\n<td class=\"csoportinfotorzs\">150 x 100<\/td>\n<td class=\"csoportinfotorzs\">8-10 nap<\/td>\n<\/tr>\n<\/tbody>\n<\/table>\n<\/td>\n<\/tr>\n<\/tbody>\n<\/table>\n<p><strong>K\u00e9szlet\u00fcnk napi szinten v\u00e1ltozik, ez\u00e9rt k\u00e9rj\u00fck, \u00e9rdekl\u0151dj\u00f6n szem\u00e9lyesen, telefonon vagy email-en.<br \/>\nA v\u00e1ltoztat\u00e1s jog\u00e1t fenntartjuk!\u00a0<\/strong><\/p>\n<p><a href=\"https:\/\/tajkertesz.com\/\">https:\/\/tajkertesz.com\/<\/a><\/p>\n<p><a href=\"https:\/\/www.facebook.com\/tajkertesz\/\">https:\/\/www.facebook.com\/tajkertesz\/<\/a><\/p>\n<p>Kisz\u00e1ll\u00edt\u00e1s: 200cm-ig \u00a0\u00e9s 40 kg-ig a sz\u00e1ll\u00edt\u00e1s fut\u00e1rszolg\u00e1lattal \u00a0t\u00f6rt\u00e9nik!<\/p>\n<p>Szem\u00e9lyes \u00e1tv\u00e9tel nyitvatart\u00e1si id\u0151ben a 17. ker\u00fclet Bakancsos utca 7. sz\u00e1m alatti Kert\u00e9szeti \u00e1rud\u00e1ban<\/p>\n<p>&nbsp;<\/p>\n<p>Szem\u00e9lyes \u00e1tv\u00e9tel ak\u00e1r a mai napon, vagy h\u00e1zhozsz\u00e1ll\u00edt\u00e1s 1-2 napon bel\u00fcl!<\/p>\n<p>&nbsp;<\/p>\n<p>1173.Bp.Bakancsos u.7.<\/p>\n<p><a href=\"http:\/\/www.tajkertesz.com\">www.tajkertesz.com<\/a><\/p>\n<p>Kert\u00e9szeti kis-\u00e9s nagykeresked\u00e9s<\/p>","protected":false},"excerpt":{"rendered":"<p>G\u00f6r\u00f6gdinnye vet\u0151mag Sugar baby 2g.<\/p>\n<p>SUGAR BABY<br \/>\nKorai \u00e9r\u00e9s\u0171, 3-4 kg \u00e1tlagt\u00f6meg\u0171, g\u00f6mb alak\u00fa term\u00e9st ad\u00f3 fajta. H\u00e9ja s\u00f6t\u00e9tz\u00f6lden m\u00e1rv\u00e1nyozott, h\u00fasa \u00e9l\u00e9nkv\u00f6r\u00f6s.<\/p>","protected":false},"featured_media":14927,"template":"","meta":{"_et_pb_use_builder":"","_et_pb_old_content":"","_et_gb_content_width":""},"product_brand":[],"product_cat":[2881],"product_tag":[4138],"class_list":{"0":"post-14975","1":"product","2":"type-product","3":"status-publish","4":"has-post-thumbnail","6":"product_cat-zoldsegnoveny-vetomagok","7":"product_tag-vetomagok","9":"first","10":"instock","11":"shipping-taxable","12":"purchasable","13":"product-type-simple"},"yoast_head":"<!-- This site is optimized with the Yoast SEO plugin v27.5 - https:\/\/yoast.com\/product\/yoast-seo-wordpress\/ -->\n<title>G\u00f6r\u00f6gdinnye vet\u0151mag Sugar baby 2g. - T\u00e1jkert\u00e9sz<\/title>\n<meta name=\"description\" content=\"G\u00f6r\u00f6gdinnye vet\u0151mag Sugar baby 2g. V\u00e1s\u00e1roljon vet\u0151magokat kert\u00e9szeti web\u00e1ruh\u00e1zunkb\u00f3l h\u00e1zhozsz\u00e1ll\u00edt\u00e1ssal, vagy szem\u00e9lyesen kert\u00e9szet\u00fcnkb\u0151l.\" \/>\n<meta name=\"robots\" content=\"index, follow, max-snippet:-1, max-image-preview:large, max-video-preview:-1\" \/>\n<link rel=\"canonical\" href=\"https:\/\/tajkertesz.com\/en_US\/product\/gorogdinnye-vetomag-sugar-baby-2g\/\" \/>\n<meta property=\"og:locale\" content=\"en_US\" \/>\n<meta property=\"og:type\" content=\"article\" \/>\n<meta property=\"og:title\" content=\"G\u00f6r\u00f6gdinnye vet\u0151mag Sugar baby 2g. - T\u00e1jkert\u00e9sz\" \/>\n<meta property=\"og:description\" content=\"G\u00f6r\u00f6gdinnye vet\u0151mag Sugar baby 2g. V\u00e1s\u00e1roljon vet\u0151magokat kert\u00e9szeti web\u00e1ruh\u00e1zunkb\u00f3l h\u00e1zhozsz\u00e1ll\u00edt\u00e1ssal, vagy szem\u00e9lyesen kert\u00e9szet\u00fcnkb\u0151l.\" \/>\n<meta property=\"og:url\" content=\"https:\/\/tajkertesz.com\/en_US\/product\/gorogdinnye-vetomag-sugar-baby-2g\/\" \/>\n<meta property=\"og:site_name\" content=\"T\u00e1jkert\u00e9sz\" \/>\n<meta property=\"article:publisher\" content=\"https:\/\/www.facebook.com\/Tajkertesz\/\" \/>\n<meta property=\"article:modified_time\" content=\"2026-02-18T14:58:40+00:00\" \/>\n<meta property=\"og:image\" content=\"https:\/\/tajkertesz.com\/wp-content\/uploads\/2023\/01\/20230119_130116-scaled.jpg\" \/>\n\t<meta property=\"og:image:width\" content=\"1462\" \/>\n\t<meta property=\"og:image:height\" content=\"2560\" \/>\n\t<meta property=\"og:image:type\" content=\"image\/jpeg\" \/>\n<meta name=\"twitter:card\" content=\"summary_large_image\" \/>\n<meta name=\"twitter:label1\" content=\"Est. reading time\" \/>\n\t<meta name=\"twitter:data1\" content=\"2 minutes\" \/>\n<script type=\"application\/ld+json\" class=\"yoast-schema-graph\">{\"@context\":\"https:\\\/\\\/schema.org\",\"@graph\":[{\"@type\":\"WebPage\",\"@id\":\"https:\\\/\\\/tajkertesz.com\\\/termek\\\/gorogdinnye-vetomag-sugar-baby-2g\\\/\",\"url\":\"https:\\\/\\\/tajkertesz.com\\\/termek\\\/gorogdinnye-vetomag-sugar-baby-2g\\\/\",\"name\":\"G\u00f6r\u00f6gdinnye vet\u0151mag Sugar baby 2g. - T\u00e1jkert\u00e9sz\",\"isPartOf\":{\"@id\":\"https:\\\/\\\/tajkertesz.com\\\/#website\"},\"primaryImageOfPage\":{\"@id\":\"https:\\\/\\\/tajkertesz.com\\\/termek\\\/gorogdinnye-vetomag-sugar-baby-2g\\\/#primaryimage\"},\"image\":{\"@id\":\"https:\\\/\\\/tajkertesz.com\\\/termek\\\/gorogdinnye-vetomag-sugar-baby-2g\\\/#primaryimage\"},\"thumbnailUrl\":\"https:\\\/\\\/tajkertesz.com\\\/wp-content\\\/uploads\\\/2023\\\/01\\\/20230119_130116-scaled.jpg\",\"datePublished\":\"2023-01-23T15:28:58+00:00\",\"dateModified\":\"2026-02-18T14:58:40+00:00\",\"description\":\"G\u00f6r\u00f6gdinnye vet\u0151mag Sugar baby 2g. V\u00e1s\u00e1roljon vet\u0151magokat kert\u00e9szeti web\u00e1ruh\u00e1zunkb\u00f3l h\u00e1zhozsz\u00e1ll\u00edt\u00e1ssal, vagy szem\u00e9lyesen kert\u00e9szet\u00fcnkb\u0151l.\",\"breadcrumb\":{\"@id\":\"https:\\\/\\\/tajkertesz.com\\\/termek\\\/gorogdinnye-vetomag-sugar-baby-2g\\\/#breadcrumb\"},\"inLanguage\":\"en-US\",\"potentialAction\":[{\"@type\":\"ReadAction\",\"target\":[\"https:\\\/\\\/tajkertesz.com\\\/termek\\\/gorogdinnye-vetomag-sugar-baby-2g\\\/\"]}]},{\"@type\":\"ImageObject\",\"inLanguage\":\"en-US\",\"@id\":\"https:\\\/\\\/tajkertesz.com\\\/termek\\\/gorogdinnye-vetomag-sugar-baby-2g\\\/#primaryimage\",\"url\":\"https:\\\/\\\/tajkertesz.com\\\/wp-content\\\/uploads\\\/2023\\\/01\\\/20230119_130116-scaled.jpg\",\"contentUrl\":\"https:\\\/\\\/tajkertesz.com\\\/wp-content\\\/uploads\\\/2023\\\/01\\\/20230119_130116-scaled.jpg\",\"width\":1462,\"height\":2560},{\"@type\":\"BreadcrumbList\",\"@id\":\"https:\\\/\\\/tajkertesz.com\\\/termek\\\/gorogdinnye-vetomag-sugar-baby-2g\\\/#breadcrumb\",\"itemListElement\":[{\"@type\":\"ListItem\",\"position\":1,\"name\":\"Home\",\"item\":\"https:\\\/\\\/tajkertesz.com\\\/\"},{\"@type\":\"ListItem\",\"position\":2,\"name\":\"Kezd\u0151lap\",\"item\":\"https:\\\/\\\/tajkertesz.com\\\/\"},{\"@type\":\"ListItem\",\"position\":3,\"name\":\"G\u00f6r\u00f6gdinnye vet\u0151mag Sugar baby 2g.\"}]},{\"@type\":\"WebSite\",\"@id\":\"https:\\\/\\\/tajkertesz.com\\\/#website\",\"url\":\"https:\\\/\\\/tajkertesz.com\\\/\",\"name\":\"T\u00e1j-Kert\u00e9sz 84 Kft.\",\"description\":\"Kert\u00e9szeti kis- \u00e9s nagykeresked\u00e9s, D\u00edszn\u00f6v\u00e9ny web\u00e1ruh\u00e1z orsz\u00e1gos h\u00e1zhozsz\u00e1ll\u00edt\u00e1ssal!\",\"publisher\":{\"@id\":\"https:\\\/\\\/tajkertesz.com\\\/#organization\"},\"potentialAction\":[{\"@type\":\"SearchAction\",\"target\":{\"@type\":\"EntryPoint\",\"urlTemplate\":\"https:\\\/\\\/tajkertesz.com\\\/?s={search_term_string}\"},\"query-input\":{\"@type\":\"PropertyValueSpecification\",\"valueRequired\":true,\"valueName\":\"search_term_string\"}}],\"inLanguage\":\"en-US\"},{\"@type\":\"Organization\",\"@id\":\"https:\\\/\\\/tajkertesz.com\\\/#organization\",\"name\":\"T\u00e1j-Kert\u00e9sz 84 Kft.\",\"url\":\"https:\\\/\\\/tajkertesz.com\\\/\",\"logo\":{\"@type\":\"ImageObject\",\"inLanguage\":\"en-US\",\"@id\":\"https:\\\/\\\/tajkertesz.com\\\/#\\\/schema\\\/logo\\\/image\\\/\",\"url\":\"https:\\\/\\\/tajkertesz.com\\\/wp-content\\\/uploads\\\/2018\\\/02\\\/logo-2-e1518678052539.png\",\"contentUrl\":\"https:\\\/\\\/tajkertesz.com\\\/wp-content\\\/uploads\\\/2018\\\/02\\\/logo-2-e1518678052539.png\",\"width\":81,\"height\":140,\"caption\":\"T\u00e1j-Kert\u00e9sz 84 Kft.\"},\"image\":{\"@id\":\"https:\\\/\\\/tajkertesz.com\\\/#\\\/schema\\\/logo\\\/image\\\/\"},\"sameAs\":[\"https:\\\/\\\/www.facebook.com\\\/Tajkertesz\\\/\"]}]}<\/script>\n<!-- \/ Yoast SEO plugin. -->","yoast_head_json":{"title":"G\u00f6r\u00f6gdinnye vet\u0151mag Sugar baby 2g. - T\u00e1jkert\u00e9sz","description":"G\u00f6r\u00f6gdinnye vet\u0151mag Sugar baby 2g. V\u00e1s\u00e1roljon vet\u0151magokat kert\u00e9szeti web\u00e1ruh\u00e1zunkb\u00f3l h\u00e1zhozsz\u00e1ll\u00edt\u00e1ssal, vagy szem\u00e9lyesen kert\u00e9szet\u00fcnkb\u0151l.","robots":{"index":"index","follow":"follow","max-snippet":"max-snippet:-1","max-image-preview":"max-image-preview:large","max-video-preview":"max-video-preview:-1"},"canonical":"https:\/\/tajkertesz.com\/en_US\/product\/gorogdinnye-vetomag-sugar-baby-2g\/","og_locale":"en_US","og_type":"article","og_title":"G\u00f6r\u00f6gdinnye vet\u0151mag Sugar baby 2g. - T\u00e1jkert\u00e9sz","og_description":"G\u00f6r\u00f6gdinnye vet\u0151mag Sugar baby 2g. V\u00e1s\u00e1roljon vet\u0151magokat kert\u00e9szeti web\u00e1ruh\u00e1zunkb\u00f3l h\u00e1zhozsz\u00e1ll\u00edt\u00e1ssal, vagy szem\u00e9lyesen kert\u00e9szet\u00fcnkb\u0151l.","og_url":"https:\/\/tajkertesz.com\/en_US\/product\/gorogdinnye-vetomag-sugar-baby-2g\/","og_site_name":"T\u00e1jkert\u00e9sz","article_publisher":"https:\/\/www.facebook.com\/Tajkertesz\/","article_modified_time":"2026-02-18T14:58:40+00:00","og_image":[{"width":1462,"height":2560,"url":"https:\/\/tajkertesz.com\/wp-content\/uploads\/2023\/01\/20230119_130116-scaled.jpg","type":"image\/jpeg"}],"twitter_card":"summary_large_image","twitter_misc":{"Est. reading time":"2 minutes"},"schema":{"@context":"https:\/\/schema.org","@graph":[{"@type":"WebPage","@id":"https:\/\/tajkertesz.com\/termek\/gorogdinnye-vetomag-sugar-baby-2g\/","url":"https:\/\/tajkertesz.com\/termek\/gorogdinnye-vetomag-sugar-baby-2g\/","name":"G\u00f6r\u00f6gdinnye vet\u0151mag Sugar baby 2g. - T\u00e1jkert\u00e9sz","isPartOf":{"@id":"https:\/\/tajkertesz.com\/#website"},"primaryImageOfPage":{"@id":"https:\/\/tajkertesz.com\/termek\/gorogdinnye-vetomag-sugar-baby-2g\/#primaryimage"},"image":{"@id":"https:\/\/tajkertesz.com\/termek\/gorogdinnye-vetomag-sugar-baby-2g\/#primaryimage"},"thumbnailUrl":"https:\/\/tajkertesz.com\/wp-content\/uploads\/2023\/01\/20230119_130116-scaled.jpg","datePublished":"2023-01-23T15:28:58+00:00","dateModified":"2026-02-18T14:58:40+00:00","description":"G\u00f6r\u00f6gdinnye vet\u0151mag Sugar baby 2g. V\u00e1s\u00e1roljon vet\u0151magokat kert\u00e9szeti web\u00e1ruh\u00e1zunkb\u00f3l h\u00e1zhozsz\u00e1ll\u00edt\u00e1ssal, vagy szem\u00e9lyesen kert\u00e9szet\u00fcnkb\u0151l.","breadcrumb":{"@id":"https:\/\/tajkertesz.com\/termek\/gorogdinnye-vetomag-sugar-baby-2g\/#breadcrumb"},"inLanguage":"en-US","potentialAction":[{"@type":"ReadAction","target":["https:\/\/tajkertesz.com\/termek\/gorogdinnye-vetomag-sugar-baby-2g\/"]}]},{"@type":"ImageObject","inLanguage":"en-US","@id":"https:\/\/tajkertesz.com\/termek\/gorogdinnye-vetomag-sugar-baby-2g\/#primaryimage","url":"https:\/\/tajkertesz.com\/wp-content\/uploads\/2023\/01\/20230119_130116-scaled.jpg","contentUrl":"https:\/\/tajkertesz.com\/wp-content\/uploads\/2023\/01\/20230119_130116-scaled.jpg","width":1462,"height":2560},{"@type":"BreadcrumbList","@id":"https:\/\/tajkertesz.com\/termek\/gorogdinnye-vetomag-sugar-baby-2g\/#breadcrumb","itemListElement":[{"@type":"ListItem","position":1,"name":"Home","item":"https:\/\/tajkertesz.com\/"},{"@type":"ListItem","position":2,"name":"Kezd\u0151lap","item":"https:\/\/tajkertesz.com\/"},{"@type":"ListItem","position":3,"name":"G\u00f6r\u00f6gdinnye vet\u0151mag Sugar baby 2g."}]},{"@type":"WebSite","@id":"https:\/\/tajkertesz.com\/#website","url":"https:\/\/tajkertesz.com\/","name":"T\u00e1j-Kert\u00e9sz 84 Kft.","description":"Kert\u00e9szeti kis- \u00e9s nagykeresked\u00e9s, D\u00edszn\u00f6v\u00e9ny web\u00e1ruh\u00e1z orsz\u00e1gos h\u00e1zhozsz\u00e1ll\u00edt\u00e1ssal!","publisher":{"@id":"https:\/\/tajkertesz.com\/#organization"},"potentialAction":[{"@type":"SearchAction","target":{"@type":"EntryPoint","urlTemplate":"https:\/\/tajkertesz.com\/?s={search_term_string}"},"query-input":{"@type":"PropertyValueSpecification","valueRequired":true,"valueName":"search_term_string"}}],"inLanguage":"en-US"},{"@type":"Organization","@id":"https:\/\/tajkertesz.com\/#organization","name":"T\u00e1j-Kert\u00e9sz 84 Kft.","url":"https:\/\/tajkertesz.com\/","logo":{"@type":"ImageObject","inLanguage":"en-US","@id":"https:\/\/tajkertesz.com\/#\/schema\/logo\/image\/","url":"https:\/\/tajkertesz.com\/wp-content\/uploads\/2018\/02\/logo-2-e1518678052539.png","contentUrl":"https:\/\/tajkertesz.com\/wp-content\/uploads\/2018\/02\/logo-2-e1518678052539.png","width":81,"height":140,"caption":"T\u00e1j-Kert\u00e9sz 84 Kft."},"image":{"@id":"https:\/\/tajkertesz.com\/#\/schema\/logo\/image\/"},"sameAs":["https:\/\/www.facebook.com\/Tajkertesz\/"]}]}},"_links":{"self":[{"href":"https:\/\/tajkertesz.com\/en_US\/wp-json\/wp\/v2\/product\/14975","targetHints":{"allow":["GET"]}}],"collection":[{"href":"https:\/\/tajkertesz.com\/en_US\/wp-json\/wp\/v2\/product"}],"about":[{"href":"https:\/\/tajkertesz.com\/en_US\/wp-json\/wp\/v2\/types\/product"}],"wp:featuredmedia":[{"embeddable":true,"href":"https:\/\/tajkertesz.com\/en_US\/wp-json\/wp\/v2\/media\/14927"}],"wp:attachment":[{"href":"https:\/\/tajkertesz.com\/en_US\/wp-json\/wp\/v2\/media?parent=14975"}],"wp:term":[{"taxonomy":"product_brand","embeddable":true,"href":"https:\/\/tajkertesz.com\/en_US\/wp-json\/wp\/v2\/product_brand?post=14975"},{"taxonomy":"product_cat","embeddable":true,"href":"https:\/\/tajkertesz.com\/en_US\/wp-json\/wp\/v2\/product_cat?post=14975"},{"taxonomy":"product_tag","embeddable":true,"href":"https:\/\/tajkertesz.com\/en_US\/wp-json\/wp\/v2\/product_tag?post=14975"}],"curies":[{"name":"wp","href":"https:\/\/api.w.org\/{rel}","templated":true}]}}