{"id":14976,"date":"2023-01-23T15:35:08","date_gmt":"2023-01-23T15:35:08","guid":{"rendered":"https:\/\/tajkertesz.com\/?post_type=product&#038;p=14976"},"modified":"2026-02-04T11:48:31","modified_gmt":"2026-02-04T11:48:31","slug":"sargadinnye-vetomag-magyar-kincs-2g","status":"publish","type":"product","link":"https:\/\/tajkertesz.com\/en_US\/product\/sargadinnye-vetomag-magyar-kincs-2g\/","title":{"rendered":"S\u00e1rgadinnye vet\u0151mag Magyar kincs 2g."},"content":{"rendered":"<h2>S\u00e1rgadinnye vet\u0151mag Magyar kincs 2g.<\/h2>\n<p>R\u00e9dei Kertimag<\/p>\n<table cellspacing=\"0\">\n<tbody>\n<tr>\n<td valign=\"top\">S\u00e1rgadinnye\u00a0(Cucumis melo)<\/td>\n<\/tr>\n<tr>\n<td colspan=\"2\">\n<table class=\"csoportinfo\" cellspacing=\"0\">\n<tbody>\n<tr class=\"csoportinfofejlec\">\n<td class=\"csoportinfofejlec\" width=\"15%\">magsz\u00e1m\/gramm<\/td>\n<td class=\"csoportinfofejlec\" width=\"19%\">vet\u0151magig\u00e9ny g\/10nm<\/td>\n<td class=\"csoportinfofejlec\" width=\"19%\">vet\u00e9sid\u0151 szabadf\u00f6ldi termeszt\u00e9shez<\/td>\n<td class=\"csoportinfofejlec\" width=\"15%\">vet\u00e9sm\u00e9lys\u00e9g cm<\/td>\n<td class=\"csoportinfofejlec\" width=\"17%\">sor- \u00e9s t\u0151t\u00e1vols\u00e1g cm<\/td>\n<td class=\"csoportinfofejlec\" width=\"15%\">cs\u00edr\u00e1z\u00e1si nap<br \/>\n18-22C fokon<\/td>\n<\/tr>\n<tr class=\"csoportinfotorzs\">\n<td class=\"csoportinfotorzs\">25-30<\/td>\n<td class=\"csoportinfotorzs\">1-1,5<\/td>\n<td class=\"csoportinfotorzs\">IV-V. h\u00f3nap<\/td>\n<td class=\"csoportinfotorzs\">2-3<\/td>\n<td class=\"csoportinfotorzs\">150 x 100<\/td>\n<td class=\"csoportinfotorzs\">8-10 nap<\/td>\n<\/tr>\n<\/tbody>\n<\/table>\n<\/td>\n<\/tr>\n<\/tbody>\n<\/table>\n<p><strong>K\u00e9szlet\u00fcnk napi szinten v\u00e1ltozik, ez\u00e9rt k\u00e9rj\u00fck, \u00e9rdekl\u0151dj\u00f6n szem\u00e9lyesen, telefonon vagy email-en.<br \/>\nA v\u00e1ltoztat\u00e1s jog\u00e1t fenntartjuk!\u00a0<\/strong><\/p>\n<p><a href=\"https:\/\/tajkertesz.com\/\">https:\/\/tajkertesz.com\/<\/a><\/p>\n<p><a href=\"https:\/\/www.facebook.com\/tajkertesz\/\">https:\/\/www.facebook.com\/tajkertesz\/<\/a><\/p>\n<p>Kisz\u00e1ll\u00edt\u00e1s: 200cm-ig \u00a0\u00e9s 40 kg-ig a sz\u00e1ll\u00edt\u00e1s fut\u00e1rszolg\u00e1lattal \u00a0t\u00f6rt\u00e9nik!<\/p>\n<p>Szem\u00e9lyes \u00e1tv\u00e9tel nyitvatart\u00e1si id\u0151ben a 17. ker\u00fclet Bakancsos utca 7. sz\u00e1m alatti Kert\u00e9szeti \u00e1rud\u00e1ban<\/p>\n<p>&nbsp;<\/p>\n<p>Szem\u00e9lyes \u00e1tv\u00e9tel ak\u00e1r a mai napon, vagy h\u00e1zhozsz\u00e1ll\u00edt\u00e1s 1-2 napon bel\u00fcl!<\/p>\n<p>&nbsp;<\/p>\n<p>1173.Bp.Bakancsos u.7.<\/p>\n<p><a href=\"http:\/\/www.tajkertesz.com\">www.tajkertesz.com<\/a><\/p>\n<p>Kert\u00e9szeti kis-\u00e9s nagykeresked\u00e9s<\/p>","protected":false},"excerpt":{"rendered":"<p>S\u00e1rgadinnye vet\u0151mag Magyar kincs 2g.<\/p>\n<p>Magyar kert\u00e9szek \u00e1ltal termesztett fajta, egyik legjobb, legink\u00e1bb elterjedt s\u00e1rgadinny\u00e9nk.<\/p>\n<p>Kor\u00e1n \u00e9rik, j\u00falius m\u00e1sodik fel\u00e9ben m\u00e1r szedik.<\/p>\n<p>Gy\u00fcm\u00f6lcse g\u00f6mb\u00f6ly\u0171, turkeszt\u00e1ni t\u00edpus\u00fa dinnye, \u00e9retten s\u00e1rg\u00e1sz\u00f6ld sz\u00edn\u0171. S\u00falya \u00e1tlagosan 1 kg k\u00f6r\u00fcl van. Puha, olvad\u00e9kony, rendk\u00edv\u00fcl \u00e9des, h\u00fasa z\u00f6ld sz\u00edn\u0171, a mag\u00fcreg k\u00f6r\u00fcl jellegzetesen vil\u00e1gos. Ha egy t\u00f6v\u00f6n 5-6 db-n\u00e1l t\u00f6bb dinnye teremne, meg kell ritk\u00edtani, mert k\u00fcl\u00f6nben apr\u00f3 \u00e9s \u00edzetlen marad, nehezen fejl\u0151dik.<\/p>\n<p>Az eg\u00e9sz orsz\u00e1g ter\u00fclet\u00e9n j\u00f3l termeszthet\u0151, a h\u00e1zikertekbe is aj\u00e1nlott fajta.<\/p>\n<p><strong>Hajt\u00e1srendszere<\/strong>: k\u00f6zepes inda \u00e9s k\u00f6zepes lev\u00e9lzet\u0171 fajta, levelei k\u00f6z\u00e9p z\u00f6ld sz\u00edn\u0171ek.<\/p>\n<p><b>term\u0151k\u00e9pess\u00e9ge: <\/b>k\u00f6zepes n\u00f6veked\u00e9si er\u00e9ly\u0171.<\/p>\n<p>&nbsp;<\/p>","protected":false},"featured_media":14923,"template":"","meta":{"_et_pb_use_builder":"","_et_pb_old_content":"","_et_gb_content_width":""},"product_brand":[],"product_cat":[2881],"product_tag":[4138],"class_list":{"0":"post-14976","1":"product","2":"type-product","3":"status-publish","4":"has-post-thumbnail","6":"product_cat-zoldsegnoveny-vetomagok","7":"product_tag-vetomagok","9":"first","10":"instock","11":"shipping-taxable","12":"purchasable","13":"product-type-simple"},"yoast_head":"<!-- This site is optimized with the Yoast SEO plugin v27.5 - https:\/\/yoast.com\/product\/yoast-seo-wordpress\/ -->\n<title>S\u00e1rgadinnye vet\u0151mag Magyar kincs 2g. - T\u00e1jkert\u00e9sz<\/title>\n<meta name=\"description\" content=\"S\u00e1rgadinnye vet\u0151mag Magyar kincs 2g. V\u00e1s\u00e1roljon vet\u0151magokat kert\u00e9szeti web\u00e1ruh\u00e1zunkb\u00f3l h\u00e1zhozsz\u00e1ll\u00edt\u00e1ssal, vagy szem\u00e9lyesen kert\u00e9szet\u00fcnkb\u0151l\" \/>\n<meta name=\"robots\" content=\"index, follow, max-snippet:-1, max-image-preview:large, max-video-preview:-1\" \/>\n<link rel=\"canonical\" href=\"https:\/\/tajkertesz.com\/en_US\/product\/sargadinnye-vetomag-magyar-kincs-2g\/\" \/>\n<meta property=\"og:locale\" content=\"en_US\" \/>\n<meta property=\"og:type\" content=\"article\" \/>\n<meta property=\"og:title\" content=\"S\u00e1rgadinnye vet\u0151mag Magyar kincs 2g. - T\u00e1jkert\u00e9sz\" \/>\n<meta property=\"og:description\" content=\"S\u00e1rgadinnye vet\u0151mag Magyar kincs 2g. V\u00e1s\u00e1roljon vet\u0151magokat kert\u00e9szeti web\u00e1ruh\u00e1zunkb\u00f3l h\u00e1zhozsz\u00e1ll\u00edt\u00e1ssal, vagy szem\u00e9lyesen kert\u00e9szet\u00fcnkb\u0151l\" \/>\n<meta property=\"og:url\" content=\"https:\/\/tajkertesz.com\/en_US\/product\/sargadinnye-vetomag-magyar-kincs-2g\/\" \/>\n<meta property=\"og:site_name\" content=\"T\u00e1jkert\u00e9sz\" \/>\n<meta property=\"article:publisher\" content=\"https:\/\/www.facebook.com\/Tajkertesz\/\" \/>\n<meta property=\"article:modified_time\" content=\"2026-02-04T11:48:31+00:00\" \/>\n<meta property=\"og:image\" content=\"https:\/\/tajkertesz.com\/wp-content\/uploads\/2023\/01\/20230119_130041-scaled.jpg\" \/>\n\t<meta property=\"og:image:width\" content=\"1464\" \/>\n\t<meta property=\"og:image:height\" content=\"2560\" \/>\n\t<meta property=\"og:image:type\" content=\"image\/jpeg\" \/>\n<meta name=\"twitter:card\" content=\"summary_large_image\" \/>\n<meta name=\"twitter:label1\" content=\"Est. reading time\" \/>\n\t<meta name=\"twitter:data1\" content=\"1 minute\" \/>\n<script type=\"application\/ld+json\" class=\"yoast-schema-graph\">{\"@context\":\"https:\\\/\\\/schema.org\",\"@graph\":[{\"@type\":\"WebPage\",\"@id\":\"https:\\\/\\\/tajkertesz.com\\\/termek\\\/sargadinnye-vetomag-magyar-kincs-2g\\\/\",\"url\":\"https:\\\/\\\/tajkertesz.com\\\/termek\\\/sargadinnye-vetomag-magyar-kincs-2g\\\/\",\"name\":\"S\u00e1rgadinnye vet\u0151mag Magyar kincs 2g. - T\u00e1jkert\u00e9sz\",\"isPartOf\":{\"@id\":\"https:\\\/\\\/tajkertesz.com\\\/#website\"},\"primaryImageOfPage\":{\"@id\":\"https:\\\/\\\/tajkertesz.com\\\/termek\\\/sargadinnye-vetomag-magyar-kincs-2g\\\/#primaryimage\"},\"image\":{\"@id\":\"https:\\\/\\\/tajkertesz.com\\\/termek\\\/sargadinnye-vetomag-magyar-kincs-2g\\\/#primaryimage\"},\"thumbnailUrl\":\"https:\\\/\\\/tajkertesz.com\\\/wp-content\\\/uploads\\\/2023\\\/01\\\/20230119_130041-scaled.jpg\",\"datePublished\":\"2023-01-23T15:35:08+00:00\",\"dateModified\":\"2026-02-04T11:48:31+00:00\",\"description\":\"S\u00e1rgadinnye vet\u0151mag Magyar kincs 2g. V\u00e1s\u00e1roljon vet\u0151magokat kert\u00e9szeti web\u00e1ruh\u00e1zunkb\u00f3l h\u00e1zhozsz\u00e1ll\u00edt\u00e1ssal, vagy szem\u00e9lyesen kert\u00e9szet\u00fcnkb\u0151l\",\"breadcrumb\":{\"@id\":\"https:\\\/\\\/tajkertesz.com\\\/termek\\\/sargadinnye-vetomag-magyar-kincs-2g\\\/#breadcrumb\"},\"inLanguage\":\"en-US\",\"potentialAction\":[{\"@type\":\"ReadAction\",\"target\":[\"https:\\\/\\\/tajkertesz.com\\\/termek\\\/sargadinnye-vetomag-magyar-kincs-2g\\\/\"]}]},{\"@type\":\"ImageObject\",\"inLanguage\":\"en-US\",\"@id\":\"https:\\\/\\\/tajkertesz.com\\\/termek\\\/sargadinnye-vetomag-magyar-kincs-2g\\\/#primaryimage\",\"url\":\"https:\\\/\\\/tajkertesz.com\\\/wp-content\\\/uploads\\\/2023\\\/01\\\/20230119_130041-scaled.jpg\",\"contentUrl\":\"https:\\\/\\\/tajkertesz.com\\\/wp-content\\\/uploads\\\/2023\\\/01\\\/20230119_130041-scaled.jpg\",\"width\":1464,\"height\":2560},{\"@type\":\"BreadcrumbList\",\"@id\":\"https:\\\/\\\/tajkertesz.com\\\/termek\\\/sargadinnye-vetomag-magyar-kincs-2g\\\/#breadcrumb\",\"itemListElement\":[{\"@type\":\"ListItem\",\"position\":1,\"name\":\"Home\",\"item\":\"https:\\\/\\\/tajkertesz.com\\\/\"},{\"@type\":\"ListItem\",\"position\":2,\"name\":\"Kezd\u0151lap\",\"item\":\"https:\\\/\\\/tajkertesz.com\\\/\"},{\"@type\":\"ListItem\",\"position\":3,\"name\":\"S\u00e1rgadinnye vet\u0151mag Magyar kincs 2g.\"}]},{\"@type\":\"WebSite\",\"@id\":\"https:\\\/\\\/tajkertesz.com\\\/#website\",\"url\":\"https:\\\/\\\/tajkertesz.com\\\/\",\"name\":\"T\u00e1j-Kert\u00e9sz 84 Kft.\",\"description\":\"Kert\u00e9szeti kis- \u00e9s nagykeresked\u00e9s, D\u00edszn\u00f6v\u00e9ny web\u00e1ruh\u00e1z orsz\u00e1gos h\u00e1zhozsz\u00e1ll\u00edt\u00e1ssal!\",\"publisher\":{\"@id\":\"https:\\\/\\\/tajkertesz.com\\\/#organization\"},\"potentialAction\":[{\"@type\":\"SearchAction\",\"target\":{\"@type\":\"EntryPoint\",\"urlTemplate\":\"https:\\\/\\\/tajkertesz.com\\\/?s={search_term_string}\"},\"query-input\":{\"@type\":\"PropertyValueSpecification\",\"valueRequired\":true,\"valueName\":\"search_term_string\"}}],\"inLanguage\":\"en-US\"},{\"@type\":\"Organization\",\"@id\":\"https:\\\/\\\/tajkertesz.com\\\/#organization\",\"name\":\"T\u00e1j-Kert\u00e9sz 84 Kft.\",\"url\":\"https:\\\/\\\/tajkertesz.com\\\/\",\"logo\":{\"@type\":\"ImageObject\",\"inLanguage\":\"en-US\",\"@id\":\"https:\\\/\\\/tajkertesz.com\\\/#\\\/schema\\\/logo\\\/image\\\/\",\"url\":\"https:\\\/\\\/tajkertesz.com\\\/wp-content\\\/uploads\\\/2018\\\/02\\\/logo-2-e1518678052539.png\",\"contentUrl\":\"https:\\\/\\\/tajkertesz.com\\\/wp-content\\\/uploads\\\/2018\\\/02\\\/logo-2-e1518678052539.png\",\"width\":81,\"height\":140,\"caption\":\"T\u00e1j-Kert\u00e9sz 84 Kft.\"},\"image\":{\"@id\":\"https:\\\/\\\/tajkertesz.com\\\/#\\\/schema\\\/logo\\\/image\\\/\"},\"sameAs\":[\"https:\\\/\\\/www.facebook.com\\\/Tajkertesz\\\/\"]}]}<\/script>\n<!-- \/ Yoast SEO plugin. -->","yoast_head_json":{"title":"S\u00e1rgadinnye vet\u0151mag Magyar kincs 2g. - T\u00e1jkert\u00e9sz","description":"S\u00e1rgadinnye vet\u0151mag Magyar kincs 2g. V\u00e1s\u00e1roljon vet\u0151magokat kert\u00e9szeti web\u00e1ruh\u00e1zunkb\u00f3l h\u00e1zhozsz\u00e1ll\u00edt\u00e1ssal, vagy szem\u00e9lyesen kert\u00e9szet\u00fcnkb\u0151l","robots":{"index":"index","follow":"follow","max-snippet":"max-snippet:-1","max-image-preview":"max-image-preview:large","max-video-preview":"max-video-preview:-1"},"canonical":"https:\/\/tajkertesz.com\/en_US\/product\/sargadinnye-vetomag-magyar-kincs-2g\/","og_locale":"en_US","og_type":"article","og_title":"S\u00e1rgadinnye vet\u0151mag Magyar kincs 2g. - T\u00e1jkert\u00e9sz","og_description":"S\u00e1rgadinnye vet\u0151mag Magyar kincs 2g. V\u00e1s\u00e1roljon vet\u0151magokat kert\u00e9szeti web\u00e1ruh\u00e1zunkb\u00f3l h\u00e1zhozsz\u00e1ll\u00edt\u00e1ssal, vagy szem\u00e9lyesen kert\u00e9szet\u00fcnkb\u0151l","og_url":"https:\/\/tajkertesz.com\/en_US\/product\/sargadinnye-vetomag-magyar-kincs-2g\/","og_site_name":"T\u00e1jkert\u00e9sz","article_publisher":"https:\/\/www.facebook.com\/Tajkertesz\/","article_modified_time":"2026-02-04T11:48:31+00:00","og_image":[{"width":1464,"height":2560,"url":"https:\/\/tajkertesz.com\/wp-content\/uploads\/2023\/01\/20230119_130041-scaled.jpg","type":"image\/jpeg"}],"twitter_card":"summary_large_image","twitter_misc":{"Est. reading time":"1 minute"},"schema":{"@context":"https:\/\/schema.org","@graph":[{"@type":"WebPage","@id":"https:\/\/tajkertesz.com\/termek\/sargadinnye-vetomag-magyar-kincs-2g\/","url":"https:\/\/tajkertesz.com\/termek\/sargadinnye-vetomag-magyar-kincs-2g\/","name":"S\u00e1rgadinnye vet\u0151mag Magyar kincs 2g. - T\u00e1jkert\u00e9sz","isPartOf":{"@id":"https:\/\/tajkertesz.com\/#website"},"primaryImageOfPage":{"@id":"https:\/\/tajkertesz.com\/termek\/sargadinnye-vetomag-magyar-kincs-2g\/#primaryimage"},"image":{"@id":"https:\/\/tajkertesz.com\/termek\/sargadinnye-vetomag-magyar-kincs-2g\/#primaryimage"},"thumbnailUrl":"https:\/\/tajkertesz.com\/wp-content\/uploads\/2023\/01\/20230119_130041-scaled.jpg","datePublished":"2023-01-23T15:35:08+00:00","dateModified":"2026-02-04T11:48:31+00:00","description":"S\u00e1rgadinnye vet\u0151mag Magyar kincs 2g. V\u00e1s\u00e1roljon vet\u0151magokat kert\u00e9szeti web\u00e1ruh\u00e1zunkb\u00f3l h\u00e1zhozsz\u00e1ll\u00edt\u00e1ssal, vagy szem\u00e9lyesen kert\u00e9szet\u00fcnkb\u0151l","breadcrumb":{"@id":"https:\/\/tajkertesz.com\/termek\/sargadinnye-vetomag-magyar-kincs-2g\/#breadcrumb"},"inLanguage":"en-US","potentialAction":[{"@type":"ReadAction","target":["https:\/\/tajkertesz.com\/termek\/sargadinnye-vetomag-magyar-kincs-2g\/"]}]},{"@type":"ImageObject","inLanguage":"en-US","@id":"https:\/\/tajkertesz.com\/termek\/sargadinnye-vetomag-magyar-kincs-2g\/#primaryimage","url":"https:\/\/tajkertesz.com\/wp-content\/uploads\/2023\/01\/20230119_130041-scaled.jpg","contentUrl":"https:\/\/tajkertesz.com\/wp-content\/uploads\/2023\/01\/20230119_130041-scaled.jpg","width":1464,"height":2560},{"@type":"BreadcrumbList","@id":"https:\/\/tajkertesz.com\/termek\/sargadinnye-vetomag-magyar-kincs-2g\/#breadcrumb","itemListElement":[{"@type":"ListItem","position":1,"name":"Home","item":"https:\/\/tajkertesz.com\/"},{"@type":"ListItem","position":2,"name":"Kezd\u0151lap","item":"https:\/\/tajkertesz.com\/"},{"@type":"ListItem","position":3,"name":"S\u00e1rgadinnye vet\u0151mag Magyar kincs 2g."}]},{"@type":"WebSite","@id":"https:\/\/tajkertesz.com\/#website","url":"https:\/\/tajkertesz.com\/","name":"T\u00e1j-Kert\u00e9sz 84 Kft.","description":"Kert\u00e9szeti kis- \u00e9s nagykeresked\u00e9s, D\u00edszn\u00f6v\u00e9ny web\u00e1ruh\u00e1z orsz\u00e1gos h\u00e1zhozsz\u00e1ll\u00edt\u00e1ssal!","publisher":{"@id":"https:\/\/tajkertesz.com\/#organization"},"potentialAction":[{"@type":"SearchAction","target":{"@type":"EntryPoint","urlTemplate":"https:\/\/tajkertesz.com\/?s={search_term_string}"},"query-input":{"@type":"PropertyValueSpecification","valueRequired":true,"valueName":"search_term_string"}}],"inLanguage":"en-US"},{"@type":"Organization","@id":"https:\/\/tajkertesz.com\/#organization","name":"T\u00e1j-Kert\u00e9sz 84 Kft.","url":"https:\/\/tajkertesz.com\/","logo":{"@type":"ImageObject","inLanguage":"en-US","@id":"https:\/\/tajkertesz.com\/#\/schema\/logo\/image\/","url":"https:\/\/tajkertesz.com\/wp-content\/uploads\/2018\/02\/logo-2-e1518678052539.png","contentUrl":"https:\/\/tajkertesz.com\/wp-content\/uploads\/2018\/02\/logo-2-e1518678052539.png","width":81,"height":140,"caption":"T\u00e1j-Kert\u00e9sz 84 Kft."},"image":{"@id":"https:\/\/tajkertesz.com\/#\/schema\/logo\/image\/"},"sameAs":["https:\/\/www.facebook.com\/Tajkertesz\/"]}]}},"_links":{"self":[{"href":"https:\/\/tajkertesz.com\/en_US\/wp-json\/wp\/v2\/product\/14976","targetHints":{"allow":["GET"]}}],"collection":[{"href":"https:\/\/tajkertesz.com\/en_US\/wp-json\/wp\/v2\/product"}],"about":[{"href":"https:\/\/tajkertesz.com\/en_US\/wp-json\/wp\/v2\/types\/product"}],"wp:featuredmedia":[{"embeddable":true,"href":"https:\/\/tajkertesz.com\/en_US\/wp-json\/wp\/v2\/media\/14923"}],"wp:attachment":[{"href":"https:\/\/tajkertesz.com\/en_US\/wp-json\/wp\/v2\/media?parent=14976"}],"wp:term":[{"taxonomy":"product_brand","embeddable":true,"href":"https:\/\/tajkertesz.com\/en_US\/wp-json\/wp\/v2\/product_brand?post=14976"},{"taxonomy":"product_cat","embeddable":true,"href":"https:\/\/tajkertesz.com\/en_US\/wp-json\/wp\/v2\/product_cat?post=14976"},{"taxonomy":"product_tag","embeddable":true,"href":"https:\/\/tajkertesz.com\/en_US\/wp-json\/wp\/v2\/product_tag?post=14976"}],"curies":[{"name":"wp","href":"https:\/\/api.w.org\/{rel}","templated":true}]}}