{"id":14977,"date":"2023-01-23T15:37:57","date_gmt":"2023-01-23T15:37:57","guid":{"rendered":"https:\/\/tajkertesz.com\/?post_type=product&#038;p=14977"},"modified":"2026-02-18T14:58:47","modified_gmt":"2026-02-18T14:58:47","slug":"sargadinnye-vetomag-ananasz-2g","status":"publish","type":"product","link":"https:\/\/tajkertesz.com\/en_US\/product\/sargadinnye-vetomag-ananasz-2g\/","title":{"rendered":"S\u00e1rgadinnye vet\u0151mag Anan\u00e1sz 2g."},"content":{"rendered":"<h2>S\u00e1rgadinnye vet\u0151mag Anan\u00e1sz 2g.<\/h2>\n<p>S\u00e1rgadinnye vet\u0151mag Anan\u00e1sz 2g. Igen korai, j\u00f3 term\u0151k\u00e9pess\u00e9g\u0171, k\u00f6z\u00e9per\u0151s n\u00f6veked\u00e9s\u0171 fajta. Term\u00e9se ov\u00e1lis, fel\u00fclete finoman cserzett. H\u00e9ja vastag, \u00e9retten ez\u00fcst\u00f6sen s\u00e1rga sz\u00edn\u0171. H\u00fasa kr\u00e9ms\u00e1rga, k\u00f6zepesen kem\u00e9ny \u00e1llom\u00e1ny\u00fa. A term\u00e9s \u00e1tlagt\u00f6mege 1-1,3 kg.<\/p>\n<p>R\u00e9dei Kertimag<\/p>\n<p><strong>S\u00e1rgadinnye termeszt\u00e9se<\/strong><\/p>\n<p>A n\u00f6v\u00e9nyek kiel\u00e9g\u00edt\u0151 fejl\u0151d\u00e9s\u00e9hez legal\u00e1bb 20\u00b0 C-os \u00e1lland\u00f3 h\u0151m\u00e9rs\u00e9kletre van sz\u00fcks\u00e9g, emiatt m\u00e1jus m\u00e1sodik fel\u00e9ben vess\u00fck el a magokat. Ha \u00fcvegh\u00e1zban m\u00e1r kora tavasszal is tudjuk biztos\u00edtani a megfelel\u0151 felt\u00e9teleket, term\u00e9szetesen hamarabb is elvethetj\u00fck a dinnyemagokat, ebben a szerencs\u00e9s esetben hamarabb is sz\u00fcretelhet\u00fcnk. \u00c1ltal\u00e1ban az \u00fcvegh\u00e1zakban korl\u00e1tozott ter\u00fclet \u00e1ll rendelkez\u00e9s\u00fcnkre, \u00e9s f\u00e9l\u0151, hogy n\u00f6v\u00e9ny\u00fcnk t\u00fal sok helyet k\u00f6vetel mag\u00e1nak, ez\u00e9rt futtassuk t\u00e1maszt\u00e9k mell\u00e9.<\/p>\n<p>A dinnyepal\u00e1nt\u00e1k ki\u00fcltet\u00e9s\u00e9vel v\u00e1rjuk meg a m\u00e1jus v\u00e9g\u00e9t! \u00dcltet\u00e9skor k\u00e9sz\u00edts\u00fcnk egy nagyobb t\u00e1ny\u00e9rt a n\u00f6v\u00e9ny k\u00f6r\u00e9.<\/p>\n<p>Ahhoz, hogy j\u00f3 form\u00e1j\u00fa, sz\u00e9p \u00e9s \u00e9des dinny\u00e9ink legyenek, korl\u00e1toznunk kell a n\u00f6v\u00e9ny n\u00f6veked\u00e9s\u00e9t: a m\u00e1sodik lev\u00e9l f\u00f6l\u00f6tt cs\u00edpj\u00fck ki a f\u0151hajt\u00e1st,\u00a0\u00e9s t\u00e1vol\u00edtsuk el a harmadik lev\u00e9l f\u00f6l\u00f6tt megjelen\u0151 hajt\u00e1sokat is, majd amikor a term\u00e9sek megjelennek, cs\u00edpj\u00fck ki a sz\u00e1rakat k\u00e9t lev\u00e9llel f\u00f6l\u00f6tt\u00fck.<\/p>\n<p>C\u00e9lszer\u0171 f\u00e1b\u00f3l \u00e1csolni neki t\u00e1maszt\u00e9kot, mert a dinnyeterm\u00e9s nagy s\u00falya miatt leszakadna a sz\u00e1rr\u00f3l. Ezt elker\u00fclend\u0151 h\u00e1l\u00f3kba f\u00fcggeszthetj\u00fck a dinny\u00e9ket, a h\u00e1l\u00f3t pedig a sz\u00f6gekre akasztjuk, amit a t\u00e1maszt\u00e9kba \u00fct\u00fcnk.<\/p>\n<p>A dinny\u00e9t rendszeresen \u00e9s b\u0151s\u00e9gesen kell locsolni. Nagyon sok t\u00e1panyagot ig\u00e9nyel, haszn\u00e1ljunk magn\u00e9ziummal d\u00fas\u00edtott paradicsom-t\u00e1poldatot.<\/p>\n<p>A dinny\u00e9k nem k\u00e9pesek ut\u00f3\u00e9r\u00e9sre, a kor\u00e1n leszedettek \u00edzetlenek maradnak, a k\u00e9sei szed\u00e9sek pedig t\u00fal\u00e9rnek.<\/p>\n<p><strong>A megfelel\u0151 \u00e9retts\u00e9g jelei a k\u00f6vetkez\u0151k:<\/strong><\/p>\n<ul>\n<li>a term\u00e9s el\u00e9ri a fajt\u00e1ra jellemz\u0151 nagys\u00e1got, sz\u00edn\u00e1rnyalatot<\/li>\n<li>kellemes illatot \u00e1raszt<\/li>\n<li>a term\u00e9st kopogtatva jellegzetes kong\u00f3 hangot ad,<\/li>\n<li>a term\u00e9shez legk\u00f6zelebb es\u0151 kacs elsz\u00e1rad<\/li>\n<li>az \u00e9rett term\u00e9sen a hajnali \u00f3r\u00e1kban er\u0151sebb a p\u00e1rakicsap\u00f3d\u00e1s<\/li>\n<\/ul>\n<table cellspacing=\"0\">\n<tbody>\n<tr>\n<td valign=\"top\">S\u00e1rgadinnye\u00a0(Cucumis melo)<\/td>\n<\/tr>\n<tr>\n<td colspan=\"2\">\n<table class=\"csoportinfo\" cellspacing=\"0\">\n<tbody>\n<tr class=\"csoportinfofejlec\">\n<td class=\"csoportinfofejlec\" width=\"15%\">magsz\u00e1m\/gramm<\/td>\n<td class=\"csoportinfofejlec\" width=\"19%\">vet\u0151magig\u00e9ny g\/10nm<\/td>\n<td class=\"csoportinfofejlec\" width=\"19%\">vet\u00e9sid\u0151 szabadf\u00f6ldi termeszt\u00e9shez<\/td>\n<td class=\"csoportinfofejlec\" width=\"15%\">vet\u00e9sm\u00e9lys\u00e9g cm<\/td>\n<td class=\"csoportinfofejlec\" width=\"17%\">sor- \u00e9s t\u0151t\u00e1vols\u00e1g cm<\/td>\n<td class=\"csoportinfofejlec\" width=\"15%\">cs\u00edr\u00e1z\u00e1si nap<br \/>\n18-22C fokon<\/td>\n<\/tr>\n<tr class=\"csoportinfotorzs\">\n<td class=\"csoportinfotorzs\">25-30<\/td>\n<td class=\"csoportinfotorzs\">1-1,5<\/td>\n<td class=\"csoportinfotorzs\">IV-V. h\u00f3nap<\/td>\n<td class=\"csoportinfotorzs\">2-3<\/td>\n<td class=\"csoportinfotorzs\">150 x 100<\/td>\n<td class=\"csoportinfotorzs\">8-10 nap<\/td>\n<\/tr>\n<\/tbody>\n<\/table>\n<\/td>\n<\/tr>\n<\/tbody>\n<\/table>\n<p>&nbsp;<\/p>\n<p><strong>K\u00e9szlet\u00fcnk napi szinten v\u00e1ltozik, ez\u00e9rt k\u00e9rj\u00fck, \u00e9rdekl\u0151dj\u00f6n szem\u00e9lyesen, telefonon vagy email-en.<br \/>\nA v\u00e1ltoztat\u00e1s jog\u00e1t fenntartjuk!\u00a0<\/strong><\/p>\n<p><a href=\"https:\/\/tajkertesz.com\/\">https:\/\/tajkertesz.com\/<\/a><\/p>\n<p><a href=\"https:\/\/www.facebook.com\/tajkertesz\/\">https:\/\/www.facebook.com\/tajkertesz\/<\/a><\/p>\n<p>Kisz\u00e1ll\u00edt\u00e1s: 200cm-ig \u00a0\u00e9s 40 kg-ig a sz\u00e1ll\u00edt\u00e1s fut\u00e1rszolg\u00e1lattal \u00a0t\u00f6rt\u00e9nik!<\/p>\n<p>Szem\u00e9lyes \u00e1tv\u00e9tel nyitvatart\u00e1si id\u0151ben a 17. ker\u00fclet Bakancsos utca 7. sz\u00e1m alatti Kert\u00e9szeti \u00e1rud\u00e1ban<\/p>\n<p>&nbsp;<\/p>\n<p>Szem\u00e9lyes \u00e1tv\u00e9tel ak\u00e1r a mai napon, vagy h\u00e1zhozsz\u00e1ll\u00edt\u00e1s 1-2 napon bel\u00fcl!<\/p>\n<p>&nbsp;<\/p>\n<p>1173.Bp.Bakancsos u.7.<\/p>\n<p><a href=\"http:\/\/www.tajkertesz.com\">www.tajkertesz.com<\/a><\/p>\n<p>Kert\u00e9szeti kis-\u00e9s nagykeresked\u00e9s<\/p>\n<p>&nbsp;<\/p>","protected":false},"excerpt":{"rendered":"<p>S\u00e1rgadinnye vet\u0151mag Anan\u00e1sz 2g.<\/p>\n<div>ANAN\u00c1SZ<\/div>\n<div>R\u00f6vid teny\u00e9szidej\u0171, f\u00f3lia alatti termeszt\u00e9sre is aj\u00e1nlott fajta. H\u00e9ja ez\u00fcst\u00f6s s\u00e1rga, r\u00fccsk\u00f6s, h\u00fasa s\u00e1rga.<\/div>","protected":false},"featured_media":14921,"template":"","meta":{"_et_pb_use_builder":"","_et_pb_old_content":"","_et_gb_content_width":""},"product_brand":[],"product_cat":[2881],"product_tag":[4138],"class_list":{"0":"post-14977","1":"product","2":"type-product","3":"status-publish","4":"has-post-thumbnail","6":"product_cat-zoldsegnoveny-vetomagok","7":"product_tag-vetomagok","9":"first","10":"instock","11":"shipping-taxable","12":"purchasable","13":"product-type-simple"},"yoast_head":"<!-- This site is optimized with the Yoast SEO plugin v27.5 - https:\/\/yoast.com\/product\/yoast-seo-wordpress\/ -->\n<title>S\u00e1rgadinnye vet\u0151mag Anan\u00e1sz 2g. - T\u00e1jkert\u00e9sz<\/title>\n<meta name=\"description\" content=\"S\u00e1rgadinnye vet\u0151mag Anan\u00e1sz 2g. V\u00e1s\u00e1roljon vet\u0151magokat kert\u00e9szeti web\u00e1ruh\u00e1zunkb\u00f3l h\u00e1zhozsz\u00e1ll\u00edt\u00e1ssal, vagy szem\u00e9lyesen kert\u00e9szet\u00fcnkb\u0151l\" \/>\n<meta name=\"robots\" content=\"index, follow, max-snippet:-1, max-image-preview:large, max-video-preview:-1\" \/>\n<link rel=\"canonical\" href=\"https:\/\/tajkertesz.com\/en_US\/product\/sargadinnye-vetomag-ananasz-2g\/\" \/>\n<meta property=\"og:locale\" content=\"en_US\" \/>\n<meta property=\"og:type\" content=\"article\" \/>\n<meta property=\"og:title\" content=\"S\u00e1rgadinnye vet\u0151mag Anan\u00e1sz 2g. - T\u00e1jkert\u00e9sz\" \/>\n<meta property=\"og:description\" content=\"S\u00e1rgadinnye vet\u0151mag Anan\u00e1sz 2g. V\u00e1s\u00e1roljon vet\u0151magokat kert\u00e9szeti web\u00e1ruh\u00e1zunkb\u00f3l h\u00e1zhozsz\u00e1ll\u00edt\u00e1ssal, vagy szem\u00e9lyesen kert\u00e9szet\u00fcnkb\u0151l\" \/>\n<meta property=\"og:url\" content=\"https:\/\/tajkertesz.com\/en_US\/product\/sargadinnye-vetomag-ananasz-2g\/\" \/>\n<meta property=\"og:site_name\" content=\"T\u00e1jkert\u00e9sz\" \/>\n<meta property=\"article:publisher\" content=\"https:\/\/www.facebook.com\/Tajkertesz\/\" \/>\n<meta property=\"article:modified_time\" content=\"2026-02-18T14:58:47+00:00\" \/>\n<meta property=\"og:image\" content=\"https:\/\/tajkertesz.com\/wp-content\/uploads\/2023\/01\/20230119_130026-scaled.jpg\" \/>\n\t<meta property=\"og:image:width\" content=\"1392\" \/>\n\t<meta property=\"og:image:height\" content=\"2560\" \/>\n\t<meta property=\"og:image:type\" content=\"image\/jpeg\" \/>\n<meta name=\"twitter:card\" content=\"summary_large_image\" \/>\n<meta name=\"twitter:label1\" content=\"Est. reading time\" \/>\n\t<meta name=\"twitter:data1\" content=\"3 minutes\" \/>\n<script type=\"application\/ld+json\" class=\"yoast-schema-graph\">{\"@context\":\"https:\\\/\\\/schema.org\",\"@graph\":[{\"@type\":\"WebPage\",\"@id\":\"https:\\\/\\\/tajkertesz.com\\\/termek\\\/sargadinnye-vetomag-ananasz-2g\\\/\",\"url\":\"https:\\\/\\\/tajkertesz.com\\\/termek\\\/sargadinnye-vetomag-ananasz-2g\\\/\",\"name\":\"S\u00e1rgadinnye vet\u0151mag Anan\u00e1sz 2g. - T\u00e1jkert\u00e9sz\",\"isPartOf\":{\"@id\":\"https:\\\/\\\/tajkertesz.com\\\/#website\"},\"primaryImageOfPage\":{\"@id\":\"https:\\\/\\\/tajkertesz.com\\\/termek\\\/sargadinnye-vetomag-ananasz-2g\\\/#primaryimage\"},\"image\":{\"@id\":\"https:\\\/\\\/tajkertesz.com\\\/termek\\\/sargadinnye-vetomag-ananasz-2g\\\/#primaryimage\"},\"thumbnailUrl\":\"https:\\\/\\\/tajkertesz.com\\\/wp-content\\\/uploads\\\/2023\\\/01\\\/20230119_130026-scaled.jpg\",\"datePublished\":\"2023-01-23T15:37:57+00:00\",\"dateModified\":\"2026-02-18T14:58:47+00:00\",\"description\":\"S\u00e1rgadinnye vet\u0151mag Anan\u00e1sz 2g. V\u00e1s\u00e1roljon vet\u0151magokat kert\u00e9szeti web\u00e1ruh\u00e1zunkb\u00f3l h\u00e1zhozsz\u00e1ll\u00edt\u00e1ssal, vagy szem\u00e9lyesen kert\u00e9szet\u00fcnkb\u0151l\",\"breadcrumb\":{\"@id\":\"https:\\\/\\\/tajkertesz.com\\\/termek\\\/sargadinnye-vetomag-ananasz-2g\\\/#breadcrumb\"},\"inLanguage\":\"en-US\",\"potentialAction\":[{\"@type\":\"ReadAction\",\"target\":[\"https:\\\/\\\/tajkertesz.com\\\/termek\\\/sargadinnye-vetomag-ananasz-2g\\\/\"]}]},{\"@type\":\"ImageObject\",\"inLanguage\":\"en-US\",\"@id\":\"https:\\\/\\\/tajkertesz.com\\\/termek\\\/sargadinnye-vetomag-ananasz-2g\\\/#primaryimage\",\"url\":\"https:\\\/\\\/tajkertesz.com\\\/wp-content\\\/uploads\\\/2023\\\/01\\\/20230119_130026-scaled.jpg\",\"contentUrl\":\"https:\\\/\\\/tajkertesz.com\\\/wp-content\\\/uploads\\\/2023\\\/01\\\/20230119_130026-scaled.jpg\",\"width\":1392,\"height\":2560},{\"@type\":\"BreadcrumbList\",\"@id\":\"https:\\\/\\\/tajkertesz.com\\\/termek\\\/sargadinnye-vetomag-ananasz-2g\\\/#breadcrumb\",\"itemListElement\":[{\"@type\":\"ListItem\",\"position\":1,\"name\":\"Home\",\"item\":\"https:\\\/\\\/tajkertesz.com\\\/\"},{\"@type\":\"ListItem\",\"position\":2,\"name\":\"Kezd\u0151lap\",\"item\":\"https:\\\/\\\/tajkertesz.com\\\/\"},{\"@type\":\"ListItem\",\"position\":3,\"name\":\"S\u00e1rgadinnye vet\u0151mag Anan\u00e1sz 2g.\"}]},{\"@type\":\"WebSite\",\"@id\":\"https:\\\/\\\/tajkertesz.com\\\/#website\",\"url\":\"https:\\\/\\\/tajkertesz.com\\\/\",\"name\":\"T\u00e1j-Kert\u00e9sz 84 Kft.\",\"description\":\"Kert\u00e9szeti kis- \u00e9s nagykeresked\u00e9s, D\u00edszn\u00f6v\u00e9ny web\u00e1ruh\u00e1z orsz\u00e1gos h\u00e1zhozsz\u00e1ll\u00edt\u00e1ssal!\",\"publisher\":{\"@id\":\"https:\\\/\\\/tajkertesz.com\\\/#organization\"},\"potentialAction\":[{\"@type\":\"SearchAction\",\"target\":{\"@type\":\"EntryPoint\",\"urlTemplate\":\"https:\\\/\\\/tajkertesz.com\\\/?s={search_term_string}\"},\"query-input\":{\"@type\":\"PropertyValueSpecification\",\"valueRequired\":true,\"valueName\":\"search_term_string\"}}],\"inLanguage\":\"en-US\"},{\"@type\":\"Organization\",\"@id\":\"https:\\\/\\\/tajkertesz.com\\\/#organization\",\"name\":\"T\u00e1j-Kert\u00e9sz 84 Kft.\",\"url\":\"https:\\\/\\\/tajkertesz.com\\\/\",\"logo\":{\"@type\":\"ImageObject\",\"inLanguage\":\"en-US\",\"@id\":\"https:\\\/\\\/tajkertesz.com\\\/#\\\/schema\\\/logo\\\/image\\\/\",\"url\":\"https:\\\/\\\/tajkertesz.com\\\/wp-content\\\/uploads\\\/2018\\\/02\\\/logo-2-e1518678052539.png\",\"contentUrl\":\"https:\\\/\\\/tajkertesz.com\\\/wp-content\\\/uploads\\\/2018\\\/02\\\/logo-2-e1518678052539.png\",\"width\":81,\"height\":140,\"caption\":\"T\u00e1j-Kert\u00e9sz 84 Kft.\"},\"image\":{\"@id\":\"https:\\\/\\\/tajkertesz.com\\\/#\\\/schema\\\/logo\\\/image\\\/\"},\"sameAs\":[\"https:\\\/\\\/www.facebook.com\\\/Tajkertesz\\\/\"]}]}<\/script>\n<!-- \/ Yoast SEO plugin. -->","yoast_head_json":{"title":"S\u00e1rgadinnye vet\u0151mag Anan\u00e1sz 2g. - T\u00e1jkert\u00e9sz","description":"S\u00e1rgadinnye vet\u0151mag Anan\u00e1sz 2g. V\u00e1s\u00e1roljon vet\u0151magokat kert\u00e9szeti web\u00e1ruh\u00e1zunkb\u00f3l h\u00e1zhozsz\u00e1ll\u00edt\u00e1ssal, vagy szem\u00e9lyesen kert\u00e9szet\u00fcnkb\u0151l","robots":{"index":"index","follow":"follow","max-snippet":"max-snippet:-1","max-image-preview":"max-image-preview:large","max-video-preview":"max-video-preview:-1"},"canonical":"https:\/\/tajkertesz.com\/en_US\/product\/sargadinnye-vetomag-ananasz-2g\/","og_locale":"en_US","og_type":"article","og_title":"S\u00e1rgadinnye vet\u0151mag Anan\u00e1sz 2g. - T\u00e1jkert\u00e9sz","og_description":"S\u00e1rgadinnye vet\u0151mag Anan\u00e1sz 2g. V\u00e1s\u00e1roljon vet\u0151magokat kert\u00e9szeti web\u00e1ruh\u00e1zunkb\u00f3l h\u00e1zhozsz\u00e1ll\u00edt\u00e1ssal, vagy szem\u00e9lyesen kert\u00e9szet\u00fcnkb\u0151l","og_url":"https:\/\/tajkertesz.com\/en_US\/product\/sargadinnye-vetomag-ananasz-2g\/","og_site_name":"T\u00e1jkert\u00e9sz","article_publisher":"https:\/\/www.facebook.com\/Tajkertesz\/","article_modified_time":"2026-02-18T14:58:47+00:00","og_image":[{"width":1392,"height":2560,"url":"https:\/\/tajkertesz.com\/wp-content\/uploads\/2023\/01\/20230119_130026-scaled.jpg","type":"image\/jpeg"}],"twitter_card":"summary_large_image","twitter_misc":{"Est. reading time":"3 minutes"},"schema":{"@context":"https:\/\/schema.org","@graph":[{"@type":"WebPage","@id":"https:\/\/tajkertesz.com\/termek\/sargadinnye-vetomag-ananasz-2g\/","url":"https:\/\/tajkertesz.com\/termek\/sargadinnye-vetomag-ananasz-2g\/","name":"S\u00e1rgadinnye vet\u0151mag Anan\u00e1sz 2g. - T\u00e1jkert\u00e9sz","isPartOf":{"@id":"https:\/\/tajkertesz.com\/#website"},"primaryImageOfPage":{"@id":"https:\/\/tajkertesz.com\/termek\/sargadinnye-vetomag-ananasz-2g\/#primaryimage"},"image":{"@id":"https:\/\/tajkertesz.com\/termek\/sargadinnye-vetomag-ananasz-2g\/#primaryimage"},"thumbnailUrl":"https:\/\/tajkertesz.com\/wp-content\/uploads\/2023\/01\/20230119_130026-scaled.jpg","datePublished":"2023-01-23T15:37:57+00:00","dateModified":"2026-02-18T14:58:47+00:00","description":"S\u00e1rgadinnye vet\u0151mag Anan\u00e1sz 2g. V\u00e1s\u00e1roljon vet\u0151magokat kert\u00e9szeti web\u00e1ruh\u00e1zunkb\u00f3l h\u00e1zhozsz\u00e1ll\u00edt\u00e1ssal, vagy szem\u00e9lyesen kert\u00e9szet\u00fcnkb\u0151l","breadcrumb":{"@id":"https:\/\/tajkertesz.com\/termek\/sargadinnye-vetomag-ananasz-2g\/#breadcrumb"},"inLanguage":"en-US","potentialAction":[{"@type":"ReadAction","target":["https:\/\/tajkertesz.com\/termek\/sargadinnye-vetomag-ananasz-2g\/"]}]},{"@type":"ImageObject","inLanguage":"en-US","@id":"https:\/\/tajkertesz.com\/termek\/sargadinnye-vetomag-ananasz-2g\/#primaryimage","url":"https:\/\/tajkertesz.com\/wp-content\/uploads\/2023\/01\/20230119_130026-scaled.jpg","contentUrl":"https:\/\/tajkertesz.com\/wp-content\/uploads\/2023\/01\/20230119_130026-scaled.jpg","width":1392,"height":2560},{"@type":"BreadcrumbList","@id":"https:\/\/tajkertesz.com\/termek\/sargadinnye-vetomag-ananasz-2g\/#breadcrumb","itemListElement":[{"@type":"ListItem","position":1,"name":"Home","item":"https:\/\/tajkertesz.com\/"},{"@type":"ListItem","position":2,"name":"Kezd\u0151lap","item":"https:\/\/tajkertesz.com\/"},{"@type":"ListItem","position":3,"name":"S\u00e1rgadinnye vet\u0151mag Anan\u00e1sz 2g."}]},{"@type":"WebSite","@id":"https:\/\/tajkertesz.com\/#website","url":"https:\/\/tajkertesz.com\/","name":"T\u00e1j-Kert\u00e9sz 84 Kft.","description":"Kert\u00e9szeti kis- \u00e9s nagykeresked\u00e9s, D\u00edszn\u00f6v\u00e9ny web\u00e1ruh\u00e1z orsz\u00e1gos h\u00e1zhozsz\u00e1ll\u00edt\u00e1ssal!","publisher":{"@id":"https:\/\/tajkertesz.com\/#organization"},"potentialAction":[{"@type":"SearchAction","target":{"@type":"EntryPoint","urlTemplate":"https:\/\/tajkertesz.com\/?s={search_term_string}"},"query-input":{"@type":"PropertyValueSpecification","valueRequired":true,"valueName":"search_term_string"}}],"inLanguage":"en-US"},{"@type":"Organization","@id":"https:\/\/tajkertesz.com\/#organization","name":"T\u00e1j-Kert\u00e9sz 84 Kft.","url":"https:\/\/tajkertesz.com\/","logo":{"@type":"ImageObject","inLanguage":"en-US","@id":"https:\/\/tajkertesz.com\/#\/schema\/logo\/image\/","url":"https:\/\/tajkertesz.com\/wp-content\/uploads\/2018\/02\/logo-2-e1518678052539.png","contentUrl":"https:\/\/tajkertesz.com\/wp-content\/uploads\/2018\/02\/logo-2-e1518678052539.png","width":81,"height":140,"caption":"T\u00e1j-Kert\u00e9sz 84 Kft."},"image":{"@id":"https:\/\/tajkertesz.com\/#\/schema\/logo\/image\/"},"sameAs":["https:\/\/www.facebook.com\/Tajkertesz\/"]}]}},"_links":{"self":[{"href":"https:\/\/tajkertesz.com\/en_US\/wp-json\/wp\/v2\/product\/14977","targetHints":{"allow":["GET"]}}],"collection":[{"href":"https:\/\/tajkertesz.com\/en_US\/wp-json\/wp\/v2\/product"}],"about":[{"href":"https:\/\/tajkertesz.com\/en_US\/wp-json\/wp\/v2\/types\/product"}],"wp:featuredmedia":[{"embeddable":true,"href":"https:\/\/tajkertesz.com\/en_US\/wp-json\/wp\/v2\/media\/14921"}],"wp:attachment":[{"href":"https:\/\/tajkertesz.com\/en_US\/wp-json\/wp\/v2\/media?parent=14977"}],"wp:term":[{"taxonomy":"product_brand","embeddable":true,"href":"https:\/\/tajkertesz.com\/en_US\/wp-json\/wp\/v2\/product_brand?post=14977"},{"taxonomy":"product_cat","embeddable":true,"href":"https:\/\/tajkertesz.com\/en_US\/wp-json\/wp\/v2\/product_cat?post=14977"},{"taxonomy":"product_tag","embeddable":true,"href":"https:\/\/tajkertesz.com\/en_US\/wp-json\/wp\/v2\/product_tag?post=14977"}],"curies":[{"name":"wp","href":"https:\/\/api.w.org\/{rel}","templated":true}]}}