{"id":14994,"date":"2023-01-26T12:19:22","date_gmt":"2023-01-26T12:19:22","guid":{"rendered":"https:\/\/tajkertesz.com\/?post_type=product&#038;p=14994"},"modified":"2026-02-18T14:59:01","modified_gmt":"2026-02-18T14:59:01","slug":"sparga-vetomag-mary-washington-1g","status":"publish","type":"product","link":"https:\/\/tajkertesz.com\/en_US\/product\/sparga-vetomag-mary-washington-1g\/","title":{"rendered":"Sp\u00e1rga vet\u0151mag Mary Washington 1g."},"content":{"rendered":"<h2>Sp\u00e1rga vet\u0151mag Mary Washington 1g.<\/h2>\n<p>R\u00e9dei Kertimag<\/p>\n<div>MARY WASHINGTON<\/div>\n<div><b>Z\u00f6ld s\u00edp\u00fa!<\/b><\/div>\n<div><\/div>\n<div>\n<p>A sp\u00e1rga f\u00e9nyig\u00e9nyes n\u00f6v\u00e9ny, ez\u00e9rt napos helyet v\u00e1lasszunk sz\u00e1m\u00e1ra a kertben. Sz\u00e1moljunk a sp\u00e1rga helyig\u00e9ny\u00e9vel is, amikor helyet keres\u00fcnk a konyhakertben.<\/p>\n<p>A halv\u00e1ny\u00edtott sp\u00e1rga bakh\u00e1tat ig\u00e9nyel \u00e9s 150 cm-es sort\u00e1vols\u00e1got, a z\u00f6ld sp\u00e1rga termeszt\u00e9s\u00e9hez nincs sz\u00fcks\u00e9g bakh\u00e1tra, de a sort\u00e1vols\u00e1g ebben az esetben is legal\u00e1bb 120 cm legyen.<\/p>\n<p>Talajok k\u00f6z\u00fcl a laza szerkezet\u0171, homokos, t\u00e1panyagban gazdag talajokat kedveli legink\u00e1bb, a talajt jav\u00edtsuk fel komposzttal vagy ist\u00e1ll\u00f3tr\u00e1gy\u00e1val a vet\u00e9s el\u0151tt. A sp\u00e1rga \u00e1tlagos v\u00edzig\u00e9ny\u0171 n\u00f6v\u00e9ny, rendszeres, m\u00e9rs\u00e9kelt \u00f6nt\u00f6z\u00e9s mellett b\u0151s\u00e9gesen terem, ny\u00e1ri, sz\u00e1raz \u00e9s forr\u00f3 id\u0151szakokban, mindenk\u00e9pp \u00f6nt\u00f6zz\u00fck.<\/p>\n<p>A sp\u00e1rg\u00e1t jellemz\u0151en szabadf\u00f6ldbe vetj\u00fck kora tavasszal, legk\u00e9s\u0151bb \u00e1prilisban, magjai lassan cs\u00edr\u00e1znak, ugyanakkor hidegt\u0171r\u0151k. Lehet\u0151s\u00e9g van \u00fcltet\u00e9sre sz\u00e1nt gy\u00f6kt\u00f6rzsek el\u0151nevel\u00e9s\u00e9re is cser\u00e9pbe vet\u00e9ssel.<\/p>\n<p>Alak\u00edtsunk ki sorokat, a halv\u00e1ny\u00edtott sp\u00e1rga eset\u00e9ben 150 cm, a z\u00f6ld sp\u00e1rga vet\u00e9s\u00e9n\u00e9l 120 cm-es sort\u00e1vols\u00e1got hagyjunk. Ha laza talajba vetj\u00fck a magokat, 4-5 cm m\u00e9lyre, ha kiss\u00e9 k\u00f6t\u00f6ttebb talajba, akkor 2-3 cm m\u00e9lyre ker\u00fcljenek a magok.<\/p>\n<p>M\u00e1jus v\u00e9g\u00e9re a magoncok el\u00e9rik azt a fejletts\u00e9get, hogy kiegyelhetj\u00fck \u0151ket. A z\u00f6ld sp\u00e1rga eset\u00e9ben 20-30 cm, a feh\u00e9r sp\u00e1rg\u00e1n\u00e1l 30-40 cm az ide\u00e1lis t\u0151t\u00e1vols\u00e1g. Nevelj\u00fck a sp\u00e1rg\u00e1t a kor\u00e1bban \u00edrtak szerint, k\u00e9t \u00e9v nevel\u00e9s ut\u00e1n, a harmadik \u00e9v m\u00e1rcius\u00e1ban, h\u00fazzunk bakh\u00e1tat a halv\u00e1ny\u00edtott sp\u00e1rga k\u00f6r\u00e9.<\/p>\n<p>\u00dcltet\u00e9sre sz\u00e1nt gy\u00f6kt\u00f6rzsek el\u0151nevel\u00e9s\u00e9hez, kicsi, laza szerkezet\u0171 f\u00f6lddel megt\u00f6lt\u00f6tt cserepekbe vetj\u00fck el a magokat tavasszal. Ha el\u00e9rik a fiatal n\u00f6v\u00e9nyek a 3-4 ujjnyi magass\u00e1got, nagyobb cser\u00e9pbe \u00fcltetj\u00fck \u0151ket, \u00e9s ebben folytatjuk a nevel\u00e9s\u00fcket.<\/p>\n<\/div>\n<p><strong>K\u00e9szlet\u00fcnk napi szinten v\u00e1ltozik, ez\u00e9rt k\u00e9rj\u00fck, \u00e9rdekl\u0151dj\u00f6n szem\u00e9lyesen, telefonon vagy email-en.<br \/>\nA v\u00e1ltoztat\u00e1s jog\u00e1t fenntartjuk!\u00a0<\/strong><\/p>\n<p><a href=\"https:\/\/tajkertesz.com\/\">https:\/\/tajkertesz.com\/<\/a><\/p>\n<p><a href=\"https:\/\/www.facebook.com\/tajkertesz\/\">https:\/\/www.facebook.com\/tajkertesz\/<\/a><\/p>\n<p>Kisz\u00e1ll\u00edt\u00e1s: 200cm-ig \u00a0\u00e9s 40 kg-ig a sz\u00e1ll\u00edt\u00e1s fut\u00e1rszolg\u00e1lattal \u00a0t\u00f6rt\u00e9nik!<\/p>\n<p>Szem\u00e9lyes \u00e1tv\u00e9tel nyitvatart\u00e1si id\u0151ben a 17. ker\u00fclet Bakancsos utca 7. sz\u00e1m alatti Kert\u00e9szeti \u00e1rud\u00e1ban<\/p>\n<p>&nbsp;<\/p>\n<p>Szem\u00e9lyes \u00e1tv\u00e9tel ak\u00e1r a mai napon, vagy h\u00e1zhozsz\u00e1ll\u00edt\u00e1s 1-2 napon bel\u00fcl!<\/p>\n<p>&nbsp;<\/p>\n<p>1173.Bp.Bakancsos u.7.<\/p>\n<p><a href=\"http:\/\/www.tajkertesz.com\">www.tajkertesz.com<\/a><\/p>\n<p>Kert\u00e9szeti kis-\u00e9s nagykeresked\u00e9s<\/p>","protected":false},"excerpt":{"rendered":"<p>Sp\u00e1rga vet\u0151mag Mary Washington 1g.<\/p>\n<div>MARY WASHINGTON<\/div>\n<div><b>Z\u00f6ld s\u00edp\u00fa!<\/b><br \/>\nNagy el\u0151nye a z\u00f6ldsp\u00e1rg\u00e1nak, hogy nem kell halv\u00e1ny\u00edtani. Egyszer telep\u00edtve sok \u00e9ven \u00e1t ad ehet\u0151 s\u00edpokat \u00e9s v\u00e1gott z\u00f6ldet. Sz\u00e9p kerti d\u00edszk\u00e9nt is?<\/div>\n<p>&nbsp;<\/p>\n<p>&nbsp;<\/p>","protected":false},"featured_media":14989,"template":"","meta":{"_et_pb_use_builder":"","_et_pb_old_content":"","_et_gb_content_width":""},"product_brand":[],"product_cat":[4148],"product_tag":[4138],"class_list":{"0":"post-14994","1":"product","2":"type-product","3":"status-publish","4":"has-post-thumbnail","6":"product_cat-kulonleges-delikatesz-vetomagok","7":"product_tag-vetomagok","9":"first","10":"instock","11":"shipping-taxable","12":"purchasable","13":"product-type-simple"},"yoast_head":"<!-- This site is optimized with the Yoast SEO plugin v27.4 - https:\/\/yoast.com\/product\/yoast-seo-wordpress\/ -->\n<title>Sp\u00e1rga vet\u0151mag Mary Washington 1g. - T\u00e1jkert\u00e9sz<\/title>\n<meta name=\"description\" content=\"Sp\u00e1rga vet\u0151mag Mary Washington 1g. V\u00e1s\u00e1roljon vet\u0151magokat kert\u00e9szeti web\u00e1ruh\u00e1zunkb\u00f3l h\u00e1zhozsz\u00e1ll\u00edt\u00e1ssal, vagy szem\u00e9lyesen kert\u00e9szet\u00fcnkb\u0151l.\" \/>\n<meta name=\"robots\" content=\"index, follow, max-snippet:-1, max-image-preview:large, max-video-preview:-1\" \/>\n<link rel=\"canonical\" href=\"https:\/\/tajkertesz.com\/en_US\/product\/sparga-vetomag-mary-washington-1g\/\" \/>\n<meta property=\"og:locale\" content=\"en_US\" \/>\n<meta property=\"og:type\" content=\"article\" \/>\n<meta property=\"og:title\" content=\"Sp\u00e1rga vet\u0151mag Mary Washington 1g. - T\u00e1jkert\u00e9sz\" \/>\n<meta property=\"og:description\" content=\"Sp\u00e1rga vet\u0151mag Mary Washington 1g. V\u00e1s\u00e1roljon vet\u0151magokat kert\u00e9szeti web\u00e1ruh\u00e1zunkb\u00f3l h\u00e1zhozsz\u00e1ll\u00edt\u00e1ssal, vagy szem\u00e9lyesen kert\u00e9szet\u00fcnkb\u0151l.\" \/>\n<meta property=\"og:url\" content=\"https:\/\/tajkertesz.com\/en_US\/product\/sparga-vetomag-mary-washington-1g\/\" \/>\n<meta property=\"og:site_name\" content=\"T\u00e1jkert\u00e9sz\" \/>\n<meta property=\"article:publisher\" content=\"https:\/\/www.facebook.com\/Tajkertesz\/\" \/>\n<meta property=\"article:modified_time\" content=\"2026-02-18T14:59:01+00:00\" \/>\n<meta property=\"og:image\" content=\"https:\/\/tajkertesz.com\/wp-content\/uploads\/2023\/01\/20230126_130039-1-scaled.jpg\" \/>\n\t<meta property=\"og:image:width\" content=\"1154\" \/>\n\t<meta property=\"og:image:height\" content=\"2560\" \/>\n\t<meta property=\"og:image:type\" content=\"image\/jpeg\" \/>\n<meta name=\"twitter:card\" content=\"summary_large_image\" \/>\n<meta name=\"twitter:label1\" content=\"Est. reading time\" \/>\n\t<meta name=\"twitter:data1\" content=\"2 minutes\" \/>\n<script type=\"application\/ld+json\" class=\"yoast-schema-graph\">{\"@context\":\"https:\\\/\\\/schema.org\",\"@graph\":[{\"@type\":\"WebPage\",\"@id\":\"https:\\\/\\\/tajkertesz.com\\\/termek\\\/sparga-vetomag-mary-washington-1g\\\/\",\"url\":\"https:\\\/\\\/tajkertesz.com\\\/termek\\\/sparga-vetomag-mary-washington-1g\\\/\",\"name\":\"Sp\u00e1rga vet\u0151mag Mary Washington 1g. - T\u00e1jkert\u00e9sz\",\"isPartOf\":{\"@id\":\"https:\\\/\\\/tajkertesz.com\\\/#website\"},\"primaryImageOfPage\":{\"@id\":\"https:\\\/\\\/tajkertesz.com\\\/termek\\\/sparga-vetomag-mary-washington-1g\\\/#primaryimage\"},\"image\":{\"@id\":\"https:\\\/\\\/tajkertesz.com\\\/termek\\\/sparga-vetomag-mary-washington-1g\\\/#primaryimage\"},\"thumbnailUrl\":\"https:\\\/\\\/tajkertesz.com\\\/wp-content\\\/uploads\\\/2023\\\/01\\\/20230126_130039-1-scaled.jpg\",\"datePublished\":\"2023-01-26T12:19:22+00:00\",\"dateModified\":\"2026-02-18T14:59:01+00:00\",\"description\":\"Sp\u00e1rga vet\u0151mag Mary Washington 1g. V\u00e1s\u00e1roljon vet\u0151magokat kert\u00e9szeti web\u00e1ruh\u00e1zunkb\u00f3l h\u00e1zhozsz\u00e1ll\u00edt\u00e1ssal, vagy szem\u00e9lyesen kert\u00e9szet\u00fcnkb\u0151l.\",\"breadcrumb\":{\"@id\":\"https:\\\/\\\/tajkertesz.com\\\/termek\\\/sparga-vetomag-mary-washington-1g\\\/#breadcrumb\"},\"inLanguage\":\"en-US\",\"potentialAction\":[{\"@type\":\"ReadAction\",\"target\":[\"https:\\\/\\\/tajkertesz.com\\\/termek\\\/sparga-vetomag-mary-washington-1g\\\/\"]}]},{\"@type\":\"ImageObject\",\"inLanguage\":\"en-US\",\"@id\":\"https:\\\/\\\/tajkertesz.com\\\/termek\\\/sparga-vetomag-mary-washington-1g\\\/#primaryimage\",\"url\":\"https:\\\/\\\/tajkertesz.com\\\/wp-content\\\/uploads\\\/2023\\\/01\\\/20230126_130039-1-scaled.jpg\",\"contentUrl\":\"https:\\\/\\\/tajkertesz.com\\\/wp-content\\\/uploads\\\/2023\\\/01\\\/20230126_130039-1-scaled.jpg\",\"width\":1154,\"height\":2560},{\"@type\":\"BreadcrumbList\",\"@id\":\"https:\\\/\\\/tajkertesz.com\\\/termek\\\/sparga-vetomag-mary-washington-1g\\\/#breadcrumb\",\"itemListElement\":[{\"@type\":\"ListItem\",\"position\":1,\"name\":\"Home\",\"item\":\"https:\\\/\\\/tajkertesz.com\\\/\"},{\"@type\":\"ListItem\",\"position\":2,\"name\":\"Kezd\u0151lap\",\"item\":\"https:\\\/\\\/tajkertesz.com\\\/\"},{\"@type\":\"ListItem\",\"position\":3,\"name\":\"Sp\u00e1rga vet\u0151mag Mary Washington 1g.\"}]},{\"@type\":\"WebSite\",\"@id\":\"https:\\\/\\\/tajkertesz.com\\\/#website\",\"url\":\"https:\\\/\\\/tajkertesz.com\\\/\",\"name\":\"T\u00e1j-Kert\u00e9sz 84 Kft.\",\"description\":\"Kert\u00e9szeti kis- \u00e9s nagykeresked\u00e9s, D\u00edszn\u00f6v\u00e9ny web\u00e1ruh\u00e1z orsz\u00e1gos h\u00e1zhozsz\u00e1ll\u00edt\u00e1ssal!\",\"publisher\":{\"@id\":\"https:\\\/\\\/tajkertesz.com\\\/#organization\"},\"potentialAction\":[{\"@type\":\"SearchAction\",\"target\":{\"@type\":\"EntryPoint\",\"urlTemplate\":\"https:\\\/\\\/tajkertesz.com\\\/?s={search_term_string}\"},\"query-input\":{\"@type\":\"PropertyValueSpecification\",\"valueRequired\":true,\"valueName\":\"search_term_string\"}}],\"inLanguage\":\"en-US\"},{\"@type\":\"Organization\",\"@id\":\"https:\\\/\\\/tajkertesz.com\\\/#organization\",\"name\":\"T\u00e1j-Kert\u00e9sz 84 Kft.\",\"url\":\"https:\\\/\\\/tajkertesz.com\\\/\",\"logo\":{\"@type\":\"ImageObject\",\"inLanguage\":\"en-US\",\"@id\":\"https:\\\/\\\/tajkertesz.com\\\/#\\\/schema\\\/logo\\\/image\\\/\",\"url\":\"https:\\\/\\\/tajkertesz.com\\\/wp-content\\\/uploads\\\/2018\\\/02\\\/logo-2-e1518678052539.png\",\"contentUrl\":\"https:\\\/\\\/tajkertesz.com\\\/wp-content\\\/uploads\\\/2018\\\/02\\\/logo-2-e1518678052539.png\",\"width\":81,\"height\":140,\"caption\":\"T\u00e1j-Kert\u00e9sz 84 Kft.\"},\"image\":{\"@id\":\"https:\\\/\\\/tajkertesz.com\\\/#\\\/schema\\\/logo\\\/image\\\/\"},\"sameAs\":[\"https:\\\/\\\/www.facebook.com\\\/Tajkertesz\\\/\"]}]}<\/script>\n<!-- \/ Yoast SEO plugin. -->","yoast_head_json":{"title":"Sp\u00e1rga vet\u0151mag Mary Washington 1g. - T\u00e1jkert\u00e9sz","description":"Sp\u00e1rga vet\u0151mag Mary Washington 1g. V\u00e1s\u00e1roljon vet\u0151magokat kert\u00e9szeti web\u00e1ruh\u00e1zunkb\u00f3l h\u00e1zhozsz\u00e1ll\u00edt\u00e1ssal, vagy szem\u00e9lyesen kert\u00e9szet\u00fcnkb\u0151l.","robots":{"index":"index","follow":"follow","max-snippet":"max-snippet:-1","max-image-preview":"max-image-preview:large","max-video-preview":"max-video-preview:-1"},"canonical":"https:\/\/tajkertesz.com\/en_US\/product\/sparga-vetomag-mary-washington-1g\/","og_locale":"en_US","og_type":"article","og_title":"Sp\u00e1rga vet\u0151mag Mary Washington 1g. - T\u00e1jkert\u00e9sz","og_description":"Sp\u00e1rga vet\u0151mag Mary Washington 1g. V\u00e1s\u00e1roljon vet\u0151magokat kert\u00e9szeti web\u00e1ruh\u00e1zunkb\u00f3l h\u00e1zhozsz\u00e1ll\u00edt\u00e1ssal, vagy szem\u00e9lyesen kert\u00e9szet\u00fcnkb\u0151l.","og_url":"https:\/\/tajkertesz.com\/en_US\/product\/sparga-vetomag-mary-washington-1g\/","og_site_name":"T\u00e1jkert\u00e9sz","article_publisher":"https:\/\/www.facebook.com\/Tajkertesz\/","article_modified_time":"2026-02-18T14:59:01+00:00","og_image":[{"width":1154,"height":2560,"url":"https:\/\/tajkertesz.com\/wp-content\/uploads\/2023\/01\/20230126_130039-1-scaled.jpg","type":"image\/jpeg"}],"twitter_card":"summary_large_image","twitter_misc":{"Est. reading time":"2 minutes"},"schema":{"@context":"https:\/\/schema.org","@graph":[{"@type":"WebPage","@id":"https:\/\/tajkertesz.com\/termek\/sparga-vetomag-mary-washington-1g\/","url":"https:\/\/tajkertesz.com\/termek\/sparga-vetomag-mary-washington-1g\/","name":"Sp\u00e1rga vet\u0151mag Mary Washington 1g. - T\u00e1jkert\u00e9sz","isPartOf":{"@id":"https:\/\/tajkertesz.com\/#website"},"primaryImageOfPage":{"@id":"https:\/\/tajkertesz.com\/termek\/sparga-vetomag-mary-washington-1g\/#primaryimage"},"image":{"@id":"https:\/\/tajkertesz.com\/termek\/sparga-vetomag-mary-washington-1g\/#primaryimage"},"thumbnailUrl":"https:\/\/tajkertesz.com\/wp-content\/uploads\/2023\/01\/20230126_130039-1-scaled.jpg","datePublished":"2023-01-26T12:19:22+00:00","dateModified":"2026-02-18T14:59:01+00:00","description":"Sp\u00e1rga vet\u0151mag Mary Washington 1g. V\u00e1s\u00e1roljon vet\u0151magokat kert\u00e9szeti web\u00e1ruh\u00e1zunkb\u00f3l h\u00e1zhozsz\u00e1ll\u00edt\u00e1ssal, vagy szem\u00e9lyesen kert\u00e9szet\u00fcnkb\u0151l.","breadcrumb":{"@id":"https:\/\/tajkertesz.com\/termek\/sparga-vetomag-mary-washington-1g\/#breadcrumb"},"inLanguage":"en-US","potentialAction":[{"@type":"ReadAction","target":["https:\/\/tajkertesz.com\/termek\/sparga-vetomag-mary-washington-1g\/"]}]},{"@type":"ImageObject","inLanguage":"en-US","@id":"https:\/\/tajkertesz.com\/termek\/sparga-vetomag-mary-washington-1g\/#primaryimage","url":"https:\/\/tajkertesz.com\/wp-content\/uploads\/2023\/01\/20230126_130039-1-scaled.jpg","contentUrl":"https:\/\/tajkertesz.com\/wp-content\/uploads\/2023\/01\/20230126_130039-1-scaled.jpg","width":1154,"height":2560},{"@type":"BreadcrumbList","@id":"https:\/\/tajkertesz.com\/termek\/sparga-vetomag-mary-washington-1g\/#breadcrumb","itemListElement":[{"@type":"ListItem","position":1,"name":"Home","item":"https:\/\/tajkertesz.com\/"},{"@type":"ListItem","position":2,"name":"Kezd\u0151lap","item":"https:\/\/tajkertesz.com\/"},{"@type":"ListItem","position":3,"name":"Sp\u00e1rga vet\u0151mag Mary Washington 1g."}]},{"@type":"WebSite","@id":"https:\/\/tajkertesz.com\/#website","url":"https:\/\/tajkertesz.com\/","name":"T\u00e1j-Kert\u00e9sz 84 Kft.","description":"Kert\u00e9szeti kis- \u00e9s nagykeresked\u00e9s, D\u00edszn\u00f6v\u00e9ny web\u00e1ruh\u00e1z orsz\u00e1gos h\u00e1zhozsz\u00e1ll\u00edt\u00e1ssal!","publisher":{"@id":"https:\/\/tajkertesz.com\/#organization"},"potentialAction":[{"@type":"SearchAction","target":{"@type":"EntryPoint","urlTemplate":"https:\/\/tajkertesz.com\/?s={search_term_string}"},"query-input":{"@type":"PropertyValueSpecification","valueRequired":true,"valueName":"search_term_string"}}],"inLanguage":"en-US"},{"@type":"Organization","@id":"https:\/\/tajkertesz.com\/#organization","name":"T\u00e1j-Kert\u00e9sz 84 Kft.","url":"https:\/\/tajkertesz.com\/","logo":{"@type":"ImageObject","inLanguage":"en-US","@id":"https:\/\/tajkertesz.com\/#\/schema\/logo\/image\/","url":"https:\/\/tajkertesz.com\/wp-content\/uploads\/2018\/02\/logo-2-e1518678052539.png","contentUrl":"https:\/\/tajkertesz.com\/wp-content\/uploads\/2018\/02\/logo-2-e1518678052539.png","width":81,"height":140,"caption":"T\u00e1j-Kert\u00e9sz 84 Kft."},"image":{"@id":"https:\/\/tajkertesz.com\/#\/schema\/logo\/image\/"},"sameAs":["https:\/\/www.facebook.com\/Tajkertesz\/"]}]}},"_links":{"self":[{"href":"https:\/\/tajkertesz.com\/en_US\/wp-json\/wp\/v2\/product\/14994","targetHints":{"allow":["GET"]}}],"collection":[{"href":"https:\/\/tajkertesz.com\/en_US\/wp-json\/wp\/v2\/product"}],"about":[{"href":"https:\/\/tajkertesz.com\/en_US\/wp-json\/wp\/v2\/types\/product"}],"wp:featuredmedia":[{"embeddable":true,"href":"https:\/\/tajkertesz.com\/en_US\/wp-json\/wp\/v2\/media\/14989"}],"wp:attachment":[{"href":"https:\/\/tajkertesz.com\/en_US\/wp-json\/wp\/v2\/media?parent=14994"}],"wp:term":[{"taxonomy":"product_brand","embeddable":true,"href":"https:\/\/tajkertesz.com\/en_US\/wp-json\/wp\/v2\/product_brand?post=14994"},{"taxonomy":"product_cat","embeddable":true,"href":"https:\/\/tajkertesz.com\/en_US\/wp-json\/wp\/v2\/product_cat?post=14994"},{"taxonomy":"product_tag","embeddable":true,"href":"https:\/\/tajkertesz.com\/en_US\/wp-json\/wp\/v2\/product_tag?post=14994"}],"curies":[{"name":"wp","href":"https:\/\/api.w.org\/{rel}","templated":true}]}}