{"id":15054,"date":"2023-01-27T15:08:09","date_gmt":"2023-01-27T15:08:09","guid":{"rendered":"https:\/\/tajkertesz.com\/?post_type=product&#038;p=15054"},"modified":"2026-02-18T14:54:46","modified_gmt":"2026-02-18T14:54:46","slug":"salata-batavia-vetomag","status":"publish","type":"product","link":"https:\/\/tajkertesz.com\/en_US\/product\/salata-batavia-vetomag\/","title":{"rendered":"Sal\u00e1ta Batavia vet\u0151mag"},"content":{"rendered":"<h2>Sal\u00e1ta Batavia vet\u0151mag<\/h2>\n<p>R\u00e9dei Kertimag<\/p>\n<div>BAT\u00c1VIA<\/div>\n<div><b>\u00c1tmenet a sal\u00e1ta \u00e9s a j\u00e9gsal\u00e1ta k\u00f6z\u00f6tt!<\/b><br \/>\nRopog\u00f3s, de m\u00e9gis finom szerkezet\u0171.<\/div>\n<div><\/div>\n<div>\n<p>A batavia sal\u00e1ta levele friss \u00e9s ropog\u00f3s, mint a j\u00e9gsal\u00e1t\u00e1\u00e9. Sz\u00edne s\u00f6t\u00e9tebb z\u00f6ld, levelei puh\u00e1bbak, mint a lollo-t\u00edpus\u00fa sal\u00e1t\u00e1k\u00e9, s mivel fejet sem k\u00e9pez, levelei sz\u00e9p fodrosak maradnak.<\/p>\n<p>K\u00f6nny\u0171 termeszteni, sz\u00edn\u00fck \u00e9s form\u00e1juk miatt d\u00edszn\u00f6v\u00e9nyk\u00e9nt is meg\u00e1llj\u00e1k a hely\u00fcket. Ellen\u00e1ll\u00f3 fajta, k\u00fcl\u00f6n\u00f6sen aj\u00e1nlhat\u00f3 ny\u00e1ri termeszt\u00e9sre, \u00edgy j\u00faniust\u00f3l okt\u00f3berig szedhet\u0151.<\/p>\n<p>Vet\u00e9s: febru\u00e1rt\u00f3l j\u00faniusig, t\u00e9r\u00e1ll\u00e1s: 30*40 cm<\/p>\n<p>Gy\u00f6k\u00e9rzete kiss\u00e9 er\u0151sebb \u00e9s durv\u00e1bb, mint a hagyom\u00e1nyos fejes sal\u00e1t\u00e1k\u00e9, de kar\u00f3szer\u0171 f\u0151gy\u00f6kere kiss\u00e9 lass\u00fabb n\u00f6veked\u00e9s\u0171. Cs\u00edran\u00f6v\u00e9ny \u00e9s pal\u00e1nta kor\u00e1ban m\u00e9g alig k\u00fcl\u00f6nb\u00f6zik a t\u00f6bbi sal\u00e1tafajt\u00e1t\u00f3l.<\/p>\n<p>V\u00edzig\u00e9nyesebb a fejes sal\u00e1t\u00e1n\u00e1l, \u00e9ppen ez\u00e9rt biztons\u00e1gosan csak \u00f6nt\u00f6z\u00e9s mellett termeszthet\u0151. Igaz, gy\u00f6k\u00e9rzete nagyobb talajr\u00e9teget sz\u0151 \u00e1t, mint a t\u00f6bbi sal\u00e1t\u00e1\u00e9, de t\u00f6bb v\u00edzre is van sz\u00fcks\u00e9ge, mert csak ekkor lesz roppan\u00f3, zsenge a levele.<\/p>\n<p>A talajjal szemben kev\u00e9sb\u00e9 ig\u00e9nyes, rossz v\u00edzgazd\u00e1lkod\u00e1s\u00fa, de nem v\u00edz\u00e1ll\u00e1sos ter\u00fcleten is termeszthet\u0151. A magas talajv\u00edzszint sincs a k\u00e1r\u00e1ra, de a k\u00f6z\u00e9p-k\u00f6t\u00f6tt v\u00e1lyog- \u00e9s \u00f6nt\u00e9stalajok a legjobbak sz\u00e1m\u00e1ra. A talaj k\u00e9mhat\u00e1sa legyen a semlegeshez k\u00f6zeli \u00e9rt\u00e9ken. Vigy\u00e1zzunk, ha rossz v\u00edzzel \u00f6nt\u00f6zz\u00fck folyamatosan a ter\u00fclet\u00e9t, melyben t\u00fal magas a n\u00e1trium-koncentr\u00e1ci\u00f3, hozama visszaeshet.<\/p>\n<p>T\u00faltr\u00e1gy\u00e1z\u00e1sra kev\u00e9sb\u00e9, viszont a talaj magas s\u00f3tartalm\u00e1ra kifejezetten \u00e9rz\u00e9keny.<\/p>\n<p>Pal\u00e1nt\u00e1z\u00e1ssal \u00e9s k\u00f6zvetlen szabadf\u00f6ldi helyrevet\u00e9ssel egyar\u00e1nt szapor\u00edthat\u00f3. K\u00f6zvetlen\u00fcl szabadf\u00f6ldbe a kitavaszod\u00e1s kezdet\u00e9n (m\u00e1rcius eleje, k\u00f6zepe) vethetj\u00fck, melyet k\u00e9s\u0151bb havonta, eg\u00e9sz a ny\u00e1r k\u00f6zep\u00e9ig megism\u00e9telhet\u00fcnk. A hajtat\u00f3 berendez\u00e9sek jobb kihaszn\u00e1l\u00e1sa \u00e9rdek\u00e9ben a f\u0151n\u00f6v\u00e9ny el\u0151tt hasznos\u00edthatjuk vele a ter\u00fcletet.<\/p>\n<p><strong>Vet\u00e9sid\u0151 pal\u00e1nt\u00e1nak:<\/strong>\u00a0febru\u00e1r m\u00e1sodik fele-m\u00e1rcius els\u0151 fele,<\/p>\n<p><strong>Vet\u00e9s szabadf\u00f6ldbe:<\/strong>\u00a0m\u00e1rcius m\u00e1sodik fele-j\u00fanius\u00a0m\u00e1sodik fel\u00e9ig<\/p>\n<p><strong>Betakar\u00edt\u00e1s ideje szabadf\u00f6ld\u00f6n:<\/strong>\u00a0m\u00e1jus\u00a0m\u00e1sodik fele-okt\u00f3ber els\u0151 fele<\/p>\n<p><strong>Tartalom:<\/strong>\u00a0kb. 2g mag<\/p>\n<\/div>\n<div><\/div>\n<div>\n<p><strong>K\u00e9szlet\u00fcnk napi szinten v\u00e1ltozik, ez\u00e9rt k\u00e9rj\u00fck, \u00e9rdekl\u0151dj\u00f6n szem\u00e9lyesen, telefonon vagy email-en.<br \/>\nA v\u00e1ltoztat\u00e1s jog\u00e1t fenntartjuk!\u00a0<\/strong><\/p>\n<p><a href=\"https:\/\/tajkertesz.com\/\">https:\/\/tajkertesz.com\/<\/a><\/p>\n<p><a href=\"https:\/\/www.facebook.com\/tajkertesz\/\">https:\/\/www.facebook.com\/tajkertesz\/<\/a><\/p>\n<p>Kisz\u00e1ll\u00edt\u00e1s: 200cm-ig \u00a0\u00e9s 40 kg-ig a sz\u00e1ll\u00edt\u00e1s fut\u00e1rszolg\u00e1lattal \u00a0t\u00f6rt\u00e9nik!<\/p>\n<p>Szem\u00e9lyes \u00e1tv\u00e9tel nyitvatart\u00e1si id\u0151ben a 17. ker\u00fclet Bakancsos utca 7. sz\u00e1m alatti Kert\u00e9szeti \u00e1rud\u00e1ban<\/p>\n<p>&nbsp;<\/p>\n<p>Szem\u00e9lyes \u00e1tv\u00e9tel ak\u00e1r a mai napon, vagy h\u00e1zhozsz\u00e1ll\u00edt\u00e1s 1-2 napon bel\u00fcl!<\/p>\n<p>&nbsp;<\/p>\n<p>1173.Bp.Bakancsos u.7.<\/p>\n<p><a href=\"http:\/\/www.tajkertesz.com\">www.tajkertesz.com<\/a><\/p>\n<p>Kert\u00e9szeti kis-\u00e9s nagykeresked\u00e9s<\/p>\n<\/div>","protected":false},"excerpt":{"rendered":"<p>Sal\u00e1ta Batavia vet\u0151mag<\/p>\n<div>BAT\u00c1VIA<\/div>\n<div><b>\u00c1tmenet a sal\u00e1ta \u00e9s a j\u00e9gsal\u00e1ta k\u00f6z\u00f6tt!<\/b><br \/>\nRopog\u00f3s, de m\u00e9gis finom szerkezet\u0171.<\/div>","protected":false},"featured_media":15045,"template":"","meta":{"_et_pb_use_builder":"","_et_pb_old_content":"","_et_gb_content_width":""},"product_brand":[],"product_cat":[4148,2881],"product_tag":[4138],"class_list":{"0":"post-15054","1":"product","2":"type-product","3":"status-publish","4":"has-post-thumbnail","6":"product_cat-kulonleges-delikatesz-vetomagok","7":"product_cat-zoldsegnoveny-vetomagok","8":"product_tag-vetomagok","10":"first","11":"instock","12":"shipping-taxable","13":"purchasable","14":"product-type-simple"},"yoast_head":"<!-- This site is optimized with the Yoast SEO plugin v27.5 - https:\/\/yoast.com\/product\/yoast-seo-wordpress\/ -->\n<title>Sal\u00e1ta Batavia vet\u0151mag - T\u00e1jkert\u00e9sz<\/title>\n<meta name=\"description\" content=\"Sal\u00e1ta Batavia vet\u0151mag. V\u00e1s\u00e1roljon vet\u0151magokat kert\u00e9szeti web\u00e1ruh\u00e1zunkb\u00f3l h\u00e1zhozsz\u00e1ll\u00edt\u00e1ssal, vagy szem\u00e9lyesen kert\u00e9szet\u00fcnkb\u0151l.\" \/>\n<meta name=\"robots\" content=\"index, follow, max-snippet:-1, max-image-preview:large, max-video-preview:-1\" \/>\n<link rel=\"canonical\" href=\"https:\/\/tajkertesz.com\/en_US\/product\/salata-batavia-vetomag\/\" \/>\n<meta property=\"og:locale\" content=\"en_US\" \/>\n<meta property=\"og:type\" content=\"article\" \/>\n<meta property=\"og:title\" content=\"Sal\u00e1ta Batavia vet\u0151mag - T\u00e1jkert\u00e9sz\" \/>\n<meta property=\"og:description\" content=\"Sal\u00e1ta Batavia vet\u0151mag\" \/>\n<meta property=\"og:url\" content=\"https:\/\/tajkertesz.com\/en_US\/product\/salata-batavia-vetomag\/\" \/>\n<meta property=\"og:site_name\" content=\"T\u00e1jkert\u00e9sz\" \/>\n<meta property=\"article:publisher\" content=\"https:\/\/www.facebook.com\/Tajkertesz\/\" \/>\n<meta property=\"article:modified_time\" content=\"2026-02-18T14:54:46+00:00\" \/>\n<meta property=\"og:image\" content=\"https:\/\/tajkertesz.com\/wp-content\/uploads\/2023\/01\/20230127_153154-1-scaled.jpg\" \/>\n\t<meta property=\"og:image:width\" content=\"1407\" \/>\n\t<meta property=\"og:image:height\" content=\"2560\" \/>\n\t<meta property=\"og:image:type\" content=\"image\/jpeg\" \/>\n<meta name=\"twitter:card\" content=\"summary_large_image\" \/>\n<meta name=\"twitter:label1\" content=\"Est. reading time\" \/>\n\t<meta name=\"twitter:data1\" content=\"2 minutes\" \/>\n<script type=\"application\/ld+json\" class=\"yoast-schema-graph\">{\"@context\":\"https:\\\/\\\/schema.org\",\"@graph\":[{\"@type\":\"WebPage\",\"@id\":\"https:\\\/\\\/tajkertesz.com\\\/termek\\\/salata-batavia-vetomag\\\/\",\"url\":\"https:\\\/\\\/tajkertesz.com\\\/termek\\\/salata-batavia-vetomag\\\/\",\"name\":\"Sal\u00e1ta Batavia vet\u0151mag - T\u00e1jkert\u00e9sz\",\"isPartOf\":{\"@id\":\"https:\\\/\\\/tajkertesz.com\\\/#website\"},\"primaryImageOfPage\":{\"@id\":\"https:\\\/\\\/tajkertesz.com\\\/termek\\\/salata-batavia-vetomag\\\/#primaryimage\"},\"image\":{\"@id\":\"https:\\\/\\\/tajkertesz.com\\\/termek\\\/salata-batavia-vetomag\\\/#primaryimage\"},\"thumbnailUrl\":\"https:\\\/\\\/tajkertesz.com\\\/wp-content\\\/uploads\\\/2023\\\/01\\\/20230127_153154-1-scaled.jpg\",\"datePublished\":\"2023-01-27T15:08:09+00:00\",\"dateModified\":\"2026-02-18T14:54:46+00:00\",\"description\":\"Sal\u00e1ta Batavia vet\u0151mag. V\u00e1s\u00e1roljon vet\u0151magokat kert\u00e9szeti web\u00e1ruh\u00e1zunkb\u00f3l h\u00e1zhozsz\u00e1ll\u00edt\u00e1ssal, vagy szem\u00e9lyesen kert\u00e9szet\u00fcnkb\u0151l.\",\"breadcrumb\":{\"@id\":\"https:\\\/\\\/tajkertesz.com\\\/termek\\\/salata-batavia-vetomag\\\/#breadcrumb\"},\"inLanguage\":\"en-US\",\"potentialAction\":[{\"@type\":\"ReadAction\",\"target\":[\"https:\\\/\\\/tajkertesz.com\\\/termek\\\/salata-batavia-vetomag\\\/\"]}]},{\"@type\":\"ImageObject\",\"inLanguage\":\"en-US\",\"@id\":\"https:\\\/\\\/tajkertesz.com\\\/termek\\\/salata-batavia-vetomag\\\/#primaryimage\",\"url\":\"https:\\\/\\\/tajkertesz.com\\\/wp-content\\\/uploads\\\/2023\\\/01\\\/20230127_153154-1-scaled.jpg\",\"contentUrl\":\"https:\\\/\\\/tajkertesz.com\\\/wp-content\\\/uploads\\\/2023\\\/01\\\/20230127_153154-1-scaled.jpg\",\"width\":1407,\"height\":2560},{\"@type\":\"BreadcrumbList\",\"@id\":\"https:\\\/\\\/tajkertesz.com\\\/termek\\\/salata-batavia-vetomag\\\/#breadcrumb\",\"itemListElement\":[{\"@type\":\"ListItem\",\"position\":1,\"name\":\"Home\",\"item\":\"https:\\\/\\\/tajkertesz.com\\\/\"},{\"@type\":\"ListItem\",\"position\":2,\"name\":\"Kezd\u0151lap\",\"item\":\"https:\\\/\\\/tajkertesz.com\\\/\"},{\"@type\":\"ListItem\",\"position\":3,\"name\":\"Sal\u00e1ta Batavia vet\u0151mag\"}]},{\"@type\":\"WebSite\",\"@id\":\"https:\\\/\\\/tajkertesz.com\\\/#website\",\"url\":\"https:\\\/\\\/tajkertesz.com\\\/\",\"name\":\"T\u00e1j-Kert\u00e9sz 84 Kft.\",\"description\":\"Kert\u00e9szeti kis- \u00e9s nagykeresked\u00e9s, D\u00edszn\u00f6v\u00e9ny web\u00e1ruh\u00e1z orsz\u00e1gos h\u00e1zhozsz\u00e1ll\u00edt\u00e1ssal!\",\"publisher\":{\"@id\":\"https:\\\/\\\/tajkertesz.com\\\/#organization\"},\"potentialAction\":[{\"@type\":\"SearchAction\",\"target\":{\"@type\":\"EntryPoint\",\"urlTemplate\":\"https:\\\/\\\/tajkertesz.com\\\/?s={search_term_string}\"},\"query-input\":{\"@type\":\"PropertyValueSpecification\",\"valueRequired\":true,\"valueName\":\"search_term_string\"}}],\"inLanguage\":\"en-US\"},{\"@type\":\"Organization\",\"@id\":\"https:\\\/\\\/tajkertesz.com\\\/#organization\",\"name\":\"T\u00e1j-Kert\u00e9sz 84 Kft.\",\"url\":\"https:\\\/\\\/tajkertesz.com\\\/\",\"logo\":{\"@type\":\"ImageObject\",\"inLanguage\":\"en-US\",\"@id\":\"https:\\\/\\\/tajkertesz.com\\\/#\\\/schema\\\/logo\\\/image\\\/\",\"url\":\"https:\\\/\\\/tajkertesz.com\\\/wp-content\\\/uploads\\\/2018\\\/02\\\/logo-2-e1518678052539.png\",\"contentUrl\":\"https:\\\/\\\/tajkertesz.com\\\/wp-content\\\/uploads\\\/2018\\\/02\\\/logo-2-e1518678052539.png\",\"width\":81,\"height\":140,\"caption\":\"T\u00e1j-Kert\u00e9sz 84 Kft.\"},\"image\":{\"@id\":\"https:\\\/\\\/tajkertesz.com\\\/#\\\/schema\\\/logo\\\/image\\\/\"},\"sameAs\":[\"https:\\\/\\\/www.facebook.com\\\/Tajkertesz\\\/\"]}]}<\/script>\n<!-- \/ Yoast SEO plugin. -->","yoast_head_json":{"title":"Sal\u00e1ta Batavia vet\u0151mag - T\u00e1jkert\u00e9sz","description":"Sal\u00e1ta Batavia vet\u0151mag. V\u00e1s\u00e1roljon vet\u0151magokat kert\u00e9szeti web\u00e1ruh\u00e1zunkb\u00f3l h\u00e1zhozsz\u00e1ll\u00edt\u00e1ssal, vagy szem\u00e9lyesen kert\u00e9szet\u00fcnkb\u0151l.","robots":{"index":"index","follow":"follow","max-snippet":"max-snippet:-1","max-image-preview":"max-image-preview:large","max-video-preview":"max-video-preview:-1"},"canonical":"https:\/\/tajkertesz.com\/en_US\/product\/salata-batavia-vetomag\/","og_locale":"en_US","og_type":"article","og_title":"Sal\u00e1ta Batavia vet\u0151mag - T\u00e1jkert\u00e9sz","og_description":"Sal\u00e1ta Batavia vet\u0151mag","og_url":"https:\/\/tajkertesz.com\/en_US\/product\/salata-batavia-vetomag\/","og_site_name":"T\u00e1jkert\u00e9sz","article_publisher":"https:\/\/www.facebook.com\/Tajkertesz\/","article_modified_time":"2026-02-18T14:54:46+00:00","og_image":[{"width":1407,"height":2560,"url":"https:\/\/tajkertesz.com\/wp-content\/uploads\/2023\/01\/20230127_153154-1-scaled.jpg","type":"image\/jpeg"}],"twitter_card":"summary_large_image","twitter_misc":{"Est. reading time":"2 minutes"},"schema":{"@context":"https:\/\/schema.org","@graph":[{"@type":"WebPage","@id":"https:\/\/tajkertesz.com\/termek\/salata-batavia-vetomag\/","url":"https:\/\/tajkertesz.com\/termek\/salata-batavia-vetomag\/","name":"Sal\u00e1ta Batavia vet\u0151mag - T\u00e1jkert\u00e9sz","isPartOf":{"@id":"https:\/\/tajkertesz.com\/#website"},"primaryImageOfPage":{"@id":"https:\/\/tajkertesz.com\/termek\/salata-batavia-vetomag\/#primaryimage"},"image":{"@id":"https:\/\/tajkertesz.com\/termek\/salata-batavia-vetomag\/#primaryimage"},"thumbnailUrl":"https:\/\/tajkertesz.com\/wp-content\/uploads\/2023\/01\/20230127_153154-1-scaled.jpg","datePublished":"2023-01-27T15:08:09+00:00","dateModified":"2026-02-18T14:54:46+00:00","description":"Sal\u00e1ta Batavia vet\u0151mag. V\u00e1s\u00e1roljon vet\u0151magokat kert\u00e9szeti web\u00e1ruh\u00e1zunkb\u00f3l h\u00e1zhozsz\u00e1ll\u00edt\u00e1ssal, vagy szem\u00e9lyesen kert\u00e9szet\u00fcnkb\u0151l.","breadcrumb":{"@id":"https:\/\/tajkertesz.com\/termek\/salata-batavia-vetomag\/#breadcrumb"},"inLanguage":"en-US","potentialAction":[{"@type":"ReadAction","target":["https:\/\/tajkertesz.com\/termek\/salata-batavia-vetomag\/"]}]},{"@type":"ImageObject","inLanguage":"en-US","@id":"https:\/\/tajkertesz.com\/termek\/salata-batavia-vetomag\/#primaryimage","url":"https:\/\/tajkertesz.com\/wp-content\/uploads\/2023\/01\/20230127_153154-1-scaled.jpg","contentUrl":"https:\/\/tajkertesz.com\/wp-content\/uploads\/2023\/01\/20230127_153154-1-scaled.jpg","width":1407,"height":2560},{"@type":"BreadcrumbList","@id":"https:\/\/tajkertesz.com\/termek\/salata-batavia-vetomag\/#breadcrumb","itemListElement":[{"@type":"ListItem","position":1,"name":"Home","item":"https:\/\/tajkertesz.com\/"},{"@type":"ListItem","position":2,"name":"Kezd\u0151lap","item":"https:\/\/tajkertesz.com\/"},{"@type":"ListItem","position":3,"name":"Sal\u00e1ta Batavia vet\u0151mag"}]},{"@type":"WebSite","@id":"https:\/\/tajkertesz.com\/#website","url":"https:\/\/tajkertesz.com\/","name":"T\u00e1j-Kert\u00e9sz 84 Kft.","description":"Kert\u00e9szeti kis- \u00e9s nagykeresked\u00e9s, D\u00edszn\u00f6v\u00e9ny web\u00e1ruh\u00e1z orsz\u00e1gos h\u00e1zhozsz\u00e1ll\u00edt\u00e1ssal!","publisher":{"@id":"https:\/\/tajkertesz.com\/#organization"},"potentialAction":[{"@type":"SearchAction","target":{"@type":"EntryPoint","urlTemplate":"https:\/\/tajkertesz.com\/?s={search_term_string}"},"query-input":{"@type":"PropertyValueSpecification","valueRequired":true,"valueName":"search_term_string"}}],"inLanguage":"en-US"},{"@type":"Organization","@id":"https:\/\/tajkertesz.com\/#organization","name":"T\u00e1j-Kert\u00e9sz 84 Kft.","url":"https:\/\/tajkertesz.com\/","logo":{"@type":"ImageObject","inLanguage":"en-US","@id":"https:\/\/tajkertesz.com\/#\/schema\/logo\/image\/","url":"https:\/\/tajkertesz.com\/wp-content\/uploads\/2018\/02\/logo-2-e1518678052539.png","contentUrl":"https:\/\/tajkertesz.com\/wp-content\/uploads\/2018\/02\/logo-2-e1518678052539.png","width":81,"height":140,"caption":"T\u00e1j-Kert\u00e9sz 84 Kft."},"image":{"@id":"https:\/\/tajkertesz.com\/#\/schema\/logo\/image\/"},"sameAs":["https:\/\/www.facebook.com\/Tajkertesz\/"]}]}},"_links":{"self":[{"href":"https:\/\/tajkertesz.com\/en_US\/wp-json\/wp\/v2\/product\/15054","targetHints":{"allow":["GET"]}}],"collection":[{"href":"https:\/\/tajkertesz.com\/en_US\/wp-json\/wp\/v2\/product"}],"about":[{"href":"https:\/\/tajkertesz.com\/en_US\/wp-json\/wp\/v2\/types\/product"}],"wp:featuredmedia":[{"embeddable":true,"href":"https:\/\/tajkertesz.com\/en_US\/wp-json\/wp\/v2\/media\/15045"}],"wp:attachment":[{"href":"https:\/\/tajkertesz.com\/en_US\/wp-json\/wp\/v2\/media?parent=15054"}],"wp:term":[{"taxonomy":"product_brand","embeddable":true,"href":"https:\/\/tajkertesz.com\/en_US\/wp-json\/wp\/v2\/product_brand?post=15054"},{"taxonomy":"product_cat","embeddable":true,"href":"https:\/\/tajkertesz.com\/en_US\/wp-json\/wp\/v2\/product_cat?post=15054"},{"taxonomy":"product_tag","embeddable":true,"href":"https:\/\/tajkertesz.com\/en_US\/wp-json\/wp\/v2\/product_tag?post=15054"}],"curies":[{"name":"wp","href":"https:\/\/api.w.org\/{rel}","templated":true}]}}