{"id":1506,"date":"2020-03-26T12:33:20","date_gmt":"2020-03-26T12:33:20","guid":{"rendered":"https:\/\/tajkertesz.com\/?post_type=product&#038;p=1506"},"modified":"2025-03-18T15:38:31","modified_gmt":"2025-03-18T15:38:31","slug":"crataegus-laevigata-pauls-scarlet-piros-viragu-galagonya-3","status":"publish","type":"product","link":"https:\/\/tajkertesz.com\/en_US\/product\/crataegus-laevigata-pauls-scarlet-piros-viragu-galagonya-3\/","title":{"rendered":"Crataegus laevigata &#8216;Paul&#8217;s Scarlet&#8217; , Piros vir\u00e1g\u00fa galagonya"},"content":{"rendered":"<p>Crataegus laevigata &#8216;Paul&#8217;s Scarlet&#8217; , Piros vir\u00e1g\u00fa galagonya<\/p>\n<p>A Crataegus laevigata &#8216;Paul&#8217;s Scarlet&#8217; , Piros vir\u00e1g\u00fa galagonya Nagy bokor vagy kis fa, nevel\u00e9st\u0151l f\u00fcgg\u0151en esetleg t\u00f6bb t\u00f6rzs\u0171.<\/p>\n<p>4-6 m magas, 3-4 m sz\u00e9les, laza g\u00f6mb alak\u00fa.<\/p>\n<p>\u00c9ves n\u00f6veked\u00e9se 20 cm.<\/p>\n<p><b>N\u00f6veked\u00e9s, alak:<\/b>\u00a0Nagy bokor vagy kis fa, nevel\u00e9st\u0151l f\u00fcgg\u0151en esetleg t\u00f6bb t\u00f6rzs\u0171. 4-6 m magas, 3-4 m sz\u00e9les, laza g\u00f6mb alak\u00fa. \u00c9ves n\u00f6veked\u00e9se 20 cm.<br \/>\n<b>Lev\u00e9l:<\/b>\u00a03-5 kar\u00e9j\u00fa, f\u00e9nyl\u0151 s\u00f6t\u00e9tz\u00f6ld, fon\u00e1ka halv\u00e1nyz\u00f6ld.<br \/>\n<b>Vir\u00e1g:<\/b>\u00a0K\u00e1rminv\u00f6r\u00f6s, telt, m\u00e1jus-j\u00faniusban ny\u00edl\u00f3.<br \/>\n<b>Term\u00e9s:<\/b>\u00a0Gyakorlatilag nincs.<br \/>\n<b>Term\u0151hely, ig\u00e9ny:<\/b>\u00a0Talajig\u00e9nye minim\u00e1lis. F\u00e9nyig\u00e9nyes. Egybib\u00e9s galagony\u00e1ra oltva sz\u00e9ls\u0151s\u00e9ges talajokon is haszn\u00e1lhat\u00f3 d\u00edszfa. Kit\u0171n\u0151 v\u00e1rost\u0171r\u0151, fagyt\u0171r\u0151.<br \/>\n<b>Felhaszn\u00e1l\u00e1s:<\/b>\u00a0Ed\u00e9nyes n\u00f6v\u00e9nyk\u00e9nt, kertben, parkban szoliterk\u00e9nt vagy csoportosan, sz\u0171k utc\u00e1k sorf\u00e1ja.<\/p>\n<h2>Jelen term\u00e9k\u00fcnk 4 literes cser\u00e9pben kaphat\u00f3 \u00e9s kb:100\/120 cm magas.<\/h2>\n<p style=\"line-height: 18.0pt; background: white; margin: 0cm 0cm 15.0pt 0cm;\"><b><span style=\"font-family: 'Ubuntu',serif; color: black;\">K\u00e9szlet\u00fcnk napi szinten v\u00e1ltozik, ez\u00e9rt k\u00e9rj\u00fck, \u00e9rdekl\u0151dj\u00f6n szem\u00e9lyesen, telefonon vagy email-en.<br \/>\nA v\u00e1ltoztat\u00e1s jog\u00e1t fenntartjuk!\u00a0<\/span><\/b><\/p>\n<p><a href=\"https:\/\/tajkertesz.com\/\">https:\/\/tajkertesz.com\/<\/a><\/p>\n<p><a href=\"https:\/\/hu.wikipedia.org\/wiki\/Cseregalagonya\">https:\/\/hu.wikipedia.org\/wiki\/Cseregalagonya<\/a><\/p>\n<h5><span style=\"color: #ffffff;\">A\u00a0<b>cseregalagonya<\/b>\u00a0vagy\u00a0<b>k\u00e9tbib\u00e9s galagonya<\/b>\u00a0<i>(Crataegus laevigata)<\/i>\u00a0a\u00a0<a style=\"color: #ffffff;\" title=\"R\u00f3zsaf\u00e9l\u00e9k\" href=\"https:\/\/hu.wikipedia.org\/wiki\/R%C3%B3zsaf%C3%A9l%C3%A9k\">r\u00f3zsaf\u00e9l\u00e9k<\/a>\u00a0<i>(Rosaceae)<\/i>\u00a0<a style=\"color: #ffffff;\" title=\"Csal\u00e1d (rendszertan)\" href=\"https:\/\/hu.wikipedia.org\/wiki\/Csal%C3%A1d_(rendszertan)\">csal\u00e1dj\u00e1ba<\/a>\u00a0tartoz\u00f3\u00a0<i><a class=\"mw-redirect\" style=\"color: #ffffff;\" title=\"Crataegus\" href=\"https:\/\/hu.wikipedia.org\/wiki\/Crataegus\">Crataegus<\/a><\/i>\u00a0<a style=\"color: #ffffff;\" title=\"Nemzets\u00e9g (rendszertan)\" href=\"https:\/\/hu.wikipedia.org\/wiki\/Nemzets%C3%A9g_(rendszertan)\">nemzets\u00e9g<\/a>\u00a0K\u00e1rp\u00e1t-medenc\u00e9ben is \u0151shonos\u00a0<a style=\"color: #ffffff;\" title=\"Faj\" href=\"https:\/\/hu.wikipedia.org\/wiki\/Faj\">faja<\/a>.<\/span><\/h5>\n<h5><span id=\"Felhaszn\u00e1l\u00e1sa\" class=\"mw-headline\" style=\"color: #ffffff;\">Felhaszn\u00e1l\u00e1sa<\/span><\/h5>\n<h5><span style=\"color: #ffffff;\">A cseregalagony\u00e1t\u00a0<b>a\u00a0<a style=\"color: #ffffff;\" title=\"Sz\u00edv\" href=\"https:\/\/hu.wikipedia.org\/wiki\/Sz%C3%ADv\">sz\u00edv<\/a>\u00a0izgalmi \u00e1llapot\u00e1nak<\/b>\u00a0(rohamokkal j\u00e1r\u00f3 szapora sz\u00edvver\u00e9s,\u00a0<a class=\"new\" style=\"color: #ffffff;\" title=\"Extraszisztol\u00e9 (a lap nem l\u00e9tezik)\" href=\"https:\/\/hu.wikipedia.org\/w\/index.php?title=Extraszisztol%C3%A9&amp;action=edit&amp;redlink=1\">extraszisztol\u00e9<\/a>\u00a0stb.) kezel\u00e9s\u00e9re javasolj\u00e1k, olyan feln\u0151tt betegeknek, akiknek eg\u00e9szs\u00e9ges a sz\u00edve. Szervi sz\u00edvbaj eset\u00e9n csak kieg\u00e9sz\u00edt\u0151 kezel\u00e9sk\u00e9nt haszn\u00e1lj\u00e1k.\u00a0<b>Enyhe sz\u00edvel\u00e9gtelens\u00e9g<\/b>\u00a0eset\u00e9n is aj\u00e1nlott, p\u00e9ld\u00e1ul j\u00f3indulat\u00fa\u00a0<a class=\"new\" style=\"color: #ffffff;\" title=\"Koszor\u00fa\u00e9r (a lap nem l\u00e9tezik)\" href=\"https:\/\/hu.wikipedia.org\/w\/index.php?title=Koszor%C3%BA%C3%A9r&amp;action=edit&amp;redlink=1\">koszor\u00fa\u00e9r<\/a>-el\u00e9gtelens\u00e9g vagy az id\u0151s sz\u00edv f\u00e1radts\u00e1g\u00e1nak kezel\u00e9s\u00e9re. V\u00e9g\u00fcl a k\u00f6zponti idegrendszerre gyakorolt nyugtat\u00f3 hat\u00e1sa miatt, sokszor az\u00a0<a style=\"color: #ffffff;\" title=\"Orvosi macskagy\u00f6k\u00e9r\" href=\"https:\/\/hu.wikipedia.org\/wiki\/Orvosi_macskagy%C3%B6k%C3%A9r\">orvosi macskagy\u00f6k\u00e9rrel<\/a>\u00a0<i>(Valeriana officinalis L.)<\/i>\u00a0egy\u00fctt, feln\u0151ttek \u00e9s gyerekek enyhe\u00a0<b>alv\u00e1szavarainak<\/b>\u00a0t\u00fcneti kezel\u00e9s\u00e9re haszn\u00e1latos.<\/span><\/h5>\n<h5><span style=\"color: #ffffff;\"><span id=\"Gy.C3.B3gyhat.C3.A1sa\"><\/span><span id=\"Gy\u00f3gyhat\u00e1sa\" class=\"mw-headline\">Gy\u00f3gyhat\u00e1sa<\/span><\/span><\/h5>\n<h5><span style=\"color: #ffffff;\">A kutat\u00e1sok igazolt\u00e1k a cseregalagonya pozit\u00edv hat\u00e1s\u00e1t a sz\u00edv- \u00e9s \u00e9rrendszeri betegs\u00e9gek kezel\u00e9s\u00e9ben. A sz\u00edvizom k\u00e1liumpump\u00e1j\u00e1ra hatva er\u0151s\u00edti azt, \u00e9s szab\u00e1lyozza ritmus\u00e1t. N\u00f6veli a koszor\u00faerek v\u00e9r\u00e1raml\u00e1s\u00e1t is.\u00a0<a class=\"mw-redirect\" style=\"color: #ffffff;\" title=\"Simaizom\" href=\"https:\/\/hu.wikipedia.org\/wiki\/Simaizom\">Simaizom<\/a>-ellaz\u00edt\u00f3 hat\u00e1sa cs\u00f6kkenti a fesz\u00fclts\u00e9get. \u00c9rt\u00e1g\u00edt\u00f3k\u00e9nt m\u00e9rs\u00e9kli a hajsz\u00e1lerek ellen\u00e1ll\u00e1s\u00e1t. V\u00e9g\u00fcl, mivel csillap\u00edtja az er\u0151s sz\u00edvdobog\u00e1st, a cseregalagonya nyugtat\u00f3 hat\u00e1st fejt ki a\u00a0<a style=\"color: #ffffff;\" title=\"K\u00f6zponti idegrendszer\" href=\"https:\/\/hu.wikipedia.org\/wiki\/K%C3%B6zponti_idegrendszer\">k\u00f6zponti idegrendszerre<\/a>.<\/span><\/h5>\n<h5><span style=\"color: #ffffff;\">A sz\u00edvre gyakorolt er\u0151s hat\u00e1sa miatt csak szakorvos (<a class=\"mw-redirect\" style=\"color: #ffffff;\" title=\"Kardiol\u00f3gus\" href=\"https:\/\/hu.wikipedia.org\/wiki\/Kardiol%C3%B3gus\">kardiol\u00f3gus<\/a>) tan\u00e1cs\u00e1ra alkalmazza! A n\u00f6v\u00e9ny kivonatait is kiz\u00e1r\u00f3lag orvosi rendelv\u00e9nyre fogyassza!<\/span><\/h5>","protected":false},"excerpt":{"rendered":"<p>A Crataegus laevigata &#8216;Paul&#8217;s Scarlet&#8217; , Piros vir\u00e1g\u00fa galagonya Nagy bokor vagy kis fa, nevel\u00e9st\u0151l f\u00fcgg\u0151en esetleg t\u00f6bb t\u00f6rzs\u0171.<\/p>\n<p>4-6 m magas, 3-4 m sz\u00e9les, laza g\u00f6mb alak\u00fa.<\/p>\n<p>\u00c9ves n\u00f6veked\u00e9se 20 cm.<\/p>\n<h2>Jelen term\u00e9k\u00fcnk 4 literes cser\u00e9pben kaphat\u00f3 \u00e9s kb:100\/120cm magas.<\/h2>\n<h2><\/h2>","protected":false},"featured_media":1504,"template":"","meta":{"_et_pb_use_builder":"","_et_pb_old_content":"","_et_gb_content_width":""},"product_brand":[],"product_cat":[28],"product_tag":[377,33,4195,378],"class_list":{"0":"post-1506","1":"product","2":"type-product","3":"status-publish","4":"has-post-thumbnail","6":"product_cat-diszfak","7":"product_tag-crataegus-laevigata-pauls-scarlet","8":"product_tag-diszfa","9":"product_tag-paul","10":"product_tag-piros-viragu-galagonya","12":"first","13":"outofstock","14":"shipping-taxable","15":"product-type-simple"},"yoast_head":"<!-- This site is optimized with the Yoast SEO plugin v27.3 - https:\/\/yoast.com\/product\/yoast-seo-wordpress\/ -->\n<title>Crataegus laevigata &#039;Paul&#039;s Scarlet&#039; , Piros vir\u00e1g\u00fa galagonya - T\u00e1jkert\u00e9sz<\/title>\n<meta name=\"description\" content=\"A Crataegus laevigata &#039;Paul&#039;s Scarlet&#039; , Piros vir\u00e1g\u00fa galagonya Nagy bokor vagy kis fa, nevel\u00e9st\u0151l f\u00fcgg\u0151en esetleg t\u00f6bb t\u00f6rzs\u0171.\" \/>\n<meta name=\"robots\" content=\"index, follow, max-snippet:-1, max-image-preview:large, max-video-preview:-1\" \/>\n<link rel=\"canonical\" href=\"https:\/\/tajkertesz.com\/en_US\/product\/crataegus-laevigata-pauls-scarlet-piros-viragu-galagonya-3\/\" \/>\n<meta property=\"og:locale\" content=\"en_US\" \/>\n<meta property=\"og:type\" content=\"article\" \/>\n<meta property=\"og:title\" content=\"Crataegus laevigata &#039;Paul&#039;s Scarlet&#039; , Piros vir\u00e1g\u00fa galagonya - T\u00e1jkert\u00e9sz\" \/>\n<meta property=\"og:description\" content=\"A Crataegus laevigata &#039;Paul&#039;s Scarlet&#039; , Piros vir\u00e1g\u00fa galagonya Nagy bokor vagy kis fa, nevel\u00e9st\u0151l f\u00fcgg\u0151en esetleg t\u00f6bb t\u00f6rzs\u0171.\" \/>\n<meta property=\"og:url\" content=\"https:\/\/tajkertesz.com\/en_US\/product\/crataegus-laevigata-pauls-scarlet-piros-viragu-galagonya-3\/\" \/>\n<meta property=\"og:site_name\" content=\"T\u00e1jkert\u00e9sz\" \/>\n<meta property=\"article:publisher\" content=\"https:\/\/www.facebook.com\/Tajkertesz\/\" \/>\n<meta property=\"article:modified_time\" content=\"2025-03-18T15:38:31+00:00\" \/>\n<meta property=\"og:image\" content=\"https:\/\/tajkertesz.com\/wp-content\/uploads\/2020\/03\/Crataegus_laevigata_Pauls_Scarlet.jpg\" \/>\n\t<meta property=\"og:image:width\" content=\"1200\" \/>\n\t<meta property=\"og:image:height\" content=\"1600\" \/>\n\t<meta property=\"og:image:type\" content=\"image\/jpeg\" \/>\n<meta name=\"twitter:card\" content=\"summary_large_image\" \/>\n<meta name=\"twitter:label1\" content=\"Est. reading time\" \/>\n\t<meta name=\"twitter:data1\" content=\"2 minutes\" \/>\n<script type=\"application\/ld+json\" class=\"yoast-schema-graph\">{\"@context\":\"https:\\\/\\\/schema.org\",\"@graph\":[{\"@type\":\"WebPage\",\"@id\":\"https:\\\/\\\/tajkertesz.com\\\/termek\\\/crataegus-laevigata-pauls-scarlet-piros-viragu-galagonya-3\\\/\",\"url\":\"https:\\\/\\\/tajkertesz.com\\\/termek\\\/crataegus-laevigata-pauls-scarlet-piros-viragu-galagonya-3\\\/\",\"name\":\"Crataegus laevigata 'Paul's Scarlet' , Piros vir\u00e1g\u00fa galagonya - T\u00e1jkert\u00e9sz\",\"isPartOf\":{\"@id\":\"https:\\\/\\\/tajkertesz.com\\\/#website\"},\"primaryImageOfPage\":{\"@id\":\"https:\\\/\\\/tajkertesz.com\\\/termek\\\/crataegus-laevigata-pauls-scarlet-piros-viragu-galagonya-3\\\/#primaryimage\"},\"image\":{\"@id\":\"https:\\\/\\\/tajkertesz.com\\\/termek\\\/crataegus-laevigata-pauls-scarlet-piros-viragu-galagonya-3\\\/#primaryimage\"},\"thumbnailUrl\":\"https:\\\/\\\/tajkertesz.com\\\/wp-content\\\/uploads\\\/2020\\\/03\\\/Crataegus_laevigata_Pauls_Scarlet.jpg\",\"datePublished\":\"2020-03-26T12:33:20+00:00\",\"dateModified\":\"2025-03-18T15:38:31+00:00\",\"description\":\"A Crataegus laevigata 'Paul's Scarlet' , Piros vir\u00e1g\u00fa galagonya Nagy bokor vagy kis fa, nevel\u00e9st\u0151l f\u00fcgg\u0151en esetleg t\u00f6bb t\u00f6rzs\u0171.\",\"breadcrumb\":{\"@id\":\"https:\\\/\\\/tajkertesz.com\\\/termek\\\/crataegus-laevigata-pauls-scarlet-piros-viragu-galagonya-3\\\/#breadcrumb\"},\"inLanguage\":\"en-US\",\"potentialAction\":[{\"@type\":\"ReadAction\",\"target\":[\"https:\\\/\\\/tajkertesz.com\\\/termek\\\/crataegus-laevigata-pauls-scarlet-piros-viragu-galagonya-3\\\/\"]}]},{\"@type\":\"ImageObject\",\"inLanguage\":\"en-US\",\"@id\":\"https:\\\/\\\/tajkertesz.com\\\/termek\\\/crataegus-laevigata-pauls-scarlet-piros-viragu-galagonya-3\\\/#primaryimage\",\"url\":\"https:\\\/\\\/tajkertesz.com\\\/wp-content\\\/uploads\\\/2020\\\/03\\\/Crataegus_laevigata_Pauls_Scarlet.jpg\",\"contentUrl\":\"https:\\\/\\\/tajkertesz.com\\\/wp-content\\\/uploads\\\/2020\\\/03\\\/Crataegus_laevigata_Pauls_Scarlet.jpg\",\"width\":1200,\"height\":1600,\"caption\":\"Crataegus laevigata 'Paul's Scarlet Hamlet' - Piros vir\u00e1g\u00fa galagonya\"},{\"@type\":\"BreadcrumbList\",\"@id\":\"https:\\\/\\\/tajkertesz.com\\\/termek\\\/crataegus-laevigata-pauls-scarlet-piros-viragu-galagonya-3\\\/#breadcrumb\",\"itemListElement\":[{\"@type\":\"ListItem\",\"position\":1,\"name\":\"Home\",\"item\":\"https:\\\/\\\/tajkertesz.com\\\/\"},{\"@type\":\"ListItem\",\"position\":2,\"name\":\"Kezd\u0151lap\",\"item\":\"https:\\\/\\\/tajkertesz.com\\\/\"},{\"@type\":\"ListItem\",\"position\":3,\"name\":\"Crataegus laevigata &#8216;Paul&#8217;s Scarlet&#8217; , Piros vir\u00e1g\u00fa galagonya\"}]},{\"@type\":\"WebSite\",\"@id\":\"https:\\\/\\\/tajkertesz.com\\\/#website\",\"url\":\"https:\\\/\\\/tajkertesz.com\\\/\",\"name\":\"T\u00e1j-Kert\u00e9sz 84 Kft.\",\"description\":\"Kert\u00e9szeti kis- \u00e9s nagykeresked\u00e9s, D\u00edszn\u00f6v\u00e9ny web\u00e1ruh\u00e1z orsz\u00e1gos h\u00e1zhozsz\u00e1ll\u00edt\u00e1ssal!\",\"publisher\":{\"@id\":\"https:\\\/\\\/tajkertesz.com\\\/#organization\"},\"potentialAction\":[{\"@type\":\"SearchAction\",\"target\":{\"@type\":\"EntryPoint\",\"urlTemplate\":\"https:\\\/\\\/tajkertesz.com\\\/?s={search_term_string}\"},\"query-input\":{\"@type\":\"PropertyValueSpecification\",\"valueRequired\":true,\"valueName\":\"search_term_string\"}}],\"inLanguage\":\"en-US\"},{\"@type\":\"Organization\",\"@id\":\"https:\\\/\\\/tajkertesz.com\\\/#organization\",\"name\":\"T\u00e1j-Kert\u00e9sz 84 Kft.\",\"url\":\"https:\\\/\\\/tajkertesz.com\\\/\",\"logo\":{\"@type\":\"ImageObject\",\"inLanguage\":\"en-US\",\"@id\":\"https:\\\/\\\/tajkertesz.com\\\/#\\\/schema\\\/logo\\\/image\\\/\",\"url\":\"https:\\\/\\\/tajkertesz.com\\\/wp-content\\\/uploads\\\/2018\\\/02\\\/logo-2-e1518678052539.png\",\"contentUrl\":\"https:\\\/\\\/tajkertesz.com\\\/wp-content\\\/uploads\\\/2018\\\/02\\\/logo-2-e1518678052539.png\",\"width\":81,\"height\":140,\"caption\":\"T\u00e1j-Kert\u00e9sz 84 Kft.\"},\"image\":{\"@id\":\"https:\\\/\\\/tajkertesz.com\\\/#\\\/schema\\\/logo\\\/image\\\/\"},\"sameAs\":[\"https:\\\/\\\/www.facebook.com\\\/Tajkertesz\\\/\"]}]}<\/script>\n<!-- \/ Yoast SEO plugin. -->","yoast_head_json":{"title":"Crataegus laevigata 'Paul's Scarlet' , Piros vir\u00e1g\u00fa galagonya - T\u00e1jkert\u00e9sz","description":"A Crataegus laevigata 'Paul's Scarlet' , Piros vir\u00e1g\u00fa galagonya Nagy bokor vagy kis fa, nevel\u00e9st\u0151l f\u00fcgg\u0151en esetleg t\u00f6bb t\u00f6rzs\u0171.","robots":{"index":"index","follow":"follow","max-snippet":"max-snippet:-1","max-image-preview":"max-image-preview:large","max-video-preview":"max-video-preview:-1"},"canonical":"https:\/\/tajkertesz.com\/en_US\/product\/crataegus-laevigata-pauls-scarlet-piros-viragu-galagonya-3\/","og_locale":"en_US","og_type":"article","og_title":"Crataegus laevigata 'Paul's Scarlet' , Piros vir\u00e1g\u00fa galagonya - T\u00e1jkert\u00e9sz","og_description":"A Crataegus laevigata 'Paul's Scarlet' , Piros vir\u00e1g\u00fa galagonya Nagy bokor vagy kis fa, nevel\u00e9st\u0151l f\u00fcgg\u0151en esetleg t\u00f6bb t\u00f6rzs\u0171.","og_url":"https:\/\/tajkertesz.com\/en_US\/product\/crataegus-laevigata-pauls-scarlet-piros-viragu-galagonya-3\/","og_site_name":"T\u00e1jkert\u00e9sz","article_publisher":"https:\/\/www.facebook.com\/Tajkertesz\/","article_modified_time":"2025-03-18T15:38:31+00:00","og_image":[{"width":1200,"height":1600,"url":"https:\/\/tajkertesz.com\/wp-content\/uploads\/2020\/03\/Crataegus_laevigata_Pauls_Scarlet.jpg","type":"image\/jpeg"}],"twitter_card":"summary_large_image","twitter_misc":{"Est. reading time":"2 minutes"},"schema":{"@context":"https:\/\/schema.org","@graph":[{"@type":"WebPage","@id":"https:\/\/tajkertesz.com\/termek\/crataegus-laevigata-pauls-scarlet-piros-viragu-galagonya-3\/","url":"https:\/\/tajkertesz.com\/termek\/crataegus-laevigata-pauls-scarlet-piros-viragu-galagonya-3\/","name":"Crataegus laevigata 'Paul's Scarlet' , Piros vir\u00e1g\u00fa galagonya - T\u00e1jkert\u00e9sz","isPartOf":{"@id":"https:\/\/tajkertesz.com\/#website"},"primaryImageOfPage":{"@id":"https:\/\/tajkertesz.com\/termek\/crataegus-laevigata-pauls-scarlet-piros-viragu-galagonya-3\/#primaryimage"},"image":{"@id":"https:\/\/tajkertesz.com\/termek\/crataegus-laevigata-pauls-scarlet-piros-viragu-galagonya-3\/#primaryimage"},"thumbnailUrl":"https:\/\/tajkertesz.com\/wp-content\/uploads\/2020\/03\/Crataegus_laevigata_Pauls_Scarlet.jpg","datePublished":"2020-03-26T12:33:20+00:00","dateModified":"2025-03-18T15:38:31+00:00","description":"A Crataegus laevigata 'Paul's Scarlet' , Piros vir\u00e1g\u00fa galagonya Nagy bokor vagy kis fa, nevel\u00e9st\u0151l f\u00fcgg\u0151en esetleg t\u00f6bb t\u00f6rzs\u0171.","breadcrumb":{"@id":"https:\/\/tajkertesz.com\/termek\/crataegus-laevigata-pauls-scarlet-piros-viragu-galagonya-3\/#breadcrumb"},"inLanguage":"en-US","potentialAction":[{"@type":"ReadAction","target":["https:\/\/tajkertesz.com\/termek\/crataegus-laevigata-pauls-scarlet-piros-viragu-galagonya-3\/"]}]},{"@type":"ImageObject","inLanguage":"en-US","@id":"https:\/\/tajkertesz.com\/termek\/crataegus-laevigata-pauls-scarlet-piros-viragu-galagonya-3\/#primaryimage","url":"https:\/\/tajkertesz.com\/wp-content\/uploads\/2020\/03\/Crataegus_laevigata_Pauls_Scarlet.jpg","contentUrl":"https:\/\/tajkertesz.com\/wp-content\/uploads\/2020\/03\/Crataegus_laevigata_Pauls_Scarlet.jpg","width":1200,"height":1600,"caption":"Crataegus laevigata 'Paul's Scarlet Hamlet' - Piros vir\u00e1g\u00fa galagonya"},{"@type":"BreadcrumbList","@id":"https:\/\/tajkertesz.com\/termek\/crataegus-laevigata-pauls-scarlet-piros-viragu-galagonya-3\/#breadcrumb","itemListElement":[{"@type":"ListItem","position":1,"name":"Home","item":"https:\/\/tajkertesz.com\/"},{"@type":"ListItem","position":2,"name":"Kezd\u0151lap","item":"https:\/\/tajkertesz.com\/"},{"@type":"ListItem","position":3,"name":"Crataegus laevigata &#8216;Paul&#8217;s Scarlet&#8217; , Piros vir\u00e1g\u00fa galagonya"}]},{"@type":"WebSite","@id":"https:\/\/tajkertesz.com\/#website","url":"https:\/\/tajkertesz.com\/","name":"T\u00e1j-Kert\u00e9sz 84 Kft.","description":"Kert\u00e9szeti kis- \u00e9s nagykeresked\u00e9s, D\u00edszn\u00f6v\u00e9ny web\u00e1ruh\u00e1z orsz\u00e1gos h\u00e1zhozsz\u00e1ll\u00edt\u00e1ssal!","publisher":{"@id":"https:\/\/tajkertesz.com\/#organization"},"potentialAction":[{"@type":"SearchAction","target":{"@type":"EntryPoint","urlTemplate":"https:\/\/tajkertesz.com\/?s={search_term_string}"},"query-input":{"@type":"PropertyValueSpecification","valueRequired":true,"valueName":"search_term_string"}}],"inLanguage":"en-US"},{"@type":"Organization","@id":"https:\/\/tajkertesz.com\/#organization","name":"T\u00e1j-Kert\u00e9sz 84 Kft.","url":"https:\/\/tajkertesz.com\/","logo":{"@type":"ImageObject","inLanguage":"en-US","@id":"https:\/\/tajkertesz.com\/#\/schema\/logo\/image\/","url":"https:\/\/tajkertesz.com\/wp-content\/uploads\/2018\/02\/logo-2-e1518678052539.png","contentUrl":"https:\/\/tajkertesz.com\/wp-content\/uploads\/2018\/02\/logo-2-e1518678052539.png","width":81,"height":140,"caption":"T\u00e1j-Kert\u00e9sz 84 Kft."},"image":{"@id":"https:\/\/tajkertesz.com\/#\/schema\/logo\/image\/"},"sameAs":["https:\/\/www.facebook.com\/Tajkertesz\/"]}]}},"_links":{"self":[{"href":"https:\/\/tajkertesz.com\/en_US\/wp-json\/wp\/v2\/product\/1506","targetHints":{"allow":["GET"]}}],"collection":[{"href":"https:\/\/tajkertesz.com\/en_US\/wp-json\/wp\/v2\/product"}],"about":[{"href":"https:\/\/tajkertesz.com\/en_US\/wp-json\/wp\/v2\/types\/product"}],"wp:featuredmedia":[{"embeddable":true,"href":"https:\/\/tajkertesz.com\/en_US\/wp-json\/wp\/v2\/media\/1504"}],"wp:attachment":[{"href":"https:\/\/tajkertesz.com\/en_US\/wp-json\/wp\/v2\/media?parent=1506"}],"wp:term":[{"taxonomy":"product_brand","embeddable":true,"href":"https:\/\/tajkertesz.com\/en_US\/wp-json\/wp\/v2\/product_brand?post=1506"},{"taxonomy":"product_cat","embeddable":true,"href":"https:\/\/tajkertesz.com\/en_US\/wp-json\/wp\/v2\/product_cat?post=1506"},{"taxonomy":"product_tag","embeddable":true,"href":"https:\/\/tajkertesz.com\/en_US\/wp-json\/wp\/v2\/product_tag?post=1506"}],"curies":[{"name":"wp","href":"https:\/\/api.w.org\/{rel}","templated":true}]}}