{"id":15080,"date":"2023-01-30T14:33:13","date_gmt":"2023-01-30T14:33:13","guid":{"rendered":"https:\/\/tajkertesz.com\/?post_type=product&#038;p=15080"},"modified":"2026-02-16T14:30:03","modified_gmt":"2026-02-16T14:30:03","slug":"kukorica-minigold-csemegekukorica-2g","status":"publish","type":"product","link":"https:\/\/tajkertesz.com\/en_US\/product\/kukorica-minigold-csemegekukorica-2g\/","title":{"rendered":"Kukorica Minigold csemegekukorica 2g."},"content":{"rendered":"<h2>Kukorica Minigold csemegekukorica 2g.<\/h2>\n<p>Kukorica Minigold csemegekukorica 2g.<\/p>\n<p>R\u00e9dei Kertimag<\/p>\n<p><b>Tipp:<\/b>\u00a0A cs\u00f6vek let\u00f6r\u00e9s\u00e9t a kora reggeli id\u0151pontban v\u00e9gezz\u00fck, mivel ekkor a legmagasabb a kukoricaszemekben a cukortartalom.\u00a0<b>A fajt\u00e1k csoportos\u00edt\u00e1sa:<\/b>\u00a0Cukortartalmuk szerint:\u00a0<b>norm\u00e1l\u00e9des, cukortartalom-n\u00f6velt, szuper\u00e9des.<\/b><br \/>\nA\u00a0<b>norm\u00e1l\u00e9des<\/b>\u00a0fajt\u00e1k k\u00f6z\u00e9 soroljuk a hagyom\u00e1nyos, r\u00e9g\u00f3ta termesztett fajt\u00e1kat, (ilyen mint: Spirit F1, Puma F1, Royalty F1, Aranymazsola, Mv J\u00falius)<br \/>\nA\u00a0<b>cukortartalom-n\u00f6velt<\/b>\u00a0fajt\u00e1k tulajdonk\u00e9ppen ugyanolyan \u00e9desek, mint a norm\u00e1l fajt\u00e1k, de \u00e9des \u00edz\u00fcket hosszabb ideig \u0151rzik meg a cs\u00f6vek leszed\u00e9se ut\u00e1n.<br \/>\nA\u00a0<b>szuper\u00e9des<\/b>\u00a0fajt\u00e1k szemeinek \u00e1llom\u00e1nya a m\u00e1sik k\u00e9t t\u00edpust\u00f3l elt\u00e9r\u0151, roppan\u00f3 jelleg\u0171. A legmagasabb cukortartalommal rendelkeznek, kem\u00e9ny\u00edt\u0151tartalmuk a legalacsonyabb. Min\u0151s\u00e9g\u00fcket a m\u00e1sik k\u00e9t fajtat\u00edpusn\u00e1l tov\u00e1bb meg\u0151rzik, ez\u00e9rt hosszabb ideig takar\u00edthat\u00f3k be az optim\u00e1lis \u00e1llapotban. Leszedett \u00e1llapotban is tov\u00e1bb meg\u0151rzik min\u0151s\u00e9g\u00fcket. Ebbe a csoportba tartozik a Golda F1, Rebecca F1, Dessert 73. Ezzel szemben a szuper\u00e9des fajt\u00e1k cs\u00edran\u00f6v\u00e9nyei kev\u00e9sb\u00e9 \u00e9leter\u0151sek, \u00e9rz\u00e9kenyebbek a hidegre, mint a hagyom\u00e1nyos fajt\u00e1k, t\u00f6bb figyelmet ig\u00e9nyelnek a termeszt\u00e9s sor\u00e1n, \u00e9s a vet\u0151mag \u00e1ra is a legmagasabb. Csak nagyon sek\u00e9lyen vess\u00fck \u00e9s v\u00e1rjunk vet\u00e9s\u00fckkel, am\u00edg a talaj felmelegszik. A szuper\u00e9des fajt\u00e1kat el is kell v\u00e1lasztani az ugyanakkor vir\u00e1gz\u00f3, hagyom\u00e1nyos fajt\u00e1k\u00e9t\u00f3l, mert ha m\u00e1sik fajt\u00e1k egyedei porozz\u00e1k be, a cs\u00f6vek nem fejl\u0151dnek megfelel\u0151en. M\u00e1s kukorica vagy csemegekukorica f\u00f6ldekt\u0151l legal\u00e1bb 120 m legyen az izol\u00e1ci\u00f3s t\u00e1vols\u00e1g.<br \/>\n<b>Tipp:<\/b>\u00a0a szuper\u00e9des csemegekukoric\u00e1t csak 5-6 percig f\u0151zz\u00fck a forr\u00e1st\u00f3l sz\u00e1m\u00edtva. Igazi \u00edz\u00e9t \u00e9s finom zamat\u00e1t csak \u00edgy \u00e9lvezhetj\u00fck.<\/p>\n<table cellspacing=\"0\">\n<tbody>\n<tr>\n<td valign=\"top\">Csemegekukorica\u00a0(Zea mays)<\/td>\n<\/tr>\n<tr>\n<td colspan=\"2\">\n<table class=\"csoportinfo\" cellspacing=\"0\">\n<tbody>\n<tr class=\"csoportinfofejlec\">\n<td class=\"csoportinfofejlec\" width=\"15%\">1000 szem s\u00falya<\/td>\n<td class=\"csoportinfofejlec\" width=\"19%\">Vet\u0151magig\u00e9ny g\/10nm<\/td>\n<td class=\"csoportinfofejlec\" width=\"19%\">Vet\u00e9sid\u0151 szabadf\u00f6ldi termeszt\u00e9shez<\/td>\n<td class=\"csoportinfofejlec\" width=\"15%\">Vet\u00e9sm\u00e9lys\u00e9g<br \/>\ncm<\/td>\n<td class=\"csoportinfofejlec\" width=\"17%\">Sor- \u00e9s t\u0151t\u00e1vols\u00e1g<br \/>\ncm<\/td>\n<td class=\"csoportinfofejlec\" width=\"15%\">Cs\u00edr\u00e1z\u00e1si nap<br \/>\n5-10C fokon<\/td>\n<\/tr>\n<tr class=\"csoportinfotorzs\">\n<td class=\"csoportinfotorzs\">200-250g<\/td>\n<td class=\"csoportinfotorzs\">100-150<\/td>\n<td class=\"csoportinfotorzs\">IV-VI. h\u00f3nap<\/td>\n<td class=\"csoportinfotorzs\">1-2<\/td>\n<td class=\"csoportinfotorzs\">70 x 20<\/td>\n<td class=\"csoportinfotorzs\">10-14 nap<\/td>\n<\/tr>\n<\/tbody>\n<\/table>\n<\/td>\n<\/tr>\n<tr>\n<td colspan=\"2\">\n<p align=\"justify\">A friss csemegekukorica fogyaszt\u00e1s\u00e1nak \u00e9lm\u00e9ny\u00e9re h\u00edvjuk fel a v\u00e1s\u00e1rl\u00f3k figyelm\u00e9t. A saj\u00e1t magunk \u00e1ltal termelt kukorica az\u00e9rt is \u00e9desebb, mint a boltban v\u00e1s\u00e1rolt, mert a szemekben l\u00e9v\u0151 cukrok azonnal megkezdik a kem\u00e9ny\u00edt\u0151v\u00e9 alakul\u00e1st, amint a cs\u00f6veket let\u00f6rik.<\/p>\n<\/td>\n<\/tr>\n<\/tbody>\n<\/table>\n<p><strong>K\u00e9szlet\u00fcnk napi szinten v\u00e1ltozik, ez\u00e9rt k\u00e9rj\u00fck, \u00e9rdekl\u0151dj\u00f6n szem\u00e9lyesen, telefonon vagy email-en.<br \/>\nA v\u00e1ltoztat\u00e1s jog\u00e1t fenntartjuk!\u00a0<\/strong><\/p>\n<p><a href=\"https:\/\/tajkertesz.com\/\">https:\/\/tajkertesz.com\/<\/a><\/p>\n<p><a href=\"https:\/\/www.facebook.com\/tajkertesz\/\">https:\/\/www.facebook.com\/tajkertesz\/<\/a><\/p>\n<p>Kisz\u00e1ll\u00edt\u00e1s: 200cm-ig \u00a0\u00e9s 40 kg-ig a sz\u00e1ll\u00edt\u00e1s fut\u00e1rszolg\u00e1lattal \u00a0t\u00f6rt\u00e9nik!<\/p>\n<p>Szem\u00e9lyes \u00e1tv\u00e9tel nyitvatart\u00e1si id\u0151ben a 17. ker\u00fclet Bakancsos utca 7. sz\u00e1m alatti Kert\u00e9szeti \u00e1rud\u00e1ban<\/p>\n<p>&nbsp;<\/p>\n<p>Szem\u00e9lyes \u00e1tv\u00e9tel ak\u00e1r a mai napon, vagy h\u00e1zhozsz\u00e1ll\u00edt\u00e1s 1-2 napon bel\u00fcl!<\/p>\n<p>&nbsp;<\/p>\n<p>1173.Bp.Bakancsos u.7.<\/p>\n<p><a href=\"http:\/\/www.tajkertesz.com\">www.tajkertesz.com<\/a><\/p>\n<p>Kert\u00e9szeti kis-\u00e9s nagykeresked\u00e9s<\/p>","protected":false},"excerpt":{"rendered":"<h2>Kukorica Minigold csemegekukorica 2g.<\/h2>\n<div>MINIGOLD<\/div>\n<div>B\u00e9bikukorica!<br \/>\nB\u00e9bikukorica. A cs\u0151veket 10-12 cm hossz\u00fas\u00e1gn\u00e1l szedj\u00fck. Savany\u00fas\u00e1gnak vagy grillezve kiv\u00e1l\u00f3.<\/div>","protected":false},"featured_media":15044,"template":"","meta":{"_et_pb_use_builder":"","_et_pb_old_content":"","_et_gb_content_width":""},"product_brand":[],"product_cat":[4148,2881],"product_tag":[4138],"class_list":{"0":"post-15080","1":"product","2":"type-product","3":"status-publish","4":"has-post-thumbnail","6":"product_cat-kulonleges-delikatesz-vetomagok","7":"product_cat-zoldsegnoveny-vetomagok","8":"product_tag-vetomagok","10":"first","11":"instock","12":"shipping-taxable","13":"purchasable","14":"product-type-simple"},"yoast_head":"<!-- This site is optimized with the Yoast SEO plugin v27.4 - https:\/\/yoast.com\/product\/yoast-seo-wordpress\/ -->\n<title>Kukorica Minigold csemegekukorica 2g. - T\u00e1jkert\u00e9sz<\/title>\n<meta name=\"description\" content=\"Kukorica Minigold csemegekukorica 2g.\" \/>\n<meta name=\"robots\" content=\"index, follow, max-snippet:-1, max-image-preview:large, max-video-preview:-1\" \/>\n<link rel=\"canonical\" href=\"https:\/\/tajkertesz.com\/en_US\/product\/kukorica-minigold-csemegekukorica-2g\/\" \/>\n<meta property=\"og:locale\" content=\"en_US\" \/>\n<meta property=\"og:type\" content=\"article\" \/>\n<meta property=\"og:title\" content=\"Kukorica Minigold csemegekukorica 2g. - T\u00e1jkert\u00e9sz\" \/>\n<meta property=\"og:description\" content=\"Kukorica Minigold csemegekukorica 2g.\" \/>\n<meta property=\"og:url\" content=\"https:\/\/tajkertesz.com\/en_US\/product\/kukorica-minigold-csemegekukorica-2g\/\" \/>\n<meta property=\"og:site_name\" content=\"T\u00e1jkert\u00e9sz\" \/>\n<meta property=\"article:publisher\" content=\"https:\/\/www.facebook.com\/Tajkertesz\/\" \/>\n<meta property=\"article:modified_time\" content=\"2026-02-16T14:30:03+00:00\" \/>\n<meta property=\"og:image\" content=\"https:\/\/tajkertesz.com\/wp-content\/uploads\/2023\/01\/20230127_153230-1-scaled.jpg\" \/>\n\t<meta property=\"og:image:width\" content=\"1380\" \/>\n\t<meta property=\"og:image:height\" content=\"2560\" \/>\n\t<meta property=\"og:image:type\" content=\"image\/jpeg\" \/>\n<meta name=\"twitter:card\" content=\"summary_large_image\" \/>\n<meta name=\"twitter:label1\" content=\"Est. reading time\" \/>\n\t<meta name=\"twitter:data1\" content=\"3 minutes\" \/>\n<script type=\"application\/ld+json\" class=\"yoast-schema-graph\">{\"@context\":\"https:\\\/\\\/schema.org\",\"@graph\":[{\"@type\":\"WebPage\",\"@id\":\"https:\\\/\\\/tajkertesz.com\\\/termek\\\/kukorica-minigold-csemegekukorica-2g\\\/\",\"url\":\"https:\\\/\\\/tajkertesz.com\\\/termek\\\/kukorica-minigold-csemegekukorica-2g\\\/\",\"name\":\"Kukorica Minigold csemegekukorica 2g. - T\u00e1jkert\u00e9sz\",\"isPartOf\":{\"@id\":\"https:\\\/\\\/tajkertesz.com\\\/#website\"},\"primaryImageOfPage\":{\"@id\":\"https:\\\/\\\/tajkertesz.com\\\/termek\\\/kukorica-minigold-csemegekukorica-2g\\\/#primaryimage\"},\"image\":{\"@id\":\"https:\\\/\\\/tajkertesz.com\\\/termek\\\/kukorica-minigold-csemegekukorica-2g\\\/#primaryimage\"},\"thumbnailUrl\":\"https:\\\/\\\/tajkertesz.com\\\/wp-content\\\/uploads\\\/2023\\\/01\\\/20230127_153230-1-scaled.jpg\",\"datePublished\":\"2023-01-30T14:33:13+00:00\",\"dateModified\":\"2026-02-16T14:30:03+00:00\",\"description\":\"Kukorica Minigold csemegekukorica 2g.\",\"breadcrumb\":{\"@id\":\"https:\\\/\\\/tajkertesz.com\\\/termek\\\/kukorica-minigold-csemegekukorica-2g\\\/#breadcrumb\"},\"inLanguage\":\"en-US\",\"potentialAction\":[{\"@type\":\"ReadAction\",\"target\":[\"https:\\\/\\\/tajkertesz.com\\\/termek\\\/kukorica-minigold-csemegekukorica-2g\\\/\"]}]},{\"@type\":\"ImageObject\",\"inLanguage\":\"en-US\",\"@id\":\"https:\\\/\\\/tajkertesz.com\\\/termek\\\/kukorica-minigold-csemegekukorica-2g\\\/#primaryimage\",\"url\":\"https:\\\/\\\/tajkertesz.com\\\/wp-content\\\/uploads\\\/2023\\\/01\\\/20230127_153230-1-scaled.jpg\",\"contentUrl\":\"https:\\\/\\\/tajkertesz.com\\\/wp-content\\\/uploads\\\/2023\\\/01\\\/20230127_153230-1-scaled.jpg\",\"width\":1380,\"height\":2560},{\"@type\":\"BreadcrumbList\",\"@id\":\"https:\\\/\\\/tajkertesz.com\\\/termek\\\/kukorica-minigold-csemegekukorica-2g\\\/#breadcrumb\",\"itemListElement\":[{\"@type\":\"ListItem\",\"position\":1,\"name\":\"Home\",\"item\":\"https:\\\/\\\/tajkertesz.com\\\/\"},{\"@type\":\"ListItem\",\"position\":2,\"name\":\"Kezd\u0151lap\",\"item\":\"https:\\\/\\\/tajkertesz.com\\\/\"},{\"@type\":\"ListItem\",\"position\":3,\"name\":\"Kukorica Minigold csemegekukorica 2g.\"}]},{\"@type\":\"WebSite\",\"@id\":\"https:\\\/\\\/tajkertesz.com\\\/#website\",\"url\":\"https:\\\/\\\/tajkertesz.com\\\/\",\"name\":\"T\u00e1j-Kert\u00e9sz 84 Kft.\",\"description\":\"Kert\u00e9szeti kis- \u00e9s nagykeresked\u00e9s, D\u00edszn\u00f6v\u00e9ny web\u00e1ruh\u00e1z orsz\u00e1gos h\u00e1zhozsz\u00e1ll\u00edt\u00e1ssal!\",\"publisher\":{\"@id\":\"https:\\\/\\\/tajkertesz.com\\\/#organization\"},\"potentialAction\":[{\"@type\":\"SearchAction\",\"target\":{\"@type\":\"EntryPoint\",\"urlTemplate\":\"https:\\\/\\\/tajkertesz.com\\\/?s={search_term_string}\"},\"query-input\":{\"@type\":\"PropertyValueSpecification\",\"valueRequired\":true,\"valueName\":\"search_term_string\"}}],\"inLanguage\":\"en-US\"},{\"@type\":\"Organization\",\"@id\":\"https:\\\/\\\/tajkertesz.com\\\/#organization\",\"name\":\"T\u00e1j-Kert\u00e9sz 84 Kft.\",\"url\":\"https:\\\/\\\/tajkertesz.com\\\/\",\"logo\":{\"@type\":\"ImageObject\",\"inLanguage\":\"en-US\",\"@id\":\"https:\\\/\\\/tajkertesz.com\\\/#\\\/schema\\\/logo\\\/image\\\/\",\"url\":\"https:\\\/\\\/tajkertesz.com\\\/wp-content\\\/uploads\\\/2018\\\/02\\\/logo-2-e1518678052539.png\",\"contentUrl\":\"https:\\\/\\\/tajkertesz.com\\\/wp-content\\\/uploads\\\/2018\\\/02\\\/logo-2-e1518678052539.png\",\"width\":81,\"height\":140,\"caption\":\"T\u00e1j-Kert\u00e9sz 84 Kft.\"},\"image\":{\"@id\":\"https:\\\/\\\/tajkertesz.com\\\/#\\\/schema\\\/logo\\\/image\\\/\"},\"sameAs\":[\"https:\\\/\\\/www.facebook.com\\\/Tajkertesz\\\/\"]}]}<\/script>\n<!-- \/ Yoast SEO plugin. -->","yoast_head_json":{"title":"Kukorica Minigold csemegekukorica 2g. - T\u00e1jkert\u00e9sz","description":"Kukorica Minigold csemegekukorica 2g.","robots":{"index":"index","follow":"follow","max-snippet":"max-snippet:-1","max-image-preview":"max-image-preview:large","max-video-preview":"max-video-preview:-1"},"canonical":"https:\/\/tajkertesz.com\/en_US\/product\/kukorica-minigold-csemegekukorica-2g\/","og_locale":"en_US","og_type":"article","og_title":"Kukorica Minigold csemegekukorica 2g. - T\u00e1jkert\u00e9sz","og_description":"Kukorica Minigold csemegekukorica 2g.","og_url":"https:\/\/tajkertesz.com\/en_US\/product\/kukorica-minigold-csemegekukorica-2g\/","og_site_name":"T\u00e1jkert\u00e9sz","article_publisher":"https:\/\/www.facebook.com\/Tajkertesz\/","article_modified_time":"2026-02-16T14:30:03+00:00","og_image":[{"width":1380,"height":2560,"url":"https:\/\/tajkertesz.com\/wp-content\/uploads\/2023\/01\/20230127_153230-1-scaled.jpg","type":"image\/jpeg"}],"twitter_card":"summary_large_image","twitter_misc":{"Est. reading time":"3 minutes"},"schema":{"@context":"https:\/\/schema.org","@graph":[{"@type":"WebPage","@id":"https:\/\/tajkertesz.com\/termek\/kukorica-minigold-csemegekukorica-2g\/","url":"https:\/\/tajkertesz.com\/termek\/kukorica-minigold-csemegekukorica-2g\/","name":"Kukorica Minigold csemegekukorica 2g. - T\u00e1jkert\u00e9sz","isPartOf":{"@id":"https:\/\/tajkertesz.com\/#website"},"primaryImageOfPage":{"@id":"https:\/\/tajkertesz.com\/termek\/kukorica-minigold-csemegekukorica-2g\/#primaryimage"},"image":{"@id":"https:\/\/tajkertesz.com\/termek\/kukorica-minigold-csemegekukorica-2g\/#primaryimage"},"thumbnailUrl":"https:\/\/tajkertesz.com\/wp-content\/uploads\/2023\/01\/20230127_153230-1-scaled.jpg","datePublished":"2023-01-30T14:33:13+00:00","dateModified":"2026-02-16T14:30:03+00:00","description":"Kukorica Minigold csemegekukorica 2g.","breadcrumb":{"@id":"https:\/\/tajkertesz.com\/termek\/kukorica-minigold-csemegekukorica-2g\/#breadcrumb"},"inLanguage":"en-US","potentialAction":[{"@type":"ReadAction","target":["https:\/\/tajkertesz.com\/termek\/kukorica-minigold-csemegekukorica-2g\/"]}]},{"@type":"ImageObject","inLanguage":"en-US","@id":"https:\/\/tajkertesz.com\/termek\/kukorica-minigold-csemegekukorica-2g\/#primaryimage","url":"https:\/\/tajkertesz.com\/wp-content\/uploads\/2023\/01\/20230127_153230-1-scaled.jpg","contentUrl":"https:\/\/tajkertesz.com\/wp-content\/uploads\/2023\/01\/20230127_153230-1-scaled.jpg","width":1380,"height":2560},{"@type":"BreadcrumbList","@id":"https:\/\/tajkertesz.com\/termek\/kukorica-minigold-csemegekukorica-2g\/#breadcrumb","itemListElement":[{"@type":"ListItem","position":1,"name":"Home","item":"https:\/\/tajkertesz.com\/"},{"@type":"ListItem","position":2,"name":"Kezd\u0151lap","item":"https:\/\/tajkertesz.com\/"},{"@type":"ListItem","position":3,"name":"Kukorica Minigold csemegekukorica 2g."}]},{"@type":"WebSite","@id":"https:\/\/tajkertesz.com\/#website","url":"https:\/\/tajkertesz.com\/","name":"T\u00e1j-Kert\u00e9sz 84 Kft.","description":"Kert\u00e9szeti kis- \u00e9s nagykeresked\u00e9s, D\u00edszn\u00f6v\u00e9ny web\u00e1ruh\u00e1z orsz\u00e1gos h\u00e1zhozsz\u00e1ll\u00edt\u00e1ssal!","publisher":{"@id":"https:\/\/tajkertesz.com\/#organization"},"potentialAction":[{"@type":"SearchAction","target":{"@type":"EntryPoint","urlTemplate":"https:\/\/tajkertesz.com\/?s={search_term_string}"},"query-input":{"@type":"PropertyValueSpecification","valueRequired":true,"valueName":"search_term_string"}}],"inLanguage":"en-US"},{"@type":"Organization","@id":"https:\/\/tajkertesz.com\/#organization","name":"T\u00e1j-Kert\u00e9sz 84 Kft.","url":"https:\/\/tajkertesz.com\/","logo":{"@type":"ImageObject","inLanguage":"en-US","@id":"https:\/\/tajkertesz.com\/#\/schema\/logo\/image\/","url":"https:\/\/tajkertesz.com\/wp-content\/uploads\/2018\/02\/logo-2-e1518678052539.png","contentUrl":"https:\/\/tajkertesz.com\/wp-content\/uploads\/2018\/02\/logo-2-e1518678052539.png","width":81,"height":140,"caption":"T\u00e1j-Kert\u00e9sz 84 Kft."},"image":{"@id":"https:\/\/tajkertesz.com\/#\/schema\/logo\/image\/"},"sameAs":["https:\/\/www.facebook.com\/Tajkertesz\/"]}]}},"_links":{"self":[{"href":"https:\/\/tajkertesz.com\/en_US\/wp-json\/wp\/v2\/product\/15080","targetHints":{"allow":["GET"]}}],"collection":[{"href":"https:\/\/tajkertesz.com\/en_US\/wp-json\/wp\/v2\/product"}],"about":[{"href":"https:\/\/tajkertesz.com\/en_US\/wp-json\/wp\/v2\/types\/product"}],"wp:featuredmedia":[{"embeddable":true,"href":"https:\/\/tajkertesz.com\/en_US\/wp-json\/wp\/v2\/media\/15044"}],"wp:attachment":[{"href":"https:\/\/tajkertesz.com\/en_US\/wp-json\/wp\/v2\/media?parent=15080"}],"wp:term":[{"taxonomy":"product_brand","embeddable":true,"href":"https:\/\/tajkertesz.com\/en_US\/wp-json\/wp\/v2\/product_brand?post=15080"},{"taxonomy":"product_cat","embeddable":true,"href":"https:\/\/tajkertesz.com\/en_US\/wp-json\/wp\/v2\/product_cat?post=15080"},{"taxonomy":"product_tag","embeddable":true,"href":"https:\/\/tajkertesz.com\/en_US\/wp-json\/wp\/v2\/product_tag?post=15080"}],"curies":[{"name":"wp","href":"https:\/\/api.w.org\/{rel}","templated":true}]}}