{"id":15096,"date":"2023-01-30T14:42:51","date_gmt":"2023-01-30T14:42:51","guid":{"rendered":"https:\/\/tajkertesz.com\/?post_type=product&#038;p=15096"},"modified":"2026-02-20T13:44:24","modified_gmt":"2026-02-20T13:44:24","slug":"gladiolus-green-star-kardvirag","status":"publish","type":"product","link":"https:\/\/tajkertesz.com\/en_US\/product\/gladiolus-green-star-kardvirag\/","title":{"rendered":"Gladiolus Green Star , kardvir\u00e1g"},"content":{"rendered":"<p>Gladiolus Green Star , kardvir\u00e1g<\/p>\n<p>&nbsp;<\/p>\n<p>A Gladiolus Green Star , kardvir\u00e1g 100-150 cm-re n\u0151v\u0151 j\u00faliust\u00f3l szeptemberig vir\u00e1gz\u00f3 csod\u00e1s v\u00e1gott vir\u00e1g.<\/p>\n<p>T\u00f6bb d\u00e9l-afrikai faj keresztez\u00e9s\u00e9vel m\u00e1r a XIX. sz\u00e1zadban l\u00e9trehozott alakk\u00f6r. Hagymagum\u00f3s.<\/p>\n<p>Vir\u00e1gsz\u00e1ruk er\u0151s \u00e9s magas.<\/p>\n<p>Napos, meleg helyet, b\u0151s\u00e9ges v\u00edzell\u00e1t\u00e1st ig\u00e9nyel.<\/p>\n<p>\u00dcltet\u00e9si ideje m\u00e1jus -j\u00fanius.<\/p>\n<p>Sz\u00e9ls\u0151s\u00e9ges talajok kiv\u00e9tel\u00e9vel mindenhol termeszthet\u0151. Kiv\u00e1l\u00f3 v\u00e1gott vir\u00e1g.<\/p>\n<p>A csomag tartalma : 8 gum\u00f3<\/p>\n<p><a href=\"https:\/\/tajkertesz.com\/\">https:\/\/tajkertesz.com\/<\/a><\/p>\n<p><a href=\"https:\/\/www.facebook.com\/tajkertesz\/\">https:\/\/www.facebook.com\/tajkertesz\/<\/a><\/p>\n<p>Kisz\u00e1ll\u00edt\u00e1s: 200cm-ig \u00a0\u00e9s 40 kg-ig a sz\u00e1ll\u00edt\u00e1s fut\u00e1rszolg\u00e1lattal \u00a0t\u00f6rt\u00e9nik.<\/p>\n<p>Szem\u00e9lyes \u00e1tv\u00e9tel nyitvatart\u00e1si id\u0151ben a 17. ker\u00fclet Bakancsos utca 7. sz\u00e1m alatti Kert\u00e9szeti \u00e1rud\u00e1ban.<\/p>\n<h6><span style=\"color: #ffffff;\">Elterjed\u00e9se A nemzets\u00e9gbe hozz\u00e1vet\u0151legesen 250 faj tartozik; k\u00f6z\u00fcl\u00fck 10 \u00e9l a mediterr\u00e1n Eur\u00f3p\u00e1ban \u00e9s \u00c1zsi\u00e1ban, a t\u00f6bbi Fekete-Afrik\u00e1ban. F\u0151 elterjed\u00e9si ter\u00fclet\u00fck (163 faj) a csup\u00e1n Nam\u00edbia \u00e9s a D\u00e9l-afrikai K\u00f6zt\u00e1rsas\u00e1g d\u00e9li r\u00e9sz\u00e9n elhelyezked\u0151 fokf\u00f6ldi fl\u00f3rabirodalom (Capensis).\u00a0Megjelen\u00e9se, fel\u00e9p\u00edt\u00e9se Kerek, r\u00e9szar\u00e1nyos gum\u00f3kb\u00f3l n\u0151. A hagyma barn\u00e1s, rostos h\u00e1rty\u00e1k t\u00f6bb r\u00e9teg\u00e9be burkol\u00f3zik.\u00a0Sz\u00e1ra \u00e1ltal\u00e1ban nem \u00e1gazik el, \u00e9s 1-9 keskeny, kard alak\u00fa, vessz\u0151h\u00fcvelybe z\u00e1rt, hosszant bar\u00e1zd\u00e1lt levelet n\u00f6veszt. A lev\u00e9lpeng\u00e9k keresztmetszete lehet sima vagy kereszt alak\u00fa.\u00a0Az illatos f\u00fcz\u00e9rvir\u00e1gzatok nagyok \u00e9s egyoldal\u00faak, k\u00e9t b\u0151rszer\u0171, elny\u00fal\u00f3, z\u00f6ld murvalev\u00e9llel. A cs\u00e9szelevelek \u00e9s a szirmok megjelen\u00e9se majdnem azonos. A h\u00e1ti cs\u00e9szelev\u00e9l a legnagyobb; ez a h\u00e1rom porz\u00f3sz\u00e1l f\u00f6l\u00e9 hajol.A kardvir\u00e1gfajok sokf\u00e9le sz\u00edn\u0171 nemes\u00edtett v\u00e1ltozata n\u0151 a h\u00e1zak kertjeiben: vannak telt vir\u00e1g\u00fa, fodros szirm\u00fa hibridek is. A vadon \u00e9l\u0151 fajok vir\u00e1gai \u00e1ltal\u00e1ban szer\u00e9nyebbek \u00e9s kisebbek, kivadult kerti rokonaik\u00e9n\u00e1l.<\/span><\/h6>\n<p>&nbsp;<\/p>\n<p>&nbsp;<\/p>","protected":false},"excerpt":{"rendered":"<p>A Gladiolus Green Star , kardvir\u00e1g 100-150 cm-re n\u0151v\u0151 j\u00faliust\u00f3l szeptemberig vir\u00e1gz\u00f3 csod\u00e1s v\u00e1gott vir\u00e1g.<\/p>\n<p>T\u00f6bb d\u00e9l-afrikai faj keresztez\u00e9s\u00e9vel m\u00e1r a XIX. sz\u00e1zadban l\u00e9trehozott alakk\u00f6r. Hagymagum\u00f3s.<\/p>\n<p>Vir\u00e1gsz\u00e1ruk er\u0151s \u00e9s magas.<\/p>\n<p>Napos, meleg helyet, b\u0151s\u00e9ges v\u00edzell\u00e1t\u00e1st ig\u00e9nyel.<\/p>\n<p>\u00dcltet\u00e9si ideje m\u00e1jus -j\u00fanius.<\/p>\n<p>Sz\u00e9ls\u0151s\u00e9ges talajok kiv\u00e9tel\u00e9vel mindenhol termeszthet\u0151. Kiv\u00e1l\u00f3 v\u00e1gott vir\u00e1g.<\/p>","protected":false},"featured_media":15099,"template":"","meta":{"_et_pb_use_builder":"","_et_pb_old_content":"","_et_gb_content_width":""},"product_brand":[],"product_cat":[3857],"product_tag":[4181,3718],"class_list":{"0":"post-15096","1":"product","2":"type-product","3":"status-publish","4":"has-post-thumbnail","6":"product_cat-viraghagyma-dughagyma","7":"product_tag-gladiolus-green-star","8":"product_tag-kardvirag","10":"first","11":"onbackorder","12":"shipping-taxable","13":"purchasable","14":"product-type-simple"},"yoast_head":"<!-- This site is optimized with the Yoast SEO plugin v27.4 - https:\/\/yoast.com\/product\/yoast-seo-wordpress\/ -->\n<title>Gladiolus Green Star , kardvir\u00e1g - T\u00e1jkert\u00e9sz<\/title>\n<meta name=\"description\" content=\"A Gladiolus Green Star , kardvir\u00e1g 100-150 cm-re n\u0151v\u0151 j\u00faliust\u00f3l szeptemberig vir\u00e1gz\u00f3 csod\u00e1s v\u00e1gott vir\u00e1g. Napos, meleg helyet, b\u0151s\u00e9ges v\u00edzell\u00e1t\u00e1st ig\u00e9nyel.\" \/>\n<meta name=\"robots\" content=\"index, follow, max-snippet:-1, max-image-preview:large, max-video-preview:-1\" \/>\n<link rel=\"canonical\" href=\"https:\/\/tajkertesz.com\/en_US\/product\/gladiolus-green-star-kardvirag\/\" \/>\n<meta property=\"og:locale\" content=\"en_US\" \/>\n<meta property=\"og:type\" content=\"article\" \/>\n<meta property=\"og:title\" content=\"Gladiolus Green Star , kardvir\u00e1g - T\u00e1jkert\u00e9sz\" \/>\n<meta property=\"og:description\" content=\"A Gladiolus Green Star , kardvir\u00e1g 100-150 cm-re n\u0151v\u0151 j\u00faliust\u00f3l szeptemberig vir\u00e1gz\u00f3 csod\u00e1s v\u00e1gott vir\u00e1g. Napos, meleg helyet, b\u0151s\u00e9ges v\u00edzell\u00e1t\u00e1st ig\u00e9nyel.\" \/>\n<meta property=\"og:url\" content=\"https:\/\/tajkertesz.com\/en_US\/product\/gladiolus-green-star-kardvirag\/\" \/>\n<meta property=\"og:site_name\" content=\"T\u00e1jkert\u00e9sz\" \/>\n<meta property=\"article:publisher\" content=\"https:\/\/www.facebook.com\/Tajkertesz\/\" \/>\n<meta property=\"article:modified_time\" content=\"2026-02-20T13:44:24+00:00\" \/>\n<meta property=\"og:image\" content=\"https:\/\/tajkertesz.com\/wp-content\/uploads\/2023\/01\/Gladiolus-Green-Star.jpg\" \/>\n\t<meta property=\"og:image:width\" content=\"370\" \/>\n\t<meta property=\"og:image:height\" content=\"559\" \/>\n\t<meta property=\"og:image:type\" content=\"image\/jpeg\" \/>\n<meta name=\"twitter:card\" content=\"summary_large_image\" \/>\n<meta name=\"twitter:label1\" content=\"Est. reading time\" \/>\n\t<meta name=\"twitter:data1\" content=\"2 minutes\" \/>\n<script type=\"application\/ld+json\" class=\"yoast-schema-graph\">{\"@context\":\"https:\\\/\\\/schema.org\",\"@graph\":[{\"@type\":\"WebPage\",\"@id\":\"https:\\\/\\\/tajkertesz.com\\\/termek\\\/gladiolus-green-star-kardvirag\\\/\",\"url\":\"https:\\\/\\\/tajkertesz.com\\\/termek\\\/gladiolus-green-star-kardvirag\\\/\",\"name\":\"Gladiolus Green Star , kardvir\u00e1g - T\u00e1jkert\u00e9sz\",\"isPartOf\":{\"@id\":\"https:\\\/\\\/tajkertesz.com\\\/#website\"},\"primaryImageOfPage\":{\"@id\":\"https:\\\/\\\/tajkertesz.com\\\/termek\\\/gladiolus-green-star-kardvirag\\\/#primaryimage\"},\"image\":{\"@id\":\"https:\\\/\\\/tajkertesz.com\\\/termek\\\/gladiolus-green-star-kardvirag\\\/#primaryimage\"},\"thumbnailUrl\":\"https:\\\/\\\/tajkertesz.com\\\/wp-content\\\/uploads\\\/2023\\\/01\\\/Gladiolus-Green-Star.jpg\",\"datePublished\":\"2023-01-30T14:42:51+00:00\",\"dateModified\":\"2026-02-20T13:44:24+00:00\",\"description\":\"A Gladiolus Green Star , kardvir\u00e1g 100-150 cm-re n\u0151v\u0151 j\u00faliust\u00f3l szeptemberig vir\u00e1gz\u00f3 csod\u00e1s v\u00e1gott vir\u00e1g. Napos, meleg helyet, b\u0151s\u00e9ges v\u00edzell\u00e1t\u00e1st ig\u00e9nyel.\",\"breadcrumb\":{\"@id\":\"https:\\\/\\\/tajkertesz.com\\\/termek\\\/gladiolus-green-star-kardvirag\\\/#breadcrumb\"},\"inLanguage\":\"en-US\",\"potentialAction\":[{\"@type\":\"ReadAction\",\"target\":[\"https:\\\/\\\/tajkertesz.com\\\/termek\\\/gladiolus-green-star-kardvirag\\\/\"]}]},{\"@type\":\"ImageObject\",\"inLanguage\":\"en-US\",\"@id\":\"https:\\\/\\\/tajkertesz.com\\\/termek\\\/gladiolus-green-star-kardvirag\\\/#primaryimage\",\"url\":\"https:\\\/\\\/tajkertesz.com\\\/wp-content\\\/uploads\\\/2023\\\/01\\\/Gladiolus-Green-Star.jpg\",\"contentUrl\":\"https:\\\/\\\/tajkertesz.com\\\/wp-content\\\/uploads\\\/2023\\\/01\\\/Gladiolus-Green-Star.jpg\",\"width\":370,\"height\":559},{\"@type\":\"BreadcrumbList\",\"@id\":\"https:\\\/\\\/tajkertesz.com\\\/termek\\\/gladiolus-green-star-kardvirag\\\/#breadcrumb\",\"itemListElement\":[{\"@type\":\"ListItem\",\"position\":1,\"name\":\"Home\",\"item\":\"https:\\\/\\\/tajkertesz.com\\\/\"},{\"@type\":\"ListItem\",\"position\":2,\"name\":\"Kezd\u0151lap\",\"item\":\"https:\\\/\\\/tajkertesz.com\\\/\"},{\"@type\":\"ListItem\",\"position\":3,\"name\":\"Gladiolus Green Star , kardvir\u00e1g\"}]},{\"@type\":\"WebSite\",\"@id\":\"https:\\\/\\\/tajkertesz.com\\\/#website\",\"url\":\"https:\\\/\\\/tajkertesz.com\\\/\",\"name\":\"T\u00e1j-Kert\u00e9sz 84 Kft.\",\"description\":\"Kert\u00e9szeti kis- \u00e9s nagykeresked\u00e9s, D\u00edszn\u00f6v\u00e9ny web\u00e1ruh\u00e1z orsz\u00e1gos h\u00e1zhozsz\u00e1ll\u00edt\u00e1ssal!\",\"publisher\":{\"@id\":\"https:\\\/\\\/tajkertesz.com\\\/#organization\"},\"potentialAction\":[{\"@type\":\"SearchAction\",\"target\":{\"@type\":\"EntryPoint\",\"urlTemplate\":\"https:\\\/\\\/tajkertesz.com\\\/?s={search_term_string}\"},\"query-input\":{\"@type\":\"PropertyValueSpecification\",\"valueRequired\":true,\"valueName\":\"search_term_string\"}}],\"inLanguage\":\"en-US\"},{\"@type\":\"Organization\",\"@id\":\"https:\\\/\\\/tajkertesz.com\\\/#organization\",\"name\":\"T\u00e1j-Kert\u00e9sz 84 Kft.\",\"url\":\"https:\\\/\\\/tajkertesz.com\\\/\",\"logo\":{\"@type\":\"ImageObject\",\"inLanguage\":\"en-US\",\"@id\":\"https:\\\/\\\/tajkertesz.com\\\/#\\\/schema\\\/logo\\\/image\\\/\",\"url\":\"https:\\\/\\\/tajkertesz.com\\\/wp-content\\\/uploads\\\/2018\\\/02\\\/logo-2-e1518678052539.png\",\"contentUrl\":\"https:\\\/\\\/tajkertesz.com\\\/wp-content\\\/uploads\\\/2018\\\/02\\\/logo-2-e1518678052539.png\",\"width\":81,\"height\":140,\"caption\":\"T\u00e1j-Kert\u00e9sz 84 Kft.\"},\"image\":{\"@id\":\"https:\\\/\\\/tajkertesz.com\\\/#\\\/schema\\\/logo\\\/image\\\/\"},\"sameAs\":[\"https:\\\/\\\/www.facebook.com\\\/Tajkertesz\\\/\"]}]}<\/script>\n<!-- \/ Yoast SEO plugin. -->","yoast_head_json":{"title":"Gladiolus Green Star , kardvir\u00e1g - T\u00e1jkert\u00e9sz","description":"A Gladiolus Green Star , kardvir\u00e1g 100-150 cm-re n\u0151v\u0151 j\u00faliust\u00f3l szeptemberig vir\u00e1gz\u00f3 csod\u00e1s v\u00e1gott vir\u00e1g. Napos, meleg helyet, b\u0151s\u00e9ges v\u00edzell\u00e1t\u00e1st ig\u00e9nyel.","robots":{"index":"index","follow":"follow","max-snippet":"max-snippet:-1","max-image-preview":"max-image-preview:large","max-video-preview":"max-video-preview:-1"},"canonical":"https:\/\/tajkertesz.com\/en_US\/product\/gladiolus-green-star-kardvirag\/","og_locale":"en_US","og_type":"article","og_title":"Gladiolus Green Star , kardvir\u00e1g - T\u00e1jkert\u00e9sz","og_description":"A Gladiolus Green Star , kardvir\u00e1g 100-150 cm-re n\u0151v\u0151 j\u00faliust\u00f3l szeptemberig vir\u00e1gz\u00f3 csod\u00e1s v\u00e1gott vir\u00e1g. Napos, meleg helyet, b\u0151s\u00e9ges v\u00edzell\u00e1t\u00e1st ig\u00e9nyel.","og_url":"https:\/\/tajkertesz.com\/en_US\/product\/gladiolus-green-star-kardvirag\/","og_site_name":"T\u00e1jkert\u00e9sz","article_publisher":"https:\/\/www.facebook.com\/Tajkertesz\/","article_modified_time":"2026-02-20T13:44:24+00:00","og_image":[{"width":370,"height":559,"url":"https:\/\/tajkertesz.com\/wp-content\/uploads\/2023\/01\/Gladiolus-Green-Star.jpg","type":"image\/jpeg"}],"twitter_card":"summary_large_image","twitter_misc":{"Est. reading time":"2 minutes"},"schema":{"@context":"https:\/\/schema.org","@graph":[{"@type":"WebPage","@id":"https:\/\/tajkertesz.com\/termek\/gladiolus-green-star-kardvirag\/","url":"https:\/\/tajkertesz.com\/termek\/gladiolus-green-star-kardvirag\/","name":"Gladiolus Green Star , kardvir\u00e1g - T\u00e1jkert\u00e9sz","isPartOf":{"@id":"https:\/\/tajkertesz.com\/#website"},"primaryImageOfPage":{"@id":"https:\/\/tajkertesz.com\/termek\/gladiolus-green-star-kardvirag\/#primaryimage"},"image":{"@id":"https:\/\/tajkertesz.com\/termek\/gladiolus-green-star-kardvirag\/#primaryimage"},"thumbnailUrl":"https:\/\/tajkertesz.com\/wp-content\/uploads\/2023\/01\/Gladiolus-Green-Star.jpg","datePublished":"2023-01-30T14:42:51+00:00","dateModified":"2026-02-20T13:44:24+00:00","description":"A Gladiolus Green Star , kardvir\u00e1g 100-150 cm-re n\u0151v\u0151 j\u00faliust\u00f3l szeptemberig vir\u00e1gz\u00f3 csod\u00e1s v\u00e1gott vir\u00e1g. Napos, meleg helyet, b\u0151s\u00e9ges v\u00edzell\u00e1t\u00e1st ig\u00e9nyel.","breadcrumb":{"@id":"https:\/\/tajkertesz.com\/termek\/gladiolus-green-star-kardvirag\/#breadcrumb"},"inLanguage":"en-US","potentialAction":[{"@type":"ReadAction","target":["https:\/\/tajkertesz.com\/termek\/gladiolus-green-star-kardvirag\/"]}]},{"@type":"ImageObject","inLanguage":"en-US","@id":"https:\/\/tajkertesz.com\/termek\/gladiolus-green-star-kardvirag\/#primaryimage","url":"https:\/\/tajkertesz.com\/wp-content\/uploads\/2023\/01\/Gladiolus-Green-Star.jpg","contentUrl":"https:\/\/tajkertesz.com\/wp-content\/uploads\/2023\/01\/Gladiolus-Green-Star.jpg","width":370,"height":559},{"@type":"BreadcrumbList","@id":"https:\/\/tajkertesz.com\/termek\/gladiolus-green-star-kardvirag\/#breadcrumb","itemListElement":[{"@type":"ListItem","position":1,"name":"Home","item":"https:\/\/tajkertesz.com\/"},{"@type":"ListItem","position":2,"name":"Kezd\u0151lap","item":"https:\/\/tajkertesz.com\/"},{"@type":"ListItem","position":3,"name":"Gladiolus Green Star , kardvir\u00e1g"}]},{"@type":"WebSite","@id":"https:\/\/tajkertesz.com\/#website","url":"https:\/\/tajkertesz.com\/","name":"T\u00e1j-Kert\u00e9sz 84 Kft.","description":"Kert\u00e9szeti kis- \u00e9s nagykeresked\u00e9s, D\u00edszn\u00f6v\u00e9ny web\u00e1ruh\u00e1z orsz\u00e1gos h\u00e1zhozsz\u00e1ll\u00edt\u00e1ssal!","publisher":{"@id":"https:\/\/tajkertesz.com\/#organization"},"potentialAction":[{"@type":"SearchAction","target":{"@type":"EntryPoint","urlTemplate":"https:\/\/tajkertesz.com\/?s={search_term_string}"},"query-input":{"@type":"PropertyValueSpecification","valueRequired":true,"valueName":"search_term_string"}}],"inLanguage":"en-US"},{"@type":"Organization","@id":"https:\/\/tajkertesz.com\/#organization","name":"T\u00e1j-Kert\u00e9sz 84 Kft.","url":"https:\/\/tajkertesz.com\/","logo":{"@type":"ImageObject","inLanguage":"en-US","@id":"https:\/\/tajkertesz.com\/#\/schema\/logo\/image\/","url":"https:\/\/tajkertesz.com\/wp-content\/uploads\/2018\/02\/logo-2-e1518678052539.png","contentUrl":"https:\/\/tajkertesz.com\/wp-content\/uploads\/2018\/02\/logo-2-e1518678052539.png","width":81,"height":140,"caption":"T\u00e1j-Kert\u00e9sz 84 Kft."},"image":{"@id":"https:\/\/tajkertesz.com\/#\/schema\/logo\/image\/"},"sameAs":["https:\/\/www.facebook.com\/Tajkertesz\/"]}]}},"_links":{"self":[{"href":"https:\/\/tajkertesz.com\/en_US\/wp-json\/wp\/v2\/product\/15096","targetHints":{"allow":["GET"]}}],"collection":[{"href":"https:\/\/tajkertesz.com\/en_US\/wp-json\/wp\/v2\/product"}],"about":[{"href":"https:\/\/tajkertesz.com\/en_US\/wp-json\/wp\/v2\/types\/product"}],"wp:featuredmedia":[{"embeddable":true,"href":"https:\/\/tajkertesz.com\/en_US\/wp-json\/wp\/v2\/media\/15099"}],"wp:attachment":[{"href":"https:\/\/tajkertesz.com\/en_US\/wp-json\/wp\/v2\/media?parent=15096"}],"wp:term":[{"taxonomy":"product_brand","embeddable":true,"href":"https:\/\/tajkertesz.com\/en_US\/wp-json\/wp\/v2\/product_brand?post=15096"},{"taxonomy":"product_cat","embeddable":true,"href":"https:\/\/tajkertesz.com\/en_US\/wp-json\/wp\/v2\/product_cat?post=15096"},{"taxonomy":"product_tag","embeddable":true,"href":"https:\/\/tajkertesz.com\/en_US\/wp-json\/wp\/v2\/product_tag?post=15096"}],"curies":[{"name":"wp","href":"https:\/\/api.w.org\/{rel}","templated":true}]}}