{"id":1513,"date":"2020-03-26T14:22:24","date_gmt":"2020-03-26T14:22:24","guid":{"rendered":"https:\/\/tajkertesz.com\/?post_type=product&#038;p=1513"},"modified":"2025-04-10T12:56:09","modified_gmt":"2025-04-10T12:56:09","slug":"skimmia-japonica-japan-derbaber","status":"publish","type":"product","link":"https:\/\/tajkertesz.com\/en_US\/product\/skimmia-japonica-japan-derbaber\/","title":{"rendered":"Skimmia japonica\/Jap\u00e1n d\u00e9rbab\u00e9r"},"content":{"rendered":"<h1>Skimmia japonica\/Jap\u00e1n d\u00e9rbab\u00e9r<\/h1>\n<p>Skimmia japonica\/Jap\u00e1n d\u00e9rbab\u00e9r<\/p>\n<p>A d\u00e9rbab\u00e9r \u00f6r\u00f6kz\u00f6ld, lassan n\u00f6vekszik, vir\u00e1g\u00e1val \u00e9s term\u00e9s\u00e9vel is d\u00edsz\u00edt, r\u00e1ad\u00e1sul d\u00e9zs\u00e1ban is nevelhet\u0151 \u00f6r\u00f6kz\u00f6ld \u00e1rny\u00e9kkedvel\u0151 d\u00edszn\u00f6v\u00e9ny.<\/p>\n<h4>Habitus:<\/h4>\n<p>K\u00f6zepes termet\u0171, maximum 1-1,5 m\u00e9ter kifejlett magass\u00e1g\u00fa, lass\u00fa n\u00f6veked\u00e9s\u0171, s\u0171r\u0171 \u00e1grendszer\u0171, k\u00e9tlaki, h\u00edmivar\u00fa d\u00edszcserje. Levelei s\u00f6t\u00e9tz\u00f6ldek, f\u00e9nyesek, toj\u00e1sdadok \u00e9s arom\u00e1s illat\u00faak. Kifejlett magass\u00e1g\u00e1t 10-20 \u00e9ven bel\u00fcl \u00e9ri el!<\/p>\n<p>\u00c1rny\u00e9kt\u0171r\u0151 \u00f6r\u00f6kz\u00f6ld cserje, amely amellett, hogy j\u00f3l t\u0171ri az er\u0151s fagyokat, eg\u00e9sz \u00e9vben tart\u00f3s d\u00edsz\u00edt\u0151 \u00e9rt\u00e9kkel b\u00edr. \u00dcltethetj\u00fck kertbe vagy ak\u00e1r tarthatjuk kont\u00e9nerben teraszon, vagy balkonon. Mivel lassan n\u00f6vekszik, ez\u00e9rt kisebb kertekbe is ide\u00e1lis v\u00e1laszt\u00e1s.<\/p>\n<h4>Javasolt \u00fcltet\u00e9si helyek \u00e9s kertt\u00edpusok<\/h4>\n<p>Vir\u00e1gszeg\u00e9lyek \u00e9s \u00e1gy\u00e1sok, teraszok, kont\u00e9nerek, v\u00e1rosi \u00e9s udvari kertek, nyaral\u00f3k \u00e9s inform\u00e1lis kertek, erdei kertek. Ker\u00fclj\u00fck el azokat a ter\u00fcleteket, amelyek napf\u00e9nynek vannak kit\u00e9ve, vagy amelyeket be\u00e1ztat a v\u00edz.<\/p>\n<p>Meszes talajban levelei s\u00e1rg\u00e1s \u00e1rnyalat\u00faak lesznek. \u00dcltet\u00e9si hely\u00e9\u00fcl \u00e1rny\u00e9kos, f\u00e9l\u00e1rny\u00e9kos helyet v\u00e1lasszunk. J\u00f3 v\u00edz\u00e1tereszt\u0151 k\u00e9pess\u00e9g\u0171, humuszos, \u00fcde, t\u00e1panyagban gazdag talajba \u00fcltess\u00fck. Szapor\u00edtani dugv\u00e1nyoz\u00e1ssal tudjuk.<\/p>\n<h4><span class=\"font-bold mr-1\">Talajig\u00e9ny:<\/span><\/h4>\n<p>Savany\u00fa vir\u00e1gf\u00f6ld( Rhododendron, hortenzia \u00e9s azalea f\u00f6ldkever\u00e9k)<\/p>\n<h4><span class=\"font-bold mr-1\">V\u00edzig\u00e9ny<\/span><\/h4>\n<div>Rendszeres \u00f6nt\u00f6z\u00e9st ig\u00e9nyel<\/div>\n<div><\/div>\n<h4><span class=\"font-bold mr-1\">T\u00e1poldat fajta:<\/span><\/h4>\n<div>Kaktusz \u00e9s szukkulens t\u00e1poldat<\/div>\n<h4><span class=\"font-bold mr-1\">F\u00e9nyig\u00e9ny:<\/span><\/h4>\n<div>F\u00e9l\u00e1rny\u00e9kot kedveli<\/div>\n<p>A jap\u00e1n d\u00e9rbab\u00e9rt mindig m\u00e9rt\u00e9ktart\u00f3an \u00e9s csak \u00e1llott v\u00edzzel \u00f6nt\u00f6zz\u00fck. Ny\u00e1ron k\u00e9thetente tr\u00e1gy\u00e1zzuk is. Csak sz\u00fcks\u00e9g eset\u00e9n \u00fcltess\u00fck \u00e1t. A jap\u00e1n d\u00e9rbab\u00e9r a savany\u00fa talajt kedveli, haszn\u00e1ljunk az\u00e1lea-f\u00f6ldet vagy t\u0151zeget.<\/p>\n<p><b>K\u00e9szlet\u00fcnk napi szinten v\u00e1ltozik, ez\u00e9rt k\u00e9rj\u00fck, \u00e9rdekl\u0151dj\u00f6n szem\u00e9lyesen, telefonon vagy email-en.<br \/>\nA v\u00e1ltoztat\u00e1s jog\u00e1t fenntartjuk!\u00a0<\/b><\/p>\n<p><a href=\"https:\/\/tajkertesz.com\/\">https:\/\/tajkertesz.com\/<\/a><\/p>\n<p><a href=\"https:\/\/www.facebook.com\/tajkertesz\/\">https:\/\/www.facebook.com\/tajkertesz\/<\/a><\/p>\n<p>Kisz\u00e1ll\u00edt\u00e1s: 200cm-ig \u00e9s 40 kg-ig a sz\u00e1ll\u00edt\u00e1s fut\u00e1rszolg\u00e1lattal t\u00f6rt\u00e9nik.<\/p>\n<p>Szem\u00e9lyes \u00e1tv\u00e9tel nyitvatart\u00e1si id\u0151ben a 17. ker\u00fclet Bakancsos utca 7. sz\u00e1m alatti Kert\u00e9szeti \u00e1rud\u00e1nkban.<\/p>\n<p>Kert\u00e9p\u00edt\u0151k \u00e9s viszontelad\u00f3k regisztr\u00e1l\u00e1s ut\u00e1n egyedi kedvezm\u00e9nnyel v\u00e1s\u00e1rolhatnak kert\u00e9szeti kis-\u00e9s nagykeresked\u00e9s\u00fcnkben.<\/p>\n<p>Az \u00e1rak egy darab term\u00e9kre vonatkoznak.<\/p>\n<p>J\u00f3 tudni!<br \/>\nK\u00e9pek-elt\u00e9r\u00e9sek:<br \/>\nA n\u00f6v\u00e9nyekr\u0151l felt\u00f6lt\u00f6tt k\u00e9pek illusztr\u00e1ci\u00f3k. N\u00f6v\u00e9nyekn\u00e9l el\u0151fordulhatnak minim\u00e1lis elt\u00e9r\u00e9sek a k\u00e9peken szerepl\u0151 n\u00f6v\u00e9nyek \u00e9s az \u00e1tvett n\u00f6v\u00e9nyek k\u00f6z\u00f6tt, mivel minden n\u00f6v\u00e9ny egyedi.<br \/>\nN\u00f6v\u00e9nyek sz\u00e1ll\u00edt\u00e1sa:<br \/>\nA megrendelt n\u00f6v\u00e9nyeket igyeksz\u00fcnk a lehet\u0151 legbiztons\u00e1gosabban egyes\u00e9vel csomagolni, azonban a sz\u00e1ll\u00edt\u00e1s sor\u00e1n m\u00e9g ennek ellen\u00e9re is bek\u00f6vetkezhetnek apr\u00f3bb s\u00e9r\u00fcl\u00e9sek (lev\u00e9l- vagy vir\u00e1ghull\u00e1s).<\/p>","protected":false},"excerpt":{"rendered":"<p>Kompakt, igen lassan n\u0151v\u0151 \u00f6r\u00f6kz\u00f6ld cserje. B\u00edbor vir\u00e1gr\u00fcgyeit \u0151sszel hozza, majd tavasszal ny\u00edlnak ki feh\u00e9r, illatos vir\u00e1gai. Levelei s\u00f6t\u00e9tz\u00f6ld sz\u00edn\u0171ek. Savany\u00fa talajba \u00fcltess\u00fck.<\/p>\n<p>Jap\u00e1n d\u00e9rbab\u00e9r kb. 35\/40 cm<\/p>","protected":false},"featured_media":21810,"template":"","meta":{"_et_pb_use_builder":"","_et_pb_old_content":"","_et_gb_content_width":""},"product_brand":[],"product_cat":[27],"product_tag":[4446,380,4405],"class_list":{"0":"post-1513","1":"product","2":"type-product","3":"status-publish","4":"has-post-thumbnail","6":"product_cat-cserjek","7":"product_tag-derbaber","8":"product_tag-japan-derbaber","9":"product_tag-skimmia","11":"first","12":"outofstock","13":"shipping-taxable","14":"product-type-simple"},"yoast_head":"<!-- This site is optimized with the Yoast SEO plugin v27.3 - https:\/\/yoast.com\/product\/yoast-seo-wordpress\/ -->\n<title>Skimmia japonica\/Jap\u00e1n d\u00e9rbab\u00e9r - T\u00e1jkert\u00e9sz<\/title>\n<meta name=\"description\" content=\"Skimmia japonica\/Jap\u00e1n d\u00e9rbab\u00e9r. B\u00edbor vir\u00e1gr\u00fcgyeit \u0151sszel hozza, majd tavasszal ny\u00edlnak ki feh\u00e9r, illatos vir\u00e1gai. Levelei s\u00f6t\u00e9tz\u00f6ld sz\u00edn\u0171ek.\" \/>\n<meta name=\"robots\" content=\"index, follow, max-snippet:-1, max-image-preview:large, max-video-preview:-1\" \/>\n<link rel=\"canonical\" href=\"https:\/\/tajkertesz.com\/en_US\/product\/skimmia-japonica-japan-derbaber\/\" \/>\n<meta property=\"og:locale\" content=\"en_US\" \/>\n<meta property=\"og:type\" content=\"article\" \/>\n<meta property=\"og:title\" content=\"Skimmia japonica\/Jap\u00e1n d\u00e9rbab\u00e9r - T\u00e1jkert\u00e9sz\" \/>\n<meta property=\"og:description\" content=\"Skimmia japonica\/Jap\u00e1n d\u00e9rbab\u00e9r. B\u00edbor vir\u00e1gr\u00fcgyeit \u0151sszel hozza, majd tavasszal ny\u00edlnak ki feh\u00e9r, illatos vir\u00e1gai. Levelei s\u00f6t\u00e9tz\u00f6ld sz\u00edn\u0171ek.\" \/>\n<meta property=\"og:url\" content=\"https:\/\/tajkertesz.com\/en_US\/product\/skimmia-japonica-japan-derbaber\/\" \/>\n<meta property=\"og:site_name\" content=\"T\u00e1jkert\u00e9sz\" \/>\n<meta property=\"article:publisher\" content=\"https:\/\/www.facebook.com\/Tajkertesz\/\" \/>\n<meta property=\"article:modified_time\" content=\"2025-04-10T12:56:09+00:00\" \/>\n<meta property=\"og:image\" content=\"https:\/\/tajkertesz.com\/wp-content\/uploads\/2020\/03\/20241127_125802-1-scaled-e1732709024538.jpg\" \/>\n\t<meta property=\"og:image:width\" content=\"1152\" \/>\n\t<meta property=\"og:image:height\" content=\"1826\" \/>\n\t<meta property=\"og:image:type\" content=\"image\/jpeg\" \/>\n<meta name=\"twitter:card\" content=\"summary_large_image\" \/>\n<meta name=\"twitter:label1\" content=\"Est. reading time\" \/>\n\t<meta name=\"twitter:data1\" content=\"2 minutes\" \/>\n<script type=\"application\/ld+json\" class=\"yoast-schema-graph\">{\"@context\":\"https:\\\/\\\/schema.org\",\"@graph\":[{\"@type\":\"WebPage\",\"@id\":\"https:\\\/\\\/tajkertesz.com\\\/termek\\\/skimmia-japonica-japan-derbaber\\\/\",\"url\":\"https:\\\/\\\/tajkertesz.com\\\/termek\\\/skimmia-japonica-japan-derbaber\\\/\",\"name\":\"Skimmia japonica\\\/Jap\u00e1n d\u00e9rbab\u00e9r - T\u00e1jkert\u00e9sz\",\"isPartOf\":{\"@id\":\"https:\\\/\\\/tajkertesz.com\\\/#website\"},\"primaryImageOfPage\":{\"@id\":\"https:\\\/\\\/tajkertesz.com\\\/termek\\\/skimmia-japonica-japan-derbaber\\\/#primaryimage\"},\"image\":{\"@id\":\"https:\\\/\\\/tajkertesz.com\\\/termek\\\/skimmia-japonica-japan-derbaber\\\/#primaryimage\"},\"thumbnailUrl\":\"https:\\\/\\\/tajkertesz.com\\\/wp-content\\\/uploads\\\/2020\\\/03\\\/20241127_125802-1-scaled-e1732709024538.jpg\",\"datePublished\":\"2020-03-26T14:22:24+00:00\",\"dateModified\":\"2025-04-10T12:56:09+00:00\",\"description\":\"Skimmia japonica\\\/Jap\u00e1n d\u00e9rbab\u00e9r. B\u00edbor vir\u00e1gr\u00fcgyeit \u0151sszel hozza, majd tavasszal ny\u00edlnak ki feh\u00e9r, illatos vir\u00e1gai. Levelei s\u00f6t\u00e9tz\u00f6ld sz\u00edn\u0171ek.\",\"breadcrumb\":{\"@id\":\"https:\\\/\\\/tajkertesz.com\\\/termek\\\/skimmia-japonica-japan-derbaber\\\/#breadcrumb\"},\"inLanguage\":\"en-US\",\"potentialAction\":[{\"@type\":\"ReadAction\",\"target\":[\"https:\\\/\\\/tajkertesz.com\\\/termek\\\/skimmia-japonica-japan-derbaber\\\/\"]}]},{\"@type\":\"ImageObject\",\"inLanguage\":\"en-US\",\"@id\":\"https:\\\/\\\/tajkertesz.com\\\/termek\\\/skimmia-japonica-japan-derbaber\\\/#primaryimage\",\"url\":\"https:\\\/\\\/tajkertesz.com\\\/wp-content\\\/uploads\\\/2020\\\/03\\\/20241127_125802-1-scaled-e1732709024538.jpg\",\"contentUrl\":\"https:\\\/\\\/tajkertesz.com\\\/wp-content\\\/uploads\\\/2020\\\/03\\\/20241127_125802-1-scaled-e1732709024538.jpg\",\"width\":1152,\"height\":1826,\"caption\":\"Skimmia japonica\\\/Jap\u00e1n d\u00e9rbab\u00e9r\"},{\"@type\":\"BreadcrumbList\",\"@id\":\"https:\\\/\\\/tajkertesz.com\\\/termek\\\/skimmia-japonica-japan-derbaber\\\/#breadcrumb\",\"itemListElement\":[{\"@type\":\"ListItem\",\"position\":1,\"name\":\"Home\",\"item\":\"https:\\\/\\\/tajkertesz.com\\\/\"},{\"@type\":\"ListItem\",\"position\":2,\"name\":\"Kezd\u0151lap\",\"item\":\"https:\\\/\\\/tajkertesz.com\\\/\"},{\"@type\":\"ListItem\",\"position\":3,\"name\":\"Skimmia japonica\\\/Jap\u00e1n d\u00e9rbab\u00e9r\"}]},{\"@type\":\"WebSite\",\"@id\":\"https:\\\/\\\/tajkertesz.com\\\/#website\",\"url\":\"https:\\\/\\\/tajkertesz.com\\\/\",\"name\":\"T\u00e1j-Kert\u00e9sz 84 Kft.\",\"description\":\"Kert\u00e9szeti kis- \u00e9s nagykeresked\u00e9s, D\u00edszn\u00f6v\u00e9ny web\u00e1ruh\u00e1z orsz\u00e1gos h\u00e1zhozsz\u00e1ll\u00edt\u00e1ssal!\",\"publisher\":{\"@id\":\"https:\\\/\\\/tajkertesz.com\\\/#organization\"},\"potentialAction\":[{\"@type\":\"SearchAction\",\"target\":{\"@type\":\"EntryPoint\",\"urlTemplate\":\"https:\\\/\\\/tajkertesz.com\\\/?s={search_term_string}\"},\"query-input\":{\"@type\":\"PropertyValueSpecification\",\"valueRequired\":true,\"valueName\":\"search_term_string\"}}],\"inLanguage\":\"en-US\"},{\"@type\":\"Organization\",\"@id\":\"https:\\\/\\\/tajkertesz.com\\\/#organization\",\"name\":\"T\u00e1j-Kert\u00e9sz 84 Kft.\",\"url\":\"https:\\\/\\\/tajkertesz.com\\\/\",\"logo\":{\"@type\":\"ImageObject\",\"inLanguage\":\"en-US\",\"@id\":\"https:\\\/\\\/tajkertesz.com\\\/#\\\/schema\\\/logo\\\/image\\\/\",\"url\":\"https:\\\/\\\/tajkertesz.com\\\/wp-content\\\/uploads\\\/2018\\\/02\\\/logo-2-e1518678052539.png\",\"contentUrl\":\"https:\\\/\\\/tajkertesz.com\\\/wp-content\\\/uploads\\\/2018\\\/02\\\/logo-2-e1518678052539.png\",\"width\":81,\"height\":140,\"caption\":\"T\u00e1j-Kert\u00e9sz 84 Kft.\"},\"image\":{\"@id\":\"https:\\\/\\\/tajkertesz.com\\\/#\\\/schema\\\/logo\\\/image\\\/\"},\"sameAs\":[\"https:\\\/\\\/www.facebook.com\\\/Tajkertesz\\\/\"]}]}<\/script>\n<!-- \/ Yoast SEO plugin. -->","yoast_head_json":{"title":"Skimmia japonica\/Jap\u00e1n d\u00e9rbab\u00e9r - T\u00e1jkert\u00e9sz","description":"Skimmia japonica\/Jap\u00e1n d\u00e9rbab\u00e9r. B\u00edbor vir\u00e1gr\u00fcgyeit \u0151sszel hozza, majd tavasszal ny\u00edlnak ki feh\u00e9r, illatos vir\u00e1gai. Levelei s\u00f6t\u00e9tz\u00f6ld sz\u00edn\u0171ek.","robots":{"index":"index","follow":"follow","max-snippet":"max-snippet:-1","max-image-preview":"max-image-preview:large","max-video-preview":"max-video-preview:-1"},"canonical":"https:\/\/tajkertesz.com\/en_US\/product\/skimmia-japonica-japan-derbaber\/","og_locale":"en_US","og_type":"article","og_title":"Skimmia japonica\/Jap\u00e1n d\u00e9rbab\u00e9r - T\u00e1jkert\u00e9sz","og_description":"Skimmia japonica\/Jap\u00e1n d\u00e9rbab\u00e9r. B\u00edbor vir\u00e1gr\u00fcgyeit \u0151sszel hozza, majd tavasszal ny\u00edlnak ki feh\u00e9r, illatos vir\u00e1gai. Levelei s\u00f6t\u00e9tz\u00f6ld sz\u00edn\u0171ek.","og_url":"https:\/\/tajkertesz.com\/en_US\/product\/skimmia-japonica-japan-derbaber\/","og_site_name":"T\u00e1jkert\u00e9sz","article_publisher":"https:\/\/www.facebook.com\/Tajkertesz\/","article_modified_time":"2025-04-10T12:56:09+00:00","og_image":[{"width":1152,"height":1826,"url":"https:\/\/tajkertesz.com\/wp-content\/uploads\/2020\/03\/20241127_125802-1-scaled-e1732709024538.jpg","type":"image\/jpeg"}],"twitter_card":"summary_large_image","twitter_misc":{"Est. reading time":"2 minutes"},"schema":{"@context":"https:\/\/schema.org","@graph":[{"@type":"WebPage","@id":"https:\/\/tajkertesz.com\/termek\/skimmia-japonica-japan-derbaber\/","url":"https:\/\/tajkertesz.com\/termek\/skimmia-japonica-japan-derbaber\/","name":"Skimmia japonica\/Jap\u00e1n d\u00e9rbab\u00e9r - T\u00e1jkert\u00e9sz","isPartOf":{"@id":"https:\/\/tajkertesz.com\/#website"},"primaryImageOfPage":{"@id":"https:\/\/tajkertesz.com\/termek\/skimmia-japonica-japan-derbaber\/#primaryimage"},"image":{"@id":"https:\/\/tajkertesz.com\/termek\/skimmia-japonica-japan-derbaber\/#primaryimage"},"thumbnailUrl":"https:\/\/tajkertesz.com\/wp-content\/uploads\/2020\/03\/20241127_125802-1-scaled-e1732709024538.jpg","datePublished":"2020-03-26T14:22:24+00:00","dateModified":"2025-04-10T12:56:09+00:00","description":"Skimmia japonica\/Jap\u00e1n d\u00e9rbab\u00e9r. B\u00edbor vir\u00e1gr\u00fcgyeit \u0151sszel hozza, majd tavasszal ny\u00edlnak ki feh\u00e9r, illatos vir\u00e1gai. Levelei s\u00f6t\u00e9tz\u00f6ld sz\u00edn\u0171ek.","breadcrumb":{"@id":"https:\/\/tajkertesz.com\/termek\/skimmia-japonica-japan-derbaber\/#breadcrumb"},"inLanguage":"en-US","potentialAction":[{"@type":"ReadAction","target":["https:\/\/tajkertesz.com\/termek\/skimmia-japonica-japan-derbaber\/"]}]},{"@type":"ImageObject","inLanguage":"en-US","@id":"https:\/\/tajkertesz.com\/termek\/skimmia-japonica-japan-derbaber\/#primaryimage","url":"https:\/\/tajkertesz.com\/wp-content\/uploads\/2020\/03\/20241127_125802-1-scaled-e1732709024538.jpg","contentUrl":"https:\/\/tajkertesz.com\/wp-content\/uploads\/2020\/03\/20241127_125802-1-scaled-e1732709024538.jpg","width":1152,"height":1826,"caption":"Skimmia japonica\/Jap\u00e1n d\u00e9rbab\u00e9r"},{"@type":"BreadcrumbList","@id":"https:\/\/tajkertesz.com\/termek\/skimmia-japonica-japan-derbaber\/#breadcrumb","itemListElement":[{"@type":"ListItem","position":1,"name":"Home","item":"https:\/\/tajkertesz.com\/"},{"@type":"ListItem","position":2,"name":"Kezd\u0151lap","item":"https:\/\/tajkertesz.com\/"},{"@type":"ListItem","position":3,"name":"Skimmia japonica\/Jap\u00e1n d\u00e9rbab\u00e9r"}]},{"@type":"WebSite","@id":"https:\/\/tajkertesz.com\/#website","url":"https:\/\/tajkertesz.com\/","name":"T\u00e1j-Kert\u00e9sz 84 Kft.","description":"Kert\u00e9szeti kis- \u00e9s nagykeresked\u00e9s, D\u00edszn\u00f6v\u00e9ny web\u00e1ruh\u00e1z orsz\u00e1gos h\u00e1zhozsz\u00e1ll\u00edt\u00e1ssal!","publisher":{"@id":"https:\/\/tajkertesz.com\/#organization"},"potentialAction":[{"@type":"SearchAction","target":{"@type":"EntryPoint","urlTemplate":"https:\/\/tajkertesz.com\/?s={search_term_string}"},"query-input":{"@type":"PropertyValueSpecification","valueRequired":true,"valueName":"search_term_string"}}],"inLanguage":"en-US"},{"@type":"Organization","@id":"https:\/\/tajkertesz.com\/#organization","name":"T\u00e1j-Kert\u00e9sz 84 Kft.","url":"https:\/\/tajkertesz.com\/","logo":{"@type":"ImageObject","inLanguage":"en-US","@id":"https:\/\/tajkertesz.com\/#\/schema\/logo\/image\/","url":"https:\/\/tajkertesz.com\/wp-content\/uploads\/2018\/02\/logo-2-e1518678052539.png","contentUrl":"https:\/\/tajkertesz.com\/wp-content\/uploads\/2018\/02\/logo-2-e1518678052539.png","width":81,"height":140,"caption":"T\u00e1j-Kert\u00e9sz 84 Kft."},"image":{"@id":"https:\/\/tajkertesz.com\/#\/schema\/logo\/image\/"},"sameAs":["https:\/\/www.facebook.com\/Tajkertesz\/"]}]}},"_links":{"self":[{"href":"https:\/\/tajkertesz.com\/en_US\/wp-json\/wp\/v2\/product\/1513","targetHints":{"allow":["GET"]}}],"collection":[{"href":"https:\/\/tajkertesz.com\/en_US\/wp-json\/wp\/v2\/product"}],"about":[{"href":"https:\/\/tajkertesz.com\/en_US\/wp-json\/wp\/v2\/types\/product"}],"wp:featuredmedia":[{"embeddable":true,"href":"https:\/\/tajkertesz.com\/en_US\/wp-json\/wp\/v2\/media\/21810"}],"wp:attachment":[{"href":"https:\/\/tajkertesz.com\/en_US\/wp-json\/wp\/v2\/media?parent=1513"}],"wp:term":[{"taxonomy":"product_brand","embeddable":true,"href":"https:\/\/tajkertesz.com\/en_US\/wp-json\/wp\/v2\/product_brand?post=1513"},{"taxonomy":"product_cat","embeddable":true,"href":"https:\/\/tajkertesz.com\/en_US\/wp-json\/wp\/v2\/product_cat?post=1513"},{"taxonomy":"product_tag","embeddable":true,"href":"https:\/\/tajkertesz.com\/en_US\/wp-json\/wp\/v2\/product_tag?post=1513"}],"curies":[{"name":"wp","href":"https:\/\/api.w.org\/{rel}","templated":true}]}}