{"id":1519,"date":"2020-03-26T14:22:51","date_gmt":"2020-03-26T14:22:51","guid":{"rendered":"https:\/\/tajkertesz.com\/?post_type=product&#038;p=1519"},"modified":"2026-02-25T14:21:57","modified_gmt":"2026-02-25T14:21:57","slug":"skimmia-japonica-rubella-japan-derbaber","status":"publish","type":"product","link":"https:\/\/tajkertesz.com\/en_US\/product\/skimmia-japonica-rubella-japan-derbaber\/","title":{"rendered":"Skimmia japonica &#8216;Rubella&#8217; , Jap\u00e1n d\u00e9rbab\u00e9r"},"content":{"rendered":"<h3>Skimmia japonica &#8216;Rubella&#8217;, Jap\u00e1n d\u00e9rbab\u00e9r<\/h3>\n<p>A Skimmia japonica &#8216;Rubella&#8217;, Jap\u00e1n d\u00e9rbab\u00e9r 1m\u00e9ter magas lass\u00fa n\u00f6veked\u00e9s\u0171 \u00f6r\u00f6kz\u00f6ld cserje.7-12 cm-es b\u0151rszer\u0171 elliptikus levelei\u00a0 vannak.<\/p>\n<p>S\u00e1rg\u00e1sfeh\u00e9r vir\u00e1ga bug\u00e1kban ny\u00edlik mely kellemes illatos.<\/p>\n<p>Term\u00e9se apr\u00f3 piros bogy\u00f3 melyek szeptembert\u0151l a t\u00e9l v\u00e9g\u00e9ig a bokron maradnak.<\/p>\n<p>M\u00e9szmentes talajt ig\u00e9nyel ,a v\u00e1rosi kl\u00edm\u00e1t j\u00f3l t\u0171ri, de v\u00e9dett fekv\u00e9sbe \u00fcltess\u00fck.<\/p>\n<p>Kb. 20 cm magas<\/p>\n<p>&nbsp;<\/p>\n<p>El\u00e9rhet\u0151 t\u00f6bbf\u00e9le m\u00e9retben \u00e9s \u00e1rban.<\/p>\n<p><strong>K\u00e9szlet\u00fcnk napi szinten v\u00e1ltozik, ez\u00e9rt k\u00e9rj\u00fck, \u00e9rdekl\u0151dj\u00f6n szem\u00e9lyesen, telefonon vagy email-en.<br \/>\nA v\u00e1ltoztat\u00e1s jog\u00e1t fenntartjuk!\u00a0<\/strong><\/p>\n<p>&nbsp;<\/p>\n<p><a href=\"https:\/\/tajkertesz.com\/\">https:\/\/tajkertesz.com\/<\/a><\/p>\n<p><a href=\"https:\/\/en.wikipedia.org\/wiki\/Skimmia_japonica\">https:\/\/en.wikipedia.org\/wiki\/Skimmia_japonica<\/a><\/p>\n<p><span style=\"color: #ffffff;\">A kifejlett d\u00edszcserj\u00e9re jellemz\u0151, hogy csaknem szab\u00e1lyos g\u00f6mb alak\u00fa.<\/span><br \/>\n<span style=\"color: #ffffff;\">100-150 cm magass\u00e1got is el\u00e9r\u0151 cserje. Lass\u00fa n\u00f6veked\u00e9s\u0171, ez\u00e9rt kisebb kertekbe is telep\u00edthet\u0151.<\/span><br \/>\n<span style=\"color: #ffffff;\">Leveleinek sz\u00edne s\u00f6t\u00e9tz\u00f6ld, kopaszok, 12 cm hossz\u00faak. Vir\u00e1gai feh\u00e9rek, er\u0151sen illatosak.<\/span><br \/>\n<span style=\"color: #ffffff;\">Vir\u00e1gz\u00e1si id\u0151: \u00e1prilis-m\u00e1jus. Term\u00e9sei piros sz\u00edn\u0171ek.<\/span><br \/>\n<span style=\"color: #ffffff;\">Semlegeshez k\u00f6zeli k\u00e9mhat\u00e1s\u00fa (6,5-7,5 pH) talajokon kiv\u00e1l\u00f3an fejl\u0151dik.<\/span><br \/>\n<span style=\"color: #ffffff;\">Sz\u00e1raz, meszes talajokon kezdetben csak a lev\u00e9l sz\u00e9lei, k\u00e9s\u0151bb az eg\u00e9sz n\u00f6v\u00e9ny els\u00e1rgul, elpusztul.<\/span><br \/>\n<span style=\"color: #ffffff;\">Szereti az \u00fcde humuszos talajokat. \u00c1rny\u00e9kos helyre \u00fcltess\u00fck.<\/span><br \/>\n<span style=\"color: #ffffff;\">A d\u00e9rbab\u00e9r \u00f6r\u00f6kz\u00f6ld cserje.<\/span><br \/>\n<span style=\"color: #ffffff;\">Fagy\u00e9rz\u00e9keny, fiatal kor\u00e1ban a hidegt\u0151l v\u00e9deni kell.<\/span><\/p>\n<p><span style=\"color: #ffffff;\"><i><b>Skimmia japonica<\/b><\/i>, the\u00a0<b>Japanese skimmia<\/b>,<sup id=\"cite_ref-1\" class=\"reference\"><a style=\"color: #ffffff;\" href=\"https:\/\/en.wikipedia.org\/wiki\/Skimmia_japonica#cite_note-1\">[1]<\/a><\/sup>\u00a0is a\u00a0<a style=\"color: #ffffff;\" title=\"Species\" href=\"https:\/\/en.wikipedia.org\/wiki\/Species\">species<\/a>\u00a0of\u00a0<a style=\"color: #ffffff;\" title=\"Flowering plant\" href=\"https:\/\/en.wikipedia.org\/wiki\/Flowering_plant\">flowering plant<\/a>\u00a0in the\u00a0<a style=\"color: #ffffff;\" title=\"Family (biology)\" href=\"https:\/\/en.wikipedia.org\/wiki\/Family_(biology)\">family<\/a>\u00a0Rutaceae,\u00a0<a style=\"color: #ffffff;\" title=\"Native plant\" href=\"https:\/\/en.wikipedia.org\/wiki\/Native_plant\">native<\/a>\u00a0to Japan, China, and Southeast Asia. Growing to 6\u00a0m (20\u00a0ft) tall and wide, it is a rounded\u00a0<a style=\"color: #ffffff;\" title=\"Evergreen\" href=\"https:\/\/en.wikipedia.org\/wiki\/Evergreen\">evergreen<\/a>\u00a0<a style=\"color: #ffffff;\" title=\"Shrub\" href=\"https:\/\/en.wikipedia.org\/wiki\/Shrub\">shrub<\/a>\u00a0with glossy, leathery leaves<sup id=\"cite_ref-RHSAZ_2-0\" class=\"reference\"><a style=\"color: #ffffff;\" href=\"https:\/\/en.wikipedia.org\/wiki\/Skimmia_japonica#cite_note-RHSAZ-2\">[2]<\/a><\/sup>\u00a0widely cultivated as an\u00a0<a style=\"color: #ffffff;\" title=\"Ornamental plant\" href=\"https:\/\/en.wikipedia.org\/wiki\/Ornamental_plant\">ornamental plant<\/a>\u00a0in gardens and parks. Its fragrant flowers can be cream-yellow to white, followed on female plants by small, round, red fruits. The plant tolerates a wide range of conditions, including frost, drought, and atmospheric pollution. It is suitable for\u00a0<a style=\"color: #ffffff;\" title=\"Bonsai\" href=\"https:\/\/en.wikipedia.org\/wiki\/Bonsai\">bonsai<\/a>\u00a0and for\u00a0<a style=\"color: #ffffff;\" title=\"Chinese garden\" href=\"https:\/\/en.wikipedia.org\/wiki\/Chinese_garden\">Chinese gardens<\/a>.<\/span><\/p>\n<p><span style=\"color: #ffffff;\">Many\u00a0<a class=\"mw-redirect\" style=\"color: #ffffff;\" title=\"Cultivars\" href=\"https:\/\/en.wikipedia.org\/wiki\/Cultivars\">cultivars<\/a>\u00a0have been developed for ornamental garden use, including varieties which are significantly more compact than their parents.<\/span><\/p>\n","protected":false},"excerpt":{"rendered":"<p>A Skimmia japonica\u00a0 , Jap\u00e1n d\u00e9rbab\u00e9r 1m\u00e9ter magas lass\u00fa n\u00f6veked\u00e9s\u0171 \u00f6r\u00f6kz\u00f6ld cserje.7-12 cm-es b\u0151rszer\u0171 elliptikus levelei\u00a0 vannak.<\/p>\n<p>S\u00e1rg\u00e1sfeh\u00e9r vir\u00e1ga bug\u00e1kban ny\u00edlik mely kellemes illatos.<\/p>\n<p>Term\u00e9se apr\u00f3 piros bogy\u00f3 melyek szeptembert\u0151l a t\u00e9l v\u00e9g\u00e9ig a bokron maradnak.<\/p>\n<p>M\u00e9szmentes talajt ig\u00e9nyel ,a v\u00e1rosi kl\u00edm\u00e1t j\u00f3l t\u0171ri, de v\u00e9dett fekv\u00e9sbe \u00fcltess\u00fck.<\/p>","protected":false},"featured_media":1517,"template":"","meta":{"_et_pb_use_builder":"","_et_pb_old_content":"","_et_gb_content_width":""},"product_brand":[],"product_cat":[27,26],"product_tag":[380,381],"class_list":{"0":"post-1519","1":"product","2":"type-product","3":"status-publish","4":"has-post-thumbnail","6":"product_cat-cserjek","7":"product_cat-orokzold-novenyek","8":"product_tag-japan-derbaber","9":"product_tag-skimmia-japonica","11":"first","12":"instock","13":"shipping-taxable","14":"purchasable","15":"product-type-simple"},"yoast_head":"<!-- This site is optimized with the Yoast SEO plugin v27.5 - https:\/\/yoast.com\/product\/yoast-seo-wordpress\/ -->\n<title>Skimmia japonica &#039;Rubella&#039; , Jap\u00e1n d\u00e9rbab\u00e9r - T\u00e1jkert\u00e9sz<\/title>\n<meta name=\"description\" content=\"A Skimmia japonica &#039;Rubella&#039;, Jap\u00e1n d\u00e9rbab\u00e9r 1-1,5 m\u00e9ter magas lass\u00fa n\u00f6veked\u00e9s\u0171 \u00f6r\u00f6kz\u00f6ld cserje. S\u00e1rg\u00e1sfeh\u00e9r vir\u00e1ga kellemesen illatos.\" \/>\n<meta name=\"robots\" content=\"index, follow, max-snippet:-1, max-image-preview:large, max-video-preview:-1\" \/>\n<link rel=\"canonical\" href=\"https:\/\/tajkertesz.com\/en_US\/product\/skimmia-japonica-rubella-japan-derbaber\/\" \/>\n<meta property=\"og:locale\" content=\"en_US\" \/>\n<meta property=\"og:type\" content=\"article\" \/>\n<meta property=\"og:title\" content=\"Skimmia japonica &#039;Rubella&#039; , Jap\u00e1n d\u00e9rbab\u00e9r - T\u00e1jkert\u00e9sz\" \/>\n<meta property=\"og:description\" content=\"A Skimmia japonica &#039;Rubella&#039;, Jap\u00e1n d\u00e9rbab\u00e9r 1-1,5 m\u00e9ter magas lass\u00fa n\u00f6veked\u00e9s\u0171 \u00f6r\u00f6kz\u00f6ld cserje. S\u00e1rg\u00e1sfeh\u00e9r vir\u00e1ga kellemesen illatos.\" \/>\n<meta property=\"og:url\" content=\"https:\/\/tajkertesz.com\/en_US\/product\/skimmia-japonica-rubella-japan-derbaber\/\" \/>\n<meta property=\"og:site_name\" content=\"T\u00e1jkert\u00e9sz\" \/>\n<meta property=\"article:publisher\" content=\"https:\/\/www.facebook.com\/Tajkertesz\/\" \/>\n<meta property=\"article:modified_time\" content=\"2026-02-25T14:21:57+00:00\" \/>\n<meta property=\"og:image\" content=\"https:\/\/tajkertesz.com\/wp-content\/uploads\/2020\/03\/skimmia-japonica.jpg2_.jpg\" \/>\n\t<meta property=\"og:image:width\" content=\"800\" \/>\n\t<meta property=\"og:image:height\" content=\"800\" \/>\n\t<meta property=\"og:image:type\" content=\"image\/jpeg\" \/>\n<meta name=\"twitter:card\" content=\"summary_large_image\" \/>\n<meta name=\"twitter:label1\" content=\"Est. reading time\" \/>\n\t<meta name=\"twitter:data1\" content=\"2 minutes\" \/>\n<script type=\"application\/ld+json\" class=\"yoast-schema-graph\">{\"@context\":\"https:\\\/\\\/schema.org\",\"@graph\":[{\"@type\":\"WebPage\",\"@id\":\"https:\\\/\\\/tajkertesz.com\\\/termek\\\/skimmia-japonica-rubella-japan-derbaber\\\/\",\"url\":\"https:\\\/\\\/tajkertesz.com\\\/termek\\\/skimmia-japonica-rubella-japan-derbaber\\\/\",\"name\":\"Skimmia japonica 'Rubella' , Jap\u00e1n d\u00e9rbab\u00e9r - T\u00e1jkert\u00e9sz\",\"isPartOf\":{\"@id\":\"https:\\\/\\\/tajkertesz.com\\\/#website\"},\"primaryImageOfPage\":{\"@id\":\"https:\\\/\\\/tajkertesz.com\\\/termek\\\/skimmia-japonica-rubella-japan-derbaber\\\/#primaryimage\"},\"image\":{\"@id\":\"https:\\\/\\\/tajkertesz.com\\\/termek\\\/skimmia-japonica-rubella-japan-derbaber\\\/#primaryimage\"},\"thumbnailUrl\":\"https:\\\/\\\/tajkertesz.com\\\/wp-content\\\/uploads\\\/2020\\\/03\\\/skimmia-japonica.jpg2_.jpg\",\"datePublished\":\"2020-03-26T14:22:51+00:00\",\"dateModified\":\"2026-02-25T14:21:57+00:00\",\"description\":\"A Skimmia japonica 'Rubella', Jap\u00e1n d\u00e9rbab\u00e9r 1-1,5 m\u00e9ter magas lass\u00fa n\u00f6veked\u00e9s\u0171 \u00f6r\u00f6kz\u00f6ld cserje. S\u00e1rg\u00e1sfeh\u00e9r vir\u00e1ga kellemesen illatos.\",\"breadcrumb\":{\"@id\":\"https:\\\/\\\/tajkertesz.com\\\/termek\\\/skimmia-japonica-rubella-japan-derbaber\\\/#breadcrumb\"},\"inLanguage\":\"en-US\",\"potentialAction\":[{\"@type\":\"ReadAction\",\"target\":[\"https:\\\/\\\/tajkertesz.com\\\/termek\\\/skimmia-japonica-rubella-japan-derbaber\\\/\"]}]},{\"@type\":\"ImageObject\",\"inLanguage\":\"en-US\",\"@id\":\"https:\\\/\\\/tajkertesz.com\\\/termek\\\/skimmia-japonica-rubella-japan-derbaber\\\/#primaryimage\",\"url\":\"https:\\\/\\\/tajkertesz.com\\\/wp-content\\\/uploads\\\/2020\\\/03\\\/skimmia-japonica.jpg2_.jpg\",\"contentUrl\":\"https:\\\/\\\/tajkertesz.com\\\/wp-content\\\/uploads\\\/2020\\\/03\\\/skimmia-japonica.jpg2_.jpg\",\"width\":800,\"height\":800},{\"@type\":\"BreadcrumbList\",\"@id\":\"https:\\\/\\\/tajkertesz.com\\\/termek\\\/skimmia-japonica-rubella-japan-derbaber\\\/#breadcrumb\",\"itemListElement\":[{\"@type\":\"ListItem\",\"position\":1,\"name\":\"Home\",\"item\":\"https:\\\/\\\/tajkertesz.com\\\/\"},{\"@type\":\"ListItem\",\"position\":2,\"name\":\"Kezd\u0151lap\",\"item\":\"https:\\\/\\\/tajkertesz.com\\\/\"},{\"@type\":\"ListItem\",\"position\":3,\"name\":\"Skimmia japonica &#8216;Rubella&#8217; , Jap\u00e1n d\u00e9rbab\u00e9r\"}]},{\"@type\":\"WebSite\",\"@id\":\"https:\\\/\\\/tajkertesz.com\\\/#website\",\"url\":\"https:\\\/\\\/tajkertesz.com\\\/\",\"name\":\"T\u00e1j-Kert\u00e9sz 84 Kft.\",\"description\":\"Kert\u00e9szeti kis- \u00e9s nagykeresked\u00e9s, D\u00edszn\u00f6v\u00e9ny web\u00e1ruh\u00e1z orsz\u00e1gos h\u00e1zhozsz\u00e1ll\u00edt\u00e1ssal!\",\"publisher\":{\"@id\":\"https:\\\/\\\/tajkertesz.com\\\/#organization\"},\"potentialAction\":[{\"@type\":\"SearchAction\",\"target\":{\"@type\":\"EntryPoint\",\"urlTemplate\":\"https:\\\/\\\/tajkertesz.com\\\/?s={search_term_string}\"},\"query-input\":{\"@type\":\"PropertyValueSpecification\",\"valueRequired\":true,\"valueName\":\"search_term_string\"}}],\"inLanguage\":\"en-US\"},{\"@type\":\"Organization\",\"@id\":\"https:\\\/\\\/tajkertesz.com\\\/#organization\",\"name\":\"T\u00e1j-Kert\u00e9sz 84 Kft.\",\"url\":\"https:\\\/\\\/tajkertesz.com\\\/\",\"logo\":{\"@type\":\"ImageObject\",\"inLanguage\":\"en-US\",\"@id\":\"https:\\\/\\\/tajkertesz.com\\\/#\\\/schema\\\/logo\\\/image\\\/\",\"url\":\"https:\\\/\\\/tajkertesz.com\\\/wp-content\\\/uploads\\\/2018\\\/02\\\/logo-2-e1518678052539.png\",\"contentUrl\":\"https:\\\/\\\/tajkertesz.com\\\/wp-content\\\/uploads\\\/2018\\\/02\\\/logo-2-e1518678052539.png\",\"width\":81,\"height\":140,\"caption\":\"T\u00e1j-Kert\u00e9sz 84 Kft.\"},\"image\":{\"@id\":\"https:\\\/\\\/tajkertesz.com\\\/#\\\/schema\\\/logo\\\/image\\\/\"},\"sameAs\":[\"https:\\\/\\\/www.facebook.com\\\/Tajkertesz\\\/\"]}]}<\/script>\n<!-- \/ Yoast SEO plugin. -->","yoast_head_json":{"title":"Skimmia japonica 'Rubella' , Jap\u00e1n d\u00e9rbab\u00e9r - T\u00e1jkert\u00e9sz","description":"A Skimmia japonica 'Rubella', Jap\u00e1n d\u00e9rbab\u00e9r 1-1,5 m\u00e9ter magas lass\u00fa n\u00f6veked\u00e9s\u0171 \u00f6r\u00f6kz\u00f6ld cserje. S\u00e1rg\u00e1sfeh\u00e9r vir\u00e1ga kellemesen illatos.","robots":{"index":"index","follow":"follow","max-snippet":"max-snippet:-1","max-image-preview":"max-image-preview:large","max-video-preview":"max-video-preview:-1"},"canonical":"https:\/\/tajkertesz.com\/en_US\/product\/skimmia-japonica-rubella-japan-derbaber\/","og_locale":"en_US","og_type":"article","og_title":"Skimmia japonica 'Rubella' , Jap\u00e1n d\u00e9rbab\u00e9r - T\u00e1jkert\u00e9sz","og_description":"A Skimmia japonica 'Rubella', Jap\u00e1n d\u00e9rbab\u00e9r 1-1,5 m\u00e9ter magas lass\u00fa n\u00f6veked\u00e9s\u0171 \u00f6r\u00f6kz\u00f6ld cserje. S\u00e1rg\u00e1sfeh\u00e9r vir\u00e1ga kellemesen illatos.","og_url":"https:\/\/tajkertesz.com\/en_US\/product\/skimmia-japonica-rubella-japan-derbaber\/","og_site_name":"T\u00e1jkert\u00e9sz","article_publisher":"https:\/\/www.facebook.com\/Tajkertesz\/","article_modified_time":"2026-02-25T14:21:57+00:00","og_image":[{"width":800,"height":800,"url":"https:\/\/tajkertesz.com\/wp-content\/uploads\/2020\/03\/skimmia-japonica.jpg2_.jpg","type":"image\/jpeg"}],"twitter_card":"summary_large_image","twitter_misc":{"Est. reading time":"2 minutes"},"schema":{"@context":"https:\/\/schema.org","@graph":[{"@type":"WebPage","@id":"https:\/\/tajkertesz.com\/termek\/skimmia-japonica-rubella-japan-derbaber\/","url":"https:\/\/tajkertesz.com\/termek\/skimmia-japonica-rubella-japan-derbaber\/","name":"Skimmia japonica 'Rubella' , Jap\u00e1n d\u00e9rbab\u00e9r - T\u00e1jkert\u00e9sz","isPartOf":{"@id":"https:\/\/tajkertesz.com\/#website"},"primaryImageOfPage":{"@id":"https:\/\/tajkertesz.com\/termek\/skimmia-japonica-rubella-japan-derbaber\/#primaryimage"},"image":{"@id":"https:\/\/tajkertesz.com\/termek\/skimmia-japonica-rubella-japan-derbaber\/#primaryimage"},"thumbnailUrl":"https:\/\/tajkertesz.com\/wp-content\/uploads\/2020\/03\/skimmia-japonica.jpg2_.jpg","datePublished":"2020-03-26T14:22:51+00:00","dateModified":"2026-02-25T14:21:57+00:00","description":"A Skimmia japonica 'Rubella', Jap\u00e1n d\u00e9rbab\u00e9r 1-1,5 m\u00e9ter magas lass\u00fa n\u00f6veked\u00e9s\u0171 \u00f6r\u00f6kz\u00f6ld cserje. S\u00e1rg\u00e1sfeh\u00e9r vir\u00e1ga kellemesen illatos.","breadcrumb":{"@id":"https:\/\/tajkertesz.com\/termek\/skimmia-japonica-rubella-japan-derbaber\/#breadcrumb"},"inLanguage":"en-US","potentialAction":[{"@type":"ReadAction","target":["https:\/\/tajkertesz.com\/termek\/skimmia-japonica-rubella-japan-derbaber\/"]}]},{"@type":"ImageObject","inLanguage":"en-US","@id":"https:\/\/tajkertesz.com\/termek\/skimmia-japonica-rubella-japan-derbaber\/#primaryimage","url":"https:\/\/tajkertesz.com\/wp-content\/uploads\/2020\/03\/skimmia-japonica.jpg2_.jpg","contentUrl":"https:\/\/tajkertesz.com\/wp-content\/uploads\/2020\/03\/skimmia-japonica.jpg2_.jpg","width":800,"height":800},{"@type":"BreadcrumbList","@id":"https:\/\/tajkertesz.com\/termek\/skimmia-japonica-rubella-japan-derbaber\/#breadcrumb","itemListElement":[{"@type":"ListItem","position":1,"name":"Home","item":"https:\/\/tajkertesz.com\/"},{"@type":"ListItem","position":2,"name":"Kezd\u0151lap","item":"https:\/\/tajkertesz.com\/"},{"@type":"ListItem","position":3,"name":"Skimmia japonica &#8216;Rubella&#8217; , Jap\u00e1n d\u00e9rbab\u00e9r"}]},{"@type":"WebSite","@id":"https:\/\/tajkertesz.com\/#website","url":"https:\/\/tajkertesz.com\/","name":"T\u00e1j-Kert\u00e9sz 84 Kft.","description":"Kert\u00e9szeti kis- \u00e9s nagykeresked\u00e9s, D\u00edszn\u00f6v\u00e9ny web\u00e1ruh\u00e1z orsz\u00e1gos h\u00e1zhozsz\u00e1ll\u00edt\u00e1ssal!","publisher":{"@id":"https:\/\/tajkertesz.com\/#organization"},"potentialAction":[{"@type":"SearchAction","target":{"@type":"EntryPoint","urlTemplate":"https:\/\/tajkertesz.com\/?s={search_term_string}"},"query-input":{"@type":"PropertyValueSpecification","valueRequired":true,"valueName":"search_term_string"}}],"inLanguage":"en-US"},{"@type":"Organization","@id":"https:\/\/tajkertesz.com\/#organization","name":"T\u00e1j-Kert\u00e9sz 84 Kft.","url":"https:\/\/tajkertesz.com\/","logo":{"@type":"ImageObject","inLanguage":"en-US","@id":"https:\/\/tajkertesz.com\/#\/schema\/logo\/image\/","url":"https:\/\/tajkertesz.com\/wp-content\/uploads\/2018\/02\/logo-2-e1518678052539.png","contentUrl":"https:\/\/tajkertesz.com\/wp-content\/uploads\/2018\/02\/logo-2-e1518678052539.png","width":81,"height":140,"caption":"T\u00e1j-Kert\u00e9sz 84 Kft."},"image":{"@id":"https:\/\/tajkertesz.com\/#\/schema\/logo\/image\/"},"sameAs":["https:\/\/www.facebook.com\/Tajkertesz\/"]}]}},"_links":{"self":[{"href":"https:\/\/tajkertesz.com\/en_US\/wp-json\/wp\/v2\/product\/1519","targetHints":{"allow":["GET"]}}],"collection":[{"href":"https:\/\/tajkertesz.com\/en_US\/wp-json\/wp\/v2\/product"}],"about":[{"href":"https:\/\/tajkertesz.com\/en_US\/wp-json\/wp\/v2\/types\/product"}],"wp:featuredmedia":[{"embeddable":true,"href":"https:\/\/tajkertesz.com\/en_US\/wp-json\/wp\/v2\/media\/1517"}],"wp:attachment":[{"href":"https:\/\/tajkertesz.com\/en_US\/wp-json\/wp\/v2\/media?parent=1519"}],"wp:term":[{"taxonomy":"product_brand","embeddable":true,"href":"https:\/\/tajkertesz.com\/en_US\/wp-json\/wp\/v2\/product_brand?post=1519"},{"taxonomy":"product_cat","embeddable":true,"href":"https:\/\/tajkertesz.com\/en_US\/wp-json\/wp\/v2\/product_cat?post=1519"},{"taxonomy":"product_tag","embeddable":true,"href":"https:\/\/tajkertesz.com\/en_US\/wp-json\/wp\/v2\/product_tag?post=1519"}],"curies":[{"name":"wp","href":"https:\/\/api.w.org\/{rel}","templated":true}]}}