{"id":1520,"date":"2020-03-26T14:44:33","date_gmt":"2020-03-26T14:44:33","guid":{"rendered":"https:\/\/tajkertesz.com\/?post_type=product&#038;p=1520"},"modified":"2025-11-22T12:22:33","modified_gmt":"2025-11-22T12:22:33","slug":"spiraea-japonica-little-princess-torpe-japan-gyongyvesszo-2","status":"publish","type":"product","link":"https:\/\/tajkertesz.com\/en_US\/product\/spiraea-japonica-little-princess-torpe-japan-gyongyvesszo-2\/","title":{"rendered":"Spiraea japonica &#8216;Little Princess&#8217; &#8211; T\u00f6rpe jap\u00e1n gy\u00f6ngyvessz\u0151"},"content":{"rendered":"<h1>Spiraea japonica &#8216;Little Princess&#8217; &#8211; T\u00f6rpe jap\u00e1n gy\u00f6ngyvessz\u0151<\/h1>\n<p data-start=\"692\" data-end=\"955\">A <strong data-start=\"694\" data-end=\"759\">Spiraea japonica &#8216;Little Princess&#8217; \u2013 T\u00f6rpe jap\u00e1n gy\u00f6ngyvessz\u0151<\/strong> egy kompakt, lombhullat\u00f3 cserje, amely j\u00fanius\u2013augusztusban \u00e9l\u00e9nk r\u00f3zsasz\u00edn vir\u00e1gokkal vir\u00e1gzik. Alacsony n\u00f6veked\u00e9se miatt szeg\u00e9lyekhez, kisebb kertekbe, vagy balkonl\u00e1d\u00e1kba is ide\u00e1lis v\u00e1laszt\u00e1s.<\/p>\n<h4 data-start=\"957\" data-end=\"978\"><strong data-start=\"961\" data-end=\"978\">Tulajdons\u00e1gok<\/strong><\/h4>\n<ul data-start=\"979\" data-end=\"1230\">\n<li data-start=\"979\" data-end=\"1025\">\n<p data-start=\"981\" data-end=\"1025\"><strong data-start=\"981\" data-end=\"991\">M\u00e9ret:<\/strong> 40\u201360 cm magas, 50\u201370 cm sz\u00e9les<\/p>\n<\/li>\n<li data-start=\"1026\" data-end=\"1067\">\n<p data-start=\"1028\" data-end=\"1067\"><strong data-start=\"1028\" data-end=\"1041\">Vir\u00e1gz\u00e1s:<\/strong> Ny\u00e1r (j\u00fanius\u2013augusztus)<\/p>\n<\/li>\n<li data-start=\"1068\" data-end=\"1122\">\n<p data-start=\"1070\" data-end=\"1122\"><strong data-start=\"1070\" data-end=\"1092\">\u00c1rny\u00e9k\/teljes nap:<\/strong> Napos vagy f\u00e9l\u00e1rny\u00e9kos hely<\/p>\n<\/li>\n<li data-start=\"1123\" data-end=\"1168\">\n<p data-start=\"1125\" data-end=\"1168\"><strong data-start=\"1125\" data-end=\"1135\">Talaj:<\/strong> J\u00f3 v\u00edzelvezet\u00e9s\u0171, t\u00e1pd\u00fas talaj<\/p>\n<\/li>\n<li data-start=\"1169\" data-end=\"1230\">\n<p data-start=\"1171\" data-end=\"1230\"><strong data-start=\"1171\" data-end=\"1184\">Gondoz\u00e1s:<\/strong> Metsz\u00e9s a vir\u00e1gz\u00e1s ut\u00e1n, v\u00edzig\u00e9ny m\u00e9rs\u00e9kelt<\/p>\n<\/li>\n<\/ul>\n<h4><strong>\ud83d\udd04 K\u00e9szletinform\u00e1ci\u00f3<\/strong><\/h4>\n<p><strong>K\u00e9szlet\u00fcnk napi szinten v\u00e1ltozik, \u00edgy a webshopban szerepl<\/strong><strong>\u0151<\/strong><strong>\u00a0term\u00e9kek el\u00e9rhet<\/strong><strong>\u0151<\/strong><strong>s\u00e9ge nem garant\u00e1lt.<br \/>\n\ud83d\udcde A megrendel\u00e9s el<\/strong><strong>\u0151<\/strong><strong>tt k\u00e9rj\u00fck, \u00e9rdekl<\/strong><strong>\u0151<\/strong><strong>dj\u00f6n szem\u00e9lyesen, telefonon vagy e-mailben!<\/strong><\/p>\n<h4><strong>\u27a1\ufe0f Kapcsolat:<\/strong><\/h4>\n<ul>\n<li><strong>Weboldal:\u00a0<\/strong><a href=\"https:\/\/tajkertesz.com\/\"><strong>tajkertesz.com<\/strong><\/a><\/li>\n<li><strong>Facebook:\u00a0<\/strong><a href=\"https:\/\/www.facebook.com\/tajkertesz\/\"><strong>facebook.com\/tajkertesz<\/strong><\/a><\/li>\n<li><strong>Telefonsz\u00e1m, e-mail: +36\/20-319-3770\u00a0<\/strong><a href=\"mailto:tajkerteszaruda@gmail.com\"><strong>tajkerteszaruda@gmail.com<\/strong><\/a><\/li>\n<\/ul>\n<h4><strong>\ud83d\ude9a Sz\u00e1ll\u00edt\u00e1si inform\u00e1ci\u00f3k<\/strong><\/h4>\n<p><strong>A megrendelt n\u00f6v\u00e9nyek kisz\u00e1ll\u00edt\u00e1sa az al\u00e1bbi felt\u00e9telek mellett t\u00f6rt\u00e9nik:<\/strong><\/p>\n<h4><strong>\ud83d\udce6 Fut\u00e1rszolg\u00e1latos sz\u00e1ll\u00edt\u00e1s<\/strong><\/h4>\n<ul>\n<li><strong>Maxim\u00e1lis m\u00e9ret: 200 cm (hossz\u00fas\u00e1g)<\/strong><\/li>\n<li><strong>Maxim\u00e1lis s\u00faly: 40 kg<\/strong><\/li>\n<li><strong>Az enn\u00e9l kisebb \u00e9s k\u00f6nnyebb csomagokat fut\u00e1rszolg\u00e1lattal k\u00e9zbes\u00edtj\u00fck a lehet<\/strong><strong>\u0151<\/strong><strong>\u00a0legbiztons\u00e1gosabb csomagol\u00e1sban.<\/strong><\/li>\n<\/ul>\n<h4><strong>\ud83d\udefb Szem\u00e9lyes \u00e1tv\u00e9tel<\/strong><\/h4>\n<ul>\n<li><strong>1173 Budapest, Bakancsos utca 7. sz\u00e1m alatt nyitvatart\u00e1si id<\/strong><strong>\u0151<\/strong><strong>ben szem\u00e9lyesen \u00e1tvehet<\/strong><strong>\u0151<\/strong><strong>\u00a0kert\u00e9szeti \u00e1rud\u00e1nkban.<\/strong><\/li>\n<li><strong>K\u00f6lts\u00e9ghat\u00e9kony megold\u00e1s nagyobb, t\u00f6r\u00e9kenyebb vagy t\u00falm\u00e9retes n\u00f6v\u00e9nyek eset\u00e9n.<\/strong><\/li>\n<\/ul>\n<h4><strong>\ud83d\udcde Nagy m\u00e9ret<\/strong><strong>\u0171<\/strong><strong>\u00a0vagy s\u00faly\u00fa n\u00f6v\u00e9nyek eset\u00e9n<\/strong><\/h4>\n<p><strong>Ha a term\u00e9k:<\/strong><\/p>\n<ul>\n<li><strong>meghaladja a 200 cm hossz\u00fas\u00e1got vagy<\/strong><\/li>\n<li><strong>meghaladja a 40 kg s\u00falyt,<\/strong><\/li>\n<\/ul>\n<p><strong>akkor szem\u00e9lyes \u00e1tv\u00e9tellel vagy egyedi, el<\/strong><strong>\u0151<\/strong><strong>re egyeztetett sz\u00e1ll\u00edt\u00e1si felt\u00e9telek mellett t\u00f6rt\u00e9nik.<br \/>\nK\u00e9rj\u00fck, ilyen esetben rendel\u00e9s el<\/strong><strong>\u0151<\/strong><strong>tt vegye fel vel\u00fcnk a kapcsolatot, hogy a lehet<\/strong><strong>\u0151<\/strong><strong>\u00a0legmegfelel<\/strong><strong>\u0151<\/strong><strong>bb sz\u00e1ll\u00edt\u00e1si megold\u00e1st k\u00edn\u00e1lhassuk.<\/strong><\/p>\n<p><strong>\ud83d\udd14 Fontos: A n\u00f6v\u00e9nyeket minden esetben igyeksz\u00fcnk gondosan, egyes\u00e9vel csomagolni, azonban a sz\u00e1ll\u00edt\u00e1s sor\u00e1n kisebb eszt\u00e9tikai s\u00e9r\u00fcl\u00e9sek el<\/strong><strong>\u0151<\/strong><strong>fordulhatnak (pl. lev\u00e9lhull\u00e1s). Ez nem min<\/strong><strong>\u0151<\/strong><strong>s\u00fcl hib\u00e1s teljes\u00edt\u00e9snek.<\/strong><\/p>\n<h4><strong>\ud83d\udcf7 Fontos tudni a k\u00e9pekr<\/strong><strong>\u0151<\/strong><strong>l<\/strong><\/h4>\n<p><strong>A webshopban szerepl<\/strong><strong>\u0151<\/strong><strong>\u00a0k\u00e9pek illusztr\u00e1ci\u00f3k, a n\u00f6v\u00e9nyek term\u00e9szet\u00fckn\u00e9l fogva egyediek, \u00edgy m\u00e9retben, alakban \u00e9s sz\u00ednben minim\u00e1lis elt\u00e9r\u00e9sek el<\/strong><strong>\u0151<\/strong><strong>fordulhatnak a k\u00e9pen l\u00e1that\u00f3 \u00e9s a val\u00f3s p\u00e9ld\u00e1nyok k\u00f6z\u00f6tt.<\/strong><\/p>\n<h4><strong>\ud83e\uddfe \u00c1rak \u00e9s el\u00e1ll\u00e1si jog<\/strong><\/h4>\n<ul>\n<li><strong>Az \u00e1rak egy darab\u00a0n\u00f6v\u00e9nyre vonatkoznak.<\/strong><\/li>\n<li><strong>\u00c9l<\/strong><strong>\u0151<\/strong><strong>\u00a0n\u00f6v\u00e9nyek rendel\u00e9se eset\u00e9n a 14 napos el\u00e1ll\u00e1s joga nem \u00e9rv\u00e9nyes\u00edthet<\/strong><strong>\u0151<\/strong><strong>, mivel azok romland\u00f3, biol\u00f3giailag \u00e9l<\/strong><strong>\u0151<\/strong><strong>\u00a0term\u00e9keknek min<\/strong><strong>\u0151<\/strong><strong>s\u00fclnek.<br \/>\n\ud83d\udd12 (17\/1999. (II. 5.) Korm. rendelet 5. \u00a7 c) pontja alapj\u00e1n)<\/strong><\/li>\n<\/ul>\n<h4><strong>\ud83d\udce6 K\u00e9zbes\u00edt\u00e9s ut\u00e1ni teend<\/strong><strong>\u0151<\/strong><strong>k<\/strong><\/h4>\n<p><strong>A k\u00e9zbes\u00edt\u00e9st k\u00f6vet<\/strong><strong>\u0151<\/strong><strong>en a csomagot azonnal bontsuk ki, \u00e9s a n\u00f6v\u00e9nyt helyezz\u00fck el megfelel<\/strong><strong>\u0151<\/strong><strong>\u00a0k\u00f6rnyezetben.<br \/>\nFontos: ha a n\u00f6v\u00e9ny nem r\u00e9szes\u00fcl megfelel<\/strong><strong>\u0151<\/strong><strong>\u00a0gondoz\u00e1sban \u00e9s ennek k\u00f6vetkezt\u00e9ben k\u00e1rosodik vagy elpusztul, felel<\/strong><strong>\u0151<\/strong><strong>ss\u00e9get nem tudunk v\u00e1llalni.<\/strong><\/p>","protected":false},"excerpt":{"rendered":"<p>A Spiraea japonica &#8216;Little Princess&#8217;, azaz T\u00f6rpe jap\u00e1n gy\u00f6ngyvessz\u0151, egy apr\u00f3 n\u00f6veked\u00e9s\u0171, lombhullat\u00f3 cserje, mely ny\u00e1ron \u00e9l\u00e9nk r\u00f3zsasz\u00edn vir\u00e1gokkal bor\u00edtja \u00e1gait. Ide\u00e1lis kisebb kertekbe, szeg\u00e9lyekhez vagy vir\u00e1g\u00e1gy\u00e1sok d\u00edsz\u00edt\u00e9s\u00e9hez.<\/p>\n<p>M\u00e9rete:20-30 cm magas, 5 literes kont\u00e9nerben.<\/p>","protected":false},"featured_media":1521,"template":"","meta":{"_et_pb_use_builder":"","_et_pb_old_content":"","_et_gb_content_width":""},"product_brand":[],"product_cat":[27],"product_tag":[6283,5849,7536,5895,7538,5875,6094,5934,5880,382,7539,6189,383,5867],"class_list":{"0":"post-1520","1":"product","2":"type-product","3":"status-publish","4":"has-post-thumbnail","6":"product_cat-cserjek","7":"product_tag-balkon-noveny","8":"product_tag-diszcserje","9":"product_tag-kert-noveny","10":"product_tag-kompakt-cserje","11":"product_tag-konnyen-gondozhato","12":"product_tag-lombhullato-cserje","13":"product_tag-nyari-virag","14":"product_tag-rozsaszin-virag","15":"product_tag-spiraea-japonica","16":"product_tag-spiraea-japonica-little-princess","17":"product_tag-szegelycserje","18":"product_tag-terasz-noveny","19":"product_tag-torpe-japan-gyongyvesszo","20":"product_tag-viragzo-cserje","22":"first","23":"instock","24":"shipping-taxable","25":"purchasable","26":"product-type-simple"},"yoast_head":"<!-- This site is optimized with the Yoast SEO plugin v27.3 - https:\/\/yoast.com\/product\/yoast-seo-wordpress\/ -->\n<title>Spiraea japonica &#039;Little Princess&#039; - T\u00f6rpe jap\u00e1n gy\u00f6ngyvessz\u0151 - T\u00e1jkert\u00e9sz<\/title>\n<meta name=\"description\" content=\"A Spiraea japonica &#039;Little Princess&#039; - T\u00f6rpe jap\u00e1n gy\u00f6ngyvessz\u0151 alacsony sz\u00e9lesen elter\u00fcl\u0151 r\u00f3zsasz\u00ednen vir\u00e1gz\u00f3 cserje. Vir\u00e1gait j\u00fanius-augusztusban hozza.\" \/>\n<meta name=\"robots\" content=\"index, follow, max-snippet:-1, max-image-preview:large, max-video-preview:-1\" \/>\n<link rel=\"canonical\" href=\"https:\/\/tajkertesz.com\/en_US\/product\/spiraea-japonica-little-princess-torpe-japan-gyongyvesszo-2\/\" \/>\n<meta property=\"og:locale\" content=\"en_US\" \/>\n<meta property=\"og:type\" content=\"article\" \/>\n<meta property=\"og:title\" content=\"Spiraea japonica &#039;Little Princess&#039; - T\u00f6rpe jap\u00e1n gy\u00f6ngyvessz\u0151 - T\u00e1jkert\u00e9sz\" \/>\n<meta property=\"og:description\" content=\"A Spiraea japonica &#039;Little Princess&#039; - T\u00f6rpe jap\u00e1n gy\u00f6ngyvessz\u0151 alacsony sz\u00e9lesen elter\u00fcl\u0151 r\u00f3zsasz\u00ednen vir\u00e1gz\u00f3 cserje. Vir\u00e1gait j\u00fanius-augusztusban hozza.\" \/>\n<meta property=\"og:url\" content=\"https:\/\/tajkertesz.com\/en_US\/product\/spiraea-japonica-little-princess-torpe-japan-gyongyvesszo-2\/\" \/>\n<meta property=\"og:site_name\" content=\"T\u00e1jkert\u00e9sz\" \/>\n<meta property=\"article:publisher\" content=\"https:\/\/www.facebook.com\/Tajkertesz\/\" \/>\n<meta property=\"article:modified_time\" content=\"2025-11-22T12:22:33+00:00\" \/>\n<meta property=\"og:image\" content=\"https:\/\/tajkertesz.com\/wp-content\/uploads\/2020\/03\/Spiraea-Little-Princess.jpg4_.jpeg\" \/>\n\t<meta property=\"og:image:width\" content=\"647\" \/>\n\t<meta property=\"og:image:height\" content=\"520\" \/>\n\t<meta property=\"og:image:type\" content=\"image\/jpeg\" \/>\n<meta name=\"twitter:card\" content=\"summary_large_image\" \/>\n<meta name=\"twitter:label1\" content=\"Est. reading time\" \/>\n\t<meta name=\"twitter:data1\" content=\"3 minutes\" \/>\n<script type=\"application\/ld+json\" class=\"yoast-schema-graph\">{\"@context\":\"https:\\\/\\\/schema.org\",\"@graph\":[{\"@type\":\"WebPage\",\"@id\":\"https:\\\/\\\/tajkertesz.com\\\/termek\\\/spiraea-japonica-little-princess-torpe-japan-gyongyvesszo-2\\\/\",\"url\":\"https:\\\/\\\/tajkertesz.com\\\/termek\\\/spiraea-japonica-little-princess-torpe-japan-gyongyvesszo-2\\\/\",\"name\":\"Spiraea japonica 'Little Princess' - T\u00f6rpe jap\u00e1n gy\u00f6ngyvessz\u0151 - T\u00e1jkert\u00e9sz\",\"isPartOf\":{\"@id\":\"https:\\\/\\\/tajkertesz.com\\\/#website\"},\"primaryImageOfPage\":{\"@id\":\"https:\\\/\\\/tajkertesz.com\\\/termek\\\/spiraea-japonica-little-princess-torpe-japan-gyongyvesszo-2\\\/#primaryimage\"},\"image\":{\"@id\":\"https:\\\/\\\/tajkertesz.com\\\/termek\\\/spiraea-japonica-little-princess-torpe-japan-gyongyvesszo-2\\\/#primaryimage\"},\"thumbnailUrl\":\"https:\\\/\\\/tajkertesz.com\\\/wp-content\\\/uploads\\\/2020\\\/03\\\/Spiraea-Little-Princess.jpg4_.jpeg\",\"datePublished\":\"2020-03-26T14:44:33+00:00\",\"dateModified\":\"2025-11-22T12:22:33+00:00\",\"description\":\"A Spiraea japonica 'Little Princess' - T\u00f6rpe jap\u00e1n gy\u00f6ngyvessz\u0151 alacsony sz\u00e9lesen elter\u00fcl\u0151 r\u00f3zsasz\u00ednen vir\u00e1gz\u00f3 cserje. Vir\u00e1gait j\u00fanius-augusztusban hozza.\",\"breadcrumb\":{\"@id\":\"https:\\\/\\\/tajkertesz.com\\\/termek\\\/spiraea-japonica-little-princess-torpe-japan-gyongyvesszo-2\\\/#breadcrumb\"},\"inLanguage\":\"en-US\",\"potentialAction\":[{\"@type\":\"ReadAction\",\"target\":[\"https:\\\/\\\/tajkertesz.com\\\/termek\\\/spiraea-japonica-little-princess-torpe-japan-gyongyvesszo-2\\\/\"]}]},{\"@type\":\"ImageObject\",\"inLanguage\":\"en-US\",\"@id\":\"https:\\\/\\\/tajkertesz.com\\\/termek\\\/spiraea-japonica-little-princess-torpe-japan-gyongyvesszo-2\\\/#primaryimage\",\"url\":\"https:\\\/\\\/tajkertesz.com\\\/wp-content\\\/uploads\\\/2020\\\/03\\\/Spiraea-Little-Princess.jpg4_.jpeg\",\"contentUrl\":\"https:\\\/\\\/tajkertesz.com\\\/wp-content\\\/uploads\\\/2020\\\/03\\\/Spiraea-Little-Princess.jpg4_.jpeg\",\"width\":647,\"height\":520,\"caption\":\"Spiraea japonica 'Little Princess' - T\u00f6rpe jap\u00e1n gy\u00f6ngyvessz\u0151\"},{\"@type\":\"BreadcrumbList\",\"@id\":\"https:\\\/\\\/tajkertesz.com\\\/termek\\\/spiraea-japonica-little-princess-torpe-japan-gyongyvesszo-2\\\/#breadcrumb\",\"itemListElement\":[{\"@type\":\"ListItem\",\"position\":1,\"name\":\"Home\",\"item\":\"https:\\\/\\\/tajkertesz.com\\\/\"},{\"@type\":\"ListItem\",\"position\":2,\"name\":\"Kezd\u0151lap\",\"item\":\"https:\\\/\\\/tajkertesz.com\\\/\"},{\"@type\":\"ListItem\",\"position\":3,\"name\":\"Spiraea japonica &#8216;Little Princess&#8217; &#8211; T\u00f6rpe jap\u00e1n gy\u00f6ngyvessz\u0151\"}]},{\"@type\":\"WebSite\",\"@id\":\"https:\\\/\\\/tajkertesz.com\\\/#website\",\"url\":\"https:\\\/\\\/tajkertesz.com\\\/\",\"name\":\"T\u00e1j-Kert\u00e9sz 84 Kft.\",\"description\":\"Kert\u00e9szeti kis- \u00e9s nagykeresked\u00e9s, D\u00edszn\u00f6v\u00e9ny web\u00e1ruh\u00e1z orsz\u00e1gos h\u00e1zhozsz\u00e1ll\u00edt\u00e1ssal!\",\"publisher\":{\"@id\":\"https:\\\/\\\/tajkertesz.com\\\/#organization\"},\"potentialAction\":[{\"@type\":\"SearchAction\",\"target\":{\"@type\":\"EntryPoint\",\"urlTemplate\":\"https:\\\/\\\/tajkertesz.com\\\/?s={search_term_string}\"},\"query-input\":{\"@type\":\"PropertyValueSpecification\",\"valueRequired\":true,\"valueName\":\"search_term_string\"}}],\"inLanguage\":\"en-US\"},{\"@type\":\"Organization\",\"@id\":\"https:\\\/\\\/tajkertesz.com\\\/#organization\",\"name\":\"T\u00e1j-Kert\u00e9sz 84 Kft.\",\"url\":\"https:\\\/\\\/tajkertesz.com\\\/\",\"logo\":{\"@type\":\"ImageObject\",\"inLanguage\":\"en-US\",\"@id\":\"https:\\\/\\\/tajkertesz.com\\\/#\\\/schema\\\/logo\\\/image\\\/\",\"url\":\"https:\\\/\\\/tajkertesz.com\\\/wp-content\\\/uploads\\\/2018\\\/02\\\/logo-2-e1518678052539.png\",\"contentUrl\":\"https:\\\/\\\/tajkertesz.com\\\/wp-content\\\/uploads\\\/2018\\\/02\\\/logo-2-e1518678052539.png\",\"width\":81,\"height\":140,\"caption\":\"T\u00e1j-Kert\u00e9sz 84 Kft.\"},\"image\":{\"@id\":\"https:\\\/\\\/tajkertesz.com\\\/#\\\/schema\\\/logo\\\/image\\\/\"},\"sameAs\":[\"https:\\\/\\\/www.facebook.com\\\/Tajkertesz\\\/\"]}]}<\/script>\n<!-- \/ Yoast SEO plugin. -->","yoast_head_json":{"title":"Spiraea japonica 'Little Princess' - T\u00f6rpe jap\u00e1n gy\u00f6ngyvessz\u0151 - T\u00e1jkert\u00e9sz","description":"A Spiraea japonica 'Little Princess' - T\u00f6rpe jap\u00e1n gy\u00f6ngyvessz\u0151 alacsony sz\u00e9lesen elter\u00fcl\u0151 r\u00f3zsasz\u00ednen vir\u00e1gz\u00f3 cserje. Vir\u00e1gait j\u00fanius-augusztusban hozza.","robots":{"index":"index","follow":"follow","max-snippet":"max-snippet:-1","max-image-preview":"max-image-preview:large","max-video-preview":"max-video-preview:-1"},"canonical":"https:\/\/tajkertesz.com\/en_US\/product\/spiraea-japonica-little-princess-torpe-japan-gyongyvesszo-2\/","og_locale":"en_US","og_type":"article","og_title":"Spiraea japonica 'Little Princess' - T\u00f6rpe jap\u00e1n gy\u00f6ngyvessz\u0151 - T\u00e1jkert\u00e9sz","og_description":"A Spiraea japonica 'Little Princess' - T\u00f6rpe jap\u00e1n gy\u00f6ngyvessz\u0151 alacsony sz\u00e9lesen elter\u00fcl\u0151 r\u00f3zsasz\u00ednen vir\u00e1gz\u00f3 cserje. Vir\u00e1gait j\u00fanius-augusztusban hozza.","og_url":"https:\/\/tajkertesz.com\/en_US\/product\/spiraea-japonica-little-princess-torpe-japan-gyongyvesszo-2\/","og_site_name":"T\u00e1jkert\u00e9sz","article_publisher":"https:\/\/www.facebook.com\/Tajkertesz\/","article_modified_time":"2025-11-22T12:22:33+00:00","og_image":[{"width":647,"height":520,"url":"https:\/\/tajkertesz.com\/wp-content\/uploads\/2020\/03\/Spiraea-Little-Princess.jpg4_.jpeg","type":"image\/jpeg"}],"twitter_card":"summary_large_image","twitter_misc":{"Est. reading time":"3 minutes"},"schema":{"@context":"https:\/\/schema.org","@graph":[{"@type":"WebPage","@id":"https:\/\/tajkertesz.com\/termek\/spiraea-japonica-little-princess-torpe-japan-gyongyvesszo-2\/","url":"https:\/\/tajkertesz.com\/termek\/spiraea-japonica-little-princess-torpe-japan-gyongyvesszo-2\/","name":"Spiraea japonica 'Little Princess' - T\u00f6rpe jap\u00e1n gy\u00f6ngyvessz\u0151 - T\u00e1jkert\u00e9sz","isPartOf":{"@id":"https:\/\/tajkertesz.com\/#website"},"primaryImageOfPage":{"@id":"https:\/\/tajkertesz.com\/termek\/spiraea-japonica-little-princess-torpe-japan-gyongyvesszo-2\/#primaryimage"},"image":{"@id":"https:\/\/tajkertesz.com\/termek\/spiraea-japonica-little-princess-torpe-japan-gyongyvesszo-2\/#primaryimage"},"thumbnailUrl":"https:\/\/tajkertesz.com\/wp-content\/uploads\/2020\/03\/Spiraea-Little-Princess.jpg4_.jpeg","datePublished":"2020-03-26T14:44:33+00:00","dateModified":"2025-11-22T12:22:33+00:00","description":"A Spiraea japonica 'Little Princess' - T\u00f6rpe jap\u00e1n gy\u00f6ngyvessz\u0151 alacsony sz\u00e9lesen elter\u00fcl\u0151 r\u00f3zsasz\u00ednen vir\u00e1gz\u00f3 cserje. Vir\u00e1gait j\u00fanius-augusztusban hozza.","breadcrumb":{"@id":"https:\/\/tajkertesz.com\/termek\/spiraea-japonica-little-princess-torpe-japan-gyongyvesszo-2\/#breadcrumb"},"inLanguage":"en-US","potentialAction":[{"@type":"ReadAction","target":["https:\/\/tajkertesz.com\/termek\/spiraea-japonica-little-princess-torpe-japan-gyongyvesszo-2\/"]}]},{"@type":"ImageObject","inLanguage":"en-US","@id":"https:\/\/tajkertesz.com\/termek\/spiraea-japonica-little-princess-torpe-japan-gyongyvesszo-2\/#primaryimage","url":"https:\/\/tajkertesz.com\/wp-content\/uploads\/2020\/03\/Spiraea-Little-Princess.jpg4_.jpeg","contentUrl":"https:\/\/tajkertesz.com\/wp-content\/uploads\/2020\/03\/Spiraea-Little-Princess.jpg4_.jpeg","width":647,"height":520,"caption":"Spiraea japonica 'Little Princess' - T\u00f6rpe jap\u00e1n gy\u00f6ngyvessz\u0151"},{"@type":"BreadcrumbList","@id":"https:\/\/tajkertesz.com\/termek\/spiraea-japonica-little-princess-torpe-japan-gyongyvesszo-2\/#breadcrumb","itemListElement":[{"@type":"ListItem","position":1,"name":"Home","item":"https:\/\/tajkertesz.com\/"},{"@type":"ListItem","position":2,"name":"Kezd\u0151lap","item":"https:\/\/tajkertesz.com\/"},{"@type":"ListItem","position":3,"name":"Spiraea japonica &#8216;Little Princess&#8217; &#8211; T\u00f6rpe jap\u00e1n gy\u00f6ngyvessz\u0151"}]},{"@type":"WebSite","@id":"https:\/\/tajkertesz.com\/#website","url":"https:\/\/tajkertesz.com\/","name":"T\u00e1j-Kert\u00e9sz 84 Kft.","description":"Kert\u00e9szeti kis- \u00e9s nagykeresked\u00e9s, D\u00edszn\u00f6v\u00e9ny web\u00e1ruh\u00e1z orsz\u00e1gos h\u00e1zhozsz\u00e1ll\u00edt\u00e1ssal!","publisher":{"@id":"https:\/\/tajkertesz.com\/#organization"},"potentialAction":[{"@type":"SearchAction","target":{"@type":"EntryPoint","urlTemplate":"https:\/\/tajkertesz.com\/?s={search_term_string}"},"query-input":{"@type":"PropertyValueSpecification","valueRequired":true,"valueName":"search_term_string"}}],"inLanguage":"en-US"},{"@type":"Organization","@id":"https:\/\/tajkertesz.com\/#organization","name":"T\u00e1j-Kert\u00e9sz 84 Kft.","url":"https:\/\/tajkertesz.com\/","logo":{"@type":"ImageObject","inLanguage":"en-US","@id":"https:\/\/tajkertesz.com\/#\/schema\/logo\/image\/","url":"https:\/\/tajkertesz.com\/wp-content\/uploads\/2018\/02\/logo-2-e1518678052539.png","contentUrl":"https:\/\/tajkertesz.com\/wp-content\/uploads\/2018\/02\/logo-2-e1518678052539.png","width":81,"height":140,"caption":"T\u00e1j-Kert\u00e9sz 84 Kft."},"image":{"@id":"https:\/\/tajkertesz.com\/#\/schema\/logo\/image\/"},"sameAs":["https:\/\/www.facebook.com\/Tajkertesz\/"]}]}},"_links":{"self":[{"href":"https:\/\/tajkertesz.com\/en_US\/wp-json\/wp\/v2\/product\/1520","targetHints":{"allow":["GET"]}}],"collection":[{"href":"https:\/\/tajkertesz.com\/en_US\/wp-json\/wp\/v2\/product"}],"about":[{"href":"https:\/\/tajkertesz.com\/en_US\/wp-json\/wp\/v2\/types\/product"}],"wp:featuredmedia":[{"embeddable":true,"href":"https:\/\/tajkertesz.com\/en_US\/wp-json\/wp\/v2\/media\/1521"}],"wp:attachment":[{"href":"https:\/\/tajkertesz.com\/en_US\/wp-json\/wp\/v2\/media?parent=1520"}],"wp:term":[{"taxonomy":"product_brand","embeddable":true,"href":"https:\/\/tajkertesz.com\/en_US\/wp-json\/wp\/v2\/product_brand?post=1520"},{"taxonomy":"product_cat","embeddable":true,"href":"https:\/\/tajkertesz.com\/en_US\/wp-json\/wp\/v2\/product_cat?post=1520"},{"taxonomy":"product_tag","embeddable":true,"href":"https:\/\/tajkertesz.com\/en_US\/wp-json\/wp\/v2\/product_tag?post=1520"}],"curies":[{"name":"wp","href":"https:\/\/api.w.org\/{rel}","templated":true}]}}