{"id":15240,"date":"2023-03-07T12:48:38","date_gmt":"2023-03-07T12:48:38","guid":{"rendered":"https:\/\/tajkertesz.com\/?post_type=product&#038;p=15240"},"modified":"2026-02-16T14:27:39","modified_gmt":"2026-02-16T14:27:39","slug":"bordoile-neo-sc-05l-masolat","status":"publish","type":"product","link":"https:\/\/tajkertesz.com\/en_US\/product\/bordoile-neo-sc-05l-masolat\/","title":{"rendered":"Bord\u00f3il\u00e9 NEO sc.0,5L"},"content":{"rendered":"<h2>Bord\u00f3il\u00e9 NEO sc.0,5L<\/h2>\n<p>Bord\u00f3il\u00e9 NEO sc.0,5L<\/p>\n<p>H\u00e1zikerti felhaszn\u00e1l\u00e1s: 40-50 ml\/10 l v\u00edz.<\/p>\n<p>\u00d6kol\u00f3giai termeszt\u00e9sben enged\u00e9lyezett.<br \/>\nHat\u00f3anyag: 350 g\/l trib\u00e1zikus r\u00e9zszulf\u00e1t<\/p>\n<p>Hat\u00e1sm\u00f3d \u00e9s hat\u00e9konys\u00e1g<br \/>\nA francia sz\u0151l\u0151termeszt\u00f4k m\u00e1r 1885-ben el\u0151\u00e1ll\u00edtott\u00e1k a Bord\u00f3i levet, amikor a 100%-ban old\u00f3d\u00f3 r\u00e9zg\u00e1licot m\u00e9sztejjel k\u00f6z\u00f6mb\u00f6s\u00edtett\u00e9k. A kever\u00e9k egyfajta r\u00e9zm\u00e9sz komplex, mely egy instabil oldatot k\u00e9pezett, az elk\u00e9sz\u00edt\u00e9s ut\u00e1n a lehet\u0151 legr\u00f6videbb id\u0151 alatt fel kellett haszn\u00e1lni.<br \/>\nA mai magyar Bord\u00f3il\u00e9-t nanotechnol\u00f3gi\u00e1val \u00e1ll\u00edtj\u00e1k el\u0151, a r\u00e9z r\u00e9szecsk\u00e9k m\u00e9ret\u00e9nek nagy r\u00e9sze 500 nm alatti m\u00e9rettartom\u00e1nyba esik, ez a kolloid tartom\u00e1ny. Ebben a tartom\u00e1nyban a r\u00e9szecsk\u00e9k fajs\u00falyukt\u00f3l f\u00fcggetlen\u00fcl lebegnek az old\u00f3szer\u00fckben. Amikor a r\u00e9zg\u00e1licot m\u00e9sztejjel k\u00f6z\u00f6mb\u00f6s\u00edtik, a k\u00fcl\u00f6nb\u00f6z\u0151 hozz\u00e1adott ar\u00e1nyok miatt, k\u00fcl\u00f6nb\u00f6z\u0151 b\u00e1zikuss\u00e1g\u00fa, v\u00edzben rosszul old\u00f3d\u00f3 r\u00e9z-s\u00f3k keletkeznek, valamint hasznos mell\u00e9kterm\u00e9kk\u00e9nt krist\u00e1lyvizes gipsz is, ami gyorsan megkem\u00e9nyedik a leveg\u0151n, \u00e9s szinte lemoshatatlann\u00e1 v\u00e1lik a n\u00f6v\u00e9ny fel\u00fclet\u00e9r\u0151l. A m\u00e9sz egy\u00e9bk\u00e9nt k\u00e9s\u0151bb t\u00e1pelemk\u00e9nt is hasznosul. A gipsz er\u0151sen feltapad a lepermetezett fel\u00fcletekre, majd egyfajta r\u00e9z-depok\u00e9nt szolg\u00e1ltatja folyamatosan oligodin\u00e1mikus mennyis\u00e9gben a Cu2+ ionokat, azaz csak annyit, amennyi elegend\u00f4 a k\u00f3rokoz\u00f3k el\u00f6l\u00e9s\u00e9hez, de ez a r\u00e9zmennyis\u00e9g nagyon is kev\u00e9s ahhoz, hogy perzsel\u0151 hat\u00e1st okozzon (b\u0151vebben l\u00e1sd.: A Talaj- \u00e9s n\u00f6v\u00e9nyorvosl\u00e1s kiadv\u00e1nyban). A r\u00e9z fungicid hat\u00e1sa abban rejlik, hogy a sp\u00f3r\u00e1ban felhalmoz\u00f3dik a Cu 2+ ion. A Bord\u00f3il\u00e9 sz\u00e9les hat\u00e1sspektrummal rendelkezik: bakt\u00e9riumos betegs\u00e9gek, peronoszp\u00f3ra, t\u0171zelhal\u00e1s, mon\u00edlia, varasod\u00e1s, lev\u00e9lfodrosod\u00e1s.<\/p>\n<p>Felhaszn\u00e1l\u00e1si javaslatok<br \/>\nAlmaterm\u00e9s\u0171ekben lemos\u00f3 szerk\u00e9nt \u00e9s piros bimb\u00f3s \u00e1llapotig, varasod\u00e1s \u00e9s t\u0171zelhal\u00e1s ellen legal\u00e1bb k\u00e9t alkalommal kell a permetez\u00e9st elv\u00e9gezni. Vir\u00e1gz\u00e1s ut\u00e1n az alma viaszosod\u00e1s\u00e1t\u00f3l kezd\u0151d\u0151en lehet a k\u00e9sz\u00edtm\u00e9nyt felhaszn\u00e1lni varasod\u00e1s ellen. (A r\u00e9z\u00e9rz\u00e9keny \u201eGolden\u201d fajt\u00e1kn\u00e1l nem aj\u00e1nlott piros bimb\u00f3s \u00e1llapot ut\u00e1n, perzsel\u00e9st okozhat). A sz\u00fcret ut\u00e1n v\u00e9gzett Bord\u00f3i leves permetez\u00e9ssel cs\u00f6kkenteni lehet a varasod\u00e1s k\u00e9s\u0151bbi felszaporod\u00e1s\u00e1nak a m\u00e9rt\u00e9k\u00e9t. A szer hat\u00e1sa n\u00f6velhet\u0151 varasod\u00e1s \u00e9s t\u0171zelhal\u00e1s ellen Plantafosz Universal immun-er\u0151s\u00edt\u0151 k\u00e9sz\u00edtm\u00e9nnyel, amely eg\u00e9rf\u00fcles vagy z\u00f6ldbimb\u00f3s \u00e1llapotban juttathat\u00f3 ki csepegtet\u0151 \u00f6nt\u00f6z\u00e9ssel 10-15 l\/ha d\u00f3zisban, illetve sziromhull\u00e1s ut\u00e1n 1 l\/ha adagban permetez\u00e9skor.<\/p>\n<p>Sz\u0151l\u0151ben peronoszp\u00f3ra ellen megel\u0151z\u0151 jelleggel a hajt\u00e1s 20-25 cm-es nagys\u00e1g\u00e1t\u00f3l, id\u0151j\u00e1r\u00e1st\u00f3l \u00e9s fert\u0151z\u00e9si nyom\u00e1st\u00f3l f\u00fcgg\u0151en 7-14 naponk\u00e9nt kell permetezni. A peronoszp\u00f3ra elleni hat\u00e1s\u00e1t er\u0151s\u00edteni lehet a Plantafosz R\u00e9z komplex m\u0171tr\u00e1gyaoldat \u00e9s n\u00f6v\u00e9nyi immuner\u0151s\u00edt\u0151 k\u00e9sz\u00edtm\u00e9ny 2-3 l\/ha-os d\u00f3zis\u00e1val. Vir\u00e1gz\u00e1skor Mycrobor DF ad\u00e1sa javasolt a term\u00e9sk\u00f6t\u0151d\u00e9s jav\u00edt\u00e1s\u00e1ra.<\/p>\n<p>Burgony\u00e1ban burgonyav\u00e9sz ellen hat\u00e1sos. Kijuttat\u00e1sa megel\u0151z\u0151 jelleggel javasolt, a sorok z\u00e1r\u00f3d\u00e1sa el\u0151tt a permetez\u00e9seket meg kell kezdeni \u00e9s 7-10 naponk\u00e9nt meg kell ism\u00e9telni. A szer burgonyav\u00e9sz elleni hat\u00e1s\u00e1t n\u00f6velni lehet Plantafosz R\u00e9z m\u0171tr\u00e1gyaoldat \u00e9s n\u00f6v\u00e9nyi immuner\u0151s\u00edt\u0151 k\u00e9sz\u00edtm\u00e9nnyel. A z\u00f6lds\u00e9gf\u00e9l\u00e9kben (uborka, paprika, paradicsom, z\u00f6ldbab, z\u00f6ldbors\u00f3) bakt\u00e9riumos \u00e9s gomb\u00e1s betegs\u00e9gek (kiv\u00e9ve a lisztharmat \u00e9s sz\u00fcrkerothad\u00e1s) ellen nagyon j\u00f3 hat\u00e1ssal rendelkezik. Fert\u0151z\u00e9si nyom\u00e1st\u00f3l f\u00fcgg\u0151en 7-14 naponk\u00e9nt c\u00e9lszer\u0171 v\u00e9dekezni. A gombabetegs\u00e9gek elleni hat\u00e1s\u00e1t n\u00f6velni lehet Plantafosz Universal n\u00f6v\u00e9nyi immuner\u0151s\u00edt\u0151 k\u00e9sz\u00edtm\u00e9nnyel.<\/p>\n<p>El\u00e9rhet\u0151 t\u00f6bbf\u00e9le m\u00e9retben \u00e9s \u00e1rban.<\/p>\n<p><strong>K\u00e9szlet\u00fcnk napi szinten v\u00e1ltozik, ez\u00e9rt k\u00e9rj\u00fck, \u00e9rdekl\u0151dj\u00f6n szem\u00e9lyesen, telefonon vagy email-en.<br \/>\nA v\u00e1ltoztat\u00e1s jog\u00e1t fenntartjuk!\u00a0<\/strong><\/p>\n<p><a href=\"https:\/\/tajkertesz.com\/\">https:\/\/tajkertesz.com\/<\/a><\/p>\n<p><a href=\"https:\/\/www.facebook.com\/tajkertesz\/\">https:\/\/www.facebook.com\/tajkertesz\/<\/a><\/p>\n<p>&nbsp;<\/p>\n<p>Szem\u00e9lyes \u00e1tv\u00e9tel nyitvatart\u00e1si id\u0151ben a 17. ker\u00fclet Bakancsos utca 7. sz\u00e1m alatti Kert\u00e9szeti \u00e1rud\u00e1ban.<\/p>","protected":false},"excerpt":{"rendered":"<h2>Bord\u00f3il\u00e9 NEO sc.0,5L<\/h2>\n<p>Gomba\u00f6l\u0151 permetez\u0151szer<\/p>\n<p>H\u00e1zikerti felhaszn\u00e1l\u00e1s: 40-50 ml\/10 l v\u00edz. \u00d6kol\u00f3giai termeszt\u00e9sben enged\u00e9lyezett. Hat\u00f3anyag: 350 g\/l trib\u00e1zikus r\u00e9zszulf\u00e1t Hat\u00e1sm\u00f3d \u00e9s hat\u00e9konys\u00e1g A francia sz\u0151l\u0151termeszt\u0151k m\u00e1r 1885-ben el\u0151\u00e1ll\u00edtott\u00e1k a Bord\u00f3i levet, amikor a 100%-ban old\u00f3..<\/p>\n<h3 align=\"justify\">Kiz\u00e1r\u00f3lag szem\u00e9lyes \u00e1tv\u00e9tellel lehets\u00e9ges a term\u00e9k megv\u00e1s\u00e1rl\u00e1sa!<\/h3>\n<p>&nbsp;<\/p>\n<p>&nbsp;<\/p>","protected":false},"featured_media":15241,"template":"","meta":{"_et_pb_use_builder":"","_et_pb_old_content":"","_et_gb_content_width":""},"product_brand":[],"product_cat":[3421,3424],"product_tag":[4792,4740,4751,4187,4752],"class_list":{"0":"post-15240","1":"product","2":"type-product","3":"status-publish","4":"has-post-thumbnail","6":"product_cat-gombaolo-szer","7":"product_cat-lemoso-permetezoszerek","8":"product_tag-bordoile","9":"product_tag-gombaolo","10":"product_tag-lemoso","11":"product_tag-novenyvedoszer","12":"product_tag-permetezoszer","14":"first","15":"instock","16":"shipping-taxable","17":"purchasable","18":"product-type-simple"},"yoast_head":"<!-- This site is optimized with the Yoast SEO plugin v27.5 - https:\/\/yoast.com\/product\/yoast-seo-wordpress\/ -->\n<title>Bord\u00f3il\u00e9 NEO sc.0,5L - T\u00e1jkert\u00e9sz<\/title>\n<meta name=\"description\" content=\"Bord\u00f3il\u00e9 NEO sc.0,5L. V\u00e1s\u00e1roljon kert\u00e9szeti term\u00e9keket \u00e9s n\u00f6v\u00e9nyeket kert\u00e9szet\u00fcnkb\u0151l, vagy kert\u00e9szeti web\u00e1ruh\u00e1zunkb\u00f3l. 1173.Bp. Bakancsos u.7.\" \/>\n<meta name=\"robots\" content=\"index, follow, max-snippet:-1, max-image-preview:large, max-video-preview:-1\" \/>\n<link rel=\"canonical\" href=\"https:\/\/tajkertesz.com\/en_US\/product\/bordoile-neo-sc-05l-masolat\/\" \/>\n<meta property=\"og:locale\" content=\"en_US\" \/>\n<meta property=\"og:type\" content=\"article\" \/>\n<meta property=\"og:title\" content=\"Bord\u00f3il\u00e9 NEO sc.0,5L - T\u00e1jkert\u00e9sz\" \/>\n<meta property=\"og:description\" content=\"Bord\u00f3il\u00e9 NEO sc.0,5L. V\u00e1s\u00e1roljon kert\u00e9szeti term\u00e9keket \u00e9s n\u00f6v\u00e9nyeket kert\u00e9szet\u00fcnkb\u0151l, vagy kert\u00e9szeti web\u00e1ruh\u00e1zunkb\u00f3l. 1173.Bp. Bakancsos u.7.\" \/>\n<meta property=\"og:url\" content=\"https:\/\/tajkertesz.com\/en_US\/product\/bordoile-neo-sc-05l-masolat\/\" \/>\n<meta property=\"og:site_name\" content=\"T\u00e1jkert\u00e9sz\" \/>\n<meta property=\"article:publisher\" content=\"https:\/\/www.facebook.com\/Tajkertesz\/\" \/>\n<meta property=\"article:modified_time\" content=\"2026-02-16T14:27:39+00:00\" \/>\n<meta property=\"og:image\" content=\"https:\/\/tajkertesz.com\/wp-content\/uploads\/2023\/03\/bord2501-1.jpg\" \/>\n\t<meta property=\"og:image:width\" content=\"459\" \/>\n\t<meta property=\"og:image:height\" content=\"600\" \/>\n\t<meta property=\"og:image:type\" content=\"image\/jpeg\" \/>\n<meta name=\"twitter:card\" content=\"summary_large_image\" \/>\n<meta name=\"twitter:label1\" content=\"Est. reading time\" \/>\n\t<meta name=\"twitter:data1\" content=\"3 minutes\" \/>\n<script type=\"application\/ld+json\" class=\"yoast-schema-graph\">{\"@context\":\"https:\\\/\\\/schema.org\",\"@graph\":[{\"@type\":\"WebPage\",\"@id\":\"https:\\\/\\\/tajkertesz.com\\\/termek\\\/bordoile-neo-sc-05l-masolat\\\/\",\"url\":\"https:\\\/\\\/tajkertesz.com\\\/termek\\\/bordoile-neo-sc-05l-masolat\\\/\",\"name\":\"Bord\u00f3il\u00e9 NEO sc.0,5L - T\u00e1jkert\u00e9sz\",\"isPartOf\":{\"@id\":\"https:\\\/\\\/tajkertesz.com\\\/#website\"},\"primaryImageOfPage\":{\"@id\":\"https:\\\/\\\/tajkertesz.com\\\/termek\\\/bordoile-neo-sc-05l-masolat\\\/#primaryimage\"},\"image\":{\"@id\":\"https:\\\/\\\/tajkertesz.com\\\/termek\\\/bordoile-neo-sc-05l-masolat\\\/#primaryimage\"},\"thumbnailUrl\":\"https:\\\/\\\/tajkertesz.com\\\/wp-content\\\/uploads\\\/2023\\\/03\\\/bord2501-1.jpg\",\"datePublished\":\"2023-03-07T12:48:38+00:00\",\"dateModified\":\"2026-02-16T14:27:39+00:00\",\"description\":\"Bord\u00f3il\u00e9 NEO sc.0,5L. V\u00e1s\u00e1roljon kert\u00e9szeti term\u00e9keket \u00e9s n\u00f6v\u00e9nyeket kert\u00e9szet\u00fcnkb\u0151l, vagy kert\u00e9szeti web\u00e1ruh\u00e1zunkb\u00f3l. 1173.Bp. Bakancsos u.7.\",\"breadcrumb\":{\"@id\":\"https:\\\/\\\/tajkertesz.com\\\/termek\\\/bordoile-neo-sc-05l-masolat\\\/#breadcrumb\"},\"inLanguage\":\"en-US\",\"potentialAction\":[{\"@type\":\"ReadAction\",\"target\":[\"https:\\\/\\\/tajkertesz.com\\\/termek\\\/bordoile-neo-sc-05l-masolat\\\/\"]}]},{\"@type\":\"ImageObject\",\"inLanguage\":\"en-US\",\"@id\":\"https:\\\/\\\/tajkertesz.com\\\/termek\\\/bordoile-neo-sc-05l-masolat\\\/#primaryimage\",\"url\":\"https:\\\/\\\/tajkertesz.com\\\/wp-content\\\/uploads\\\/2023\\\/03\\\/bord2501-1.jpg\",\"contentUrl\":\"https:\\\/\\\/tajkertesz.com\\\/wp-content\\\/uploads\\\/2023\\\/03\\\/bord2501-1.jpg\",\"width\":459,\"height\":600},{\"@type\":\"BreadcrumbList\",\"@id\":\"https:\\\/\\\/tajkertesz.com\\\/termek\\\/bordoile-neo-sc-05l-masolat\\\/#breadcrumb\",\"itemListElement\":[{\"@type\":\"ListItem\",\"position\":1,\"name\":\"Home\",\"item\":\"https:\\\/\\\/tajkertesz.com\\\/\"},{\"@type\":\"ListItem\",\"position\":2,\"name\":\"Kezd\u0151lap\",\"item\":\"https:\\\/\\\/tajkertesz.com\\\/\"},{\"@type\":\"ListItem\",\"position\":3,\"name\":\"Bord\u00f3il\u00e9 NEO sc.0,5L\"}]},{\"@type\":\"WebSite\",\"@id\":\"https:\\\/\\\/tajkertesz.com\\\/#website\",\"url\":\"https:\\\/\\\/tajkertesz.com\\\/\",\"name\":\"T\u00e1j-Kert\u00e9sz 84 Kft.\",\"description\":\"Kert\u00e9szeti kis- \u00e9s nagykeresked\u00e9s, D\u00edszn\u00f6v\u00e9ny web\u00e1ruh\u00e1z orsz\u00e1gos h\u00e1zhozsz\u00e1ll\u00edt\u00e1ssal!\",\"publisher\":{\"@id\":\"https:\\\/\\\/tajkertesz.com\\\/#organization\"},\"potentialAction\":[{\"@type\":\"SearchAction\",\"target\":{\"@type\":\"EntryPoint\",\"urlTemplate\":\"https:\\\/\\\/tajkertesz.com\\\/?s={search_term_string}\"},\"query-input\":{\"@type\":\"PropertyValueSpecification\",\"valueRequired\":true,\"valueName\":\"search_term_string\"}}],\"inLanguage\":\"en-US\"},{\"@type\":\"Organization\",\"@id\":\"https:\\\/\\\/tajkertesz.com\\\/#organization\",\"name\":\"T\u00e1j-Kert\u00e9sz 84 Kft.\",\"url\":\"https:\\\/\\\/tajkertesz.com\\\/\",\"logo\":{\"@type\":\"ImageObject\",\"inLanguage\":\"en-US\",\"@id\":\"https:\\\/\\\/tajkertesz.com\\\/#\\\/schema\\\/logo\\\/image\\\/\",\"url\":\"https:\\\/\\\/tajkertesz.com\\\/wp-content\\\/uploads\\\/2018\\\/02\\\/logo-2-e1518678052539.png\",\"contentUrl\":\"https:\\\/\\\/tajkertesz.com\\\/wp-content\\\/uploads\\\/2018\\\/02\\\/logo-2-e1518678052539.png\",\"width\":81,\"height\":140,\"caption\":\"T\u00e1j-Kert\u00e9sz 84 Kft.\"},\"image\":{\"@id\":\"https:\\\/\\\/tajkertesz.com\\\/#\\\/schema\\\/logo\\\/image\\\/\"},\"sameAs\":[\"https:\\\/\\\/www.facebook.com\\\/Tajkertesz\\\/\"]}]}<\/script>\n<!-- \/ Yoast SEO plugin. -->","yoast_head_json":{"title":"Bord\u00f3il\u00e9 NEO sc.0,5L - T\u00e1jkert\u00e9sz","description":"Bord\u00f3il\u00e9 NEO sc.0,5L. V\u00e1s\u00e1roljon kert\u00e9szeti term\u00e9keket \u00e9s n\u00f6v\u00e9nyeket kert\u00e9szet\u00fcnkb\u0151l, vagy kert\u00e9szeti web\u00e1ruh\u00e1zunkb\u00f3l. 1173.Bp. Bakancsos u.7.","robots":{"index":"index","follow":"follow","max-snippet":"max-snippet:-1","max-image-preview":"max-image-preview:large","max-video-preview":"max-video-preview:-1"},"canonical":"https:\/\/tajkertesz.com\/en_US\/product\/bordoile-neo-sc-05l-masolat\/","og_locale":"en_US","og_type":"article","og_title":"Bord\u00f3il\u00e9 NEO sc.0,5L - T\u00e1jkert\u00e9sz","og_description":"Bord\u00f3il\u00e9 NEO sc.0,5L. V\u00e1s\u00e1roljon kert\u00e9szeti term\u00e9keket \u00e9s n\u00f6v\u00e9nyeket kert\u00e9szet\u00fcnkb\u0151l, vagy kert\u00e9szeti web\u00e1ruh\u00e1zunkb\u00f3l. 1173.Bp. Bakancsos u.7.","og_url":"https:\/\/tajkertesz.com\/en_US\/product\/bordoile-neo-sc-05l-masolat\/","og_site_name":"T\u00e1jkert\u00e9sz","article_publisher":"https:\/\/www.facebook.com\/Tajkertesz\/","article_modified_time":"2026-02-16T14:27:39+00:00","og_image":[{"width":459,"height":600,"url":"https:\/\/tajkertesz.com\/wp-content\/uploads\/2023\/03\/bord2501-1.jpg","type":"image\/jpeg"}],"twitter_card":"summary_large_image","twitter_misc":{"Est. reading time":"3 minutes"},"schema":{"@context":"https:\/\/schema.org","@graph":[{"@type":"WebPage","@id":"https:\/\/tajkertesz.com\/termek\/bordoile-neo-sc-05l-masolat\/","url":"https:\/\/tajkertesz.com\/termek\/bordoile-neo-sc-05l-masolat\/","name":"Bord\u00f3il\u00e9 NEO sc.0,5L - T\u00e1jkert\u00e9sz","isPartOf":{"@id":"https:\/\/tajkertesz.com\/#website"},"primaryImageOfPage":{"@id":"https:\/\/tajkertesz.com\/termek\/bordoile-neo-sc-05l-masolat\/#primaryimage"},"image":{"@id":"https:\/\/tajkertesz.com\/termek\/bordoile-neo-sc-05l-masolat\/#primaryimage"},"thumbnailUrl":"https:\/\/tajkertesz.com\/wp-content\/uploads\/2023\/03\/bord2501-1.jpg","datePublished":"2023-03-07T12:48:38+00:00","dateModified":"2026-02-16T14:27:39+00:00","description":"Bord\u00f3il\u00e9 NEO sc.0,5L. V\u00e1s\u00e1roljon kert\u00e9szeti term\u00e9keket \u00e9s n\u00f6v\u00e9nyeket kert\u00e9szet\u00fcnkb\u0151l, vagy kert\u00e9szeti web\u00e1ruh\u00e1zunkb\u00f3l. 1173.Bp. Bakancsos u.7.","breadcrumb":{"@id":"https:\/\/tajkertesz.com\/termek\/bordoile-neo-sc-05l-masolat\/#breadcrumb"},"inLanguage":"en-US","potentialAction":[{"@type":"ReadAction","target":["https:\/\/tajkertesz.com\/termek\/bordoile-neo-sc-05l-masolat\/"]}]},{"@type":"ImageObject","inLanguage":"en-US","@id":"https:\/\/tajkertesz.com\/termek\/bordoile-neo-sc-05l-masolat\/#primaryimage","url":"https:\/\/tajkertesz.com\/wp-content\/uploads\/2023\/03\/bord2501-1.jpg","contentUrl":"https:\/\/tajkertesz.com\/wp-content\/uploads\/2023\/03\/bord2501-1.jpg","width":459,"height":600},{"@type":"BreadcrumbList","@id":"https:\/\/tajkertesz.com\/termek\/bordoile-neo-sc-05l-masolat\/#breadcrumb","itemListElement":[{"@type":"ListItem","position":1,"name":"Home","item":"https:\/\/tajkertesz.com\/"},{"@type":"ListItem","position":2,"name":"Kezd\u0151lap","item":"https:\/\/tajkertesz.com\/"},{"@type":"ListItem","position":3,"name":"Bord\u00f3il\u00e9 NEO sc.0,5L"}]},{"@type":"WebSite","@id":"https:\/\/tajkertesz.com\/#website","url":"https:\/\/tajkertesz.com\/","name":"T\u00e1j-Kert\u00e9sz 84 Kft.","description":"Kert\u00e9szeti kis- \u00e9s nagykeresked\u00e9s, D\u00edszn\u00f6v\u00e9ny web\u00e1ruh\u00e1z orsz\u00e1gos h\u00e1zhozsz\u00e1ll\u00edt\u00e1ssal!","publisher":{"@id":"https:\/\/tajkertesz.com\/#organization"},"potentialAction":[{"@type":"SearchAction","target":{"@type":"EntryPoint","urlTemplate":"https:\/\/tajkertesz.com\/?s={search_term_string}"},"query-input":{"@type":"PropertyValueSpecification","valueRequired":true,"valueName":"search_term_string"}}],"inLanguage":"en-US"},{"@type":"Organization","@id":"https:\/\/tajkertesz.com\/#organization","name":"T\u00e1j-Kert\u00e9sz 84 Kft.","url":"https:\/\/tajkertesz.com\/","logo":{"@type":"ImageObject","inLanguage":"en-US","@id":"https:\/\/tajkertesz.com\/#\/schema\/logo\/image\/","url":"https:\/\/tajkertesz.com\/wp-content\/uploads\/2018\/02\/logo-2-e1518678052539.png","contentUrl":"https:\/\/tajkertesz.com\/wp-content\/uploads\/2018\/02\/logo-2-e1518678052539.png","width":81,"height":140,"caption":"T\u00e1j-Kert\u00e9sz 84 Kft."},"image":{"@id":"https:\/\/tajkertesz.com\/#\/schema\/logo\/image\/"},"sameAs":["https:\/\/www.facebook.com\/Tajkertesz\/"]}]}},"_links":{"self":[{"href":"https:\/\/tajkertesz.com\/en_US\/wp-json\/wp\/v2\/product\/15240","targetHints":{"allow":["GET"]}}],"collection":[{"href":"https:\/\/tajkertesz.com\/en_US\/wp-json\/wp\/v2\/product"}],"about":[{"href":"https:\/\/tajkertesz.com\/en_US\/wp-json\/wp\/v2\/types\/product"}],"wp:featuredmedia":[{"embeddable":true,"href":"https:\/\/tajkertesz.com\/en_US\/wp-json\/wp\/v2\/media\/15241"}],"wp:attachment":[{"href":"https:\/\/tajkertesz.com\/en_US\/wp-json\/wp\/v2\/media?parent=15240"}],"wp:term":[{"taxonomy":"product_brand","embeddable":true,"href":"https:\/\/tajkertesz.com\/en_US\/wp-json\/wp\/v2\/product_brand?post=15240"},{"taxonomy":"product_cat","embeddable":true,"href":"https:\/\/tajkertesz.com\/en_US\/wp-json\/wp\/v2\/product_cat?post=15240"},{"taxonomy":"product_tag","embeddable":true,"href":"https:\/\/tajkertesz.com\/en_US\/wp-json\/wp\/v2\/product_tag?post=15240"}],"curies":[{"name":"wp","href":"https:\/\/api.w.org\/{rel}","templated":true}]}}