{"id":15247,"date":"2023-03-07T13:30:54","date_gmt":"2023-03-07T13:30:54","guid":{"rendered":"https:\/\/tajkertesz.com\/?post_type=product&#038;p=15247"},"modified":"2026-02-16T14:27:05","modified_gmt":"2026-02-16T14:27:05","slug":"substral-celaflor-careo-rovarolo-permet-200ml-masolat","status":"publish","type":"product","link":"https:\/\/tajkertesz.com\/en_US\/product\/substral-celaflor-careo-rovarolo-permet-200ml-masolat\/","title":{"rendered":"Substral Celaflor Careo rovar\u00f6l\u0151 permet 200ml"},"content":{"rendered":"<h1 class=\"product-detail-name\">Substral Celaflor Careo rovar\u00f6l\u0151 permet 200 ml<\/h1>\n<div class=\"product-detail-title-after\">\n<div class=\"product-detail-manufacturer-wrap\"><\/div>\n<\/div>\n<p class=\"product-detail-name\">Substral Celaflor Careo rovar\u00f6l\u0151 permet 200 ml<\/p>\n<div class=\"product-detail-title-after\">\n<div class=\"product-detail-manufacturer-wrap\"><\/div>\n<\/div>\n<div class=\"product-detail-title-after\">\n<div class=\"product-detail-manufacturer-wrap\">\n<p>Azonnali kisz\u00f3r\u00e1sra k\u00e9sz, teljes k\u00f6r\u0171 hat\u00e1s<br \/>\nGyors \u00e9s hat\u00e9kony<\/p>\n<p>K\u00f6zel az \u00f6sszes k\u00e1rtev\u0151 ellen hat\u00e1sos<\/p>\n<p>M\u00e9hekre nem vesz\u00e9lyes<\/p>\n<p>Hat\u00f3anyag: 0,05 g\/l acetamiprid<\/p>\n<p>Azonnali kisz\u00f3r\u00e1sra k\u00e9sz, teljes k\u00f6r\u0171 hat\u00e1s a k\u00e1rtev\u0151k ellen, mint p\u00e9ld\u00e1ul a lev\u00e9ltet\u0171, kab\u00f3ca, lisztlepke, pajzstet\u0171, molytet\u0171, valamint az orm\u00e1nyos- \u00e9s lev\u00e9lbogarak, tak\u00e1csatka, molylepke. A hozz\u00e1adott n\u00f6v\u00e9nybar\u00e1t olaj n\u00f6veli a pete\u00f6l\u0151 hat\u00e1st. Haszn\u00e1lhat\u00f3 szoban\u00f6v\u00e9nyekhez, irod\u00e1ban, balkonn\u00f6v\u00e9nyekhez, melegh\u00e1zakban \u00e9s a szabadban. A m\u00e9hekre nem vesz\u00e9lyes.<\/p>\n<p>Adagol\u00e1s: F\u00fajja be a n\u00f6v\u00e9nyt egyenletesen.<\/p>\n<\/div>\n<\/div>\n<p align=\"justify\"><a href=\"https:\/\/www.facebook.com\/tajkertesz\">https:\/\/www.facebook.com\/tajkertesz<\/a><\/p>\n<p align=\"justify\"><a href=\"http:\/\/www.tajkertesz.hu\">http:\/\/www.tajkertesz.hu<\/a><\/p>\n<p align=\"justify\"><a href=\"https:\/\/tajkertesz.com\/wp-content\/uploads\/2021\/12\/careo-rovarolo-permet.pdf\">careo-rovarolo-permet<\/a><\/p>\n<h3 align=\"justify\">Kiz\u00e1r\u00f3lag szem\u00e9lyes \u00e1tv\u00e9tellel lehets\u00e9ges a term\u00e9k megv\u00e1s\u00e1rl\u00e1sa!<\/h3>\n<h6><span style=\"color: #ffffff;\">Azonnali kisz\u00f3r\u00e1sra k\u00e9sz, teljes k\u00f6r\u0171 hat\u00e1s a k\u00e1rtev\u0151k ellen,\u00a0mint p\u00e9ld\u00e1ul a lev\u00e9ltet\u0171, kab\u00f3ca, lisztlepke, pajzstet\u0171, molytet\u0171,\u00a0valamint az orm\u00e1nyos- \u00e9s lev\u00e9lbogarak, tak\u00e1csatka, molylepke ellen.\u00a0A hozz\u00e1adott n\u00f6v\u00e9nybar\u00e1t olaj n\u00f6veli a pete\u00f6l\u0151 hat\u00e1st.\u00a0Javasolt felhaszn\u00e1l\u00e1s: balkon- \u00e9s kerti n\u00f6v\u00e9nyekre, k\u00fcl\u00f6n\u00f6sen\u00a0hat\u00e1sos r\u00f3zsaf\u00e9l\u00e9k megtiszt\u00edt\u00e1s\u00e1ra.\u00a0\u00a0Azonnali kisz\u00f3r\u00e1sra k\u00e9sz, teljes k\u00f6r\u0171 hat\u00e1s. \u00a0Gyors \u00e9s hat\u00e9kony.\u00a0 \u00a0K\u00f6zel az \u00f6sszes k\u00e1rtev\u0151 ellen\u00a0hat\u00e1sos\u00a0 M\u00e9hekre nem vesz\u00e9lyes\u00a0Azonnali kisz\u00f3r\u00e1sra k\u00e9sz, teljes k\u00f6r\u0171 hat\u00e1s a k\u00e1rtev\u0151k ellen, mint p\u00e9ld\u00e1ul a lev\u00e9ltet\u0171, kab\u00f3ca, lisztlepke, pajzstet\u0171, molytet\u0171, valamint az orm\u00e1nyos- \u00e9s lev\u00e9lbogarak, tak\u00e1csatka, molylepke ellen.\u00a0A hozz\u00e1adott n\u00f6v\u00e9nybar\u00e1t olaj n\u00f6veli a pete\u00f6l\u0151 hat\u00e1st.\u00a0Javasolt felhaszn\u00e1l\u00e1s: balkon- \u00e9s kerti n\u00f6v\u00e9nyekre, k\u00fcl\u00f6n\u00f6sen\u00a0hat\u00e1sos r\u00f3zsaf\u00e9l\u00e9k megtiszt\u00edt\u00e1s\u00e1ra.\u00a0\u00a0 Azonnali kisz\u00f3r\u00e1sra k\u00e9sz, teljes k\u00f6r\u0171 hat\u00e1s. \u00a0Gyors \u00e9s hat\u00e9kony.\u00a0 \u00a0K\u00f6zel az \u00f6sszes k\u00e1rtev\u0151 ellen\u00a0hat\u00e1sos\u00a0 M\u00e9hekre nem vesz\u00e9lyes\u00a0Azonnali kisz\u00f3r\u00e1sra k\u00e9sz, teljes k\u00f6r\u0171 hat\u00e1s a k\u00e1rtev\u0151k ellen, mint p\u00e9ld\u00e1ul a lev\u00e9ltet\u0171, kab\u00f3ca, lisztlepke, pajzstet\u0171, molytet\u0171, valamint az orm\u00e1nyos- \u00e9s lev\u00e9lbogarak, tak\u00e1csatka, molylepke ellen.\u00a0A hozz\u00e1adott n\u00f6v\u00e9nybar\u00e1t olaj n\u00f6veli a pete\u00f6l\u0151 hat\u00e1st.\u00a0Javasolt felhaszn\u00e1l\u00e1s: balkon- \u00e9s kerti n\u00f6v\u00e9nyekre, k\u00fcl\u00f6n\u00f6sen\u00a0hat\u00e1sos r\u00f3zsaf\u00e9l\u00e9k megtiszt\u00edt\u00e1s\u00e1ra.<\/span><span style=\"color: #ffffff;\">\u00a0Azonnali kisz\u00f3r\u00e1sra k\u00e9sz, teljes k\u00f6r\u0171 hat\u00e1s. \u00a0Gyors \u00e9s hat\u00e9kony.\u00a0 \u00a0K\u00f6zel az \u00f6sszes k\u00e1rtev\u0151 ellen\u00a0hat\u00e1sos<\/span><span style=\"color: #ffffff;\">\u00a0M\u00e9hekre nem vesz\u00e9lyes<\/span><span style=\"color: #ffffff;\">Azonnali kisz\u00f3r\u00e1sra k\u00e9sz, teljes k\u00f6r\u0171 hat\u00e1s a k\u00e1rtev\u0151k ellen,\u00a0mint p\u00e9ld\u00e1ul a lev\u00e9ltet\u0171, kab\u00f3ca, lisztlepke, pajzstet\u0171, molytet\u0171,\u00a0valamint az orm\u00e1nyos- \u00e9s lev\u00e9lbogarak, tak\u00e1csatka, molylepke ellen.<\/span><span style=\"color: #ffffff;\">A hozz<\/span><\/h6>","protected":false},"excerpt":{"rendered":"<h3 class=\"product-detail-name\" style=\"text-align: center;\">Substral Celaflor Careo rovar\u00f6l\u0151 permet 200 ml<\/h3>\n<p>Csak szem\u00e9lyes \u00e1tv\u00e9tellel rendelhet\u0151!<\/p>\n<div id=\"bodyContent\" class=\"mw-body-content\">\n<div id=\"mw-content-text\" class=\"mw-content-ltr\" dir=\"ltr\" lang=\"hu\">\n<div id=\"bodyContent\" class=\"mw-body-content\">\n<div id=\"mw-content-text\" class=\"mw-content-ltr\" dir=\"ltr\" lang=\"hu\">\n<p><b>K\u00e9szlet\u00fcnk napi szinten v\u00e1ltozik, ez\u00e9rt k\u00e9rj\u00fck, \u00e9rdekl\u0151dj\u00f6n szem\u00e9lyesen, telefonon vagy email-en.<\/b><\/p>\n<p>Term\u00e9keinket szem\u00e9lyesen is \u00e1tveheti a h\u00e9t minden napj\u00e1n nyitvatart\u00e1si id\u0151ben!<\/p>\n<p>Kisz\u00e1ll\u00edt\u00e1s: 200 cm \u00e9s 40 kg-ig a sz\u00e1ll\u00edt\u00e1s fut\u00e1rszolg\u00e1lattal t\u00f6rt\u00e9nik.<\/p>\n<\/div>\n<\/div>\n<\/div>\n<\/div>\n<p><b>A v\u00e1ltoztat\u00e1s jog\u00e1t fenntartjuk!\u00a0<\/b><\/p>\n<div class=\"product-detail-title-after\">\n<div class=\"product-detail-manufacturer-wrap\">\n<p>Azonnali kisz\u00f3r\u00e1sra k\u00e9sz, teljes k\u00f6r\u0171 hat\u00e1s a k\u00e1rtev\u0151k ellen, mint p\u00e9ld\u00e1ul a lev\u00e9ltet\u0171, kab\u00f3ca, lisztlepke, pajzstet\u0171, molytet\u0171, valamint az orm\u00e1nyos- \u00e9s lev\u00e9lbogarak, tak\u00e1csatka, molylepke. A hozz\u00e1adott n\u00f6v\u00e9nybar\u00e1t olaj n\u00f6veli a pete\u00f6l\u0151 hat\u00e1st. Haszn\u00e1lhat\u00f3 szoban\u00f6v\u00e9nyekhez, irod\u00e1ban, balkonn\u00f6v\u00e9nyekhez, melegh\u00e1zakban \u00e9s a szabadban. A m\u00e9hekre nem vesz\u00e9lyes.<\/p>\n<p>Adagol\u00e1s: F\u00fajja be a n\u00f6v\u00e9nyt egyenletesen.<\/p>\n<\/div>\n<\/div>\n<div class=\"product-detail-title-after\">\n<div class=\"product-detail-manufacturer-wrap\"><\/div>\n<\/div>\n<div class=\"product-detail-title-after\">\n<div class=\"product-detail-manufacturer-wrap\"><\/div>\n<\/div>","protected":false},"featured_media":15248,"template":"","meta":{"_et_pb_use_builder":"","_et_pb_old_content":"","_et_gb_content_width":""},"product_brand":[],"product_cat":[4274,4093],"product_tag":[4132,4135,4134,4131,4133],"class_list":{"0":"post-15247","1":"product","2":"type-product","3":"status-publish","4":"has-post-thumbnail","6":"product_cat-akcios-termekek","7":"product_cat-novenyapolo-szerek","8":"product_tag-careo","9":"product_tag-rovarolo","10":"product_tag-rovarolo-permet-800-ml","11":"product_tag-substal","12":"product_tag-substral-celaflor","14":"first","15":"instock","16":"shipping-taxable","17":"purchasable","18":"product-type-simple"},"yoast_head":"<!-- This site is optimized with the Yoast SEO plugin v27.4 - https:\/\/yoast.com\/product\/yoast-seo-wordpress\/ -->\n<title>Substral Celaflor Careo rovar\u00f6l\u0151 permet 200ml - T\u00e1jkert\u00e9sz<\/title>\n<meta name=\"description\" content=\"Substral Celaflor Careo rovar\u00f6l\u0151 permet 200 ml-es kiszerel\u00e9sben. K\u00e9szre kevert term\u00e9k mely teljes k\u00f6r\u0171en gyors hat\u00e1s\u00fa a rovark\u00e1rtev\u0151k ellen.\" \/>\n<meta name=\"robots\" content=\"index, follow, max-snippet:-1, max-image-preview:large, max-video-preview:-1\" \/>\n<link rel=\"canonical\" href=\"https:\/\/tajkertesz.com\/en_US\/product\/substral-celaflor-careo-rovarolo-permet-200ml-masolat\/\" \/>\n<meta property=\"og:locale\" content=\"en_US\" \/>\n<meta property=\"og:type\" content=\"article\" \/>\n<meta property=\"og:title\" content=\"Substral Celaflor Careo rovar\u00f6l\u0151 permet 200ml - T\u00e1jkert\u00e9sz\" \/>\n<meta property=\"og:description\" content=\"Substral Celaflor Careo rovar\u00f6l\u0151 permet 200 ml-es kiszerel\u00e9sben. K\u00e9szre kevert term\u00e9k mely teljes k\u00f6r\u0171en gyors hat\u00e1s\u00fa a rovark\u00e1rtev\u0151k ellen.\" \/>\n<meta property=\"og:url\" content=\"https:\/\/tajkertesz.com\/en_US\/product\/substral-celaflor-careo-rovarolo-permet-200ml-masolat\/\" \/>\n<meta property=\"og:site_name\" content=\"T\u00e1jkert\u00e9sz\" \/>\n<meta property=\"article:publisher\" content=\"https:\/\/www.facebook.com\/Tajkertesz\/\" \/>\n<meta property=\"article:modified_time\" content=\"2026-02-16T14:27:05+00:00\" \/>\n<meta property=\"og:image\" content=\"https:\/\/tajkertesz.com\/wp-content\/uploads\/2023\/03\/jb822407.webp\" \/>\n\t<meta property=\"og:image:width\" content=\"490\" \/>\n\t<meta property=\"og:image:height\" content=\"490\" \/>\n\t<meta property=\"og:image:type\" content=\"image\/webp\" \/>\n<meta name=\"twitter:card\" content=\"summary_large_image\" \/>\n<meta name=\"twitter:label1\" content=\"Est. reading time\" \/>\n\t<meta name=\"twitter:data1\" content=\"2 minutes\" \/>\n<script type=\"application\/ld+json\" class=\"yoast-schema-graph\">{\"@context\":\"https:\\\/\\\/schema.org\",\"@graph\":[{\"@type\":\"WebPage\",\"@id\":\"https:\\\/\\\/tajkertesz.com\\\/termek\\\/substral-celaflor-careo-rovarolo-permet-200ml-masolat\\\/\",\"url\":\"https:\\\/\\\/tajkertesz.com\\\/termek\\\/substral-celaflor-careo-rovarolo-permet-200ml-masolat\\\/\",\"name\":\"Substral Celaflor Careo rovar\u00f6l\u0151 permet 200ml - T\u00e1jkert\u00e9sz\",\"isPartOf\":{\"@id\":\"https:\\\/\\\/tajkertesz.com\\\/#website\"},\"primaryImageOfPage\":{\"@id\":\"https:\\\/\\\/tajkertesz.com\\\/termek\\\/substral-celaflor-careo-rovarolo-permet-200ml-masolat\\\/#primaryimage\"},\"image\":{\"@id\":\"https:\\\/\\\/tajkertesz.com\\\/termek\\\/substral-celaflor-careo-rovarolo-permet-200ml-masolat\\\/#primaryimage\"},\"thumbnailUrl\":\"https:\\\/\\\/tajkertesz.com\\\/wp-content\\\/uploads\\\/2023\\\/03\\\/jb822407.webp\",\"datePublished\":\"2023-03-07T13:30:54+00:00\",\"dateModified\":\"2026-02-16T14:27:05+00:00\",\"description\":\"Substral Celaflor Careo rovar\u00f6l\u0151 permet 200 ml-es kiszerel\u00e9sben. K\u00e9szre kevert term\u00e9k mely teljes k\u00f6r\u0171en gyors hat\u00e1s\u00fa a rovark\u00e1rtev\u0151k ellen.\",\"breadcrumb\":{\"@id\":\"https:\\\/\\\/tajkertesz.com\\\/termek\\\/substral-celaflor-careo-rovarolo-permet-200ml-masolat\\\/#breadcrumb\"},\"inLanguage\":\"en-US\",\"potentialAction\":[{\"@type\":\"ReadAction\",\"target\":[\"https:\\\/\\\/tajkertesz.com\\\/termek\\\/substral-celaflor-careo-rovarolo-permet-200ml-masolat\\\/\"]}]},{\"@type\":\"ImageObject\",\"inLanguage\":\"en-US\",\"@id\":\"https:\\\/\\\/tajkertesz.com\\\/termek\\\/substral-celaflor-careo-rovarolo-permet-200ml-masolat\\\/#primaryimage\",\"url\":\"https:\\\/\\\/tajkertesz.com\\\/wp-content\\\/uploads\\\/2023\\\/03\\\/jb822407.webp\",\"contentUrl\":\"https:\\\/\\\/tajkertesz.com\\\/wp-content\\\/uploads\\\/2023\\\/03\\\/jb822407.webp\",\"width\":490,\"height\":490},{\"@type\":\"BreadcrumbList\",\"@id\":\"https:\\\/\\\/tajkertesz.com\\\/termek\\\/substral-celaflor-careo-rovarolo-permet-200ml-masolat\\\/#breadcrumb\",\"itemListElement\":[{\"@type\":\"ListItem\",\"position\":1,\"name\":\"Home\",\"item\":\"https:\\\/\\\/tajkertesz.com\\\/\"},{\"@type\":\"ListItem\",\"position\":2,\"name\":\"Kezd\u0151lap\",\"item\":\"https:\\\/\\\/tajkertesz.com\\\/\"},{\"@type\":\"ListItem\",\"position\":3,\"name\":\"Substral Celaflor Careo rovar\u00f6l\u0151 permet 200ml\"}]},{\"@type\":\"WebSite\",\"@id\":\"https:\\\/\\\/tajkertesz.com\\\/#website\",\"url\":\"https:\\\/\\\/tajkertesz.com\\\/\",\"name\":\"T\u00e1j-Kert\u00e9sz 84 Kft.\",\"description\":\"Kert\u00e9szeti kis- \u00e9s nagykeresked\u00e9s, D\u00edszn\u00f6v\u00e9ny web\u00e1ruh\u00e1z orsz\u00e1gos h\u00e1zhozsz\u00e1ll\u00edt\u00e1ssal!\",\"publisher\":{\"@id\":\"https:\\\/\\\/tajkertesz.com\\\/#organization\"},\"potentialAction\":[{\"@type\":\"SearchAction\",\"target\":{\"@type\":\"EntryPoint\",\"urlTemplate\":\"https:\\\/\\\/tajkertesz.com\\\/?s={search_term_string}\"},\"query-input\":{\"@type\":\"PropertyValueSpecification\",\"valueRequired\":true,\"valueName\":\"search_term_string\"}}],\"inLanguage\":\"en-US\"},{\"@type\":\"Organization\",\"@id\":\"https:\\\/\\\/tajkertesz.com\\\/#organization\",\"name\":\"T\u00e1j-Kert\u00e9sz 84 Kft.\",\"url\":\"https:\\\/\\\/tajkertesz.com\\\/\",\"logo\":{\"@type\":\"ImageObject\",\"inLanguage\":\"en-US\",\"@id\":\"https:\\\/\\\/tajkertesz.com\\\/#\\\/schema\\\/logo\\\/image\\\/\",\"url\":\"https:\\\/\\\/tajkertesz.com\\\/wp-content\\\/uploads\\\/2018\\\/02\\\/logo-2-e1518678052539.png\",\"contentUrl\":\"https:\\\/\\\/tajkertesz.com\\\/wp-content\\\/uploads\\\/2018\\\/02\\\/logo-2-e1518678052539.png\",\"width\":81,\"height\":140,\"caption\":\"T\u00e1j-Kert\u00e9sz 84 Kft.\"},\"image\":{\"@id\":\"https:\\\/\\\/tajkertesz.com\\\/#\\\/schema\\\/logo\\\/image\\\/\"},\"sameAs\":[\"https:\\\/\\\/www.facebook.com\\\/Tajkertesz\\\/\"]}]}<\/script>\n<!-- \/ Yoast SEO plugin. -->","yoast_head_json":{"title":"Substral Celaflor Careo rovar\u00f6l\u0151 permet 200ml - T\u00e1jkert\u00e9sz","description":"Substral Celaflor Careo rovar\u00f6l\u0151 permet 200 ml-es kiszerel\u00e9sben. K\u00e9szre kevert term\u00e9k mely teljes k\u00f6r\u0171en gyors hat\u00e1s\u00fa a rovark\u00e1rtev\u0151k ellen.","robots":{"index":"index","follow":"follow","max-snippet":"max-snippet:-1","max-image-preview":"max-image-preview:large","max-video-preview":"max-video-preview:-1"},"canonical":"https:\/\/tajkertesz.com\/en_US\/product\/substral-celaflor-careo-rovarolo-permet-200ml-masolat\/","og_locale":"en_US","og_type":"article","og_title":"Substral Celaflor Careo rovar\u00f6l\u0151 permet 200ml - T\u00e1jkert\u00e9sz","og_description":"Substral Celaflor Careo rovar\u00f6l\u0151 permet 200 ml-es kiszerel\u00e9sben. K\u00e9szre kevert term\u00e9k mely teljes k\u00f6r\u0171en gyors hat\u00e1s\u00fa a rovark\u00e1rtev\u0151k ellen.","og_url":"https:\/\/tajkertesz.com\/en_US\/product\/substral-celaflor-careo-rovarolo-permet-200ml-masolat\/","og_site_name":"T\u00e1jkert\u00e9sz","article_publisher":"https:\/\/www.facebook.com\/Tajkertesz\/","article_modified_time":"2026-02-16T14:27:05+00:00","og_image":[{"width":490,"height":490,"url":"https:\/\/tajkertesz.com\/wp-content\/uploads\/2023\/03\/jb822407.webp","type":"image\/webp"}],"twitter_card":"summary_large_image","twitter_misc":{"Est. reading time":"2 minutes"},"schema":{"@context":"https:\/\/schema.org","@graph":[{"@type":"WebPage","@id":"https:\/\/tajkertesz.com\/termek\/substral-celaflor-careo-rovarolo-permet-200ml-masolat\/","url":"https:\/\/tajkertesz.com\/termek\/substral-celaflor-careo-rovarolo-permet-200ml-masolat\/","name":"Substral Celaflor Careo rovar\u00f6l\u0151 permet 200ml - T\u00e1jkert\u00e9sz","isPartOf":{"@id":"https:\/\/tajkertesz.com\/#website"},"primaryImageOfPage":{"@id":"https:\/\/tajkertesz.com\/termek\/substral-celaflor-careo-rovarolo-permet-200ml-masolat\/#primaryimage"},"image":{"@id":"https:\/\/tajkertesz.com\/termek\/substral-celaflor-careo-rovarolo-permet-200ml-masolat\/#primaryimage"},"thumbnailUrl":"https:\/\/tajkertesz.com\/wp-content\/uploads\/2023\/03\/jb822407.webp","datePublished":"2023-03-07T13:30:54+00:00","dateModified":"2026-02-16T14:27:05+00:00","description":"Substral Celaflor Careo rovar\u00f6l\u0151 permet 200 ml-es kiszerel\u00e9sben. K\u00e9szre kevert term\u00e9k mely teljes k\u00f6r\u0171en gyors hat\u00e1s\u00fa a rovark\u00e1rtev\u0151k ellen.","breadcrumb":{"@id":"https:\/\/tajkertesz.com\/termek\/substral-celaflor-careo-rovarolo-permet-200ml-masolat\/#breadcrumb"},"inLanguage":"en-US","potentialAction":[{"@type":"ReadAction","target":["https:\/\/tajkertesz.com\/termek\/substral-celaflor-careo-rovarolo-permet-200ml-masolat\/"]}]},{"@type":"ImageObject","inLanguage":"en-US","@id":"https:\/\/tajkertesz.com\/termek\/substral-celaflor-careo-rovarolo-permet-200ml-masolat\/#primaryimage","url":"https:\/\/tajkertesz.com\/wp-content\/uploads\/2023\/03\/jb822407.webp","contentUrl":"https:\/\/tajkertesz.com\/wp-content\/uploads\/2023\/03\/jb822407.webp","width":490,"height":490},{"@type":"BreadcrumbList","@id":"https:\/\/tajkertesz.com\/termek\/substral-celaflor-careo-rovarolo-permet-200ml-masolat\/#breadcrumb","itemListElement":[{"@type":"ListItem","position":1,"name":"Home","item":"https:\/\/tajkertesz.com\/"},{"@type":"ListItem","position":2,"name":"Kezd\u0151lap","item":"https:\/\/tajkertesz.com\/"},{"@type":"ListItem","position":3,"name":"Substral Celaflor Careo rovar\u00f6l\u0151 permet 200ml"}]},{"@type":"WebSite","@id":"https:\/\/tajkertesz.com\/#website","url":"https:\/\/tajkertesz.com\/","name":"T\u00e1j-Kert\u00e9sz 84 Kft.","description":"Kert\u00e9szeti kis- \u00e9s nagykeresked\u00e9s, D\u00edszn\u00f6v\u00e9ny web\u00e1ruh\u00e1z orsz\u00e1gos h\u00e1zhozsz\u00e1ll\u00edt\u00e1ssal!","publisher":{"@id":"https:\/\/tajkertesz.com\/#organization"},"potentialAction":[{"@type":"SearchAction","target":{"@type":"EntryPoint","urlTemplate":"https:\/\/tajkertesz.com\/?s={search_term_string}"},"query-input":{"@type":"PropertyValueSpecification","valueRequired":true,"valueName":"search_term_string"}}],"inLanguage":"en-US"},{"@type":"Organization","@id":"https:\/\/tajkertesz.com\/#organization","name":"T\u00e1j-Kert\u00e9sz 84 Kft.","url":"https:\/\/tajkertesz.com\/","logo":{"@type":"ImageObject","inLanguage":"en-US","@id":"https:\/\/tajkertesz.com\/#\/schema\/logo\/image\/","url":"https:\/\/tajkertesz.com\/wp-content\/uploads\/2018\/02\/logo-2-e1518678052539.png","contentUrl":"https:\/\/tajkertesz.com\/wp-content\/uploads\/2018\/02\/logo-2-e1518678052539.png","width":81,"height":140,"caption":"T\u00e1j-Kert\u00e9sz 84 Kft."},"image":{"@id":"https:\/\/tajkertesz.com\/#\/schema\/logo\/image\/"},"sameAs":["https:\/\/www.facebook.com\/Tajkertesz\/"]}]}},"_links":{"self":[{"href":"https:\/\/tajkertesz.com\/en_US\/wp-json\/wp\/v2\/product\/15247","targetHints":{"allow":["GET"]}}],"collection":[{"href":"https:\/\/tajkertesz.com\/en_US\/wp-json\/wp\/v2\/product"}],"about":[{"href":"https:\/\/tajkertesz.com\/en_US\/wp-json\/wp\/v2\/types\/product"}],"wp:featuredmedia":[{"embeddable":true,"href":"https:\/\/tajkertesz.com\/en_US\/wp-json\/wp\/v2\/media\/15248"}],"wp:attachment":[{"href":"https:\/\/tajkertesz.com\/en_US\/wp-json\/wp\/v2\/media?parent=15247"}],"wp:term":[{"taxonomy":"product_brand","embeddable":true,"href":"https:\/\/tajkertesz.com\/en_US\/wp-json\/wp\/v2\/product_brand?post=15247"},{"taxonomy":"product_cat","embeddable":true,"href":"https:\/\/tajkertesz.com\/en_US\/wp-json\/wp\/v2\/product_cat?post=15247"},{"taxonomy":"product_tag","embeddable":true,"href":"https:\/\/tajkertesz.com\/en_US\/wp-json\/wp\/v2\/product_tag?post=15247"}],"curies":[{"name":"wp","href":"https:\/\/api.w.org\/{rel}","templated":true}]}}