{"id":15249,"date":"2023-03-07T13:59:20","date_gmt":"2023-03-07T13:59:20","guid":{"rendered":"https:\/\/tajkertesz.com\/?post_type=product&#038;p=15249"},"modified":"2026-01-20T12:23:31","modified_gmt":"2026-01-20T12:23:31","slug":"fito-novenyapolo-szer-gombabetegsegekre-500ml","status":"publish","type":"product","link":"https:\/\/tajkertesz.com\/en_US\/product\/fito-novenyapolo-szer-gombabetegsegekre-500ml\/","title":{"rendered":"Fito N\u00f6v\u00e9ny\u00e1pol\u00f3 szer gombabetegs\u00e9gekre 500ml."},"content":{"rendered":"<h2>Fito N\u00f6v\u00e9ny\u00e1pol\u00f3 szer gombabetegs\u00e9gekre 500ml.<\/h2>\n<h2>N\u00f6v\u00e9nyv\u00e9d\u0151 gombabetegs\u00e9gek ellen<\/h2>\n<div>\n<div>\n<p>Bio Fito Er\u0151s\u00edt\u0151 N\u00f6v\u00e9ny\u00e1pol\u00f3 szer gombabetegs\u00e9gek ellen. V\u00e9di \u00e9s er\u0151s\u00edti a n\u00f6v\u00e9nyt.<\/p>\n<\/div>\n<div>Hat\u00f3anyaga: zsurl\u00f3kivonat 50%<\/div>\n<div><\/div>\n<div>Lisztharmat, rozsda \u00e9s egy\u00e9b gombabetegs\u00e9gek ellen. A k\u00e9sz\u00edtm\u00e9ny felhaszn\u00e1l\u00e1sra k\u00e9sz oldat, h\u00edg\u00edtani nem kell.<\/div>\n<div>Alkalmazhat\u00f3 lak\u00e1sban, erk\u00e9lyen, teraszon, balkonon tartott \u00e9s szabadban nevelt d\u00edszn\u00f6v\u00e9nyek tiszt\u00edt\u00e1s\u00e1ra, a k\u00e1ros\u00edt\u00f3k okozta s\u00e9r\u00fcl\u00e9sek bevon\u00e1s\u00e1ra, lez\u00e1r\u00e1s\u00e1ra.<\/div>\n<div>A permetet a k\u00e1ros\u00edt\u00f3k megjelen\u00e9sekor javasolt el\u0151sz\u00f6r kijuttatni. Javasoljuk p\u00e9ld\u00e1ul r\u00f3zs\u00e1k, szoban\u00f6v\u00e9nyek, lev\u00e9ltoss\u00e1ga ellen. A hat\u00e1s kifejt\u00e9s\u00e9hez a n\u00f6v\u00e9nyt \u00e1ztat\u00e1s-, illetve lemos\u00e1sszer\u0171en kell permetezni, de az er\u0151s megfoly\u00e1st ker\u00fclni kell. Tov\u00e1bbi kezel\u00e9seket 5-7 naponk\u00e9nt sz\u00fcks\u00e9ges elv\u00e9gezni. A kezel\u00e9sek k\u00f6z\u00f6tt eltelt minim\u00e1lis id\u0151 5 nap. Permetez\u00e9skor \u00fcgyelni kell a n\u00f6v\u00e9ny teljes lefedetts\u00e9g\u00e9re (pl. lev\u00e9l fon\u00e1ki r\u00e9sze, t\u00f6rzs).<\/div>\n<\/div>\n<div><\/div>\n<div>https:\/\/www.facebook.com\/tajkertesz<\/div>\n<div>http:\/\/www.tajkertesz.hu<\/div>","protected":false},"excerpt":{"rendered":"<h2>Fito N\u00f6v\u00e9ny\u00e1pol\u00f3 szer gombabetegs\u00e9gekre<\/h2>\n<div id=\"bodyContent\" class=\"mw-body-content\">\n<div id=\"mw-content-text\" class=\"mw-content-ltr\" dir=\"ltr\" lang=\"hu\">\n<div id=\"bodyContent\" class=\"mw-body-content\">\n<div id=\"mw-content-text\" class=\"mw-content-ltr\" dir=\"ltr\" lang=\"hu\">\n<p><b>K\u00e9szlet\u00fcnk napi szinten v\u00e1ltozik, ez\u00e9rt k\u00e9rj\u00fck, \u00e9rdekl\u0151dj\u00f6n szem\u00e9lyesen, telefonon vagy email-en.<\/b><\/p>\n<p>Term\u00e9keinket szem\u00e9lyesen is \u00e1tveheti a h\u00e9t minden napj\u00e1n nyitvatart\u00e1si id\u0151ben!<\/p>\n<p>Kisz\u00e1ll\u00edt\u00e1s: 200 cm \u00e9s 40 kg-ig a sz\u00e1ll\u00edt\u00e1s fut\u00e1rszolg\u00e1lattal t\u00f6rt\u00e9nik.<\/p>\n<\/div>\n<\/div>\n<\/div>\n<\/div>\n<p><b>A v\u00e1ltoztat\u00e1s jog\u00e1t fenntartjuk!\u00a0<\/b><\/p>\n<p>Fito BIO n\u00f6v\u00e9nyv\u00e9d\u0151 gombabetegs\u00e9gek ellen<\/p>\n<p>A BIOFITO Er\u0151s\u00edt\u0151 N\u00f6v\u00e9ny\u00e1pol\u00f3 egyszerre \u00f6tv\u00f6zi a hagyom\u00e1nyos \u00e9s a modern n\u00f6v\u00e9ny\u00e1pol\u00e1s legjobb tulajdons\u00e1gait. Term\u00e9szetes zsurl\u00f3kivonat tartalm\u00e1nak k\u00f6sz\u00f6nhet\u0151en alkalmas a d\u00edszn\u00f6v\u00e9nyeken tal\u00e1lhat\u00f3 szennyez\u0151d\u00e9sek \u00e9s k\u00e1rtev\u0151 maradv\u00e1nyok lemos\u00e1s\u00e1ra, a s\u00e9r\u00fcl\u00e9sek lez\u00e1r\u00e1s\u00e1ra, valamint a k\u00e1ros\u00edt\u00f3k t\u00e1voltart\u00e1s\u00e1ra.<\/p>","protected":false},"featured_media":15250,"template":"","meta":{"_et_pb_use_builder":"","_et_pb_old_content":"","_et_gb_content_width":""},"product_brand":[],"product_cat":[4093],"product_tag":[4187],"class_list":{"0":"post-15249","1":"product","2":"type-product","3":"status-publish","4":"has-post-thumbnail","6":"product_cat-novenyapolo-szerek","7":"product_tag-novenyvedoszer","9":"first","10":"instock","11":"shipping-taxable","12":"purchasable","13":"product-type-simple"},"yoast_head":"<!-- This site is optimized with the Yoast SEO plugin v27.5 - https:\/\/yoast.com\/product\/yoast-seo-wordpress\/ -->\n<title>Fito N\u00f6v\u00e9ny\u00e1pol\u00f3 szer gombabetegs\u00e9gekre 500ml. - T\u00e1jkert\u00e9sz<\/title>\n<meta name=\"description\" content=\"Fito N\u00f6v\u00e9ny\u00e1pol\u00f3 szer gombabetegs\u00e9gekre.\" \/>\n<meta name=\"robots\" content=\"index, follow, max-snippet:-1, max-image-preview:large, max-video-preview:-1\" \/>\n<link rel=\"canonical\" href=\"https:\/\/tajkertesz.com\/en_US\/product\/fito-novenyapolo-szer-gombabetegsegekre-500ml\/\" \/>\n<meta property=\"og:locale\" content=\"en_US\" \/>\n<meta property=\"og:type\" content=\"article\" \/>\n<meta property=\"og:title\" content=\"Fito N\u00f6v\u00e9ny\u00e1pol\u00f3 szer gombabetegs\u00e9gekre 500ml. - T\u00e1jkert\u00e9sz\" \/>\n<meta property=\"og:description\" content=\"Fito N\u00f6v\u00e9ny\u00e1pol\u00f3 szer gombabetegs\u00e9gekre.\" \/>\n<meta property=\"og:url\" content=\"https:\/\/tajkertesz.com\/en_US\/product\/fito-novenyapolo-szer-gombabetegsegekre-500ml\/\" \/>\n<meta property=\"og:site_name\" content=\"T\u00e1jkert\u00e9sz\" \/>\n<meta property=\"article:publisher\" content=\"https:\/\/www.facebook.com\/Tajkertesz\/\" \/>\n<meta property=\"article:modified_time\" content=\"2026-01-20T12:23:31+00:00\" \/>\n<meta property=\"og:image\" content=\"https:\/\/tajkertesz.com\/wp-content\/uploads\/2023\/03\/gomba2.png\" \/>\n\t<meta property=\"og:image:width\" content=\"625\" \/>\n\t<meta property=\"og:image:height\" content=\"445\" \/>\n\t<meta property=\"og:image:type\" content=\"image\/png\" \/>\n<meta name=\"twitter:card\" content=\"summary_large_image\" \/>\n<meta name=\"twitter:label1\" content=\"Est. reading time\" \/>\n\t<meta name=\"twitter:data1\" content=\"1 minute\" \/>\n<script type=\"application\/ld+json\" class=\"yoast-schema-graph\">{\"@context\":\"https:\\\/\\\/schema.org\",\"@graph\":[{\"@type\":\"WebPage\",\"@id\":\"https:\\\/\\\/tajkertesz.com\\\/termek\\\/fito-novenyapolo-szer-gombabetegsegekre-500ml\\\/\",\"url\":\"https:\\\/\\\/tajkertesz.com\\\/termek\\\/fito-novenyapolo-szer-gombabetegsegekre-500ml\\\/\",\"name\":\"Fito N\u00f6v\u00e9ny\u00e1pol\u00f3 szer gombabetegs\u00e9gekre 500ml. - T\u00e1jkert\u00e9sz\",\"isPartOf\":{\"@id\":\"https:\\\/\\\/tajkertesz.com\\\/#website\"},\"primaryImageOfPage\":{\"@id\":\"https:\\\/\\\/tajkertesz.com\\\/termek\\\/fito-novenyapolo-szer-gombabetegsegekre-500ml\\\/#primaryimage\"},\"image\":{\"@id\":\"https:\\\/\\\/tajkertesz.com\\\/termek\\\/fito-novenyapolo-szer-gombabetegsegekre-500ml\\\/#primaryimage\"},\"thumbnailUrl\":\"https:\\\/\\\/tajkertesz.com\\\/wp-content\\\/uploads\\\/2023\\\/03\\\/gomba2.png\",\"datePublished\":\"2023-03-07T13:59:20+00:00\",\"dateModified\":\"2026-01-20T12:23:31+00:00\",\"description\":\"Fito N\u00f6v\u00e9ny\u00e1pol\u00f3 szer gombabetegs\u00e9gekre.\",\"breadcrumb\":{\"@id\":\"https:\\\/\\\/tajkertesz.com\\\/termek\\\/fito-novenyapolo-szer-gombabetegsegekre-500ml\\\/#breadcrumb\"},\"inLanguage\":\"en-US\",\"potentialAction\":[{\"@type\":\"ReadAction\",\"target\":[\"https:\\\/\\\/tajkertesz.com\\\/termek\\\/fito-novenyapolo-szer-gombabetegsegekre-500ml\\\/\"]}]},{\"@type\":\"ImageObject\",\"inLanguage\":\"en-US\",\"@id\":\"https:\\\/\\\/tajkertesz.com\\\/termek\\\/fito-novenyapolo-szer-gombabetegsegekre-500ml\\\/#primaryimage\",\"url\":\"https:\\\/\\\/tajkertesz.com\\\/wp-content\\\/uploads\\\/2023\\\/03\\\/gomba2.png\",\"contentUrl\":\"https:\\\/\\\/tajkertesz.com\\\/wp-content\\\/uploads\\\/2023\\\/03\\\/gomba2.png\",\"width\":625,\"height\":445},{\"@type\":\"BreadcrumbList\",\"@id\":\"https:\\\/\\\/tajkertesz.com\\\/termek\\\/fito-novenyapolo-szer-gombabetegsegekre-500ml\\\/#breadcrumb\",\"itemListElement\":[{\"@type\":\"ListItem\",\"position\":1,\"name\":\"Home\",\"item\":\"https:\\\/\\\/tajkertesz.com\\\/\"},{\"@type\":\"ListItem\",\"position\":2,\"name\":\"Kezd\u0151lap\",\"item\":\"https:\\\/\\\/tajkertesz.com\\\/\"},{\"@type\":\"ListItem\",\"position\":3,\"name\":\"Fito N\u00f6v\u00e9ny\u00e1pol\u00f3 szer gombabetegs\u00e9gekre 500ml.\"}]},{\"@type\":\"WebSite\",\"@id\":\"https:\\\/\\\/tajkertesz.com\\\/#website\",\"url\":\"https:\\\/\\\/tajkertesz.com\\\/\",\"name\":\"T\u00e1j-Kert\u00e9sz 84 Kft.\",\"description\":\"Kert\u00e9szeti kis- \u00e9s nagykeresked\u00e9s, D\u00edszn\u00f6v\u00e9ny web\u00e1ruh\u00e1z orsz\u00e1gos h\u00e1zhozsz\u00e1ll\u00edt\u00e1ssal!\",\"publisher\":{\"@id\":\"https:\\\/\\\/tajkertesz.com\\\/#organization\"},\"potentialAction\":[{\"@type\":\"SearchAction\",\"target\":{\"@type\":\"EntryPoint\",\"urlTemplate\":\"https:\\\/\\\/tajkertesz.com\\\/?s={search_term_string}\"},\"query-input\":{\"@type\":\"PropertyValueSpecification\",\"valueRequired\":true,\"valueName\":\"search_term_string\"}}],\"inLanguage\":\"en-US\"},{\"@type\":\"Organization\",\"@id\":\"https:\\\/\\\/tajkertesz.com\\\/#organization\",\"name\":\"T\u00e1j-Kert\u00e9sz 84 Kft.\",\"url\":\"https:\\\/\\\/tajkertesz.com\\\/\",\"logo\":{\"@type\":\"ImageObject\",\"inLanguage\":\"en-US\",\"@id\":\"https:\\\/\\\/tajkertesz.com\\\/#\\\/schema\\\/logo\\\/image\\\/\",\"url\":\"https:\\\/\\\/tajkertesz.com\\\/wp-content\\\/uploads\\\/2018\\\/02\\\/logo-2-e1518678052539.png\",\"contentUrl\":\"https:\\\/\\\/tajkertesz.com\\\/wp-content\\\/uploads\\\/2018\\\/02\\\/logo-2-e1518678052539.png\",\"width\":81,\"height\":140,\"caption\":\"T\u00e1j-Kert\u00e9sz 84 Kft.\"},\"image\":{\"@id\":\"https:\\\/\\\/tajkertesz.com\\\/#\\\/schema\\\/logo\\\/image\\\/\"},\"sameAs\":[\"https:\\\/\\\/www.facebook.com\\\/Tajkertesz\\\/\"]}]}<\/script>\n<!-- \/ Yoast SEO plugin. -->","yoast_head_json":{"title":"Fito N\u00f6v\u00e9ny\u00e1pol\u00f3 szer gombabetegs\u00e9gekre 500ml. - T\u00e1jkert\u00e9sz","description":"Fito N\u00f6v\u00e9ny\u00e1pol\u00f3 szer gombabetegs\u00e9gekre.","robots":{"index":"index","follow":"follow","max-snippet":"max-snippet:-1","max-image-preview":"max-image-preview:large","max-video-preview":"max-video-preview:-1"},"canonical":"https:\/\/tajkertesz.com\/en_US\/product\/fito-novenyapolo-szer-gombabetegsegekre-500ml\/","og_locale":"en_US","og_type":"article","og_title":"Fito N\u00f6v\u00e9ny\u00e1pol\u00f3 szer gombabetegs\u00e9gekre 500ml. - T\u00e1jkert\u00e9sz","og_description":"Fito N\u00f6v\u00e9ny\u00e1pol\u00f3 szer gombabetegs\u00e9gekre.","og_url":"https:\/\/tajkertesz.com\/en_US\/product\/fito-novenyapolo-szer-gombabetegsegekre-500ml\/","og_site_name":"T\u00e1jkert\u00e9sz","article_publisher":"https:\/\/www.facebook.com\/Tajkertesz\/","article_modified_time":"2026-01-20T12:23:31+00:00","og_image":[{"width":625,"height":445,"url":"https:\/\/tajkertesz.com\/wp-content\/uploads\/2023\/03\/gomba2.png","type":"image\/png"}],"twitter_card":"summary_large_image","twitter_misc":{"Est. reading time":"1 minute"},"schema":{"@context":"https:\/\/schema.org","@graph":[{"@type":"WebPage","@id":"https:\/\/tajkertesz.com\/termek\/fito-novenyapolo-szer-gombabetegsegekre-500ml\/","url":"https:\/\/tajkertesz.com\/termek\/fito-novenyapolo-szer-gombabetegsegekre-500ml\/","name":"Fito N\u00f6v\u00e9ny\u00e1pol\u00f3 szer gombabetegs\u00e9gekre 500ml. - T\u00e1jkert\u00e9sz","isPartOf":{"@id":"https:\/\/tajkertesz.com\/#website"},"primaryImageOfPage":{"@id":"https:\/\/tajkertesz.com\/termek\/fito-novenyapolo-szer-gombabetegsegekre-500ml\/#primaryimage"},"image":{"@id":"https:\/\/tajkertesz.com\/termek\/fito-novenyapolo-szer-gombabetegsegekre-500ml\/#primaryimage"},"thumbnailUrl":"https:\/\/tajkertesz.com\/wp-content\/uploads\/2023\/03\/gomba2.png","datePublished":"2023-03-07T13:59:20+00:00","dateModified":"2026-01-20T12:23:31+00:00","description":"Fito N\u00f6v\u00e9ny\u00e1pol\u00f3 szer gombabetegs\u00e9gekre.","breadcrumb":{"@id":"https:\/\/tajkertesz.com\/termek\/fito-novenyapolo-szer-gombabetegsegekre-500ml\/#breadcrumb"},"inLanguage":"en-US","potentialAction":[{"@type":"ReadAction","target":["https:\/\/tajkertesz.com\/termek\/fito-novenyapolo-szer-gombabetegsegekre-500ml\/"]}]},{"@type":"ImageObject","inLanguage":"en-US","@id":"https:\/\/tajkertesz.com\/termek\/fito-novenyapolo-szer-gombabetegsegekre-500ml\/#primaryimage","url":"https:\/\/tajkertesz.com\/wp-content\/uploads\/2023\/03\/gomba2.png","contentUrl":"https:\/\/tajkertesz.com\/wp-content\/uploads\/2023\/03\/gomba2.png","width":625,"height":445},{"@type":"BreadcrumbList","@id":"https:\/\/tajkertesz.com\/termek\/fito-novenyapolo-szer-gombabetegsegekre-500ml\/#breadcrumb","itemListElement":[{"@type":"ListItem","position":1,"name":"Home","item":"https:\/\/tajkertesz.com\/"},{"@type":"ListItem","position":2,"name":"Kezd\u0151lap","item":"https:\/\/tajkertesz.com\/"},{"@type":"ListItem","position":3,"name":"Fito N\u00f6v\u00e9ny\u00e1pol\u00f3 szer gombabetegs\u00e9gekre 500ml."}]},{"@type":"WebSite","@id":"https:\/\/tajkertesz.com\/#website","url":"https:\/\/tajkertesz.com\/","name":"T\u00e1j-Kert\u00e9sz 84 Kft.","description":"Kert\u00e9szeti kis- \u00e9s nagykeresked\u00e9s, D\u00edszn\u00f6v\u00e9ny web\u00e1ruh\u00e1z orsz\u00e1gos h\u00e1zhozsz\u00e1ll\u00edt\u00e1ssal!","publisher":{"@id":"https:\/\/tajkertesz.com\/#organization"},"potentialAction":[{"@type":"SearchAction","target":{"@type":"EntryPoint","urlTemplate":"https:\/\/tajkertesz.com\/?s={search_term_string}"},"query-input":{"@type":"PropertyValueSpecification","valueRequired":true,"valueName":"search_term_string"}}],"inLanguage":"en-US"},{"@type":"Organization","@id":"https:\/\/tajkertesz.com\/#organization","name":"T\u00e1j-Kert\u00e9sz 84 Kft.","url":"https:\/\/tajkertesz.com\/","logo":{"@type":"ImageObject","inLanguage":"en-US","@id":"https:\/\/tajkertesz.com\/#\/schema\/logo\/image\/","url":"https:\/\/tajkertesz.com\/wp-content\/uploads\/2018\/02\/logo-2-e1518678052539.png","contentUrl":"https:\/\/tajkertesz.com\/wp-content\/uploads\/2018\/02\/logo-2-e1518678052539.png","width":81,"height":140,"caption":"T\u00e1j-Kert\u00e9sz 84 Kft."},"image":{"@id":"https:\/\/tajkertesz.com\/#\/schema\/logo\/image\/"},"sameAs":["https:\/\/www.facebook.com\/Tajkertesz\/"]}]}},"_links":{"self":[{"href":"https:\/\/tajkertesz.com\/en_US\/wp-json\/wp\/v2\/product\/15249","targetHints":{"allow":["GET"]}}],"collection":[{"href":"https:\/\/tajkertesz.com\/en_US\/wp-json\/wp\/v2\/product"}],"about":[{"href":"https:\/\/tajkertesz.com\/en_US\/wp-json\/wp\/v2\/types\/product"}],"wp:featuredmedia":[{"embeddable":true,"href":"https:\/\/tajkertesz.com\/en_US\/wp-json\/wp\/v2\/media\/15250"}],"wp:attachment":[{"href":"https:\/\/tajkertesz.com\/en_US\/wp-json\/wp\/v2\/media?parent=15249"}],"wp:term":[{"taxonomy":"product_brand","embeddable":true,"href":"https:\/\/tajkertesz.com\/en_US\/wp-json\/wp\/v2\/product_brand?post=15249"},{"taxonomy":"product_cat","embeddable":true,"href":"https:\/\/tajkertesz.com\/en_US\/wp-json\/wp\/v2\/product_cat?post=15249"},{"taxonomy":"product_tag","embeddable":true,"href":"https:\/\/tajkertesz.com\/en_US\/wp-json\/wp\/v2\/product_tag?post=15249"}],"curies":[{"name":"wp","href":"https:\/\/api.w.org\/{rel}","templated":true}]}}