{"id":1525,"date":"2020-03-26T15:10:38","date_gmt":"2020-03-26T15:10:38","guid":{"rendered":"https:\/\/tajkertesz.com\/?post_type=product&#038;p=1525"},"modified":"2025-11-22T12:06:40","modified_gmt":"2025-11-22T12:06:40","slug":"spiraea-cinerea-grefsheim-hamvas-gyongyvesszo","status":"publish","type":"product","link":"https:\/\/tajkertesz.com\/en_US\/product\/spiraea-cinerea-grefsheim-hamvas-gyongyvesszo\/","title":{"rendered":"Spiraea cinerea &#8216;Grefsheim&#8217; &#8211; Hamvas gy\u00f6ngyvessz\u0151"},"content":{"rendered":"<h1>Spiraea cinerea &#8216;Grefsheim&#8217; &#8211; Hamvas gy\u00f6ngyvessz\u0151<\/h1>\n<p data-start=\"1109\" data-end=\"1343\">A <strong data-start=\"1111\" data-end=\"1164\">Spiraea cinerea &#8216;Grefsheim&#8217; \u2013 Hamvas gy\u00f6ngyvessz\u0151<\/strong> egy k\u00f6zepes m\u00e9ret\u0171, lombhullat\u00f3 cserje, amely \u00e1prilis-m\u00e1jusban ez\u00fcst\u00f6sen feh\u00e9r vir\u00e1gba borul. A kompakt n\u00f6veked\u00e9s\u00e9nek k\u00f6sz\u00f6nhet\u0151en kertek, parkok \u00e9s vir\u00e1gos s\u00f6v\u00e9nyek d\u00edsze lehet.<\/p>\n<h4 data-start=\"1345\" data-end=\"1366\"><strong data-start=\"1349\" data-end=\"1366\">Tulajdons\u00e1gok<\/strong><\/h4>\n<ul data-start=\"1367\" data-end=\"1631\">\n<li data-start=\"1367\" data-end=\"1415\">\n<p data-start=\"1369\" data-end=\"1415\"><strong data-start=\"1369\" data-end=\"1379\">M\u00e9ret:<\/strong> 80\u2013120 cm magas, 60\u2013100 cm sz\u00e9les<\/p>\n<\/li>\n<li data-start=\"1416\" data-end=\"1458\">\n<p data-start=\"1418\" data-end=\"1458\"><strong data-start=\"1418\" data-end=\"1431\">Vir\u00e1gz\u00e1s:<\/strong> Tavasszal, \u00e1prilis\u2013m\u00e1jus<\/p>\n<\/li>\n<li data-start=\"1459\" data-end=\"1513\">\n<p data-start=\"1461\" data-end=\"1513\"><strong data-start=\"1461\" data-end=\"1483\">\u00c1rny\u00e9k\/teljes nap:<\/strong> Napos vagy f\u00e9l\u00e1rny\u00e9kos hely<\/p>\n<\/li>\n<li data-start=\"1514\" data-end=\"1559\">\n<p data-start=\"1516\" data-end=\"1559\"><strong data-start=\"1516\" data-end=\"1526\">Talaj:<\/strong> J\u00f3 v\u00edzelvezet\u00e9s\u0171, t\u00e1pd\u00fas talaj<\/p>\n<\/li>\n<li data-start=\"1560\" data-end=\"1631\">\n<p data-start=\"1562\" data-end=\"1631\"><strong data-start=\"1562\" data-end=\"1575\">Gondoz\u00e1s:<\/strong> Metsz\u00e9s tavasszal a vir\u00e1gz\u00e1s ut\u00e1n, v\u00edzig\u00e9ny m\u00e9rs\u00e9kelt<\/p>\n<\/li>\n<\/ul>\n<h4 data-start=\"1633\" data-end=\"1653\"><strong data-start=\"1637\" data-end=\"1653\">Felhaszn\u00e1l\u00e1s<\/strong><\/h4>\n<ul data-start=\"1654\" data-end=\"1738\">\n<li data-start=\"1654\" data-end=\"1674\">\n<p data-start=\"1656\" data-end=\"1674\">Kerti d\u00edszcserje<\/p>\n<\/li>\n<li data-start=\"1675\" data-end=\"1698\">\n<p data-start=\"1677\" data-end=\"1698\">Vir\u00e1gz\u00f3 s\u00f6v\u00e9nyekhez<\/p>\n<\/li>\n<li data-start=\"1699\" data-end=\"1738\">\n<p data-start=\"1701\" data-end=\"1738\">Balkonok \u00e9s teraszok dekor\u00e1ci\u00f3j\u00e1hoz<\/p>\n<\/li>\n<\/ul>\n<h4><strong>\ud83d\udd04 K\u00e9szletinform\u00e1ci\u00f3<\/strong><\/h4>\n<p><strong>K\u00e9szlet\u00fcnk napi szinten v\u00e1ltozik, \u00edgy a webshopban szerepl<\/strong><strong>\u0151<\/strong><strong>\u00a0term\u00e9kek el\u00e9rhet<\/strong><strong>\u0151<\/strong><strong>s\u00e9ge nem garant\u00e1lt.<br \/>\n\ud83d\udcde A megrendel\u00e9s el<\/strong><strong>\u0151<\/strong><strong>tt k\u00e9rj\u00fck, \u00e9rdekl<\/strong><strong>\u0151<\/strong><strong>dj\u00f6n szem\u00e9lyesen, telefonon vagy e-mailben!<\/strong><\/p>\n<h4><strong>\u27a1\ufe0f Kapcsolat:<\/strong><\/h4>\n<ul>\n<li><strong>Weboldal:\u00a0<\/strong><a href=\"https:\/\/tajkertesz.com\/\"><strong>tajkertesz.com<\/strong><\/a><\/li>\n<li><strong>Facebook:\u00a0<\/strong><a href=\"https:\/\/www.facebook.com\/tajkertesz\/\"><strong>facebook.com\/tajkertesz<\/strong><\/a><\/li>\n<li><strong>Telefonsz\u00e1m, e-mail: +36\/20-319-3770\u00a0<\/strong><a href=\"mailto:tajkerteszaruda@gmail.com\"><strong>tajkerteszaruda@gmail.com<\/strong><\/a><\/li>\n<\/ul>\n<h4><strong>\ud83d\ude9a Sz\u00e1ll\u00edt\u00e1si inform\u00e1ci\u00f3k<\/strong><\/h4>\n<p><strong>A megrendelt n\u00f6v\u00e9nyek kisz\u00e1ll\u00edt\u00e1sa az al\u00e1bbi felt\u00e9telek mellett t\u00f6rt\u00e9nik:<\/strong><\/p>\n<h4><strong>\ud83d\udce6 Fut\u00e1rszolg\u00e1latos sz\u00e1ll\u00edt\u00e1s<\/strong><\/h4>\n<ul>\n<li><strong>Maxim\u00e1lis m\u00e9ret: 200 cm (hossz\u00fas\u00e1g)<\/strong><\/li>\n<li><strong>Maxim\u00e1lis s\u00faly: 40 kg<\/strong><\/li>\n<li><strong>Az enn\u00e9l kisebb \u00e9s k\u00f6nnyebb csomagokat fut\u00e1rszolg\u00e1lattal k\u00e9zbes\u00edtj\u00fck a lehet<\/strong><strong>\u0151<\/strong><strong>\u00a0legbiztons\u00e1gosabb csomagol\u00e1sban.<\/strong><\/li>\n<\/ul>\n<h4><strong>\ud83d\udefb Szem\u00e9lyes \u00e1tv\u00e9tel<\/strong><\/h4>\n<ul>\n<li><strong>1173 Budapest, Bakancsos utca 7. sz\u00e1m alatt nyitvatart\u00e1si id<\/strong><strong>\u0151<\/strong><strong>ben szem\u00e9lyesen \u00e1tvehet<\/strong><strong>\u0151<\/strong><strong>\u00a0kert\u00e9szeti \u00e1rud\u00e1nkban.<\/strong><\/li>\n<li><strong>K\u00f6lts\u00e9ghat\u00e9kony megold\u00e1s nagyobb, t\u00f6r\u00e9kenyebb vagy t\u00falm\u00e9retes n\u00f6v\u00e9nyek eset\u00e9n.<\/strong><\/li>\n<\/ul>\n<h4><strong>\ud83d\udcde Nagy m\u00e9ret<\/strong><strong>\u0171<\/strong><strong>\u00a0vagy s\u00faly\u00fa n\u00f6v\u00e9nyek eset\u00e9n<\/strong><\/h4>\n<p><strong>Ha a term\u00e9k:<\/strong><\/p>\n<ul>\n<li><strong>meghaladja a 200 cm hossz\u00fas\u00e1got vagy<\/strong><\/li>\n<li><strong>meghaladja a 40 kg s\u00falyt,<\/strong><\/li>\n<\/ul>\n<p><strong>akkor szem\u00e9lyes \u00e1tv\u00e9tellel vagy egyedi, el<\/strong><strong>\u0151<\/strong><strong>re egyeztetett sz\u00e1ll\u00edt\u00e1si felt\u00e9telek mellett t\u00f6rt\u00e9nik.<br \/>\nK\u00e9rj\u00fck, ilyen esetben rendel\u00e9s el<\/strong><strong>\u0151<\/strong><strong>tt vegye fel vel\u00fcnk a kapcsolatot, hogy a lehet<\/strong><strong>\u0151<\/strong><strong>\u00a0legmegfelel<\/strong><strong>\u0151<\/strong><strong>bb sz\u00e1ll\u00edt\u00e1si megold\u00e1st k\u00edn\u00e1lhassuk.<\/strong><\/p>\n<p><strong>\ud83d\udd14 Fontos: A n\u00f6v\u00e9nyeket minden esetben igyeksz\u00fcnk gondosan, egyes\u00e9vel csomagolni, azonban a sz\u00e1ll\u00edt\u00e1s sor\u00e1n kisebb eszt\u00e9tikai s\u00e9r\u00fcl\u00e9sek el<\/strong><strong>\u0151<\/strong><strong>fordulhatnak (pl. lev\u00e9lhull\u00e1s). Ez nem min<\/strong><strong>\u0151<\/strong><strong>s\u00fcl hib\u00e1s teljes\u00edt\u00e9snek.<\/strong><\/p>\n<h4><strong>\ud83d\udcf7 Fontos tudni a k\u00e9pekr<\/strong><strong>\u0151<\/strong><strong>l<\/strong><\/h4>\n<p><strong>A webshopban szerepl<\/strong><strong>\u0151<\/strong><strong>\u00a0k\u00e9pek illusztr\u00e1ci\u00f3k, a n\u00f6v\u00e9nyek term\u00e9szet\u00fckn\u00e9l fogva egyediek, \u00edgy m\u00e9retben, alakban \u00e9s sz\u00ednben minim\u00e1lis elt\u00e9r\u00e9sek el<\/strong><strong>\u0151<\/strong><strong>fordulhatnak a k\u00e9pen l\u00e1that\u00f3 \u00e9s a val\u00f3s p\u00e9ld\u00e1nyok k\u00f6z\u00f6tt.<\/strong><\/p>\n<h4><strong>\ud83e\uddfe \u00c1rak \u00e9s el\u00e1ll\u00e1si jog<\/strong><\/h4>\n<ul>\n<li><strong>Az \u00e1rak egy darab\u00a0n\u00f6v\u00e9nyre vonatkoznak.<\/strong><\/li>\n<li><strong>\u00c9l<\/strong><strong>\u0151<\/strong><strong>\u00a0n\u00f6v\u00e9nyek rendel\u00e9se eset\u00e9n a 14 napos el\u00e1ll\u00e1s joga nem \u00e9rv\u00e9nyes\u00edthet<\/strong><strong>\u0151<\/strong><strong>, mivel azok romland\u00f3, biol\u00f3giailag \u00e9l<\/strong><strong>\u0151<\/strong><strong>\u00a0term\u00e9keknek min<\/strong><strong>\u0151<\/strong><strong>s\u00fclnek.<br \/>\n\ud83d\udd12 (17\/1999. (II. 5.) Korm. rendelet 5. \u00a7 c) pontja alapj\u00e1n)<\/strong><\/li>\n<\/ul>\n<h4><strong>\ud83d\udce6 K\u00e9zbes\u00edt\u00e9s ut\u00e1ni teend<\/strong><strong>\u0151<\/strong><strong>k<\/strong><\/h4>\n<p><strong>A k\u00e9zbes\u00edt\u00e9st k\u00f6vet<\/strong><strong>\u0151<\/strong><strong>en a csomagot azonnal bontsuk ki, \u00e9s a n\u00f6v\u00e9nyt helyezz\u00fck el megfelel<\/strong><strong>\u0151<\/strong><strong>\u00a0k\u00f6rnyezetben.<br \/>\nFontos: ha a n\u00f6v\u00e9ny nem r\u00e9szes\u00fcl megfelel<\/strong><strong>\u0151<\/strong><strong>\u00a0gondoz\u00e1sban \u00e9s ennek k\u00f6vetkezt\u00e9ben k\u00e1rosodik vagy elpusztul, felel<\/strong><strong>\u0151<\/strong><strong>ss\u00e9get nem tudunk v\u00e1llalni.<\/strong><\/p>\n<p>&nbsp;<\/p>","protected":false},"excerpt":{"rendered":"<p>A Spiraea cinerea &#8216;Grefsheim&#8217;, m\u00e1s n\u00e9ven Hamvas gy\u00f6ngyvessz\u0151, egy kompakt, lombhullat\u00f3 cserje, mely tavasszal b\u0151s\u00e9ges, ez\u00fcst\u00f6s feh\u00e9r vir\u00e1gokkal bor\u00edtja \u00e1gait. Ide\u00e1lis kertbe, s\u00f6v\u00e9nyekhez vagy d\u00edsz\u00edt\u00e9shez, k\u00f6nnyen gondozhat\u00f3 \u00e9s ig\u00e9nyes a talajra.<\/p>\n<p>M\u00e9rete: 20\/40 cm magas, 3 literes kont\u00e9nerben.<\/p>","protected":false},"featured_media":1526,"template":"","meta":{"_et_pb_use_builder":"","_et_pb_old_content":"","_et_gb_content_width":""},"product_brand":[],"product_cat":[27],"product_tag":[6283,5849,3614,387,7536,5895,7538,5875,7537,7535,388,6265,6189,5867],"class_list":{"0":"post-1525","1":"product","2":"type-product","3":"status-publish","4":"has-post-thumbnail","6":"product_cat-cserjek","7":"product_tag-balkon-noveny","8":"product_tag-diszcserje","9":"product_tag-feher-virag","10":"product_tag-hamvas-gyongyvesszo","11":"product_tag-kert-noveny","12":"product_tag-kompakt-cserje","13":"product_tag-konnyen-gondozhato","14":"product_tag-lombhullato-cserje","15":"product_tag-sovenycserje","16":"product_tag-spiraea-cinerea","17":"product_tag-spiraea-cinerea-grefsheim","18":"product_tag-tavaszi-virag","19":"product_tag-terasz-noveny","20":"product_tag-viragzo-cserje","22":"first","23":"instock","24":"shipping-taxable","25":"purchasable","26":"product-type-simple"},"yoast_head":"<!-- This site is optimized with the Yoast SEO plugin v27.3 - https:\/\/yoast.com\/product\/yoast-seo-wordpress\/ -->\n<title>Spiraea cinerea &#039;Grefsheim&#039; - Hamvas gy\u00f6ngyvessz\u0151 - T\u00e1jkert\u00e9sz<\/title>\n<meta name=\"description\" content=\"A Spiraea cinerea &#039;Grefsheim&#039; - Hamvas gy\u00f6ngyvessz\u0151 \u00edvesen b\u00f3kol\u00f3 \u00e1g\u00fa cserje feh\u00e9r vir\u00e1gokkal. \u00c9rdekess\u00e9ge a sz\u00e1r\u00a0 teljes hossz\u00e1n vir\u00e1gz\u00e1sa.\" \/>\n<meta name=\"robots\" content=\"index, follow, max-snippet:-1, max-image-preview:large, max-video-preview:-1\" \/>\n<link rel=\"canonical\" href=\"https:\/\/tajkertesz.com\/en_US\/product\/spiraea-cinerea-grefsheim-hamvas-gyongyvesszo\/\" \/>\n<meta property=\"og:locale\" content=\"en_US\" \/>\n<meta property=\"og:type\" content=\"article\" \/>\n<meta property=\"og:title\" content=\"Spiraea cinerea &#039;Grefsheim&#039; - Hamvas gy\u00f6ngyvessz\u0151 - T\u00e1jkert\u00e9sz\" \/>\n<meta property=\"og:description\" content=\"A Spiraea cinerea &#039;Grefsheim&#039; - Hamvas gy\u00f6ngyvessz\u0151 \u00edvesen b\u00f3kol\u00f3 \u00e1g\u00fa cserje feh\u00e9r vir\u00e1gokkal. \u00c9rdekess\u00e9ge a sz\u00e1r\u00a0 teljes hossz\u00e1n vir\u00e1gz\u00e1sa.\" \/>\n<meta property=\"og:url\" content=\"https:\/\/tajkertesz.com\/en_US\/product\/spiraea-cinerea-grefsheim-hamvas-gyongyvesszo\/\" \/>\n<meta property=\"og:site_name\" content=\"T\u00e1jkert\u00e9sz\" \/>\n<meta property=\"article:publisher\" content=\"https:\/\/www.facebook.com\/Tajkertesz\/\" \/>\n<meta property=\"article:modified_time\" content=\"2025-11-22T12:06:40+00:00\" \/>\n<meta property=\"og:image\" content=\"https:\/\/tajkertesz.com\/wp-content\/uploads\/2020\/03\/spiraea-cinerea-grefsheim.jpg5_.jpg\" \/>\n\t<meta property=\"og:image:width\" content=\"513\" \/>\n\t<meta property=\"og:image:height\" content=\"593\" \/>\n\t<meta property=\"og:image:type\" content=\"image\/jpeg\" \/>\n<meta name=\"twitter:card\" content=\"summary_large_image\" \/>\n<meta name=\"twitter:label1\" content=\"Est. reading time\" \/>\n\t<meta name=\"twitter:data1\" content=\"3 minutes\" \/>\n<script type=\"application\/ld+json\" class=\"yoast-schema-graph\">{\"@context\":\"https:\\\/\\\/schema.org\",\"@graph\":[{\"@type\":\"WebPage\",\"@id\":\"https:\\\/\\\/tajkertesz.com\\\/termek\\\/spiraea-cinerea-grefsheim-hamvas-gyongyvesszo\\\/\",\"url\":\"https:\\\/\\\/tajkertesz.com\\\/termek\\\/spiraea-cinerea-grefsheim-hamvas-gyongyvesszo\\\/\",\"name\":\"Spiraea cinerea 'Grefsheim' - Hamvas gy\u00f6ngyvessz\u0151 - T\u00e1jkert\u00e9sz\",\"isPartOf\":{\"@id\":\"https:\\\/\\\/tajkertesz.com\\\/#website\"},\"primaryImageOfPage\":{\"@id\":\"https:\\\/\\\/tajkertesz.com\\\/termek\\\/spiraea-cinerea-grefsheim-hamvas-gyongyvesszo\\\/#primaryimage\"},\"image\":{\"@id\":\"https:\\\/\\\/tajkertesz.com\\\/termek\\\/spiraea-cinerea-grefsheim-hamvas-gyongyvesszo\\\/#primaryimage\"},\"thumbnailUrl\":\"https:\\\/\\\/tajkertesz.com\\\/wp-content\\\/uploads\\\/2020\\\/03\\\/spiraea-cinerea-grefsheim.jpg5_.jpg\",\"datePublished\":\"2020-03-26T15:10:38+00:00\",\"dateModified\":\"2025-11-22T12:06:40+00:00\",\"description\":\"A Spiraea cinerea 'Grefsheim' - Hamvas gy\u00f6ngyvessz\u0151 \u00edvesen b\u00f3kol\u00f3 \u00e1g\u00fa cserje feh\u00e9r vir\u00e1gokkal. \u00c9rdekess\u00e9ge a sz\u00e1r\u00a0 teljes hossz\u00e1n vir\u00e1gz\u00e1sa.\",\"breadcrumb\":{\"@id\":\"https:\\\/\\\/tajkertesz.com\\\/termek\\\/spiraea-cinerea-grefsheim-hamvas-gyongyvesszo\\\/#breadcrumb\"},\"inLanguage\":\"en-US\",\"potentialAction\":[{\"@type\":\"ReadAction\",\"target\":[\"https:\\\/\\\/tajkertesz.com\\\/termek\\\/spiraea-cinerea-grefsheim-hamvas-gyongyvesszo\\\/\"]}]},{\"@type\":\"ImageObject\",\"inLanguage\":\"en-US\",\"@id\":\"https:\\\/\\\/tajkertesz.com\\\/termek\\\/spiraea-cinerea-grefsheim-hamvas-gyongyvesszo\\\/#primaryimage\",\"url\":\"https:\\\/\\\/tajkertesz.com\\\/wp-content\\\/uploads\\\/2020\\\/03\\\/spiraea-cinerea-grefsheim.jpg5_.jpg\",\"contentUrl\":\"https:\\\/\\\/tajkertesz.com\\\/wp-content\\\/uploads\\\/2020\\\/03\\\/spiraea-cinerea-grefsheim.jpg5_.jpg\",\"width\":513,\"height\":593,\"caption\":\"Spiraea cinerea 'Grefsheim' - Hamvas gy\u00f6ngyvessz\u0151\"},{\"@type\":\"BreadcrumbList\",\"@id\":\"https:\\\/\\\/tajkertesz.com\\\/termek\\\/spiraea-cinerea-grefsheim-hamvas-gyongyvesszo\\\/#breadcrumb\",\"itemListElement\":[{\"@type\":\"ListItem\",\"position\":1,\"name\":\"Home\",\"item\":\"https:\\\/\\\/tajkertesz.com\\\/\"},{\"@type\":\"ListItem\",\"position\":2,\"name\":\"Kezd\u0151lap\",\"item\":\"https:\\\/\\\/tajkertesz.com\\\/\"},{\"@type\":\"ListItem\",\"position\":3,\"name\":\"Spiraea cinerea &#8216;Grefsheim&#8217; &#8211; Hamvas gy\u00f6ngyvessz\u0151\"}]},{\"@type\":\"WebSite\",\"@id\":\"https:\\\/\\\/tajkertesz.com\\\/#website\",\"url\":\"https:\\\/\\\/tajkertesz.com\\\/\",\"name\":\"T\u00e1j-Kert\u00e9sz 84 Kft.\",\"description\":\"Kert\u00e9szeti kis- \u00e9s nagykeresked\u00e9s, D\u00edszn\u00f6v\u00e9ny web\u00e1ruh\u00e1z orsz\u00e1gos h\u00e1zhozsz\u00e1ll\u00edt\u00e1ssal!\",\"publisher\":{\"@id\":\"https:\\\/\\\/tajkertesz.com\\\/#organization\"},\"potentialAction\":[{\"@type\":\"SearchAction\",\"target\":{\"@type\":\"EntryPoint\",\"urlTemplate\":\"https:\\\/\\\/tajkertesz.com\\\/?s={search_term_string}\"},\"query-input\":{\"@type\":\"PropertyValueSpecification\",\"valueRequired\":true,\"valueName\":\"search_term_string\"}}],\"inLanguage\":\"en-US\"},{\"@type\":\"Organization\",\"@id\":\"https:\\\/\\\/tajkertesz.com\\\/#organization\",\"name\":\"T\u00e1j-Kert\u00e9sz 84 Kft.\",\"url\":\"https:\\\/\\\/tajkertesz.com\\\/\",\"logo\":{\"@type\":\"ImageObject\",\"inLanguage\":\"en-US\",\"@id\":\"https:\\\/\\\/tajkertesz.com\\\/#\\\/schema\\\/logo\\\/image\\\/\",\"url\":\"https:\\\/\\\/tajkertesz.com\\\/wp-content\\\/uploads\\\/2018\\\/02\\\/logo-2-e1518678052539.png\",\"contentUrl\":\"https:\\\/\\\/tajkertesz.com\\\/wp-content\\\/uploads\\\/2018\\\/02\\\/logo-2-e1518678052539.png\",\"width\":81,\"height\":140,\"caption\":\"T\u00e1j-Kert\u00e9sz 84 Kft.\"},\"image\":{\"@id\":\"https:\\\/\\\/tajkertesz.com\\\/#\\\/schema\\\/logo\\\/image\\\/\"},\"sameAs\":[\"https:\\\/\\\/www.facebook.com\\\/Tajkertesz\\\/\"]}]}<\/script>\n<!-- \/ Yoast SEO plugin. -->","yoast_head_json":{"title":"Spiraea cinerea 'Grefsheim' - Hamvas gy\u00f6ngyvessz\u0151 - T\u00e1jkert\u00e9sz","description":"A Spiraea cinerea 'Grefsheim' - Hamvas gy\u00f6ngyvessz\u0151 \u00edvesen b\u00f3kol\u00f3 \u00e1g\u00fa cserje feh\u00e9r vir\u00e1gokkal. \u00c9rdekess\u00e9ge a sz\u00e1r\u00a0 teljes hossz\u00e1n vir\u00e1gz\u00e1sa.","robots":{"index":"index","follow":"follow","max-snippet":"max-snippet:-1","max-image-preview":"max-image-preview:large","max-video-preview":"max-video-preview:-1"},"canonical":"https:\/\/tajkertesz.com\/en_US\/product\/spiraea-cinerea-grefsheim-hamvas-gyongyvesszo\/","og_locale":"en_US","og_type":"article","og_title":"Spiraea cinerea 'Grefsheim' - Hamvas gy\u00f6ngyvessz\u0151 - T\u00e1jkert\u00e9sz","og_description":"A Spiraea cinerea 'Grefsheim' - Hamvas gy\u00f6ngyvessz\u0151 \u00edvesen b\u00f3kol\u00f3 \u00e1g\u00fa cserje feh\u00e9r vir\u00e1gokkal. \u00c9rdekess\u00e9ge a sz\u00e1r\u00a0 teljes hossz\u00e1n vir\u00e1gz\u00e1sa.","og_url":"https:\/\/tajkertesz.com\/en_US\/product\/spiraea-cinerea-grefsheim-hamvas-gyongyvesszo\/","og_site_name":"T\u00e1jkert\u00e9sz","article_publisher":"https:\/\/www.facebook.com\/Tajkertesz\/","article_modified_time":"2025-11-22T12:06:40+00:00","og_image":[{"width":513,"height":593,"url":"https:\/\/tajkertesz.com\/wp-content\/uploads\/2020\/03\/spiraea-cinerea-grefsheim.jpg5_.jpg","type":"image\/jpeg"}],"twitter_card":"summary_large_image","twitter_misc":{"Est. reading time":"3 minutes"},"schema":{"@context":"https:\/\/schema.org","@graph":[{"@type":"WebPage","@id":"https:\/\/tajkertesz.com\/termek\/spiraea-cinerea-grefsheim-hamvas-gyongyvesszo\/","url":"https:\/\/tajkertesz.com\/termek\/spiraea-cinerea-grefsheim-hamvas-gyongyvesszo\/","name":"Spiraea cinerea 'Grefsheim' - Hamvas gy\u00f6ngyvessz\u0151 - T\u00e1jkert\u00e9sz","isPartOf":{"@id":"https:\/\/tajkertesz.com\/#website"},"primaryImageOfPage":{"@id":"https:\/\/tajkertesz.com\/termek\/spiraea-cinerea-grefsheim-hamvas-gyongyvesszo\/#primaryimage"},"image":{"@id":"https:\/\/tajkertesz.com\/termek\/spiraea-cinerea-grefsheim-hamvas-gyongyvesszo\/#primaryimage"},"thumbnailUrl":"https:\/\/tajkertesz.com\/wp-content\/uploads\/2020\/03\/spiraea-cinerea-grefsheim.jpg5_.jpg","datePublished":"2020-03-26T15:10:38+00:00","dateModified":"2025-11-22T12:06:40+00:00","description":"A Spiraea cinerea 'Grefsheim' - Hamvas gy\u00f6ngyvessz\u0151 \u00edvesen b\u00f3kol\u00f3 \u00e1g\u00fa cserje feh\u00e9r vir\u00e1gokkal. \u00c9rdekess\u00e9ge a sz\u00e1r\u00a0 teljes hossz\u00e1n vir\u00e1gz\u00e1sa.","breadcrumb":{"@id":"https:\/\/tajkertesz.com\/termek\/spiraea-cinerea-grefsheim-hamvas-gyongyvesszo\/#breadcrumb"},"inLanguage":"en-US","potentialAction":[{"@type":"ReadAction","target":["https:\/\/tajkertesz.com\/termek\/spiraea-cinerea-grefsheim-hamvas-gyongyvesszo\/"]}]},{"@type":"ImageObject","inLanguage":"en-US","@id":"https:\/\/tajkertesz.com\/termek\/spiraea-cinerea-grefsheim-hamvas-gyongyvesszo\/#primaryimage","url":"https:\/\/tajkertesz.com\/wp-content\/uploads\/2020\/03\/spiraea-cinerea-grefsheim.jpg5_.jpg","contentUrl":"https:\/\/tajkertesz.com\/wp-content\/uploads\/2020\/03\/spiraea-cinerea-grefsheim.jpg5_.jpg","width":513,"height":593,"caption":"Spiraea cinerea 'Grefsheim' - Hamvas gy\u00f6ngyvessz\u0151"},{"@type":"BreadcrumbList","@id":"https:\/\/tajkertesz.com\/termek\/spiraea-cinerea-grefsheim-hamvas-gyongyvesszo\/#breadcrumb","itemListElement":[{"@type":"ListItem","position":1,"name":"Home","item":"https:\/\/tajkertesz.com\/"},{"@type":"ListItem","position":2,"name":"Kezd\u0151lap","item":"https:\/\/tajkertesz.com\/"},{"@type":"ListItem","position":3,"name":"Spiraea cinerea &#8216;Grefsheim&#8217; &#8211; Hamvas gy\u00f6ngyvessz\u0151"}]},{"@type":"WebSite","@id":"https:\/\/tajkertesz.com\/#website","url":"https:\/\/tajkertesz.com\/","name":"T\u00e1j-Kert\u00e9sz 84 Kft.","description":"Kert\u00e9szeti kis- \u00e9s nagykeresked\u00e9s, D\u00edszn\u00f6v\u00e9ny web\u00e1ruh\u00e1z orsz\u00e1gos h\u00e1zhozsz\u00e1ll\u00edt\u00e1ssal!","publisher":{"@id":"https:\/\/tajkertesz.com\/#organization"},"potentialAction":[{"@type":"SearchAction","target":{"@type":"EntryPoint","urlTemplate":"https:\/\/tajkertesz.com\/?s={search_term_string}"},"query-input":{"@type":"PropertyValueSpecification","valueRequired":true,"valueName":"search_term_string"}}],"inLanguage":"en-US"},{"@type":"Organization","@id":"https:\/\/tajkertesz.com\/#organization","name":"T\u00e1j-Kert\u00e9sz 84 Kft.","url":"https:\/\/tajkertesz.com\/","logo":{"@type":"ImageObject","inLanguage":"en-US","@id":"https:\/\/tajkertesz.com\/#\/schema\/logo\/image\/","url":"https:\/\/tajkertesz.com\/wp-content\/uploads\/2018\/02\/logo-2-e1518678052539.png","contentUrl":"https:\/\/tajkertesz.com\/wp-content\/uploads\/2018\/02\/logo-2-e1518678052539.png","width":81,"height":140,"caption":"T\u00e1j-Kert\u00e9sz 84 Kft."},"image":{"@id":"https:\/\/tajkertesz.com\/#\/schema\/logo\/image\/"},"sameAs":["https:\/\/www.facebook.com\/Tajkertesz\/"]}]}},"_links":{"self":[{"href":"https:\/\/tajkertesz.com\/en_US\/wp-json\/wp\/v2\/product\/1525","targetHints":{"allow":["GET"]}}],"collection":[{"href":"https:\/\/tajkertesz.com\/en_US\/wp-json\/wp\/v2\/product"}],"about":[{"href":"https:\/\/tajkertesz.com\/en_US\/wp-json\/wp\/v2\/types\/product"}],"wp:featuredmedia":[{"embeddable":true,"href":"https:\/\/tajkertesz.com\/en_US\/wp-json\/wp\/v2\/media\/1526"}],"wp:attachment":[{"href":"https:\/\/tajkertesz.com\/en_US\/wp-json\/wp\/v2\/media?parent=1525"}],"wp:term":[{"taxonomy":"product_brand","embeddable":true,"href":"https:\/\/tajkertesz.com\/en_US\/wp-json\/wp\/v2\/product_brand?post=1525"},{"taxonomy":"product_cat","embeddable":true,"href":"https:\/\/tajkertesz.com\/en_US\/wp-json\/wp\/v2\/product_cat?post=1525"},{"taxonomy":"product_tag","embeddable":true,"href":"https:\/\/tajkertesz.com\/en_US\/wp-json\/wp\/v2\/product_tag?post=1525"}],"curies":[{"name":"wp","href":"https:\/\/api.w.org\/{rel}","templated":true}]}}