{"id":1537,"date":"2020-03-26T15:56:28","date_gmt":"2020-03-26T15:56:28","guid":{"rendered":"https:\/\/tajkertesz.com\/?post_type=product&#038;p=1537"},"modified":"2025-04-18T07:37:11","modified_gmt":"2025-04-18T07:37:11","slug":"kerti-gyongyvesszo","status":"publish","type":"product","link":"https:\/\/tajkertesz.com\/en_US\/product\/kerti-gyongyvesszo\/","title":{"rendered":"Spiraea vanhottei , Kerti gy\u00f6ngyvessz\u0151"},"content":{"rendered":"<p>Spiraea vanhottei , Kerti gy\u00f6ngyvessz\u0151<\/p>\n<p>A Spiraea vanhottei , Kerti gy\u00f6ngyvessz\u0151 1,5-2 m\u00a0 fel\u00e1ll\u00f3 majd \u00edvesen elhajl\u00f3 cserje.<\/p>\n<p>A feh\u00e9r vir\u00e1gai a vessz\u0151k teljes hossz\u00e1ban m\u00e1just\u00f3l ny\u00edlnak. A v\u00e1rosi kl\u00edm\u00e1t j\u00f3l t\u0171ri.<\/p>\n<p>Szoliternek, cserje csoportba alkalmazhatjuk. A metsz\u00e9st j\u00f3l t\u0171ri.<\/p>\n<p>Jelen term\u00e9k\u00fcnk 2 literes cser\u00e9pben kaphat\u00f3 \u00e9s\u00a0 40\/60 cm magas.<\/p>\n<p>El\u00e9rhet\u0151 t\u00f6bbf\u00e9le m\u00e9retben \u00e9s \u00e1rban.<\/p>\n<p><strong>K\u00e9szlet\u00fcnk napi szinten v\u00e1ltozik, ez\u00e9rt k\u00e9rj\u00fck, \u00e9rdekl\u0151dj\u00f6n szem\u00e9lyesen, telefonon vagy email-en.<br \/>\nA v\u00e1ltoztat\u00e1s jog\u00e1t fenntartjuk!\u00a0<\/strong><\/p>\n<p>&nbsp;<\/p>\n<p><a href=\"https:\/\/tajkertesz.com\/\">https:\/\/tajkertesz.com\/<\/a><\/p>\n<p><a href=\"https:\/\/hu.wikipedia.org\/wiki\/Gy%C3%B6ngyvessz%C5%91\">https:\/\/hu.wikipedia.org\/wiki\/Gy%C3%B6ngyvessz%C5%91<\/a><\/p>\n<dl>\n<dd>\n<h6><span style=\"color: #ffffff;\"><b><a class=\"new\" style=\"color: #ffffff;\" title=\"Spiraea chamaedryfolia (a lap nem l\u00e9tezik)\" href=\"https:\/\/hu.wikipedia.org\/w\/index.php?title=Spiraea_chamaedryfolia&amp;action=edit&amp;redlink=1\">S. chamaedryfolia<\/a><\/b><\/span><\/h6>\n<\/dd>\n<\/dl>\n<h6><span style=\"color: #ffffff;\">\u00cdvesen elhajl\u00f3 \u00e1g\u00fa,\u00a0<a style=\"color: #ffffff;\" title=\"Tarack (botanika)\" href=\"https:\/\/hu.wikipedia.org\/wiki\/Tarack_(botanika)\">tarackokkal<\/a>\u00a0er\u0151sen terjed\u0151 t\u00f6v\u0171, mintegy 1,5 m magas cserje. Az\u00a0<a style=\"color: #ffffff;\" title=\"\u00c1zsia\" href=\"https:\/\/hu.wikipedia.org\/wiki\/%C3%81zsia\">\u00c1zsia<\/a>\u00a0\u00e9szakkeleti r\u00e9sz\u00e9n honos alapfajn\u00e1l \u00e9rt\u00e9kesebb a var.\u00a0<i>ulmifolia<\/i>\u00a0(<a class=\"new\" style=\"color: #ffffff;\" title=\"Szillevel\u0171 gy\u00f6ngyvessz\u0151 (a lap nem l\u00e9tezik)\" href=\"https:\/\/hu.wikipedia.org\/w\/index.php?title=Szillevel%C5%B1_gy%C3%B6ngyvessz%C5%91&amp;action=edit&amp;redlink=1\">szillevel\u0171 gy\u00f6ngyvessz\u0151<\/a>), mivel magasabbra n\u0151 \u00e9s f\u00e9lg\u00f6mb alak\u00fa vir\u00e1gzatai csaknem k\u00e9tszer akkor\u00e1k. Hozz\u00e1juk igen hasonl\u00f3 megjelen\u00e9s\u0171 a hibrid sz\u00e1rmaz\u00e1s\u00fa\u00a0<i>S. x schinabeckii<\/i>. Mindh\u00e1rom eml\u00edtett fajt, illetve v\u00e1ltozatot a nagyj\u00e1b\u00f3l azonos (szer\u00e9ny) megjelen\u00e9s, de el\u00e9g j\u00f3 sz\u00e1razs\u00e1gt\u0171r\u00e9s \u00e9s rendk\u00edv\u00fcl er\u0151s, agressz\u00edv terjeszked\u00e9s jellemzi. Kiv\u00e1l\u00f3ak ez\u00e9rt meredek\u00a0<a class=\"new\" style=\"color: #ffffff;\" title=\"R\u00e9zs\u0171 (a lap nem l\u00e9tezik)\" href=\"https:\/\/hu.wikipedia.org\/w\/index.php?title=R%C3%A9zs%C5%B1&amp;action=edit&amp;redlink=1\">r\u00e9zs\u0171k<\/a>\u00a0megk\u00f6t\u00e9s\u00e9re, vagy extenz\u00edv z\u00f6ldfel\u00fcleten nagy, \u00f6sszef\u00fcgg\u0151 talajtakar\u00f3-foltok kialak\u00edt\u00e1s\u00e1ra.<\/span><\/h6>\n<dl>\n<dt>\n<h6><span style=\"color: #ffffff;\"><b><a class=\"new\" style=\"color: #ffffff;\" title=\"Spiraea trilobata (a lap nem l\u00e9tezik)\" href=\"https:\/\/hu.wikipedia.org\/w\/index.php?title=Spiraea_trilobata&amp;action=edit&amp;redlink=1\">S. trilobata<\/a><\/b>\u00a0&#8216;Fairy Queen&#8217;<\/span><\/h6>\n<\/dt>\n<\/dl>\n<h6><span style=\"color: #ffffff;\">G\u00f6mb\u00f6lyded termet\u0171, 1,5 m magas cserje, sz\u00e9lesen toj\u00e1sdad \u00e9s a fels\u0151 harmadokban jellegzetesen h\u00e1romkar\u00e9jos levelekkel. Az alapfaj haz\u00e1ja\u00a0<a style=\"color: #ffffff;\" title=\"\u00c9szak-Amerika\" href=\"https:\/\/hu.wikipedia.org\/wiki\/%C3%89szak-Amerika\">\u00c9szak-Amerika<\/a>, az eml\u00edtett fajt\u00e1ja az ut\u00f3bbi \u00e9vekben van terjed\u0151ben. Ig\u00e9nyei hasonl\u00f3ak a\u00a0<i>S. media<\/i>-hoz.<\/span><\/h6>\n<dl>\n<dt>\n<h6><span style=\"color: #ffffff;\"><b><a class=\"new\" style=\"color: #ffffff;\" title=\"Kantoni gy\u00f6ngyvessz\u0151 (a lap nem l\u00e9tezik)\" href=\"https:\/\/hu.wikipedia.org\/w\/index.php?title=Kantoni_gy%C3%B6ngyvessz%C5%91&amp;action=edit&amp;redlink=1\">Kantoni gy\u00f6ngyvessz\u0151<\/a><\/b>\u00a0<i>(S. cantoniensis)<\/i><\/span><\/h6>\n<\/dt>\n<\/dl>\n<h6><span style=\"color: #ffffff;\">Haz\u00e1ja\u00a0<a style=\"color: #ffffff;\" title=\"Kelet-\u00c1zsia\" href=\"https:\/\/hu.wikipedia.org\/wiki\/Kelet-%C3%81zsia\">Kelet-\u00c1zsia<\/a>. Sz\u00e9thajl\u00f3 \u00e1g\u00fa, 1,5 m magas, f\u00e9lg\u00f6mb alak\u00fa cserje. Levelei 3\u20136\u00a0cm-esek, sz\u00e9les l\u00e1ndzs\u00e1sak, m\u00e9lyen f\u0171r\u00e9szesek. Vir\u00e1gai valamivel nagyobbak, mint az eddig felsorolt fajok\u00e9. Telt vir\u00e1g\u00fa fajt\u00e1ja a &#8216;Lanceata&#8217;, ami az alapfajn\u00e1l ugyan gyeng\u00e9bb n\u00f6veked\u00e9s\u0171 \u00e9s kiss\u00e9 fagy\u00e9rz\u00e9keny, de sokkal mutat\u00f3sabb. Normal kerti viszonyokat, napos vagy f\u00e9l\u00e1rny\u00e9kos fekv\u00e9st k\u00edv\u00e1n.<\/span><\/h6>","protected":false},"excerpt":{"rendered":"<p>A Spiraea vanhottei , Kerti gy\u00f6ngyvessz\u0151 1,5-2 m\u00a0 fel\u00e1ll\u00f3 majd \u00edvesen elhajl\u00f3 cserje.<\/p>\n<p>A feh\u00e9r vir\u00e1gai a vessz\u0151k teljes hossz\u00e1ban m\u00e1just\u00f3l ny\u00edlnak. A v\u00e1rosi kl\u00edm\u00e1t j\u00f3l t\u0171ri.<\/p>\n<p>Szoliternek, cserje csoportba alkalmazhatjuk. A metsz\u00e9st j\u00f3l t\u0171ri.<\/p>","protected":false},"featured_media":1540,"template":"","meta":{"_et_pb_use_builder":"","_et_pb_old_content":"","_et_gb_content_width":""},"product_brand":[],"product_cat":[27],"product_tag":[392,391],"class_list":{"0":"post-1537","1":"product","2":"type-product","3":"status-publish","4":"has-post-thumbnail","6":"product_cat-cserjek","7":"product_tag-kerti-gyongyvesszo","8":"product_tag-spiraea-vanhottei","10":"first","11":"outofstock","12":"shipping-taxable","13":"product-type-simple"},"yoast_head":"<!-- This site is optimized with the Yoast SEO plugin v27.5 - https:\/\/yoast.com\/product\/yoast-seo-wordpress\/ -->\n<title>Spiraea vanhottei , Kerti gy\u00f6ngyvessz\u0151 - T\u00e1jkert\u00e9sz<\/title>\n<meta name=\"description\" content=\"A Spiraea vanhottei , Kerti gy\u00f6ngyvessz\u0151 1,5-2 m\u00a0 fel\u00e1ll\u00f3 majd \u00edvesen elhajl\u00f3 cserje.A feh\u00e9r vir\u00e1gai a vessz\u0151k teljes hossz\u00e1ban m\u00e1just\u00f3l ny\u00edlnak.\" \/>\n<meta name=\"robots\" content=\"index, follow, max-snippet:-1, max-image-preview:large, max-video-preview:-1\" \/>\n<link rel=\"canonical\" href=\"https:\/\/tajkertesz.com\/en_US\/product\/kerti-gyongyvesszo\/\" \/>\n<meta property=\"og:locale\" content=\"en_US\" \/>\n<meta property=\"og:type\" content=\"article\" \/>\n<meta property=\"og:title\" content=\"Spiraea vanhottei , Kerti gy\u00f6ngyvessz\u0151 - T\u00e1jkert\u00e9sz\" \/>\n<meta property=\"og:description\" content=\"A Spiraea vanhottei , Kerti gy\u00f6ngyvessz\u0151 1,5-2 m\u00a0 fel\u00e1ll\u00f3 majd \u00edvesen elhajl\u00f3 cserje.A feh\u00e9r vir\u00e1gai a vessz\u0151k teljes hossz\u00e1ban m\u00e1just\u00f3l ny\u00edlnak.\" \/>\n<meta property=\"og:url\" content=\"https:\/\/tajkertesz.com\/en_US\/product\/kerti-gyongyvesszo\/\" \/>\n<meta property=\"og:site_name\" content=\"T\u00e1jkert\u00e9sz\" \/>\n<meta property=\"article:publisher\" content=\"https:\/\/www.facebook.com\/Tajkertesz\/\" \/>\n<meta property=\"article:modified_time\" content=\"2025-04-18T07:37:11+00:00\" \/>\n<meta property=\"og:image\" content=\"https:\/\/tajkertesz.com\/wp-content\/uploads\/2020\/03\/spiraea-vanhottei.jpg3_.jpg\" \/>\n\t<meta property=\"og:image:width\" content=\"1280\" \/>\n\t<meta property=\"og:image:height\" content=\"1280\" \/>\n\t<meta property=\"og:image:type\" content=\"image\/jpeg\" \/>\n<meta name=\"twitter:card\" content=\"summary_large_image\" \/>\n<meta name=\"twitter:label1\" content=\"Est. reading time\" \/>\n\t<meta name=\"twitter:data1\" content=\"2 minutes\" \/>\n<script type=\"application\/ld+json\" class=\"yoast-schema-graph\">{\"@context\":\"https:\\\/\\\/schema.org\",\"@graph\":[{\"@type\":\"WebPage\",\"@id\":\"https:\\\/\\\/tajkertesz.com\\\/termek\\\/kerti-gyongyvesszo\\\/\",\"url\":\"https:\\\/\\\/tajkertesz.com\\\/termek\\\/kerti-gyongyvesszo\\\/\",\"name\":\"Spiraea vanhottei , Kerti gy\u00f6ngyvessz\u0151 - T\u00e1jkert\u00e9sz\",\"isPartOf\":{\"@id\":\"https:\\\/\\\/tajkertesz.com\\\/#website\"},\"primaryImageOfPage\":{\"@id\":\"https:\\\/\\\/tajkertesz.com\\\/termek\\\/kerti-gyongyvesszo\\\/#primaryimage\"},\"image\":{\"@id\":\"https:\\\/\\\/tajkertesz.com\\\/termek\\\/kerti-gyongyvesszo\\\/#primaryimage\"},\"thumbnailUrl\":\"https:\\\/\\\/tajkertesz.com\\\/wp-content\\\/uploads\\\/2020\\\/03\\\/spiraea-vanhottei.jpg3_.jpg\",\"datePublished\":\"2020-03-26T15:56:28+00:00\",\"dateModified\":\"2025-04-18T07:37:11+00:00\",\"description\":\"A Spiraea vanhottei , Kerti gy\u00f6ngyvessz\u0151 1,5-2 m\u00a0 fel\u00e1ll\u00f3 majd \u00edvesen elhajl\u00f3 cserje.A feh\u00e9r vir\u00e1gai a vessz\u0151k teljes hossz\u00e1ban m\u00e1just\u00f3l ny\u00edlnak.\",\"breadcrumb\":{\"@id\":\"https:\\\/\\\/tajkertesz.com\\\/termek\\\/kerti-gyongyvesszo\\\/#breadcrumb\"},\"inLanguage\":\"en-US\",\"potentialAction\":[{\"@type\":\"ReadAction\",\"target\":[\"https:\\\/\\\/tajkertesz.com\\\/termek\\\/kerti-gyongyvesszo\\\/\"]}]},{\"@type\":\"ImageObject\",\"inLanguage\":\"en-US\",\"@id\":\"https:\\\/\\\/tajkertesz.com\\\/termek\\\/kerti-gyongyvesszo\\\/#primaryimage\",\"url\":\"https:\\\/\\\/tajkertesz.com\\\/wp-content\\\/uploads\\\/2020\\\/03\\\/spiraea-vanhottei.jpg3_.jpg\",\"contentUrl\":\"https:\\\/\\\/tajkertesz.com\\\/wp-content\\\/uploads\\\/2020\\\/03\\\/spiraea-vanhottei.jpg3_.jpg\",\"width\":1280,\"height\":1280},{\"@type\":\"BreadcrumbList\",\"@id\":\"https:\\\/\\\/tajkertesz.com\\\/termek\\\/kerti-gyongyvesszo\\\/#breadcrumb\",\"itemListElement\":[{\"@type\":\"ListItem\",\"position\":1,\"name\":\"Home\",\"item\":\"https:\\\/\\\/tajkertesz.com\\\/\"},{\"@type\":\"ListItem\",\"position\":2,\"name\":\"Kezd\u0151lap\",\"item\":\"https:\\\/\\\/tajkertesz.com\\\/\"},{\"@type\":\"ListItem\",\"position\":3,\"name\":\"Spiraea vanhottei , Kerti gy\u00f6ngyvessz\u0151\"}]},{\"@type\":\"WebSite\",\"@id\":\"https:\\\/\\\/tajkertesz.com\\\/#website\",\"url\":\"https:\\\/\\\/tajkertesz.com\\\/\",\"name\":\"T\u00e1j-Kert\u00e9sz 84 Kft.\",\"description\":\"Kert\u00e9szeti kis- \u00e9s nagykeresked\u00e9s, D\u00edszn\u00f6v\u00e9ny web\u00e1ruh\u00e1z orsz\u00e1gos h\u00e1zhozsz\u00e1ll\u00edt\u00e1ssal!\",\"publisher\":{\"@id\":\"https:\\\/\\\/tajkertesz.com\\\/#organization\"},\"potentialAction\":[{\"@type\":\"SearchAction\",\"target\":{\"@type\":\"EntryPoint\",\"urlTemplate\":\"https:\\\/\\\/tajkertesz.com\\\/?s={search_term_string}\"},\"query-input\":{\"@type\":\"PropertyValueSpecification\",\"valueRequired\":true,\"valueName\":\"search_term_string\"}}],\"inLanguage\":\"en-US\"},{\"@type\":\"Organization\",\"@id\":\"https:\\\/\\\/tajkertesz.com\\\/#organization\",\"name\":\"T\u00e1j-Kert\u00e9sz 84 Kft.\",\"url\":\"https:\\\/\\\/tajkertesz.com\\\/\",\"logo\":{\"@type\":\"ImageObject\",\"inLanguage\":\"en-US\",\"@id\":\"https:\\\/\\\/tajkertesz.com\\\/#\\\/schema\\\/logo\\\/image\\\/\",\"url\":\"https:\\\/\\\/tajkertesz.com\\\/wp-content\\\/uploads\\\/2018\\\/02\\\/logo-2-e1518678052539.png\",\"contentUrl\":\"https:\\\/\\\/tajkertesz.com\\\/wp-content\\\/uploads\\\/2018\\\/02\\\/logo-2-e1518678052539.png\",\"width\":81,\"height\":140,\"caption\":\"T\u00e1j-Kert\u00e9sz 84 Kft.\"},\"image\":{\"@id\":\"https:\\\/\\\/tajkertesz.com\\\/#\\\/schema\\\/logo\\\/image\\\/\"},\"sameAs\":[\"https:\\\/\\\/www.facebook.com\\\/Tajkertesz\\\/\"]}]}<\/script>\n<!-- \/ Yoast SEO plugin. -->","yoast_head_json":{"title":"Spiraea vanhottei , Kerti gy\u00f6ngyvessz\u0151 - T\u00e1jkert\u00e9sz","description":"A Spiraea vanhottei , Kerti gy\u00f6ngyvessz\u0151 1,5-2 m\u00a0 fel\u00e1ll\u00f3 majd \u00edvesen elhajl\u00f3 cserje.A feh\u00e9r vir\u00e1gai a vessz\u0151k teljes hossz\u00e1ban m\u00e1just\u00f3l ny\u00edlnak.","robots":{"index":"index","follow":"follow","max-snippet":"max-snippet:-1","max-image-preview":"max-image-preview:large","max-video-preview":"max-video-preview:-1"},"canonical":"https:\/\/tajkertesz.com\/en_US\/product\/kerti-gyongyvesszo\/","og_locale":"en_US","og_type":"article","og_title":"Spiraea vanhottei , Kerti gy\u00f6ngyvessz\u0151 - T\u00e1jkert\u00e9sz","og_description":"A Spiraea vanhottei , Kerti gy\u00f6ngyvessz\u0151 1,5-2 m\u00a0 fel\u00e1ll\u00f3 majd \u00edvesen elhajl\u00f3 cserje.A feh\u00e9r vir\u00e1gai a vessz\u0151k teljes hossz\u00e1ban m\u00e1just\u00f3l ny\u00edlnak.","og_url":"https:\/\/tajkertesz.com\/en_US\/product\/kerti-gyongyvesszo\/","og_site_name":"T\u00e1jkert\u00e9sz","article_publisher":"https:\/\/www.facebook.com\/Tajkertesz\/","article_modified_time":"2025-04-18T07:37:11+00:00","og_image":[{"width":1280,"height":1280,"url":"https:\/\/tajkertesz.com\/wp-content\/uploads\/2020\/03\/spiraea-vanhottei.jpg3_.jpg","type":"image\/jpeg"}],"twitter_card":"summary_large_image","twitter_misc":{"Est. reading time":"2 minutes"},"schema":{"@context":"https:\/\/schema.org","@graph":[{"@type":"WebPage","@id":"https:\/\/tajkertesz.com\/termek\/kerti-gyongyvesszo\/","url":"https:\/\/tajkertesz.com\/termek\/kerti-gyongyvesszo\/","name":"Spiraea vanhottei , Kerti gy\u00f6ngyvessz\u0151 - T\u00e1jkert\u00e9sz","isPartOf":{"@id":"https:\/\/tajkertesz.com\/#website"},"primaryImageOfPage":{"@id":"https:\/\/tajkertesz.com\/termek\/kerti-gyongyvesszo\/#primaryimage"},"image":{"@id":"https:\/\/tajkertesz.com\/termek\/kerti-gyongyvesszo\/#primaryimage"},"thumbnailUrl":"https:\/\/tajkertesz.com\/wp-content\/uploads\/2020\/03\/spiraea-vanhottei.jpg3_.jpg","datePublished":"2020-03-26T15:56:28+00:00","dateModified":"2025-04-18T07:37:11+00:00","description":"A Spiraea vanhottei , Kerti gy\u00f6ngyvessz\u0151 1,5-2 m\u00a0 fel\u00e1ll\u00f3 majd \u00edvesen elhajl\u00f3 cserje.A feh\u00e9r vir\u00e1gai a vessz\u0151k teljes hossz\u00e1ban m\u00e1just\u00f3l ny\u00edlnak.","breadcrumb":{"@id":"https:\/\/tajkertesz.com\/termek\/kerti-gyongyvesszo\/#breadcrumb"},"inLanguage":"en-US","potentialAction":[{"@type":"ReadAction","target":["https:\/\/tajkertesz.com\/termek\/kerti-gyongyvesszo\/"]}]},{"@type":"ImageObject","inLanguage":"en-US","@id":"https:\/\/tajkertesz.com\/termek\/kerti-gyongyvesszo\/#primaryimage","url":"https:\/\/tajkertesz.com\/wp-content\/uploads\/2020\/03\/spiraea-vanhottei.jpg3_.jpg","contentUrl":"https:\/\/tajkertesz.com\/wp-content\/uploads\/2020\/03\/spiraea-vanhottei.jpg3_.jpg","width":1280,"height":1280},{"@type":"BreadcrumbList","@id":"https:\/\/tajkertesz.com\/termek\/kerti-gyongyvesszo\/#breadcrumb","itemListElement":[{"@type":"ListItem","position":1,"name":"Home","item":"https:\/\/tajkertesz.com\/"},{"@type":"ListItem","position":2,"name":"Kezd\u0151lap","item":"https:\/\/tajkertesz.com\/"},{"@type":"ListItem","position":3,"name":"Spiraea vanhottei , Kerti gy\u00f6ngyvessz\u0151"}]},{"@type":"WebSite","@id":"https:\/\/tajkertesz.com\/#website","url":"https:\/\/tajkertesz.com\/","name":"T\u00e1j-Kert\u00e9sz 84 Kft.","description":"Kert\u00e9szeti kis- \u00e9s nagykeresked\u00e9s, D\u00edszn\u00f6v\u00e9ny web\u00e1ruh\u00e1z orsz\u00e1gos h\u00e1zhozsz\u00e1ll\u00edt\u00e1ssal!","publisher":{"@id":"https:\/\/tajkertesz.com\/#organization"},"potentialAction":[{"@type":"SearchAction","target":{"@type":"EntryPoint","urlTemplate":"https:\/\/tajkertesz.com\/?s={search_term_string}"},"query-input":{"@type":"PropertyValueSpecification","valueRequired":true,"valueName":"search_term_string"}}],"inLanguage":"en-US"},{"@type":"Organization","@id":"https:\/\/tajkertesz.com\/#organization","name":"T\u00e1j-Kert\u00e9sz 84 Kft.","url":"https:\/\/tajkertesz.com\/","logo":{"@type":"ImageObject","inLanguage":"en-US","@id":"https:\/\/tajkertesz.com\/#\/schema\/logo\/image\/","url":"https:\/\/tajkertesz.com\/wp-content\/uploads\/2018\/02\/logo-2-e1518678052539.png","contentUrl":"https:\/\/tajkertesz.com\/wp-content\/uploads\/2018\/02\/logo-2-e1518678052539.png","width":81,"height":140,"caption":"T\u00e1j-Kert\u00e9sz 84 Kft."},"image":{"@id":"https:\/\/tajkertesz.com\/#\/schema\/logo\/image\/"},"sameAs":["https:\/\/www.facebook.com\/Tajkertesz\/"]}]}},"_links":{"self":[{"href":"https:\/\/tajkertesz.com\/en_US\/wp-json\/wp\/v2\/product\/1537","targetHints":{"allow":["GET"]}}],"collection":[{"href":"https:\/\/tajkertesz.com\/en_US\/wp-json\/wp\/v2\/product"}],"about":[{"href":"https:\/\/tajkertesz.com\/en_US\/wp-json\/wp\/v2\/types\/product"}],"wp:featuredmedia":[{"embeddable":true,"href":"https:\/\/tajkertesz.com\/en_US\/wp-json\/wp\/v2\/media\/1540"}],"wp:attachment":[{"href":"https:\/\/tajkertesz.com\/en_US\/wp-json\/wp\/v2\/media?parent=1537"}],"wp:term":[{"taxonomy":"product_brand","embeddable":true,"href":"https:\/\/tajkertesz.com\/en_US\/wp-json\/wp\/v2\/product_brand?post=1537"},{"taxonomy":"product_cat","embeddable":true,"href":"https:\/\/tajkertesz.com\/en_US\/wp-json\/wp\/v2\/product_cat?post=1537"},{"taxonomy":"product_tag","embeddable":true,"href":"https:\/\/tajkertesz.com\/en_US\/wp-json\/wp\/v2\/product_tag?post=1537"}],"curies":[{"name":"wp","href":"https:\/\/api.w.org\/{rel}","templated":true}]}}