{"id":15407,"date":"2023-04-06T13:59:00","date_gmt":"2023-04-06T13:59:00","guid":{"rendered":"https:\/\/tajkertesz.com\/?post_type=product&#038;p=15407"},"modified":"2025-11-18T13:10:44","modified_gmt":"2025-11-18T13:10:44","slug":"icl-sportmaster-renovator-232305-2-3m-25kg-30g-m2-830m2","status":"publish","type":"product","link":"https:\/\/tajkertesz.com\/en_US\/product\/icl-sportmaster-renovator-232305-2-3m-25kg-30g-m2-830m2\/","title":{"rendered":"ICL Sportmaster Renovator 23+23+05\/2-3M\/25kg\/30g-m2\/830m2"},"content":{"rendered":"<h2>ICL Sportmaster Renovator 23+23+05\/2-3M\/25kg\/30g-m2\/830m2<\/h2>\n<h4>ICL Sportsmaster CRF Renovator<\/h4>\n<ul>\n<li>Fel\u00fclvet\u00e9s, illetve \u00faj gyep telep\u00edt\u00e9se eset\u00e9n ide\u00e1lis<\/li>\n<li>Szab\u00e1lyozott felt\u00e1r\u00f3d\u00e1s\u00fa t\u00e1panyagai megakad\u00e1lyozz\u00e1k a fiatal gyep perzsel\u0151d\u00e9s\u00e9t<\/li>\n<li>Seg\u00edts\u00e9g\u00e9vel r\u00f6vid id\u0151 alatt s\u0171r\u0171 gyepfel\u00fclet alakul ki<\/li>\n<li>Magas foszfortartalma seg\u00edti a gyep gyors begy\u00f6keresed\u00e9s\u00e9t<\/li>\n<li>NPK: 23-23-5<\/li>\n<\/ul>\n<p>Az\u00a0<strong>ICL Sportsmaster CRF Renovator<\/strong>\u00a02 \u2013 3 h\u00f3napos hat\u00e1startam\u00fa granul\u00e1lt \u00f6sszetett m\u0171tr\u00e1gya az egyenletes fejl\u0151d\u00e9s \u00e9rdek\u00e9ben. A szemcs\u00e9k egy r\u00e9sze nem burkolt, \u00edgy a f\u0171 sz\u00e1m\u00e1ra azonnal felvehet\u0151 t\u00e1panyagforr\u00e1st ny\u00fajt.<\/p>\n<p>A Sportsmaster\u00a0<strong>23+23+05<\/strong>\u00a0(Renovator) az ICL szabadalmazott Poly-S \u00e9s PACE burkol\u00e1si technol\u00f3gi\u00e1j\u00e1val k\u00e9sz\u00fclt. Fel\u00fclvet\u00e9s, illetve \u00faj gyep telep\u00edt\u00e9se eset\u00e9n haszn\u00e1lhat\u00f3. Szab\u00e1lyozott felt\u00e1r\u00f3d\u00e1s\u00fa t\u00e1panyagai megakad\u00e1lyozz\u00e1k a fiatal gyep perzsel\u0151d\u00e9s\u00e9t.<\/p>\n<p>Magas foszfortartalma seg\u00edti a gyep gyors begy\u00f6keresed\u00e9s\u00e9t. Szab\u00e1lyozott felt\u00e1r\u00f3d\u00e1s\u00fa nitrog\u00e9n-tartalma a gyep t\u00e1panyagig\u00e9ny\u00e9vel \u00f6sszhangban v\u00e1lik el\u00e9rhet\u0151v\u00e9, \u00edgy r\u00f6vid id\u0151 alatt s\u0171r\u0171 gyepfel\u00fclet alakul ki.<\/p>\n<p><strong>\u00c1ltal\u00e1nos aj\u00e1nlott d\u00f3zis: 20.00 &#8211; 30.00 g\/m\u00b2<\/strong><\/p>\n<h4>Egys\u00e9gben az er\u0151.<\/h4>\n<p>Ez az elk\u00e9pzel\u00e9s \u00e1ll az\u00a0<strong>Everris\u00a0<\/strong>(kor\u00e1bbi nev\u00e9n Scotts Professional), a\u00a0<strong>Fuentes<\/strong>, az\u00a0<strong>Nu3<\/strong>, a\u00a0<strong>Novapeak<\/strong>, az\u00a0<strong>Amega<\/strong>\u00a0\u00e9s az\u00a0<strong>F&amp;C<\/strong>\u00a0azon d\u00f6nt\u00e9s\u00e9nek h\u00e1tt\u00e9r\u00e9ben, hogy er\u0151iket egyes\u00edtve\u00a0<strong>ICL Speciality Fertilizers<\/strong>\u00a0n\u00e9ven folytatj\u00e1k tev\u00e9kenys\u00e9g\u00fcket.<\/p>\n<p>El\u00e9rhet\u0151 t\u00f6bbf\u00e9le m\u00e9retben \u00e9s \u00e1rban!<\/p>\n<p>Kisz\u00e1ll\u00edt\u00e1s: 200cm-ig \u00a0\u00e9s 40 kg-ig a sz\u00e1ll\u00edt\u00e1s fut\u00e1rszolg\u00e1lattal \u00a0t\u00f6rt\u00e9nik.<\/p>\n<p>Szem\u00e9lyes \u00e1tv\u00e9tel nyitvatart\u00e1si id\u0151ben a 17. ker\u00fclet Bakancsos utca 7. sz\u00e1m alatti Kert\u00e9szeti \u00e1rud\u00e1ban.<\/p>\n<h4><strong>\ud83d\udd04 K\u00e9szletinform\u00e1ci\u00f3<\/strong><\/h4>\n<p><strong>K\u00e9szlet\u00fcnk napi szinten v\u00e1ltozik, \u00edgy a webshopban szerepl<\/strong><strong>\u0151<\/strong><strong>\u00a0term\u00e9kek el\u00e9rhet<\/strong><strong>\u0151<\/strong><strong>s\u00e9ge nem garant\u00e1lt.<br \/>\n\ud83d\udcde A megrendel\u00e9s el<\/strong><strong>\u0151<\/strong><strong>tt k\u00e9rj\u00fck, \u00e9rdekl<\/strong><strong>\u0151<\/strong><strong>dj\u00f6n szem\u00e9lyesen, telefonon vagy e-mailben!<\/strong><\/p>\n<h4><strong>\u27a1\ufe0f Kapcsolat:<\/strong><\/h4>\n<ul>\n<li><strong>Weboldal:\u00a0<\/strong><a href=\"https:\/\/tajkertesz.com\/\"><strong>tajkertesz.com<\/strong><\/a><\/li>\n<li><strong>Facebook:\u00a0<\/strong><a href=\"https:\/\/www.facebook.com\/tajkertesz\/\"><strong>facebook.com\/tajkertesz<\/strong><\/a><\/li>\n<li><strong>Telefonsz\u00e1m, e-mail: +36\/20-319-3770\u00a0<\/strong><a href=\"mailto:tajkerteszaruda@gmail.com\"><strong>tajkerteszaruda@gmail.com<\/strong><\/a><\/li>\n<\/ul>\n<h4><strong>\ud83d\ude9a Sz\u00e1ll\u00edt\u00e1si inform\u00e1ci\u00f3k<\/strong><\/h4>\n<p><strong>A megrendelt n\u00f6v\u00e9nyek kisz\u00e1ll\u00edt\u00e1sa az al\u00e1bbi felt\u00e9telek mellett t\u00f6rt\u00e9nik:<\/strong><\/p>\n<h4><strong>\ud83d\udce6 Fut\u00e1rszolg\u00e1latos sz\u00e1ll\u00edt\u00e1s<\/strong><\/h4>\n<ul>\n<li><strong>Maxim\u00e1lis m\u00e9ret: 200 cm (hossz\u00fas\u00e1g)<\/strong><\/li>\n<li><strong>Maxim\u00e1lis s\u00faly: 40 kg<\/strong><\/li>\n<li><strong>Az enn\u00e9l kisebb \u00e9s k\u00f6nnyebb csomagokat fut\u00e1rszolg\u00e1lattal k\u00e9zbes\u00edtj\u00fck a lehet<\/strong><strong>\u0151<\/strong><strong>\u00a0legbiztons\u00e1gosabb csomagol\u00e1sban.<\/strong><\/li>\n<\/ul>\n<h4><strong>\ud83d\udefb Szem\u00e9lyes \u00e1tv\u00e9tel<\/strong><\/h4>\n<ul>\n<li><strong>1173 Budapest, Bakancsos utca 7. sz\u00e1m alatt nyitvatart\u00e1si id<\/strong><strong>\u0151<\/strong><strong>ben szem\u00e9lyesen \u00e1tvehet<\/strong><strong>\u0151<\/strong><strong>\u00a0kert\u00e9szeti \u00e1rud\u00e1nkban.<\/strong><\/li>\n<li><strong>K\u00f6lts\u00e9ghat\u00e9kony megold\u00e1s nagyobb, t\u00f6r\u00e9kenyebb vagy t\u00falm\u00e9retes n\u00f6v\u00e9nyek eset\u00e9n.<\/strong><\/li>\n<\/ul>\n<h4><strong>\ud83d\udcde Nagy m\u00e9ret<\/strong><strong>\u0171<\/strong><strong>\u00a0vagy s\u00faly\u00fa n\u00f6v\u00e9nyek eset\u00e9n<\/strong><\/h4>\n<p><strong>Ha a term\u00e9k:<\/strong><\/p>\n<ul>\n<li><strong>meghaladja a 200 cm hossz\u00fas\u00e1got vagy<\/strong><\/li>\n<li><strong>meghaladja a 40 kg s\u00falyt,<\/strong><\/li>\n<\/ul>\n<p><strong>akkor szem\u00e9lyes \u00e1tv\u00e9tellel vagy egyedi, el<\/strong><strong>\u0151<\/strong><strong>re egyeztetett sz\u00e1ll\u00edt\u00e1si felt\u00e9telek mellett t\u00f6rt\u00e9nik.<br \/>\nK\u00e9rj\u00fck, ilyen esetben rendel\u00e9s el<\/strong><strong>\u0151<\/strong><strong>tt vegye fel vel\u00fcnk a kapcsolatot, hogy a lehet<\/strong><strong>\u0151<\/strong><strong>\u00a0legmegfelel<\/strong><strong>\u0151<\/strong><strong>bb sz\u00e1ll\u00edt\u00e1si megold\u00e1st k\u00edn\u00e1lhassuk.<\/strong><\/p>\n<p><strong>\ud83d\udd14 Fontos: A n\u00f6v\u00e9nyeket minden esetben igyeksz\u00fcnk gondosan, egyes\u00e9vel csomagolni, azonban a sz\u00e1ll\u00edt\u00e1s sor\u00e1n kisebb eszt\u00e9tikai s\u00e9r\u00fcl\u00e9sek el<\/strong><strong>\u0151<\/strong><strong>fordulhatnak (pl. lev\u00e9lhull\u00e1s). Ez nem min<\/strong><strong>\u0151<\/strong><strong>s\u00fcl hib\u00e1s teljes\u00edt\u00e9snek.<\/strong><\/p>\n<h4><strong>\ud83d\udcf7 Fontos tudni a k\u00e9pekr<\/strong><strong>\u0151<\/strong><strong>l<\/strong><\/h4>\n<p><strong>A webshopban szerepl<\/strong><strong>\u0151<\/strong><strong>\u00a0k\u00e9pek illusztr\u00e1ci\u00f3k, a n\u00f6v\u00e9nyek term\u00e9szet\u00fckn\u00e9l fogva egyediek, \u00edgy m\u00e9retben, alakban \u00e9s sz\u00ednben minim\u00e1lis elt\u00e9r\u00e9sek el<\/strong><strong>\u0151<\/strong><strong>fordulhatnak a k\u00e9pen l\u00e1that\u00f3 \u00e9s a val\u00f3s p\u00e9ld\u00e1nyok k\u00f6z\u00f6tt.<\/strong><\/p>\n<h4><strong>\ud83e\uddfe \u00c1rak \u00e9s el\u00e1ll\u00e1si jog<\/strong><\/h4>\n<ul>\n<li><strong>Az \u00e1rak egy darab\u00a0n\u00f6v\u00e9nyre vonatkoznak.<\/strong><\/li>\n<li><strong>\u00c9l<\/strong><strong>\u0151<\/strong><strong>\u00a0n\u00f6v\u00e9nyek rendel\u00e9se eset\u00e9n a 14 napos el\u00e1ll\u00e1s joga nem \u00e9rv\u00e9nyes\u00edthet<\/strong><strong>\u0151<\/strong><strong>, mivel azok romland\u00f3, biol\u00f3giailag \u00e9l<\/strong><strong>\u0151<\/strong><strong>\u00a0term\u00e9keknek min<\/strong><strong>\u0151<\/strong><strong>s\u00fclnek.<br \/>\n\ud83d\udd12 (17\/1999. (II. 5.) Korm. rendelet 5. \u00a7 c) pontja alapj\u00e1n)<\/strong><\/li>\n<\/ul>\n<h4><strong>\ud83d\udce6 K\u00e9zbes\u00edt\u00e9s ut\u00e1ni teend<\/strong><strong>\u0151<\/strong><strong>k<\/strong><\/h4>\n<p><strong>A k\u00e9zbes\u00edt\u00e9st k\u00f6vet<\/strong><strong>\u0151<\/strong><strong>en a csomagot azonnal bontsuk ki, \u00e9s a n\u00f6v\u00e9nyt helyezz\u00fck el megfelel<\/strong><strong>\u0151<\/strong><strong>\u00a0k\u00f6rnyezetben.<br \/>\nFontos: ha a n\u00f6v\u00e9ny nem r\u00e9szes\u00fcl megfelel<\/strong><strong>\u0151<\/strong><strong>\u00a0gondoz\u00e1sban \u00e9s ennek k\u00f6vetkezt\u00e9ben k\u00e1rosodik vagy elpusztul, felel<\/strong><strong>\u0151<\/strong><strong>ss\u00e9get nem tudunk v\u00e1llalni.<\/strong><\/p>\n<p>&nbsp;<\/p>","protected":false},"excerpt":{"rendered":"<p>&nbsp;<\/p>\n<p>Vet\u00e9sekhez, fel\u00fclvet\u00e9sekhez \u00e9s gyepsz\u0151nyeg telep\u00edt\u00e9sekhez. A magas foszfor tartalom a gyors gy\u00f6kerez\u00e9st seg\u00edti el\u0151 m\u00edg a szab\u00e1lyozott lead\u00e1s\u00fa (burkolt) nitrog\u00e9n alacsony s\u00f3hat\u00e1ssal folyamatosan t\u00e1pl\u00e1lja a fejl\u0151d\u0151 n\u00f6v\u00e9nyeket. D\u00f3zisa: 200-300 kg\/ha. Az\u00a0<strong>ICL Sportsmaster CRF Renovator<\/strong>\u00a02 \u2013 3 h\u00f3napos hat\u00e1startam\u00fa granul\u00e1lt \u00f6sszetett m\u0171tr\u00e1gya az egyenletes fejl\u0151d\u00e9s \u00e9rdek\u00e9ben. A szemcs\u00e9k egy r\u00e9sze nem burkolt, \u00edgy a f\u0171 sz\u00e1m\u00e1ra azonnal felvehet\u0151 t\u00e1panyagforr\u00e1st ny\u00fajt.<\/p>","protected":false},"featured_media":15409,"template":"","meta":{"_et_pb_use_builder":"","_et_pb_old_content":"","_et_gb_content_width":""},"product_brand":[],"product_cat":[1456],"product_tag":[4021],"class_list":{"0":"post-15407","1":"product","2":"type-product","3":"status-publish","4":"has-post-thumbnail","6":"product_cat-icl-everris-scotts-mutragyak","7":"product_tag-icl","9":"first","10":"instock","11":"shipping-taxable","12":"purchasable","13":"product-type-simple"},"yoast_head":"<!-- This site is optimized with the Yoast SEO plugin v27.5 - https:\/\/yoast.com\/product\/yoast-seo-wordpress\/ -->\n<title>ICL Sportmaster Renovator 23+23+05\/2-3M\/25kg\/30g-m2\/830m2 - T\u00e1jkert\u00e9sz<\/title>\n<meta name=\"description\" content=\"Az\u00a0ICL Sportsmaster CRF Renovator\u00a02 \u2013 3 h\u00f3napos hat\u00e1startam\u00fa granul\u00e1lt \u00f6sszetett m\u0171tr\u00e1gya, gyep telep\u00edt\u00e9shez javasoljuk. www.tajkertesz.com\" \/>\n<meta name=\"robots\" content=\"index, follow, max-snippet:-1, max-image-preview:large, max-video-preview:-1\" \/>\n<link rel=\"canonical\" href=\"https:\/\/tajkertesz.com\/en_US\/product\/icl-sportmaster-renovator-232305-2-3m-25kg-30g-m2-830m2\/\" \/>\n<meta property=\"og:locale\" content=\"en_US\" \/>\n<meta property=\"og:type\" content=\"article\" \/>\n<meta property=\"og:title\" content=\"ICL Sportmaster Renovator 23+23+05\/2-3M\/25kg\/30g-m2\/830m2 - T\u00e1jkert\u00e9sz\" \/>\n<meta property=\"og:description\" content=\"Az\u00a0ICL Sportsmaster CRF Renovator\u00a02 \u2013 3 h\u00f3napos hat\u00e1startam\u00fa granul\u00e1lt \u00f6sszetett m\u0171tr\u00e1gya, gyep telep\u00edt\u00e9shez javasoljuk. www.tajkertesz.com\" \/>\n<meta property=\"og:url\" content=\"https:\/\/tajkertesz.com\/en_US\/product\/icl-sportmaster-renovator-232305-2-3m-25kg-30g-m2-830m2\/\" \/>\n<meta property=\"og:site_name\" content=\"T\u00e1jkert\u00e9sz\" \/>\n<meta property=\"article:publisher\" content=\"https:\/\/www.facebook.com\/Tajkertesz\/\" \/>\n<meta property=\"article:modified_time\" content=\"2025-11-18T13:10:44+00:00\" \/>\n<meta property=\"og:image\" content=\"https:\/\/tajkertesz.com\/wp-content\/uploads\/2023\/04\/Sportsmaster-CRF-Renovator.png\" \/>\n\t<meta property=\"og:image:width\" content=\"404\" \/>\n\t<meta property=\"og:image:height\" content=\"494\" \/>\n\t<meta property=\"og:image:type\" content=\"image\/png\" \/>\n<meta name=\"twitter:card\" content=\"summary_large_image\" \/>\n<meta name=\"twitter:label1\" content=\"Est. reading time\" \/>\n\t<meta name=\"twitter:data1\" content=\"3 minutes\" \/>\n<script type=\"application\/ld+json\" class=\"yoast-schema-graph\">{\"@context\":\"https:\\\/\\\/schema.org\",\"@graph\":[{\"@type\":\"WebPage\",\"@id\":\"https:\\\/\\\/tajkertesz.com\\\/termek\\\/icl-sportmaster-renovator-232305-2-3m-25kg-30g-m2-830m2\\\/\",\"url\":\"https:\\\/\\\/tajkertesz.com\\\/termek\\\/icl-sportmaster-renovator-232305-2-3m-25kg-30g-m2-830m2\\\/\",\"name\":\"ICL Sportmaster Renovator 23+23+05\\\/2-3M\\\/25kg\\\/30g-m2\\\/830m2 - T\u00e1jkert\u00e9sz\",\"isPartOf\":{\"@id\":\"https:\\\/\\\/tajkertesz.com\\\/#website\"},\"primaryImageOfPage\":{\"@id\":\"https:\\\/\\\/tajkertesz.com\\\/termek\\\/icl-sportmaster-renovator-232305-2-3m-25kg-30g-m2-830m2\\\/#primaryimage\"},\"image\":{\"@id\":\"https:\\\/\\\/tajkertesz.com\\\/termek\\\/icl-sportmaster-renovator-232305-2-3m-25kg-30g-m2-830m2\\\/#primaryimage\"},\"thumbnailUrl\":\"https:\\\/\\\/tajkertesz.com\\\/wp-content\\\/uploads\\\/2023\\\/04\\\/Sportsmaster-CRF-Renovator.png\",\"datePublished\":\"2023-04-06T13:59:00+00:00\",\"dateModified\":\"2025-11-18T13:10:44+00:00\",\"description\":\"Az\u00a0ICL Sportsmaster CRF Renovator\u00a02 \u2013 3 h\u00f3napos hat\u00e1startam\u00fa granul\u00e1lt \u00f6sszetett m\u0171tr\u00e1gya, gyep telep\u00edt\u00e9shez javasoljuk. www.tajkertesz.com\",\"breadcrumb\":{\"@id\":\"https:\\\/\\\/tajkertesz.com\\\/termek\\\/icl-sportmaster-renovator-232305-2-3m-25kg-30g-m2-830m2\\\/#breadcrumb\"},\"inLanguage\":\"en-US\",\"potentialAction\":[{\"@type\":\"ReadAction\",\"target\":[\"https:\\\/\\\/tajkertesz.com\\\/termek\\\/icl-sportmaster-renovator-232305-2-3m-25kg-30g-m2-830m2\\\/\"]}]},{\"@type\":\"ImageObject\",\"inLanguage\":\"en-US\",\"@id\":\"https:\\\/\\\/tajkertesz.com\\\/termek\\\/icl-sportmaster-renovator-232305-2-3m-25kg-30g-m2-830m2\\\/#primaryimage\",\"url\":\"https:\\\/\\\/tajkertesz.com\\\/wp-content\\\/uploads\\\/2023\\\/04\\\/Sportsmaster-CRF-Renovator.png\",\"contentUrl\":\"https:\\\/\\\/tajkertesz.com\\\/wp-content\\\/uploads\\\/2023\\\/04\\\/Sportsmaster-CRF-Renovator.png\",\"width\":404,\"height\":494},{\"@type\":\"BreadcrumbList\",\"@id\":\"https:\\\/\\\/tajkertesz.com\\\/termek\\\/icl-sportmaster-renovator-232305-2-3m-25kg-30g-m2-830m2\\\/#breadcrumb\",\"itemListElement\":[{\"@type\":\"ListItem\",\"position\":1,\"name\":\"Home\",\"item\":\"https:\\\/\\\/tajkertesz.com\\\/\"},{\"@type\":\"ListItem\",\"position\":2,\"name\":\"Kezd\u0151lap\",\"item\":\"https:\\\/\\\/tajkertesz.com\\\/\"},{\"@type\":\"ListItem\",\"position\":3,\"name\":\"ICL Sportmaster Renovator 23+23+05\\\/2-3M\\\/25kg\\\/30g-m2\\\/830m2\"}]},{\"@type\":\"WebSite\",\"@id\":\"https:\\\/\\\/tajkertesz.com\\\/#website\",\"url\":\"https:\\\/\\\/tajkertesz.com\\\/\",\"name\":\"T\u00e1j-Kert\u00e9sz 84 Kft.\",\"description\":\"Kert\u00e9szeti kis- \u00e9s nagykeresked\u00e9s, D\u00edszn\u00f6v\u00e9ny web\u00e1ruh\u00e1z orsz\u00e1gos h\u00e1zhozsz\u00e1ll\u00edt\u00e1ssal!\",\"publisher\":{\"@id\":\"https:\\\/\\\/tajkertesz.com\\\/#organization\"},\"potentialAction\":[{\"@type\":\"SearchAction\",\"target\":{\"@type\":\"EntryPoint\",\"urlTemplate\":\"https:\\\/\\\/tajkertesz.com\\\/?s={search_term_string}\"},\"query-input\":{\"@type\":\"PropertyValueSpecification\",\"valueRequired\":true,\"valueName\":\"search_term_string\"}}],\"inLanguage\":\"en-US\"},{\"@type\":\"Organization\",\"@id\":\"https:\\\/\\\/tajkertesz.com\\\/#organization\",\"name\":\"T\u00e1j-Kert\u00e9sz 84 Kft.\",\"url\":\"https:\\\/\\\/tajkertesz.com\\\/\",\"logo\":{\"@type\":\"ImageObject\",\"inLanguage\":\"en-US\",\"@id\":\"https:\\\/\\\/tajkertesz.com\\\/#\\\/schema\\\/logo\\\/image\\\/\",\"url\":\"https:\\\/\\\/tajkertesz.com\\\/wp-content\\\/uploads\\\/2018\\\/02\\\/logo-2-e1518678052539.png\",\"contentUrl\":\"https:\\\/\\\/tajkertesz.com\\\/wp-content\\\/uploads\\\/2018\\\/02\\\/logo-2-e1518678052539.png\",\"width\":81,\"height\":140,\"caption\":\"T\u00e1j-Kert\u00e9sz 84 Kft.\"},\"image\":{\"@id\":\"https:\\\/\\\/tajkertesz.com\\\/#\\\/schema\\\/logo\\\/image\\\/\"},\"sameAs\":[\"https:\\\/\\\/www.facebook.com\\\/Tajkertesz\\\/\"]}]}<\/script>\n<!-- \/ Yoast SEO plugin. -->","yoast_head_json":{"title":"ICL Sportmaster Renovator 23+23+05\/2-3M\/25kg\/30g-m2\/830m2 - T\u00e1jkert\u00e9sz","description":"Az\u00a0ICL Sportsmaster CRF Renovator\u00a02 \u2013 3 h\u00f3napos hat\u00e1startam\u00fa granul\u00e1lt \u00f6sszetett m\u0171tr\u00e1gya, gyep telep\u00edt\u00e9shez javasoljuk. www.tajkertesz.com","robots":{"index":"index","follow":"follow","max-snippet":"max-snippet:-1","max-image-preview":"max-image-preview:large","max-video-preview":"max-video-preview:-1"},"canonical":"https:\/\/tajkertesz.com\/en_US\/product\/icl-sportmaster-renovator-232305-2-3m-25kg-30g-m2-830m2\/","og_locale":"en_US","og_type":"article","og_title":"ICL Sportmaster Renovator 23+23+05\/2-3M\/25kg\/30g-m2\/830m2 - T\u00e1jkert\u00e9sz","og_description":"Az\u00a0ICL Sportsmaster CRF Renovator\u00a02 \u2013 3 h\u00f3napos hat\u00e1startam\u00fa granul\u00e1lt \u00f6sszetett m\u0171tr\u00e1gya, gyep telep\u00edt\u00e9shez javasoljuk. www.tajkertesz.com","og_url":"https:\/\/tajkertesz.com\/en_US\/product\/icl-sportmaster-renovator-232305-2-3m-25kg-30g-m2-830m2\/","og_site_name":"T\u00e1jkert\u00e9sz","article_publisher":"https:\/\/www.facebook.com\/Tajkertesz\/","article_modified_time":"2025-11-18T13:10:44+00:00","og_image":[{"width":404,"height":494,"url":"https:\/\/tajkertesz.com\/wp-content\/uploads\/2023\/04\/Sportsmaster-CRF-Renovator.png","type":"image\/png"}],"twitter_card":"summary_large_image","twitter_misc":{"Est. reading time":"3 minutes"},"schema":{"@context":"https:\/\/schema.org","@graph":[{"@type":"WebPage","@id":"https:\/\/tajkertesz.com\/termek\/icl-sportmaster-renovator-232305-2-3m-25kg-30g-m2-830m2\/","url":"https:\/\/tajkertesz.com\/termek\/icl-sportmaster-renovator-232305-2-3m-25kg-30g-m2-830m2\/","name":"ICL Sportmaster Renovator 23+23+05\/2-3M\/25kg\/30g-m2\/830m2 - T\u00e1jkert\u00e9sz","isPartOf":{"@id":"https:\/\/tajkertesz.com\/#website"},"primaryImageOfPage":{"@id":"https:\/\/tajkertesz.com\/termek\/icl-sportmaster-renovator-232305-2-3m-25kg-30g-m2-830m2\/#primaryimage"},"image":{"@id":"https:\/\/tajkertesz.com\/termek\/icl-sportmaster-renovator-232305-2-3m-25kg-30g-m2-830m2\/#primaryimage"},"thumbnailUrl":"https:\/\/tajkertesz.com\/wp-content\/uploads\/2023\/04\/Sportsmaster-CRF-Renovator.png","datePublished":"2023-04-06T13:59:00+00:00","dateModified":"2025-11-18T13:10:44+00:00","description":"Az\u00a0ICL Sportsmaster CRF Renovator\u00a02 \u2013 3 h\u00f3napos hat\u00e1startam\u00fa granul\u00e1lt \u00f6sszetett m\u0171tr\u00e1gya, gyep telep\u00edt\u00e9shez javasoljuk. www.tajkertesz.com","breadcrumb":{"@id":"https:\/\/tajkertesz.com\/termek\/icl-sportmaster-renovator-232305-2-3m-25kg-30g-m2-830m2\/#breadcrumb"},"inLanguage":"en-US","potentialAction":[{"@type":"ReadAction","target":["https:\/\/tajkertesz.com\/termek\/icl-sportmaster-renovator-232305-2-3m-25kg-30g-m2-830m2\/"]}]},{"@type":"ImageObject","inLanguage":"en-US","@id":"https:\/\/tajkertesz.com\/termek\/icl-sportmaster-renovator-232305-2-3m-25kg-30g-m2-830m2\/#primaryimage","url":"https:\/\/tajkertesz.com\/wp-content\/uploads\/2023\/04\/Sportsmaster-CRF-Renovator.png","contentUrl":"https:\/\/tajkertesz.com\/wp-content\/uploads\/2023\/04\/Sportsmaster-CRF-Renovator.png","width":404,"height":494},{"@type":"BreadcrumbList","@id":"https:\/\/tajkertesz.com\/termek\/icl-sportmaster-renovator-232305-2-3m-25kg-30g-m2-830m2\/#breadcrumb","itemListElement":[{"@type":"ListItem","position":1,"name":"Home","item":"https:\/\/tajkertesz.com\/"},{"@type":"ListItem","position":2,"name":"Kezd\u0151lap","item":"https:\/\/tajkertesz.com\/"},{"@type":"ListItem","position":3,"name":"ICL Sportmaster Renovator 23+23+05\/2-3M\/25kg\/30g-m2\/830m2"}]},{"@type":"WebSite","@id":"https:\/\/tajkertesz.com\/#website","url":"https:\/\/tajkertesz.com\/","name":"T\u00e1j-Kert\u00e9sz 84 Kft.","description":"Kert\u00e9szeti kis- \u00e9s nagykeresked\u00e9s, D\u00edszn\u00f6v\u00e9ny web\u00e1ruh\u00e1z orsz\u00e1gos h\u00e1zhozsz\u00e1ll\u00edt\u00e1ssal!","publisher":{"@id":"https:\/\/tajkertesz.com\/#organization"},"potentialAction":[{"@type":"SearchAction","target":{"@type":"EntryPoint","urlTemplate":"https:\/\/tajkertesz.com\/?s={search_term_string}"},"query-input":{"@type":"PropertyValueSpecification","valueRequired":true,"valueName":"search_term_string"}}],"inLanguage":"en-US"},{"@type":"Organization","@id":"https:\/\/tajkertesz.com\/#organization","name":"T\u00e1j-Kert\u00e9sz 84 Kft.","url":"https:\/\/tajkertesz.com\/","logo":{"@type":"ImageObject","inLanguage":"en-US","@id":"https:\/\/tajkertesz.com\/#\/schema\/logo\/image\/","url":"https:\/\/tajkertesz.com\/wp-content\/uploads\/2018\/02\/logo-2-e1518678052539.png","contentUrl":"https:\/\/tajkertesz.com\/wp-content\/uploads\/2018\/02\/logo-2-e1518678052539.png","width":81,"height":140,"caption":"T\u00e1j-Kert\u00e9sz 84 Kft."},"image":{"@id":"https:\/\/tajkertesz.com\/#\/schema\/logo\/image\/"},"sameAs":["https:\/\/www.facebook.com\/Tajkertesz\/"]}]}},"_links":{"self":[{"href":"https:\/\/tajkertesz.com\/en_US\/wp-json\/wp\/v2\/product\/15407","targetHints":{"allow":["GET"]}}],"collection":[{"href":"https:\/\/tajkertesz.com\/en_US\/wp-json\/wp\/v2\/product"}],"about":[{"href":"https:\/\/tajkertesz.com\/en_US\/wp-json\/wp\/v2\/types\/product"}],"wp:featuredmedia":[{"embeddable":true,"href":"https:\/\/tajkertesz.com\/en_US\/wp-json\/wp\/v2\/media\/15409"}],"wp:attachment":[{"href":"https:\/\/tajkertesz.com\/en_US\/wp-json\/wp\/v2\/media?parent=15407"}],"wp:term":[{"taxonomy":"product_brand","embeddable":true,"href":"https:\/\/tajkertesz.com\/en_US\/wp-json\/wp\/v2\/product_brand?post=15407"},{"taxonomy":"product_cat","embeddable":true,"href":"https:\/\/tajkertesz.com\/en_US\/wp-json\/wp\/v2\/product_cat?post=15407"},{"taxonomy":"product_tag","embeddable":true,"href":"https:\/\/tajkertesz.com\/en_US\/wp-json\/wp\/v2\/product_tag?post=15407"}],"curies":[{"name":"wp","href":"https:\/\/api.w.org\/{rel}","templated":true}]}}