{"id":15452,"date":"2023-04-14T12:35:00","date_gmt":"2023-04-14T12:35:00","guid":{"rendered":"https:\/\/tajkertesz.com\/?post_type=product&#038;p=15452"},"modified":"2026-02-13T15:52:29","modified_gmt":"2026-02-13T15:52:29","slug":"kerti-folia-2-az-1-ben-060x045x3m-atlatszo-foliarovarvedo-halo","status":"publish","type":"product","link":"https:\/\/tajkertesz.com\/en_US\/product\/kerti-folia-2-az-1-ben-060x045x3m-atlatszo-foliarovarvedo-halo\/","title":{"rendered":"Kerti f\u00f3lia, 2 az 1-ben, 0,60&#215;0,45x3m (\u00e1tl\u00e1tsz\u00f3 f\u00f3lia,+rovarv\u00e9d\u0151 h\u00e1l\u00f3)"},"content":{"rendered":"<h2>Kerti f\u00f3lia, 2 az 1-ben, 0,60&#215;0,45x3m (\u00e1tl\u00e1tsz\u00f3 f\u00f3lia,+rovarv\u00e9d\u0151 h\u00e1l\u00f3)<\/h2>\n<p>Nature Kerti f\u00f3lia, 2 az 1-ben, 0,60\u00d70,45x3m (\u00e1tl\u00e1tsz\u00f3 f\u00f3lia,+rovarv\u00e9d\u0151 h\u00e1l\u00f3)<\/p>\n<p>&nbsp;<\/p>\n<p>&nbsp;<\/p>","protected":false},"excerpt":{"rendered":"<h2>Kerti f\u00f3lia, 2 az 1-ben, 0,60&#215;0,45x3m (\u00e1tl\u00e1tsz\u00f3 f\u00f3lia,+rovarv\u00e9d\u0151 h\u00e1l\u00f3)<\/h2>\n<p>&nbsp;<\/p>\n<p>&nbsp;<\/p>","protected":false},"featured_media":15453,"template":"","meta":{"_et_pb_use_builder":"","_et_pb_old_content":"","_et_gb_content_width":""},"product_brand":[],"product_cat":[1574],"product_tag":[4855,4858,4857,4856,4246],"class_list":{"0":"post-15452","1":"product","2":"type-product","3":"status-publish","4":"has-post-thumbnail","6":"product_cat-foliak-geotextiliak-vakondhalok-talajtakaro-anyagok","7":"product_tag-foliak","8":"product_tag-kerteszeti-termekek","9":"product_tag-kerti-folia","10":"product_tag-melegagyak","11":"product_tag-rovarhalo","13":"first","14":"instock","15":"shipping-taxable","16":"purchasable","17":"product-type-simple"},"yoast_head":"<!-- This site is optimized with the Yoast SEO plugin v27.4 - https:\/\/yoast.com\/product\/yoast-seo-wordpress\/ -->\n<title>Kerti f\u00f3lia, 2 az 1-ben, 0,60x0,45x3m (\u00e1tl\u00e1tsz\u00f3 f\u00f3lia,+rovarv\u00e9d\u0151 h\u00e1l\u00f3) - T\u00e1jkert\u00e9sz<\/title>\n<meta name=\"description\" content=\"Kerti f\u00f3lia, 2 az 1-ben, 0,60x0,45x3m (\u00e1tl\u00e1tsz\u00f3 f\u00f3lia,+rovarv\u00e9d\u0151 h\u00e1l\u00f3) V\u00e1s\u00e1roljon kert\u00e9szet\u00fcnkb\u0151l kert\u00e9szeti term\u00e9keket \u00e9s n\u00f6v\u00e9nyeket.\" \/>\n<meta name=\"robots\" content=\"index, follow, max-snippet:-1, max-image-preview:large, max-video-preview:-1\" \/>\n<link rel=\"canonical\" href=\"https:\/\/tajkertesz.com\/en_US\/product\/kerti-folia-2-az-1-ben-060x045x3m-atlatszo-foliarovarvedo-halo\/\" \/>\n<meta property=\"og:locale\" content=\"en_US\" \/>\n<meta property=\"og:type\" content=\"article\" \/>\n<meta property=\"og:title\" content=\"Kerti f\u00f3lia, 2 az 1-ben, 0,60x0,45x3m (\u00e1tl\u00e1tsz\u00f3 f\u00f3lia,+rovarv\u00e9d\u0151 h\u00e1l\u00f3) - T\u00e1jkert\u00e9sz\" \/>\n<meta property=\"og:description\" content=\"Kerti f\u00f3lia, 2 az 1-ben, 0,60x0,45x3m (\u00e1tl\u00e1tsz\u00f3 f\u00f3lia,+rovarv\u00e9d\u0151 h\u00e1l\u00f3) V\u00e1s\u00e1roljon kert\u00e9szet\u00fcnkb\u0151l kert\u00e9szeti term\u00e9keket \u00e9s n\u00f6v\u00e9nyeket.\" \/>\n<meta property=\"og:url\" content=\"https:\/\/tajkertesz.com\/en_US\/product\/kerti-folia-2-az-1-ben-060x045x3m-atlatszo-foliarovarvedo-halo\/\" \/>\n<meta property=\"og:site_name\" content=\"T\u00e1jkert\u00e9sz\" \/>\n<meta property=\"article:publisher\" content=\"https:\/\/www.facebook.com\/Tajkertesz\/\" \/>\n<meta property=\"article:modified_time\" content=\"2026-02-13T15:52:29+00:00\" \/>\n<meta property=\"og:image\" content=\"https:\/\/tajkertesz.com\/wp-content\/uploads\/2023\/04\/6030204.jpg\" \/>\n\t<meta property=\"og:image:width\" content=\"900\" \/>\n\t<meta property=\"og:image:height\" content=\"900\" \/>\n\t<meta property=\"og:image:type\" content=\"image\/jpeg\" \/>\n<meta name=\"twitter:card\" content=\"summary_large_image\" \/>\n<meta name=\"twitter:label1\" content=\"Est. reading time\" \/>\n\t<meta name=\"twitter:data1\" content=\"1 minute\" \/>\n<script type=\"application\/ld+json\" class=\"yoast-schema-graph\">{\"@context\":\"https:\\\/\\\/schema.org\",\"@graph\":[{\"@type\":\"WebPage\",\"@id\":\"https:\\\/\\\/tajkertesz.com\\\/termek\\\/kerti-folia-2-az-1-ben-060x045x3m-atlatszo-foliarovarvedo-halo\\\/\",\"url\":\"https:\\\/\\\/tajkertesz.com\\\/termek\\\/kerti-folia-2-az-1-ben-060x045x3m-atlatszo-foliarovarvedo-halo\\\/\",\"name\":\"Kerti f\u00f3lia, 2 az 1-ben, 0,60x0,45x3m (\u00e1tl\u00e1tsz\u00f3 f\u00f3lia,+rovarv\u00e9d\u0151 h\u00e1l\u00f3) - T\u00e1jkert\u00e9sz\",\"isPartOf\":{\"@id\":\"https:\\\/\\\/tajkertesz.com\\\/#website\"},\"primaryImageOfPage\":{\"@id\":\"https:\\\/\\\/tajkertesz.com\\\/termek\\\/kerti-folia-2-az-1-ben-060x045x3m-atlatszo-foliarovarvedo-halo\\\/#primaryimage\"},\"image\":{\"@id\":\"https:\\\/\\\/tajkertesz.com\\\/termek\\\/kerti-folia-2-az-1-ben-060x045x3m-atlatszo-foliarovarvedo-halo\\\/#primaryimage\"},\"thumbnailUrl\":\"https:\\\/\\\/tajkertesz.com\\\/wp-content\\\/uploads\\\/2023\\\/04\\\/6030204.jpg\",\"datePublished\":\"2023-04-14T12:35:00+00:00\",\"dateModified\":\"2026-02-13T15:52:29+00:00\",\"description\":\"Kerti f\u00f3lia, 2 az 1-ben, 0,60x0,45x3m (\u00e1tl\u00e1tsz\u00f3 f\u00f3lia,+rovarv\u00e9d\u0151 h\u00e1l\u00f3) V\u00e1s\u00e1roljon kert\u00e9szet\u00fcnkb\u0151l kert\u00e9szeti term\u00e9keket \u00e9s n\u00f6v\u00e9nyeket.\",\"breadcrumb\":{\"@id\":\"https:\\\/\\\/tajkertesz.com\\\/termek\\\/kerti-folia-2-az-1-ben-060x045x3m-atlatszo-foliarovarvedo-halo\\\/#breadcrumb\"},\"inLanguage\":\"en-US\",\"potentialAction\":[{\"@type\":\"ReadAction\",\"target\":[\"https:\\\/\\\/tajkertesz.com\\\/termek\\\/kerti-folia-2-az-1-ben-060x045x3m-atlatszo-foliarovarvedo-halo\\\/\"]}]},{\"@type\":\"ImageObject\",\"inLanguage\":\"en-US\",\"@id\":\"https:\\\/\\\/tajkertesz.com\\\/termek\\\/kerti-folia-2-az-1-ben-060x045x3m-atlatszo-foliarovarvedo-halo\\\/#primaryimage\",\"url\":\"https:\\\/\\\/tajkertesz.com\\\/wp-content\\\/uploads\\\/2023\\\/04\\\/6030204.jpg\",\"contentUrl\":\"https:\\\/\\\/tajkertesz.com\\\/wp-content\\\/uploads\\\/2023\\\/04\\\/6030204.jpg\",\"width\":900,\"height\":900},{\"@type\":\"BreadcrumbList\",\"@id\":\"https:\\\/\\\/tajkertesz.com\\\/termek\\\/kerti-folia-2-az-1-ben-060x045x3m-atlatszo-foliarovarvedo-halo\\\/#breadcrumb\",\"itemListElement\":[{\"@type\":\"ListItem\",\"position\":1,\"name\":\"Home\",\"item\":\"https:\\\/\\\/tajkertesz.com\\\/\"},{\"@type\":\"ListItem\",\"position\":2,\"name\":\"Kezd\u0151lap\",\"item\":\"https:\\\/\\\/tajkertesz.com\\\/\"},{\"@type\":\"ListItem\",\"position\":3,\"name\":\"Kerti f\u00f3lia, 2 az 1-ben, 0,60&#215;0,45x3m (\u00e1tl\u00e1tsz\u00f3 f\u00f3lia,+rovarv\u00e9d\u0151 h\u00e1l\u00f3)\"}]},{\"@type\":\"WebSite\",\"@id\":\"https:\\\/\\\/tajkertesz.com\\\/#website\",\"url\":\"https:\\\/\\\/tajkertesz.com\\\/\",\"name\":\"T\u00e1j-Kert\u00e9sz 84 Kft.\",\"description\":\"Kert\u00e9szeti kis- \u00e9s nagykeresked\u00e9s, D\u00edszn\u00f6v\u00e9ny web\u00e1ruh\u00e1z orsz\u00e1gos h\u00e1zhozsz\u00e1ll\u00edt\u00e1ssal!\",\"publisher\":{\"@id\":\"https:\\\/\\\/tajkertesz.com\\\/#organization\"},\"potentialAction\":[{\"@type\":\"SearchAction\",\"target\":{\"@type\":\"EntryPoint\",\"urlTemplate\":\"https:\\\/\\\/tajkertesz.com\\\/?s={search_term_string}\"},\"query-input\":{\"@type\":\"PropertyValueSpecification\",\"valueRequired\":true,\"valueName\":\"search_term_string\"}}],\"inLanguage\":\"en-US\"},{\"@type\":\"Organization\",\"@id\":\"https:\\\/\\\/tajkertesz.com\\\/#organization\",\"name\":\"T\u00e1j-Kert\u00e9sz 84 Kft.\",\"url\":\"https:\\\/\\\/tajkertesz.com\\\/\",\"logo\":{\"@type\":\"ImageObject\",\"inLanguage\":\"en-US\",\"@id\":\"https:\\\/\\\/tajkertesz.com\\\/#\\\/schema\\\/logo\\\/image\\\/\",\"url\":\"https:\\\/\\\/tajkertesz.com\\\/wp-content\\\/uploads\\\/2018\\\/02\\\/logo-2-e1518678052539.png\",\"contentUrl\":\"https:\\\/\\\/tajkertesz.com\\\/wp-content\\\/uploads\\\/2018\\\/02\\\/logo-2-e1518678052539.png\",\"width\":81,\"height\":140,\"caption\":\"T\u00e1j-Kert\u00e9sz 84 Kft.\"},\"image\":{\"@id\":\"https:\\\/\\\/tajkertesz.com\\\/#\\\/schema\\\/logo\\\/image\\\/\"},\"sameAs\":[\"https:\\\/\\\/www.facebook.com\\\/Tajkertesz\\\/\"]}]}<\/script>\n<!-- \/ Yoast SEO plugin. -->","yoast_head_json":{"title":"Kerti f\u00f3lia, 2 az 1-ben, 0,60x0,45x3m (\u00e1tl\u00e1tsz\u00f3 f\u00f3lia,+rovarv\u00e9d\u0151 h\u00e1l\u00f3) - T\u00e1jkert\u00e9sz","description":"Kerti f\u00f3lia, 2 az 1-ben, 0,60x0,45x3m (\u00e1tl\u00e1tsz\u00f3 f\u00f3lia,+rovarv\u00e9d\u0151 h\u00e1l\u00f3) V\u00e1s\u00e1roljon kert\u00e9szet\u00fcnkb\u0151l kert\u00e9szeti term\u00e9keket \u00e9s n\u00f6v\u00e9nyeket.","robots":{"index":"index","follow":"follow","max-snippet":"max-snippet:-1","max-image-preview":"max-image-preview:large","max-video-preview":"max-video-preview:-1"},"canonical":"https:\/\/tajkertesz.com\/en_US\/product\/kerti-folia-2-az-1-ben-060x045x3m-atlatszo-foliarovarvedo-halo\/","og_locale":"en_US","og_type":"article","og_title":"Kerti f\u00f3lia, 2 az 1-ben, 0,60x0,45x3m (\u00e1tl\u00e1tsz\u00f3 f\u00f3lia,+rovarv\u00e9d\u0151 h\u00e1l\u00f3) - T\u00e1jkert\u00e9sz","og_description":"Kerti f\u00f3lia, 2 az 1-ben, 0,60x0,45x3m (\u00e1tl\u00e1tsz\u00f3 f\u00f3lia,+rovarv\u00e9d\u0151 h\u00e1l\u00f3) V\u00e1s\u00e1roljon kert\u00e9szet\u00fcnkb\u0151l kert\u00e9szeti term\u00e9keket \u00e9s n\u00f6v\u00e9nyeket.","og_url":"https:\/\/tajkertesz.com\/en_US\/product\/kerti-folia-2-az-1-ben-060x045x3m-atlatszo-foliarovarvedo-halo\/","og_site_name":"T\u00e1jkert\u00e9sz","article_publisher":"https:\/\/www.facebook.com\/Tajkertesz\/","article_modified_time":"2026-02-13T15:52:29+00:00","og_image":[{"width":900,"height":900,"url":"https:\/\/tajkertesz.com\/wp-content\/uploads\/2023\/04\/6030204.jpg","type":"image\/jpeg"}],"twitter_card":"summary_large_image","twitter_misc":{"Est. reading time":"1 minute"},"schema":{"@context":"https:\/\/schema.org","@graph":[{"@type":"WebPage","@id":"https:\/\/tajkertesz.com\/termek\/kerti-folia-2-az-1-ben-060x045x3m-atlatszo-foliarovarvedo-halo\/","url":"https:\/\/tajkertesz.com\/termek\/kerti-folia-2-az-1-ben-060x045x3m-atlatszo-foliarovarvedo-halo\/","name":"Kerti f\u00f3lia, 2 az 1-ben, 0,60x0,45x3m (\u00e1tl\u00e1tsz\u00f3 f\u00f3lia,+rovarv\u00e9d\u0151 h\u00e1l\u00f3) - T\u00e1jkert\u00e9sz","isPartOf":{"@id":"https:\/\/tajkertesz.com\/#website"},"primaryImageOfPage":{"@id":"https:\/\/tajkertesz.com\/termek\/kerti-folia-2-az-1-ben-060x045x3m-atlatszo-foliarovarvedo-halo\/#primaryimage"},"image":{"@id":"https:\/\/tajkertesz.com\/termek\/kerti-folia-2-az-1-ben-060x045x3m-atlatszo-foliarovarvedo-halo\/#primaryimage"},"thumbnailUrl":"https:\/\/tajkertesz.com\/wp-content\/uploads\/2023\/04\/6030204.jpg","datePublished":"2023-04-14T12:35:00+00:00","dateModified":"2026-02-13T15:52:29+00:00","description":"Kerti f\u00f3lia, 2 az 1-ben, 0,60x0,45x3m (\u00e1tl\u00e1tsz\u00f3 f\u00f3lia,+rovarv\u00e9d\u0151 h\u00e1l\u00f3) V\u00e1s\u00e1roljon kert\u00e9szet\u00fcnkb\u0151l kert\u00e9szeti term\u00e9keket \u00e9s n\u00f6v\u00e9nyeket.","breadcrumb":{"@id":"https:\/\/tajkertesz.com\/termek\/kerti-folia-2-az-1-ben-060x045x3m-atlatszo-foliarovarvedo-halo\/#breadcrumb"},"inLanguage":"en-US","potentialAction":[{"@type":"ReadAction","target":["https:\/\/tajkertesz.com\/termek\/kerti-folia-2-az-1-ben-060x045x3m-atlatszo-foliarovarvedo-halo\/"]}]},{"@type":"ImageObject","inLanguage":"en-US","@id":"https:\/\/tajkertesz.com\/termek\/kerti-folia-2-az-1-ben-060x045x3m-atlatszo-foliarovarvedo-halo\/#primaryimage","url":"https:\/\/tajkertesz.com\/wp-content\/uploads\/2023\/04\/6030204.jpg","contentUrl":"https:\/\/tajkertesz.com\/wp-content\/uploads\/2023\/04\/6030204.jpg","width":900,"height":900},{"@type":"BreadcrumbList","@id":"https:\/\/tajkertesz.com\/termek\/kerti-folia-2-az-1-ben-060x045x3m-atlatszo-foliarovarvedo-halo\/#breadcrumb","itemListElement":[{"@type":"ListItem","position":1,"name":"Home","item":"https:\/\/tajkertesz.com\/"},{"@type":"ListItem","position":2,"name":"Kezd\u0151lap","item":"https:\/\/tajkertesz.com\/"},{"@type":"ListItem","position":3,"name":"Kerti f\u00f3lia, 2 az 1-ben, 0,60&#215;0,45x3m (\u00e1tl\u00e1tsz\u00f3 f\u00f3lia,+rovarv\u00e9d\u0151 h\u00e1l\u00f3)"}]},{"@type":"WebSite","@id":"https:\/\/tajkertesz.com\/#website","url":"https:\/\/tajkertesz.com\/","name":"T\u00e1j-Kert\u00e9sz 84 Kft.","description":"Kert\u00e9szeti kis- \u00e9s nagykeresked\u00e9s, D\u00edszn\u00f6v\u00e9ny web\u00e1ruh\u00e1z orsz\u00e1gos h\u00e1zhozsz\u00e1ll\u00edt\u00e1ssal!","publisher":{"@id":"https:\/\/tajkertesz.com\/#organization"},"potentialAction":[{"@type":"SearchAction","target":{"@type":"EntryPoint","urlTemplate":"https:\/\/tajkertesz.com\/?s={search_term_string}"},"query-input":{"@type":"PropertyValueSpecification","valueRequired":true,"valueName":"search_term_string"}}],"inLanguage":"en-US"},{"@type":"Organization","@id":"https:\/\/tajkertesz.com\/#organization","name":"T\u00e1j-Kert\u00e9sz 84 Kft.","url":"https:\/\/tajkertesz.com\/","logo":{"@type":"ImageObject","inLanguage":"en-US","@id":"https:\/\/tajkertesz.com\/#\/schema\/logo\/image\/","url":"https:\/\/tajkertesz.com\/wp-content\/uploads\/2018\/02\/logo-2-e1518678052539.png","contentUrl":"https:\/\/tajkertesz.com\/wp-content\/uploads\/2018\/02\/logo-2-e1518678052539.png","width":81,"height":140,"caption":"T\u00e1j-Kert\u00e9sz 84 Kft."},"image":{"@id":"https:\/\/tajkertesz.com\/#\/schema\/logo\/image\/"},"sameAs":["https:\/\/www.facebook.com\/Tajkertesz\/"]}]}},"_links":{"self":[{"href":"https:\/\/tajkertesz.com\/en_US\/wp-json\/wp\/v2\/product\/15452","targetHints":{"allow":["GET"]}}],"collection":[{"href":"https:\/\/tajkertesz.com\/en_US\/wp-json\/wp\/v2\/product"}],"about":[{"href":"https:\/\/tajkertesz.com\/en_US\/wp-json\/wp\/v2\/types\/product"}],"wp:featuredmedia":[{"embeddable":true,"href":"https:\/\/tajkertesz.com\/en_US\/wp-json\/wp\/v2\/media\/15453"}],"wp:attachment":[{"href":"https:\/\/tajkertesz.com\/en_US\/wp-json\/wp\/v2\/media?parent=15452"}],"wp:term":[{"taxonomy":"product_brand","embeddable":true,"href":"https:\/\/tajkertesz.com\/en_US\/wp-json\/wp\/v2\/product_brand?post=15452"},{"taxonomy":"product_cat","embeddable":true,"href":"https:\/\/tajkertesz.com\/en_US\/wp-json\/wp\/v2\/product_cat?post=15452"},{"taxonomy":"product_tag","embeddable":true,"href":"https:\/\/tajkertesz.com\/en_US\/wp-json\/wp\/v2\/product_tag?post=15452"}],"curies":[{"name":"wp","href":"https:\/\/api.w.org\/{rel}","templated":true}]}}