{"id":1567,"date":"2020-03-27T11:01:09","date_gmt":"2020-03-27T11:01:09","guid":{"rendered":"https:\/\/tajkertesz.com\/?post_type=product&#038;p=1567"},"modified":"2025-06-13T11:00:16","modified_gmt":"2025-06-13T11:00:16","slug":"syringa-vulgaris-primrose","status":"publish","type":"product","link":"https:\/\/tajkertesz.com\/en_US\/product\/syringa-vulgaris-primrose\/","title":{"rendered":"Syringa vulgaris &#8216;Primrose&#8217; , Orgona, szimpla vil\u00e1goss\u00e1rga"},"content":{"rendered":"<p>Syringa vulgaris &#8216;Primrose&#8217; , Orgona, szimpla vil\u00e1goss\u00e1rga<\/p>\n<p>A Syringa vulgaris &#8216;Primrose&#8217; , Orgona, szimpla vil\u00e1goss\u00e1rga.<\/p>\n<p>Sz\u00e9les, toj\u00e1sdad levelei \u00e9p sz\u00e9l\u0171ek.<\/p>\n<p>Illatos vir\u00e1ga 10-20 cm hossz\u00fa bug\u00e1kban \u00e1prilis-m\u00e1jusban ny\u00edlnak.<\/p>\n<p>Metsz\u00e9ssel koron\u00e1s kis f\u00e1cska is kialak\u00edthat\u00f3 bel\u0151le. T\u00e9l\u00e1ll\u00f3, j\u00f3 v\u00e1rost\u0171r\u0151 fajta.<\/p>\n<p>A legkedveltebb\u00a0 cserje, minden kert, park \u00e9kes d\u00edsze lehet.<\/p>\n<p style=\"line-height: 18.0pt; background: white; margin: 0cm 0cm 15.0pt 0cm;\"><span style=\"font-family: 'Ubuntu',serif; color: black;\">El\u00e9rhet\u0151 t\u00f6bbf\u00e9le m\u00e9retben \u00e9s \u00e1rban.<\/span><\/p>\n<p>Jelen term\u00e9k\u00fcnk 3 literes cser\u00e9pben kaphat\u00f3 \u00e9s kb:30\/40 cm magas.<\/p>\n<p style=\"line-height: 18.0pt; background: white; margin: 0cm 0cm 15.0pt 0cm;\"><b><span style=\"font-family: 'Ubuntu',serif; color: black;\">K\u00e9szlet\u00fcnk napi szinten v\u00e1ltozik, ez\u00e9rt k\u00e9rj\u00fck, \u00e9rdekl\u0151dj\u00f6n szem\u00e9lyesen, telefonon vagy email-en.<br \/>\nA v\u00e1ltoztat\u00e1s jog\u00e1t fenntartjuk!\u00a0<\/span><\/b><\/p>\n<p><a href=\"https:\/\/tajkertesz.com\/\">https:\/\/tajkertesz.com\/<\/a><\/p>\n<p><a href=\"https:\/\/hu.wikipedia.org\/wiki\/K%C3%B6z%C3%B6ns%C3%A9ges_orgona\">https:\/\/hu.wikipedia.org\/wiki\/K%C3%B6z%C3%B6ns%C3%A9ges_orgona<\/a><\/p>\n<p><span style=\"color: #ffffff;\"><span id=\"Elterjed\u00e9s\" class=\"mw-headline\">Elterjed\u00e9s<\/span><span class=\"mw-editsection\"><span class=\"mw-editsection-bracket\">[<\/span><a style=\"color: #ffffff;\" title=\"Szakasz szerkeszt\u00e9se: Elterjed\u00e9s\" href=\"https:\/\/hu.wikipedia.org\/w\/index.php?title=K%C3%B6z%C3%B6ns%C3%A9ges_orgona&amp;action=edit&amp;section=1\">szerkeszt\u00e9s<\/a><span class=\"mw-editsection-bracket\">]<\/span><\/span><\/span><\/p>\n<p><span style=\"color: #ffffff;\">Az orgon\u00e1k f\u0151 elterjed\u00e9si ter\u00fclete\u00a0<a style=\"color: #ffffff;\" title=\"\u00c1zsia\" href=\"https:\/\/hu.wikipedia.org\/wiki\/%C3%81zsia\">\u00c1zsia<\/a>\u00a0\u00e9s\u00a0<a style=\"color: #ffffff;\" title=\"Kelet-Eur\u00f3pa\" href=\"https:\/\/hu.wikipedia.org\/wiki\/Kelet-Eur%C3%B3pa\">Kelet-Eur\u00f3pa<\/a>. D\u00edszcserjek\u00e9nt sok fajukat \u00fcltetik vil\u00e1gszerte.<\/span><\/p>\n<p><span style=\"color: #ffffff;\"><span id=\"Jellemz.C5.91k\"><\/span><span id=\"Jellemz\u0151k\" class=\"mw-headline\">Jellemz\u0151k<\/span><span class=\"mw-editsection\"><span class=\"mw-editsection-bracket\">[<\/span><a style=\"color: #ffffff;\" title=\"Szakasz szerkeszt\u00e9se: Jellemz\u0151k\" href=\"https:\/\/hu.wikipedia.org\/w\/index.php?title=K%C3%B6z%C3%B6ns%C3%A9ges_orgona&amp;action=edit&amp;section=2\">szerkeszt\u00e9s<\/a><span class=\"mw-editsection-bracket\">]<\/span><\/span><\/span><\/p>\n<p><span style=\"color: #ffffff;\">\u00c1ltal\u00e1ban lombhullat\u00f3, olykor \u00f6r\u00f6kz\u00f6ld (<a class=\"new\" style=\"color: #ffffff;\" title=\"Syringa sempervirens (a lap nem l\u00e9tezik)\" href=\"https:\/\/hu.wikipedia.org\/w\/index.php?title=Syringa_sempervirens&amp;action=edit&amp;redlink=1\">S. sempervirens<\/a>)\u00a0<a style=\"color: #ffffff;\" title=\"Cserje\" href=\"https:\/\/hu.wikipedia.org\/wiki\/Cserje\">cserj\u00e9k<\/a>.\u00a0<a style=\"color: #ffffff;\" title=\"Lev\u00e9l (botanika)\" href=\"https:\/\/hu.wikipedia.org\/wiki\/Lev%C3%A9l_(botanika)\">Leveleik<\/a>\u00a0\u00e9pek, ritk\u00e1n sz\u00e1rnyasan osztottak, \u00e1tellenes \u00e1ll\u00e1s\u00faak. Fel\u00e1ll\u00f3 vessz\u0151in csak a legfels\u0151 1-2, ritk\u00e1n 3 r\u00fcgyp\u00e1rb\u00f3l fejl\u0151dik vir\u00e1g. A\u00a0<a style=\"color: #ffffff;\" title=\"Vir\u00e1gzat\" href=\"https:\/\/hu.wikipedia.org\/wiki\/Vir%C3%A1gzat\">vir\u00e1gzat<\/a>\u00a0v\u00e9g\u00e1ll\u00f3 buga. A\u00a0<a class=\"mw-redirect\" style=\"color: #ffffff;\" title=\"Cs\u00e9szelev\u00e9l\" href=\"https:\/\/hu.wikipedia.org\/wiki\/Cs%C3%A9szelev%C3%A9l\">cs\u00e9szelevelek<\/a>\u00a0sz\u00e1ma \u00e1ltal\u00e1ban n\u00e9gy, a\u00a0<a class=\"mw-redirect\" style=\"color: #ffffff;\" title=\"Sziromlev\u00e9l\" href=\"https:\/\/hu.wikipedia.org\/wiki\/Sziromlev%C3%A9l\">szirmok<\/a>\u00a0cs\u0151v\u00e9 forrtak, a p\u00e1rta sugaras szimmetri\u00e1j\u00fa, lila, vagy feh\u00e9r sz\u00edn\u0171. A\u00a0<a class=\"mw-redirect\" style=\"color: #ffffff;\" title=\"Porz\u00f3\" href=\"https:\/\/hu.wikipedia.org\/wiki\/Porz%C3%B3\">porz\u00f3k<\/a>\u00a0sz\u00e1ma kett\u0151, a\u00a0<a style=\"color: #ffffff;\" title=\"Term\u00e9s\" href=\"https:\/\/hu.wikipedia.org\/wiki\/Term%C3%A9s\">term\u00e9s<\/a>\u00a0hossz\u00fak\u00e1s tok k\u00e9t magkezdem\u00e9nnyel.<\/span><\/p>\n<p><span style=\"color: #ffffff;\"><span id=\"Habitus\" class=\"mw-headline\">Habitus<\/span><span class=\"mw-editsection\"><span class=\"mw-editsection-bracket\">[<\/span><a style=\"color: #ffffff;\" title=\"Szakasz szerkeszt\u00e9se: Habitus\" href=\"https:\/\/hu.wikipedia.org\/w\/index.php?title=K%C3%B6z%C3%B6ns%C3%A9ges_orgona&amp;action=edit&amp;section=3\">szerkeszt\u00e9s<\/a><span class=\"mw-editsection-bracket\">]<\/span><\/span><\/span><\/p>\n<h6><span style=\"color: #ffffff;\">3-7 m\u00e9terre n\u00f6v\u0151 nagyobb cserje vagy kis termet\u0171 fa, tarackol.<\/span><\/h6>\n<h6><span style=\"color: #ffffff;\">Lev\u00e9l\u00e1ll\u00e1sa keresztben \u00e1tellenes. A\u00a0<a style=\"color: #ffffff;\" title=\"Lev\u00e9l (botanika)\" href=\"https:\/\/hu.wikipedia.org\/wiki\/Lev%C3%A9l_(botanika)\">levelek<\/a>\u00a0v\u00e1lla sz\u00edves vagy lev\u00e1gott, cs\u00facsa kihegyesed\u0151.<\/span><\/h6>\n<h6><span style=\"color: #ffffff;\"><a style=\"color: #ffffff;\" title=\"Vir\u00e1g (botanika)\" href=\"https:\/\/hu.wikipedia.org\/wiki\/Vir%C3%A1g_(botanika)\">Vir\u00e1gai<\/a>\u00a0lil\u00e1k, ritk\u00e1bban feh\u00e9rek, illatosak. A\u00a0<a style=\"color: #ffffff;\" title=\"Vir\u00e1gzat\" href=\"https:\/\/hu.wikipedia.org\/wiki\/Vir%C3%A1gzat\">vir\u00e1gzat<\/a>\u00a0<a style=\"color: #ffffff;\" title=\"Vir\u00e1gzat\" href=\"https:\/\/hu.wikipedia.org\/wiki\/Vir%C3%A1gzat#Buga\">buga<\/a>. \u00c1prilis v\u00e9g\u00e9n-m\u00e1jusban vir\u00e1gzik.<\/span><\/h6>\n<h6><span style=\"color: #ffffff;\"><a style=\"color: #ffffff;\" title=\"Term\u00e9s\" href=\"https:\/\/hu.wikipedia.org\/wiki\/Term%C3%A9s\">Term\u00e9se<\/a>\u00a0tokterm\u00e9s, melyben 4 lapos-sz\u00e1rnyas mag van.<\/span><\/h6>\n<p><span style=\"color: #ffffff;\"><span id=\"Fajt.C3.A1k\"><\/span><span id=\"Fajt\u00e1k\" class=\"mw-headline\">Fajt\u00e1k<\/span><span class=\"mw-editsection\"><span class=\"mw-editsection-bracket\">[<\/span><a style=\"color: #ffffff;\" title=\"Szakasz szerkeszt\u00e9se: Fajt\u00e1k\" href=\"https:\/\/hu.wikipedia.org\/w\/index.php?title=K%C3%B6z%C3%B6ns%C3%A9ges_orgona&amp;action=edit&amp;section=4\">szerkeszt\u00e9s<\/a><span class=\"mw-editsection-bracket\">]<\/span><\/span><\/span><\/p>\n<p><span style=\"color: #ffffff;\">Az alapfaj orgona lila vir\u00e1g\u00fa, a kerti fajt\u00e1k sz\u00edne a h\u00f3feh\u00e9rt\u0151l a feket\u00e9s-s\u00f6t\u00e9tlil\u00e1ig a legk\u00fcl\u00f6nb\u00f6z\u0151bb (m\u00e9g s\u00e1rga, lila-feh\u00e9r tarka, r\u00f3zsasz\u00edn \u00e9s k\u00e9k is van k\u00f6z\u00f6tt\u00fck) sz\u00ednekig terjed, a vir\u00e1gok egyszer\u0171ek vagy teltek. \u00c1ltal\u00e1ban az egyszer\u0171 vir\u00e1g\u00faakat kedvelik, ilyen a lila &#8216;Andenken an Ludwig Spaeth&#8217;, \u00e9s a feh\u00e9r &#8216;Mme Florent Stepman&#8217;. A telt vir\u00e1g\u00fa fajt\u00e1k &#8211; k\u00fcl\u00f6n\u00f6sen a feh\u00e9rek &#8211; csapad\u00e9kos id\u0151ben hamar rozsd\u00e1sodnak a sok apr\u00f3 szirom k\u00f6z\u00f6tt meg\u00e1ll\u00f3 v\u00edzt\u0151l.<\/span><\/p>\n<p><span style=\"color: #ffffff;\"><span id=\".C3.96kol.C3.B3giai_ig.C3.A9nye\"><\/span><span id=\"\u00d6kol\u00f3giai_ig\u00e9nye\" class=\"mw-headline\">\u00d6kol\u00f3giai ig\u00e9nye<\/span><span class=\"mw-editsection\"><span class=\"mw-editsection-bracket\">[<\/span><a style=\"color: #ffffff;\" title=\"Szakasz szerkeszt\u00e9se: \u00d6kol\u00f3giai ig\u00e9nye\" href=\"https:\/\/hu.wikipedia.org\/w\/index.php?title=K%C3%B6z%C3%B6ns%C3%A9ges_orgona&amp;action=edit&amp;section=5\">szerkeszt\u00e9s<\/a><span class=\"mw-editsection-bracket\">]<\/span><\/span><\/span><\/p>\n<p><span style=\"color: #ffffff;\">Melegkedvel\u0151, sz\u00e1razs\u00e1gt\u0171r\u0151, f\u00e9nyig\u00e9nyes, sz\u00e1razs\u00e1gt\u0171r\u00e9se ellen\u00e9re azonban csak j\u00f3 kerti viszonyok k\u00f6z\u00f6tt d\u00edsz\u00edt megfelel\u0151en.<\/span><\/p>\n","protected":false},"excerpt":{"rendered":"<p>A Syringa vulgaris &#8216;Primrose&#8217; , Orgona, szimpla vil\u00e1goss\u00e1rga.<\/p>\n<p>Sz\u00e9les, toj\u00e1sdad levelei \u00e9p sz\u00e9l\u0171ek.<\/p>\n<p>Illatos vir\u00e1ga 10-20 cm hossz\u00fa bug\u00e1kban \u00e1prilis-m\u00e1jusban ny\u00edlnak.<\/p>\n<p>Metsz\u00e9ssel koron\u00e1s kis f\u00e1cska is kialak\u00edthat\u00f3 bel\u0151le. T\u00e9l\u00e1ll\u00f3, j\u00f3 v\u00e1rost\u0171r\u0151 fajta.<\/p>\n<p>Jelen term\u00e9k\u00fcnk 3 literes cser\u00e9pben kaphat\u00f3 \u00e9s kb:30\/40 cm magas.<\/p>\n<p>A legkedveltebb\u00a0 cserje, minden kert, park \u00e9kes d\u00edsze lehet.<\/p>","protected":false},"featured_media":12948,"template":"","meta":{"_et_pb_use_builder":"","_et_pb_old_content":"","_et_gb_content_width":""},"product_brand":[],"product_cat":[27],"product_tag":[180,406,407],"class_list":{"0":"post-1567","1":"product","2":"type-product","3":"status-publish","4":"has-post-thumbnail","6":"product_cat-cserjek","7":"product_tag-orgona","8":"product_tag-syringa-vulgaris-primrose","9":"product_tag-szimpla-vilagossarga","11":"first","12":"outofstock","13":"shipping-taxable","14":"product-type-simple"},"yoast_head":"<!-- This site is optimized with the Yoast SEO plugin v27.3 - https:\/\/yoast.com\/product\/yoast-seo-wordpress\/ -->\n<title>Syringa vulgaris &#039;Primrose&#039; , Orgona, szimpla vil\u00e1goss\u00e1rga - T\u00e1jkert\u00e9sz<\/title>\n<meta name=\"description\" content=\"A Syringa vulgaris &#039;Primrose&#039; , Orgona, szimpla vil\u00e1goss\u00e1rga. A legkedveltebb\u00a0 cserje, minden kert, park \u00e9kes d\u00edsze lehet.\" \/>\n<meta name=\"robots\" content=\"index, follow, max-snippet:-1, max-image-preview:large, max-video-preview:-1\" \/>\n<link rel=\"canonical\" href=\"https:\/\/tajkertesz.com\/en_US\/product\/syringa-vulgaris-primrose\/\" \/>\n<meta property=\"og:locale\" content=\"en_US\" \/>\n<meta property=\"og:type\" content=\"article\" \/>\n<meta property=\"og:title\" content=\"Syringa vulgaris &#039;Primrose&#039; , Orgona, szimpla vil\u00e1goss\u00e1rga - T\u00e1jkert\u00e9sz\" \/>\n<meta property=\"og:description\" content=\"A Syringa vulgaris &#039;Primrose&#039; , Orgona, szimpla vil\u00e1goss\u00e1rga. A legkedveltebb\u00a0 cserje, minden kert, park \u00e9kes d\u00edsze lehet.\" \/>\n<meta property=\"og:url\" content=\"https:\/\/tajkertesz.com\/en_US\/product\/syringa-vulgaris-primrose\/\" \/>\n<meta property=\"og:site_name\" content=\"T\u00e1jkert\u00e9sz\" \/>\n<meta property=\"article:publisher\" content=\"https:\/\/www.facebook.com\/Tajkertesz\/\" \/>\n<meta property=\"article:modified_time\" content=\"2025-06-13T11:00:16+00:00\" \/>\n<meta property=\"og:image\" content=\"https:\/\/tajkertesz.com\/wp-content\/uploads\/2020\/03\/Primrose-scaled.jpg\" \/>\n\t<meta property=\"og:image:width\" content=\"1920\" \/>\n\t<meta property=\"og:image:height\" content=\"2560\" \/>\n\t<meta property=\"og:image:type\" content=\"image\/jpeg\" \/>\n<meta name=\"twitter:card\" content=\"summary_large_image\" \/>\n<meta name=\"twitter:label1\" content=\"Est. reading time\" \/>\n\t<meta name=\"twitter:data1\" content=\"2 minutes\" \/>\n<script type=\"application\/ld+json\" class=\"yoast-schema-graph\">{\"@context\":\"https:\\\/\\\/schema.org\",\"@graph\":[{\"@type\":\"WebPage\",\"@id\":\"https:\\\/\\\/tajkertesz.com\\\/termek\\\/syringa-vulgaris-primrose\\\/\",\"url\":\"https:\\\/\\\/tajkertesz.com\\\/termek\\\/syringa-vulgaris-primrose\\\/\",\"name\":\"Syringa vulgaris 'Primrose' , Orgona, szimpla vil\u00e1goss\u00e1rga - T\u00e1jkert\u00e9sz\",\"isPartOf\":{\"@id\":\"https:\\\/\\\/tajkertesz.com\\\/#website\"},\"primaryImageOfPage\":{\"@id\":\"https:\\\/\\\/tajkertesz.com\\\/termek\\\/syringa-vulgaris-primrose\\\/#primaryimage\"},\"image\":{\"@id\":\"https:\\\/\\\/tajkertesz.com\\\/termek\\\/syringa-vulgaris-primrose\\\/#primaryimage\"},\"thumbnailUrl\":\"https:\\\/\\\/tajkertesz.com\\\/wp-content\\\/uploads\\\/2020\\\/03\\\/Primrose-scaled.jpg\",\"datePublished\":\"2020-03-27T11:01:09+00:00\",\"dateModified\":\"2025-06-13T11:00:16+00:00\",\"description\":\"A Syringa vulgaris 'Primrose' , Orgona, szimpla vil\u00e1goss\u00e1rga. A legkedveltebb\u00a0 cserje, minden kert, park \u00e9kes d\u00edsze lehet.\",\"breadcrumb\":{\"@id\":\"https:\\\/\\\/tajkertesz.com\\\/termek\\\/syringa-vulgaris-primrose\\\/#breadcrumb\"},\"inLanguage\":\"en-US\",\"potentialAction\":[{\"@type\":\"ReadAction\",\"target\":[\"https:\\\/\\\/tajkertesz.com\\\/termek\\\/syringa-vulgaris-primrose\\\/\"]}]},{\"@type\":\"ImageObject\",\"inLanguage\":\"en-US\",\"@id\":\"https:\\\/\\\/tajkertesz.com\\\/termek\\\/syringa-vulgaris-primrose\\\/#primaryimage\",\"url\":\"https:\\\/\\\/tajkertesz.com\\\/wp-content\\\/uploads\\\/2020\\\/03\\\/Primrose-scaled.jpg\",\"contentUrl\":\"https:\\\/\\\/tajkertesz.com\\\/wp-content\\\/uploads\\\/2020\\\/03\\\/Primrose-scaled.jpg\",\"width\":1920,\"height\":2560},{\"@type\":\"BreadcrumbList\",\"@id\":\"https:\\\/\\\/tajkertesz.com\\\/termek\\\/syringa-vulgaris-primrose\\\/#breadcrumb\",\"itemListElement\":[{\"@type\":\"ListItem\",\"position\":1,\"name\":\"Home\",\"item\":\"https:\\\/\\\/tajkertesz.com\\\/\"},{\"@type\":\"ListItem\",\"position\":2,\"name\":\"Kezd\u0151lap\",\"item\":\"https:\\\/\\\/tajkertesz.com\\\/\"},{\"@type\":\"ListItem\",\"position\":3,\"name\":\"Syringa vulgaris &#8216;Primrose&#8217; , Orgona, szimpla vil\u00e1goss\u00e1rga\"}]},{\"@type\":\"WebSite\",\"@id\":\"https:\\\/\\\/tajkertesz.com\\\/#website\",\"url\":\"https:\\\/\\\/tajkertesz.com\\\/\",\"name\":\"T\u00e1j-Kert\u00e9sz 84 Kft.\",\"description\":\"Kert\u00e9szeti kis- \u00e9s nagykeresked\u00e9s, D\u00edszn\u00f6v\u00e9ny web\u00e1ruh\u00e1z orsz\u00e1gos h\u00e1zhozsz\u00e1ll\u00edt\u00e1ssal!\",\"publisher\":{\"@id\":\"https:\\\/\\\/tajkertesz.com\\\/#organization\"},\"potentialAction\":[{\"@type\":\"SearchAction\",\"target\":{\"@type\":\"EntryPoint\",\"urlTemplate\":\"https:\\\/\\\/tajkertesz.com\\\/?s={search_term_string}\"},\"query-input\":{\"@type\":\"PropertyValueSpecification\",\"valueRequired\":true,\"valueName\":\"search_term_string\"}}],\"inLanguage\":\"en-US\"},{\"@type\":\"Organization\",\"@id\":\"https:\\\/\\\/tajkertesz.com\\\/#organization\",\"name\":\"T\u00e1j-Kert\u00e9sz 84 Kft.\",\"url\":\"https:\\\/\\\/tajkertesz.com\\\/\",\"logo\":{\"@type\":\"ImageObject\",\"inLanguage\":\"en-US\",\"@id\":\"https:\\\/\\\/tajkertesz.com\\\/#\\\/schema\\\/logo\\\/image\\\/\",\"url\":\"https:\\\/\\\/tajkertesz.com\\\/wp-content\\\/uploads\\\/2018\\\/02\\\/logo-2-e1518678052539.png\",\"contentUrl\":\"https:\\\/\\\/tajkertesz.com\\\/wp-content\\\/uploads\\\/2018\\\/02\\\/logo-2-e1518678052539.png\",\"width\":81,\"height\":140,\"caption\":\"T\u00e1j-Kert\u00e9sz 84 Kft.\"},\"image\":{\"@id\":\"https:\\\/\\\/tajkertesz.com\\\/#\\\/schema\\\/logo\\\/image\\\/\"},\"sameAs\":[\"https:\\\/\\\/www.facebook.com\\\/Tajkertesz\\\/\"]}]}<\/script>\n<!-- \/ Yoast SEO plugin. -->","yoast_head_json":{"title":"Syringa vulgaris 'Primrose' , Orgona, szimpla vil\u00e1goss\u00e1rga - T\u00e1jkert\u00e9sz","description":"A Syringa vulgaris 'Primrose' , Orgona, szimpla vil\u00e1goss\u00e1rga. A legkedveltebb\u00a0 cserje, minden kert, park \u00e9kes d\u00edsze lehet.","robots":{"index":"index","follow":"follow","max-snippet":"max-snippet:-1","max-image-preview":"max-image-preview:large","max-video-preview":"max-video-preview:-1"},"canonical":"https:\/\/tajkertesz.com\/en_US\/product\/syringa-vulgaris-primrose\/","og_locale":"en_US","og_type":"article","og_title":"Syringa vulgaris 'Primrose' , Orgona, szimpla vil\u00e1goss\u00e1rga - T\u00e1jkert\u00e9sz","og_description":"A Syringa vulgaris 'Primrose' , Orgona, szimpla vil\u00e1goss\u00e1rga. A legkedveltebb\u00a0 cserje, minden kert, park \u00e9kes d\u00edsze lehet.","og_url":"https:\/\/tajkertesz.com\/en_US\/product\/syringa-vulgaris-primrose\/","og_site_name":"T\u00e1jkert\u00e9sz","article_publisher":"https:\/\/www.facebook.com\/Tajkertesz\/","article_modified_time":"2025-06-13T11:00:16+00:00","og_image":[{"width":1920,"height":2560,"url":"https:\/\/tajkertesz.com\/wp-content\/uploads\/2020\/03\/Primrose-scaled.jpg","type":"image\/jpeg"}],"twitter_card":"summary_large_image","twitter_misc":{"Est. reading time":"2 minutes"},"schema":{"@context":"https:\/\/schema.org","@graph":[{"@type":"WebPage","@id":"https:\/\/tajkertesz.com\/termek\/syringa-vulgaris-primrose\/","url":"https:\/\/tajkertesz.com\/termek\/syringa-vulgaris-primrose\/","name":"Syringa vulgaris 'Primrose' , Orgona, szimpla vil\u00e1goss\u00e1rga - T\u00e1jkert\u00e9sz","isPartOf":{"@id":"https:\/\/tajkertesz.com\/#website"},"primaryImageOfPage":{"@id":"https:\/\/tajkertesz.com\/termek\/syringa-vulgaris-primrose\/#primaryimage"},"image":{"@id":"https:\/\/tajkertesz.com\/termek\/syringa-vulgaris-primrose\/#primaryimage"},"thumbnailUrl":"https:\/\/tajkertesz.com\/wp-content\/uploads\/2020\/03\/Primrose-scaled.jpg","datePublished":"2020-03-27T11:01:09+00:00","dateModified":"2025-06-13T11:00:16+00:00","description":"A Syringa vulgaris 'Primrose' , Orgona, szimpla vil\u00e1goss\u00e1rga. A legkedveltebb\u00a0 cserje, minden kert, park \u00e9kes d\u00edsze lehet.","breadcrumb":{"@id":"https:\/\/tajkertesz.com\/termek\/syringa-vulgaris-primrose\/#breadcrumb"},"inLanguage":"en-US","potentialAction":[{"@type":"ReadAction","target":["https:\/\/tajkertesz.com\/termek\/syringa-vulgaris-primrose\/"]}]},{"@type":"ImageObject","inLanguage":"en-US","@id":"https:\/\/tajkertesz.com\/termek\/syringa-vulgaris-primrose\/#primaryimage","url":"https:\/\/tajkertesz.com\/wp-content\/uploads\/2020\/03\/Primrose-scaled.jpg","contentUrl":"https:\/\/tajkertesz.com\/wp-content\/uploads\/2020\/03\/Primrose-scaled.jpg","width":1920,"height":2560},{"@type":"BreadcrumbList","@id":"https:\/\/tajkertesz.com\/termek\/syringa-vulgaris-primrose\/#breadcrumb","itemListElement":[{"@type":"ListItem","position":1,"name":"Home","item":"https:\/\/tajkertesz.com\/"},{"@type":"ListItem","position":2,"name":"Kezd\u0151lap","item":"https:\/\/tajkertesz.com\/"},{"@type":"ListItem","position":3,"name":"Syringa vulgaris &#8216;Primrose&#8217; , Orgona, szimpla vil\u00e1goss\u00e1rga"}]},{"@type":"WebSite","@id":"https:\/\/tajkertesz.com\/#website","url":"https:\/\/tajkertesz.com\/","name":"T\u00e1j-Kert\u00e9sz 84 Kft.","description":"Kert\u00e9szeti kis- \u00e9s nagykeresked\u00e9s, D\u00edszn\u00f6v\u00e9ny web\u00e1ruh\u00e1z orsz\u00e1gos h\u00e1zhozsz\u00e1ll\u00edt\u00e1ssal!","publisher":{"@id":"https:\/\/tajkertesz.com\/#organization"},"potentialAction":[{"@type":"SearchAction","target":{"@type":"EntryPoint","urlTemplate":"https:\/\/tajkertesz.com\/?s={search_term_string}"},"query-input":{"@type":"PropertyValueSpecification","valueRequired":true,"valueName":"search_term_string"}}],"inLanguage":"en-US"},{"@type":"Organization","@id":"https:\/\/tajkertesz.com\/#organization","name":"T\u00e1j-Kert\u00e9sz 84 Kft.","url":"https:\/\/tajkertesz.com\/","logo":{"@type":"ImageObject","inLanguage":"en-US","@id":"https:\/\/tajkertesz.com\/#\/schema\/logo\/image\/","url":"https:\/\/tajkertesz.com\/wp-content\/uploads\/2018\/02\/logo-2-e1518678052539.png","contentUrl":"https:\/\/tajkertesz.com\/wp-content\/uploads\/2018\/02\/logo-2-e1518678052539.png","width":81,"height":140,"caption":"T\u00e1j-Kert\u00e9sz 84 Kft."},"image":{"@id":"https:\/\/tajkertesz.com\/#\/schema\/logo\/image\/"},"sameAs":["https:\/\/www.facebook.com\/Tajkertesz\/"]}]}},"_links":{"self":[{"href":"https:\/\/tajkertesz.com\/en_US\/wp-json\/wp\/v2\/product\/1567","targetHints":{"allow":["GET"]}}],"collection":[{"href":"https:\/\/tajkertesz.com\/en_US\/wp-json\/wp\/v2\/product"}],"about":[{"href":"https:\/\/tajkertesz.com\/en_US\/wp-json\/wp\/v2\/types\/product"}],"wp:featuredmedia":[{"embeddable":true,"href":"https:\/\/tajkertesz.com\/en_US\/wp-json\/wp\/v2\/media\/12948"}],"wp:attachment":[{"href":"https:\/\/tajkertesz.com\/en_US\/wp-json\/wp\/v2\/media?parent=1567"}],"wp:term":[{"taxonomy":"product_brand","embeddable":true,"href":"https:\/\/tajkertesz.com\/en_US\/wp-json\/wp\/v2\/product_brand?post=1567"},{"taxonomy":"product_cat","embeddable":true,"href":"https:\/\/tajkertesz.com\/en_US\/wp-json\/wp\/v2\/product_cat?post=1567"},{"taxonomy":"product_tag","embeddable":true,"href":"https:\/\/tajkertesz.com\/en_US\/wp-json\/wp\/v2\/product_tag?post=1567"}],"curies":[{"name":"wp","href":"https:\/\/api.w.org\/{rel}","templated":true}]}}