{"id":15675,"date":"2023-05-31T10:43:43","date_gmt":"2023-05-31T10:43:43","guid":{"rendered":"https:\/\/tajkertesz.com\/?post_type=product&#038;p=15675"},"modified":"2026-02-13T15:51:27","modified_gmt":"2026-02-13T15:51:27","slug":"fito-bio-termeszetes-csigariaszto-05-kg-2","status":"publish","type":"product","link":"https:\/\/tajkertesz.com\/en_US\/product\/fito-bio-termeszetes-csigariaszto-05-kg-2\/","title":{"rendered":"Fito BIO term\u00e9szetes csigariaszt\u00f3 0,5 kg"},"content":{"rendered":"<div class=\"artdet__name-rating d-none d-lg-block\">\n<div class=\"row gutters-5\">\n<div class=\"col\">\n<div class=\"artdet__name-pagination-wrap d-flex\">\n<div class=\"top product-page-top\">\n<div class=\"center product-page-center\">\n<div class=\"artdet__name-pagination-wrap d-flex\">\n<div class=\"summary entry-summary\">\n<div class=\"elementor-column elementor-col-50 elementor-inner-column elementor-element elementor-element-072daa9\" data-id=\"072daa9\" data-element_type=\"column\">\n<div class=\"elementor-widget-wrap elementor-element-populated\">\n<div class=\"elementor-element elementor-element-54ae97b elementor-widget__width-auto elementor-widget elementor-widget-jet-single-title\" data-id=\"54ae97b\" data-element_type=\"widget\" data-widget_type=\"jet-single-title.default\">\n<div class=\"elementor-widget-container\">\n<div class=\"elementor-jet-single-title jet-woo-builder\">\n<h1 class=\"product-details-tile__title\">Fito BIO term\u00e9szetes csigariaszt\u00f3 0,5 kg<\/h1>\n<\/div>\n<\/div>\n<\/div>\n<\/div>\n<\/div>\n<div class=\"elementor-column elementor-col-50 elementor-inner-column elementor-element elementor-element-fe6e915\" data-id=\"fe6e915\" data-element_type=\"column\">\n<div class=\"elementor-widget-wrap elementor-element-populated\">\n<div class=\"elementor-element elementor-element-f74de4b elementor-widget__width-auto elementor-widget elementor-widget-jet-single-price\" data-id=\"f74de4b\" data-element_type=\"widget\" data-widget_type=\"jet-single-price.default\">\n<div class=\"elementor-widget-container\">\n<div class=\"elementor-jet-single-price jet-woo-builder\">\n<p class=\"product-details-tile__title\">Fito BIO term\u00e9szetes csigariaszt\u00f3 0,5 kg,Mechanikus vegyi hat\u00f3anyag n\u00e9lk\u00fcl, megv\u00e9di a csig\u00e1kt\u00f3l a d\u00edszn\u00f6v\u00e9nyeket \u00e9s a z\u00f6lds\u00e9geket.<\/p>\n<div class=\"groupItem\">\n<div class=\"memo\">\n<p>Azonnali hat\u00e1s, gyermekekre, h\u00e1zi\u00e1llatokra vesz\u00e9lytelen.<br \/>\nVetem\u00e9nyeskertbe, d\u00edszkertbe. Term\u00e9szetes \u00e1sv\u00e1nyi anyag: 100% term\u00e9szetes szepiolit szilik\u00e1t, amely a kimagasl\u00f3 nedvsz\u00edv\u00f3 hat\u00e1s\u00e1r\u00f3l h\u00edres. A f\u00f6ldre \u00f6sszef\u00fcgg\u0151 s\u00e1vban kisz\u00f3rva elsz\u00edvja a talajb\u00f3l a nedvess\u00e9get, \u00e9s egy olyan sz\u00e1raz, er\u0151sen nedvsz\u00edv\u00f3 fel\u00fcletet k\u00e9pez, amely \u00e1thatolhatatlan a csig\u00e1k sz\u00e1m\u00e1ra, mivel azok lass\u00fa halad\u00e1suk r\u00e9v\u00e9n, ha r\u00e1menn\u00e9nek kisz\u00e1radn\u00e1nak, \u00edgy viszont elker\u00fclik. \u00cdgy seg\u00edti term\u00e9szetes m\u00f3don t\u00e1voltartani a csig\u00e1kat \u00e9s a meztelencsig\u00e1kat. Ezzel term\u00e9szetes m\u00f3don v\u00e9di kertj\u00e9t, \u00e9s k\u00f6rnyezet\u00e9t is. H\u00e1zi\u00e1llatokra sem \u00e1rtalmas, mint az egy\u00e9b csigairt\u00f3k.<\/p>\n<\/div>\n<div class=\"memo\">\n<h4 class=\"itemHeader\">Egy\u00e9b inform\u00e1ci\u00f3k<\/h4>\n<p>Formul\u00e1ci\u00f3: granul\u00e1tum (GR), CAS sz\u00e1m: 63800-37-3, tiszta \u00f6sszetev\u0151 r\u00e9szar\u00e1nya: 500 g\/kg. Fizikai-k\u00e9miai tulajdons\u00e1gok: megjelen\u00e9s: sz\u00fcrke sz\u00edn\u0171 szagtalan szil\u00e1rd anyag, t\u00e9rfogats\u0171r\u0171s\u00e9g (\u00f6mlesztett): 1,1087 g\/cm\u00b3<br \/>\nA k\u00e9sz\u00edtm\u00e9ny rendeltet\u00e9se: csigariaszt\u00f3 (n\u00f6v\u00e9nyv\u00e9d\u0151 szernek nem min\u0151s\u00fcl\u0151 n\u00f6v\u00e9nyv\u00e9delmi hat\u00e1s\u00fa term\u00e9k).<br \/>\n\u00d6sszetev\u0151k: magn\u00e9zium-szilik\u00e1thidr\u00e1t 100 m\/m%<\/p>\n<\/div>\n<\/div>\n<div class=\"groupItem\">\n<div class=\"memo\">\n<h4 class=\"itemHeader\">Elk\u00e9sz\u00edt\u00e9s \u00e9s felhaszn\u00e1l\u00e1s<\/h4>\n<p>El\u0151\u00edrt n\u00f6v\u00e9nyv\u00e9delmi technol\u00f3gia:<br \/>\nA kult\u00farn\u00f6v\u00e9ny t\u00f6ve k\u00f6r\u00e9 2-4 cm s\u00e1vban egyenletesen kell az \u0151rlem\u00e9nyt kisz\u00f3rni, amikor az \u00e1llom\u00e1nyban az els\u0151 meztelencsig\u00e1k megjelentek. Cserepes n\u00f6v\u00e9nyek eset\u00e9ben is haszn\u00e1lhat\u00f3. Havonta egyszer kell kihelyezni, es\u0151s id\u0151ben 2 hetente p\u00f3toland\u00f3.<br \/>\nFelhaszn\u00e1l\u00e1s\u00e1ra vonatkoz\u00f3 el\u0151\u00edr\u00e1sok:<br \/>\nK\u00e1rtev\u0151: meztelen csig\u00e1k<br \/>\nKult\u00fara: z\u00f6lds\u00e9gf\u00e9l\u00e9k, d\u00edszn\u00f6v\u00e9nyek, gy\u00f3gyn\u00f6v\u00e9nyek<br \/>\nAlkalmaz\u00e1s sz\u00e1ma (alkalom\/teny\u00e9szid\u0151szak) 2-4<br \/>\nFelhaszn\u00e1l\u00e1s m\u00f3dja:<br \/>\nA kult\u00farn\u00f6v\u00e9ny t\u00f6ve k\u00f6r\u00e9 t\u00f6rt\u00e9n\u0151 kisz\u00f3r\u00e1s<br \/>\nD\u00f3zis: 2-4 cm sz\u00e9les s\u00e1vban kell kisz\u00f3rni<\/p>\n<\/div>\n<div class=\"memo\">\n<h4 class=\"itemHeader\">T\u00e1rol\u00e1s<\/h4>\n<p>Min\u0151s\u00e9g\u00e9t korl\u00e1tlan ideig meg\u0151rzi.<br \/>\nEltarthat\u00f3s\u00e1g: Eredeti, z\u00e1rt csomagol\u00e1sban, sz\u00e1raz, h\u0171v\u00f6s helyen, szab\u00e1lyos n\u00f6v\u00e9nyv\u00e9d\u0151 rakt\u00e1rban tarthat\u00f3 el.<\/p>\n<\/div>\n<\/div>\n<\/div>\n<\/div>\n<\/div>\n<div>\n<div class=\"sp-cc-text\">\n<p><span style=\"color: #ffffff;\">Ha beleegyezik, s\u00fctiket is haszn\u00e1lunk v\u00e1s\u00e1rl\u00e1si \u00e9lm\u00e9ny\u00e9nek kieg\u00e9sz\u00edt\u00e9s\u00e9re, a \u00a0le\u00edrtak szerint\u00a0.\u00a0Ez mag\u00e1ban foglalja haszn\u00e1lat\u00e1t az \u00e9rdekl\u0151d\u00e9sen alapul\u00f3 hirdet\u00e9sek megjelen\u00edt\u00e9se \u00e9s m\u00e9r\u00e9se c\u00e9lj\u00e1b\u00f3l.\u00a0Kattintson a &#8222;Cookie-k testreszab\u00e1sa&#8221; gombra a s\u00fctik elutas\u00edt\u00e1s\u00e1hoz, r\u00e9szletesebb d\u00f6nt\u00e9sekhez vagy tov\u00e1bbi inform\u00e1ci\u00f3khoz.<\/span><\/p>\n<div class=\"sp-cc-text\">\n<p><span style=\"color: #ffffff;\">Ha beleegyezik, s\u00fctiket is haszn\u00e1lunk v\u00e1s\u00e1rl\u00e1si \u00e9lm\u00e9ny\u00e9nek kieg\u00e9sz\u00edt\u00e9s\u00e9re, a \u00a0le\u00edrtak szerint\u00a0.\u00a0Ez mag\u00e1ban foglalja \u00a0haszn\u00e1lat\u00e1t az \u00e9rdekl\u0151d\u00e9sen alapul\u00f3 hirdet\u00e9sek megjelen\u00edt\u00e9se \u00e9s m\u00e9r\u00e9se c\u00e9lj\u00e1b\u00f3l.\u00a0Kattintson a &#8222;Cookie-k testreszab\u00e1sa&#8221; gombra a s\u00fctik elutas\u00edt\u00e1s\u00e1hoz, r\u00e9szletesebb d\u00f6nt\u00e9sekhez vagy tov\u00e1bbi inform\u00e1ci\u00f3khoz.<\/span><\/p>\n<\/div>\n<\/div>\n<\/div>\n<\/div>\n<\/div>\n<\/div>\n<\/div>\n<\/div>\n<\/div>\n<\/div>\n<\/div>\n<\/div>\n<\/div>\n<div><a href=\"https:\/\/www.facebook.com\/tajkertesz\">https:\/\/www.facebook.com\/tajkertesz<\/a><\/div>\n<div>\n<p><a href=\"https:\/\/tajkertesz.com\/\">https:\/\/tajkertesz.com\/<\/a><\/p>\n<\/div>\n<div><\/div>\n<h3><span style=\"color: #ffffff;\">A\u00a0<b>rovarriaszt\u00f3, repellens:<\/b><\/span><\/h3>\n<p><span style=\"color: #ffffff;\">(<i>latin:<\/i>\u00a0elriaszt\u00f3, t\u00e1vol tart\u00f3, pl.: rovart<sup id=\"cite_ref-1\" class=\"reference\"><\/sup>) olyan anyag,\u00a0 fizikai elj\u00e1r\u00e1s, amely elriasztja, t\u00e1vol tartja a rovarokat az ember b\u0151r\u00e9t\u0151l, ruh\u00e1zat\u00e1t\u00f3l, lak\u00f3hely\u00e9t\u0151l vagy az \u00e1llatok k\u00fcltakar\u00f3j\u00e1t\u00f3l, k\u00f6rnyezet\u00e9t\u0151l, \u00e9l\u0151hely\u00e9t\u0151l. <sup id=\"cite_ref-2\" class=\"reference\"><\/sup>Repellens hat\u00e1s alatt bizonyos hat\u00f3anyagok kullancsokra \u00e9s rovarokra kifejtett t\u00e1vol tart\u00f3 hat\u00e1s\u00e1t \u00e9rtj\u00fck, ami megakad\u00e1lyozza a parazit\u00e1k megtapad\u00e1s\u00e1t, sz\u00far\u00e1s\u00e1t vagy v\u00e9rsz\u00edv\u00e1s\u00e1t a kezelt emberen, \u00e1llaton. Fert\u0151z\u00f6tt rovarok cs\u00edp\u00e9se betegs\u00e9g terjed\u00e9s\u00e9nek forr\u00e1sa lehet.<sup id=\"cite_ref-3\" class=\"reference\"><\/sup><\/span><\/p>\n<p><span style=\"color: #ffffff;\">Elengedhetetlen fontoss\u00e1g\u00fa annak ismerete, hogy melyik\u00a0<i>rovarriaszt\u00f3<\/i>\u00a0term\u00e9kek kisz\u00e1m\u00edthat\u00f3k \u00e9s tart\u00f3s v\u00e9delmet ny\u00fajtanak. K\u00f6zel 100%-os v\u00e9delem \u00e9rhet\u0151 el, ha hosszabb hat\u00e1startam\u00fa rovar\u0171z\u0151 szereket c\u00e9lszer\u0171 haszn\u00e1lunk, kombin\u00e1lva\u00a0<i>permetrinnel<\/i> kezelt ruh\u00e1zattal. Ugyanolyan szem\u00e9lyi v\u00e9delmi int\u00e9zked\u00e9seket kell foganatos\u00edtani kullancsok \u00e9s cs\u00edp\u0151s rovarok, legyek eset\u00e9ben, mint a sz\u00fanyogokn\u00e1l, mert ezek az \u00e9l\u0151sk\u00f6d\u0151k is tov\u00e1bb\u00edtja a Lyme-k\u00f3rt, kullancsencephalitist, visszat\u00e9r\u0151 l\u00e1zt, t\u00edfuszt, leishmaniasist, onchocerciasist, trypanosomiasist, \u00e9s sz\u00e1mos m\u00e1s tr\u00f3pusi \u00e9s fert\u0151z\u0151 betegs\u00e9geket.<\/span><\/p>\n<p><span style=\"color: #ffffff;\">A\u00a0<b>permetrin:<\/b><\/span><\/p>\n<p><span style=\"color: #ffffff;\">a piretroidok k\u00f6z\u00e9 tartoz\u00f3 rovar- \u00e9s atkairt\u00f3 hat\u00f3anyag, amelyet tet\u0171- \u00e9s bolhairt\u00f3k\u00e9nt a hum\u00e1n- \u00e9s \u00e1llatgy\u00f3gy\u00e1szatban, biocidk\u00e9nt pedig \u00e1ltal\u00e1nos rovarirt\u00f3szerekben alkalmaznak. K\u00f6rnyezetk\u00e1ros\u00edt\u00f3 hat\u00e1sa miatt 2003 \u00f3ta az Eur\u00f3pai Uni\u00f3ban nem haszn\u00e1lhat\u00f3 n\u00f6v\u00e9nyv\u00e9d\u0151szerk\u00e9nt. Az \u0151szi margitvir\u00e1gban tal\u00e1lhat\u00f3 term\u00e9szetes rovar\u00f6l\u0151 anyag alapj\u00e1n fejlesztett\u00e9k ki, majd kezdt\u00e9k el ipari gy\u00e1rt\u00e1s\u00e1t.<\/span><\/p>\n<p><b>K\u00e9szlet\u00fcnk napi szinten v\u00e1ltozik, ez\u00e9rt k\u00e9rj\u00fck, \u00e9rdekl\u0151dj\u00f6n szem\u00e9lyesen, telefonon vagy email-en.<br \/>\nA v\u00e1ltoztat\u00e1s jog\u00e1t fenntartjuk!\u00a0<\/b><\/p>","protected":false},"excerpt":{"rendered":"<div class=\"artdet__name-rating d-none d-lg-block\">\n<div class=\"row gutters-5\">\n<div class=\"col\">\n<div class=\"artdet__name-rating d-none d-lg-block\">\n<div class=\"row gutters-5\">\n<div class=\"col\">\n<div class=\"artdet__name-rating d-none d-lg-block\">\n<div class=\"row gutters-5\">\n<div class=\"col\">\n<div class=\"artdet__name-rating d-none d-lg-block\">\n<div class=\"row gutters-5\">\n<div class=\"col\">\n<div class=\"artdet__name-rating d-none d-lg-block\">\n<div class=\"row gutters-5\">\n<div class=\"col\">\n<div class=\"artdet__name-rating d-none d-lg-block\">\n<div class=\"row gutters-5\">\n<div class=\"col\">\n<div class=\"artdet__name-rating d-none d-lg-block\">\n<div class=\"row gutters-5\">\n<div class=\"col\">\n<div class=\"artdet__name-rating d-none d-lg-block\">\n<div class=\"row gutters-5\">\n<div class=\"col\">\n<div class=\"artdet__name-rating d-none d-lg-block\">\n<div class=\"row gutters-5\">\n<div class=\"col\">\n<div class=\"artdet__name-rating d-none d-lg-block\">\n<div class=\"row gutters-5\">\n<div class=\"col\">\n<div class=\"artdet__name-rating d-none d-lg-block\">\n<div class=\"row gutters-5\">\n<div class=\"col\">\n<div class=\"artdet__name-rating d-none d-lg-block\">\n<div class=\"row gutters-5\">\n<div class=\"col\">\n<div class=\"artdet__name-pagination-wrap d-flex\">\n<div class=\"artdet__name-pagination-wrap d-flex\">\n<div class=\"artdet__name-pagination-wrap d-flex\">\n<div class=\"artdet__name-pagination-wrap d-flex\">\n<div class=\"artdet__name-rating d-none d-lg-block\">\n<div class=\"row gutters-5\">\n<div class=\"col\">\n<div class=\"artdet__name-pagination-wrap d-flex\">\n<div class=\"artdet__name-pagination-wrap d-flex\">\n<div class=\"artdet__name-pagination-wrap d-flex\">\n<div class=\"top product-page-top\">\n<div class=\"center product-page-center\">\n<div class=\"elementor-column elementor-col-50 elementor-inner-column elementor-element elementor-element-072daa9\" data-id=\"072daa9\" data-element_type=\"column\">\n<div class=\"elementor-widget-wrap elementor-element-populated\">\n<div class=\"elementor-element elementor-element-54ae97b elementor-widget__width-auto elementor-widget elementor-widget-jet-single-title\" data-id=\"54ae97b\" data-element_type=\"widget\" data-widget_type=\"jet-single-title.default\">\n<div class=\"elementor-widget-container\">\n<div class=\"elementor-jet-single-title jet-woo-builder\">\n<div class=\"elementor-column elementor-col-50 elementor-inner-column elementor-element elementor-element-072daa9\" data-id=\"072daa9\" data-element_type=\"column\">\n<div class=\"elementor-widget-wrap elementor-element-populated\">\n<div class=\"elementor-element elementor-element-54ae97b elementor-widget__width-auto elementor-widget elementor-widget-jet-single-title\" data-id=\"54ae97b\" data-element_type=\"widget\" data-widget_type=\"jet-single-title.default\">\n<div class=\"elementor-widget-container\">\n<div class=\"elementor-jet-single-title jet-woo-builder\">\n<div class=\"elementor-column elementor-col-50 elementor-inner-column elementor-element elementor-element-072daa9\" data-id=\"072daa9\" data-element_type=\"column\">\n<div class=\"elementor-widget-wrap elementor-element-populated\">\n<div class=\"elementor-element elementor-element-54ae97b elementor-widget__width-auto elementor-widget elementor-widget-jet-single-title\" data-id=\"54ae97b\" data-element_type=\"widget\" data-widget_type=\"jet-single-title.default\">\n<div class=\"elementor-widget-container\">\n<div class=\"elementor-jet-single-title jet-woo-builder\">\n<div class=\"elementor-column elementor-col-50 elementor-inner-column elementor-element elementor-element-072daa9\" data-id=\"072daa9\" data-element_type=\"column\">\n<div class=\"elementor-widget-wrap elementor-element-populated\">\n<div class=\"elementor-element elementor-element-54ae97b elementor-widget__width-auto elementor-widget elementor-widget-jet-single-title\" data-id=\"54ae97b\" data-element_type=\"widget\" data-widget_type=\"jet-single-title.default\">\n<div class=\"elementor-widget-container\">\n<div class=\"elementor-jet-single-title jet-woo-builder\">\n<div class=\"elementor-column elementor-col-50 elementor-inner-column elementor-element elementor-element-072daa9\" data-id=\"072daa9\" data-element_type=\"column\">\n<div class=\"elementor-widget-wrap elementor-element-populated\">\n<div class=\"elementor-element elementor-element-54ae97b elementor-widget__width-auto elementor-widget elementor-widget-jet-single-title\" data-id=\"54ae97b\" data-element_type=\"widget\" data-widget_type=\"jet-single-title.default\">\n<div class=\"elementor-widget-container\">\n<div class=\"elementor-jet-single-title jet-woo-builder\">\n<h1 class=\"product-details-tile__title\">Fito BIO term\u00e9szetes csigariaszt\u00f3 0,5 kg<\/h1>\n<p>&nbsp;<\/p>\n<\/div>\n<\/div>\n<\/div>\n<\/div>\n<\/div>\n<\/div>\n<\/div>\n<\/div>\n<\/div>\n<\/div>\n<\/div>\n<\/div>\n<\/div>\n<\/div>\n<\/div>\n<\/div>\n<\/div>\n<\/div>\n<\/div>\n<\/div>\n<\/div>\n<\/div>\n<\/div>\n<\/div>\n<\/div>\n<\/div>\n<\/div>\n<\/div>\n<\/div>\n<\/div>\n<\/div>\n<\/div>\n<\/div>\n<\/div>\n<\/div>\n<\/div>\n<\/div>\n<\/div>\n<\/div>\n<\/div>\n<\/div>\n<\/div>\n<\/div>\n<\/div>\n<\/div>\n<\/div>\n<\/div>\n<\/div>\n<\/div>\n<\/div>\n<\/div>\n<\/div>\n<\/div>\n<\/div>\n<\/div>\n<\/div>\n<\/div>\n<\/div>\n<\/div>\n<\/div>\n<\/div>\n<\/div>\n<\/div>\n<\/div>\n<\/div>\n<\/div>\n<\/div>\n<\/div>\n<\/div>\n<\/div>\n<\/div>\n<\/div>\n<\/div>","protected":false},"featured_media":7836,"template":"","meta":{"_et_pb_use_builder":"","_et_pb_old_content":"","_et_gb_content_width":""},"product_brand":[],"product_cat":[4091],"product_tag":[2275],"class_list":{"0":"post-15675","1":"product","2":"type-product","3":"status-publish","4":"has-post-thumbnail","6":"product_cat-egyeb-csapdak-riasztok","7":"product_tag-fito-bio-termeszetes-csigariaszto","9":"first","10":"instock","11":"shipping-taxable","12":"purchasable","13":"product-type-simple"},"yoast_head":"<!-- This site is optimized with the Yoast SEO plugin v27.5 - https:\/\/yoast.com\/product\/yoast-seo-wordpress\/ -->\n<title>Fito BIO term\u00e9szetes csigariaszt\u00f3 0,5 kg - T\u00e1jkert\u00e9sz<\/title>\n<meta name=\"description\" content=\"Fito BIO term\u00e9szetes csigariaszt\u00f3 0,5 kg\" \/>\n<meta name=\"robots\" content=\"index, follow, max-snippet:-1, max-image-preview:large, max-video-preview:-1\" \/>\n<link rel=\"canonical\" href=\"https:\/\/tajkertesz.com\/en_US\/product\/fito-bio-termeszetes-csigariaszto-05-kg-2\/\" \/>\n<meta property=\"og:locale\" content=\"en_US\" \/>\n<meta property=\"og:type\" content=\"article\" \/>\n<meta property=\"og:title\" content=\"Fito BIO term\u00e9szetes csigariaszt\u00f3 0,5 kg - T\u00e1jkert\u00e9sz\" \/>\n<meta property=\"og:description\" content=\"Fito BIO term\u00e9szetes csigariaszt\u00f3 0,5 kg\" \/>\n<meta property=\"og:url\" content=\"https:\/\/tajkertesz.com\/en_US\/product\/fito-bio-termeszetes-csigariaszto-05-kg-2\/\" \/>\n<meta property=\"og:site_name\" content=\"T\u00e1jkert\u00e9sz\" \/>\n<meta property=\"article:publisher\" content=\"https:\/\/www.facebook.com\/Tajkertesz\/\" \/>\n<meta property=\"article:modified_time\" content=\"2026-02-13T15:51:27+00:00\" \/>\n<meta property=\"og:image\" content=\"https:\/\/tajkertesz.com\/wp-content\/uploads\/2021\/08\/fito.jpg\" \/>\n\t<meta property=\"og:image:width\" content=\"540\" \/>\n\t<meta property=\"og:image:height\" content=\"540\" \/>\n\t<meta property=\"og:image:type\" content=\"image\/jpeg\" \/>\n<meta name=\"twitter:card\" content=\"summary_large_image\" \/>\n<meta name=\"twitter:label1\" content=\"Est. reading time\" \/>\n\t<meta name=\"twitter:data1\" content=\"3 minutes\" \/>\n<script type=\"application\/ld+json\" class=\"yoast-schema-graph\">{\"@context\":\"https:\\\/\\\/schema.org\",\"@graph\":[{\"@type\":\"WebPage\",\"@id\":\"https:\\\/\\\/tajkertesz.com\\\/termek\\\/fito-bio-termeszetes-csigariaszto-05-kg-2\\\/\",\"url\":\"https:\\\/\\\/tajkertesz.com\\\/termek\\\/fito-bio-termeszetes-csigariaszto-05-kg-2\\\/\",\"name\":\"Fito BIO term\u00e9szetes csigariaszt\u00f3 0,5 kg - T\u00e1jkert\u00e9sz\",\"isPartOf\":{\"@id\":\"https:\\\/\\\/tajkertesz.com\\\/#website\"},\"primaryImageOfPage\":{\"@id\":\"https:\\\/\\\/tajkertesz.com\\\/termek\\\/fito-bio-termeszetes-csigariaszto-05-kg-2\\\/#primaryimage\"},\"image\":{\"@id\":\"https:\\\/\\\/tajkertesz.com\\\/termek\\\/fito-bio-termeszetes-csigariaszto-05-kg-2\\\/#primaryimage\"},\"thumbnailUrl\":\"https:\\\/\\\/tajkertesz.com\\\/wp-content\\\/uploads\\\/2021\\\/08\\\/fito.jpg\",\"datePublished\":\"2023-05-31T10:43:43+00:00\",\"dateModified\":\"2026-02-13T15:51:27+00:00\",\"description\":\"Fito BIO term\u00e9szetes csigariaszt\u00f3 0,5 kg\",\"breadcrumb\":{\"@id\":\"https:\\\/\\\/tajkertesz.com\\\/termek\\\/fito-bio-termeszetes-csigariaszto-05-kg-2\\\/#breadcrumb\"},\"inLanguage\":\"en-US\",\"potentialAction\":[{\"@type\":\"ReadAction\",\"target\":[\"https:\\\/\\\/tajkertesz.com\\\/termek\\\/fito-bio-termeszetes-csigariaszto-05-kg-2\\\/\"]}]},{\"@type\":\"ImageObject\",\"inLanguage\":\"en-US\",\"@id\":\"https:\\\/\\\/tajkertesz.com\\\/termek\\\/fito-bio-termeszetes-csigariaszto-05-kg-2\\\/#primaryimage\",\"url\":\"https:\\\/\\\/tajkertesz.com\\\/wp-content\\\/uploads\\\/2021\\\/08\\\/fito.jpg\",\"contentUrl\":\"https:\\\/\\\/tajkertesz.com\\\/wp-content\\\/uploads\\\/2021\\\/08\\\/fito.jpg\",\"width\":540,\"height\":540},{\"@type\":\"BreadcrumbList\",\"@id\":\"https:\\\/\\\/tajkertesz.com\\\/termek\\\/fito-bio-termeszetes-csigariaszto-05-kg-2\\\/#breadcrumb\",\"itemListElement\":[{\"@type\":\"ListItem\",\"position\":1,\"name\":\"Home\",\"item\":\"https:\\\/\\\/tajkertesz.com\\\/\"},{\"@type\":\"ListItem\",\"position\":2,\"name\":\"Kezd\u0151lap\",\"item\":\"https:\\\/\\\/tajkertesz.com\\\/\"},{\"@type\":\"ListItem\",\"position\":3,\"name\":\"Fito BIO term\u00e9szetes csigariaszt\u00f3 0,5 kg\"}]},{\"@type\":\"WebSite\",\"@id\":\"https:\\\/\\\/tajkertesz.com\\\/#website\",\"url\":\"https:\\\/\\\/tajkertesz.com\\\/\",\"name\":\"T\u00e1j-Kert\u00e9sz 84 Kft.\",\"description\":\"Kert\u00e9szeti kis- \u00e9s nagykeresked\u00e9s, D\u00edszn\u00f6v\u00e9ny web\u00e1ruh\u00e1z orsz\u00e1gos h\u00e1zhozsz\u00e1ll\u00edt\u00e1ssal!\",\"publisher\":{\"@id\":\"https:\\\/\\\/tajkertesz.com\\\/#organization\"},\"potentialAction\":[{\"@type\":\"SearchAction\",\"target\":{\"@type\":\"EntryPoint\",\"urlTemplate\":\"https:\\\/\\\/tajkertesz.com\\\/?s={search_term_string}\"},\"query-input\":{\"@type\":\"PropertyValueSpecification\",\"valueRequired\":true,\"valueName\":\"search_term_string\"}}],\"inLanguage\":\"en-US\"},{\"@type\":\"Organization\",\"@id\":\"https:\\\/\\\/tajkertesz.com\\\/#organization\",\"name\":\"T\u00e1j-Kert\u00e9sz 84 Kft.\",\"url\":\"https:\\\/\\\/tajkertesz.com\\\/\",\"logo\":{\"@type\":\"ImageObject\",\"inLanguage\":\"en-US\",\"@id\":\"https:\\\/\\\/tajkertesz.com\\\/#\\\/schema\\\/logo\\\/image\\\/\",\"url\":\"https:\\\/\\\/tajkertesz.com\\\/wp-content\\\/uploads\\\/2018\\\/02\\\/logo-2-e1518678052539.png\",\"contentUrl\":\"https:\\\/\\\/tajkertesz.com\\\/wp-content\\\/uploads\\\/2018\\\/02\\\/logo-2-e1518678052539.png\",\"width\":81,\"height\":140,\"caption\":\"T\u00e1j-Kert\u00e9sz 84 Kft.\"},\"image\":{\"@id\":\"https:\\\/\\\/tajkertesz.com\\\/#\\\/schema\\\/logo\\\/image\\\/\"},\"sameAs\":[\"https:\\\/\\\/www.facebook.com\\\/Tajkertesz\\\/\"]}]}<\/script>\n<!-- \/ Yoast SEO plugin. -->","yoast_head_json":{"title":"Fito BIO term\u00e9szetes csigariaszt\u00f3 0,5 kg - T\u00e1jkert\u00e9sz","description":"Fito BIO term\u00e9szetes csigariaszt\u00f3 0,5 kg","robots":{"index":"index","follow":"follow","max-snippet":"max-snippet:-1","max-image-preview":"max-image-preview:large","max-video-preview":"max-video-preview:-1"},"canonical":"https:\/\/tajkertesz.com\/en_US\/product\/fito-bio-termeszetes-csigariaszto-05-kg-2\/","og_locale":"en_US","og_type":"article","og_title":"Fito BIO term\u00e9szetes csigariaszt\u00f3 0,5 kg - T\u00e1jkert\u00e9sz","og_description":"Fito BIO term\u00e9szetes csigariaszt\u00f3 0,5 kg","og_url":"https:\/\/tajkertesz.com\/en_US\/product\/fito-bio-termeszetes-csigariaszto-05-kg-2\/","og_site_name":"T\u00e1jkert\u00e9sz","article_publisher":"https:\/\/www.facebook.com\/Tajkertesz\/","article_modified_time":"2026-02-13T15:51:27+00:00","og_image":[{"width":540,"height":540,"url":"https:\/\/tajkertesz.com\/wp-content\/uploads\/2021\/08\/fito.jpg","type":"image\/jpeg"}],"twitter_card":"summary_large_image","twitter_misc":{"Est. reading time":"3 minutes"},"schema":{"@context":"https:\/\/schema.org","@graph":[{"@type":"WebPage","@id":"https:\/\/tajkertesz.com\/termek\/fito-bio-termeszetes-csigariaszto-05-kg-2\/","url":"https:\/\/tajkertesz.com\/termek\/fito-bio-termeszetes-csigariaszto-05-kg-2\/","name":"Fito BIO term\u00e9szetes csigariaszt\u00f3 0,5 kg - T\u00e1jkert\u00e9sz","isPartOf":{"@id":"https:\/\/tajkertesz.com\/#website"},"primaryImageOfPage":{"@id":"https:\/\/tajkertesz.com\/termek\/fito-bio-termeszetes-csigariaszto-05-kg-2\/#primaryimage"},"image":{"@id":"https:\/\/tajkertesz.com\/termek\/fito-bio-termeszetes-csigariaszto-05-kg-2\/#primaryimage"},"thumbnailUrl":"https:\/\/tajkertesz.com\/wp-content\/uploads\/2021\/08\/fito.jpg","datePublished":"2023-05-31T10:43:43+00:00","dateModified":"2026-02-13T15:51:27+00:00","description":"Fito BIO term\u00e9szetes csigariaszt\u00f3 0,5 kg","breadcrumb":{"@id":"https:\/\/tajkertesz.com\/termek\/fito-bio-termeszetes-csigariaszto-05-kg-2\/#breadcrumb"},"inLanguage":"en-US","potentialAction":[{"@type":"ReadAction","target":["https:\/\/tajkertesz.com\/termek\/fito-bio-termeszetes-csigariaszto-05-kg-2\/"]}]},{"@type":"ImageObject","inLanguage":"en-US","@id":"https:\/\/tajkertesz.com\/termek\/fito-bio-termeszetes-csigariaszto-05-kg-2\/#primaryimage","url":"https:\/\/tajkertesz.com\/wp-content\/uploads\/2021\/08\/fito.jpg","contentUrl":"https:\/\/tajkertesz.com\/wp-content\/uploads\/2021\/08\/fito.jpg","width":540,"height":540},{"@type":"BreadcrumbList","@id":"https:\/\/tajkertesz.com\/termek\/fito-bio-termeszetes-csigariaszto-05-kg-2\/#breadcrumb","itemListElement":[{"@type":"ListItem","position":1,"name":"Home","item":"https:\/\/tajkertesz.com\/"},{"@type":"ListItem","position":2,"name":"Kezd\u0151lap","item":"https:\/\/tajkertesz.com\/"},{"@type":"ListItem","position":3,"name":"Fito BIO term\u00e9szetes csigariaszt\u00f3 0,5 kg"}]},{"@type":"WebSite","@id":"https:\/\/tajkertesz.com\/#website","url":"https:\/\/tajkertesz.com\/","name":"T\u00e1j-Kert\u00e9sz 84 Kft.","description":"Kert\u00e9szeti kis- \u00e9s nagykeresked\u00e9s, D\u00edszn\u00f6v\u00e9ny web\u00e1ruh\u00e1z orsz\u00e1gos h\u00e1zhozsz\u00e1ll\u00edt\u00e1ssal!","publisher":{"@id":"https:\/\/tajkertesz.com\/#organization"},"potentialAction":[{"@type":"SearchAction","target":{"@type":"EntryPoint","urlTemplate":"https:\/\/tajkertesz.com\/?s={search_term_string}"},"query-input":{"@type":"PropertyValueSpecification","valueRequired":true,"valueName":"search_term_string"}}],"inLanguage":"en-US"},{"@type":"Organization","@id":"https:\/\/tajkertesz.com\/#organization","name":"T\u00e1j-Kert\u00e9sz 84 Kft.","url":"https:\/\/tajkertesz.com\/","logo":{"@type":"ImageObject","inLanguage":"en-US","@id":"https:\/\/tajkertesz.com\/#\/schema\/logo\/image\/","url":"https:\/\/tajkertesz.com\/wp-content\/uploads\/2018\/02\/logo-2-e1518678052539.png","contentUrl":"https:\/\/tajkertesz.com\/wp-content\/uploads\/2018\/02\/logo-2-e1518678052539.png","width":81,"height":140,"caption":"T\u00e1j-Kert\u00e9sz 84 Kft."},"image":{"@id":"https:\/\/tajkertesz.com\/#\/schema\/logo\/image\/"},"sameAs":["https:\/\/www.facebook.com\/Tajkertesz\/"]}]}},"_links":{"self":[{"href":"https:\/\/tajkertesz.com\/en_US\/wp-json\/wp\/v2\/product\/15675","targetHints":{"allow":["GET"]}}],"collection":[{"href":"https:\/\/tajkertesz.com\/en_US\/wp-json\/wp\/v2\/product"}],"about":[{"href":"https:\/\/tajkertesz.com\/en_US\/wp-json\/wp\/v2\/types\/product"}],"wp:featuredmedia":[{"embeddable":true,"href":"https:\/\/tajkertesz.com\/en_US\/wp-json\/wp\/v2\/media\/7836"}],"wp:attachment":[{"href":"https:\/\/tajkertesz.com\/en_US\/wp-json\/wp\/v2\/media?parent=15675"}],"wp:term":[{"taxonomy":"product_brand","embeddable":true,"href":"https:\/\/tajkertesz.com\/en_US\/wp-json\/wp\/v2\/product_brand?post=15675"},{"taxonomy":"product_cat","embeddable":true,"href":"https:\/\/tajkertesz.com\/en_US\/wp-json\/wp\/v2\/product_cat?post=15675"},{"taxonomy":"product_tag","embeddable":true,"href":"https:\/\/tajkertesz.com\/en_US\/wp-json\/wp\/v2\/product_tag?post=15675"}],"curies":[{"name":"wp","href":"https:\/\/api.w.org\/{rel}","templated":true}]}}