{"id":15697,"date":"2023-06-05T11:06:33","date_gmt":"2023-06-05T11:06:33","guid":{"rendered":"https:\/\/tajkertesz.com\/?post_type=product&#038;p=15697"},"modified":"2024-01-29T11:23:01","modified_gmt":"2024-01-29T11:23:01","slug":"armo-sl-totalis-gyomirto-szer-5l","status":"publish","type":"product","link":"https:\/\/tajkertesz.com\/en_US\/product\/armo-sl-totalis-gyomirto-szer-5l\/","title":{"rendered":"Armo SL tot\u00e1lis gyomirt\u00f3 szer 5L"},"content":{"rendered":"<h2>Armo SL tot\u00e1lis gyomirt\u00f3 szer 5L<\/h2>\n<h4>Armo SL tot\u00e1lis gyomirt\u00f3 szer 5L<\/h4>\n<div>\n<div class=\"MuiCollapse-container MuiCollapse-entered\">\n<div class=\"MuiCollapse-wrapper\">\n<div class=\"MuiCollapse-wrapperInner\">\n<div>\n<div>\n<p>Tot\u00e1lis gyom\u00edrt\u00f3 szer.<\/p>\n<p>Adagol\u00e1sa: 1,5-2 dl\/ 10l v\u00edz<\/p>\n<p>Hat\u00f3anyag:\u00a0360 g\/l glifoz\u00e1t<\/p>\n<p>Forgalmaz\u00e1si kateg\u00f3ria: II (csak z\u00f6ldk\u00f6nyvvel v\u00e1s\u00e1rolhat\u00f3!)<\/p>\n<p>Javasolt n\u00f6v\u00e9nyv\u00e9delmi technol\u00f3gia:<\/p>\n<div>Kult\u00fara:<\/div>\n<div>almaterm\u00e9s\u0171ek (min. 3 \u00e9ves), \u00e1rokpartok, csatorn\u00e1k, csonth\u00e9jasok (min. 3 \u00e9ves), erd\u00e9szet fakitermel\u00e9s, erd\u00e9szet luc-, erdei-, dugl\u00e1szfeny\u0151, erd\u00e9szet \u00f6sszes fafaj, h\u00e9jas gy\u00fcm\u00f6lcs\u0171ek (min. 3 \u00e9ves), lakott ter\u00fcletek, kiskertek, legel\u0151 (gyep), lucerna, mez\u0151gazdas\u00e1gilag nem m\u0171velt ter\u00fcletek, napraforg\u00f3, \u0151szi \u00e1rpa, \u0151szi b\u00faza, repce, sz\u00e1nt\u00f3f\u00f6ld, tarl\u00f3, sz\u00f3ja, sz\u0151l\u0151, takarm\u00e1nykukorica, tavaszi \u00e1rpa, vas\u00fati p\u00e1lyatestek<\/div>\n<div><\/div>\n<div>K\u00e1ros\u00edt\u00f3:<\/div>\n<div>\u00c1llom\u00e1nysz\u00e1r\u00edt\u00e1s-aranka-\u00c9vel\u0151 egy- \u00e9s k\u00e9tszik\u0171 gyomok, magr\u00f3l kel\u0151 egy- \u00e9s k\u00e9tszik\u0171 gyomok, sarjhajt\u00e1s, tot\u00e1lis gyom- \u00e9s cserjeirt\u00e1s, tot\u00e1lis gyomirt\u00e1s.<\/div>\n<div><\/div>\n<div>El\u0151nyei:<\/div>\n<div>Tot\u00e1lis gyomirt\u00f3 szer<\/div>\n<div>Tallow-amine mentes<\/div>\n<div>Hat\u00e1soss\u00e1ga d\u00f3zist\u00f3l f\u00fcgg\u0151en kiterjed mind az \u00e9vel\u0151, mind a magr\u00f3l kel\u0151 egy-\u00e9s k\u00e9tszik\u0171 gyomn\u00f6v\u00e9nyekre.<\/div>\n<div>\n<p>El\u00e9rhet\u0151 t\u00f6bbf\u00e9le m\u00e9retben \u00e9s \u00e1rban.<\/p>\n<p><strong>K\u00e9szlet\u00fcnk napi szinten v\u00e1ltozik, ez\u00e9rt k\u00e9rj\u00fck, \u00e9rdekl\u0151dj\u00f6n szem\u00e9lyesen, telefonon vagy email-en.<br \/>\nA v\u00e1ltoztat\u00e1s jog\u00e1t fenntartjuk!\u00a0<\/strong><\/p>\n<h6><span style=\"color: #ffffff;\">Almaterm\u00e9s\u0171ek (min. 3 \u00e9ves), \u00e1rokpartok, csatorn\u00e1k, csonth\u00e9jasok (min. 3 \u00e9ves), erd\u00e9szet fakitermel\u00e9s, erd\u00e9szet luc-, erdei-, dugl\u00e1szfeny\u0151, erd\u00e9szet \u00f6sszes fafaj, h\u00e9jas gy\u00fcm\u00f6lcs\u0171ek (min. 3 \u00e9ves), lakott ter\u00fcletek, kiskertek, legel\u0151 (gyep), lucerna, mez\u0151gazdas\u00e1gilag nem m\u0171velt ter\u00fcletek, napraforg\u00f3, \u0151szi \u00e1rpa, \u0151szi b\u00faza, repce, sz\u00e1nt\u00f3f\u00f6ld, tarl\u00f3, sz\u00f3ja, sz\u0151l\u0151, takarm\u00e1nykukorica, tavaszi \u00e1rpa, vas\u00fati p\u00e1lyatestek<\/span><\/h6>\n<p><a href=\"https:\/\/tajkertesz.com\/\">https:\/\/tajkertesz.com\/<\/a><\/p>\n<p><a href=\"https:\/\/www.facebook.com\/tajkertesz\/\">https:\/\/www.facebook.com\/tajkertesz\/<\/a><\/p>\n<p>Kisz\u00e1ll\u00edt\u00e1s: 200cm-ig \u00a0\u00e9s 40 kg-ig a sz\u00e1ll\u00edt\u00e1s fut\u00e1rszolg\u00e1lattal \u00a0t\u00f6rt\u00e9nik.<\/p>\n<p>Szem\u00e9lyes \u00e1tv\u00e9tel nyitvatart\u00e1si id\u0151ben a 17. ker\u00fclet Bakancsos utca 7. sz\u00e1m alatti Kert\u00e9szeti \u00e1rud\u00e1ban.<\/p>\n<\/div>\n<\/div>\n<\/div>\n<\/div>\n<\/div>\n<\/div>\n<\/div>","protected":false},"excerpt":{"rendered":"<h2>Armo SL tot\u00e1lis gyomirt\u00f3 szer 5L<\/h2>\n<h3>Forgalmaz\u00e1si kateg\u00f3ria: II (csak z\u00f6ldk\u00f6nyvvel v\u00e1s\u00e1rolhat\u00f3!)<\/h3>\n<p>Glifoz\u00e1t tartalm\u00fa tot\u00e1lis gyomirt\u00f3szer&#8230;<\/p>","protected":false},"featured_media":15698,"template":"","meta":{"_et_pb_use_builder":"","_et_pb_old_content":"","_et_gb_content_width":""},"product_brand":[],"product_cat":[3422],"product_tag":[4736,4735,4737],"class_list":{"0":"post-15697","1":"product","2":"type-product","3":"status-publish","4":"has-post-thumbnail","6":"product_cat-gyomirto-szer","7":"product_tag-glifozat","8":"product_tag-gyomirto","9":"product_tag-totalisgyomirto","11":"first","12":"instock","13":"shipping-taxable","14":"purchasable","15":"product-type-simple"},"yoast_head":"<!-- This site is optimized with the Yoast SEO plugin v27.3 - https:\/\/yoast.com\/product\/yoast-seo-wordpress\/ -->\n<title>Armo SL tot\u00e1lis gyomirt\u00f3 szer 5L - T\u00e1jkert\u00e9sz<\/title>\n<meta name=\"description\" content=\"Armo SL tot\u00e1lis gyomirt\u00f3 szer 5L Forgalmi kat.: II. Csak kert\u00e9szet\u00fcnkben \u00e1tvehet\u0151! Azonnal \u00e1tvehet\u0151! Rendelje meg web\u00e1ruh\u00e1zunkban \u00e9s m\u00e1r aznap \u00e1tveheti...\" \/>\n<meta name=\"robots\" content=\"index, follow, max-snippet:-1, max-image-preview:large, max-video-preview:-1\" \/>\n<link rel=\"canonical\" href=\"https:\/\/tajkertesz.com\/en_US\/product\/armo-sl-totalis-gyomirto-szer-5l\/\" \/>\n<meta property=\"og:locale\" content=\"en_US\" \/>\n<meta property=\"og:type\" content=\"article\" \/>\n<meta property=\"og:title\" content=\"Armo SL tot\u00e1lis gyomirt\u00f3 szer 5L - T\u00e1jkert\u00e9sz\" \/>\n<meta property=\"og:description\" content=\"Armo SL tot\u00e1lis gyomirt\u00f3 szer 5L Forgalmi kat.: II. Csak kert\u00e9szet\u00fcnkben \u00e1tvehet\u0151! Azonnal \u00e1tvehet\u0151! Rendelje meg web\u00e1ruh\u00e1zunkban \u00e9s m\u00e1r aznap \u00e1tveheti...\" \/>\n<meta property=\"og:url\" content=\"https:\/\/tajkertesz.com\/en_US\/product\/armo-sl-totalis-gyomirto-szer-5l\/\" \/>\n<meta property=\"og:site_name\" content=\"T\u00e1jkert\u00e9sz\" \/>\n<meta property=\"article:publisher\" content=\"https:\/\/www.facebook.com\/Tajkertesz\/\" \/>\n<meta property=\"article:modified_time\" content=\"2024-01-29T11:23:01+00:00\" \/>\n<meta property=\"og:image\" content=\"https:\/\/tajkertesz.com\/wp-content\/uploads\/2023\/06\/20230605_122056-1-1-scaled.jpg\" \/>\n\t<meta property=\"og:image:width\" content=\"1492\" \/>\n\t<meta property=\"og:image:height\" content=\"2560\" \/>\n\t<meta property=\"og:image:type\" content=\"image\/jpeg\" \/>\n<meta name=\"twitter:card\" content=\"summary_large_image\" \/>\n<meta name=\"twitter:label1\" content=\"Est. reading time\" \/>\n\t<meta name=\"twitter:data1\" content=\"2 minutes\" \/>\n<script type=\"application\/ld+json\" class=\"yoast-schema-graph\">{\"@context\":\"https:\\\/\\\/schema.org\",\"@graph\":[{\"@type\":\"WebPage\",\"@id\":\"https:\\\/\\\/tajkertesz.com\\\/termek\\\/armo-sl-totalis-gyomirto-szer-5l\\\/\",\"url\":\"https:\\\/\\\/tajkertesz.com\\\/termek\\\/armo-sl-totalis-gyomirto-szer-5l\\\/\",\"name\":\"Armo SL tot\u00e1lis gyomirt\u00f3 szer 5L - T\u00e1jkert\u00e9sz\",\"isPartOf\":{\"@id\":\"https:\\\/\\\/tajkertesz.com\\\/#website\"},\"primaryImageOfPage\":{\"@id\":\"https:\\\/\\\/tajkertesz.com\\\/termek\\\/armo-sl-totalis-gyomirto-szer-5l\\\/#primaryimage\"},\"image\":{\"@id\":\"https:\\\/\\\/tajkertesz.com\\\/termek\\\/armo-sl-totalis-gyomirto-szer-5l\\\/#primaryimage\"},\"thumbnailUrl\":\"https:\\\/\\\/tajkertesz.com\\\/wp-content\\\/uploads\\\/2023\\\/06\\\/20230605_122056-1-1-scaled.jpg\",\"datePublished\":\"2023-06-05T11:06:33+00:00\",\"dateModified\":\"2024-01-29T11:23:01+00:00\",\"description\":\"Armo SL tot\u00e1lis gyomirt\u00f3 szer 5L Forgalmi kat.: II. Csak kert\u00e9szet\u00fcnkben \u00e1tvehet\u0151! Azonnal \u00e1tvehet\u0151! Rendelje meg web\u00e1ruh\u00e1zunkban \u00e9s m\u00e1r aznap \u00e1tveheti...\",\"breadcrumb\":{\"@id\":\"https:\\\/\\\/tajkertesz.com\\\/termek\\\/armo-sl-totalis-gyomirto-szer-5l\\\/#breadcrumb\"},\"inLanguage\":\"en-US\",\"potentialAction\":[{\"@type\":\"ReadAction\",\"target\":[\"https:\\\/\\\/tajkertesz.com\\\/termek\\\/armo-sl-totalis-gyomirto-szer-5l\\\/\"]}]},{\"@type\":\"ImageObject\",\"inLanguage\":\"en-US\",\"@id\":\"https:\\\/\\\/tajkertesz.com\\\/termek\\\/armo-sl-totalis-gyomirto-szer-5l\\\/#primaryimage\",\"url\":\"https:\\\/\\\/tajkertesz.com\\\/wp-content\\\/uploads\\\/2023\\\/06\\\/20230605_122056-1-1-scaled.jpg\",\"contentUrl\":\"https:\\\/\\\/tajkertesz.com\\\/wp-content\\\/uploads\\\/2023\\\/06\\\/20230605_122056-1-1-scaled.jpg\",\"width\":1492,\"height\":2560},{\"@type\":\"BreadcrumbList\",\"@id\":\"https:\\\/\\\/tajkertesz.com\\\/termek\\\/armo-sl-totalis-gyomirto-szer-5l\\\/#breadcrumb\",\"itemListElement\":[{\"@type\":\"ListItem\",\"position\":1,\"name\":\"Home\",\"item\":\"https:\\\/\\\/tajkertesz.com\\\/\"},{\"@type\":\"ListItem\",\"position\":2,\"name\":\"Kezd\u0151lap\",\"item\":\"https:\\\/\\\/tajkertesz.com\\\/\"},{\"@type\":\"ListItem\",\"position\":3,\"name\":\"Armo SL tot\u00e1lis gyomirt\u00f3 szer 5L\"}]},{\"@type\":\"WebSite\",\"@id\":\"https:\\\/\\\/tajkertesz.com\\\/#website\",\"url\":\"https:\\\/\\\/tajkertesz.com\\\/\",\"name\":\"T\u00e1j-Kert\u00e9sz 84 Kft.\",\"description\":\"Kert\u00e9szeti kis- \u00e9s nagykeresked\u00e9s, D\u00edszn\u00f6v\u00e9ny web\u00e1ruh\u00e1z orsz\u00e1gos h\u00e1zhozsz\u00e1ll\u00edt\u00e1ssal!\",\"publisher\":{\"@id\":\"https:\\\/\\\/tajkertesz.com\\\/#organization\"},\"potentialAction\":[{\"@type\":\"SearchAction\",\"target\":{\"@type\":\"EntryPoint\",\"urlTemplate\":\"https:\\\/\\\/tajkertesz.com\\\/?s={search_term_string}\"},\"query-input\":{\"@type\":\"PropertyValueSpecification\",\"valueRequired\":true,\"valueName\":\"search_term_string\"}}],\"inLanguage\":\"en-US\"},{\"@type\":\"Organization\",\"@id\":\"https:\\\/\\\/tajkertesz.com\\\/#organization\",\"name\":\"T\u00e1j-Kert\u00e9sz 84 Kft.\",\"url\":\"https:\\\/\\\/tajkertesz.com\\\/\",\"logo\":{\"@type\":\"ImageObject\",\"inLanguage\":\"en-US\",\"@id\":\"https:\\\/\\\/tajkertesz.com\\\/#\\\/schema\\\/logo\\\/image\\\/\",\"url\":\"https:\\\/\\\/tajkertesz.com\\\/wp-content\\\/uploads\\\/2018\\\/02\\\/logo-2-e1518678052539.png\",\"contentUrl\":\"https:\\\/\\\/tajkertesz.com\\\/wp-content\\\/uploads\\\/2018\\\/02\\\/logo-2-e1518678052539.png\",\"width\":81,\"height\":140,\"caption\":\"T\u00e1j-Kert\u00e9sz 84 Kft.\"},\"image\":{\"@id\":\"https:\\\/\\\/tajkertesz.com\\\/#\\\/schema\\\/logo\\\/image\\\/\"},\"sameAs\":[\"https:\\\/\\\/www.facebook.com\\\/Tajkertesz\\\/\"]}]}<\/script>\n<!-- \/ Yoast SEO plugin. -->","yoast_head_json":{"title":"Armo SL tot\u00e1lis gyomirt\u00f3 szer 5L - T\u00e1jkert\u00e9sz","description":"Armo SL tot\u00e1lis gyomirt\u00f3 szer 5L Forgalmi kat.: II. Csak kert\u00e9szet\u00fcnkben \u00e1tvehet\u0151! Azonnal \u00e1tvehet\u0151! Rendelje meg web\u00e1ruh\u00e1zunkban \u00e9s m\u00e1r aznap \u00e1tveheti...","robots":{"index":"index","follow":"follow","max-snippet":"max-snippet:-1","max-image-preview":"max-image-preview:large","max-video-preview":"max-video-preview:-1"},"canonical":"https:\/\/tajkertesz.com\/en_US\/product\/armo-sl-totalis-gyomirto-szer-5l\/","og_locale":"en_US","og_type":"article","og_title":"Armo SL tot\u00e1lis gyomirt\u00f3 szer 5L - T\u00e1jkert\u00e9sz","og_description":"Armo SL tot\u00e1lis gyomirt\u00f3 szer 5L Forgalmi kat.: II. Csak kert\u00e9szet\u00fcnkben \u00e1tvehet\u0151! Azonnal \u00e1tvehet\u0151! Rendelje meg web\u00e1ruh\u00e1zunkban \u00e9s m\u00e1r aznap \u00e1tveheti...","og_url":"https:\/\/tajkertesz.com\/en_US\/product\/armo-sl-totalis-gyomirto-szer-5l\/","og_site_name":"T\u00e1jkert\u00e9sz","article_publisher":"https:\/\/www.facebook.com\/Tajkertesz\/","article_modified_time":"2024-01-29T11:23:01+00:00","og_image":[{"width":1492,"height":2560,"url":"https:\/\/tajkertesz.com\/wp-content\/uploads\/2023\/06\/20230605_122056-1-1-scaled.jpg","type":"image\/jpeg"}],"twitter_card":"summary_large_image","twitter_misc":{"Est. reading time":"2 minutes"},"schema":{"@context":"https:\/\/schema.org","@graph":[{"@type":"WebPage","@id":"https:\/\/tajkertesz.com\/termek\/armo-sl-totalis-gyomirto-szer-5l\/","url":"https:\/\/tajkertesz.com\/termek\/armo-sl-totalis-gyomirto-szer-5l\/","name":"Armo SL tot\u00e1lis gyomirt\u00f3 szer 5L - T\u00e1jkert\u00e9sz","isPartOf":{"@id":"https:\/\/tajkertesz.com\/#website"},"primaryImageOfPage":{"@id":"https:\/\/tajkertesz.com\/termek\/armo-sl-totalis-gyomirto-szer-5l\/#primaryimage"},"image":{"@id":"https:\/\/tajkertesz.com\/termek\/armo-sl-totalis-gyomirto-szer-5l\/#primaryimage"},"thumbnailUrl":"https:\/\/tajkertesz.com\/wp-content\/uploads\/2023\/06\/20230605_122056-1-1-scaled.jpg","datePublished":"2023-06-05T11:06:33+00:00","dateModified":"2024-01-29T11:23:01+00:00","description":"Armo SL tot\u00e1lis gyomirt\u00f3 szer 5L Forgalmi kat.: II. Csak kert\u00e9szet\u00fcnkben \u00e1tvehet\u0151! Azonnal \u00e1tvehet\u0151! Rendelje meg web\u00e1ruh\u00e1zunkban \u00e9s m\u00e1r aznap \u00e1tveheti...","breadcrumb":{"@id":"https:\/\/tajkertesz.com\/termek\/armo-sl-totalis-gyomirto-szer-5l\/#breadcrumb"},"inLanguage":"en-US","potentialAction":[{"@type":"ReadAction","target":["https:\/\/tajkertesz.com\/termek\/armo-sl-totalis-gyomirto-szer-5l\/"]}]},{"@type":"ImageObject","inLanguage":"en-US","@id":"https:\/\/tajkertesz.com\/termek\/armo-sl-totalis-gyomirto-szer-5l\/#primaryimage","url":"https:\/\/tajkertesz.com\/wp-content\/uploads\/2023\/06\/20230605_122056-1-1-scaled.jpg","contentUrl":"https:\/\/tajkertesz.com\/wp-content\/uploads\/2023\/06\/20230605_122056-1-1-scaled.jpg","width":1492,"height":2560},{"@type":"BreadcrumbList","@id":"https:\/\/tajkertesz.com\/termek\/armo-sl-totalis-gyomirto-szer-5l\/#breadcrumb","itemListElement":[{"@type":"ListItem","position":1,"name":"Home","item":"https:\/\/tajkertesz.com\/"},{"@type":"ListItem","position":2,"name":"Kezd\u0151lap","item":"https:\/\/tajkertesz.com\/"},{"@type":"ListItem","position":3,"name":"Armo SL tot\u00e1lis gyomirt\u00f3 szer 5L"}]},{"@type":"WebSite","@id":"https:\/\/tajkertesz.com\/#website","url":"https:\/\/tajkertesz.com\/","name":"T\u00e1j-Kert\u00e9sz 84 Kft.","description":"Kert\u00e9szeti kis- \u00e9s nagykeresked\u00e9s, D\u00edszn\u00f6v\u00e9ny web\u00e1ruh\u00e1z orsz\u00e1gos h\u00e1zhozsz\u00e1ll\u00edt\u00e1ssal!","publisher":{"@id":"https:\/\/tajkertesz.com\/#organization"},"potentialAction":[{"@type":"SearchAction","target":{"@type":"EntryPoint","urlTemplate":"https:\/\/tajkertesz.com\/?s={search_term_string}"},"query-input":{"@type":"PropertyValueSpecification","valueRequired":true,"valueName":"search_term_string"}}],"inLanguage":"en-US"},{"@type":"Organization","@id":"https:\/\/tajkertesz.com\/#organization","name":"T\u00e1j-Kert\u00e9sz 84 Kft.","url":"https:\/\/tajkertesz.com\/","logo":{"@type":"ImageObject","inLanguage":"en-US","@id":"https:\/\/tajkertesz.com\/#\/schema\/logo\/image\/","url":"https:\/\/tajkertesz.com\/wp-content\/uploads\/2018\/02\/logo-2-e1518678052539.png","contentUrl":"https:\/\/tajkertesz.com\/wp-content\/uploads\/2018\/02\/logo-2-e1518678052539.png","width":81,"height":140,"caption":"T\u00e1j-Kert\u00e9sz 84 Kft."},"image":{"@id":"https:\/\/tajkertesz.com\/#\/schema\/logo\/image\/"},"sameAs":["https:\/\/www.facebook.com\/Tajkertesz\/"]}]}},"_links":{"self":[{"href":"https:\/\/tajkertesz.com\/en_US\/wp-json\/wp\/v2\/product\/15697","targetHints":{"allow":["GET"]}}],"collection":[{"href":"https:\/\/tajkertesz.com\/en_US\/wp-json\/wp\/v2\/product"}],"about":[{"href":"https:\/\/tajkertesz.com\/en_US\/wp-json\/wp\/v2\/types\/product"}],"wp:featuredmedia":[{"embeddable":true,"href":"https:\/\/tajkertesz.com\/en_US\/wp-json\/wp\/v2\/media\/15698"}],"wp:attachment":[{"href":"https:\/\/tajkertesz.com\/en_US\/wp-json\/wp\/v2\/media?parent=15697"}],"wp:term":[{"taxonomy":"product_brand","embeddable":true,"href":"https:\/\/tajkertesz.com\/en_US\/wp-json\/wp\/v2\/product_brand?post=15697"},{"taxonomy":"product_cat","embeddable":true,"href":"https:\/\/tajkertesz.com\/en_US\/wp-json\/wp\/v2\/product_cat?post=15697"},{"taxonomy":"product_tag","embeddable":true,"href":"https:\/\/tajkertesz.com\/en_US\/wp-json\/wp\/v2\/product_tag?post=15697"}],"curies":[{"name":"wp","href":"https:\/\/api.w.org\/{rel}","templated":true}]}}