{"id":15726,"date":"2023-06-07T14:22:09","date_gmt":"2023-06-07T14:22:09","guid":{"rendered":"https:\/\/tajkertesz.com\/?post_type=product&#038;p=15726"},"modified":"2023-06-07T14:22:10","modified_gmt":"2023-06-07T14:22:10","slug":"nortene-tomatex-paradicsomtermeszto-tomlo","status":"publish","type":"product","link":"https:\/\/tajkertesz.com\/en_US\/product\/nortene-tomatex-paradicsomtermeszto-tomlo\/","title":{"rendered":"Nortene Tomatex paradicsomtermeszt\u0151 t\u00f6ml\u0151"},"content":{"rendered":"<h2>Nortene Tomatex paradicsomtermeszt\u0151 t\u00f6ml\u0151<\/h2>\n<h2 class=\"justtellmewhat uppercase color-green-2 text-3xl mt-10\">EL\u0150NY\u00d6K<\/h2>\n<div class=\"mt-2 color-brown text-lg\">\n<p>&#8211; Lehet\u0151v\u00e9 teszi a paradicsomok gyorsabb, betegs\u00e9gmentes n\u00f6veked\u00e9s\u00e9t, mert alatta mikrokl\u00edma alakul ki.<br \/>\n&#8211; V\u00e9d a hidegt\u0151l \u00e9s a rossz id\u0151j\u00e1r\u00e1st\u00f3l. &#8211; Szell\u0151zik, de m\u00e9gis v\u00e9d! &#8211; V\u00edz\u00e1tereszt\u0151.<br \/>\n&#8211; Haszn\u00e1lhat\u00f3 tavasszal, \u0151sszel. &#8211; A k\u00edv\u00e1nt hosszra szabhat\u00f3.<br \/>\n&#8211; Ellen\u00e1ll az UV sug\u00e1rz\u00e1snak, \u00edgy ak\u00e1r t\u00f6bb \u00e9vig is haszn\u00e1lhat\u00f3.<\/p>\n<p>A\u00a0<b>Tomatex\u00a0<\/b>nem sz\u0151tt text\u00edliasz\u00f6vet is alkalmas a paradicsomt\u00f6vek nevel\u00e9s\u00e9re. Leveg\u0151- \u00e9s v\u00edz\u00e1tereszt\u0151, enn\u00e9l fogva szavatolja az eg\u00e9szs\u00e9ges n\u00f6veked\u00e9shez sz\u00fcks\u00e9ges l\u00e9gmozg\u00e1si \u00e9s nedvess\u00e9gi k\u00f6r\u00fclm\u00e9nyeket. Ez a sz\u00f6vet j\u00f3 szigetel\u0151, valamint v\u00e9di a n\u00f6v\u00e9nyeket az es\u0151, sz\u00e9l \u00e9s a h\u00f3 k\u00e1ros\u00edt\u00f3 hat\u00e1sait\u00f3l.<\/p>\n<\/div>\n<h2 class=\"justtellmewhat uppercase color-green-2 text-3xl mt-10\">JELLEMZ\u0150K<\/h2>\n<div class=\"mt-2 color-brown text-lg\">\n<p>&#8211; Anyaga: nem sz\u0151tt PP (polipropil\u00e9n) text\u00edlia &#8211; S\u00falya: 17 g\/m2 &#8211; \u00c1rm\u00e9r\u0151je: 38 cm &#8211; Hossza: 10 m &#8211; UV \u00e1ll\u00f3: igen<\/p>\n<p>&nbsp;<\/p>\n<\/div>\n<p><a href=\"https:\/\/tajkertesz.com\/\">https:\/\/tajkertesz.com\/<\/a><\/p>\n<p><a href=\"https:\/\/www.facebook.com\/tajkertesz\">https:\/\/www.facebook.com\/tajkertesz<\/a><\/p>\n<p><b>K\u00e9szlet\u00fcnk napi szinten v\u00e1ltozik, ez\u00e9rt k\u00e9rj\u00fck, \u00e9rdekl\u0151dj\u00f6n szem\u00e9lyesen, telefonon vagy email-en.<br \/>\nA v\u00e1ltoztat\u00e1s jog\u00e1t fenntartjuk!\u00a0<\/b><\/p>\n<p>Sz\u00e1ll\u00edt\u00e1s fut\u00e1rszolg\u00e1lattal 200 cm-is, \u00e9s 40 kg-ig lehets\u00e9ges. E felett szem\u00e9lyes \u00e1tv\u00e9tellel vagy egyeztetett sz\u00e1ll\u00edt\u00e1si felt\u00e9tellel lehet.<\/p>","protected":false},"excerpt":{"rendered":"<h1 class=\"justtellmewhat color-green-2 mt-4 text-2xl leading-none\">Paradicsomtermeszt\u0151 t\u00f6ml\u0151<\/h1>\n<div class=\"mt-2 color-brown text-lg\">Ha zamatos, saj\u00e1t termeszt\u00e9s\u0171 paradicsomra v\u00e1gyik \u00e9s ak\u00e1r m\u00e9g \u0151sszel is szeretne paradicsomsal\u00e1t\u00e1t fogyasztani, a korai \u00e9s k\u00e9sei v\u00e9delemben is seg\u00edts\u00e9g\u00fcnkre lehet a TOMATEX paradicsomt\u00f6ml\u0151. Nagyszer\u0171s\u00e9ge egyszer\u0171s\u00e9g\u00e9ben rejlik.<\/div>","protected":false},"featured_media":15727,"template":"","meta":{"_et_pb_use_builder":"","_et_pb_old_content":"","_et_gb_content_width":""},"product_brand":[],"product_cat":[1574],"product_tag":[],"class_list":{"0":"post-15726","1":"product","2":"type-product","3":"status-publish","4":"has-post-thumbnail","6":"product_cat-foliak-geotextiliak-vakondhalok-talajtakaro-anyagok","8":"first","9":"instock","10":"shipping-taxable","11":"purchasable","12":"product-type-simple"},"yoast_head":"<!-- This site is optimized with the Yoast SEO plugin v27.4 - https:\/\/yoast.com\/product\/yoast-seo-wordpress\/ -->\n<title>Nortene Tomatex paradicsomtermeszt\u0151 t\u00f6ml\u0151 - T\u00e1jkert\u00e9sz<\/title>\n<meta name=\"description\" content=\"Nortene Tomatex paradicsomtermeszt\u0151 t\u00f6ml\u0151. Rendeljen kert\u00e9szeti term\u00e9keket kert\u00e9szet\u00fcnkb\u0151l \u00e9s ak\u00e1r m\u00e1r a mai napon \u00e1tveheti nyitvatart\u00e1si id\u0151ben!\" \/>\n<meta name=\"robots\" content=\"index, follow, max-snippet:-1, max-image-preview:large, max-video-preview:-1\" \/>\n<link rel=\"canonical\" href=\"https:\/\/tajkertesz.com\/en_US\/product\/nortene-tomatex-paradicsomtermeszto-tomlo\/\" \/>\n<meta property=\"og:locale\" content=\"en_US\" \/>\n<meta property=\"og:type\" content=\"article\" \/>\n<meta property=\"og:title\" content=\"Nortene Tomatex paradicsomtermeszt\u0151 t\u00f6ml\u0151 - T\u00e1jkert\u00e9sz\" \/>\n<meta property=\"og:description\" content=\"Nortene Tomatex paradicsomtermeszt\u0151 t\u00f6ml\u0151. Rendeljen kert\u00e9szeti term\u00e9keket kert\u00e9szet\u00fcnkb\u0151l \u00e9s ak\u00e1r m\u00e1r a mai napon \u00e1tveheti nyitvatart\u00e1si id\u0151ben!\" \/>\n<meta property=\"og:url\" content=\"https:\/\/tajkertesz.com\/en_US\/product\/nortene-tomatex-paradicsomtermeszto-tomlo\/\" \/>\n<meta property=\"og:site_name\" content=\"T\u00e1jkert\u00e9sz\" \/>\n<meta property=\"article:publisher\" content=\"https:\/\/www.facebook.com\/Tajkertesz\/\" \/>\n<meta property=\"article:modified_time\" content=\"2023-06-07T14:22:10+00:00\" \/>\n<meta property=\"og:image\" content=\"https:\/\/tajkertesz.com\/wp-content\/uploads\/2023\/06\/110163A.jpg-478x430-1.jpg\" \/>\n\t<meta property=\"og:image:width\" content=\"478\" \/>\n\t<meta property=\"og:image:height\" content=\"430\" \/>\n\t<meta property=\"og:image:type\" content=\"image\/jpeg\" \/>\n<meta name=\"twitter:card\" content=\"summary_large_image\" \/>\n<meta name=\"twitter:label1\" content=\"Est. reading time\" \/>\n\t<meta name=\"twitter:data1\" content=\"1 minute\" \/>\n<script type=\"application\/ld+json\" class=\"yoast-schema-graph\">{\"@context\":\"https:\\\/\\\/schema.org\",\"@graph\":[{\"@type\":\"WebPage\",\"@id\":\"https:\\\/\\\/tajkertesz.com\\\/termek\\\/nortene-tomatex-paradicsomtermeszto-tomlo\\\/\",\"url\":\"https:\\\/\\\/tajkertesz.com\\\/termek\\\/nortene-tomatex-paradicsomtermeszto-tomlo\\\/\",\"name\":\"Nortene Tomatex paradicsomtermeszt\u0151 t\u00f6ml\u0151 - T\u00e1jkert\u00e9sz\",\"isPartOf\":{\"@id\":\"https:\\\/\\\/tajkertesz.com\\\/#website\"},\"primaryImageOfPage\":{\"@id\":\"https:\\\/\\\/tajkertesz.com\\\/termek\\\/nortene-tomatex-paradicsomtermeszto-tomlo\\\/#primaryimage\"},\"image\":{\"@id\":\"https:\\\/\\\/tajkertesz.com\\\/termek\\\/nortene-tomatex-paradicsomtermeszto-tomlo\\\/#primaryimage\"},\"thumbnailUrl\":\"https:\\\/\\\/tajkertesz.com\\\/wp-content\\\/uploads\\\/2023\\\/06\\\/110163A.jpg-478x430-1.jpg\",\"datePublished\":\"2023-06-07T14:22:09+00:00\",\"dateModified\":\"2023-06-07T14:22:10+00:00\",\"description\":\"Nortene Tomatex paradicsomtermeszt\u0151 t\u00f6ml\u0151. Rendeljen kert\u00e9szeti term\u00e9keket kert\u00e9szet\u00fcnkb\u0151l \u00e9s ak\u00e1r m\u00e1r a mai napon \u00e1tveheti nyitvatart\u00e1si id\u0151ben!\",\"breadcrumb\":{\"@id\":\"https:\\\/\\\/tajkertesz.com\\\/termek\\\/nortene-tomatex-paradicsomtermeszto-tomlo\\\/#breadcrumb\"},\"inLanguage\":\"en-US\",\"potentialAction\":[{\"@type\":\"ReadAction\",\"target\":[\"https:\\\/\\\/tajkertesz.com\\\/termek\\\/nortene-tomatex-paradicsomtermeszto-tomlo\\\/\"]}]},{\"@type\":\"ImageObject\",\"inLanguage\":\"en-US\",\"@id\":\"https:\\\/\\\/tajkertesz.com\\\/termek\\\/nortene-tomatex-paradicsomtermeszto-tomlo\\\/#primaryimage\",\"url\":\"https:\\\/\\\/tajkertesz.com\\\/wp-content\\\/uploads\\\/2023\\\/06\\\/110163A.jpg-478x430-1.jpg\",\"contentUrl\":\"https:\\\/\\\/tajkertesz.com\\\/wp-content\\\/uploads\\\/2023\\\/06\\\/110163A.jpg-478x430-1.jpg\",\"width\":478,\"height\":430},{\"@type\":\"BreadcrumbList\",\"@id\":\"https:\\\/\\\/tajkertesz.com\\\/termek\\\/nortene-tomatex-paradicsomtermeszto-tomlo\\\/#breadcrumb\",\"itemListElement\":[{\"@type\":\"ListItem\",\"position\":1,\"name\":\"Home\",\"item\":\"https:\\\/\\\/tajkertesz.com\\\/\"},{\"@type\":\"ListItem\",\"position\":2,\"name\":\"Kezd\u0151lap\",\"item\":\"https:\\\/\\\/tajkertesz.com\\\/\"},{\"@type\":\"ListItem\",\"position\":3,\"name\":\"Nortene Tomatex paradicsomtermeszt\u0151 t\u00f6ml\u0151\"}]},{\"@type\":\"WebSite\",\"@id\":\"https:\\\/\\\/tajkertesz.com\\\/#website\",\"url\":\"https:\\\/\\\/tajkertesz.com\\\/\",\"name\":\"T\u00e1j-Kert\u00e9sz 84 Kft.\",\"description\":\"Kert\u00e9szeti kis- \u00e9s nagykeresked\u00e9s, D\u00edszn\u00f6v\u00e9ny web\u00e1ruh\u00e1z orsz\u00e1gos h\u00e1zhozsz\u00e1ll\u00edt\u00e1ssal!\",\"publisher\":{\"@id\":\"https:\\\/\\\/tajkertesz.com\\\/#organization\"},\"potentialAction\":[{\"@type\":\"SearchAction\",\"target\":{\"@type\":\"EntryPoint\",\"urlTemplate\":\"https:\\\/\\\/tajkertesz.com\\\/?s={search_term_string}\"},\"query-input\":{\"@type\":\"PropertyValueSpecification\",\"valueRequired\":true,\"valueName\":\"search_term_string\"}}],\"inLanguage\":\"en-US\"},{\"@type\":\"Organization\",\"@id\":\"https:\\\/\\\/tajkertesz.com\\\/#organization\",\"name\":\"T\u00e1j-Kert\u00e9sz 84 Kft.\",\"url\":\"https:\\\/\\\/tajkertesz.com\\\/\",\"logo\":{\"@type\":\"ImageObject\",\"inLanguage\":\"en-US\",\"@id\":\"https:\\\/\\\/tajkertesz.com\\\/#\\\/schema\\\/logo\\\/image\\\/\",\"url\":\"https:\\\/\\\/tajkertesz.com\\\/wp-content\\\/uploads\\\/2018\\\/02\\\/logo-2-e1518678052539.png\",\"contentUrl\":\"https:\\\/\\\/tajkertesz.com\\\/wp-content\\\/uploads\\\/2018\\\/02\\\/logo-2-e1518678052539.png\",\"width\":81,\"height\":140,\"caption\":\"T\u00e1j-Kert\u00e9sz 84 Kft.\"},\"image\":{\"@id\":\"https:\\\/\\\/tajkertesz.com\\\/#\\\/schema\\\/logo\\\/image\\\/\"},\"sameAs\":[\"https:\\\/\\\/www.facebook.com\\\/Tajkertesz\\\/\"]}]}<\/script>\n<!-- \/ Yoast SEO plugin. -->","yoast_head_json":{"title":"Nortene Tomatex paradicsomtermeszt\u0151 t\u00f6ml\u0151 - T\u00e1jkert\u00e9sz","description":"Nortene Tomatex paradicsomtermeszt\u0151 t\u00f6ml\u0151. Rendeljen kert\u00e9szeti term\u00e9keket kert\u00e9szet\u00fcnkb\u0151l \u00e9s ak\u00e1r m\u00e1r a mai napon \u00e1tveheti nyitvatart\u00e1si id\u0151ben!","robots":{"index":"index","follow":"follow","max-snippet":"max-snippet:-1","max-image-preview":"max-image-preview:large","max-video-preview":"max-video-preview:-1"},"canonical":"https:\/\/tajkertesz.com\/en_US\/product\/nortene-tomatex-paradicsomtermeszto-tomlo\/","og_locale":"en_US","og_type":"article","og_title":"Nortene Tomatex paradicsomtermeszt\u0151 t\u00f6ml\u0151 - T\u00e1jkert\u00e9sz","og_description":"Nortene Tomatex paradicsomtermeszt\u0151 t\u00f6ml\u0151. Rendeljen kert\u00e9szeti term\u00e9keket kert\u00e9szet\u00fcnkb\u0151l \u00e9s ak\u00e1r m\u00e1r a mai napon \u00e1tveheti nyitvatart\u00e1si id\u0151ben!","og_url":"https:\/\/tajkertesz.com\/en_US\/product\/nortene-tomatex-paradicsomtermeszto-tomlo\/","og_site_name":"T\u00e1jkert\u00e9sz","article_publisher":"https:\/\/www.facebook.com\/Tajkertesz\/","article_modified_time":"2023-06-07T14:22:10+00:00","og_image":[{"width":478,"height":430,"url":"https:\/\/tajkertesz.com\/wp-content\/uploads\/2023\/06\/110163A.jpg-478x430-1.jpg","type":"image\/jpeg"}],"twitter_card":"summary_large_image","twitter_misc":{"Est. reading time":"1 minute"},"schema":{"@context":"https:\/\/schema.org","@graph":[{"@type":"WebPage","@id":"https:\/\/tajkertesz.com\/termek\/nortene-tomatex-paradicsomtermeszto-tomlo\/","url":"https:\/\/tajkertesz.com\/termek\/nortene-tomatex-paradicsomtermeszto-tomlo\/","name":"Nortene Tomatex paradicsomtermeszt\u0151 t\u00f6ml\u0151 - T\u00e1jkert\u00e9sz","isPartOf":{"@id":"https:\/\/tajkertesz.com\/#website"},"primaryImageOfPage":{"@id":"https:\/\/tajkertesz.com\/termek\/nortene-tomatex-paradicsomtermeszto-tomlo\/#primaryimage"},"image":{"@id":"https:\/\/tajkertesz.com\/termek\/nortene-tomatex-paradicsomtermeszto-tomlo\/#primaryimage"},"thumbnailUrl":"https:\/\/tajkertesz.com\/wp-content\/uploads\/2023\/06\/110163A.jpg-478x430-1.jpg","datePublished":"2023-06-07T14:22:09+00:00","dateModified":"2023-06-07T14:22:10+00:00","description":"Nortene Tomatex paradicsomtermeszt\u0151 t\u00f6ml\u0151. Rendeljen kert\u00e9szeti term\u00e9keket kert\u00e9szet\u00fcnkb\u0151l \u00e9s ak\u00e1r m\u00e1r a mai napon \u00e1tveheti nyitvatart\u00e1si id\u0151ben!","breadcrumb":{"@id":"https:\/\/tajkertesz.com\/termek\/nortene-tomatex-paradicsomtermeszto-tomlo\/#breadcrumb"},"inLanguage":"en-US","potentialAction":[{"@type":"ReadAction","target":["https:\/\/tajkertesz.com\/termek\/nortene-tomatex-paradicsomtermeszto-tomlo\/"]}]},{"@type":"ImageObject","inLanguage":"en-US","@id":"https:\/\/tajkertesz.com\/termek\/nortene-tomatex-paradicsomtermeszto-tomlo\/#primaryimage","url":"https:\/\/tajkertesz.com\/wp-content\/uploads\/2023\/06\/110163A.jpg-478x430-1.jpg","contentUrl":"https:\/\/tajkertesz.com\/wp-content\/uploads\/2023\/06\/110163A.jpg-478x430-1.jpg","width":478,"height":430},{"@type":"BreadcrumbList","@id":"https:\/\/tajkertesz.com\/termek\/nortene-tomatex-paradicsomtermeszto-tomlo\/#breadcrumb","itemListElement":[{"@type":"ListItem","position":1,"name":"Home","item":"https:\/\/tajkertesz.com\/"},{"@type":"ListItem","position":2,"name":"Kezd\u0151lap","item":"https:\/\/tajkertesz.com\/"},{"@type":"ListItem","position":3,"name":"Nortene Tomatex paradicsomtermeszt\u0151 t\u00f6ml\u0151"}]},{"@type":"WebSite","@id":"https:\/\/tajkertesz.com\/#website","url":"https:\/\/tajkertesz.com\/","name":"T\u00e1j-Kert\u00e9sz 84 Kft.","description":"Kert\u00e9szeti kis- \u00e9s nagykeresked\u00e9s, D\u00edszn\u00f6v\u00e9ny web\u00e1ruh\u00e1z orsz\u00e1gos h\u00e1zhozsz\u00e1ll\u00edt\u00e1ssal!","publisher":{"@id":"https:\/\/tajkertesz.com\/#organization"},"potentialAction":[{"@type":"SearchAction","target":{"@type":"EntryPoint","urlTemplate":"https:\/\/tajkertesz.com\/?s={search_term_string}"},"query-input":{"@type":"PropertyValueSpecification","valueRequired":true,"valueName":"search_term_string"}}],"inLanguage":"en-US"},{"@type":"Organization","@id":"https:\/\/tajkertesz.com\/#organization","name":"T\u00e1j-Kert\u00e9sz 84 Kft.","url":"https:\/\/tajkertesz.com\/","logo":{"@type":"ImageObject","inLanguage":"en-US","@id":"https:\/\/tajkertesz.com\/#\/schema\/logo\/image\/","url":"https:\/\/tajkertesz.com\/wp-content\/uploads\/2018\/02\/logo-2-e1518678052539.png","contentUrl":"https:\/\/tajkertesz.com\/wp-content\/uploads\/2018\/02\/logo-2-e1518678052539.png","width":81,"height":140,"caption":"T\u00e1j-Kert\u00e9sz 84 Kft."},"image":{"@id":"https:\/\/tajkertesz.com\/#\/schema\/logo\/image\/"},"sameAs":["https:\/\/www.facebook.com\/Tajkertesz\/"]}]}},"_links":{"self":[{"href":"https:\/\/tajkertesz.com\/en_US\/wp-json\/wp\/v2\/product\/15726","targetHints":{"allow":["GET"]}}],"collection":[{"href":"https:\/\/tajkertesz.com\/en_US\/wp-json\/wp\/v2\/product"}],"about":[{"href":"https:\/\/tajkertesz.com\/en_US\/wp-json\/wp\/v2\/types\/product"}],"wp:featuredmedia":[{"embeddable":true,"href":"https:\/\/tajkertesz.com\/en_US\/wp-json\/wp\/v2\/media\/15727"}],"wp:attachment":[{"href":"https:\/\/tajkertesz.com\/en_US\/wp-json\/wp\/v2\/media?parent=15726"}],"wp:term":[{"taxonomy":"product_brand","embeddable":true,"href":"https:\/\/tajkertesz.com\/en_US\/wp-json\/wp\/v2\/product_brand?post=15726"},{"taxonomy":"product_cat","embeddable":true,"href":"https:\/\/tajkertesz.com\/en_US\/wp-json\/wp\/v2\/product_cat?post=15726"},{"taxonomy":"product_tag","embeddable":true,"href":"https:\/\/tajkertesz.com\/en_US\/wp-json\/wp\/v2\/product_tag?post=15726"}],"curies":[{"name":"wp","href":"https:\/\/api.w.org\/{rel}","templated":true}]}}