{"id":15754,"date":"2023-06-09T08:14:07","date_gmt":"2023-06-09T08:14:07","guid":{"rendered":"https:\/\/tajkertesz.com\/?post_type=product&#038;p=15754"},"modified":"2023-06-09T08:15:18","modified_gmt":"2023-06-09T08:15:18","slug":"nature-esoszintmero-35mm-ig","status":"publish","type":"product","link":"https:\/\/tajkertesz.com\/en_US\/product\/nature-esoszintmero-35mm-ig\/","title":{"rendered":"Nature es\u0151szintm\u00e9r\u0151 35mm-ig."},"content":{"rendered":"<h2><strong>Nature es\u0151szintm\u00e9r\u0151 35mm-ig.<\/strong><\/h2>\n<p>Csapad\u00e9km\u00e9r\u0151, mely seg\u00edt\u00e9g\u00e9vel pontosan, egyszer\u0171en meg\u00e1llap\u00edthatja az es\u0151 mennyis\u00e9g\u00e9t.<\/p>\n<p>&nbsp;<\/p>\n<p><b>K\u00e9szlet\u00fcnk napi szinten v\u00e1ltozik, ez\u00e9rt k\u00e9rj\u00fck, \u00e9rdekl\u0151dj\u00f6n szem\u00e9lyesen, telefonon vagy email-en.<br \/>\nA v\u00e1ltoztat\u00e1s jog\u00e1t fenntartjuk!\u00a0<\/b><\/p>\n<p><a href=\"https:\/\/tajkertesz.com\/\" target=\"_blank\" rel=\"noopener\" data-saferedirecturl=\"https:\/\/www.google.com\/url?q=https:\/\/tajkertesz.com\/&amp;source=gmail&amp;ust=1666170390873000&amp;usg=AOvVaw246SUy_k-vsTc4v7MZShIp\">https:\/\/tajkertesz.com\/<\/a><\/p>\n<p><a href=\"https:\/\/www.facebook.com\/tajkertesz\/\" target=\"_blank\" rel=\"noopener\" data-saferedirecturl=\"https:\/\/www.google.com\/url?q=https:\/\/www.facebook.com\/tajkertesz\/&amp;source=gmail&amp;ust=1666170390873000&amp;usg=AOvVaw0j7b4GED9VpgPUOtu4R02M\">https:\/\/www.facebook.com\/<wbr \/>tajkertesz\/<\/a><\/p>\n<p>Kisz\u00e1ll\u00edt\u00e1s: 200cm-ig \u00a0\u00e9s 40 kg-ig a sz\u00e1ll\u00edt\u00e1s fut\u00e1rszolg\u00e1lattal \u00a0t\u00f6rt\u00e9nik.<\/p>\n<p>Szem\u00e9lyes \u00e1tv\u00e9tel nyitvatart\u00e1si id\u0151ben a 17. ker\u00fclet Bakancsos utca 7. sz\u00e1m alatti Kert\u00e9szeti \u00e1rud\u00e1ban.<\/p>\n<p>&nbsp;<\/p>","protected":false},"excerpt":{"rendered":"<h2><strong>Nature es\u0151szintm\u00e9r\u0151 35mm-ig.<\/strong><\/h2>\n<p>Az alapt\u00e1maszra t\u00f6rt\u00e9n\u0151 r\u00f6gz\u00edt\u00e9shez (nincs mell\u00e9kelve). Pontos m\u00e9r\u00e9s\u00e9nek k\u00f6sz\u00f6nhet\u0151en megjelen\u00edti a csapad\u00e9k mennyis\u00e9g\u00e9t. Legfeljebb<br \/>\n35 mm m\u00e9r\u00e9s\u00e9re alkalmas (1 mm = 1 liter\/m\u00b2).<\/p>\n<table class=\"parameter-table table table-bordered m-0\">\n<tbody>\n<tr>\n<td>Anyaga<\/td>\n<td><strong>m\u0171anyag<\/strong><\/td>\n<\/tr>\n<tr>\n<td>M\u00e9rete<\/td>\n<td><strong>24,5 x 8 cm<\/strong><\/td>\n<\/tr>\n<tr>\n<td>Max csapad\u00e9kszint<\/td>\n<td><strong>35 mm<\/strong><\/td>\n<\/tr>\n<\/tbody>\n<\/table>\n<p>&nbsp;<\/p>","protected":false},"featured_media":15755,"template":"","meta":{"_et_pb_use_builder":"","_et_pb_old_content":"","_et_gb_content_width":""},"product_brand":[],"product_cat":[634],"product_tag":[],"class_list":{"0":"post-15754","1":"product","2":"type-product","3":"status-publish","4":"has-post-thumbnail","6":"product_cat-egyeb-kerti-kiegeszitok","8":"first","9":"instock","10":"shipping-taxable","11":"purchasable","12":"product-type-simple"},"yoast_head":"<!-- This site is optimized with the Yoast SEO plugin v27.3 - https:\/\/yoast.com\/product\/yoast-seo-wordpress\/ -->\n<title>Nature es\u0151szintm\u00e9r\u0151 35mm-ig. - T\u00e1jkert\u00e9sz<\/title>\n<meta name=\"description\" content=\"Nature es\u0151szintm\u00e9r\u0151 35mm-ig. Rendeljen kert\u00e9szeti term\u00e9keket kert\u00e9szet\u00fcnkb\u0151l \u00e9s ak\u00e1r a mai napon nyitvatart\u00e1si id\u0151ben \u00e1tveheti. 1173.Bp.Bakancsos u.7.\" \/>\n<meta name=\"robots\" content=\"index, follow, max-snippet:-1, max-image-preview:large, max-video-preview:-1\" \/>\n<link rel=\"canonical\" href=\"https:\/\/tajkertesz.com\/en_US\/product\/nature-esoszintmero-35mm-ig\/\" \/>\n<meta property=\"og:locale\" content=\"en_US\" \/>\n<meta property=\"og:type\" content=\"article\" \/>\n<meta property=\"og:title\" content=\"Nature es\u0151szintm\u00e9r\u0151 35mm-ig. - T\u00e1jkert\u00e9sz\" \/>\n<meta property=\"og:description\" content=\"Nature es\u0151szintm\u00e9r\u0151 35mm-ig. Rendeljen kert\u00e9szeti term\u00e9keket kert\u00e9szet\u00fcnkb\u0151l \u00e9s ak\u00e1r a mai napon nyitvatart\u00e1si id\u0151ben \u00e1tveheti. 1173.Bp.Bakancsos u.7.\" \/>\n<meta property=\"og:url\" content=\"https:\/\/tajkertesz.com\/en_US\/product\/nature-esoszintmero-35mm-ig\/\" \/>\n<meta property=\"og:site_name\" content=\"T\u00e1jkert\u00e9sz\" \/>\n<meta property=\"article:publisher\" content=\"https:\/\/www.facebook.com\/Tajkertesz\/\" \/>\n<meta property=\"article:modified_time\" content=\"2023-06-09T08:15:18+00:00\" \/>\n<meta property=\"og:image\" content=\"https:\/\/tajkertesz.com\/wp-content\/uploads\/2023\/06\/6080068.jpg\" \/>\n\t<meta property=\"og:image:width\" content=\"900\" \/>\n\t<meta property=\"og:image:height\" content=\"900\" \/>\n\t<meta property=\"og:image:type\" content=\"image\/jpeg\" \/>\n<meta name=\"twitter:card\" content=\"summary_large_image\" \/>\n<meta name=\"twitter:label1\" content=\"Est. reading time\" \/>\n\t<meta name=\"twitter:data1\" content=\"1 minute\" \/>\n<script type=\"application\/ld+json\" class=\"yoast-schema-graph\">{\"@context\":\"https:\\\/\\\/schema.org\",\"@graph\":[{\"@type\":\"WebPage\",\"@id\":\"https:\\\/\\\/tajkertesz.com\\\/termek\\\/nature-esoszintmero-35mm-ig\\\/\",\"url\":\"https:\\\/\\\/tajkertesz.com\\\/termek\\\/nature-esoszintmero-35mm-ig\\\/\",\"name\":\"Nature es\u0151szintm\u00e9r\u0151 35mm-ig. - T\u00e1jkert\u00e9sz\",\"isPartOf\":{\"@id\":\"https:\\\/\\\/tajkertesz.com\\\/#website\"},\"primaryImageOfPage\":{\"@id\":\"https:\\\/\\\/tajkertesz.com\\\/termek\\\/nature-esoszintmero-35mm-ig\\\/#primaryimage\"},\"image\":{\"@id\":\"https:\\\/\\\/tajkertesz.com\\\/termek\\\/nature-esoszintmero-35mm-ig\\\/#primaryimage\"},\"thumbnailUrl\":\"https:\\\/\\\/tajkertesz.com\\\/wp-content\\\/uploads\\\/2023\\\/06\\\/6080068.jpg\",\"datePublished\":\"2023-06-09T08:14:07+00:00\",\"dateModified\":\"2023-06-09T08:15:18+00:00\",\"description\":\"Nature es\u0151szintm\u00e9r\u0151 35mm-ig. Rendeljen kert\u00e9szeti term\u00e9keket kert\u00e9szet\u00fcnkb\u0151l \u00e9s ak\u00e1r a mai napon nyitvatart\u00e1si id\u0151ben \u00e1tveheti. 1173.Bp.Bakancsos u.7.\",\"breadcrumb\":{\"@id\":\"https:\\\/\\\/tajkertesz.com\\\/termek\\\/nature-esoszintmero-35mm-ig\\\/#breadcrumb\"},\"inLanguage\":\"en-US\",\"potentialAction\":[{\"@type\":\"ReadAction\",\"target\":[\"https:\\\/\\\/tajkertesz.com\\\/termek\\\/nature-esoszintmero-35mm-ig\\\/\"]}]},{\"@type\":\"ImageObject\",\"inLanguage\":\"en-US\",\"@id\":\"https:\\\/\\\/tajkertesz.com\\\/termek\\\/nature-esoszintmero-35mm-ig\\\/#primaryimage\",\"url\":\"https:\\\/\\\/tajkertesz.com\\\/wp-content\\\/uploads\\\/2023\\\/06\\\/6080068.jpg\",\"contentUrl\":\"https:\\\/\\\/tajkertesz.com\\\/wp-content\\\/uploads\\\/2023\\\/06\\\/6080068.jpg\",\"width\":900,\"height\":900},{\"@type\":\"BreadcrumbList\",\"@id\":\"https:\\\/\\\/tajkertesz.com\\\/termek\\\/nature-esoszintmero-35mm-ig\\\/#breadcrumb\",\"itemListElement\":[{\"@type\":\"ListItem\",\"position\":1,\"name\":\"Home\",\"item\":\"https:\\\/\\\/tajkertesz.com\\\/\"},{\"@type\":\"ListItem\",\"position\":2,\"name\":\"Kezd\u0151lap\",\"item\":\"https:\\\/\\\/tajkertesz.com\\\/\"},{\"@type\":\"ListItem\",\"position\":3,\"name\":\"Nature es\u0151szintm\u00e9r\u0151 35mm-ig.\"}]},{\"@type\":\"WebSite\",\"@id\":\"https:\\\/\\\/tajkertesz.com\\\/#website\",\"url\":\"https:\\\/\\\/tajkertesz.com\\\/\",\"name\":\"T\u00e1j-Kert\u00e9sz 84 Kft.\",\"description\":\"Kert\u00e9szeti kis- \u00e9s nagykeresked\u00e9s, D\u00edszn\u00f6v\u00e9ny web\u00e1ruh\u00e1z orsz\u00e1gos h\u00e1zhozsz\u00e1ll\u00edt\u00e1ssal!\",\"publisher\":{\"@id\":\"https:\\\/\\\/tajkertesz.com\\\/#organization\"},\"potentialAction\":[{\"@type\":\"SearchAction\",\"target\":{\"@type\":\"EntryPoint\",\"urlTemplate\":\"https:\\\/\\\/tajkertesz.com\\\/?s={search_term_string}\"},\"query-input\":{\"@type\":\"PropertyValueSpecification\",\"valueRequired\":true,\"valueName\":\"search_term_string\"}}],\"inLanguage\":\"en-US\"},{\"@type\":\"Organization\",\"@id\":\"https:\\\/\\\/tajkertesz.com\\\/#organization\",\"name\":\"T\u00e1j-Kert\u00e9sz 84 Kft.\",\"url\":\"https:\\\/\\\/tajkertesz.com\\\/\",\"logo\":{\"@type\":\"ImageObject\",\"inLanguage\":\"en-US\",\"@id\":\"https:\\\/\\\/tajkertesz.com\\\/#\\\/schema\\\/logo\\\/image\\\/\",\"url\":\"https:\\\/\\\/tajkertesz.com\\\/wp-content\\\/uploads\\\/2018\\\/02\\\/logo-2-e1518678052539.png\",\"contentUrl\":\"https:\\\/\\\/tajkertesz.com\\\/wp-content\\\/uploads\\\/2018\\\/02\\\/logo-2-e1518678052539.png\",\"width\":81,\"height\":140,\"caption\":\"T\u00e1j-Kert\u00e9sz 84 Kft.\"},\"image\":{\"@id\":\"https:\\\/\\\/tajkertesz.com\\\/#\\\/schema\\\/logo\\\/image\\\/\"},\"sameAs\":[\"https:\\\/\\\/www.facebook.com\\\/Tajkertesz\\\/\"]}]}<\/script>\n<!-- \/ Yoast SEO plugin. -->","yoast_head_json":{"title":"Nature es\u0151szintm\u00e9r\u0151 35mm-ig. - T\u00e1jkert\u00e9sz","description":"Nature es\u0151szintm\u00e9r\u0151 35mm-ig. Rendeljen kert\u00e9szeti term\u00e9keket kert\u00e9szet\u00fcnkb\u0151l \u00e9s ak\u00e1r a mai napon nyitvatart\u00e1si id\u0151ben \u00e1tveheti. 1173.Bp.Bakancsos u.7.","robots":{"index":"index","follow":"follow","max-snippet":"max-snippet:-1","max-image-preview":"max-image-preview:large","max-video-preview":"max-video-preview:-1"},"canonical":"https:\/\/tajkertesz.com\/en_US\/product\/nature-esoszintmero-35mm-ig\/","og_locale":"en_US","og_type":"article","og_title":"Nature es\u0151szintm\u00e9r\u0151 35mm-ig. - T\u00e1jkert\u00e9sz","og_description":"Nature es\u0151szintm\u00e9r\u0151 35mm-ig. Rendeljen kert\u00e9szeti term\u00e9keket kert\u00e9szet\u00fcnkb\u0151l \u00e9s ak\u00e1r a mai napon nyitvatart\u00e1si id\u0151ben \u00e1tveheti. 1173.Bp.Bakancsos u.7.","og_url":"https:\/\/tajkertesz.com\/en_US\/product\/nature-esoszintmero-35mm-ig\/","og_site_name":"T\u00e1jkert\u00e9sz","article_publisher":"https:\/\/www.facebook.com\/Tajkertesz\/","article_modified_time":"2023-06-09T08:15:18+00:00","og_image":[{"width":900,"height":900,"url":"https:\/\/tajkertesz.com\/wp-content\/uploads\/2023\/06\/6080068.jpg","type":"image\/jpeg"}],"twitter_card":"summary_large_image","twitter_misc":{"Est. reading time":"1 minute"},"schema":{"@context":"https:\/\/schema.org","@graph":[{"@type":"WebPage","@id":"https:\/\/tajkertesz.com\/termek\/nature-esoszintmero-35mm-ig\/","url":"https:\/\/tajkertesz.com\/termek\/nature-esoszintmero-35mm-ig\/","name":"Nature es\u0151szintm\u00e9r\u0151 35mm-ig. - T\u00e1jkert\u00e9sz","isPartOf":{"@id":"https:\/\/tajkertesz.com\/#website"},"primaryImageOfPage":{"@id":"https:\/\/tajkertesz.com\/termek\/nature-esoszintmero-35mm-ig\/#primaryimage"},"image":{"@id":"https:\/\/tajkertesz.com\/termek\/nature-esoszintmero-35mm-ig\/#primaryimage"},"thumbnailUrl":"https:\/\/tajkertesz.com\/wp-content\/uploads\/2023\/06\/6080068.jpg","datePublished":"2023-06-09T08:14:07+00:00","dateModified":"2023-06-09T08:15:18+00:00","description":"Nature es\u0151szintm\u00e9r\u0151 35mm-ig. Rendeljen kert\u00e9szeti term\u00e9keket kert\u00e9szet\u00fcnkb\u0151l \u00e9s ak\u00e1r a mai napon nyitvatart\u00e1si id\u0151ben \u00e1tveheti. 1173.Bp.Bakancsos u.7.","breadcrumb":{"@id":"https:\/\/tajkertesz.com\/termek\/nature-esoszintmero-35mm-ig\/#breadcrumb"},"inLanguage":"en-US","potentialAction":[{"@type":"ReadAction","target":["https:\/\/tajkertesz.com\/termek\/nature-esoszintmero-35mm-ig\/"]}]},{"@type":"ImageObject","inLanguage":"en-US","@id":"https:\/\/tajkertesz.com\/termek\/nature-esoszintmero-35mm-ig\/#primaryimage","url":"https:\/\/tajkertesz.com\/wp-content\/uploads\/2023\/06\/6080068.jpg","contentUrl":"https:\/\/tajkertesz.com\/wp-content\/uploads\/2023\/06\/6080068.jpg","width":900,"height":900},{"@type":"BreadcrumbList","@id":"https:\/\/tajkertesz.com\/termek\/nature-esoszintmero-35mm-ig\/#breadcrumb","itemListElement":[{"@type":"ListItem","position":1,"name":"Home","item":"https:\/\/tajkertesz.com\/"},{"@type":"ListItem","position":2,"name":"Kezd\u0151lap","item":"https:\/\/tajkertesz.com\/"},{"@type":"ListItem","position":3,"name":"Nature es\u0151szintm\u00e9r\u0151 35mm-ig."}]},{"@type":"WebSite","@id":"https:\/\/tajkertesz.com\/#website","url":"https:\/\/tajkertesz.com\/","name":"T\u00e1j-Kert\u00e9sz 84 Kft.","description":"Kert\u00e9szeti kis- \u00e9s nagykeresked\u00e9s, D\u00edszn\u00f6v\u00e9ny web\u00e1ruh\u00e1z orsz\u00e1gos h\u00e1zhozsz\u00e1ll\u00edt\u00e1ssal!","publisher":{"@id":"https:\/\/tajkertesz.com\/#organization"},"potentialAction":[{"@type":"SearchAction","target":{"@type":"EntryPoint","urlTemplate":"https:\/\/tajkertesz.com\/?s={search_term_string}"},"query-input":{"@type":"PropertyValueSpecification","valueRequired":true,"valueName":"search_term_string"}}],"inLanguage":"en-US"},{"@type":"Organization","@id":"https:\/\/tajkertesz.com\/#organization","name":"T\u00e1j-Kert\u00e9sz 84 Kft.","url":"https:\/\/tajkertesz.com\/","logo":{"@type":"ImageObject","inLanguage":"en-US","@id":"https:\/\/tajkertesz.com\/#\/schema\/logo\/image\/","url":"https:\/\/tajkertesz.com\/wp-content\/uploads\/2018\/02\/logo-2-e1518678052539.png","contentUrl":"https:\/\/tajkertesz.com\/wp-content\/uploads\/2018\/02\/logo-2-e1518678052539.png","width":81,"height":140,"caption":"T\u00e1j-Kert\u00e9sz 84 Kft."},"image":{"@id":"https:\/\/tajkertesz.com\/#\/schema\/logo\/image\/"},"sameAs":["https:\/\/www.facebook.com\/Tajkertesz\/"]}]}},"_links":{"self":[{"href":"https:\/\/tajkertesz.com\/en_US\/wp-json\/wp\/v2\/product\/15754","targetHints":{"allow":["GET"]}}],"collection":[{"href":"https:\/\/tajkertesz.com\/en_US\/wp-json\/wp\/v2\/product"}],"about":[{"href":"https:\/\/tajkertesz.com\/en_US\/wp-json\/wp\/v2\/types\/product"}],"wp:featuredmedia":[{"embeddable":true,"href":"https:\/\/tajkertesz.com\/en_US\/wp-json\/wp\/v2\/media\/15755"}],"wp:attachment":[{"href":"https:\/\/tajkertesz.com\/en_US\/wp-json\/wp\/v2\/media?parent=15754"}],"wp:term":[{"taxonomy":"product_brand","embeddable":true,"href":"https:\/\/tajkertesz.com\/en_US\/wp-json\/wp\/v2\/product_brand?post=15754"},{"taxonomy":"product_cat","embeddable":true,"href":"https:\/\/tajkertesz.com\/en_US\/wp-json\/wp\/v2\/product_cat?post=15754"},{"taxonomy":"product_tag","embeddable":true,"href":"https:\/\/tajkertesz.com\/en_US\/wp-json\/wp\/v2\/product_tag?post=15754"}],"curies":[{"name":"wp","href":"https:\/\/api.w.org\/{rel}","templated":true}]}}