{"id":15777,"date":"2023-06-09T14:23:41","date_gmt":"2023-06-09T14:23:41","guid":{"rendered":"https:\/\/tajkertesz.com\/?post_type=product&#038;p=15777"},"modified":"2026-02-13T15:51:55","modified_gmt":"2026-02-13T15:51:55","slug":"wuxal-super-025l","status":"publish","type":"product","link":"https:\/\/tajkertesz.com\/en_US\/product\/wuxal-super-025l\/","title":{"rendered":"Wuxal super 0,25L."},"content":{"rendered":"<h3>Wuxal super 0,25L.<\/h3>\n<p>Wuxal super 0,25L.<\/p>\n<h2>A Wuxal Super minden n\u00f6v\u00e9nyi k\u00falt\u00far\u00e1ban (a cserepes n\u00f6v\u00e9nyekt\u0151l a h\u00e1zikerti n\u00f6v\u00e9nyekig) haszn\u00e1lhat\u00f3 foly\u00e9kony m\u0171tr\u00e1gya.<\/h2>\n<p>A term\u00e9k felhaszn\u00e1lhat\u00f3 t\u00e1poldatoz\u00e1sra \u00e9s lombtr\u00e1gy\u00e1z\u00e1sra egyar\u00e1nt.<\/p>\n<h2>Tulajdons\u00e1gok:<\/h2>\n<p>A Wuxal\u00ae Super kiemelked\u0151en magas hat\u00f3anyag-tartalma mellett fontos tulajdons\u00e1ga az is, hogy a n\u00f6v\u00e9nyek sz\u00e1m\u00e1ra optim\u00e1lis t\u00e1panyagfelv\u00e9telt tesz lehet\u0151v\u00e9. K\u00e9pes enyh\u00edteni az id\u0151j\u00e1r\u00e1s okozta k\u00e1rokat azzal, hogy megakad\u00e1lyozza a s\u00falyos t\u00e1panyaghi\u00e1nyt. A kedvez\u0151tlen id\u0151j\u00e1r\u00e1s ugyanis h\u00e1tr\u00e1ltatja a t\u00e1panyagok felv\u00e9tel\u00e9t \u00e9s a n\u00f6v\u00e9nyen bel\u00fcli sz\u00e1ll\u00edt\u00e1s\u00e1t. Sz\u00e1razs\u00e1g, l\u00e9gk\u00f6ri asz\u00e1ly idej\u00e9n is k\u00e9pes seg\u00edteni a gy\u00f6kereknek a t\u00e1panyag felv\u00e9tel\u00e9ben. A Wuxal\u00ae Super gondoskodik arr\u00f3l is, hogy a term\u00e9s eg\u00e9szs\u00e9gesebb legyen, az\u00e1ltal, hogy szab\u00e1lyozza a term\u00e9sek m\u00e9ret\u00e9t \u00e9s mennyis\u00e9g\u00e9t. A t\u00e1panyagok min\u00e9l jobb hasznosul\u00e1s\u00e1t a kel\u00e1tk\u00e9pz\u0151 anyag (EDTA), egy\u00e9b bioakt\u00edv anyagok is t\u00e1mogatj\u00e1k.<\/p>\n<h3>Hat\u00f3anyag:<\/h3>\n<p>10% N, 10% P2O5, 7,5% K2O + mikroelemek.<\/p>\n<h3>Forgalmaz\u00e1si kateg\u00f3ria:<\/h3>\n<p>III.<\/p>\n<h3>Kiszerel\u00e9s:<\/h3>\n<p>0,25 l, 1 l, 5 l.<\/p>\n<h2>Hat\u00e1sm\u00f3d:<\/h2>\n<p>A l\u00e9tfontoss\u00e1g\u00fa makroelemek, (Nitrog\u00e9n, Foszfor, K\u00e1lium) mellett a mikroelemek is n\u00e9lk\u00fcl\u00f6zhetetlenek a n\u00f6v\u00e9nyek biok\u00e9miai \u00e9letfolyamataiban, a l\u00e9gz\u00e9sben, a fotoszint\u00e9zisben, term\u00e9keny\u00fcl\u00e9sben, sz\u00ednk\u00e9pz\u00e9sben, stb. A nitrog\u00e9n els\u0151sorban a n\u00f6veked\u00e9sben, a foszfor a gy\u00f6keresed\u00e9sben, vir\u00e1gz\u00e1sban (az energiaig\u00e9nyes id\u0151szakokban) seg\u00edt, a k\u00e1lium pedig kiemelked\u0151 jelent\u0151s\u00e9g\u0171 a n\u00f6v\u00e9nyi ellen\u00e1ll\u00f3 k\u00e9pess\u00e9g jav\u00edt\u00e1s\u00e1ban, a term\u00e9s cukortartalm\u00e1nak \u00e9s sz\u00edn\u00e9nek, \u00edz\u00e9nek fokoz\u00e1s\u00e1ban is. A Wuxal\u00ae Superrel lombon \u00e9s gy\u00f6k\u00e9ren kereszt\u00fcl is gyorsan \u00e9s hat\u00e9konyan p\u00f3tolhat\u00f3ak ezek az esszenci\u00e1lis t\u00e1pelemek.<\/p>\n<h2>Felhaszn\u00e1l\u00e1s:<\/h2>\n<p>Sz\u0151l\u0151- \u00e9s gy\u00fcm\u00f6lcskult\u00far\u00e1kban 0,3%-os t\u00f6m\u00e9nys\u00e9gben, a teny\u00e9szid\u0151szak folyam\u00e1n 6\u20137 alkalommal, a n\u00f6v\u00e9nyv\u00e9d\u0151 szeres kezel\u00e9sekkel kombin\u00e1lva. Szam\u00f3c\u00e1ban 0,1\u20130,2%-os t\u00f6m\u00e9nys\u00e9gben, a ki\u00fcltet\u00e9s ut\u00e1ni els\u0151 h\u00e9tt\u0151l kezdve hetente. Z\u00f6lds\u00e9gtermeszt\u00e9sben hajtat\u00e1sban val\u00f3 t\u00e1poldatoz\u00e1sra 0,1\u20130,2%-os t\u00f6m\u00e9nys\u00e9gben, lev\u00e9ltr\u00e1gy\u00e1z\u00e1sra \u00f6nmag\u00e1ban vagy a n\u00f6v\u00e9nyv\u00e9d\u0151 szeres kezel\u00e9sekkel kombin\u00e1lva, 0,4%-os t\u00f6m\u00e9nys\u00e9gben. D\u00edszn\u00f6v\u00e9nyek a n\u00f6v\u00e9nyek fejletts\u00e9gi \u00e1llapot\u00e1t\u00f3l f\u00fcgg\u0151en 0,05\u20130,5%-os, t\u00e1poldatoz\u00e1sra 0,05\u20130,1%-os t\u00f6m\u00e9nys\u00e9gben. A Wuxal\u00ae fontos tulajdons\u00e1gai k\u00f6z\u00e9 tartozik, hogy a n\u00f6v\u00e9ny sz\u00e1m\u00e1ra optim\u00e1lis t\u00e1panyagfelv\u00e9telt tesz lehet\u0151v\u00e9. K\u00e9pes enyh\u00edteni az id\u0151j\u00e1r\u00e1s okozta k\u00e1rokat az\u00e1ltal, hogy megakad\u00e1lyozza a s\u00falyos t\u00e1panyaghi\u00e1nyt. A kedvez\u0151tlen id\u0151j\u00e1r\u00e1s ugyanis h\u00e1tr\u00e1ltatja a t\u00e1panyagok felv\u00e9tel\u00e9t \u00e9s n\u00f6v\u00e9nyen bel\u00fcli sz\u00e1ll\u00edt\u00e1s\u00e1t. A Wuxal\u00ae sz\u00e1razs\u00e1g idej\u00e9n is k\u00e9pes seg\u00edteni a gy\u00f6kereknek a t\u00e1panyagfelv\u00e9telben. A Wuxal\u00ae gondoskodik arr\u00f3l is, hogy a term\u00e9s eg\u00e9szs\u00e9gesebb legyen az\u00e1ltal, hogy szab\u00e1lyozza a term\u00e9s m\u00e9ret\u00e9t \u00e9s mennyis\u00e9g\u00e9t. A t\u00e1panyagok min\u00e9l jobb hasznosul\u00e1s\u00e1t a kel\u00e1tk\u00e9pz\u0151 mellett bioakt\u00edv anyagok is seg\u00edtik.<\/p>\n<h3>H\u00e1zikerti felhaszn\u00e1l\u00e1s:<\/h3>\n<p>T\u00e1poldatoz\u00e1sra 10-30ml\/10l v\u00edz<\/p>\n<p>Lombtr\u00e1gy\u00e1z\u00e1sra 20-40ml\/10l v\u00edz<\/p>\n<h2>Keverhet\u0151s\u00e9g n\u00f6v\u00e9nyv\u00e9d\u0151 szerekkel:<\/h2>\n<p>A gyakorlatban alkalmazott n\u00f6v\u00e9nyv\u00e9d\u0151 szerekkel jellemz\u0151en j\u00f3l keverhet\u0151, de az elt\u00e9r\u0151 v\u00edzmin\u0151s\u00e9g miatt, ( k\u00e9mhat\u00e1s, kem\u00e9nys\u00e9g, h\u0151m\u00e9rs\u00e9klet) v\u00e9gezzen mindig kever\u00e9si pr\u00f3b\u00e1t! A permetl\u00e9 k\u00e9sz\u00edt\u00e9se sor\u00e1n el\u0151sz\u00f6r a lombtr\u00e1gy\u00e1t oldjuk fel, \u00fcgyelj\u00fcnk arra, hogy a felhaszn\u00e1lni k\u00edv\u00e1nt szerek t\u00f6m\u00e9nyen ne \u00e9rintkezzenek egym\u00e1ssal. A tankkever\u00e9k 4-5 komponensn\u00e9l t\u00f6bbet lehet\u0151leg ne tartalmazzon. A permetl\u00e9 elk\u00e9sz\u00edt\u00e9se ut\u00e1n mihamarabbi kijuttat\u00e1s javasolt.<\/p>\n<p>El\u00e9rhet\u0151 t\u00f6bbf\u00e9le m\u00e9retben \u00e9s \u00e1rban.<\/p>\n<p><strong>K\u00e9szlet\u00fcnk napi szinten v\u00e1ltozik, ez\u00e9rt k\u00e9rj\u00fck, \u00e9rdekl\u0151dj\u00f6n szem\u00e9lyesen, telefonon vagy email-en.<br \/>\nA v\u00e1ltoztat\u00e1s jog\u00e1t fenntartjuk!\u00a0<\/strong><\/p>\n<p>&nbsp;<\/p>\n<p><a href=\"https:\/\/tajkertesz.com\/\">https:\/\/tajkertesz.com\/<\/a><\/p>\n<p><a href=\"https:\/\/www.facebook.com\/tajkertesz\/\">https:\/\/www.facebook.com\/tajkertesz\/<\/a><\/p>\n<p>Kisz\u00e1ll\u00edt\u00e1s: 200cm-ig \u00a0\u00e9s 40 kg-ig a sz\u00e1ll\u00edt\u00e1s fut\u00e1rszolg\u00e1lattal \u00a0t\u00f6rt\u00e9nik.<\/p>\n<p>Szem\u00e9lyes \u00e1tv\u00e9tel nyitvatart\u00e1si id\u0151ben a 17. ker\u00fclet Bakancsos utca 7. sz\u00e1m alatti Kert\u00e9szeti \u00e1rud\u00e1ban.<\/p>\n<p>&nbsp;<\/p>","protected":false},"excerpt":{"rendered":"<h2>Wuxal super 0,25L.<\/h2>\n<p>A Wuxal Super minden n\u00f6v\u00e9nyi k\u00falt\u00far\u00e1ban (a cserepes n\u00f6v\u00e9nyekt\u0151l a h\u00e1zikerti n\u00f6v\u00e9nyekig) haszn\u00e1lhat\u00f3 foly\u00e9kony m\u0171tr\u00e1gya. A term\u00e9k felhaszn\u00e1lhat\u00f3 t\u00e1poldatoz\u00e1sra \u00e9s lombtr\u00e1gy\u00e1z\u00e1sra egyar\u00e1nt.<\/p>","protected":false},"featured_media":15778,"template":"","meta":{"_et_pb_use_builder":"","_et_pb_old_content":"","_et_gb_content_width":""},"product_brand":[],"product_cat":[4202],"product_tag":[4104,1450,1428,4203,4797],"class_list":{"0":"post-15777","1":"product","2":"type-product","3":"status-publish","4":"has-post-thumbnail","6":"product_cat-wuxal-tapoldatok","7":"product_tag-tapanyag","8":"product_tag-tapoldat","9":"product_tag-viragzo","10":"product_tag-wuxal","11":"product_tag-wuxal-super","13":"first","14":"instock","15":"shipping-taxable","16":"purchasable","17":"product-type-simple"},"yoast_head":"<!-- This site is optimized with the Yoast SEO plugin v27.4 - https:\/\/yoast.com\/product\/yoast-seo-wordpress\/ -->\n<title>Wuxal super 0,25L. - T\u00e1jkert\u00e9sz<\/title>\n<meta name=\"description\" content=\"Wuxal super 0,25L.A Wuxal Super minden n\u00f6v\u00e9nyi k\u00falt\u00far\u00e1ban (a cserepes n\u00f6v\u00e9nyekt\u0151l a h\u00e1zikerti n\u00f6v\u00e9nyekig) haszn\u00e1lhat\u00f3 foly\u00e9kony m\u0171tr\u00e1gya.\" \/>\n<meta name=\"robots\" content=\"index, follow, max-snippet:-1, max-image-preview:large, max-video-preview:-1\" \/>\n<link rel=\"canonical\" href=\"https:\/\/tajkertesz.com\/en_US\/product\/wuxal-super-025l\/\" \/>\n<meta property=\"og:locale\" content=\"en_US\" \/>\n<meta property=\"og:type\" content=\"article\" \/>\n<meta property=\"og:title\" content=\"Wuxal super 0,25L. - T\u00e1jkert\u00e9sz\" \/>\n<meta property=\"og:description\" content=\"Wuxat t\u00e1pldatok\" \/>\n<meta property=\"og:url\" content=\"https:\/\/tajkertesz.com\/en_US\/product\/wuxal-super-025l\/\" \/>\n<meta property=\"og:site_name\" content=\"T\u00e1jkert\u00e9sz\" \/>\n<meta property=\"article:publisher\" content=\"https:\/\/www.facebook.com\/Tajkertesz\/\" \/>\n<meta property=\"article:modified_time\" content=\"2026-02-13T15:51:55+00:00\" \/>\n<meta property=\"og:image\" content=\"https:\/\/tajkertesz.com\/wp-content\/uploads\/2023\/06\/20230609_160641-1-scaled.jpg\" \/>\n\t<meta property=\"og:image:width\" content=\"1920\" \/>\n\t<meta property=\"og:image:height\" content=\"1112\" \/>\n\t<meta property=\"og:image:type\" content=\"image\/jpeg\" \/>\n<meta name=\"twitter:card\" content=\"summary_large_image\" \/>\n<meta name=\"twitter:label1\" content=\"Est. reading time\" \/>\n\t<meta name=\"twitter:data1\" content=\"3 minutes\" \/>\n<script type=\"application\/ld+json\" class=\"yoast-schema-graph\">{\"@context\":\"https:\\\/\\\/schema.org\",\"@graph\":[{\"@type\":\"WebPage\",\"@id\":\"https:\\\/\\\/tajkertesz.com\\\/termek\\\/wuxal-super-025l\\\/\",\"url\":\"https:\\\/\\\/tajkertesz.com\\\/termek\\\/wuxal-super-025l\\\/\",\"name\":\"Wuxal super 0,25L. - T\u00e1jkert\u00e9sz\",\"isPartOf\":{\"@id\":\"https:\\\/\\\/tajkertesz.com\\\/#website\"},\"primaryImageOfPage\":{\"@id\":\"https:\\\/\\\/tajkertesz.com\\\/termek\\\/wuxal-super-025l\\\/#primaryimage\"},\"image\":{\"@id\":\"https:\\\/\\\/tajkertesz.com\\\/termek\\\/wuxal-super-025l\\\/#primaryimage\"},\"thumbnailUrl\":\"https:\\\/\\\/tajkertesz.com\\\/wp-content\\\/uploads\\\/2023\\\/06\\\/20230609_160822-1-scaled-e1686320528455.jpg\",\"datePublished\":\"2023-06-09T14:23:41+00:00\",\"dateModified\":\"2026-02-13T15:51:55+00:00\",\"description\":\"Wuxal super 0,25L.A Wuxal Super minden n\u00f6v\u00e9nyi k\u00falt\u00far\u00e1ban (a cserepes n\u00f6v\u00e9nyekt\u0151l a h\u00e1zikerti n\u00f6v\u00e9nyekig) haszn\u00e1lhat\u00f3 foly\u00e9kony m\u0171tr\u00e1gya.\",\"breadcrumb\":{\"@id\":\"https:\\\/\\\/tajkertesz.com\\\/termek\\\/wuxal-super-025l\\\/#breadcrumb\"},\"inLanguage\":\"en-US\",\"potentialAction\":[{\"@type\":\"ReadAction\",\"target\":[\"https:\\\/\\\/tajkertesz.com\\\/termek\\\/wuxal-super-025l\\\/\"]}]},{\"@type\":\"ImageObject\",\"inLanguage\":\"en-US\",\"@id\":\"https:\\\/\\\/tajkertesz.com\\\/termek\\\/wuxal-super-025l\\\/#primaryimage\",\"url\":\"https:\\\/\\\/tajkertesz.com\\\/wp-content\\\/uploads\\\/2023\\\/06\\\/20230609_160822-1-scaled-e1686320528455.jpg\",\"contentUrl\":\"https:\\\/\\\/tajkertesz.com\\\/wp-content\\\/uploads\\\/2023\\\/06\\\/20230609_160822-1-scaled-e1686320528455.jpg\",\"width\":889,\"height\":2560},{\"@type\":\"BreadcrumbList\",\"@id\":\"https:\\\/\\\/tajkertesz.com\\\/termek\\\/wuxal-super-025l\\\/#breadcrumb\",\"itemListElement\":[{\"@type\":\"ListItem\",\"position\":1,\"name\":\"Home\",\"item\":\"https:\\\/\\\/tajkertesz.com\\\/\"},{\"@type\":\"ListItem\",\"position\":2,\"name\":\"Kezd\u0151lap\",\"item\":\"https:\\\/\\\/tajkertesz.com\\\/\"},{\"@type\":\"ListItem\",\"position\":3,\"name\":\"Wuxal super 0,25L.\"}]},{\"@type\":\"WebSite\",\"@id\":\"https:\\\/\\\/tajkertesz.com\\\/#website\",\"url\":\"https:\\\/\\\/tajkertesz.com\\\/\",\"name\":\"T\u00e1j-Kert\u00e9sz 84 Kft.\",\"description\":\"Kert\u00e9szeti kis- \u00e9s nagykeresked\u00e9s, D\u00edszn\u00f6v\u00e9ny web\u00e1ruh\u00e1z orsz\u00e1gos h\u00e1zhozsz\u00e1ll\u00edt\u00e1ssal!\",\"publisher\":{\"@id\":\"https:\\\/\\\/tajkertesz.com\\\/#organization\"},\"potentialAction\":[{\"@type\":\"SearchAction\",\"target\":{\"@type\":\"EntryPoint\",\"urlTemplate\":\"https:\\\/\\\/tajkertesz.com\\\/?s={search_term_string}\"},\"query-input\":{\"@type\":\"PropertyValueSpecification\",\"valueRequired\":true,\"valueName\":\"search_term_string\"}}],\"inLanguage\":\"en-US\"},{\"@type\":\"Organization\",\"@id\":\"https:\\\/\\\/tajkertesz.com\\\/#organization\",\"name\":\"T\u00e1j-Kert\u00e9sz 84 Kft.\",\"url\":\"https:\\\/\\\/tajkertesz.com\\\/\",\"logo\":{\"@type\":\"ImageObject\",\"inLanguage\":\"en-US\",\"@id\":\"https:\\\/\\\/tajkertesz.com\\\/#\\\/schema\\\/logo\\\/image\\\/\",\"url\":\"https:\\\/\\\/tajkertesz.com\\\/wp-content\\\/uploads\\\/2018\\\/02\\\/logo-2-e1518678052539.png\",\"contentUrl\":\"https:\\\/\\\/tajkertesz.com\\\/wp-content\\\/uploads\\\/2018\\\/02\\\/logo-2-e1518678052539.png\",\"width\":81,\"height\":140,\"caption\":\"T\u00e1j-Kert\u00e9sz 84 Kft.\"},\"image\":{\"@id\":\"https:\\\/\\\/tajkertesz.com\\\/#\\\/schema\\\/logo\\\/image\\\/\"},\"sameAs\":[\"https:\\\/\\\/www.facebook.com\\\/Tajkertesz\\\/\"]}]}<\/script>\n<!-- \/ Yoast SEO plugin. -->","yoast_head_json":{"title":"Wuxal super 0,25L. - T\u00e1jkert\u00e9sz","description":"Wuxal super 0,25L.A Wuxal Super minden n\u00f6v\u00e9nyi k\u00falt\u00far\u00e1ban (a cserepes n\u00f6v\u00e9nyekt\u0151l a h\u00e1zikerti n\u00f6v\u00e9nyekig) haszn\u00e1lhat\u00f3 foly\u00e9kony m\u0171tr\u00e1gya.","robots":{"index":"index","follow":"follow","max-snippet":"max-snippet:-1","max-image-preview":"max-image-preview:large","max-video-preview":"max-video-preview:-1"},"canonical":"https:\/\/tajkertesz.com\/en_US\/product\/wuxal-super-025l\/","og_locale":"en_US","og_type":"article","og_title":"Wuxal super 0,25L. - T\u00e1jkert\u00e9sz","og_description":"Wuxat t\u00e1pldatok","og_url":"https:\/\/tajkertesz.com\/en_US\/product\/wuxal-super-025l\/","og_site_name":"T\u00e1jkert\u00e9sz","article_publisher":"https:\/\/www.facebook.com\/Tajkertesz\/","article_modified_time":"2026-02-13T15:51:55+00:00","og_image":[{"width":1920,"height":1112,"url":"https:\/\/tajkertesz.com\/wp-content\/uploads\/2023\/06\/20230609_160641-1-scaled.jpg","type":"image\/jpeg"}],"twitter_card":"summary_large_image","twitter_misc":{"Est. reading time":"3 minutes"},"schema":{"@context":"https:\/\/schema.org","@graph":[{"@type":"WebPage","@id":"https:\/\/tajkertesz.com\/termek\/wuxal-super-025l\/","url":"https:\/\/tajkertesz.com\/termek\/wuxal-super-025l\/","name":"Wuxal super 0,25L. - T\u00e1jkert\u00e9sz","isPartOf":{"@id":"https:\/\/tajkertesz.com\/#website"},"primaryImageOfPage":{"@id":"https:\/\/tajkertesz.com\/termek\/wuxal-super-025l\/#primaryimage"},"image":{"@id":"https:\/\/tajkertesz.com\/termek\/wuxal-super-025l\/#primaryimage"},"thumbnailUrl":"https:\/\/tajkertesz.com\/wp-content\/uploads\/2023\/06\/20230609_160822-1-scaled-e1686320528455.jpg","datePublished":"2023-06-09T14:23:41+00:00","dateModified":"2026-02-13T15:51:55+00:00","description":"Wuxal super 0,25L.A Wuxal Super minden n\u00f6v\u00e9nyi k\u00falt\u00far\u00e1ban (a cserepes n\u00f6v\u00e9nyekt\u0151l a h\u00e1zikerti n\u00f6v\u00e9nyekig) haszn\u00e1lhat\u00f3 foly\u00e9kony m\u0171tr\u00e1gya.","breadcrumb":{"@id":"https:\/\/tajkertesz.com\/termek\/wuxal-super-025l\/#breadcrumb"},"inLanguage":"en-US","potentialAction":[{"@type":"ReadAction","target":["https:\/\/tajkertesz.com\/termek\/wuxal-super-025l\/"]}]},{"@type":"ImageObject","inLanguage":"en-US","@id":"https:\/\/tajkertesz.com\/termek\/wuxal-super-025l\/#primaryimage","url":"https:\/\/tajkertesz.com\/wp-content\/uploads\/2023\/06\/20230609_160822-1-scaled-e1686320528455.jpg","contentUrl":"https:\/\/tajkertesz.com\/wp-content\/uploads\/2023\/06\/20230609_160822-1-scaled-e1686320528455.jpg","width":889,"height":2560},{"@type":"BreadcrumbList","@id":"https:\/\/tajkertesz.com\/termek\/wuxal-super-025l\/#breadcrumb","itemListElement":[{"@type":"ListItem","position":1,"name":"Home","item":"https:\/\/tajkertesz.com\/"},{"@type":"ListItem","position":2,"name":"Kezd\u0151lap","item":"https:\/\/tajkertesz.com\/"},{"@type":"ListItem","position":3,"name":"Wuxal super 0,25L."}]},{"@type":"WebSite","@id":"https:\/\/tajkertesz.com\/#website","url":"https:\/\/tajkertesz.com\/","name":"T\u00e1j-Kert\u00e9sz 84 Kft.","description":"Kert\u00e9szeti kis- \u00e9s nagykeresked\u00e9s, D\u00edszn\u00f6v\u00e9ny web\u00e1ruh\u00e1z orsz\u00e1gos h\u00e1zhozsz\u00e1ll\u00edt\u00e1ssal!","publisher":{"@id":"https:\/\/tajkertesz.com\/#organization"},"potentialAction":[{"@type":"SearchAction","target":{"@type":"EntryPoint","urlTemplate":"https:\/\/tajkertesz.com\/?s={search_term_string}"},"query-input":{"@type":"PropertyValueSpecification","valueRequired":true,"valueName":"search_term_string"}}],"inLanguage":"en-US"},{"@type":"Organization","@id":"https:\/\/tajkertesz.com\/#organization","name":"T\u00e1j-Kert\u00e9sz 84 Kft.","url":"https:\/\/tajkertesz.com\/","logo":{"@type":"ImageObject","inLanguage":"en-US","@id":"https:\/\/tajkertesz.com\/#\/schema\/logo\/image\/","url":"https:\/\/tajkertesz.com\/wp-content\/uploads\/2018\/02\/logo-2-e1518678052539.png","contentUrl":"https:\/\/tajkertesz.com\/wp-content\/uploads\/2018\/02\/logo-2-e1518678052539.png","width":81,"height":140,"caption":"T\u00e1j-Kert\u00e9sz 84 Kft."},"image":{"@id":"https:\/\/tajkertesz.com\/#\/schema\/logo\/image\/"},"sameAs":["https:\/\/www.facebook.com\/Tajkertesz\/"]}]}},"_links":{"self":[{"href":"https:\/\/tajkertesz.com\/en_US\/wp-json\/wp\/v2\/product\/15777","targetHints":{"allow":["GET"]}}],"collection":[{"href":"https:\/\/tajkertesz.com\/en_US\/wp-json\/wp\/v2\/product"}],"about":[{"href":"https:\/\/tajkertesz.com\/en_US\/wp-json\/wp\/v2\/types\/product"}],"wp:featuredmedia":[{"embeddable":true,"href":"https:\/\/tajkertesz.com\/en_US\/wp-json\/wp\/v2\/media\/15778"}],"wp:attachment":[{"href":"https:\/\/tajkertesz.com\/en_US\/wp-json\/wp\/v2\/media?parent=15777"}],"wp:term":[{"taxonomy":"product_brand","embeddable":true,"href":"https:\/\/tajkertesz.com\/en_US\/wp-json\/wp\/v2\/product_brand?post=15777"},{"taxonomy":"product_cat","embeddable":true,"href":"https:\/\/tajkertesz.com\/en_US\/wp-json\/wp\/v2\/product_cat?post=15777"},{"taxonomy":"product_tag","embeddable":true,"href":"https:\/\/tajkertesz.com\/en_US\/wp-json\/wp\/v2\/product_tag?post=15777"}],"curies":[{"name":"wp","href":"https:\/\/api.w.org\/{rel}","templated":true}]}}