{"id":15780,"date":"2023-06-09T14:53:06","date_gmt":"2023-06-09T14:53:06","guid":{"rendered":"https:\/\/tajkertesz.com\/?post_type=product&#038;p=15780"},"modified":"2026-02-13T15:52:06","modified_gmt":"2026-02-13T15:52:06","slug":"wuxal-super-balkon-tapoldat-1l","status":"publish","type":"product","link":"https:\/\/tajkertesz.com\/en_US\/product\/wuxal-super-balkon-tapoldat-1l\/","title":{"rendered":"Wuxal Super balkon t\u00e1poldat 1L."},"content":{"rendered":"<h2>Wuxal Super balkon t\u00e1poldat 1L.<\/h2>\n<p>Wuxal Super balkon t\u00e1poldat 1L.<\/p>\n<p><b><strong style=\"font-style: inherit;\"><span style=\"font-style: inherit; font-weight: inherit;\">T\u00e1panyagban kiemelked\u0151en gazdag megold\u00e1s az ig\u00e9nyes vir\u00e1gz\u00f3 n\u00f6v\u00e9nyek eredm\u00e9nyes ell\u00e1t\u00e1s\u00e1ra az otthon\u00e1ban.<\/span><\/strong><\/b><\/p>\n<p><span style=\"font-style: inherit; font-weight: inherit;\">Lev\u00e9lre permetezve \u00e9s talajon \u00e1t \u00f6nt\u00f6z\u0151 v\u00edzbe adagolva kiv\u00e1l\u00f3an alkalmazhat\u00f3 t\u00e1poldat a balkon n\u00f6v\u00e9nyek t\u00e1peleminek ut\u00e1np\u00f3tl\u00e1s\u00e1ra. A vir\u00e1gos n\u00f6v\u00e9nyeink meg\u00fajul\u00f3 vir\u00e1gkoron\u00e1jaiknak kinevel\u00e9s\u00e9hez a talajb\u00f3l magas hat\u00f3anyag tartalomra \u00e9s k\u00f6nnyen felt\u00e1r\u00f3d\u00f3 speci\u00e1lis \u00f6sszet\u00e9tel\u0171 folyamatos t\u00e1pelem szolg\u00e1ltat\u00e1sra van sz\u00fcks\u00e9g\u00fck. <\/span><\/p>\n<p><span style=\"font-style: inherit; font-weight: inherit;\">A d\u00edszn\u00f6v\u00e9nyek \u00e1lland\u00f3 generat\u00edv \u00e1llapotuk \u00e9s az er\u0151teljes gyors n\u00f6veked\u00e9si szakaszuk nagyon energia ig\u00e9nyes folyamat. A balkonl\u00e1d\u00e1k vir\u00e1gf\u00f6ldjeinek \u00e1sv\u00e1nyi anyag szolg\u00e1ltat\u00f3 k\u00e9pess\u00e9ge v\u00e9ges, gyorsan elhaszn\u00e1l\u00f3dik, ez\u00e9rt nem k\u00e9pesek a teljes ny\u00e1ri veget\u00e1ci\u00f3t hosszasan kiszolg\u00e1lni.<\/span><\/p>\n<p><span style=\"font-style: inherit; font-weight: inherit;\"> A talajb\u00f3l ki\u00fcr\u00fcl\u0151 t\u00e1panyag hi\u00e1ny el\u0151sz\u0151r az als\u00f3bb levelek s\u00e1rgul\u00e1s\u00e1ban mutatkozik meg k\u00e9s\u0151bb a fiatal levelek kifakulnak, az \u00faj hajt\u00e1sok deform\u00e1l\u00f3dnak, a vir\u00e1gzat visszafejl\u0151dik. <\/span><\/p>\n<p><span style=\"font-style: inherit; font-weight: inherit;\">A Wuxal<\/span><span style=\"font-style: inherit; font-weight: inherit;\">\u00ae\u00a0<\/span><span style=\"font-style: inherit; font-weight: inherit;\">Super Balkon rendszeres alkalmaz\u00e1s\u00e1val kik\u00fcsz\u00f6b\u00f6lhet\u0151ek a hi\u00e1nyt\u00fcnetek megjelen\u00e9sei \u00e9s biztos\u00edthat\u00f3 a vir\u00e1gos n\u00f6v\u00e9nyek teljes specifikus \u00e1sv\u00e1nyi anyag sz\u00fcks\u00e9glete. A t\u00e1poldat kiemelked\u0151en magas ar\u00e1nyban tartalmazza a balkonn\u00f6v\u00e9nyek ide\u00e1lis makro-, mezo\u00e9s mikroelem ig\u00e9ny\u00e9t, felvehet\u0151 form\u00e1ban. <\/span><\/p>\n<p><span style=\"font-style: inherit; font-weight: inherit;\">A t\u00e1pelemekkel j\u00f3l ell\u00e1tott vir\u00e1gos n\u00f6v\u00e9nyek er\u0151teljes gy\u00f6k\u00e9rzetet, vit\u00e1lis lev\u00e9lzetet \u00e9s eg\u00e9sz ny\u00e1ron d\u00edszl\u0151 vir\u00e1gzatot fejlesztenek!<br \/>\nBalkonn\u00f6v\u00e9nyeink t\u00e1pl\u00e1l\u00e1s\u00e1ra adjunk 10 liter v\u00edzhez 10\u201320 ml anyagot f\u00e9l\/egy kupaknyit, 0,1\u20130,2-os oldatot k\u00e9sz\u00edts\u00fcnk. <\/span><\/p>\n<p><span style=\"font-style: inherit; font-weight: inherit;\">A vir\u00e1gok be\u00fcltet\u00e9se ut\u00e1n 2 h\u00e9ttel kezdj\u00fck el a kezel\u00e9seket \u00e9s heti rendszeress\u00e9ggel folytassuk. Amikor a n\u00f6v\u00e9ny vir\u00e1gz\u00e1si f\u00e1zisba ered a kezel\u00e9sek heti k\u00e9t alkalomra is n\u00f6velhet\u0151ek. <\/span><\/p>\n<p><span style=\"font-style: inherit; font-weight: inherit;\">A megadott d\u00f3zisokat ne l\u00e9pj\u00fck t\u00fal. A t\u00e1poldatot a f\u00e9lig v\u00edzzel megt\u00f6lt\u00f6tt ed\u00e9nyzetbe adagoljuk, majd t\u00f6lts\u00fck fel a k\u00edv\u00e1ntak szerint. Lev\u00e9lzetre permetezve +5\u00a0\u00b0C \u00e9s +25\u00a0\u00b0C fok k\u00f6z\u00f6tt javasoljuk lehet\u0151leg a reggeli vagy esti \u00f3r\u00e1kban kijuttatni.<\/span><\/p>\n<p><span style=\"font-style: inherit; font-weight: inherit;\"> Be\u00f6nt\u00f6zve a kezel\u00e9st az esti \u00f3r\u00e1kra helyezz\u00fck, nehogy a hideg v\u00edz stressz le\u00e1ll\u00edtsa az elemek felv\u00e9tel\u00e9t illetve a forr\u00f3 talaj megf\u0151zze a hajsz\u00e1l gy\u00f6k\u00e9rzetet.<\/span><\/p>\n<div class=\"product-downloadable__box product-downloadable__box text-center flex-even\">\n<p>Kult\u00fara K\u00e1ros\u00edt\u00f3; T\u00e1panyag hi\u00e1ny Kezel\u00e9sek maxim\u00e1lis sz\u00e1ma D\u00f3zis \u00c9.V.I (nap) Alkalmaz\u00e1s<br \/>\nBalkonn\u00f6v\u00e9nyek, Musk\u00e1tli, Fut\u00f3musk\u00e1tli, Pet\u00fania, Beg\u00f3nia, B\u00fcd\u00f6ske, T\u00e1tika, Amar\u00e1nt, Hajnalka, R\u00e9zvir\u00e1g, Neb\u00e1ncsvir\u00e1g, T\u00f6rprszegf\u0171 T\u00e1poldatoz\u00e1s, Lev\u00e9ltr\u00e1gy\u00e1z\u00e1s 7-14 naponta 10\u201320 ml\/10 liter v\u00edz 0,15\u20130,3% t\u00f6m\u00e9nys\u00e9gben nem sz\u00fcks\u00e9ges Tov\u00e1bbi inform\u00e1ci\u00f3: okirat\/c\u00edmke<\/p>\n<p>El\u00e9rhet\u0151 t\u00f6bbf\u00e9le m\u00e9retben \u00e9s \u00e1rban.<\/p>\n<p><strong>K\u00e9szlet\u00fcnk napi szinten v\u00e1ltozik, ez\u00e9rt k\u00e9rj\u00fck, \u00e9rdekl\u0151dj\u00f6n szem\u00e9lyesen, telefonon vagy email-en.<br \/>\nA v\u00e1ltoztat\u00e1s jog\u00e1t fenntartjuk!\u00a0<\/strong><\/p>\n<p>&nbsp;<\/p>\n<p><a href=\"https:\/\/tajkertesz.com\/\">https:\/\/tajkertesz.com\/<\/a><\/p>\n<p><a href=\"https:\/\/www.facebook.com\/tajkertesz\/\">https:\/\/www.facebook.com\/tajkertesz\/<\/a><\/p>\n<p>Kisz\u00e1ll\u00edt\u00e1s: 200cm-ig \u00a0\u00e9s 40 kg-ig a sz\u00e1ll\u00edt\u00e1s fut\u00e1rszolg\u00e1lattal \u00a0t\u00f6rt\u00e9nik.<\/p>\n<p>Szem\u00e9lyes \u00e1tv\u00e9tel nyitvatart\u00e1si id\u0151ben a 17. ker\u00fclet Bakancsos utca 7. sz\u00e1m alatti Kert\u00e9szeti \u00e1rud\u00e1ban.<\/p>\n<\/div>","protected":false},"excerpt":{"rendered":"<h2>Wuxal Super balkon t\u00e1poldat 1L.<\/h2>\n<p>A Wuxal Super Balkon jellemz\u0151i: T\u00e1panyagban kiemelked\u0151en gazdag megold\u00e1s az ig\u00e9nyes vir\u00e1gz\u00f3 n\u00f6v\u00e9nyek eredm\u00e9nyes ell\u00e1t\u00e1s\u00e1ra az otthon\u00e1ban.<\/p>\n<p>\u00d6sszetev\u0151k: 5% N, 8% P, 10% K, 0,01% B, 0,004% Cu, 0,02% Fe, 0,012% Mn, 0,001% Mo, 0,004% Zn<\/p>\n<p><strong>K\u00e9szlet\u00fcnk napi szinten v\u00e1ltozik, ez\u00e9rt k\u00e9rj\u00fck, \u00e9rdekl\u0151dj\u00f6n szem\u00e9lyesen, telefonon vagy email-en.<br \/>\nA v\u00e1ltoztat\u00e1s jog\u00e1t fenntartjuk!\u00a0<\/strong><\/p>","protected":false},"featured_media":15781,"template":"","meta":{"_et_pb_use_builder":"","_et_pb_old_content":"","_et_gb_content_width":""},"product_brand":[],"product_cat":[4202],"product_tag":[4794,4344,4104,1450,4795,4203],"class_list":{"0":"post-15780","1":"product","2":"type-product","3":"status-publish","4":"has-post-thumbnail","6":"product_cat-wuxal-tapoldatok","7":"product_tag-balkonnoveny","8":"product_tag-lombtragya","9":"product_tag-tapanyag","10":"product_tag-tapoldat","11":"product_tag-viragro","12":"product_tag-wuxal","14":"first","15":"instock","16":"shipping-taxable","17":"purchasable","18":"product-type-simple"},"yoast_head":"<!-- This site is optimized with the Yoast SEO plugin v27.4 - https:\/\/yoast.com\/product\/yoast-seo-wordpress\/ -->\n<title>Wuxal Super balkon t\u00e1poldat 1L. - T\u00e1jkert\u00e9sz<\/title>\n<meta name=\"description\" content=\"Wuxal Super balkon t\u00e1poldat 1L.T\u00e1panyagban kiemelked\u0151en gazdag megold\u00e1s az ig\u00e9nyes vir\u00e1gz\u00f3 n\u00f6v\u00e9nyek eredm\u00e9nyes ell\u00e1t\u00e1s\u00e1ra az otthon\u00e1ban.\" \/>\n<meta name=\"robots\" content=\"index, follow, max-snippet:-1, max-image-preview:large, max-video-preview:-1\" \/>\n<link rel=\"canonical\" href=\"https:\/\/tajkertesz.com\/en_US\/product\/wuxal-super-balkon-tapoldat-1l\/\" \/>\n<meta property=\"og:locale\" content=\"en_US\" \/>\n<meta property=\"og:type\" content=\"article\" \/>\n<meta property=\"og:title\" content=\"Wuxal Super balkon t\u00e1poldat 1L. - T\u00e1jkert\u00e9sz\" \/>\n<meta property=\"og:description\" content=\"Wuxal Super balkon t\u00e1poldat 1L.T\u00e1panyagban kiemelked\u0151en gazdag megold\u00e1s az ig\u00e9nyes vir\u00e1gz\u00f3 n\u00f6v\u00e9nyek eredm\u00e9nyes ell\u00e1t\u00e1s\u00e1ra az otthon\u00e1ban.\" \/>\n<meta property=\"og:url\" content=\"https:\/\/tajkertesz.com\/en_US\/product\/wuxal-super-balkon-tapoldat-1l\/\" \/>\n<meta property=\"og:site_name\" content=\"T\u00e1jkert\u00e9sz\" \/>\n<meta property=\"article:publisher\" content=\"https:\/\/www.facebook.com\/Tajkertesz\/\" \/>\n<meta property=\"article:modified_time\" content=\"2026-02-13T15:52:06+00:00\" \/>\n<meta property=\"og:image\" content=\"https:\/\/tajkertesz.com\/wp-content\/uploads\/2023\/06\/20230609_160743-1-scaled-e1686322364535.jpg\" \/>\n\t<meta property=\"og:image:width\" content=\"811\" \/>\n\t<meta property=\"og:image:height\" content=\"2560\" \/>\n\t<meta property=\"og:image:type\" content=\"image\/jpeg\" \/>\n<meta name=\"twitter:card\" content=\"summary_large_image\" \/>\n<meta name=\"twitter:label1\" content=\"Est. reading time\" \/>\n\t<meta name=\"twitter:data1\" content=\"3 minutes\" \/>\n<script type=\"application\/ld+json\" class=\"yoast-schema-graph\">{\"@context\":\"https:\\\/\\\/schema.org\",\"@graph\":[{\"@type\":\"WebPage\",\"@id\":\"https:\\\/\\\/tajkertesz.com\\\/termek\\\/wuxal-super-balkon-tapoldat-1l\\\/\",\"url\":\"https:\\\/\\\/tajkertesz.com\\\/termek\\\/wuxal-super-balkon-tapoldat-1l\\\/\",\"name\":\"Wuxal Super balkon t\u00e1poldat 1L. - T\u00e1jkert\u00e9sz\",\"isPartOf\":{\"@id\":\"https:\\\/\\\/tajkertesz.com\\\/#website\"},\"primaryImageOfPage\":{\"@id\":\"https:\\\/\\\/tajkertesz.com\\\/termek\\\/wuxal-super-balkon-tapoldat-1l\\\/#primaryimage\"},\"image\":{\"@id\":\"https:\\\/\\\/tajkertesz.com\\\/termek\\\/wuxal-super-balkon-tapoldat-1l\\\/#primaryimage\"},\"thumbnailUrl\":\"https:\\\/\\\/tajkertesz.com\\\/wp-content\\\/uploads\\\/2023\\\/06\\\/20230609_160743-1-scaled-e1686322364535.jpg\",\"datePublished\":\"2023-06-09T14:53:06+00:00\",\"dateModified\":\"2026-02-13T15:52:06+00:00\",\"description\":\"Wuxal Super balkon t\u00e1poldat 1L.T\u00e1panyagban kiemelked\u0151en gazdag megold\u00e1s az ig\u00e9nyes vir\u00e1gz\u00f3 n\u00f6v\u00e9nyek eredm\u00e9nyes ell\u00e1t\u00e1s\u00e1ra az otthon\u00e1ban.\",\"breadcrumb\":{\"@id\":\"https:\\\/\\\/tajkertesz.com\\\/termek\\\/wuxal-super-balkon-tapoldat-1l\\\/#breadcrumb\"},\"inLanguage\":\"en-US\",\"potentialAction\":[{\"@type\":\"ReadAction\",\"target\":[\"https:\\\/\\\/tajkertesz.com\\\/termek\\\/wuxal-super-balkon-tapoldat-1l\\\/\"]}]},{\"@type\":\"ImageObject\",\"inLanguage\":\"en-US\",\"@id\":\"https:\\\/\\\/tajkertesz.com\\\/termek\\\/wuxal-super-balkon-tapoldat-1l\\\/#primaryimage\",\"url\":\"https:\\\/\\\/tajkertesz.com\\\/wp-content\\\/uploads\\\/2023\\\/06\\\/20230609_160743-1-scaled-e1686322364535.jpg\",\"contentUrl\":\"https:\\\/\\\/tajkertesz.com\\\/wp-content\\\/uploads\\\/2023\\\/06\\\/20230609_160743-1-scaled-e1686322364535.jpg\",\"width\":811,\"height\":2560},{\"@type\":\"BreadcrumbList\",\"@id\":\"https:\\\/\\\/tajkertesz.com\\\/termek\\\/wuxal-super-balkon-tapoldat-1l\\\/#breadcrumb\",\"itemListElement\":[{\"@type\":\"ListItem\",\"position\":1,\"name\":\"Home\",\"item\":\"https:\\\/\\\/tajkertesz.com\\\/\"},{\"@type\":\"ListItem\",\"position\":2,\"name\":\"Kezd\u0151lap\",\"item\":\"https:\\\/\\\/tajkertesz.com\\\/\"},{\"@type\":\"ListItem\",\"position\":3,\"name\":\"Wuxal Super balkon t\u00e1poldat 1L.\"}]},{\"@type\":\"WebSite\",\"@id\":\"https:\\\/\\\/tajkertesz.com\\\/#website\",\"url\":\"https:\\\/\\\/tajkertesz.com\\\/\",\"name\":\"T\u00e1j-Kert\u00e9sz 84 Kft.\",\"description\":\"Kert\u00e9szeti kis- \u00e9s nagykeresked\u00e9s, D\u00edszn\u00f6v\u00e9ny web\u00e1ruh\u00e1z orsz\u00e1gos h\u00e1zhozsz\u00e1ll\u00edt\u00e1ssal!\",\"publisher\":{\"@id\":\"https:\\\/\\\/tajkertesz.com\\\/#organization\"},\"potentialAction\":[{\"@type\":\"SearchAction\",\"target\":{\"@type\":\"EntryPoint\",\"urlTemplate\":\"https:\\\/\\\/tajkertesz.com\\\/?s={search_term_string}\"},\"query-input\":{\"@type\":\"PropertyValueSpecification\",\"valueRequired\":true,\"valueName\":\"search_term_string\"}}],\"inLanguage\":\"en-US\"},{\"@type\":\"Organization\",\"@id\":\"https:\\\/\\\/tajkertesz.com\\\/#organization\",\"name\":\"T\u00e1j-Kert\u00e9sz 84 Kft.\",\"url\":\"https:\\\/\\\/tajkertesz.com\\\/\",\"logo\":{\"@type\":\"ImageObject\",\"inLanguage\":\"en-US\",\"@id\":\"https:\\\/\\\/tajkertesz.com\\\/#\\\/schema\\\/logo\\\/image\\\/\",\"url\":\"https:\\\/\\\/tajkertesz.com\\\/wp-content\\\/uploads\\\/2018\\\/02\\\/logo-2-e1518678052539.png\",\"contentUrl\":\"https:\\\/\\\/tajkertesz.com\\\/wp-content\\\/uploads\\\/2018\\\/02\\\/logo-2-e1518678052539.png\",\"width\":81,\"height\":140,\"caption\":\"T\u00e1j-Kert\u00e9sz 84 Kft.\"},\"image\":{\"@id\":\"https:\\\/\\\/tajkertesz.com\\\/#\\\/schema\\\/logo\\\/image\\\/\"},\"sameAs\":[\"https:\\\/\\\/www.facebook.com\\\/Tajkertesz\\\/\"]}]}<\/script>\n<!-- \/ Yoast SEO plugin. -->","yoast_head_json":{"title":"Wuxal Super balkon t\u00e1poldat 1L. - T\u00e1jkert\u00e9sz","description":"Wuxal Super balkon t\u00e1poldat 1L.T\u00e1panyagban kiemelked\u0151en gazdag megold\u00e1s az ig\u00e9nyes vir\u00e1gz\u00f3 n\u00f6v\u00e9nyek eredm\u00e9nyes ell\u00e1t\u00e1s\u00e1ra az otthon\u00e1ban.","robots":{"index":"index","follow":"follow","max-snippet":"max-snippet:-1","max-image-preview":"max-image-preview:large","max-video-preview":"max-video-preview:-1"},"canonical":"https:\/\/tajkertesz.com\/en_US\/product\/wuxal-super-balkon-tapoldat-1l\/","og_locale":"en_US","og_type":"article","og_title":"Wuxal Super balkon t\u00e1poldat 1L. - T\u00e1jkert\u00e9sz","og_description":"Wuxal Super balkon t\u00e1poldat 1L.T\u00e1panyagban kiemelked\u0151en gazdag megold\u00e1s az ig\u00e9nyes vir\u00e1gz\u00f3 n\u00f6v\u00e9nyek eredm\u00e9nyes ell\u00e1t\u00e1s\u00e1ra az otthon\u00e1ban.","og_url":"https:\/\/tajkertesz.com\/en_US\/product\/wuxal-super-balkon-tapoldat-1l\/","og_site_name":"T\u00e1jkert\u00e9sz","article_publisher":"https:\/\/www.facebook.com\/Tajkertesz\/","article_modified_time":"2026-02-13T15:52:06+00:00","og_image":[{"width":811,"height":2560,"url":"https:\/\/tajkertesz.com\/wp-content\/uploads\/2023\/06\/20230609_160743-1-scaled-e1686322364535.jpg","type":"image\/jpeg"}],"twitter_card":"summary_large_image","twitter_misc":{"Est. reading time":"3 minutes"},"schema":{"@context":"https:\/\/schema.org","@graph":[{"@type":"WebPage","@id":"https:\/\/tajkertesz.com\/termek\/wuxal-super-balkon-tapoldat-1l\/","url":"https:\/\/tajkertesz.com\/termek\/wuxal-super-balkon-tapoldat-1l\/","name":"Wuxal Super balkon t\u00e1poldat 1L. - T\u00e1jkert\u00e9sz","isPartOf":{"@id":"https:\/\/tajkertesz.com\/#website"},"primaryImageOfPage":{"@id":"https:\/\/tajkertesz.com\/termek\/wuxal-super-balkon-tapoldat-1l\/#primaryimage"},"image":{"@id":"https:\/\/tajkertesz.com\/termek\/wuxal-super-balkon-tapoldat-1l\/#primaryimage"},"thumbnailUrl":"https:\/\/tajkertesz.com\/wp-content\/uploads\/2023\/06\/20230609_160743-1-scaled-e1686322364535.jpg","datePublished":"2023-06-09T14:53:06+00:00","dateModified":"2026-02-13T15:52:06+00:00","description":"Wuxal Super balkon t\u00e1poldat 1L.T\u00e1panyagban kiemelked\u0151en gazdag megold\u00e1s az ig\u00e9nyes vir\u00e1gz\u00f3 n\u00f6v\u00e9nyek eredm\u00e9nyes ell\u00e1t\u00e1s\u00e1ra az otthon\u00e1ban.","breadcrumb":{"@id":"https:\/\/tajkertesz.com\/termek\/wuxal-super-balkon-tapoldat-1l\/#breadcrumb"},"inLanguage":"en-US","potentialAction":[{"@type":"ReadAction","target":["https:\/\/tajkertesz.com\/termek\/wuxal-super-balkon-tapoldat-1l\/"]}]},{"@type":"ImageObject","inLanguage":"en-US","@id":"https:\/\/tajkertesz.com\/termek\/wuxal-super-balkon-tapoldat-1l\/#primaryimage","url":"https:\/\/tajkertesz.com\/wp-content\/uploads\/2023\/06\/20230609_160743-1-scaled-e1686322364535.jpg","contentUrl":"https:\/\/tajkertesz.com\/wp-content\/uploads\/2023\/06\/20230609_160743-1-scaled-e1686322364535.jpg","width":811,"height":2560},{"@type":"BreadcrumbList","@id":"https:\/\/tajkertesz.com\/termek\/wuxal-super-balkon-tapoldat-1l\/#breadcrumb","itemListElement":[{"@type":"ListItem","position":1,"name":"Home","item":"https:\/\/tajkertesz.com\/"},{"@type":"ListItem","position":2,"name":"Kezd\u0151lap","item":"https:\/\/tajkertesz.com\/"},{"@type":"ListItem","position":3,"name":"Wuxal Super balkon t\u00e1poldat 1L."}]},{"@type":"WebSite","@id":"https:\/\/tajkertesz.com\/#website","url":"https:\/\/tajkertesz.com\/","name":"T\u00e1j-Kert\u00e9sz 84 Kft.","description":"Kert\u00e9szeti kis- \u00e9s nagykeresked\u00e9s, D\u00edszn\u00f6v\u00e9ny web\u00e1ruh\u00e1z orsz\u00e1gos h\u00e1zhozsz\u00e1ll\u00edt\u00e1ssal!","publisher":{"@id":"https:\/\/tajkertesz.com\/#organization"},"potentialAction":[{"@type":"SearchAction","target":{"@type":"EntryPoint","urlTemplate":"https:\/\/tajkertesz.com\/?s={search_term_string}"},"query-input":{"@type":"PropertyValueSpecification","valueRequired":true,"valueName":"search_term_string"}}],"inLanguage":"en-US"},{"@type":"Organization","@id":"https:\/\/tajkertesz.com\/#organization","name":"T\u00e1j-Kert\u00e9sz 84 Kft.","url":"https:\/\/tajkertesz.com\/","logo":{"@type":"ImageObject","inLanguage":"en-US","@id":"https:\/\/tajkertesz.com\/#\/schema\/logo\/image\/","url":"https:\/\/tajkertesz.com\/wp-content\/uploads\/2018\/02\/logo-2-e1518678052539.png","contentUrl":"https:\/\/tajkertesz.com\/wp-content\/uploads\/2018\/02\/logo-2-e1518678052539.png","width":81,"height":140,"caption":"T\u00e1j-Kert\u00e9sz 84 Kft."},"image":{"@id":"https:\/\/tajkertesz.com\/#\/schema\/logo\/image\/"},"sameAs":["https:\/\/www.facebook.com\/Tajkertesz\/"]}]}},"_links":{"self":[{"href":"https:\/\/tajkertesz.com\/en_US\/wp-json\/wp\/v2\/product\/15780","targetHints":{"allow":["GET"]}}],"collection":[{"href":"https:\/\/tajkertesz.com\/en_US\/wp-json\/wp\/v2\/product"}],"about":[{"href":"https:\/\/tajkertesz.com\/en_US\/wp-json\/wp\/v2\/types\/product"}],"wp:featuredmedia":[{"embeddable":true,"href":"https:\/\/tajkertesz.com\/en_US\/wp-json\/wp\/v2\/media\/15781"}],"wp:attachment":[{"href":"https:\/\/tajkertesz.com\/en_US\/wp-json\/wp\/v2\/media?parent=15780"}],"wp:term":[{"taxonomy":"product_brand","embeddable":true,"href":"https:\/\/tajkertesz.com\/en_US\/wp-json\/wp\/v2\/product_brand?post=15780"},{"taxonomy":"product_cat","embeddable":true,"href":"https:\/\/tajkertesz.com\/en_US\/wp-json\/wp\/v2\/product_cat?post=15780"},{"taxonomy":"product_tag","embeddable":true,"href":"https:\/\/tajkertesz.com\/en_US\/wp-json\/wp\/v2\/product_tag?post=15780"}],"curies":[{"name":"wp","href":"https:\/\/api.w.org\/{rel}","templated":true}]}}