{"id":15782,"date":"2023-06-09T15:07:41","date_gmt":"2023-06-09T15:07:41","guid":{"rendered":"https:\/\/tajkertesz.com\/?post_type=product&#038;p=15782"},"modified":"2026-02-13T15:52:14","modified_gmt":"2026-02-13T15:52:14","slug":"wuxal-super-orokzold-tapoldat-1l","status":"publish","type":"product","link":"https:\/\/tajkertesz.com\/en_US\/product\/wuxal-super-orokzold-tapoldat-1l\/","title":{"rendered":"Wuxal Super \u00f6r\u00f6kz\u00f6ld t\u00e1poldat 1L."},"content":{"rendered":"<h2>Wuxal Super \u00f6r\u00f6kz\u00f6ld t\u00e1poldat 1L.<\/h2>\n<p>Wuxal Super \u00f6r\u00f6kz\u00f6ld t\u00e1poldat 1L.<\/p>\n<p><b><strong style=\"font-style: inherit;\"><span style=\"font-style: inherit; font-weight: inherit;\">T\u00e1panyagban kiemelked\u0151en gazdag megold\u00e1s az ig\u00e9nyes -a talaj \u00e1sv\u00e1nyi anyag szolg\u00e1ltat\u00f3 k\u00e9pess\u00e9g\u00e9re \u00e9rz\u00e9keny- \u00f6r\u00f6kz\u00f6ld n\u00f6v\u00e9nyek eredm\u00e9nyes ell\u00e1t\u00e1s\u00e1ra a kertj\u00e9ben.<\/span><\/strong><\/b><\/p>\n<p><span style=\"font-style: inherit; font-weight: inherit;\">Lev\u00e9lre permetezve \u00e9s talajon \u00e1t \u00f6nt\u00f6z\u0151 v\u00edzbe adagolva kiv\u00e1l\u00f3an alkalmazhat\u00f3 t\u00e1poldat a z\u00f6lden d\u00edsz\u00edt\u0151 n\u00f6v\u00e9nyek t\u00e1peleminek ut\u00e1np\u00f3tl\u00e1s\u00e1ra. T\u0171level\u0171 n\u00f6v\u00e9nyek, tuj\u00e1k, \u00f6r\u00f6kz\u00f6ld cserj\u00e9k a kerti talajt\u00edpusok szerkezet\u00e9re kev\u00e9sb\u00e9 \u00e9rz\u00e9kenyek, mint az ide\u00e1lis \u00f6sszet\u00e9tel\u0171 \u00e9s harmonikusan felvehet\u0151 t\u00e1panyag szolg\u00e1ltat\u00f3 k\u00e9pess\u00e9g\u0171 talajra. A nitrog\u00e9n, foszfor, k\u00e1lium megfelel\u0151 ar\u00e1ny\u00fa jelenl\u00e9te mellett m\u00e9g fontosabb a mozd\u00edthat\u00f3 mikroelem tartalom. Ezek a kis mennyis\u00e9gben jelenl\u00e9v\u0151 elemek meghat\u00e1rozz\u00e1k a lev\u00e9lzet ide\u00e1lis alaki fejl\u0151d\u00e9s\u00e9t \u00e9s nagy hat\u00e1ssal vannak a d\u00edsz bogy\u00f3k \u00e9s hajt\u00e1sok sz\u00ednesed\u00e9s\u00e9re. Hi\u00e1nyukban a lev\u00e9lzet deform\u00e1l\u00f3dik, megbarnul, elpereg. A Wuxal\u00ae Super \u00d6r\u00f6kz\u00f6ld rendszeres alkalmaz\u00e1s\u00e1val kik\u00fcsz\u00f6b\u00f6lhet\u0151ek a hi\u00e1nyt\u00fcnetek megjelen\u00e9sei \u00e9s biztos\u00edthat\u00f3 az \u00f6r\u00f6kz\u00f6ld n\u00f6v\u00e9nyek teljes specifikus \u00e1sv\u00e1nyi anyag sz\u00fcks\u00e9glete. A t\u00e1poldat kiemelked\u0151en magas ar\u00e1nyban tartalmazza a z\u00f6ld n\u00f6v\u00e9nyek ide\u00e1lis makro, mezo \u00e9s mikroelem ig\u00e9ny\u00e9t, felvehet\u0151 form\u00e1ban. A t\u00e1pelemekkel j\u00f3l ell\u00e1tott veget\u00e1ci\u00f3 er\u0151teljes gy\u00f6k\u00e9rzettel, vit\u00e1lis lev\u00e9lzettel \u00e9s meg\u00fajul\u00f3 \u00faj hajt\u00e1s koron\u00e1val rendelkezik, megneveli a d\u00edsz\u00edt\u0151 term\u00e9s\u00e9t! A t\u00e9li id\u0151szak alatt jelent\u0151sen megn\u0151 a faggyal szembeni \u00e1ll\u00f3k\u00e9pess\u00e9ge.<br \/>\n\u00d6r\u00f6kz\u00f6ldjeink t\u00e1pl\u00e1l\u00e1s\u00e1ra adjunk 10 liter v\u00edzhez 10\u201320 ml anyagot f\u00e9l\/egy kupaknyit, 0,1\u20130,2-os oldatot k\u00e9sz\u00edts\u00fcnk. \u00c1prilist\u00f3l okt\u00f3berig 14 napos id\u0151k\u00f6z\u00f6nk\u00e9nt \u00f6nt\u00f6zz\u00fck be vagy permetezz\u00fck be a n\u00f6v\u00e9nyeket. T\u00e9li id\u0151szakban elegend\u0151 egy alkalom. Fiatal kis n\u00f6v\u00e9nyekn\u00e9l felez\u00fck meg a kijuttatand\u00f3 adagot. A megadott doz\u00edroz\u00e1st ne l\u00e9pj\u00fck t\u00fal. Be\u00f6nt\u00f6z\u00e9sn\u00e9l igyekezz\u00fcnk az oldatot a n\u00f6v\u00e9ny lombkoron\u00e1ja \u00e1ltal fedett ter\u00fcletre ar\u00e1nyosan sz\u00e9tosztani. N\u00f6v\u00e9nyv\u00e9d\u0151szerrel alkalmazva v\u00e9gezz\u00fcnk kever\u00e9si pr\u00f3b\u00e1t \u00e9s vegy\u00fck figyelembe a haszn\u00e1lati utas\u00edt\u00e1s\u00e1t.<\/span><\/p>\n<p style=\"font-weight: 400;\"><span style=\"font-style: inherit; font-weight: inherit;\">Hat\u00e1sm\u00f3d<\/span><\/p>\n<p><span style=\"font-style: inherit; font-weight: inherit;\">A n\u00f6v\u00e9nyek szervezet\u00e9t fel\u00e9p\u00edt\u0151 sz\u00fcks\u00e9ges makroelemek alapvet\u0151 \u00f6sszetev\u0151i: a nitrog\u00e9n a hajt\u00e1sn\u00f6veked\u00e9s \u00e9s lev\u00e9lzet kialakul\u00e1s\u00e1\u00e9rt felel\u0151s, a foszfor a gy\u00f6k\u00e9rzet \u00e9s vir\u00e1gzat, term\u00e9s fejl\u0151d\u00e9s\u00e9t biztos\u00edtja, a k\u00e1lium pedig a stressz\u00e1l\u00f3s\u00e1got \u00e9s a betegs\u00e9gekkel szembeni ellen\u00e1ll\u00f3s\u00e1got fokozza, el\u0151seg\u00edti a helyes v\u00edzgazd\u00e1lkod\u00e1st. A mikroelemek: vas, b\u00f3r, cink, mang\u00e1n, r\u00e9z, molibd\u00e9n a n\u00f6v\u00e9nyek bizonyos \u00e9letciklusaiban \u00e9s \u00e9letfolyamataiban nagy jelent\u0151s\u00e9g\u0171ek. A r\u00e9z \u00e9s a cink \u00f6r\u00f6kz\u00f6ldek szempontj\u00e1b\u00f3l meghat\u00e1roz\u00f3 a mikroelemek k\u00f6z\u00fcl.<\/span><\/p>\n<div class=\"product-downloadable__box product-downloadable__box text-center flex-even\">\n<p class=\"product-downloadable__box__title\">\u00d6sszetev\u0151k<\/p>\n<ul>\n<li>7% N, 5% P, 6% K, 0,01% B, 0,007% Cu, 0,015% Fe, 0,013% Mn, 0,001% Mo, 0,005% Zn<\/li>\n<\/ul>\n<\/div>\n<div class=\"product-downloadable__box product-downloadable__box text-center flex-even\">\n<p class=\"product-downloadable__box__title\">Formul\u00e1ci\u00f3<\/p>\n<ul>\n<li>v\u00edzoldhat\u00f3 koncentr\u00e1tum\u00a0(SL)<\/li>\n<\/ul>\n<\/div>\n<div class=\"product-downloadable__box product-downloadable__box text-center flex-even\">\n<p class=\"product-downloadable__box__title\">Forg. kateg\u00f3ria<\/p>\n<ul>\n<li>III.<\/li>\n<\/ul>\n<\/div>\n<div class=\"product-downloadable__box product-downloadable__box text-center flex-even\">\n<p class=\"product-downloadable__box__title\">Hat\u00e1sm\u00f3d<\/p>\n<ul>\n<li>Lombon kereszt\u00fcli t\u00e1panyag ell\u00e1t\u00e1s, t\u00e1poldatoz\u00e1s<\/li>\n<\/ul>\n<\/div>\n<div class=\"product-downloadable__box product-downloadable__box text-center flex-even\">\n<p class=\"product-downloadable__box__title\">Kiszerel\u00e9s<\/p>\n<ul>\n<li>1 l-es m\u0171anyag flakon<\/li>\n<\/ul>\n<div class=\"row\">\n<div class=\"col-12\">\n<h1>Felhaszn\u00e1l\u00e1s<\/h1>\n<\/div>\n<\/div>\n<div class=\"row table-wrapper-row\">\n<div class=\"col-lg-8 table-wrapper-col\">\n<div class=\"table-responsive\">\n<table class=\"table\">\n<tbody>\n<tr>\n<th>Kult\u00fara<\/th>\n<th>K\u00e1ros\u00edt\u00f3; T\u00e1panyag hi\u00e1ny<\/th>\n<th class=\"text-center\" width=\"160px\">D\u00f3zis<\/th>\n<th class=\"text-center\">\u00c9.V.I (nap)<\/th>\n<th class=\"text-center\">Alkalmaz\u00e1s<\/th>\n<\/tr>\n<tr>\n<td>Feny\u0151f\u00e9l\u00e9k, Tuj\u00e1k, Rododendron, T\u0171zt\u00f6vis, Bab\u00e9rmeggy, Mah\u00f3nia, Ciprus, Bab\u00e9rsom, Az\u00e1lea, Bor\u00f3ka<\/td>\n<td>T\u00e1poldatoz\u00e1s, Lev\u00e9ltr\u00e1gy\u00e1z\u00e1s<\/td>\n<td class=\"text-center\">10\u201320 ml\/10 liter v\u00edz 0,15\u20130,3% t\u00f6m\u00e9nys\u00e9gben<\/td>\n<td>nem sz\u00fcks\u00e9ges<\/td>\n<td class=\"text-center\" colspan=\"2\">Tov\u00e1bbi inform\u00e1ci\u00f3: okirat\/c\u00edmke<\/td>\n<\/tr>\n<\/tbody>\n<\/table>\n<div class=\"table-card__header\">\n<h3>Keverhet\u0151s\u00e9g<\/h3>\n<\/div>\n<div class=\"table-card__content\">\n<div class=\"p-content\">A gyakorlatban alkalmazott n\u00f6v\u00e9nyv\u00e9d\u0151 szerekkel jellemz\u0151en j\u00f3l keverhet\u0151, de az elt\u00e9r\u0151 v\u00edzmin\u0151s\u00e9g miatt, ( k\u00e9mhat\u00e1s, kem\u00e9nys\u00e9g, h\u0151m\u00e9rs\u00e9klet) v\u00e9gezzen mindig kever\u00e9si pr\u00f3b\u00e1t! A permetl\u00e9 k\u00e9sz\u00edt\u00e9se sor\u00e1n el\u0151sz\u00f6r a lombtr\u00e1gy\u00e1t oldjuk fel, \u00fcgyelj\u00fcnk arra, hogy a felhaszn\u00e1lni k\u00edv\u00e1nt szerek t\u00f6m\u00e9nyen ne \u00e9rintkezzenek egym\u00e1ssal. A tankkever\u00e9k 4-5 komponensn\u00e9l t\u00f6bbet lehet\u0151leg ne tartalmazzon. A permetl\u00e9 elk\u00e9sz\u00edt\u00e9se ut\u00e1n mihamarabbi kijuttat\u00e1s javasolt.<\/div>\n<\/div>\n<\/div>\n<\/div>\n<div><\/div>\n<\/div>\n<\/div>\n<p>El\u00e9rhet\u0151 t\u00f6bbf\u00e9le m\u00e9retben \u00e9s \u00e1rban.<\/p>\n<p><strong>K\u00e9szlet\u00fcnk napi szinten v\u00e1ltozik, ez\u00e9rt k\u00e9rj\u00fck, \u00e9rdekl\u0151dj\u00f6n szem\u00e9lyesen, telefonon vagy email-en.<br \/>\nA v\u00e1ltoztat\u00e1s jog\u00e1t fenntartjuk!\u00a0<\/strong><\/p>\n<p>&nbsp;<\/p>\n<p><a href=\"https:\/\/tajkertesz.com\/\">https:\/\/tajkertesz.com\/<\/a><\/p>\n<p><a href=\"https:\/\/www.facebook.com\/tajkertesz\/\">https:\/\/www.facebook.com\/tajkertesz\/<\/a><\/p>\n<p>Kisz\u00e1ll\u00edt\u00e1s: 200cm-ig \u00a0\u00e9s 40 kg-ig a sz\u00e1ll\u00edt\u00e1s fut\u00e1rszolg\u00e1lattal \u00a0t\u00f6rt\u00e9nik.<\/p>\n<p>Szem\u00e9lyes \u00e1tv\u00e9tel nyitvatart\u00e1si id\u0151ben a 17. ker\u00fclet Bakancsos utca 7. sz\u00e1m alatti Kert\u00e9szeti \u00e1rud\u00e1ban.<\/p>","protected":false},"excerpt":{"rendered":"<h2>Wuxal Super \u00f6r\u00f6kz\u00f6ld t\u00e1poldat 1L.<\/h2>\n<p>&nbsp;<\/p>\n<p><b>T\u00e1panyagban kiemelked\u0151en gazdag megold\u00e1s az ig\u00e9nyes -a talaj \u00e1sv\u00e1nyi anyag szolg\u00e1ltat\u00f3 k\u00e9pess\u00e9g\u00e9re \u00e9rz\u00e9keny- \u00f6r\u00f6kz\u00f6ld n\u00f6v\u00e9nyek eredm\u00e9nyes ell\u00e1t\u00e1s\u00e1ra a kertj\u00e9ben.<\/b><\/p>","protected":false},"featured_media":15783,"template":"","meta":{"_et_pb_use_builder":"","_et_pb_old_content":"","_et_gb_content_width":""},"product_brand":[],"product_cat":[4202],"product_tag":[4799,4344,4798,24,4104,1450,4800,4203],"class_list":{"0":"post-15782","1":"product","2":"type-product","3":"status-publish","4":"has-post-thumbnail","6":"product_cat-wuxal-tapoldatok","7":"product_tag-fenyotapoldat","8":"product_tag-lombtragya","9":"product_tag-novenytap","10":"product_tag-orokzold","11":"product_tag-tapanyag","12":"product_tag-tapoldat","13":"product_tag-thujatapoldat","14":"product_tag-wuxal","16":"first","17":"instock","18":"shipping-taxable","19":"purchasable","20":"product-type-simple"},"yoast_head":"<!-- This site is optimized with the Yoast SEO plugin v27.4 - https:\/\/yoast.com\/product\/yoast-seo-wordpress\/ -->\n<title>Wuxal Super \u00f6r\u00f6kz\u00f6ld t\u00e1poldat 1L. - T\u00e1jkert\u00e9sz<\/title>\n<meta name=\"description\" content=\"Wuxal Super \u00f6r\u00f6kz\u00f6ld t\u00e1poldat 1L. T\u00e1panyagban kiemelked\u0151en gazdag megold\u00e1s az ig\u00e9nyes -a talaj \u00e1sv\u00e1nyi anyag szolg\u00e1ltat\u00f3 k\u00e9pess\u00e9g\u00e9re \u00e9rz\u00e9keny...\" \/>\n<meta name=\"robots\" content=\"index, follow, max-snippet:-1, max-image-preview:large, max-video-preview:-1\" \/>\n<link rel=\"canonical\" href=\"https:\/\/tajkertesz.com\/en_US\/product\/wuxal-super-orokzold-tapoldat-1l\/\" \/>\n<meta property=\"og:locale\" content=\"en_US\" \/>\n<meta property=\"og:type\" content=\"article\" \/>\n<meta property=\"og:title\" content=\"Wuxal Super \u00f6r\u00f6kz\u00f6ld t\u00e1poldat 1L. - T\u00e1jkert\u00e9sz\" \/>\n<meta property=\"og:description\" content=\"Wuxal Super \u00f6r\u00f6kz\u00f6ld t\u00e1poldat 1L. T\u00e1panyagban kiemelked\u0151en gazdag megold\u00e1s az ig\u00e9nyes -a talaj \u00e1sv\u00e1nyi anyag szolg\u00e1ltat\u00f3 k\u00e9pess\u00e9g\u00e9re \u00e9rz\u00e9keny...\" \/>\n<meta property=\"og:url\" content=\"https:\/\/tajkertesz.com\/en_US\/product\/wuxal-super-orokzold-tapoldat-1l\/\" \/>\n<meta property=\"og:site_name\" content=\"T\u00e1jkert\u00e9sz\" \/>\n<meta property=\"article:publisher\" content=\"https:\/\/www.facebook.com\/Tajkertesz\/\" \/>\n<meta property=\"article:modified_time\" content=\"2026-02-13T15:52:14+00:00\" \/>\n<meta property=\"og:image\" content=\"https:\/\/tajkertesz.com\/wp-content\/uploads\/2023\/06\/20230609_160800-1-scaled-e1686323036878.jpg\" \/>\n\t<meta property=\"og:image:width\" content=\"820\" \/>\n\t<meta property=\"og:image:height\" content=\"2560\" \/>\n\t<meta property=\"og:image:type\" content=\"image\/jpeg\" \/>\n<meta name=\"twitter:card\" content=\"summary_large_image\" \/>\n<meta name=\"twitter:label1\" content=\"Est. reading time\" \/>\n\t<meta name=\"twitter:data1\" content=\"3 minutes\" \/>\n<script type=\"application\/ld+json\" class=\"yoast-schema-graph\">{\"@context\":\"https:\\\/\\\/schema.org\",\"@graph\":[{\"@type\":\"WebPage\",\"@id\":\"https:\\\/\\\/tajkertesz.com\\\/termek\\\/wuxal-super-orokzold-tapoldat-1l\\\/\",\"url\":\"https:\\\/\\\/tajkertesz.com\\\/termek\\\/wuxal-super-orokzold-tapoldat-1l\\\/\",\"name\":\"Wuxal Super \u00f6r\u00f6kz\u00f6ld t\u00e1poldat 1L. - T\u00e1jkert\u00e9sz\",\"isPartOf\":{\"@id\":\"https:\\\/\\\/tajkertesz.com\\\/#website\"},\"primaryImageOfPage\":{\"@id\":\"https:\\\/\\\/tajkertesz.com\\\/termek\\\/wuxal-super-orokzold-tapoldat-1l\\\/#primaryimage\"},\"image\":{\"@id\":\"https:\\\/\\\/tajkertesz.com\\\/termek\\\/wuxal-super-orokzold-tapoldat-1l\\\/#primaryimage\"},\"thumbnailUrl\":\"https:\\\/\\\/tajkertesz.com\\\/wp-content\\\/uploads\\\/2023\\\/06\\\/20230609_160800-1-scaled-e1686323036878.jpg\",\"datePublished\":\"2023-06-09T15:07:41+00:00\",\"dateModified\":\"2026-02-13T15:52:14+00:00\",\"description\":\"Wuxal Super \u00f6r\u00f6kz\u00f6ld t\u00e1poldat 1L. T\u00e1panyagban kiemelked\u0151en gazdag megold\u00e1s az ig\u00e9nyes -a talaj \u00e1sv\u00e1nyi anyag szolg\u00e1ltat\u00f3 k\u00e9pess\u00e9g\u00e9re \u00e9rz\u00e9keny...\",\"breadcrumb\":{\"@id\":\"https:\\\/\\\/tajkertesz.com\\\/termek\\\/wuxal-super-orokzold-tapoldat-1l\\\/#breadcrumb\"},\"inLanguage\":\"en-US\",\"potentialAction\":[{\"@type\":\"ReadAction\",\"target\":[\"https:\\\/\\\/tajkertesz.com\\\/termek\\\/wuxal-super-orokzold-tapoldat-1l\\\/\"]}]},{\"@type\":\"ImageObject\",\"inLanguage\":\"en-US\",\"@id\":\"https:\\\/\\\/tajkertesz.com\\\/termek\\\/wuxal-super-orokzold-tapoldat-1l\\\/#primaryimage\",\"url\":\"https:\\\/\\\/tajkertesz.com\\\/wp-content\\\/uploads\\\/2023\\\/06\\\/20230609_160800-1-scaled-e1686323036878.jpg\",\"contentUrl\":\"https:\\\/\\\/tajkertesz.com\\\/wp-content\\\/uploads\\\/2023\\\/06\\\/20230609_160800-1-scaled-e1686323036878.jpg\",\"width\":820,\"height\":2560},{\"@type\":\"BreadcrumbList\",\"@id\":\"https:\\\/\\\/tajkertesz.com\\\/termek\\\/wuxal-super-orokzold-tapoldat-1l\\\/#breadcrumb\",\"itemListElement\":[{\"@type\":\"ListItem\",\"position\":1,\"name\":\"Home\",\"item\":\"https:\\\/\\\/tajkertesz.com\\\/\"},{\"@type\":\"ListItem\",\"position\":2,\"name\":\"Kezd\u0151lap\",\"item\":\"https:\\\/\\\/tajkertesz.com\\\/\"},{\"@type\":\"ListItem\",\"position\":3,\"name\":\"Wuxal Super \u00f6r\u00f6kz\u00f6ld t\u00e1poldat 1L.\"}]},{\"@type\":\"WebSite\",\"@id\":\"https:\\\/\\\/tajkertesz.com\\\/#website\",\"url\":\"https:\\\/\\\/tajkertesz.com\\\/\",\"name\":\"T\u00e1j-Kert\u00e9sz 84 Kft.\",\"description\":\"Kert\u00e9szeti kis- \u00e9s nagykeresked\u00e9s, D\u00edszn\u00f6v\u00e9ny web\u00e1ruh\u00e1z orsz\u00e1gos h\u00e1zhozsz\u00e1ll\u00edt\u00e1ssal!\",\"publisher\":{\"@id\":\"https:\\\/\\\/tajkertesz.com\\\/#organization\"},\"potentialAction\":[{\"@type\":\"SearchAction\",\"target\":{\"@type\":\"EntryPoint\",\"urlTemplate\":\"https:\\\/\\\/tajkertesz.com\\\/?s={search_term_string}\"},\"query-input\":{\"@type\":\"PropertyValueSpecification\",\"valueRequired\":true,\"valueName\":\"search_term_string\"}}],\"inLanguage\":\"en-US\"},{\"@type\":\"Organization\",\"@id\":\"https:\\\/\\\/tajkertesz.com\\\/#organization\",\"name\":\"T\u00e1j-Kert\u00e9sz 84 Kft.\",\"url\":\"https:\\\/\\\/tajkertesz.com\\\/\",\"logo\":{\"@type\":\"ImageObject\",\"inLanguage\":\"en-US\",\"@id\":\"https:\\\/\\\/tajkertesz.com\\\/#\\\/schema\\\/logo\\\/image\\\/\",\"url\":\"https:\\\/\\\/tajkertesz.com\\\/wp-content\\\/uploads\\\/2018\\\/02\\\/logo-2-e1518678052539.png\",\"contentUrl\":\"https:\\\/\\\/tajkertesz.com\\\/wp-content\\\/uploads\\\/2018\\\/02\\\/logo-2-e1518678052539.png\",\"width\":81,\"height\":140,\"caption\":\"T\u00e1j-Kert\u00e9sz 84 Kft.\"},\"image\":{\"@id\":\"https:\\\/\\\/tajkertesz.com\\\/#\\\/schema\\\/logo\\\/image\\\/\"},\"sameAs\":[\"https:\\\/\\\/www.facebook.com\\\/Tajkertesz\\\/\"]}]}<\/script>\n<!-- \/ Yoast SEO plugin. -->","yoast_head_json":{"title":"Wuxal Super \u00f6r\u00f6kz\u00f6ld t\u00e1poldat 1L. - T\u00e1jkert\u00e9sz","description":"Wuxal Super \u00f6r\u00f6kz\u00f6ld t\u00e1poldat 1L. T\u00e1panyagban kiemelked\u0151en gazdag megold\u00e1s az ig\u00e9nyes -a talaj \u00e1sv\u00e1nyi anyag szolg\u00e1ltat\u00f3 k\u00e9pess\u00e9g\u00e9re \u00e9rz\u00e9keny...","robots":{"index":"index","follow":"follow","max-snippet":"max-snippet:-1","max-image-preview":"max-image-preview:large","max-video-preview":"max-video-preview:-1"},"canonical":"https:\/\/tajkertesz.com\/en_US\/product\/wuxal-super-orokzold-tapoldat-1l\/","og_locale":"en_US","og_type":"article","og_title":"Wuxal Super \u00f6r\u00f6kz\u00f6ld t\u00e1poldat 1L. - T\u00e1jkert\u00e9sz","og_description":"Wuxal Super \u00f6r\u00f6kz\u00f6ld t\u00e1poldat 1L. T\u00e1panyagban kiemelked\u0151en gazdag megold\u00e1s az ig\u00e9nyes -a talaj \u00e1sv\u00e1nyi anyag szolg\u00e1ltat\u00f3 k\u00e9pess\u00e9g\u00e9re \u00e9rz\u00e9keny...","og_url":"https:\/\/tajkertesz.com\/en_US\/product\/wuxal-super-orokzold-tapoldat-1l\/","og_site_name":"T\u00e1jkert\u00e9sz","article_publisher":"https:\/\/www.facebook.com\/Tajkertesz\/","article_modified_time":"2026-02-13T15:52:14+00:00","og_image":[{"width":820,"height":2560,"url":"https:\/\/tajkertesz.com\/wp-content\/uploads\/2023\/06\/20230609_160800-1-scaled-e1686323036878.jpg","type":"image\/jpeg"}],"twitter_card":"summary_large_image","twitter_misc":{"Est. reading time":"3 minutes"},"schema":{"@context":"https:\/\/schema.org","@graph":[{"@type":"WebPage","@id":"https:\/\/tajkertesz.com\/termek\/wuxal-super-orokzold-tapoldat-1l\/","url":"https:\/\/tajkertesz.com\/termek\/wuxal-super-orokzold-tapoldat-1l\/","name":"Wuxal Super \u00f6r\u00f6kz\u00f6ld t\u00e1poldat 1L. - T\u00e1jkert\u00e9sz","isPartOf":{"@id":"https:\/\/tajkertesz.com\/#website"},"primaryImageOfPage":{"@id":"https:\/\/tajkertesz.com\/termek\/wuxal-super-orokzold-tapoldat-1l\/#primaryimage"},"image":{"@id":"https:\/\/tajkertesz.com\/termek\/wuxal-super-orokzold-tapoldat-1l\/#primaryimage"},"thumbnailUrl":"https:\/\/tajkertesz.com\/wp-content\/uploads\/2023\/06\/20230609_160800-1-scaled-e1686323036878.jpg","datePublished":"2023-06-09T15:07:41+00:00","dateModified":"2026-02-13T15:52:14+00:00","description":"Wuxal Super \u00f6r\u00f6kz\u00f6ld t\u00e1poldat 1L. T\u00e1panyagban kiemelked\u0151en gazdag megold\u00e1s az ig\u00e9nyes -a talaj \u00e1sv\u00e1nyi anyag szolg\u00e1ltat\u00f3 k\u00e9pess\u00e9g\u00e9re \u00e9rz\u00e9keny...","breadcrumb":{"@id":"https:\/\/tajkertesz.com\/termek\/wuxal-super-orokzold-tapoldat-1l\/#breadcrumb"},"inLanguage":"en-US","potentialAction":[{"@type":"ReadAction","target":["https:\/\/tajkertesz.com\/termek\/wuxal-super-orokzold-tapoldat-1l\/"]}]},{"@type":"ImageObject","inLanguage":"en-US","@id":"https:\/\/tajkertesz.com\/termek\/wuxal-super-orokzold-tapoldat-1l\/#primaryimage","url":"https:\/\/tajkertesz.com\/wp-content\/uploads\/2023\/06\/20230609_160800-1-scaled-e1686323036878.jpg","contentUrl":"https:\/\/tajkertesz.com\/wp-content\/uploads\/2023\/06\/20230609_160800-1-scaled-e1686323036878.jpg","width":820,"height":2560},{"@type":"BreadcrumbList","@id":"https:\/\/tajkertesz.com\/termek\/wuxal-super-orokzold-tapoldat-1l\/#breadcrumb","itemListElement":[{"@type":"ListItem","position":1,"name":"Home","item":"https:\/\/tajkertesz.com\/"},{"@type":"ListItem","position":2,"name":"Kezd\u0151lap","item":"https:\/\/tajkertesz.com\/"},{"@type":"ListItem","position":3,"name":"Wuxal Super \u00f6r\u00f6kz\u00f6ld t\u00e1poldat 1L."}]},{"@type":"WebSite","@id":"https:\/\/tajkertesz.com\/#website","url":"https:\/\/tajkertesz.com\/","name":"T\u00e1j-Kert\u00e9sz 84 Kft.","description":"Kert\u00e9szeti kis- \u00e9s nagykeresked\u00e9s, D\u00edszn\u00f6v\u00e9ny web\u00e1ruh\u00e1z orsz\u00e1gos h\u00e1zhozsz\u00e1ll\u00edt\u00e1ssal!","publisher":{"@id":"https:\/\/tajkertesz.com\/#organization"},"potentialAction":[{"@type":"SearchAction","target":{"@type":"EntryPoint","urlTemplate":"https:\/\/tajkertesz.com\/?s={search_term_string}"},"query-input":{"@type":"PropertyValueSpecification","valueRequired":true,"valueName":"search_term_string"}}],"inLanguage":"en-US"},{"@type":"Organization","@id":"https:\/\/tajkertesz.com\/#organization","name":"T\u00e1j-Kert\u00e9sz 84 Kft.","url":"https:\/\/tajkertesz.com\/","logo":{"@type":"ImageObject","inLanguage":"en-US","@id":"https:\/\/tajkertesz.com\/#\/schema\/logo\/image\/","url":"https:\/\/tajkertesz.com\/wp-content\/uploads\/2018\/02\/logo-2-e1518678052539.png","contentUrl":"https:\/\/tajkertesz.com\/wp-content\/uploads\/2018\/02\/logo-2-e1518678052539.png","width":81,"height":140,"caption":"T\u00e1j-Kert\u00e9sz 84 Kft."},"image":{"@id":"https:\/\/tajkertesz.com\/#\/schema\/logo\/image\/"},"sameAs":["https:\/\/www.facebook.com\/Tajkertesz\/"]}]}},"_links":{"self":[{"href":"https:\/\/tajkertesz.com\/en_US\/wp-json\/wp\/v2\/product\/15782","targetHints":{"allow":["GET"]}}],"collection":[{"href":"https:\/\/tajkertesz.com\/en_US\/wp-json\/wp\/v2\/product"}],"about":[{"href":"https:\/\/tajkertesz.com\/en_US\/wp-json\/wp\/v2\/types\/product"}],"wp:featuredmedia":[{"embeddable":true,"href":"https:\/\/tajkertesz.com\/en_US\/wp-json\/wp\/v2\/media\/15783"}],"wp:attachment":[{"href":"https:\/\/tajkertesz.com\/en_US\/wp-json\/wp\/v2\/media?parent=15782"}],"wp:term":[{"taxonomy":"product_brand","embeddable":true,"href":"https:\/\/tajkertesz.com\/en_US\/wp-json\/wp\/v2\/product_brand?post=15782"},{"taxonomy":"product_cat","embeddable":true,"href":"https:\/\/tajkertesz.com\/en_US\/wp-json\/wp\/v2\/product_cat?post=15782"},{"taxonomy":"product_tag","embeddable":true,"href":"https:\/\/tajkertesz.com\/en_US\/wp-json\/wp\/v2\/product_tag?post=15782"}],"curies":[{"name":"wp","href":"https:\/\/api.w.org\/{rel}","templated":true}]}}