{"id":15787,"date":"2023-06-10T07:42:38","date_gmt":"2023-06-10T07:42:38","guid":{"rendered":"https:\/\/tajkertesz.com\/?post_type=product&#038;p=15787"},"modified":"2025-06-09T08:13:15","modified_gmt":"2025-06-09T08:13:15","slug":"nortene-classic-arch-rozsafuttato-pergola","status":"publish","type":"product","link":"https:\/\/tajkertesz.com\/en_US\/product\/nortene-classic-arch-rozsafuttato-pergola\/","title":{"rendered":"Nortene Classic Arch r\u00f3zsafuttat\u00f3 pergola"},"content":{"rendered":"<h2>Nortene Classic Arch r\u00f3zsafuttat\u00f3 pergola<\/h2>\n<h2 class=\"justtellmewhat uppercase color-green-2 text-3xl mt-10\">EL\u0150NY\u00d6K<\/h2>\n<div class=\"mt-2 color-brown text-lg\">\n<p>&#8211; Egyszer\u0171 szerkezet\u0171, klasszikus dupla \u00edv jellemzi. &#8211; Letisztult, eleg\u00e1ns megjelen\u00e9s, &#8211; Seg\u00edts\u00e9g\u00e9vel \u00e1rny\u00e9kot is teremthet\u00fcnk. &#8211; Ide\u00e1lis k\u00fasz\u00f3n\u00f6v\u00e9nyek felfuttat\u00e1s\u00e1ra, de ak\u00e1r bej\u00e1ratot is k\u00e9pezhet\u00fcnk vele kert\u00fcnkben. &#8211; Gyorsan \u00f6sszeszerelhet\u0151. &#8211; K\u00f6nny\u0171 \u00e9s k\u00f6nnyen telep\u00edthet\u0151.<\/p>\n<\/div>\n<h2 class=\"justtellmewhat uppercase color-green-2 text-3xl mt-10\">JELLEMZ\u0150K<\/h2>\n<div class=\"mt-2 color-brown text-lg\">\n<p>&#8211; Anyaga: f\u00e9m &#8211; M\u00e9rete: 1,2 x 04 x 2,4 m &#8211; Sz\u00edne: z\u00f6ld Az ac\u00e9lcs\u0151 \u00e1tm\u00e9r\u0151je: 16 mm &#8211; Fel\u00e9p\u00edt\u00e9se: t\u00e9glalap alak\u00fa szakaszokb\u00f3l tev\u0151dik \u00f6ssze &#8211; \u00d6sszeszerel\u00e9shez sz\u00fcks\u00e9ges k\u00e9szletet tartalmazza.<\/p>\n<p>&nbsp;<\/p>\n<p>Szem\u00e9lyes \u00e1tv\u00e9tel nyitvatart\u00e1si id\u0151ben a Bp. 17. ker\u00fclet Bakancsos utca 7. sz\u00e1m alatti Kert\u00e9szeti \u00e1rud\u00e1ban.<\/p>\n<p>K\u00e9szlet\u00fcnk napi szinten v\u00e1ltozik, ez\u00e9rt k\u00e9rj\u00fck, \u00e9rdekl\u0151dj\u00f6n szem\u00e9lyesen, telefonon vagy email-en.<\/p>\n<p>A v\u00e1ltoztat\u00e1s jog\u00e1t fenntartjuk!<\/p>\n<p>https:\/\/www.facebook.com\/tajkertesz\/<\/p>\n<p>Kisz\u00e1ll\u00edt\u00e1s: 200cm-ig\u00a0 \u00e9s 40 kg-ig a sz\u00e1ll\u00edt\u00e1s fut\u00e1rszolg\u00e1lattal\u00a0 t\u00f6rt\u00e9nik.<\/p>\n<\/div>\n<p>&nbsp;<\/p>","protected":false},"excerpt":{"rendered":"<p>Nortene Classic Arch r\u00f3zsafuttat\u00f3 pergola<\/p>\n<h2 class=\"sensabrush lowercase color-brown mt-8 text-6xl sm:text-8xl leading-10\">classic arch<\/h2>\n<h1 class=\"justtellmewhat color-green-2 mt-4 text-2xl leading-none\">Eleg\u00e1ns bolt\u00edvek, amelyek kihangs\u00falyozz\u00e1k a h\u00e1z bej\u00e1rat\u00e1t<\/h1>\n<div class=\"mt-2 color-brown text-lg\">Nincs jobb egy bolt\u00edvn\u00e9l, ami ak\u00e1r a bej\u00e1ratot is k\u00e9pezheti a kertben. Minden st\u00edlus\u00fa kerthez t\u00f6k\u00e9letesen illeszkedik.<\/div>","protected":false},"featured_media":15788,"template":"","meta":{"_et_pb_use_builder":"on","_et_pb_old_content":"<h2>Nortene Classic Arch r\u00f3zsafuttat\u00f3 pergola<\/h2>\r\n<h2 class=\"justtellmewhat uppercase color-green-2 text-3xl mt-10\">EL\u0150NY\u00d6K<\/h2>\r\n<div class=\"mt-2 color-brown text-lg\">\r\n\r\n- Egyszer\u0171 szerkezet\u0171, klasszikus dupla \u00edv jellemzi. - Letisztult, eleg\u00e1ns megjelen\u00e9s, - Seg\u00edts\u00e9g\u00e9vel \u00e1rny\u00e9kot is teremthet\u00fcnk. - Ide\u00e1lis k\u00fasz\u00f3n\u00f6v\u00e9nyek felfuttat\u00e1s\u00e1ra, de ak\u00e1r bej\u00e1ratot is k\u00e9pezhet\u00fcnk vele kert\u00fcnkben. - Gyorsan \u00f6sszeszerelhet\u0151. - K\u00f6nny\u0171 \u00e9s k\u00f6nnyen telep\u00edthet\u0151.\r\n\r\n<\/div>\r\n<h2 class=\"justtellmewhat uppercase color-green-2 text-3xl mt-10\">JELLEMZ\u0150K<\/h2>\r\n<div class=\"mt-2 color-brown text-lg\">\r\n\r\n- Anyaga: f\u00e9m - M\u00e9rete: 1,2 x 04 x 2,4 m - Sz\u00edne: z\u00f6ld Az ac\u00e9lcs\u0151 \u00e1tm\u00e9r\u0151je: 16 mm - Fel\u00e9p\u00edt\u00e9se: t\u00e9glalap alak\u00fa szakaszokb\u00f3l tev\u0151dik \u00f6ssze - \u00d6sszeszerel\u00e9shez sz\u00fcks\u00e9ges k\u00e9szletet tartalmazza.\r\n\r\n&nbsp;\r\n\r\nSzem\u00e9lyes \u00e1tv\u00e9tel nyitvatart\u00e1si id\u0151ben a Bp. 17. ker\u00fclet Bakancsos utca 7. sz\u00e1m alatti Kert\u00e9szeti \u00e1rud\u00e1ban.\r\n\r\nK\u00e9szlet\u00fcnk napi szinten v\u00e1ltozik, ez\u00e9rt k\u00e9rj\u00fck, \u00e9rdekl\u0151dj\u00f6n szem\u00e9lyesen, telefonon vagy email-en.\r\n\r\nA v\u00e1ltoztat\u00e1s jog\u00e1t fenntartjuk!\r\n\r\nhttps:\/\/www.facebook.com\/tajkertesz\/\r\n\r\nKisz\u00e1ll\u00edt\u00e1s: 200cm-ig\u00a0 \u00e9s 40 kg-ig a sz\u00e1ll\u00edt\u00e1s fut\u00e1rszolg\u00e1lattal\u00a0 t\u00f6rt\u00e9nik.\r\n\r\n<\/div>\r\n&nbsp;","_et_gb_content_width":""},"product_brand":[],"product_cat":[1186],"product_tag":[],"class_list":{"0":"post-15787","1":"product","2":"type-product","3":"status-publish","4":"has-post-thumbnail","6":"product_cat-novenyfuttatok","8":"first","9":"instock","10":"shipping-taxable","11":"purchasable","12":"product-type-simple"},"yoast_head":"<!-- This site is optimized with the Yoast SEO plugin v27.5 - https:\/\/yoast.com\/product\/yoast-seo-wordpress\/ -->\n<title>Nortene Classic Arch r\u00f3zsafuttat\u00f3 pergola - T\u00e1jkert\u00e9sz<\/title>\n<meta name=\"description\" content=\"Nortene Classic Arch r\u00f3zsafuttat\u00f3 pergola. Eleg\u00e1ns bolt\u00edvek, amelyek kihangs\u00falyozz\u00e1k a h\u00e1z bej\u00e1rat\u00e1t. Gyorsan \u00f6sszeszerelhet\u0151.\" \/>\n<meta name=\"robots\" content=\"index, follow, max-snippet:-1, max-image-preview:large, max-video-preview:-1\" \/>\n<link rel=\"canonical\" href=\"https:\/\/tajkertesz.com\/en_US\/product\/nortene-classic-arch-rozsafuttato-pergola\/\" \/>\n<meta property=\"og:locale\" content=\"en_US\" \/>\n<meta property=\"og:type\" content=\"article\" \/>\n<meta property=\"og:title\" content=\"https:\/\/www.facebook.com\/tajkertesz\/\" \/>\n<meta property=\"og:description\" content=\"- Egyszer\u0171 szerkezet\u0171, klasszikus dupla \u00edv jellemzi. - Letisztult, eleg\u00e1ns megjelen\u00e9s, - Seg\u00edts\u00e9g\u00e9vel \u00e1rny\u00e9kot is teremthet\u00fcnk. - Ide\u00e1lis k\u00fasz\u00f3n\u00f6v\u00e9nyek felfuttat\u00e1s\u00e1ra, de ak\u00e1r bej\u00e1ratot is k\u00e9pezhet\u00fcnk vele kert\u00fcnkben. - Gyorsan \u00f6sszeszerelhet\u0151. - K\u00f6nny\u0171 \u00e9s k\u00f6nnyen telep\u00edthet\u0151.\" \/>\n<meta property=\"og:url\" content=\"https:\/\/tajkertesz.com\/en_US\/product\/nortene-classic-arch-rozsafuttato-pergola\/\" \/>\n<meta property=\"og:site_name\" content=\"T\u00e1jkert\u00e9sz\" \/>\n<meta property=\"article:publisher\" content=\"https:\/\/www.facebook.com\/Tajkertesz\/\" \/>\n<meta property=\"article:modified_time\" content=\"2025-06-09T08:13:15+00:00\" \/>\n<meta property=\"og:image\" content=\"https:\/\/tajkertesz.com\/wp-content\/uploads\/2023\/06\/190100.jpg-478x430-1.jpg\" \/>\n\t<meta property=\"og:image:width\" content=\"478\" \/>\n\t<meta property=\"og:image:height\" content=\"430\" \/>\n\t<meta property=\"og:image:type\" content=\"image\/jpeg\" \/>\n<meta name=\"twitter:card\" content=\"summary_large_image\" \/>\n<meta name=\"twitter:label1\" content=\"Est. reading time\" \/>\n\t<meta name=\"twitter:data1\" content=\"1 minute\" \/>\n<script type=\"application\/ld+json\" class=\"yoast-schema-graph\">{\"@context\":\"https:\\\/\\\/schema.org\",\"@graph\":[{\"@type\":\"WebPage\",\"@id\":\"https:\\\/\\\/tajkertesz.com\\\/termek\\\/nortene-classic-arch-rozsafuttato-pergola\\\/\",\"url\":\"https:\\\/\\\/tajkertesz.com\\\/termek\\\/nortene-classic-arch-rozsafuttato-pergola\\\/\",\"name\":\"Nortene Classic Arch r\u00f3zsafuttat\u00f3 pergola - T\u00e1jkert\u00e9sz\",\"isPartOf\":{\"@id\":\"https:\\\/\\\/tajkertesz.com\\\/#website\"},\"primaryImageOfPage\":{\"@id\":\"https:\\\/\\\/tajkertesz.com\\\/termek\\\/nortene-classic-arch-rozsafuttato-pergola\\\/#primaryimage\"},\"image\":{\"@id\":\"https:\\\/\\\/tajkertesz.com\\\/termek\\\/nortene-classic-arch-rozsafuttato-pergola\\\/#primaryimage\"},\"thumbnailUrl\":\"https:\\\/\\\/tajkertesz.com\\\/wp-content\\\/uploads\\\/2023\\\/06\\\/190100.jpg-478x430-1.jpg\",\"datePublished\":\"2023-06-10T07:42:38+00:00\",\"dateModified\":\"2025-06-09T08:13:15+00:00\",\"description\":\"Nortene Classic Arch r\u00f3zsafuttat\u00f3 pergola. Eleg\u00e1ns bolt\u00edvek, amelyek kihangs\u00falyozz\u00e1k a h\u00e1z bej\u00e1rat\u00e1t. Gyorsan \u00f6sszeszerelhet\u0151.\",\"breadcrumb\":{\"@id\":\"https:\\\/\\\/tajkertesz.com\\\/termek\\\/nortene-classic-arch-rozsafuttato-pergola\\\/#breadcrumb\"},\"inLanguage\":\"en-US\",\"potentialAction\":[{\"@type\":\"ReadAction\",\"target\":[\"https:\\\/\\\/tajkertesz.com\\\/termek\\\/nortene-classic-arch-rozsafuttato-pergola\\\/\"]}]},{\"@type\":\"ImageObject\",\"inLanguage\":\"en-US\",\"@id\":\"https:\\\/\\\/tajkertesz.com\\\/termek\\\/nortene-classic-arch-rozsafuttato-pergola\\\/#primaryimage\",\"url\":\"https:\\\/\\\/tajkertesz.com\\\/wp-content\\\/uploads\\\/2023\\\/06\\\/190100.jpg-478x430-1.jpg\",\"contentUrl\":\"https:\\\/\\\/tajkertesz.com\\\/wp-content\\\/uploads\\\/2023\\\/06\\\/190100.jpg-478x430-1.jpg\",\"width\":478,\"height\":430,\"caption\":\"Nortene Classic Arch r\u00f3zsafuttat\u00f3 pergola\"},{\"@type\":\"BreadcrumbList\",\"@id\":\"https:\\\/\\\/tajkertesz.com\\\/termek\\\/nortene-classic-arch-rozsafuttato-pergola\\\/#breadcrumb\",\"itemListElement\":[{\"@type\":\"ListItem\",\"position\":1,\"name\":\"Home\",\"item\":\"https:\\\/\\\/tajkertesz.com\\\/\"},{\"@type\":\"ListItem\",\"position\":2,\"name\":\"Kezd\u0151lap\",\"item\":\"https:\\\/\\\/tajkertesz.com\\\/\"},{\"@type\":\"ListItem\",\"position\":3,\"name\":\"Nortene Classic Arch r\u00f3zsafuttat\u00f3 pergola\"}]},{\"@type\":\"WebSite\",\"@id\":\"https:\\\/\\\/tajkertesz.com\\\/#website\",\"url\":\"https:\\\/\\\/tajkertesz.com\\\/\",\"name\":\"T\u00e1j-Kert\u00e9sz 84 Kft.\",\"description\":\"Kert\u00e9szeti kis- \u00e9s nagykeresked\u00e9s, D\u00edszn\u00f6v\u00e9ny web\u00e1ruh\u00e1z orsz\u00e1gos h\u00e1zhozsz\u00e1ll\u00edt\u00e1ssal!\",\"publisher\":{\"@id\":\"https:\\\/\\\/tajkertesz.com\\\/#organization\"},\"potentialAction\":[{\"@type\":\"SearchAction\",\"target\":{\"@type\":\"EntryPoint\",\"urlTemplate\":\"https:\\\/\\\/tajkertesz.com\\\/?s={search_term_string}\"},\"query-input\":{\"@type\":\"PropertyValueSpecification\",\"valueRequired\":true,\"valueName\":\"search_term_string\"}}],\"inLanguage\":\"en-US\"},{\"@type\":\"Organization\",\"@id\":\"https:\\\/\\\/tajkertesz.com\\\/#organization\",\"name\":\"T\u00e1j-Kert\u00e9sz 84 Kft.\",\"url\":\"https:\\\/\\\/tajkertesz.com\\\/\",\"logo\":{\"@type\":\"ImageObject\",\"inLanguage\":\"en-US\",\"@id\":\"https:\\\/\\\/tajkertesz.com\\\/#\\\/schema\\\/logo\\\/image\\\/\",\"url\":\"https:\\\/\\\/tajkertesz.com\\\/wp-content\\\/uploads\\\/2018\\\/02\\\/logo-2-e1518678052539.png\",\"contentUrl\":\"https:\\\/\\\/tajkertesz.com\\\/wp-content\\\/uploads\\\/2018\\\/02\\\/logo-2-e1518678052539.png\",\"width\":81,\"height\":140,\"caption\":\"T\u00e1j-Kert\u00e9sz 84 Kft.\"},\"image\":{\"@id\":\"https:\\\/\\\/tajkertesz.com\\\/#\\\/schema\\\/logo\\\/image\\\/\"},\"sameAs\":[\"https:\\\/\\\/www.facebook.com\\\/Tajkertesz\\\/\"]}]}<\/script>\n<!-- \/ Yoast SEO plugin. -->","yoast_head_json":{"title":"Nortene Classic Arch r\u00f3zsafuttat\u00f3 pergola - T\u00e1jkert\u00e9sz","description":"Nortene Classic Arch r\u00f3zsafuttat\u00f3 pergola. Eleg\u00e1ns bolt\u00edvek, amelyek kihangs\u00falyozz\u00e1k a h\u00e1z bej\u00e1rat\u00e1t. Gyorsan \u00f6sszeszerelhet\u0151.","robots":{"index":"index","follow":"follow","max-snippet":"max-snippet:-1","max-image-preview":"max-image-preview:large","max-video-preview":"max-video-preview:-1"},"canonical":"https:\/\/tajkertesz.com\/en_US\/product\/nortene-classic-arch-rozsafuttato-pergola\/","og_locale":"en_US","og_type":"article","og_title":"https:\/\/www.facebook.com\/tajkertesz\/","og_description":"- Egyszer\u0171 szerkezet\u0171, klasszikus dupla \u00edv jellemzi. - Letisztult, eleg\u00e1ns megjelen\u00e9s, - Seg\u00edts\u00e9g\u00e9vel \u00e1rny\u00e9kot is teremthet\u00fcnk. - Ide\u00e1lis k\u00fasz\u00f3n\u00f6v\u00e9nyek felfuttat\u00e1s\u00e1ra, de ak\u00e1r bej\u00e1ratot is k\u00e9pezhet\u00fcnk vele kert\u00fcnkben. - Gyorsan \u00f6sszeszerelhet\u0151. - K\u00f6nny\u0171 \u00e9s k\u00f6nnyen telep\u00edthet\u0151.","og_url":"https:\/\/tajkertesz.com\/en_US\/product\/nortene-classic-arch-rozsafuttato-pergola\/","og_site_name":"T\u00e1jkert\u00e9sz","article_publisher":"https:\/\/www.facebook.com\/Tajkertesz\/","article_modified_time":"2025-06-09T08:13:15+00:00","og_image":[{"width":478,"height":430,"url":"https:\/\/tajkertesz.com\/wp-content\/uploads\/2023\/06\/190100.jpg-478x430-1.jpg","type":"image\/jpeg"}],"twitter_card":"summary_large_image","twitter_misc":{"Est. reading time":"1 minute"},"schema":{"@context":"https:\/\/schema.org","@graph":[{"@type":"WebPage","@id":"https:\/\/tajkertesz.com\/termek\/nortene-classic-arch-rozsafuttato-pergola\/","url":"https:\/\/tajkertesz.com\/termek\/nortene-classic-arch-rozsafuttato-pergola\/","name":"Nortene Classic Arch r\u00f3zsafuttat\u00f3 pergola - T\u00e1jkert\u00e9sz","isPartOf":{"@id":"https:\/\/tajkertesz.com\/#website"},"primaryImageOfPage":{"@id":"https:\/\/tajkertesz.com\/termek\/nortene-classic-arch-rozsafuttato-pergola\/#primaryimage"},"image":{"@id":"https:\/\/tajkertesz.com\/termek\/nortene-classic-arch-rozsafuttato-pergola\/#primaryimage"},"thumbnailUrl":"https:\/\/tajkertesz.com\/wp-content\/uploads\/2023\/06\/190100.jpg-478x430-1.jpg","datePublished":"2023-06-10T07:42:38+00:00","dateModified":"2025-06-09T08:13:15+00:00","description":"Nortene Classic Arch r\u00f3zsafuttat\u00f3 pergola. Eleg\u00e1ns bolt\u00edvek, amelyek kihangs\u00falyozz\u00e1k a h\u00e1z bej\u00e1rat\u00e1t. Gyorsan \u00f6sszeszerelhet\u0151.","breadcrumb":{"@id":"https:\/\/tajkertesz.com\/termek\/nortene-classic-arch-rozsafuttato-pergola\/#breadcrumb"},"inLanguage":"en-US","potentialAction":[{"@type":"ReadAction","target":["https:\/\/tajkertesz.com\/termek\/nortene-classic-arch-rozsafuttato-pergola\/"]}]},{"@type":"ImageObject","inLanguage":"en-US","@id":"https:\/\/tajkertesz.com\/termek\/nortene-classic-arch-rozsafuttato-pergola\/#primaryimage","url":"https:\/\/tajkertesz.com\/wp-content\/uploads\/2023\/06\/190100.jpg-478x430-1.jpg","contentUrl":"https:\/\/tajkertesz.com\/wp-content\/uploads\/2023\/06\/190100.jpg-478x430-1.jpg","width":478,"height":430,"caption":"Nortene Classic Arch r\u00f3zsafuttat\u00f3 pergola"},{"@type":"BreadcrumbList","@id":"https:\/\/tajkertesz.com\/termek\/nortene-classic-arch-rozsafuttato-pergola\/#breadcrumb","itemListElement":[{"@type":"ListItem","position":1,"name":"Home","item":"https:\/\/tajkertesz.com\/"},{"@type":"ListItem","position":2,"name":"Kezd\u0151lap","item":"https:\/\/tajkertesz.com\/"},{"@type":"ListItem","position":3,"name":"Nortene Classic Arch r\u00f3zsafuttat\u00f3 pergola"}]},{"@type":"WebSite","@id":"https:\/\/tajkertesz.com\/#website","url":"https:\/\/tajkertesz.com\/","name":"T\u00e1j-Kert\u00e9sz 84 Kft.","description":"Kert\u00e9szeti kis- \u00e9s nagykeresked\u00e9s, D\u00edszn\u00f6v\u00e9ny web\u00e1ruh\u00e1z orsz\u00e1gos h\u00e1zhozsz\u00e1ll\u00edt\u00e1ssal!","publisher":{"@id":"https:\/\/tajkertesz.com\/#organization"},"potentialAction":[{"@type":"SearchAction","target":{"@type":"EntryPoint","urlTemplate":"https:\/\/tajkertesz.com\/?s={search_term_string}"},"query-input":{"@type":"PropertyValueSpecification","valueRequired":true,"valueName":"search_term_string"}}],"inLanguage":"en-US"},{"@type":"Organization","@id":"https:\/\/tajkertesz.com\/#organization","name":"T\u00e1j-Kert\u00e9sz 84 Kft.","url":"https:\/\/tajkertesz.com\/","logo":{"@type":"ImageObject","inLanguage":"en-US","@id":"https:\/\/tajkertesz.com\/#\/schema\/logo\/image\/","url":"https:\/\/tajkertesz.com\/wp-content\/uploads\/2018\/02\/logo-2-e1518678052539.png","contentUrl":"https:\/\/tajkertesz.com\/wp-content\/uploads\/2018\/02\/logo-2-e1518678052539.png","width":81,"height":140,"caption":"T\u00e1j-Kert\u00e9sz 84 Kft."},"image":{"@id":"https:\/\/tajkertesz.com\/#\/schema\/logo\/image\/"},"sameAs":["https:\/\/www.facebook.com\/Tajkertesz\/"]}]}},"_links":{"self":[{"href":"https:\/\/tajkertesz.com\/en_US\/wp-json\/wp\/v2\/product\/15787","targetHints":{"allow":["GET"]}}],"collection":[{"href":"https:\/\/tajkertesz.com\/en_US\/wp-json\/wp\/v2\/product"}],"about":[{"href":"https:\/\/tajkertesz.com\/en_US\/wp-json\/wp\/v2\/types\/product"}],"wp:featuredmedia":[{"embeddable":true,"href":"https:\/\/tajkertesz.com\/en_US\/wp-json\/wp\/v2\/media\/15788"}],"wp:attachment":[{"href":"https:\/\/tajkertesz.com\/en_US\/wp-json\/wp\/v2\/media?parent=15787"}],"wp:term":[{"taxonomy":"product_brand","embeddable":true,"href":"https:\/\/tajkertesz.com\/en_US\/wp-json\/wp\/v2\/product_brand?post=15787"},{"taxonomy":"product_cat","embeddable":true,"href":"https:\/\/tajkertesz.com\/en_US\/wp-json\/wp\/v2\/product_cat?post=15787"},{"taxonomy":"product_tag","embeddable":true,"href":"https:\/\/tajkertesz.com\/en_US\/wp-json\/wp\/v2\/product_tag?post=15787"}],"curies":[{"name":"wp","href":"https:\/\/api.w.org\/{rel}","templated":true}]}}