{"id":15821,"date":"2023-06-13T12:12:42","date_gmt":"2023-06-13T12:12:42","guid":{"rendered":"https:\/\/tajkertesz.com\/?post_type=product&#038;p=15821"},"modified":"2023-06-13T12:28:25","modified_gmt":"2023-06-13T12:28:25","slug":"transformer-talajkondicionalo1-liter","status":"publish","type":"product","link":"https:\/\/tajkertesz.com\/en_US\/product\/transformer-talajkondicionalo1-liter\/","title":{"rendered":"Transformer talajkondicion\u00e1l\u00f31 liter"},"content":{"rendered":"<h1>Transformer talajkondicion\u00e1l\u00f31 liter<\/h1>\n<p><strong><em>Talajkondicion\u00e1l\u00f3, v\u00edzh\u00e1ztart\u00e1st jav\u00edt\u00f3 k\u00e9sz\u00edtm\u00e9ny<\/em><\/strong><\/p>\n<div class=\"et_pb_module et_pb_text et_pb_text_8 et_pb_text_align_left et_pb_bg_layout_light\">\n<div class=\"et_pb_text_inner\">\n<p><strong>Hat\u00f3anyag:<\/strong>\u00a0alkohol-etoxil\u00e1t, n\u00f6v\u00e9nyi kivonat<\/p>\n<p><strong>Felhaszn\u00e1lhat\u00f3:<\/strong>\u00a0valamennyi sz\u00e1nt\u00f3f\u00f6ldi \u00e9s kert\u00e9szeti kult\u00far\u00e1ban a talaj kond\u00edci\u00f3j\u00e1nak a jav\u00edt\u00e1s\u00e1ra<\/p>\n<p>&nbsp;<\/p>\n<\/div>\n<\/div>\n<div class=\"et_pb_module et_pb_code et_pb_code_5\">\n<div class=\"et_pb_code_inner\">\n<div class=\"wptb-table-container wptb-table-1448 wptb-table-container-0\">\n<div id=\"wptb-table-id-1448\" class=\"wptb-table-container-matrix\" data-wptb-version=\"1.4.9\" data-wptb-pro-status=\"false\">\n<table class=\"wptb-preview-table wptb-element-main-table_setting-784\" role=\"table\" data-reconstraction=\"1\" data-wptb-table-tds-sum-max-width=\"262\" data-wptb-cells-width-auto-count=\"2\" data-wptb-responsive-directives=\"eyJyZXNwb25zaXZlRW5hYmxlZCI6dHJ1ZSwicmVzcG9uc2l2ZU1vZGUiOiJhdXRvIiwicHJlc2VydmVSb3dDb2xvciI6ZmFsc2UsInJlbGF0aXZlV2lkdGgiOiJ3aW5kb3ciLCJoZWFkZXJGdWxseU1lcmdlZCI6ZmFsc2UsIm1vZGVPcHRpb25zIjp7ImF1dG8iOnsidG9wUm93QXNIZWFkZXIiOnsiZGVza3RvcCI6ZmFsc2UsInRhYmxldCI6dHJ1ZSwibW9iaWxlIjp0cnVlfSwicmVwZWF0TWVyZ2VkSGVhZGVyIjp7ImRlc2t0b3AiOnRydWUsInRhYmxldCI6dHJ1ZSwibW9iaWxlIjp0cnVlfSwic3RhdGljVG9wUm93Ijp7ImRlc2t0b3AiOmZhbHNlLCJ0YWJsZXQiOmZhbHNlLCJtb2JpbGUiOmZhbHNlfSwiY2VsbFN0YWNrRGlyZWN0aW9uIjp7ImRlc2t0b3AiOiJyb3ciLCJ0YWJsZXQiOiJyb3ciLCJtb2JpbGUiOiJyb3cifSwiY2VsbHNQZXJSb3ciOnsiZGVza3RvcCI6MSwidGFibGV0IjoxLCJtb2JpbGUiOjF9fX0sImJyZWFrcG9pbnRzIjp7ImRlc2t0b3AiOnsibmFtZSI6ImRlc2t0b3AiLCJ3aWR0aCI6MTAyNH0sInRhYmxldCI6eyJuYW1lIjoidGFibGV0Iiwid2lkdGgiOjcwMH0sIm1vYmlsZSI6eyJuYW1lIjoibW9iaWxlIiwid2lkdGgiOjMwMH19fQ==\" data-wptb-adaptive-table=\"0\" data-wptb-table-alignment=\"center\" data-table-columns=\"2\" data-wptb-header-background-color=\"\" data-wptb-even-row-background-color=\"\" data-wptb-odd-row-background-color=\"#ffffff\" data-wptb-breakpoint=\"desktop\">\n<tbody>\n<tr class=\"wptb-row\" data-wptb-bg-color=\"\">\n<td class=\"wptb-cell\" data-wptb-css-td-auto-width=\"true\" data-x-index=\"0\" data-y-index=\"0\" data-sorted-vertical=\"ask-disabled\">\n<div class=\"wptb-text-container wptb-ph-element wptb-element-text-1\">\n<div class=\"\">\n<p><strong>Kult\u00fara<\/strong><\/p>\n<\/div>\n<\/div>\n<\/td>\n<td class=\"wptb-cell\" data-wptb-css-td-auto-width=\"true\" data-x-index=\"1\" data-y-index=\"0\" data-sorted-vertical=\"ask-disabled\">\n<div class=\"wptb-text-container wptb-ph-element wptb-element-text-2\">\n<div class=\"\">\n<p><strong>D\u00f3zis (l\/ha)<\/strong><\/p>\n<\/div>\n<\/div>\n<\/td>\n<\/tr>\n<tr class=\"wptb-row\" data-wptb-bg-color=\"\">\n<td class=\"wptb-cell\" data-wptb-css-td-auto-width=\"true\" data-x-index=\"0\" data-y-index=\"1\">\n<div class=\"wptb-text-container wptb-ph-element wptb-element-text-5\">\n<div class=\"\">\n<p>magr\u00f3l vetett n\u00f6v\u00e9nykult\u00far\u00e1k eset\u00e9ben vet\u00e9s el\u0151tt<\/p>\n<\/div>\n<\/div>\n<\/td>\n<td class=\"wptb-cell\" data-wptb-css-td-auto-width=\"true\" data-x-index=\"1\" data-y-index=\"1\">\n<div class=\"wptb-text-container wptb-ph-element wptb-element-text-10\">\n<div class=\"\">\n<p>5 l\/ha mennyis\u00e9gben, 0,2 %-os t\u00f6m\u00e9nys\u00e9gben a talaj felsz\u00edn\u00e9re permetezve \u00e9s b\u0151 v\u00edzzel talajba mosva<\/p>\n<\/div>\n<\/div>\n<\/td>\n<\/tr>\n<tr class=\"wptb-row\" data-wptb-bg-color=\"#ffffff\">\n<td class=\"wptb-cell\" data-wptb-css-td-auto-width=\"true\" data-x-index=\"0\" data-y-index=\"2\">\n<div class=\"wptb-text-container wptb-ph-element wptb-element-text-6\">\n<div class=\"\">\n<p>pal\u00e1nt\u00e1zott n\u00f6v\u00e9nykult\u00far\u00e1k eset\u00e9ben a pal\u00e1nt\u00e1z\u00e1s ut\u00e1n k\u00e9t h\u00e9ttel, majd k\u00e9t m\u00falva megism\u00e9telve<\/p>\n<\/div>\n<\/div>\n<\/td>\n<td class=\"wptb-cell\" data-wptb-css-td-auto-width=\"true\" data-x-index=\"1\" data-y-index=\"2\">\n<div class=\"wptb-text-container wptb-ph-element wptb-element-text-11\">\n<div class=\"\">\n<p>5 l\/ha mennyis\u00e9gben, 0,2 %-os t\u00f6m\u00e9nys\u00e9gben a pal\u00e1nt\u00e1z\u00e1s ut\u00e1n k\u00e9t h\u00e9ttel, majd k\u00e9t h\u00e9t m\u00falva megism\u00e9telve, a talaj felsz\u00edn\u00e9re permetezve \u00e9s b\u0151 v\u00edzzel a talajba mosva<\/p>\n<\/div>\n<\/div>\n<\/td>\n<\/tr>\n<tr class=\"wptb-row\" data-wptb-bg-color=\"\">\n<td class=\"wptb-cell\" data-wptb-css-td-auto-width=\"true\" data-x-index=\"0\" data-y-index=\"3\">\n<div class=\"wptb-text-container wptb-ph-element wptb-element-text-7\">\n<div class=\"\">\n<p>sz\u0151l\u0151- \u00e9s gy\u00fcm\u00f6lcs \u00fcltetv\u00e9nyek eset\u00e9ben tavasszal, majd k\u00e9t h\u00e9t m\u00falva megism\u00e9telve<\/p>\n<\/div>\n<\/div>\n<\/td>\n<td class=\"wptb-cell\" data-wptb-css-td-auto-width=\"true\" data-x-index=\"1\" data-y-index=\"3\">\n<div class=\"wptb-text-container wptb-ph-element wptb-element-text-12\">\n<div class=\"\">\n<p>5 l\/ha mennyis\u00e9gben 0,2 %-os t\u00f6m\u00e9nys\u00e9gben tavasszal, majd k\u00e9t h\u00e9t m\u00falva megism\u00e9telve a talaj felsz\u00edn\u00e9re permetezve \u00e9s b\u0151 v\u00edzzel a talajba mosva<\/p>\n<\/div>\n<\/div>\n<\/td>\n<\/tr>\n<tr class=\"wptb-row\" data-wptb-bg-color=\"#ffffff\">\n<td class=\"wptb-cell\" data-wptb-css-td-auto-width=\"true\" data-x-index=\"0\" data-y-index=\"4\">\n<div class=\"wptb-text-container wptb-ph-element wptb-element-text-8\">\n<div class=\"\">\n<p>sz\u0151l\u0151- \u00e9s gy\u00fcm\u00f6lcs \u00fcltetv\u00e9nyek el\u0151sz\u00f6r t\u00f6rt\u00e9n\u0151 kezel\u00e9se eset\u00e9ben tavasszal, majd k\u00e9t h\u00e9t m\u00falva megism\u00e9telve<\/p>\n<\/div>\n<\/div>\n<\/td>\n<td class=\"wptb-cell\" data-wptb-css-td-auto-width=\"true\" data-x-index=\"1\" data-y-index=\"4\">\n<div class=\"wptb-text-container wptb-ph-element wptb-element-text-13\">\n<div class=\"\">\n<p>10 l\/ha mennyis\u00e9gben, 0,2 %-os t\u00f6m\u00e9nys\u00e9gben tavasszal, majd k\u00e9t h\u00e9t m\u00falva megism\u00e9telve a talaj felsz\u00edn\u00e9re permetezve \u00e9s b\u0151 v\u00edzzel a talajba mosva<\/p>\n<\/div>\n<\/div>\n<\/td>\n<\/tr>\n<\/tbody>\n<\/table>\n<\/div>\n<\/div>\n<\/div>\n<\/div>\n<div class=\"et_pb_module et_pb_text et_pb_text_9 et_pb_text_align_left et_pb_bg_layout_light\">\n<div class=\"et_pb_text_inner\">\n<p><strong>Hat\u00e1smehanizmus<\/strong><\/p>\n<p>A\u00a0<strong>Transformer\u2122<\/strong>\u00a0a talaj \u00e9s a mesters\u00e9ges termeszt\u0151 k\u00f6zegek v\u00edz- \u00e9s leveg\u0151h\u00e1ztart\u00e1s\u00e1t jav\u00edtja. Hat\u00e1s\u00e1ra jelent\u0151sen cs\u00f6kken a r\u00f6g\u00f6s\u00f6d\u00e9s a talajban \u00e9s helyre\u00e1ll, illetve hat\u00e9konyabban m\u0171k\u00f6dik a kapill\u00e1ris szerkezet. Ennek k\u00f6vetkezt\u00e9ben a talajr\u00e9szecsk\u00e9k teljesebb v\u00edzfelv\u00e9tel\u00e9vel mind a v\u00edztart\u00f3 k\u00e9pess\u00e9g, mind pedig a csapad\u00e9k-befogad\u00f3 k\u00e9pess\u00e9g l\u00e1tv\u00e1nyosabb.<br \/>\nA n\u00f6v\u00e9nyek jobb v\u00edzell\u00e1totts\u00e1ga mellett a talajkondicion\u00e1l\u00f3\u00a0haszn\u00e1lat\u00e1val javul a talaj t\u00e1panyag szolg\u00e1ltat\u00f3 k\u00e9pess\u00e9ge. Az egyenletesebb v\u00edz \u00e9s leveg\u0151ell\u00e1totts\u00e1gnak k\u00f6sz\u00f6nhet\u0151en a talaj mikrobiol\u00f3giai egyens\u00falya helyre\u00e1ll. A\u00a0<strong>Transformer\u2122\u00a0<\/strong>talajkondicion\u00e1l\u00f3 hat\u00e1s\u00e1ra jobb lesz a n\u00f6v\u00e9nyi kond\u00edci\u00f3 \u00e9s a stresszt\u0171r\u00e9s, mert a n\u00f6v\u00e9nyek er\u0151sebb gy\u00f6kereket, d\u00fasabb gy\u00f6k\u00e9rzetet fejlesztenek, javul a term\u00e9smin\u0151s\u00e9g is. A talajkondicion\u00e1l\u00f3 mellett alkalmazott egy\u00e9b anyagok (oldat-m\u0171tr\u00e1gy\u00e1k stb.) hasznosul\u00e1sa is hat\u00e9konyabb.<\/p>\n<p>\u00d6nt\u00f6z\u0151 rendszeren kereszt\u00fcli haszn\u00e1lata a cs\u0151vezet\u00e9kben megsz\u00fcnteti a lerak\u00f3d\u00e1sokat, \u00edgy a vezet\u00e9ket nem kell k\u00fcl\u00f6n kezelni.<\/p>\n<p><strong>T\u00e1rol\u00e1s:<\/strong>\u00a0sz\u00e1raz, j\u00f3l szell\u0151z\u0151, h\u0171v\u00f6s, de fagymentes, k\u00f6zvetlen napsug\u00e1rz\u00e1st\u00f3l v\u00e9dett, sug\u00e1rz\u00f3 h\u0151t\u0151l \u00e9s gy\u00fal\u00e9kony anyagokt\u00f3l t\u00e1voli, fedett helyen<\/p>\n<p><strong>Kiszerel\u00e9s:<\/strong>\u00a010l, 1l<\/p>\n<p><strong>Forgalmi kateg\u00f3ria:<\/strong>\u00a0III. kateg\u00f3ria<\/p>\n<p>A\u00a0<strong>Transformer<\/strong><strong>TM<\/strong>\u00a0az Oro Agri International Ltd. bejegyzett m\u00e1rkaneve.<\/p>\n<\/div>\n<p>&nbsp;<\/p>\n<\/div>\n<p align=\"justify\"><a href=\"https:\/\/www.facebook.com\/tajkertesz\">https:\/\/www.facebook.com\/tajkertesz<\/a><\/p>\n<p align=\"justify\"><a href=\"http:\/\/www.tajkertesz.hu\/\">http:\/\/www.tajkertesz.hu<\/a><\/p>\n<h3 align=\"justify\"><span style=\"color: #ff0000;\">Kiz\u00e1r\u00f3lag szem\u00e9lyes \u00e1tv\u00e9tellel lehets\u00e9ges a n\u00f6v\u00e9nyv\u00e9d\u0151szerek megv\u00e1s\u00e1rl\u00e1sa!<\/span><\/h3>\n<p>&nbsp;<\/p>\n<p>&nbsp;<\/p>","protected":false},"excerpt":{"rendered":"<div class=\"et_pb_module et_pb_text et_pb_text_10 et_pb_text_align_left et_pb_bg_layout_light\">\n<div class=\"et_pb_text_inner\">\n<p>Transformer talajkondicion\u00e1l\u00f3 1L<\/p>\n<p>A\u00a0<strong>Transformer\u2122<\/strong>\u00a0talajkond\u00edcion\u00e1l\u00f3 talaj tulajdons\u00e1g\u00e1nak jav\u00edt\u00e1s\u00e1n kereszt\u00fcl olyan kedvez\u0151 k\u00f6r\u00fclm\u00e9nyt teremt, ami a n\u00f6v\u00e9ny kond\u00edci\u00f3j\u00e1t, stresszt\u0171r\u00e9s\u00e9t, v\u00edzmegtart\u00f3 k\u00e9pess\u00e9g\u00e9t jav\u00edtja, er\u0151sebb gy\u00f6k\u00e9rzetet eredm\u00e9nyez, \u00edgy\u00a0<strong>magasabb<\/strong>\u00a0<strong>hozamot<\/strong>\u00a0\u00e9rhet\u00fcnk el!<\/p>\n<p><i class=\"fa fa-exclamation-triangle\" aria-hidden=\"true\"><\/i>Hasznos inform\u00e1ci\u00f3k<\/p>\n<\/div>\n<\/div>\n<div class=\"et_pb_module et_pb_text et_pb_text_11 et_pb_text_align_left et_pb_bg_layout_light\">\n<div class=\"et_pb_text_inner\">\n<ul>\n<li><strong>Jav\u00edtja az es\u0151-\u00e9s az \u00f6nt\u00f6z\u0151v\u00edz besziv\u00e1rg\u00e1s\u00e1t<\/strong><\/li>\n<li>Seg\u00edti a\u00a0<strong>pang\u00f3 vizek elvezet\u00e9s\u00e9t<\/strong><\/li>\n<li>Jav\u00edtja a talaj\u00a0<strong>v\u00edzgazd\u00e1lkod\u00e1s\u00e1t<\/strong>\u00a0\u00e9s\u00a0<strong>t\u00e1panyagok hasznosul\u00e1s\u00e1t<\/strong><\/li>\n<li>El\u0151seg\u00edti a v\u00edz<strong>\u00a0egyenletes eloszl\u00e1s\u00e1t<\/strong><\/li>\n<li><strong>Cs\u00f6kkenti a talaj t\u00f6m\u00f6r\u00f6d\u00f6tts\u00e9g\u00e9t<\/strong><\/li>\n<li>El\u0151seg\u00edti a gy\u00f6kerek\u00a0<strong>n\u00f6veked\u00e9s\u00e9t<\/strong>\u00a0fejl\u0151d\u00e9s\u00e9t<\/li>\n<li>Megsz\u00fcnteti a talaj\u00a0<strong>v\u00edztasz\u00edt\u00e1s\u00e1t<\/strong><\/li>\n<li>T\u00e1mogatja a hasznos mikr\u00f3b\u00e1k\u00a0<strong>fejl\u0151d\u00e9s\u00e9t<\/strong><\/li>\n<li>K\u00f6nnyen\u00a0<strong>lebomlik<\/strong>\u00a0a talajban<\/li>\n<li>Tiszt\u00edtja az\u00a0<strong>\u00f6nt\u0151rendszert<\/strong>\u00a0a lerak\u00f3d\u00e1sokt\u00f3l<\/li>\n<\/ul>\n<\/div>\n<\/div>","protected":false},"featured_media":15822,"template":"","meta":{"_et_pb_use_builder":"","_et_pb_old_content":"","_et_gb_content_width":""},"product_brand":[],"product_cat":[35],"product_tag":[],"class_list":{"0":"post-15821","1":"product","2":"type-product","3":"status-publish","4":"has-post-thumbnail","6":"product_cat-tragyak","8":"first","9":"onbackorder","10":"shipping-taxable","11":"purchasable","12":"product-type-simple"},"yoast_head":"<!-- This site is optimized with the Yoast SEO plugin v27.3 - https:\/\/yoast.com\/product\/yoast-seo-wordpress\/ -->\n<title>Transformer talajkondicion\u00e1l\u00f31 liter - T\u00e1jkert\u00e9sz<\/title>\n<meta name=\"description\" content=\"Transformer 1L. Talajkondicion\u00e1l\u00f3, v\u00edzh\u00e1ztart\u00e1st jav\u00edt\u00f3 k\u00e9sz\u00edtm\u00e9ny. Valamennyi sz\u00e1nt\u00f3f\u00f6ldi \u00e9s kert\u00e9szeti kult\u00far\u00e1ban a talaj kond\u00edci\u00f3j\u00e1nak a jav\u00edt\u00e1s\u00e1ra\" \/>\n<meta name=\"robots\" content=\"index, follow, max-snippet:-1, max-image-preview:large, max-video-preview:-1\" \/>\n<link rel=\"canonical\" href=\"https:\/\/tajkertesz.com\/en_US\/product\/transformer-talajkondicionalo1-liter\/\" \/>\n<meta property=\"og:locale\" content=\"en_US\" \/>\n<meta property=\"og:type\" content=\"article\" \/>\n<meta property=\"og:title\" content=\"Transformer talajkondicion\u00e1l\u00f31 liter - T\u00e1jkert\u00e9sz\" \/>\n<meta property=\"og:description\" content=\"Transformer 1L. Talajkondicion\u00e1l\u00f3, v\u00edzh\u00e1ztart\u00e1st jav\u00edt\u00f3 k\u00e9sz\u00edtm\u00e9ny. Valamennyi sz\u00e1nt\u00f3f\u00f6ldi \u00e9s kert\u00e9szeti kult\u00far\u00e1ban a talaj kond\u00edci\u00f3j\u00e1nak a jav\u00edt\u00e1s\u00e1ra\" \/>\n<meta property=\"og:url\" content=\"https:\/\/tajkertesz.com\/en_US\/product\/transformer-talajkondicionalo1-liter\/\" \/>\n<meta property=\"og:site_name\" content=\"T\u00e1jkert\u00e9sz\" \/>\n<meta property=\"article:publisher\" content=\"https:\/\/www.facebook.com\/Tajkertesz\/\" \/>\n<meta property=\"article:modified_time\" content=\"2023-06-13T12:28:25+00:00\" \/>\n<meta property=\"og:image\" content=\"https:\/\/tajkertesz.com\/wp-content\/uploads\/2023\/06\/transformer_1_liter.png\" \/>\n\t<meta property=\"og:image:width\" content=\"1200\" \/>\n\t<meta property=\"og:image:height\" content=\"600\" \/>\n\t<meta property=\"og:image:type\" content=\"image\/png\" \/>\n<meta name=\"twitter:card\" content=\"summary_large_image\" \/>\n<meta name=\"twitter:label1\" content=\"Est. reading time\" \/>\n\t<meta name=\"twitter:data1\" content=\"2 minutes\" \/>\n<script type=\"application\/ld+json\" class=\"yoast-schema-graph\">{\"@context\":\"https:\\\/\\\/schema.org\",\"@graph\":[{\"@type\":\"WebPage\",\"@id\":\"https:\\\/\\\/tajkertesz.com\\\/termek\\\/transformer-talajkondicionalo1-liter\\\/\",\"url\":\"https:\\\/\\\/tajkertesz.com\\\/termek\\\/transformer-talajkondicionalo1-liter\\\/\",\"name\":\"Transformer talajkondicion\u00e1l\u00f31 liter - T\u00e1jkert\u00e9sz\",\"isPartOf\":{\"@id\":\"https:\\\/\\\/tajkertesz.com\\\/#website\"},\"primaryImageOfPage\":{\"@id\":\"https:\\\/\\\/tajkertesz.com\\\/termek\\\/transformer-talajkondicionalo1-liter\\\/#primaryimage\"},\"image\":{\"@id\":\"https:\\\/\\\/tajkertesz.com\\\/termek\\\/transformer-talajkondicionalo1-liter\\\/#primaryimage\"},\"thumbnailUrl\":\"https:\\\/\\\/tajkertesz.com\\\/wp-content\\\/uploads\\\/2023\\\/06\\\/transformer_1_liter.png\",\"datePublished\":\"2023-06-13T12:12:42+00:00\",\"dateModified\":\"2023-06-13T12:28:25+00:00\",\"description\":\"Transformer 1L. Talajkondicion\u00e1l\u00f3, v\u00edzh\u00e1ztart\u00e1st jav\u00edt\u00f3 k\u00e9sz\u00edtm\u00e9ny. Valamennyi sz\u00e1nt\u00f3f\u00f6ldi \u00e9s kert\u00e9szeti kult\u00far\u00e1ban a talaj kond\u00edci\u00f3j\u00e1nak a jav\u00edt\u00e1s\u00e1ra\",\"breadcrumb\":{\"@id\":\"https:\\\/\\\/tajkertesz.com\\\/termek\\\/transformer-talajkondicionalo1-liter\\\/#breadcrumb\"},\"inLanguage\":\"en-US\",\"potentialAction\":[{\"@type\":\"ReadAction\",\"target\":[\"https:\\\/\\\/tajkertesz.com\\\/termek\\\/transformer-talajkondicionalo1-liter\\\/\"]}]},{\"@type\":\"ImageObject\",\"inLanguage\":\"en-US\",\"@id\":\"https:\\\/\\\/tajkertesz.com\\\/termek\\\/transformer-talajkondicionalo1-liter\\\/#primaryimage\",\"url\":\"https:\\\/\\\/tajkertesz.com\\\/wp-content\\\/uploads\\\/2023\\\/06\\\/transformer_1_liter.png\",\"contentUrl\":\"https:\\\/\\\/tajkertesz.com\\\/wp-content\\\/uploads\\\/2023\\\/06\\\/transformer_1_liter.png\",\"width\":1200,\"height\":600},{\"@type\":\"BreadcrumbList\",\"@id\":\"https:\\\/\\\/tajkertesz.com\\\/termek\\\/transformer-talajkondicionalo1-liter\\\/#breadcrumb\",\"itemListElement\":[{\"@type\":\"ListItem\",\"position\":1,\"name\":\"Home\",\"item\":\"https:\\\/\\\/tajkertesz.com\\\/\"},{\"@type\":\"ListItem\",\"position\":2,\"name\":\"Kezd\u0151lap\",\"item\":\"https:\\\/\\\/tajkertesz.com\\\/\"},{\"@type\":\"ListItem\",\"position\":3,\"name\":\"Transformer talajkondicion\u00e1l\u00f31 liter\"}]},{\"@type\":\"WebSite\",\"@id\":\"https:\\\/\\\/tajkertesz.com\\\/#website\",\"url\":\"https:\\\/\\\/tajkertesz.com\\\/\",\"name\":\"T\u00e1j-Kert\u00e9sz 84 Kft.\",\"description\":\"Kert\u00e9szeti kis- \u00e9s nagykeresked\u00e9s, D\u00edszn\u00f6v\u00e9ny web\u00e1ruh\u00e1z orsz\u00e1gos h\u00e1zhozsz\u00e1ll\u00edt\u00e1ssal!\",\"publisher\":{\"@id\":\"https:\\\/\\\/tajkertesz.com\\\/#organization\"},\"potentialAction\":[{\"@type\":\"SearchAction\",\"target\":{\"@type\":\"EntryPoint\",\"urlTemplate\":\"https:\\\/\\\/tajkertesz.com\\\/?s={search_term_string}\"},\"query-input\":{\"@type\":\"PropertyValueSpecification\",\"valueRequired\":true,\"valueName\":\"search_term_string\"}}],\"inLanguage\":\"en-US\"},{\"@type\":\"Organization\",\"@id\":\"https:\\\/\\\/tajkertesz.com\\\/#organization\",\"name\":\"T\u00e1j-Kert\u00e9sz 84 Kft.\",\"url\":\"https:\\\/\\\/tajkertesz.com\\\/\",\"logo\":{\"@type\":\"ImageObject\",\"inLanguage\":\"en-US\",\"@id\":\"https:\\\/\\\/tajkertesz.com\\\/#\\\/schema\\\/logo\\\/image\\\/\",\"url\":\"https:\\\/\\\/tajkertesz.com\\\/wp-content\\\/uploads\\\/2018\\\/02\\\/logo-2-e1518678052539.png\",\"contentUrl\":\"https:\\\/\\\/tajkertesz.com\\\/wp-content\\\/uploads\\\/2018\\\/02\\\/logo-2-e1518678052539.png\",\"width\":81,\"height\":140,\"caption\":\"T\u00e1j-Kert\u00e9sz 84 Kft.\"},\"image\":{\"@id\":\"https:\\\/\\\/tajkertesz.com\\\/#\\\/schema\\\/logo\\\/image\\\/\"},\"sameAs\":[\"https:\\\/\\\/www.facebook.com\\\/Tajkertesz\\\/\"]}]}<\/script>\n<!-- \/ Yoast SEO plugin. -->","yoast_head_json":{"title":"Transformer talajkondicion\u00e1l\u00f31 liter - T\u00e1jkert\u00e9sz","description":"Transformer 1L. Talajkondicion\u00e1l\u00f3, v\u00edzh\u00e1ztart\u00e1st jav\u00edt\u00f3 k\u00e9sz\u00edtm\u00e9ny. Valamennyi sz\u00e1nt\u00f3f\u00f6ldi \u00e9s kert\u00e9szeti kult\u00far\u00e1ban a talaj kond\u00edci\u00f3j\u00e1nak a jav\u00edt\u00e1s\u00e1ra","robots":{"index":"index","follow":"follow","max-snippet":"max-snippet:-1","max-image-preview":"max-image-preview:large","max-video-preview":"max-video-preview:-1"},"canonical":"https:\/\/tajkertesz.com\/en_US\/product\/transformer-talajkondicionalo1-liter\/","og_locale":"en_US","og_type":"article","og_title":"Transformer talajkondicion\u00e1l\u00f31 liter - T\u00e1jkert\u00e9sz","og_description":"Transformer 1L. Talajkondicion\u00e1l\u00f3, v\u00edzh\u00e1ztart\u00e1st jav\u00edt\u00f3 k\u00e9sz\u00edtm\u00e9ny. Valamennyi sz\u00e1nt\u00f3f\u00f6ldi \u00e9s kert\u00e9szeti kult\u00far\u00e1ban a talaj kond\u00edci\u00f3j\u00e1nak a jav\u00edt\u00e1s\u00e1ra","og_url":"https:\/\/tajkertesz.com\/en_US\/product\/transformer-talajkondicionalo1-liter\/","og_site_name":"T\u00e1jkert\u00e9sz","article_publisher":"https:\/\/www.facebook.com\/Tajkertesz\/","article_modified_time":"2023-06-13T12:28:25+00:00","og_image":[{"width":1200,"height":600,"url":"https:\/\/tajkertesz.com\/wp-content\/uploads\/2023\/06\/transformer_1_liter.png","type":"image\/png"}],"twitter_card":"summary_large_image","twitter_misc":{"Est. reading time":"2 minutes"},"schema":{"@context":"https:\/\/schema.org","@graph":[{"@type":"WebPage","@id":"https:\/\/tajkertesz.com\/termek\/transformer-talajkondicionalo1-liter\/","url":"https:\/\/tajkertesz.com\/termek\/transformer-talajkondicionalo1-liter\/","name":"Transformer talajkondicion\u00e1l\u00f31 liter - T\u00e1jkert\u00e9sz","isPartOf":{"@id":"https:\/\/tajkertesz.com\/#website"},"primaryImageOfPage":{"@id":"https:\/\/tajkertesz.com\/termek\/transformer-talajkondicionalo1-liter\/#primaryimage"},"image":{"@id":"https:\/\/tajkertesz.com\/termek\/transformer-talajkondicionalo1-liter\/#primaryimage"},"thumbnailUrl":"https:\/\/tajkertesz.com\/wp-content\/uploads\/2023\/06\/transformer_1_liter.png","datePublished":"2023-06-13T12:12:42+00:00","dateModified":"2023-06-13T12:28:25+00:00","description":"Transformer 1L. Talajkondicion\u00e1l\u00f3, v\u00edzh\u00e1ztart\u00e1st jav\u00edt\u00f3 k\u00e9sz\u00edtm\u00e9ny. Valamennyi sz\u00e1nt\u00f3f\u00f6ldi \u00e9s kert\u00e9szeti kult\u00far\u00e1ban a talaj kond\u00edci\u00f3j\u00e1nak a jav\u00edt\u00e1s\u00e1ra","breadcrumb":{"@id":"https:\/\/tajkertesz.com\/termek\/transformer-talajkondicionalo1-liter\/#breadcrumb"},"inLanguage":"en-US","potentialAction":[{"@type":"ReadAction","target":["https:\/\/tajkertesz.com\/termek\/transformer-talajkondicionalo1-liter\/"]}]},{"@type":"ImageObject","inLanguage":"en-US","@id":"https:\/\/tajkertesz.com\/termek\/transformer-talajkondicionalo1-liter\/#primaryimage","url":"https:\/\/tajkertesz.com\/wp-content\/uploads\/2023\/06\/transformer_1_liter.png","contentUrl":"https:\/\/tajkertesz.com\/wp-content\/uploads\/2023\/06\/transformer_1_liter.png","width":1200,"height":600},{"@type":"BreadcrumbList","@id":"https:\/\/tajkertesz.com\/termek\/transformer-talajkondicionalo1-liter\/#breadcrumb","itemListElement":[{"@type":"ListItem","position":1,"name":"Home","item":"https:\/\/tajkertesz.com\/"},{"@type":"ListItem","position":2,"name":"Kezd\u0151lap","item":"https:\/\/tajkertesz.com\/"},{"@type":"ListItem","position":3,"name":"Transformer talajkondicion\u00e1l\u00f31 liter"}]},{"@type":"WebSite","@id":"https:\/\/tajkertesz.com\/#website","url":"https:\/\/tajkertesz.com\/","name":"T\u00e1j-Kert\u00e9sz 84 Kft.","description":"Kert\u00e9szeti kis- \u00e9s nagykeresked\u00e9s, D\u00edszn\u00f6v\u00e9ny web\u00e1ruh\u00e1z orsz\u00e1gos h\u00e1zhozsz\u00e1ll\u00edt\u00e1ssal!","publisher":{"@id":"https:\/\/tajkertesz.com\/#organization"},"potentialAction":[{"@type":"SearchAction","target":{"@type":"EntryPoint","urlTemplate":"https:\/\/tajkertesz.com\/?s={search_term_string}"},"query-input":{"@type":"PropertyValueSpecification","valueRequired":true,"valueName":"search_term_string"}}],"inLanguage":"en-US"},{"@type":"Organization","@id":"https:\/\/tajkertesz.com\/#organization","name":"T\u00e1j-Kert\u00e9sz 84 Kft.","url":"https:\/\/tajkertesz.com\/","logo":{"@type":"ImageObject","inLanguage":"en-US","@id":"https:\/\/tajkertesz.com\/#\/schema\/logo\/image\/","url":"https:\/\/tajkertesz.com\/wp-content\/uploads\/2018\/02\/logo-2-e1518678052539.png","contentUrl":"https:\/\/tajkertesz.com\/wp-content\/uploads\/2018\/02\/logo-2-e1518678052539.png","width":81,"height":140,"caption":"T\u00e1j-Kert\u00e9sz 84 Kft."},"image":{"@id":"https:\/\/tajkertesz.com\/#\/schema\/logo\/image\/"},"sameAs":["https:\/\/www.facebook.com\/Tajkertesz\/"]}]}},"_links":{"self":[{"href":"https:\/\/tajkertesz.com\/en_US\/wp-json\/wp\/v2\/product\/15821","targetHints":{"allow":["GET"]}}],"collection":[{"href":"https:\/\/tajkertesz.com\/en_US\/wp-json\/wp\/v2\/product"}],"about":[{"href":"https:\/\/tajkertesz.com\/en_US\/wp-json\/wp\/v2\/types\/product"}],"wp:featuredmedia":[{"embeddable":true,"href":"https:\/\/tajkertesz.com\/en_US\/wp-json\/wp\/v2\/media\/15822"}],"wp:attachment":[{"href":"https:\/\/tajkertesz.com\/en_US\/wp-json\/wp\/v2\/media?parent=15821"}],"wp:term":[{"taxonomy":"product_brand","embeddable":true,"href":"https:\/\/tajkertesz.com\/en_US\/wp-json\/wp\/v2\/product_brand?post=15821"},{"taxonomy":"product_cat","embeddable":true,"href":"https:\/\/tajkertesz.com\/en_US\/wp-json\/wp\/v2\/product_cat?post=15821"},{"taxonomy":"product_tag","embeddable":true,"href":"https:\/\/tajkertesz.com\/en_US\/wp-json\/wp\/v2\/product_tag?post=15821"}],"curies":[{"name":"wp","href":"https:\/\/api.w.org\/{rel}","templated":true}]}}