{"id":15825,"date":"2023-06-13T13:44:44","date_gmt":"2023-06-13T13:44:44","guid":{"rendered":"https:\/\/tajkertesz.com\/?post_type=product&#038;p=15825"},"modified":"2024-09-16T07:42:03","modified_gmt":"2024-09-16T07:42:03","slug":"nematop-rovarolo-szer","status":"publish","type":"product","link":"https:\/\/tajkertesz.com\/en_US\/product\/nematop-rovarolo-szer\/","title":{"rendered":"Nematop rovar\u00f6l\u0151 szer"},"content":{"rendered":"<h1 class=\"product-title\">Nematop rovar\u00f6l\u0151 szer<\/h1>\n<p><strong><em>Biol\u00f3giai rovar\u00f6l\u0151 szer \u2013 hasznos fon\u00e1lf\u00e9reg<\/em><\/strong><\/p>\n<p>A\u00a0<strong>Nematop<\/strong>\u00a0olyan fon\u00e1lf\u00e9reg k\u00e9sz\u00edtm\u00e9ny, amely a talajban \u00e9l\u0151 c\u00e9lk\u00e1rtev\u0151t r\u00f6vid id\u0151n bel\u00fcl megtal\u00e1lja \u00e9s a fon\u00e1lf\u00e9reggel szimbi\u00f3zisban \u00e9l\u0151 bakt\u00e9riumokkal k\u00f6z\u00f6sen elpuszt\u00edtj\u00e1k. Felszaporodnak a k\u00e1rtev\u0151 test\u00e9ben \u00e9s megfelel\u0151 k\u00f6r\u00fclm\u00e9nyek k\u00f6z\u00f6tt \u00fajabb gazda\u00e1llatot keresnek. Ezzel a jelen l\u00e9v\u0151 c\u00e9lk\u00e1rtev\u0151ket gyorsan elpuszt\u00edtj\u00e1k. Mindez azonban csak akkor teljes\u00fcl, ha a megfelel\u0151 id\u0151ben \u00e9s talajh\u0151m\u00e9rs\u00e9klet mellett nedvesen tartjuk a talajt \u00e9s a kijuttat\u00e1s az esti \u00f3r\u00e1kban a nap UV sugarait\u00f3l v\u00e9dve t\u00f6rt\u00e9nik.<\/p>\n<p><strong>Hat\u00f3anyag:<\/strong><em>\u00a0Heterorhabditis bacteriophora<\/em>\u00a0fon\u00e1lf\u00e9reg, amely a k\u00e1ros\u00edt\u00f3 rovarl\u00e1rva \u00e9s b\u00e1b test\u00e9ben szaporodva fejti ki hat\u00e1s\u00e1t<\/p>\n<p><strong>Felhaszn\u00e1lhat\u00f3:<\/strong>\u00a0bar\u00e1zd\u00e1sh\u00e1t\u00fa vincell\u00e9rbog\u00e1r ellen<\/p>\n<p><strong>D\u00f3zis:<\/strong>\u00a050 milli\u00f3 db\/100 m2; 500 milli\u00f3 db\/1000 m2<br \/>\n<strong>Permetl\u00e9<\/strong>: min. 10 l\/100 m2<\/p>\n<p><strong>A term\u00e9k a hosszan tart\u00f3, ak\u00e1r egy teljes szezonra sz\u00f3l\u00f3 hat\u00e1s\u00e1t fokozatosan fejti ki. A legmagasabb hat\u00e9konys\u00e1g el\u00e9r\u00e9s\u00e9hez 6-8 h\u00e9t is sz\u00fcks\u00e9ges, melyhez rendszeres \u00f6nt\u00f6z\u00e9ssel biztos\u00edthatjuk a megfelel\u0151 talajnedvess\u00e9get.<\/strong><\/p>\n<p>A 0,5-0,9 mm hossz\u00fa fon\u00e1lf\u00e9rgek a talajban csak a gazdaszervezetet, azaz a k\u00e1ros\u00edt\u00f3 l\u00e1rv\u00e1t vagy b\u00e1bot megfert\u0151zve szaporodnak. A fon\u00e1lf\u00e9rgek bakt\u00e9riumokkal szimbi\u00f3zisban \u00e9lnek, amelyek seg\u00edthetik a rovar\u00f6l\u0151 hat\u00e1st.<\/p>\n<p>A\u00a0<strong>Nematop<\/strong>\u00a012 \u00b0C feletti talajh\u0151m\u00e9rs\u00e9kleten, nedves talajon haszn\u00e1lhat\u00f3 eredm\u00e9nyesen.<\/p>\n<p><strong>Mikor alkalmazzam?<\/strong><\/p>\n<p>A v\u00e9dekez\u00e9st a fiatal l\u00e1rv\u00e1k \u00e9szlel\u00e9sekor kell elkezdeni.<\/p>\n<p><strong>Hogyan haszn\u00e1ljam ?<\/strong><\/p>\n<p>A permetl\u00e9 el\u0151k\u00e9sz\u00edt\u00e9se sor\u00e1n a csomag teljes tartalm\u00e1t 15-20 \u00b0C-os v\u00edzben kell feloldani.<\/p>\n<p class=\"has-text-align-justify\">A kijuttat\u00e1st aj\u00e1nlott az esti \u00f3r\u00e1kban, vagy felh\u0151s id\u0151ben elv\u00e9gezni. A kijuttat\u00e1skor a teljes csomag tartalm\u00e1t fel kell haszn\u00e1lni. A kezel\u00e9st k\u00f6vet\u0151en 3 h\u00e9ten kereszt\u00fcl \u00f6nt\u00f6zz\u00fcnk, tartsuk nedvesen a talajt! A fon\u00e1lf\u00e9rgek kijuttathat\u00f3k \u00f6nt\u00f6z\u0151rendszeren kereszt\u00fcl, locsol\u00f3cs\u0151re szerelhet\u0151 Nemasprayer-rel, k\u00e9zi permetez\u0151vel, illetve locsol\u00f3kann\u00e1val is. Fontos, hogy a sz\u0171r\u0151ket t\u00e1vol\u00edtsuk el \u00e9s permetez\u0151 haszn\u00e1latakor maximum 4 bar nyom\u00e1s mellett, 1 mm-es sz\u00f3r\u00f3fejjel dolgozzunk, k\u00fcl\u00f6nben fennakadhatnak a fon\u00e1lf\u00e9rgek. A permetlevet elk\u00e9sz\u00edt\u00e9s ut\u00e1n azonnal ki kell permetezni folyamatos kever\u00e9st biztos\u00edtva, hogy a fon\u00e1lf\u00e9rgek sz\u00e1m\u00e1ra kell\u0151 mennyis\u00e9g\u0171 oxig\u00e9n \u00e1lljon rendelkez\u00e9sre. A k\u00e9sz\u00edtm\u00e9nyek UV \u00e9rz\u00e9kenyek, ez\u00e9rt c\u00e9lszer\u0171 az esti \u00f3r\u00e1kban v\u00e9gezni a kijuttat\u00e1st.<\/p>\n<p class=\"has-text-align-justify\">A rovarpatog\u00e9n fon\u00e1lf\u00e9reg a talajban haszn\u00e1lt rovar\u00f6l\u0151 szerek n\u00e9melyik\u00e9re \u00e9rz\u00e9keny lehet ez\u00e9rt azok haszn\u00e1lata eset\u00e9n legal\u00e1bb v\u00e1rjuk 2 hetet a fon\u00e1lf\u00e9rgek kijuttat\u00e1s\u00e1val.<\/p>\n<div class=\"et_pb_module et_pb_text et_pb_text_8 et_pb_text_align_left et_pb_bg_layout_light\">\n<div class=\"et_pb_text_inner\">\n<p><i class=\"fa fa-exclamation-triangle\" aria-hidden=\"true\"><\/i><span style=\"text-decoration: underline;\"><strong>\u00a0Hasznos inform\u00e1ci\u00f3k:<\/strong><\/span><\/p>\n<p><iframe loading=\"lazy\" title=\"Hogyan haszn\u00e1ljuk a hasznos fon\u00e1lf\u00e9rgeket n\u00f6v\u00e9nyv\u00e9delemre? - Talajfert\u0151tlen\u00edt\u00e9s - Nematop - Biocont\" width=\"1080\" height=\"608\" src=\"https:\/\/www.youtube.com\/embed\/9JAwO1PT1r0?feature=oembed\"  allow=\"accelerometer; autoplay; clipboard-write; encrypted-media; gyroscope; picture-in-picture; web-share\" referrerpolicy=\"strict-origin-when-cross-origin\" allowfullscreen><\/iframe><\/p>\n<\/div>\n<\/div>\n<div class=\"et_pb_module et_pb_text et_pb_text_9 et_pb_text_align_left et_pb_bg_layout_light\">\n<div class=\"et_pb_text_inner\">\n<ul>\n<li>A\u00a0<strong>Nematop<\/strong>\u00a0UV \u00e9rz\u00e9keny, ez\u00e9rt c\u00e9lszer\u0171 az esti \u00f3r\u00e1kban v\u00e9gezni a kijuttat\u00e1st!<\/li>\n<li>A rovarpatog\u00e9n fon\u00e1lf\u00e9reg a talajban haszn\u00e1lt rovar\u00f6l\u0151 szerek n\u00e9melyik\u00e9re \u00e9rz\u00e9keny lehet, ez\u00e9rt az inszekticid haszn\u00e1lat el\u0151tt min. 3 nappal vagy ut\u00e1na 2 h\u00e9ttel haszn\u00e1ljuk csak\u00a0<strong>Nematop<\/strong>-ot!<\/li>\n<li>Legmagasabb hat\u00e9konys\u00e1g el\u00e9r\u00e9s\u00e9hez 6-8 h\u00e9t is sz\u00fcks\u00e9ges<\/li>\n<\/ul>\n<p align=\"justify\"><a href=\"https:\/\/www.facebook.com\/tajkertesz\">https:\/\/www.facebook.com\/tajkertesz<\/a><\/p>\n<p align=\"justify\"><a href=\"http:\/\/www.tajkertesz.hu\/\">http:\/\/www.tajkertesz.hu<\/a><\/p>\n<h3 align=\"justify\"><span style=\"color: #ff0000;\">Kiz\u00e1r\u00f3lag szem\u00e9lyes \u00e1tv\u00e9tellel lehets\u00e9ges a n\u00f6v\u00e9nyv\u00e9d\u0151szerek megv\u00e1s\u00e1rl\u00e1sa!<\/span><\/h3>\n<\/div>\n<\/div>\n<p>&nbsp;<\/p>","protected":false},"excerpt":{"rendered":"<h1 class=\"product-title\">Nematop rovar\u00f6l\u0151 szer<\/h1>\n<p>A\u00a0<strong>Nematop<\/strong>\u00a0olyan fon\u00e1lf\u00e9reg k\u00e9sz\u00edtm\u00e9ny, amely a talajban \u00e9l\u0151 c\u00e9lk\u00e1rtev\u0151t r\u00f6vid id\u0151n bel\u00fcl megtal\u00e1lja \u00e9s a fon\u00e1lf\u00e9reggel szimbi\u00f3zisban \u00e9l\u0151 bakt\u00e9riumokkal k\u00f6z\u00f6sen elpuszt\u00edtj\u00e1k.<\/p>\n<h3 align=\"justify\">Kiz\u00e1r\u00f3lag szem\u00e9lyes \u00e1tv\u00e9tellel lehets\u00e9ges a n\u00f6v\u00e9nyv\u00e9d\u0151szerek megv\u00e1s\u00e1rl\u00e1sa!<\/h3>","protected":false},"featured_media":15827,"template":"","meta":{"_et_pb_use_builder":"","_et_pb_old_content":"","_et_gb_content_width":""},"product_brand":[],"product_cat":[4204,3546],"product_tag":[5154,5153,4752,4135,4775],"class_list":{"0":"post-15825","1":"product","2":"type-product","3":"status-publish","4":"has-post-thumbnail","6":"product_cat-biologiai-novenyvedelem","7":"product_cat-talajfertotlenito","8":"product_tag-biologiai-novenyvedelem","9":"product_tag-nematop","10":"product_tag-permetezoszer","11":"product_tag-rovarolo","12":"product_tag-talajfertotlenito","14":"first","15":"instock","16":"shipping-taxable","17":"purchasable","18":"product-type-simple"},"yoast_head":"<!-- This site is optimized with the Yoast SEO plugin v27.3 - https:\/\/yoast.com\/product\/yoast-seo-wordpress\/ -->\n<title>Nematop rovar\u00f6l\u0151 szer - T\u00e1jkert\u00e9sz<\/title>\n<meta name=\"description\" content=\"Nematop .A Nematop 12 \u00b0C feletti talajh\u0151m\u00e9rs\u00e9kleten, nedves talajon haszn\u00e1lhat\u00f3 eredm\u00e9nyesen. A v\u00e9dekez\u00e9st a fiatal l\u00e1rv\u00e1k \u00e9szlel\u00e9sekor kell elkezdeni.\" \/>\n<meta name=\"robots\" content=\"index, follow, max-snippet:-1, max-image-preview:large, max-video-preview:-1\" \/>\n<link rel=\"canonical\" href=\"https:\/\/tajkertesz.com\/en_US\/product\/nematop-rovarolo-szer\/\" \/>\n<meta property=\"og:locale\" content=\"en_US\" \/>\n<meta property=\"og:type\" content=\"article\" \/>\n<meta property=\"og:title\" content=\"Nematop rovar\u00f6l\u0151 szer - T\u00e1jkert\u00e9sz\" \/>\n<meta property=\"og:description\" content=\"Nematop .A Nematop 12 \u00b0C feletti talajh\u0151m\u00e9rs\u00e9kleten, nedves talajon haszn\u00e1lhat\u00f3 eredm\u00e9nyesen. A v\u00e9dekez\u00e9st a fiatal l\u00e1rv\u00e1k \u00e9szlel\u00e9sekor kell elkezdeni.\" \/>\n<meta property=\"og:url\" content=\"https:\/\/tajkertesz.com\/en_US\/product\/nematop-rovarolo-szer\/\" \/>\n<meta property=\"og:site_name\" content=\"T\u00e1jkert\u00e9sz\" \/>\n<meta property=\"article:publisher\" content=\"https:\/\/www.facebook.com\/Tajkertesz\/\" \/>\n<meta property=\"article:modified_time\" content=\"2024-09-16T07:42:03+00:00\" \/>\n<meta property=\"og:image\" content=\"https:\/\/tajkertesz.com\/wp-content\/uploads\/2023\/06\/Nematop.png\" \/>\n\t<meta property=\"og:image:width\" content=\"667\" \/>\n\t<meta property=\"og:image:height\" content=\"1000\" \/>\n\t<meta property=\"og:image:type\" content=\"image\/png\" \/>\n<meta name=\"twitter:card\" content=\"summary_large_image\" \/>\n<meta name=\"twitter:label1\" content=\"Est. reading time\" \/>\n\t<meta name=\"twitter:data1\" content=\"3 minutes\" \/>\n<script type=\"application\/ld+json\" class=\"yoast-schema-graph\">{\"@context\":\"https:\\\/\\\/schema.org\",\"@graph\":[{\"@type\":\"WebPage\",\"@id\":\"https:\\\/\\\/tajkertesz.com\\\/termek\\\/nematop-rovarolo-szer\\\/\",\"url\":\"https:\\\/\\\/tajkertesz.com\\\/termek\\\/nematop-rovarolo-szer\\\/\",\"name\":\"Nematop rovar\u00f6l\u0151 szer - T\u00e1jkert\u00e9sz\",\"isPartOf\":{\"@id\":\"https:\\\/\\\/tajkertesz.com\\\/#website\"},\"primaryImageOfPage\":{\"@id\":\"https:\\\/\\\/tajkertesz.com\\\/termek\\\/nematop-rovarolo-szer\\\/#primaryimage\"},\"image\":{\"@id\":\"https:\\\/\\\/tajkertesz.com\\\/termek\\\/nematop-rovarolo-szer\\\/#primaryimage\"},\"thumbnailUrl\":\"https:\\\/\\\/tajkertesz.com\\\/wp-content\\\/uploads\\\/2023\\\/06\\\/Nematop.png\",\"datePublished\":\"2023-06-13T13:44:44+00:00\",\"dateModified\":\"2024-09-16T07:42:03+00:00\",\"description\":\"Nematop .A Nematop 12 \u00b0C feletti talajh\u0151m\u00e9rs\u00e9kleten, nedves talajon haszn\u00e1lhat\u00f3 eredm\u00e9nyesen. A v\u00e9dekez\u00e9st a fiatal l\u00e1rv\u00e1k \u00e9szlel\u00e9sekor kell elkezdeni.\",\"breadcrumb\":{\"@id\":\"https:\\\/\\\/tajkertesz.com\\\/termek\\\/nematop-rovarolo-szer\\\/#breadcrumb\"},\"inLanguage\":\"en-US\",\"potentialAction\":[{\"@type\":\"ReadAction\",\"target\":[\"https:\\\/\\\/tajkertesz.com\\\/termek\\\/nematop-rovarolo-szer\\\/\"]}]},{\"@type\":\"ImageObject\",\"inLanguage\":\"en-US\",\"@id\":\"https:\\\/\\\/tajkertesz.com\\\/termek\\\/nematop-rovarolo-szer\\\/#primaryimage\",\"url\":\"https:\\\/\\\/tajkertesz.com\\\/wp-content\\\/uploads\\\/2023\\\/06\\\/Nematop.png\",\"contentUrl\":\"https:\\\/\\\/tajkertesz.com\\\/wp-content\\\/uploads\\\/2023\\\/06\\\/Nematop.png\",\"width\":667,\"height\":1000},{\"@type\":\"BreadcrumbList\",\"@id\":\"https:\\\/\\\/tajkertesz.com\\\/termek\\\/nematop-rovarolo-szer\\\/#breadcrumb\",\"itemListElement\":[{\"@type\":\"ListItem\",\"position\":1,\"name\":\"Home\",\"item\":\"https:\\\/\\\/tajkertesz.com\\\/\"},{\"@type\":\"ListItem\",\"position\":2,\"name\":\"Kezd\u0151lap\",\"item\":\"https:\\\/\\\/tajkertesz.com\\\/\"},{\"@type\":\"ListItem\",\"position\":3,\"name\":\"Nematop rovar\u00f6l\u0151 szer\"}]},{\"@type\":\"WebSite\",\"@id\":\"https:\\\/\\\/tajkertesz.com\\\/#website\",\"url\":\"https:\\\/\\\/tajkertesz.com\\\/\",\"name\":\"T\u00e1j-Kert\u00e9sz 84 Kft.\",\"description\":\"Kert\u00e9szeti kis- \u00e9s nagykeresked\u00e9s, D\u00edszn\u00f6v\u00e9ny web\u00e1ruh\u00e1z orsz\u00e1gos h\u00e1zhozsz\u00e1ll\u00edt\u00e1ssal!\",\"publisher\":{\"@id\":\"https:\\\/\\\/tajkertesz.com\\\/#organization\"},\"potentialAction\":[{\"@type\":\"SearchAction\",\"target\":{\"@type\":\"EntryPoint\",\"urlTemplate\":\"https:\\\/\\\/tajkertesz.com\\\/?s={search_term_string}\"},\"query-input\":{\"@type\":\"PropertyValueSpecification\",\"valueRequired\":true,\"valueName\":\"search_term_string\"}}],\"inLanguage\":\"en-US\"},{\"@type\":\"Organization\",\"@id\":\"https:\\\/\\\/tajkertesz.com\\\/#organization\",\"name\":\"T\u00e1j-Kert\u00e9sz 84 Kft.\",\"url\":\"https:\\\/\\\/tajkertesz.com\\\/\",\"logo\":{\"@type\":\"ImageObject\",\"inLanguage\":\"en-US\",\"@id\":\"https:\\\/\\\/tajkertesz.com\\\/#\\\/schema\\\/logo\\\/image\\\/\",\"url\":\"https:\\\/\\\/tajkertesz.com\\\/wp-content\\\/uploads\\\/2018\\\/02\\\/logo-2-e1518678052539.png\",\"contentUrl\":\"https:\\\/\\\/tajkertesz.com\\\/wp-content\\\/uploads\\\/2018\\\/02\\\/logo-2-e1518678052539.png\",\"width\":81,\"height\":140,\"caption\":\"T\u00e1j-Kert\u00e9sz 84 Kft.\"},\"image\":{\"@id\":\"https:\\\/\\\/tajkertesz.com\\\/#\\\/schema\\\/logo\\\/image\\\/\"},\"sameAs\":[\"https:\\\/\\\/www.facebook.com\\\/Tajkertesz\\\/\"]}]}<\/script>\n<!-- \/ Yoast SEO plugin. -->","yoast_head_json":{"title":"Nematop rovar\u00f6l\u0151 szer - T\u00e1jkert\u00e9sz","description":"Nematop .A Nematop 12 \u00b0C feletti talajh\u0151m\u00e9rs\u00e9kleten, nedves talajon haszn\u00e1lhat\u00f3 eredm\u00e9nyesen. A v\u00e9dekez\u00e9st a fiatal l\u00e1rv\u00e1k \u00e9szlel\u00e9sekor kell elkezdeni.","robots":{"index":"index","follow":"follow","max-snippet":"max-snippet:-1","max-image-preview":"max-image-preview:large","max-video-preview":"max-video-preview:-1"},"canonical":"https:\/\/tajkertesz.com\/en_US\/product\/nematop-rovarolo-szer\/","og_locale":"en_US","og_type":"article","og_title":"Nematop rovar\u00f6l\u0151 szer - T\u00e1jkert\u00e9sz","og_description":"Nematop .A Nematop 12 \u00b0C feletti talajh\u0151m\u00e9rs\u00e9kleten, nedves talajon haszn\u00e1lhat\u00f3 eredm\u00e9nyesen. A v\u00e9dekez\u00e9st a fiatal l\u00e1rv\u00e1k \u00e9szlel\u00e9sekor kell elkezdeni.","og_url":"https:\/\/tajkertesz.com\/en_US\/product\/nematop-rovarolo-szer\/","og_site_name":"T\u00e1jkert\u00e9sz","article_publisher":"https:\/\/www.facebook.com\/Tajkertesz\/","article_modified_time":"2024-09-16T07:42:03+00:00","og_image":[{"width":667,"height":1000,"url":"https:\/\/tajkertesz.com\/wp-content\/uploads\/2023\/06\/Nematop.png","type":"image\/png"}],"twitter_card":"summary_large_image","twitter_misc":{"Est. reading time":"3 minutes"},"schema":{"@context":"https:\/\/schema.org","@graph":[{"@type":"WebPage","@id":"https:\/\/tajkertesz.com\/termek\/nematop-rovarolo-szer\/","url":"https:\/\/tajkertesz.com\/termek\/nematop-rovarolo-szer\/","name":"Nematop rovar\u00f6l\u0151 szer - T\u00e1jkert\u00e9sz","isPartOf":{"@id":"https:\/\/tajkertesz.com\/#website"},"primaryImageOfPage":{"@id":"https:\/\/tajkertesz.com\/termek\/nematop-rovarolo-szer\/#primaryimage"},"image":{"@id":"https:\/\/tajkertesz.com\/termek\/nematop-rovarolo-szer\/#primaryimage"},"thumbnailUrl":"https:\/\/tajkertesz.com\/wp-content\/uploads\/2023\/06\/Nematop.png","datePublished":"2023-06-13T13:44:44+00:00","dateModified":"2024-09-16T07:42:03+00:00","description":"Nematop .A Nematop 12 \u00b0C feletti talajh\u0151m\u00e9rs\u00e9kleten, nedves talajon haszn\u00e1lhat\u00f3 eredm\u00e9nyesen. A v\u00e9dekez\u00e9st a fiatal l\u00e1rv\u00e1k \u00e9szlel\u00e9sekor kell elkezdeni.","breadcrumb":{"@id":"https:\/\/tajkertesz.com\/termek\/nematop-rovarolo-szer\/#breadcrumb"},"inLanguage":"en-US","potentialAction":[{"@type":"ReadAction","target":["https:\/\/tajkertesz.com\/termek\/nematop-rovarolo-szer\/"]}]},{"@type":"ImageObject","inLanguage":"en-US","@id":"https:\/\/tajkertesz.com\/termek\/nematop-rovarolo-szer\/#primaryimage","url":"https:\/\/tajkertesz.com\/wp-content\/uploads\/2023\/06\/Nematop.png","contentUrl":"https:\/\/tajkertesz.com\/wp-content\/uploads\/2023\/06\/Nematop.png","width":667,"height":1000},{"@type":"BreadcrumbList","@id":"https:\/\/tajkertesz.com\/termek\/nematop-rovarolo-szer\/#breadcrumb","itemListElement":[{"@type":"ListItem","position":1,"name":"Home","item":"https:\/\/tajkertesz.com\/"},{"@type":"ListItem","position":2,"name":"Kezd\u0151lap","item":"https:\/\/tajkertesz.com\/"},{"@type":"ListItem","position":3,"name":"Nematop rovar\u00f6l\u0151 szer"}]},{"@type":"WebSite","@id":"https:\/\/tajkertesz.com\/#website","url":"https:\/\/tajkertesz.com\/","name":"T\u00e1j-Kert\u00e9sz 84 Kft.","description":"Kert\u00e9szeti kis- \u00e9s nagykeresked\u00e9s, D\u00edszn\u00f6v\u00e9ny web\u00e1ruh\u00e1z orsz\u00e1gos h\u00e1zhozsz\u00e1ll\u00edt\u00e1ssal!","publisher":{"@id":"https:\/\/tajkertesz.com\/#organization"},"potentialAction":[{"@type":"SearchAction","target":{"@type":"EntryPoint","urlTemplate":"https:\/\/tajkertesz.com\/?s={search_term_string}"},"query-input":{"@type":"PropertyValueSpecification","valueRequired":true,"valueName":"search_term_string"}}],"inLanguage":"en-US"},{"@type":"Organization","@id":"https:\/\/tajkertesz.com\/#organization","name":"T\u00e1j-Kert\u00e9sz 84 Kft.","url":"https:\/\/tajkertesz.com\/","logo":{"@type":"ImageObject","inLanguage":"en-US","@id":"https:\/\/tajkertesz.com\/#\/schema\/logo\/image\/","url":"https:\/\/tajkertesz.com\/wp-content\/uploads\/2018\/02\/logo-2-e1518678052539.png","contentUrl":"https:\/\/tajkertesz.com\/wp-content\/uploads\/2018\/02\/logo-2-e1518678052539.png","width":81,"height":140,"caption":"T\u00e1j-Kert\u00e9sz 84 Kft."},"image":{"@id":"https:\/\/tajkertesz.com\/#\/schema\/logo\/image\/"},"sameAs":["https:\/\/www.facebook.com\/Tajkertesz\/"]}]}},"_links":{"self":[{"href":"https:\/\/tajkertesz.com\/en_US\/wp-json\/wp\/v2\/product\/15825","targetHints":{"allow":["GET"]}}],"collection":[{"href":"https:\/\/tajkertesz.com\/en_US\/wp-json\/wp\/v2\/product"}],"about":[{"href":"https:\/\/tajkertesz.com\/en_US\/wp-json\/wp\/v2\/types\/product"}],"wp:featuredmedia":[{"embeddable":true,"href":"https:\/\/tajkertesz.com\/en_US\/wp-json\/wp\/v2\/media\/15827"}],"wp:attachment":[{"href":"https:\/\/tajkertesz.com\/en_US\/wp-json\/wp\/v2\/media?parent=15825"}],"wp:term":[{"taxonomy":"product_brand","embeddable":true,"href":"https:\/\/tajkertesz.com\/en_US\/wp-json\/wp\/v2\/product_brand?post=15825"},{"taxonomy":"product_cat","embeddable":true,"href":"https:\/\/tajkertesz.com\/en_US\/wp-json\/wp\/v2\/product_cat?post=15825"},{"taxonomy":"product_tag","embeddable":true,"href":"https:\/\/tajkertesz.com\/en_US\/wp-json\/wp\/v2\/product_tag?post=15825"}],"curies":[{"name":"wp","href":"https:\/\/api.w.org\/{rel}","templated":true}]}}