{"id":1586,"date":"2025-04-09T09:58:48","date_gmt":"2025-04-09T09:58:48","guid":{"rendered":"https:\/\/tajkertesz.com\/?post_type=product&#038;p=1586"},"modified":"2025-06-03T14:07:23","modified_gmt":"2025-06-03T14:07:23","slug":"syringa-meyeri-palilbin","status":"publish","type":"product","link":"https:\/\/tajkertesz.com\/en_US\/product\/syringa-meyeri-palilbin\/","title":{"rendered":"Syringa meyeri &#8216;Palibin&#8217; &#8211; T\u00f6rpeorgona"},"content":{"rendered":"<h1>Syringa meyeri &#8216;Palibin&#8217; &#8211; T\u00f6rpeorgona<\/h1>\n<p>A Syringa meyeri &#8216;Palibin&#8217; &#8211; T\u00f6rpeorgona<span lang=\"HU\"> lassan n\u00f6vekv\u0151, viszonylag alacsony, lombhullat\u00f3 cserje. Cserje vagy \u00e9vel\u0151 \u00e1gy\u00e1sokba, ny\u00edratlan s\u00f6v\u00e9nynek ide\u00e1lis v\u00e1laszt\u00e1s.<\/span><\/p>\n<h2>Syringa meyeri &#8216;Palibin&#8217; jellemz\u0151i:<\/h2>\n<p><span lang=\"HU\">Lil\u00e1s, illatos vir\u00e1gai kicsit kisebbek a hagyom\u00e1nyos orgon\u00e1\u00e9n\u00e1l.<br \/>\n<\/span><\/p>\n<p><strong><span lang=\"HU\">Alak:<\/span><\/strong>\u00a01-1,5 m\u00e9ter magas, er\u0151teljes \u00e1grendszer\u0171, tarackol\u00f3 t\u00f6v\u0171 cserje.<\/p>\n<p><span lang=\"HU\"><strong>Vir\u00e1g:<\/strong>\u00a0\u00c1prilis v\u00e9g\u00e9n, m\u00e1jus elej\u00e9n ny\u00edlnak r\u00f3zsasz\u00ednes-lil\u00e1s vir\u00e1gai, melyek kicsit kisebbek a hagyom\u00e1nyos orgon\u00e1\u00e9n\u00e1l.<br \/>\n<\/span><\/p>\n<p><b><span lang=\"HU\"><strong>Lev\u00e9l:\u00a0<\/strong><\/span><\/b><span lang=\"HU\">Ov\u00e1lis levelei \u00e1tellenesen \u00e1llnak, sz\u00edn\u00fck a vil\u00e1gosz\u00f6ldt\u0151l a s\u00f6t\u00e9tz\u00f6ldig terjed. Kicsit kisebbek a levelei, mint a t\u00f6bbi orgon\u00e1nak.<\/span><\/p>\n<p>A t\u00f6rpeorgona gondoz\u00e1sa:<\/p>\n<p><strong><span lang=\"HU\">Felhaszn\u00e1l\u00e1sa:\u00a0<\/span><\/strong><span lang=\"HU\">Cserje vagy \u00e9vel\u0151 \u00e1gy\u00e1sokba, ny\u00edratlan s\u00f6v\u00e9nynek, vagy r\u00e9zs\u0171re talajtakar\u00e1sra, kiv\u00e1l\u00f3 v\u00e1laszt\u00e1s<\/span><span lang=\"HU\"><br \/>\n<\/span><\/p>\n<p><strong><span lang=\"HU\">Teny\u00e9szhely:\u00a0<\/span><\/strong><span lang=\"HU\">Napos, vagy f\u00e9l\u00e1rny\u00e9kos helyet szereti. Vir\u00e1gz\u00e1sa napos helyen a legszebb.\u00a0<\/span><span lang=\"HU\"><span class=\"product_desc\">T\u00e1panyag d\u00fas, n\u00e9mileg meszes talajt szereti,<br \/>\n<\/span><\/span><\/p>\n<p><strong>Gondoz\u00e1sa<\/strong>: Rendszeres metsz\u00e9st nem ig\u00e9nyel, de tavasszal \u00e9rdemes elt\u00e1vol\u00edtani az alulr\u00f3l n\u00f6vekv\u0151 vadhajt\u00e1sokat. Vir\u00e1gait az elvir\u00e1gz\u00e1s ut\u00e1n le kell metszeni.<\/p>\n<p><b>K\u00e9szlet\u00fcnk napi szinten v\u00e1ltozik, ez\u00e9rt k\u00e9rj\u00fck, \u00e9rdekl\u0151dj\u00f6n szem\u00e9lyesen, telefonon vagy email-en.<br \/>\nA v\u00e1ltoztat\u00e1s jog\u00e1t fenntartjuk!<\/b><b>\u00a0<\/b><\/p>\n<p><a href=\"https:\/\/tajkertesz.com\/\">https:\/\/tajkertesz.com\/<\/a><\/p>\n<p><a href=\"https:\/\/www.facebook.com\/tajkertesz\/\">https:\/\/www.facebook.com\/tajkertesz\/<\/a><\/p>\n<p>Kisz\u00e1ll\u00edt\u00e1s: 200cm-ig \u00e9s 40 kg-ig a sz\u00e1ll\u00edt\u00e1s fut\u00e1rszolg\u00e1lattal t\u00f6rt\u00e9nik.<\/p>\n<p>Szem\u00e9lyes \u00e1tv\u00e9tel nyitvatart\u00e1si id\u0151ben a 17. ker\u00fclet Bakancsos utca 7. sz\u00e1m alatti Kert\u00e9szeti \u00e1rud\u00e1nkban.<\/p>\n<p>Kert\u00e9p\u00edt\u0151k \u00e9s viszontelad\u00f3k regisztr\u00e1l\u00e1s ut\u00e1n egyedi kedvezm\u00e9nnyel v\u00e1s\u00e1rolhatnak kert\u00e9szeti kis-\u00e9s nagykeresked\u00e9s\u00fcnkben.<\/p>\n<p><strong>Az \u00e1rak egy darab term\u00e9kre vonatkoznak.<\/strong><\/p>\n<p><strong>J\u00f3 tudni!<\/strong><\/p>\n<p>K\u00e9pek-elt\u00e9r\u00e9sek:<\/p>\n<p>A n\u00f6v\u00e9nyekr\u0151l felt\u00f6lt\u00f6tt k\u00e9pek illusztr\u00e1ci\u00f3k. N\u00f6v\u00e9nyekn\u00e9l el\u0151fordulhatnak minim\u00e1lis elt\u00e9r\u00e9sek a k\u00e9peken szerepl\u0151 n\u00f6v\u00e9nyek \u00e9s az \u00e1tvett n\u00f6v\u00e9nyek k\u00f6z\u00f6tt, mivel minden n\u00f6v\u00e9ny egyedi.<\/p>\n<h4>N\u00f6v\u00e9nyek sz\u00e1ll\u00edt\u00e1sa:<\/h4>\n<p>A megrendelt n\u00f6v\u00e9nyeket igyeksz\u00fcnk a lehet\u0151 legbiztons\u00e1gosabban egyes\u00e9vel csomagolni, azonban a sz\u00e1ll\u00edt\u00e1s sor\u00e1n m\u00e9g ennek ellen\u00e9re is\u00a0bek\u00f6vetkezhetnek apr\u00f3bb s\u00e9r\u00fcl\u00e9sek (lev\u00e9l- vagy vir\u00e1ghull\u00e1s).<br \/>\nN\u00f6v\u00e9ny rendel\u00e9s eset\u00e9n k\u00e9rj\u00fck a k\u00e9zbes\u00edt\u00e9st k\u00f6vet\u0151en a lehet\u0151 leghamarabb bonts\u00e1k ki a csomagot.<\/p>\n<p>Abban az esetben, ha a megrendelt n\u00f6v\u00e9ny\u00a0a sz\u00e1ll\u00edt\u00e1st k\u00f6vet\u0151en\u00a0nem megfelel\u0151 gondoz\u00e1sban r\u00e9szes\u00fcl \u00e9s ebb\u0151l kifoly\u00f3lag\u00a0k\u00e1rosodik,\u00a0elpusztul, felel\u0151ss\u00e9get sajnos nem tudunk v\u00e1llalni.<\/p>\n<p>V\u00e1s\u00e1rl\u00e1st\u00f3l val\u00f3 el\u00e1ll\u00e1s \u00e9l\u0151 n\u00f6v\u00e9ny v\u00e1s\u00e1rl\u00e1sa eset\u00e9n:<\/p>\n<p>Az \u00e1ltal\u00e1nos 14 napos el\u00e1ll\u00e1s lehet\u0151s\u00e9ge \u00e9l\u0151 n\u00f6v\u00e9nyekre nem vonatkozik. V\u00e1s\u00e1rl\u00e1st\u00f3l val\u00f3 el\u00e1ll\u00e1sra, visszak\u00fcld\u00e9sre nincs lehet\u0151s\u00e9g.\u00a0(17\/1999. (II. 5.) Korm. rendelet 5c pontja)<\/p>\n<p><strong>K\u00e9rj\u00fck fentiek figyelembev\u00e9tel\u00e9t n\u00f6v\u00e9ny rendel\u00e9se sor\u00e1n!<\/strong><\/p>\n<p>&nbsp;<\/p>","protected":false},"excerpt":{"rendered":"<p>A n\u00f6v\u00e9ny jelenlegi m\u00e9rete: 20\/40 cm magas, 2 literes kont\u00e9nerben.<\/p>","protected":false},"featured_media":1588,"template":"","meta":{"_et_pb_use_builder":"","_et_pb_old_content":"","_et_gb_content_width":""},"product_brand":[],"product_cat":[27],"product_tag":[413,414],"class_list":{"0":"post-1586","1":"product","2":"type-product","3":"status-publish","4":"has-post-thumbnail","6":"product_cat-cserjek","7":"product_tag-syringa-meyeri-palibin","8":"product_tag-torpeorgona","10":"first","11":"instock","12":"shipping-taxable","13":"purchasable","14":"product-type-simple"},"yoast_head":"<!-- This site is optimized with the Yoast SEO plugin v27.3 - https:\/\/yoast.com\/product\/yoast-seo-wordpress\/ -->\n<title>Syringa meyeri &#039;Palibin&#039; - T\u00f6rpeorgona - T\u00e1jkert\u00e9sz<\/title>\n<meta name=\"description\" content=\"\u00a0A Syringa meyeri &#039;Palibin&#039; - T\u00f6rpeorgona\u00a0lassan n\u00f6vekv\u0151, viszonylag alacsony, lombhullat\u00f3 cserje.Lil\u00e1s illatos vir\u00e1gai kisebbek a hagyom\u00e1nyos orgon\u00e1\u00e9n\u00e1l.\" \/>\n<meta name=\"robots\" content=\"index, follow, max-snippet:-1, max-image-preview:large, max-video-preview:-1\" \/>\n<link rel=\"canonical\" href=\"https:\/\/tajkertesz.com\/en_US\/product\/syringa-meyeri-palilbin\/\" \/>\n<meta property=\"og:locale\" content=\"en_US\" \/>\n<meta property=\"og:type\" content=\"article\" \/>\n<meta property=\"og:title\" content=\"Syringa meyeri &#039;Palibin&#039; - T\u00f6rpeorgona - T\u00e1jkert\u00e9sz\" \/>\n<meta property=\"og:description\" content=\"\u00a0A Syringa meyeri &#039;Palibin&#039; - T\u00f6rpeorgona\u00a0lassan n\u00f6vekv\u0151, viszonylag alacsony, lombhullat\u00f3 cserje.Lil\u00e1s illatos vir\u00e1gai kisebbek a hagyom\u00e1nyos orgon\u00e1\u00e9n\u00e1l.\" \/>\n<meta property=\"og:url\" content=\"https:\/\/tajkertesz.com\/en_US\/product\/syringa-meyeri-palilbin\/\" \/>\n<meta property=\"og:site_name\" content=\"T\u00e1jkert\u00e9sz\" \/>\n<meta property=\"article:publisher\" content=\"https:\/\/www.facebook.com\/Tajkertesz\/\" \/>\n<meta property=\"article:modified_time\" content=\"2025-06-03T14:07:23+00:00\" \/>\n<meta property=\"og:image\" content=\"https:\/\/tajkertesz.com\/wp-content\/uploads\/2020\/03\/syringa-meyeri-palibin.jpg\" \/>\n\t<meta property=\"og:image:width\" content=\"1000\" \/>\n\t<meta property=\"og:image:height\" content=\"750\" \/>\n\t<meta property=\"og:image:type\" content=\"image\/jpeg\" \/>\n<meta name=\"twitter:card\" content=\"summary_large_image\" \/>\n<meta name=\"twitter:label1\" content=\"Est. reading time\" \/>\n\t<meta name=\"twitter:data1\" content=\"2 minutes\" \/>\n<script type=\"application\/ld+json\" class=\"yoast-schema-graph\">{\"@context\":\"https:\\\/\\\/schema.org\",\"@graph\":[{\"@type\":\"WebPage\",\"@id\":\"https:\\\/\\\/tajkertesz.com\\\/termek\\\/syringa-meyeri-palilbin\\\/\",\"url\":\"https:\\\/\\\/tajkertesz.com\\\/termek\\\/syringa-meyeri-palilbin\\\/\",\"name\":\"Syringa meyeri 'Palibin' - T\u00f6rpeorgona - T\u00e1jkert\u00e9sz\",\"isPartOf\":{\"@id\":\"https:\\\/\\\/tajkertesz.com\\\/#website\"},\"primaryImageOfPage\":{\"@id\":\"https:\\\/\\\/tajkertesz.com\\\/termek\\\/syringa-meyeri-palilbin\\\/#primaryimage\"},\"image\":{\"@id\":\"https:\\\/\\\/tajkertesz.com\\\/termek\\\/syringa-meyeri-palilbin\\\/#primaryimage\"},\"thumbnailUrl\":\"https:\\\/\\\/tajkertesz.com\\\/wp-content\\\/uploads\\\/2020\\\/03\\\/syringa-meyeri-palibin.jpg\",\"datePublished\":\"2025-04-09T09:58:48+00:00\",\"dateModified\":\"2025-06-03T14:07:23+00:00\",\"description\":\"\u00a0A Syringa meyeri 'Palibin' - T\u00f6rpeorgona\u00a0lassan n\u00f6vekv\u0151, viszonylag alacsony, lombhullat\u00f3 cserje.Lil\u00e1s illatos vir\u00e1gai kisebbek a hagyom\u00e1nyos orgon\u00e1\u00e9n\u00e1l.\",\"breadcrumb\":{\"@id\":\"https:\\\/\\\/tajkertesz.com\\\/termek\\\/syringa-meyeri-palilbin\\\/#breadcrumb\"},\"inLanguage\":\"en-US\",\"potentialAction\":[{\"@type\":\"ReadAction\",\"target\":[\"https:\\\/\\\/tajkertesz.com\\\/termek\\\/syringa-meyeri-palilbin\\\/\"]}]},{\"@type\":\"ImageObject\",\"inLanguage\":\"en-US\",\"@id\":\"https:\\\/\\\/tajkertesz.com\\\/termek\\\/syringa-meyeri-palilbin\\\/#primaryimage\",\"url\":\"https:\\\/\\\/tajkertesz.com\\\/wp-content\\\/uploads\\\/2020\\\/03\\\/syringa-meyeri-palibin.jpg\",\"contentUrl\":\"https:\\\/\\\/tajkertesz.com\\\/wp-content\\\/uploads\\\/2020\\\/03\\\/syringa-meyeri-palibin.jpg\",\"width\":1000,\"height\":750,\"caption\":\"Syringa meyeri 'Palibin' - T\u00f6rpeorgona\"},{\"@type\":\"BreadcrumbList\",\"@id\":\"https:\\\/\\\/tajkertesz.com\\\/termek\\\/syringa-meyeri-palilbin\\\/#breadcrumb\",\"itemListElement\":[{\"@type\":\"ListItem\",\"position\":1,\"name\":\"Home\",\"item\":\"https:\\\/\\\/tajkertesz.com\\\/\"},{\"@type\":\"ListItem\",\"position\":2,\"name\":\"Kezd\u0151lap\",\"item\":\"https:\\\/\\\/tajkertesz.com\\\/\"},{\"@type\":\"ListItem\",\"position\":3,\"name\":\"Syringa meyeri &#8216;Palibin&#8217; &#8211; T\u00f6rpeorgona\"}]},{\"@type\":\"WebSite\",\"@id\":\"https:\\\/\\\/tajkertesz.com\\\/#website\",\"url\":\"https:\\\/\\\/tajkertesz.com\\\/\",\"name\":\"T\u00e1j-Kert\u00e9sz 84 Kft.\",\"description\":\"Kert\u00e9szeti kis- \u00e9s nagykeresked\u00e9s, D\u00edszn\u00f6v\u00e9ny web\u00e1ruh\u00e1z orsz\u00e1gos h\u00e1zhozsz\u00e1ll\u00edt\u00e1ssal!\",\"publisher\":{\"@id\":\"https:\\\/\\\/tajkertesz.com\\\/#organization\"},\"potentialAction\":[{\"@type\":\"SearchAction\",\"target\":{\"@type\":\"EntryPoint\",\"urlTemplate\":\"https:\\\/\\\/tajkertesz.com\\\/?s={search_term_string}\"},\"query-input\":{\"@type\":\"PropertyValueSpecification\",\"valueRequired\":true,\"valueName\":\"search_term_string\"}}],\"inLanguage\":\"en-US\"},{\"@type\":\"Organization\",\"@id\":\"https:\\\/\\\/tajkertesz.com\\\/#organization\",\"name\":\"T\u00e1j-Kert\u00e9sz 84 Kft.\",\"url\":\"https:\\\/\\\/tajkertesz.com\\\/\",\"logo\":{\"@type\":\"ImageObject\",\"inLanguage\":\"en-US\",\"@id\":\"https:\\\/\\\/tajkertesz.com\\\/#\\\/schema\\\/logo\\\/image\\\/\",\"url\":\"https:\\\/\\\/tajkertesz.com\\\/wp-content\\\/uploads\\\/2018\\\/02\\\/logo-2-e1518678052539.png\",\"contentUrl\":\"https:\\\/\\\/tajkertesz.com\\\/wp-content\\\/uploads\\\/2018\\\/02\\\/logo-2-e1518678052539.png\",\"width\":81,\"height\":140,\"caption\":\"T\u00e1j-Kert\u00e9sz 84 Kft.\"},\"image\":{\"@id\":\"https:\\\/\\\/tajkertesz.com\\\/#\\\/schema\\\/logo\\\/image\\\/\"},\"sameAs\":[\"https:\\\/\\\/www.facebook.com\\\/Tajkertesz\\\/\"]}]}<\/script>\n<!-- \/ Yoast SEO plugin. -->","yoast_head_json":{"title":"Syringa meyeri 'Palibin' - T\u00f6rpeorgona - T\u00e1jkert\u00e9sz","description":"\u00a0A Syringa meyeri 'Palibin' - T\u00f6rpeorgona\u00a0lassan n\u00f6vekv\u0151, viszonylag alacsony, lombhullat\u00f3 cserje.Lil\u00e1s illatos vir\u00e1gai kisebbek a hagyom\u00e1nyos orgon\u00e1\u00e9n\u00e1l.","robots":{"index":"index","follow":"follow","max-snippet":"max-snippet:-1","max-image-preview":"max-image-preview:large","max-video-preview":"max-video-preview:-1"},"canonical":"https:\/\/tajkertesz.com\/en_US\/product\/syringa-meyeri-palilbin\/","og_locale":"en_US","og_type":"article","og_title":"Syringa meyeri 'Palibin' - T\u00f6rpeorgona - T\u00e1jkert\u00e9sz","og_description":"\u00a0A Syringa meyeri 'Palibin' - T\u00f6rpeorgona\u00a0lassan n\u00f6vekv\u0151, viszonylag alacsony, lombhullat\u00f3 cserje.Lil\u00e1s illatos vir\u00e1gai kisebbek a hagyom\u00e1nyos orgon\u00e1\u00e9n\u00e1l.","og_url":"https:\/\/tajkertesz.com\/en_US\/product\/syringa-meyeri-palilbin\/","og_site_name":"T\u00e1jkert\u00e9sz","article_publisher":"https:\/\/www.facebook.com\/Tajkertesz\/","article_modified_time":"2025-06-03T14:07:23+00:00","og_image":[{"width":1000,"height":750,"url":"https:\/\/tajkertesz.com\/wp-content\/uploads\/2020\/03\/syringa-meyeri-palibin.jpg","type":"image\/jpeg"}],"twitter_card":"summary_large_image","twitter_misc":{"Est. reading time":"2 minutes"},"schema":{"@context":"https:\/\/schema.org","@graph":[{"@type":"WebPage","@id":"https:\/\/tajkertesz.com\/termek\/syringa-meyeri-palilbin\/","url":"https:\/\/tajkertesz.com\/termek\/syringa-meyeri-palilbin\/","name":"Syringa meyeri 'Palibin' - T\u00f6rpeorgona - T\u00e1jkert\u00e9sz","isPartOf":{"@id":"https:\/\/tajkertesz.com\/#website"},"primaryImageOfPage":{"@id":"https:\/\/tajkertesz.com\/termek\/syringa-meyeri-palilbin\/#primaryimage"},"image":{"@id":"https:\/\/tajkertesz.com\/termek\/syringa-meyeri-palilbin\/#primaryimage"},"thumbnailUrl":"https:\/\/tajkertesz.com\/wp-content\/uploads\/2020\/03\/syringa-meyeri-palibin.jpg","datePublished":"2025-04-09T09:58:48+00:00","dateModified":"2025-06-03T14:07:23+00:00","description":"\u00a0A Syringa meyeri 'Palibin' - T\u00f6rpeorgona\u00a0lassan n\u00f6vekv\u0151, viszonylag alacsony, lombhullat\u00f3 cserje.Lil\u00e1s illatos vir\u00e1gai kisebbek a hagyom\u00e1nyos orgon\u00e1\u00e9n\u00e1l.","breadcrumb":{"@id":"https:\/\/tajkertesz.com\/termek\/syringa-meyeri-palilbin\/#breadcrumb"},"inLanguage":"en-US","potentialAction":[{"@type":"ReadAction","target":["https:\/\/tajkertesz.com\/termek\/syringa-meyeri-palilbin\/"]}]},{"@type":"ImageObject","inLanguage":"en-US","@id":"https:\/\/tajkertesz.com\/termek\/syringa-meyeri-palilbin\/#primaryimage","url":"https:\/\/tajkertesz.com\/wp-content\/uploads\/2020\/03\/syringa-meyeri-palibin.jpg","contentUrl":"https:\/\/tajkertesz.com\/wp-content\/uploads\/2020\/03\/syringa-meyeri-palibin.jpg","width":1000,"height":750,"caption":"Syringa meyeri 'Palibin' - T\u00f6rpeorgona"},{"@type":"BreadcrumbList","@id":"https:\/\/tajkertesz.com\/termek\/syringa-meyeri-palilbin\/#breadcrumb","itemListElement":[{"@type":"ListItem","position":1,"name":"Home","item":"https:\/\/tajkertesz.com\/"},{"@type":"ListItem","position":2,"name":"Kezd\u0151lap","item":"https:\/\/tajkertesz.com\/"},{"@type":"ListItem","position":3,"name":"Syringa meyeri &#8216;Palibin&#8217; &#8211; T\u00f6rpeorgona"}]},{"@type":"WebSite","@id":"https:\/\/tajkertesz.com\/#website","url":"https:\/\/tajkertesz.com\/","name":"T\u00e1j-Kert\u00e9sz 84 Kft.","description":"Kert\u00e9szeti kis- \u00e9s nagykeresked\u00e9s, D\u00edszn\u00f6v\u00e9ny web\u00e1ruh\u00e1z orsz\u00e1gos h\u00e1zhozsz\u00e1ll\u00edt\u00e1ssal!","publisher":{"@id":"https:\/\/tajkertesz.com\/#organization"},"potentialAction":[{"@type":"SearchAction","target":{"@type":"EntryPoint","urlTemplate":"https:\/\/tajkertesz.com\/?s={search_term_string}"},"query-input":{"@type":"PropertyValueSpecification","valueRequired":true,"valueName":"search_term_string"}}],"inLanguage":"en-US"},{"@type":"Organization","@id":"https:\/\/tajkertesz.com\/#organization","name":"T\u00e1j-Kert\u00e9sz 84 Kft.","url":"https:\/\/tajkertesz.com\/","logo":{"@type":"ImageObject","inLanguage":"en-US","@id":"https:\/\/tajkertesz.com\/#\/schema\/logo\/image\/","url":"https:\/\/tajkertesz.com\/wp-content\/uploads\/2018\/02\/logo-2-e1518678052539.png","contentUrl":"https:\/\/tajkertesz.com\/wp-content\/uploads\/2018\/02\/logo-2-e1518678052539.png","width":81,"height":140,"caption":"T\u00e1j-Kert\u00e9sz 84 Kft."},"image":{"@id":"https:\/\/tajkertesz.com\/#\/schema\/logo\/image\/"},"sameAs":["https:\/\/www.facebook.com\/Tajkertesz\/"]}]}},"_links":{"self":[{"href":"https:\/\/tajkertesz.com\/en_US\/wp-json\/wp\/v2\/product\/1586","targetHints":{"allow":["GET"]}}],"collection":[{"href":"https:\/\/tajkertesz.com\/en_US\/wp-json\/wp\/v2\/product"}],"about":[{"href":"https:\/\/tajkertesz.com\/en_US\/wp-json\/wp\/v2\/types\/product"}],"wp:featuredmedia":[{"embeddable":true,"href":"https:\/\/tajkertesz.com\/en_US\/wp-json\/wp\/v2\/media\/1588"}],"wp:attachment":[{"href":"https:\/\/tajkertesz.com\/en_US\/wp-json\/wp\/v2\/media?parent=1586"}],"wp:term":[{"taxonomy":"product_brand","embeddable":true,"href":"https:\/\/tajkertesz.com\/en_US\/wp-json\/wp\/v2\/product_brand?post=1586"},{"taxonomy":"product_cat","embeddable":true,"href":"https:\/\/tajkertesz.com\/en_US\/wp-json\/wp\/v2\/product_cat?post=1586"},{"taxonomy":"product_tag","embeddable":true,"href":"https:\/\/tajkertesz.com\/en_US\/wp-json\/wp\/v2\/product_tag?post=1586"}],"curies":[{"name":"wp","href":"https:\/\/api.w.org\/{rel}","templated":true}]}}