{"id":15892,"date":"2023-06-29T12:48:14","date_gmt":"2023-06-29T12:48:14","guid":{"rendered":"https:\/\/tajkertesz.com\/?post_type=product&#038;p=15892"},"modified":"2023-08-07T05:59:54","modified_gmt":"2023-08-07T05:59:54","slug":"albizia-julibrissin-eveys-pride-zold-levelu-selyemakac","status":"publish","type":"product","link":"https:\/\/tajkertesz.com\/en_US\/product\/albizia-julibrissin-eveys-pride-zold-levelu-selyemakac\/","title":{"rendered":"Albizia julibrissin &#8216;Evey&#8217;s Pride&#8217; Z\u00f6ld level\u0171 selyemak\u00e1c"},"content":{"rendered":"<p><strong>Albizia julibrissin &#8216;Evey&#8217;s Pride&#8217;, Z\u00f6ld level\u0171 selyemak\u00e1c<\/strong><\/p>\n<p><strong>Az Albizia julibrissin &#8221;, Evey&#8217;s Pride Z\u00f6ld\u00a0 level\u0171 selyemak\u00e1c egy mediterr\u00e1n jelleg\u0171, k\u00fcl\u00f6nleges lomb\u00fa \u00e9s k\u00fcl\u00f6nleges vir\u00e1g\u00fa d\u00edszfa.<\/strong><\/p>\n<p>&nbsp;<\/p>\n<p><b>N\u00f6veked\u00e9s, alak: <\/b>A selyemak\u00e1c mediterr\u00e1n jelleg\u0171, k\u00fcl\u00f6nleges lomb\u00fa \u00e9s k\u00fcl\u00f6nleges vir\u00e1g\u00fa d\u00edszfa.<br \/>\n<b>Lev\u00e9l:\u00a0 <\/b>p\u00e1rosan sz\u00e1rnyalt levelei, bord\u00f3 sz\u00edn\u0171ek<br \/>\n<b>Vir\u00e1g:<\/b> J\u00faniust\u00f3l szeptemberig t\u00f6bb hull\u00e1mban ny\u00edlik sokporz\u00f3s lil\u00e1sr\u00f3zsasz\u00edn porz\u00f3sz\u00e1lakt\u00f3l borzas, illatos, d\u00edszes vir\u00e1gai vannak.<br \/>\n<b>Term\u0151hely<\/b>: A selyemak\u00e1c a napos fekv\u00e9st r\u00e9szes\u00edti el\u0151nyben, ez\u00e9rt ha egy m\u00f3dunk van r\u00e1, meleg, napf\u00e9nyben f\u00fcrd\u0151, v\u00e9dett helyet keress\u00fcnk sz\u00e1m\u00e1ra a kertben.<\/p>\n<p>J\u00f3 tulajdons\u00e1ga, hogy talajban nem k\u00fcl\u00f6n\u00f6sebben v\u00e1logat\u00f3s.<br \/>\n<b>Felhaszn\u00e1l\u00e1s:<\/b> kert\u00fcnk \u00e9kess\u00e9ge lehet,amely nemcsak a vir\u00e1gj\u00e1val hanem a leveleivel is d\u00edsz\u00edt.<\/p>\n<p>kb. 180<\/p>\n<p>cm + kont\u00e9ner<\/p>\n<p>&nbsp;<\/p>\n<p><b>K\u00e9szlet\u00fcnk napi szinten v\u00e1ltozik, ez\u00e9rt k\u00e9rj\u00fck, \u00e9rdekl\u0151dj\u00f6n szem\u00e9lyesen, telefonon vagy email-en.<br \/>\nA v\u00e1ltoztat\u00e1s jog\u00e1t fenntartjuk!<\/b><\/p>","protected":false},"excerpt":{"rendered":"<p><strong>Albizia julibrissin &#8216;Evey&#8217;s Pride&#8217;, Z\u00f6ld level\u0171 selyemak\u00e1c<\/strong><\/p>","protected":false},"featured_media":15903,"template":"","meta":{"_et_pb_use_builder":"","_et_pb_old_content":"","_et_gb_content_width":""},"product_brand":[],"product_cat":[28],"product_tag":[],"class_list":{"0":"post-15892","1":"product","2":"type-product","3":"status-publish","4":"has-post-thumbnail","6":"product_cat-diszfak","8":"first","9":"instock","10":"shipping-taxable","11":"purchasable","12":"product-type-simple"},"yoast_head":"<!-- This site is optimized with the Yoast SEO plugin v27.4 - https:\/\/yoast.com\/product\/yoast-seo-wordpress\/ -->\n<title>Albizia julibrissin &#039;Evey&#039;s Pride&#039; Z\u00f6ld level\u0171 selyemak\u00e1c - T\u00e1jkert\u00e9sz<\/title>\n<meta name=\"description\" content=\"Albizia julibrissin &#039;Evey&#039;s Pride&#039;, Z\u00f6ld level\u0171 selyemak\u00e1c\" \/>\n<meta name=\"robots\" content=\"index, follow, max-snippet:-1, max-image-preview:large, max-video-preview:-1\" \/>\n<link rel=\"canonical\" href=\"https:\/\/tajkertesz.com\/en_US\/product\/albizia-julibrissin-eveys-pride-zold-levelu-selyemakac\/\" \/>\n<meta property=\"og:locale\" content=\"en_US\" \/>\n<meta property=\"og:type\" content=\"article\" \/>\n<meta property=\"og:title\" content=\"Albizia julibrissin &#039;Evey&#039;s Pride&#039; Z\u00f6ld level\u0171 selyemak\u00e1c - T\u00e1jkert\u00e9sz\" \/>\n<meta property=\"og:description\" content=\"Albizia julibrissin &#039;Evey&#039;s Pride&#039;, Z\u00f6ld level\u0171 selyemak\u00e1c\" \/>\n<meta property=\"og:url\" content=\"https:\/\/tajkertesz.com\/en_US\/product\/albizia-julibrissin-eveys-pride-zold-levelu-selyemakac\/\" \/>\n<meta property=\"og:site_name\" content=\"T\u00e1jkert\u00e9sz\" \/>\n<meta property=\"article:publisher\" content=\"https:\/\/www.facebook.com\/Tajkertesz\/\" \/>\n<meta property=\"article:modified_time\" content=\"2023-08-07T05:59:54+00:00\" \/>\n<meta property=\"og:image\" content=\"https:\/\/tajkertesz.com\/wp-content\/uploads\/2023\/06\/353948011_304283235356376_3210243937028163933_n.jpg\" \/>\n\t<meta property=\"og:image:width\" content=\"280\" \/>\n\t<meta property=\"og:image:height\" content=\"363\" \/>\n\t<meta property=\"og:image:type\" content=\"image\/jpeg\" \/>\n<meta name=\"twitter:card\" content=\"summary_large_image\" \/>\n<meta name=\"twitter:label1\" content=\"Est. reading time\" \/>\n\t<meta name=\"twitter:data1\" content=\"1 minute\" \/>\n<script type=\"application\/ld+json\" class=\"yoast-schema-graph\">{\"@context\":\"https:\\\/\\\/schema.org\",\"@graph\":[{\"@type\":\"WebPage\",\"@id\":\"https:\\\/\\\/tajkertesz.com\\\/termek\\\/albizia-julibrissin-eveys-pride-zold-levelu-selyemakac\\\/\",\"url\":\"https:\\\/\\\/tajkertesz.com\\\/termek\\\/albizia-julibrissin-eveys-pride-zold-levelu-selyemakac\\\/\",\"name\":\"Albizia julibrissin 'Evey's Pride' Z\u00f6ld level\u0171 selyemak\u00e1c - T\u00e1jkert\u00e9sz\",\"isPartOf\":{\"@id\":\"https:\\\/\\\/tajkertesz.com\\\/#website\"},\"primaryImageOfPage\":{\"@id\":\"https:\\\/\\\/tajkertesz.com\\\/termek\\\/albizia-julibrissin-eveys-pride-zold-levelu-selyemakac\\\/#primaryimage\"},\"image\":{\"@id\":\"https:\\\/\\\/tajkertesz.com\\\/termek\\\/albizia-julibrissin-eveys-pride-zold-levelu-selyemakac\\\/#primaryimage\"},\"thumbnailUrl\":\"https:\\\/\\\/tajkertesz.com\\\/wp-content\\\/uploads\\\/2023\\\/06\\\/353948011_304283235356376_3210243937028163933_n.jpg\",\"datePublished\":\"2023-06-29T12:48:14+00:00\",\"dateModified\":\"2023-08-07T05:59:54+00:00\",\"description\":\"Albizia julibrissin 'Evey's Pride', Z\u00f6ld level\u0171 selyemak\u00e1c\",\"breadcrumb\":{\"@id\":\"https:\\\/\\\/tajkertesz.com\\\/termek\\\/albizia-julibrissin-eveys-pride-zold-levelu-selyemakac\\\/#breadcrumb\"},\"inLanguage\":\"en-US\",\"potentialAction\":[{\"@type\":\"ReadAction\",\"target\":[\"https:\\\/\\\/tajkertesz.com\\\/termek\\\/albizia-julibrissin-eveys-pride-zold-levelu-selyemakac\\\/\"]}]},{\"@type\":\"ImageObject\",\"inLanguage\":\"en-US\",\"@id\":\"https:\\\/\\\/tajkertesz.com\\\/termek\\\/albizia-julibrissin-eveys-pride-zold-levelu-selyemakac\\\/#primaryimage\",\"url\":\"https:\\\/\\\/tajkertesz.com\\\/wp-content\\\/uploads\\\/2023\\\/06\\\/353948011_304283235356376_3210243937028163933_n.jpg\",\"contentUrl\":\"https:\\\/\\\/tajkertesz.com\\\/wp-content\\\/uploads\\\/2023\\\/06\\\/353948011_304283235356376_3210243937028163933_n.jpg\",\"width\":280,\"height\":363},{\"@type\":\"BreadcrumbList\",\"@id\":\"https:\\\/\\\/tajkertesz.com\\\/termek\\\/albizia-julibrissin-eveys-pride-zold-levelu-selyemakac\\\/#breadcrumb\",\"itemListElement\":[{\"@type\":\"ListItem\",\"position\":1,\"name\":\"Home\",\"item\":\"https:\\\/\\\/tajkertesz.com\\\/\"},{\"@type\":\"ListItem\",\"position\":2,\"name\":\"Kezd\u0151lap\",\"item\":\"https:\\\/\\\/tajkertesz.com\\\/\"},{\"@type\":\"ListItem\",\"position\":3,\"name\":\"Albizia julibrissin &#8216;Evey&#8217;s Pride&#8217; Z\u00f6ld level\u0171 selyemak\u00e1c\"}]},{\"@type\":\"WebSite\",\"@id\":\"https:\\\/\\\/tajkertesz.com\\\/#website\",\"url\":\"https:\\\/\\\/tajkertesz.com\\\/\",\"name\":\"T\u00e1j-Kert\u00e9sz 84 Kft.\",\"description\":\"Kert\u00e9szeti kis- \u00e9s nagykeresked\u00e9s, D\u00edszn\u00f6v\u00e9ny web\u00e1ruh\u00e1z orsz\u00e1gos h\u00e1zhozsz\u00e1ll\u00edt\u00e1ssal!\",\"publisher\":{\"@id\":\"https:\\\/\\\/tajkertesz.com\\\/#organization\"},\"potentialAction\":[{\"@type\":\"SearchAction\",\"target\":{\"@type\":\"EntryPoint\",\"urlTemplate\":\"https:\\\/\\\/tajkertesz.com\\\/?s={search_term_string}\"},\"query-input\":{\"@type\":\"PropertyValueSpecification\",\"valueRequired\":true,\"valueName\":\"search_term_string\"}}],\"inLanguage\":\"en-US\"},{\"@type\":\"Organization\",\"@id\":\"https:\\\/\\\/tajkertesz.com\\\/#organization\",\"name\":\"T\u00e1j-Kert\u00e9sz 84 Kft.\",\"url\":\"https:\\\/\\\/tajkertesz.com\\\/\",\"logo\":{\"@type\":\"ImageObject\",\"inLanguage\":\"en-US\",\"@id\":\"https:\\\/\\\/tajkertesz.com\\\/#\\\/schema\\\/logo\\\/image\\\/\",\"url\":\"https:\\\/\\\/tajkertesz.com\\\/wp-content\\\/uploads\\\/2018\\\/02\\\/logo-2-e1518678052539.png\",\"contentUrl\":\"https:\\\/\\\/tajkertesz.com\\\/wp-content\\\/uploads\\\/2018\\\/02\\\/logo-2-e1518678052539.png\",\"width\":81,\"height\":140,\"caption\":\"T\u00e1j-Kert\u00e9sz 84 Kft.\"},\"image\":{\"@id\":\"https:\\\/\\\/tajkertesz.com\\\/#\\\/schema\\\/logo\\\/image\\\/\"},\"sameAs\":[\"https:\\\/\\\/www.facebook.com\\\/Tajkertesz\\\/\"]}]}<\/script>\n<!-- \/ Yoast SEO plugin. -->","yoast_head_json":{"title":"Albizia julibrissin 'Evey's Pride' Z\u00f6ld level\u0171 selyemak\u00e1c - T\u00e1jkert\u00e9sz","description":"Albizia julibrissin 'Evey's Pride', Z\u00f6ld level\u0171 selyemak\u00e1c","robots":{"index":"index","follow":"follow","max-snippet":"max-snippet:-1","max-image-preview":"max-image-preview:large","max-video-preview":"max-video-preview:-1"},"canonical":"https:\/\/tajkertesz.com\/en_US\/product\/albizia-julibrissin-eveys-pride-zold-levelu-selyemakac\/","og_locale":"en_US","og_type":"article","og_title":"Albizia julibrissin 'Evey's Pride' Z\u00f6ld level\u0171 selyemak\u00e1c - T\u00e1jkert\u00e9sz","og_description":"Albizia julibrissin 'Evey's Pride', Z\u00f6ld level\u0171 selyemak\u00e1c","og_url":"https:\/\/tajkertesz.com\/en_US\/product\/albizia-julibrissin-eveys-pride-zold-levelu-selyemakac\/","og_site_name":"T\u00e1jkert\u00e9sz","article_publisher":"https:\/\/www.facebook.com\/Tajkertesz\/","article_modified_time":"2023-08-07T05:59:54+00:00","og_image":[{"width":280,"height":363,"url":"https:\/\/tajkertesz.com\/wp-content\/uploads\/2023\/06\/353948011_304283235356376_3210243937028163933_n.jpg","type":"image\/jpeg"}],"twitter_card":"summary_large_image","twitter_misc":{"Est. reading time":"1 minute"},"schema":{"@context":"https:\/\/schema.org","@graph":[{"@type":"WebPage","@id":"https:\/\/tajkertesz.com\/termek\/albizia-julibrissin-eveys-pride-zold-levelu-selyemakac\/","url":"https:\/\/tajkertesz.com\/termek\/albizia-julibrissin-eveys-pride-zold-levelu-selyemakac\/","name":"Albizia julibrissin 'Evey's Pride' Z\u00f6ld level\u0171 selyemak\u00e1c - T\u00e1jkert\u00e9sz","isPartOf":{"@id":"https:\/\/tajkertesz.com\/#website"},"primaryImageOfPage":{"@id":"https:\/\/tajkertesz.com\/termek\/albizia-julibrissin-eveys-pride-zold-levelu-selyemakac\/#primaryimage"},"image":{"@id":"https:\/\/tajkertesz.com\/termek\/albizia-julibrissin-eveys-pride-zold-levelu-selyemakac\/#primaryimage"},"thumbnailUrl":"https:\/\/tajkertesz.com\/wp-content\/uploads\/2023\/06\/353948011_304283235356376_3210243937028163933_n.jpg","datePublished":"2023-06-29T12:48:14+00:00","dateModified":"2023-08-07T05:59:54+00:00","description":"Albizia julibrissin 'Evey's Pride', Z\u00f6ld level\u0171 selyemak\u00e1c","breadcrumb":{"@id":"https:\/\/tajkertesz.com\/termek\/albizia-julibrissin-eveys-pride-zold-levelu-selyemakac\/#breadcrumb"},"inLanguage":"en-US","potentialAction":[{"@type":"ReadAction","target":["https:\/\/tajkertesz.com\/termek\/albizia-julibrissin-eveys-pride-zold-levelu-selyemakac\/"]}]},{"@type":"ImageObject","inLanguage":"en-US","@id":"https:\/\/tajkertesz.com\/termek\/albizia-julibrissin-eveys-pride-zold-levelu-selyemakac\/#primaryimage","url":"https:\/\/tajkertesz.com\/wp-content\/uploads\/2023\/06\/353948011_304283235356376_3210243937028163933_n.jpg","contentUrl":"https:\/\/tajkertesz.com\/wp-content\/uploads\/2023\/06\/353948011_304283235356376_3210243937028163933_n.jpg","width":280,"height":363},{"@type":"BreadcrumbList","@id":"https:\/\/tajkertesz.com\/termek\/albizia-julibrissin-eveys-pride-zold-levelu-selyemakac\/#breadcrumb","itemListElement":[{"@type":"ListItem","position":1,"name":"Home","item":"https:\/\/tajkertesz.com\/"},{"@type":"ListItem","position":2,"name":"Kezd\u0151lap","item":"https:\/\/tajkertesz.com\/"},{"@type":"ListItem","position":3,"name":"Albizia julibrissin &#8216;Evey&#8217;s Pride&#8217; Z\u00f6ld level\u0171 selyemak\u00e1c"}]},{"@type":"WebSite","@id":"https:\/\/tajkertesz.com\/#website","url":"https:\/\/tajkertesz.com\/","name":"T\u00e1j-Kert\u00e9sz 84 Kft.","description":"Kert\u00e9szeti kis- \u00e9s nagykeresked\u00e9s, D\u00edszn\u00f6v\u00e9ny web\u00e1ruh\u00e1z orsz\u00e1gos h\u00e1zhozsz\u00e1ll\u00edt\u00e1ssal!","publisher":{"@id":"https:\/\/tajkertesz.com\/#organization"},"potentialAction":[{"@type":"SearchAction","target":{"@type":"EntryPoint","urlTemplate":"https:\/\/tajkertesz.com\/?s={search_term_string}"},"query-input":{"@type":"PropertyValueSpecification","valueRequired":true,"valueName":"search_term_string"}}],"inLanguage":"en-US"},{"@type":"Organization","@id":"https:\/\/tajkertesz.com\/#organization","name":"T\u00e1j-Kert\u00e9sz 84 Kft.","url":"https:\/\/tajkertesz.com\/","logo":{"@type":"ImageObject","inLanguage":"en-US","@id":"https:\/\/tajkertesz.com\/#\/schema\/logo\/image\/","url":"https:\/\/tajkertesz.com\/wp-content\/uploads\/2018\/02\/logo-2-e1518678052539.png","contentUrl":"https:\/\/tajkertesz.com\/wp-content\/uploads\/2018\/02\/logo-2-e1518678052539.png","width":81,"height":140,"caption":"T\u00e1j-Kert\u00e9sz 84 Kft."},"image":{"@id":"https:\/\/tajkertesz.com\/#\/schema\/logo\/image\/"},"sameAs":["https:\/\/www.facebook.com\/Tajkertesz\/"]}]}},"_links":{"self":[{"href":"https:\/\/tajkertesz.com\/en_US\/wp-json\/wp\/v2\/product\/15892","targetHints":{"allow":["GET"]}}],"collection":[{"href":"https:\/\/tajkertesz.com\/en_US\/wp-json\/wp\/v2\/product"}],"about":[{"href":"https:\/\/tajkertesz.com\/en_US\/wp-json\/wp\/v2\/types\/product"}],"wp:featuredmedia":[{"embeddable":true,"href":"https:\/\/tajkertesz.com\/en_US\/wp-json\/wp\/v2\/media\/15903"}],"wp:attachment":[{"href":"https:\/\/tajkertesz.com\/en_US\/wp-json\/wp\/v2\/media?parent=15892"}],"wp:term":[{"taxonomy":"product_brand","embeddable":true,"href":"https:\/\/tajkertesz.com\/en_US\/wp-json\/wp\/v2\/product_brand?post=15892"},{"taxonomy":"product_cat","embeddable":true,"href":"https:\/\/tajkertesz.com\/en_US\/wp-json\/wp\/v2\/product_cat?post=15892"},{"taxonomy":"product_tag","embeddable":true,"href":"https:\/\/tajkertesz.com\/en_US\/wp-json\/wp\/v2\/product_tag?post=15892"}],"curies":[{"name":"wp","href":"https:\/\/api.w.org\/{rel}","templated":true}]}}