{"id":15935,"date":"2023-06-29T13:19:16","date_gmt":"2023-06-29T13:19:16","guid":{"rendered":"https:\/\/tajkertesz.com\/?post_type=product&#038;p=15935"},"modified":"2024-02-13T13:38:04","modified_gmt":"2024-02-13T13:38:04","slug":"nortene-treex-flexguard-facsemete-vedoracs","status":"publish","type":"product","link":"https:\/\/tajkertesz.com\/en_US\/product\/nortene-treex-flexguard-facsemete-vedoracs\/","title":{"rendered":"Nortene Treex Flexguard Facsemete v\u00e9d\u0151r\u00e1cs"},"content":{"rendered":"<p>Nortene Treex Flexguard Facsemete v\u00e9d\u0151r\u00e1cs<\/p>\n<p>A\u00a0 Nortene Treex Flexguard Facsemete v\u00e9d\u0151r\u00e1cs egy t\u00f6k\u00e9letes\u00a0 megold\u00e1s ha \u00f3vni szeretn\u00e9 a facsemet\u00e9it a vadr\u00e1g\u00e1st\u00f3l!<\/p>\n<p><strong>Vadr\u00e1g\u00e1s elleni facsemete v\u00e9d\u0151h\u00e1l\u00f3<\/strong><br \/>\nFacsemet\u00e9ket telep\u00edtett \u00e9s \u00f3vni szeretn\u00e9 a vadr\u00e1g\u00e1st\u00f3l? A Treek ( Flexguard )flexibilis h\u00e1l\u00f3 hat\u00e9kony m\u00f3dszer, mely seg\u00edts\u00e9g\u00e9vel nem k\u00e1ros\u00edtj\u00e1k f\u00e1it a vadak.<\/p>\n<p><strong>El\u0151ny\u00f6k<\/strong><\/p>\n<p>&#8211; A facsemetev\u00e9d\u0151 v\u00e9di a fiatal f\u00e1kat a vadr\u00e1g\u00e1s ellen.<br \/>\n&#8211; A flexibilis h\u00e1l\u00f3 egy mozdulattal a fa t\u00f6rzs\u00e9re illeszthet\u0151, a fat\u00f6rzs \u00e1tm\u00e9r\u0151j\u00e9nek n\u00f6veked\u00e9s\u00e9t rugalmasan k\u00f6veti.<br \/>\n&#8211; Speci\u00e1lis szerkezet\u00e9nek k\u00f6sz\u00f6nhet\u0151en a facsemet\u00e9k n\u00f6veked\u00e9s\u00e9t, fejl\u0151d\u00e9s\u00e9t serkent\u0151 mikrokl\u00edm\u00e1t alak\u00edt ki.<br \/>\n&#8211; T\u00f6bbsz\u00f6r is felhaszn\u00e1lhat\u00f3, levehet\u0151 \u00e9s \u00e1thelyezhet\u0151.<br \/>\n&#8211; Az egym\u00e1sba tekercselt fav\u00e9d\u0151k sz\u00e9tv\u00e1laszt\u00e1s\u00e1t hosszir\u00e1ny\u00fa sz\u00e9th\u00faz\u00e1ssal aj\u00e1nljuk.<br \/>\n&#8211; + 3 \u00b0C alatti felhelyez\u00e9s nem aj\u00e1nlott!<br \/>\n&#8211; Nincs sz\u00fcks\u00e9g k\u00f6t\u00f6z\u00e9sre, karbantart\u00e1sra.<br \/>\n&#8211; UV \u00e1ll\u00f3, \u00edgy a napsug\u00e1rz\u00e1snak \u00e9s az id\u0151j\u00e1r\u00e1s viszontags\u00e1gainak is ellen\u00e1ll.<\/p>\n<p>&nbsp;<\/p>\n<h2 class=\"justtellmewhat uppercase color-green-2 text-3xl mt-10\">JELLEMZ\u0150K<\/h2>\n<div class=\"mt-2 color-brown text-lg\">\n<p>&#8211; Anyaga: PP<br \/>\n&#8211; Sz\u00edne fekete<br \/>\n&#8211; Szemm\u00e9ret: 3x3mm<br \/>\n&#8211; Szemforma: rombusz<br \/>\n&#8211; Magyar term\u00e9k<\/p>\n<p>-M\u00e9rete: 11cm \u00e1tm\u00e9r\u0151j\u0171 \u00e9s 80 cm magas.<\/p>\n<\/div>\n<p>El\u00e9rhet\u0151 t\u00f6bbf\u00e9le m\u00e9retben \u00e9s \u00e1rban.<\/p>\n<p><strong>K\u00e9szlet\u00fcnk napi szinten v\u00e1ltozik, ez\u00e9rt k\u00e9rj\u00fck, \u00e9rdekl\u0151dj\u00f6n szem\u00e9lyesen, telefonon vagy email-en.<br \/>\nA v\u00e1ltoztat\u00e1s jog\u00e1t fenntartjuk!\u00a0<\/strong><\/p>\n<p>&nbsp;<\/p>\n<p><a href=\"https:\/\/tajkertesz.com\/\">https:\/\/tajkertesz.com\/<\/a><\/p>\n<p><a href=\"https:\/\/www.facebook.com\/tajkertesz\/\">https:\/\/www.facebook.com\/tajkertesz\/<\/a><\/p>\n<p>Kisz\u00e1ll\u00edt\u00e1s: 200cm-ig \u00a0\u00e9s 40 kg-ig a sz\u00e1ll\u00edt\u00e1s fut\u00e1rszolg\u00e1lattal \u00a0t\u00f6rt\u00e9nik.<\/p>\n<h6><span style=\"color: #ffffff;\">A\u00a0 Nortene Treex Flexguard Facsemete v\u00e9d\u0151r\u00e1cs egy t\u00f6k\u00e9letes\u00a0 megold\u00e1s ha \u00f3vni szeretn\u00e9 a facsemet\u00e9it a vadr\u00e1g\u00e1st\u00f3l!<\/span><\/h6>\n<h6><span style=\"color: #ffffff;\"><strong>Vadr\u00e1g\u00e1s elleni facsemete v\u00e9d\u0151h\u00e1l\u00f3<\/strong><\/span><br \/>\n<span style=\"color: #ffffff;\">Facsemet\u00e9ket telep\u00edtett \u00e9s \u00f3vni szeretn\u00e9 a vadr\u00e1g\u00e1st\u00f3l? A Treek ( Flexguard )flexibilis h\u00e1l\u00f3 hat\u00e9kony m\u00f3dszer, mely seg\u00edts\u00e9g\u00e9vel nem k\u00e1ros\u00edtj\u00e1k f\u00e1it a vadak.\u00a0<\/span><\/h6>\n<h6><span style=\"color: #ffffff;\"><strong>El\u0151ny\u00f6k<\/strong><\/span><\/h6>\n<h6><span style=\"color: #ffffff;\">&#8211; A facsemetev\u00e9d\u0151 v\u00e9di a fiatal f\u00e1kat a vadr\u00e1g\u00e1s ellen.<\/span><br \/>\n<span style=\"color: #ffffff;\">&#8211; A flexibilis h\u00e1l\u00f3 egy mozdulattal a fa t\u00f6rzs\u00e9re illeszthet\u0151, a fat\u00f6rzs \u00e1tm\u00e9r\u0151j\u00e9nek n\u00f6veked\u00e9s\u00e9t rugalmasan k\u00f6veti.<\/span><br \/>\n<span style=\"color: #ffffff;\">&#8211; Speci\u00e1lis szerkezet\u00e9nek k\u00f6sz\u00f6nhet\u0151en a facsemet\u00e9k n\u00f6veked\u00e9s\u00e9t, fejl\u0151d\u00e9s\u00e9t serkent\u0151 mikrokl\u00edm\u00e1t alak\u00edt ki.<\/span><br \/>\n<span style=\"color: #ffffff;\">&#8211; T\u00f6bbsz\u00f6r is felhaszn\u00e1lhat\u00f3, levehet\u0151 \u00e9s \u00e1thelyezhet\u0151.<\/span><br \/>\n<span style=\"color: #ffffff;\">&#8211; Az egym\u00e1sba tekercselt fav\u00e9d\u0151k sz\u00e9tv\u00e1laszt\u00e1s\u00e1t hosszir\u00e1ny\u00fa sz\u00e9th\u00faz\u00e1ssal aj\u00e1nljuk.<\/span><br \/>\n<span style=\"color: #ffffff;\">&#8211; + 3 \u00b0C alatti felhelyez\u00e9s nem aj\u00e1nlott!<\/span><br \/>\n<span style=\"color: #ffffff;\">&#8211; Nincs sz\u00fcks\u00e9g k\u00f6t\u00f6z\u00e9sre, karbantart\u00e1sra.<\/span><br \/>\n<span style=\"color: #ffffff;\">&#8211; UV \u00e1ll\u00f3, \u00edgy a napsug\u00e1rz\u00e1snak \u00e9s az id\u0151j\u00e1r\u00e1s viszontags\u00e1gainak is ellen\u00e1ll.<\/span><\/h6>\n<h6><\/h6>\n<h6 class=\"justtellmewhat uppercase color-green-2 text-3xl mt-10\"><span style=\"color: #ffffff;\">JELLEMZ\u0150K<\/span><\/h6>\n<div class=\"mt-2 color-brown text-lg\">\n<h6><span style=\"color: #ffffff;\">&#8211; Anyaga: PP<\/span><br \/>\n<span style=\"color: #ffffff;\">&#8211; Sz\u00edne fekete<\/span><br \/>\n<span style=\"color: #ffffff;\">&#8211; Szemm\u00e9ret: 3x3mm<\/span><br \/>\n<span style=\"color: #ffffff;\">&#8211; Szemforma: rombusz<\/span><br \/>\n<span style=\"color: #ffffff;\">&#8211; Magyar term\u00e9k<\/span><\/h6>\n<h6><span style=\"color: #ffffff;\">-M\u00e9rete: 11cm \u00e1tm\u00e9r\u0151j\u0171 \u00e9s 80 cm magas.<\/span><\/h6>\n<h6><span style=\"color: #ffffff;\">A\u00a0 Nortene Treex Flexguard Facsemete v\u00e9d\u0151r\u00e1cs egy t\u00f6k\u00e9letes\u00a0 megold\u00e1s ha \u00f3vni szeretn\u00e9 a facsemet\u00e9it a vadr\u00e1g\u00e1st\u00f3l!<\/span><\/h6>\n<h6><span style=\"color: #ffffff;\"><strong>Vadr\u00e1g\u00e1s elleni facsemete v\u00e9d\u0151h\u00e1l\u00f3<\/strong><\/span><br \/>\n<span style=\"color: #ffffff;\">Facsemet\u00e9ket telep\u00edtett \u00e9s \u00f3vni szeretn\u00e9 a vadr\u00e1g\u00e1st\u00f3l? A Treek ( Flexguard )flexibilis h\u00e1l\u00f3 hat\u00e9kony m\u00f3dszer, mely seg\u00edts\u00e9g\u00e9vel nem k\u00e1ros\u00edtj\u00e1k f\u00e1it a vadak.\u00a0<\/span><\/h6>\n<h6><span style=\"color: #ffffff;\"><strong>El\u0151ny\u00f6k<\/strong><\/span><\/h6>\n<div class=\"mt-2 color-brown text-lg\">\n<h6><\/h6>\n<\/div>\n<\/div>","protected":false},"excerpt":{"rendered":"<p>A\u00a0 Nortene Treex Flexguard Facsemete v\u00e9d\u0151r\u00e1cs egy t\u00f6k\u00e9letes\u00a0 megold\u00e1s ha \u00f3vni szeretn\u00e9 a facsemet\u00e9it a vadr\u00e1g\u00e1st\u00f3l!<\/p>\n<p><strong>Vadr\u00e1g\u00e1s elleni facsemete v\u00e9d\u0151h\u00e1l\u00f3<\/strong><br \/>\nFacsemet\u00e9ket telep\u00edtett \u00e9s \u00f3vni szeretn\u00e9 a vadr\u00e1g\u00e1st\u00f3l? A Treek ( Flexguard )flexibilis h\u00e1l\u00f3 hat\u00e9kony m\u00f3dszer, mely seg\u00edts\u00e9g\u00e9vel nem k\u00e1ros\u00edtj\u00e1k f\u00e1it a vadak.<\/p>\n<p><strong>El\u0151ny\u00f6k<\/strong><\/p>\n<p>&#8211; A facsemetev\u00e9d\u0151 v\u00e9di a fiatal f\u00e1kat a vadr\u00e1g\u00e1s ellen.<br \/>\n&#8211; A flexibilis h\u00e1l\u00f3 egy mozdulattal a fa t\u00f6rzs\u00e9re illeszthet\u0151, a fat\u00f6rzs \u00e1tm\u00e9r\u0151j\u00e9nek n\u00f6veked\u00e9s\u00e9t rugalmasan k\u00f6veti.<br \/>\n&#8211; Speci\u00e1lis szerkezet\u00e9nek k\u00f6sz\u00f6nhet\u0151en a facsemet\u00e9k n\u00f6veked\u00e9s\u00e9t, fejl\u0151d\u00e9s\u00e9t serkent\u0151 mikrokl\u00edm\u00e1t alak\u00edt ki.<br \/>\n&#8211; T\u00f6bbsz\u00f6r is felhaszn\u00e1lhat\u00f3, levehet\u0151 \u00e9s \u00e1thelyezhet\u0151.<br \/>\n&#8211; Az egym\u00e1sba tekercselt fav\u00e9d\u0151k sz\u00e9tv\u00e1laszt\u00e1s\u00e1t hosszir\u00e1ny\u00fa sz\u00e9th\u00faz\u00e1ssal aj\u00e1nljuk.<br \/>\n&#8211; + 3 \u00b0C alatti felhelyez\u00e9s nem aj\u00e1nlott!<br \/>\n&#8211; Nincs sz\u00fcks\u00e9g k\u00f6t\u00f6z\u00e9sre, karbantart\u00e1sra.<br \/>\n&#8211; UV \u00e1ll\u00f3, \u00edgy a napsug\u00e1rz\u00e1snak \u00e9s az id\u0151j\u00e1r\u00e1s viszontags\u00e1gainak is ellen\u00e1ll.<\/p>","protected":false},"featured_media":15939,"template":"","meta":{"_et_pb_use_builder":"","_et_pb_old_content":"","_et_gb_content_width":""},"product_brand":[],"product_cat":[1539],"product_tag":[4214,4216,4213,4215],"class_list":{"0":"post-15935","1":"product","2":"type-product","3":"status-publish","4":"has-post-thumbnail","6":"product_cat-kellekek","7":"product_tag-facsemete","8":"product_tag-nortene-treex","9":"product_tag-nortene-treex-flexguard","10":"product_tag-vedoracs","12":"first","13":"instock","14":"shipping-taxable","15":"purchasable","16":"product-type-simple"},"yoast_head":"<!-- This site is optimized with the Yoast SEO plugin v27.4 - https:\/\/yoast.com\/product\/yoast-seo-wordpress\/ -->\n<title>Nortene Treex Flexguard Facsemete v\u00e9d\u0151r\u00e1cs - T\u00e1jkert\u00e9sz<\/title>\n<meta name=\"description\" content=\"A\u00a0 Nortene Treex Flexguard Facsemete v\u00e9d\u0151r\u00e1cs egy t\u00f6k\u00e9letes\u00a0 megold\u00e1s ha \u00f3vni szeretn\u00e9 a facsemet\u00e9it a vadr\u00e1g\u00e1st\u00f3l! M\u00e9rete: 11cm \u00e1tm\u00e9r\u0151j\u0171 \u00e9s 80 cm magas.\" \/>\n<meta name=\"robots\" content=\"index, follow, max-snippet:-1, max-image-preview:large, max-video-preview:-1\" \/>\n<link rel=\"canonical\" href=\"https:\/\/tajkertesz.com\/en_US\/product\/nortene-treex-flexguard-facsemete-vedoracs\/\" \/>\n<meta property=\"og:locale\" content=\"en_US\" \/>\n<meta property=\"og:type\" content=\"article\" \/>\n<meta property=\"og:title\" content=\"Nortene Treex Flexguard Facsemete v\u00e9d\u0151r\u00e1cs - T\u00e1jkert\u00e9sz\" \/>\n<meta property=\"og:description\" content=\"A\u00a0 Nortene Treex Flexguard Facsemete v\u00e9d\u0151r\u00e1cs egy t\u00f6k\u00e9letes\u00a0 megold\u00e1s ha \u00f3vni szeretn\u00e9 a facsemet\u00e9it a vadr\u00e1g\u00e1st\u00f3l! M\u00e9rete: 11cm \u00e1tm\u00e9r\u0151j\u0171 \u00e9s 80 cm magas.\" \/>\n<meta property=\"og:url\" content=\"https:\/\/tajkertesz.com\/en_US\/product\/nortene-treex-flexguard-facsemete-vedoracs\/\" \/>\n<meta property=\"og:site_name\" content=\"T\u00e1jkert\u00e9sz\" \/>\n<meta property=\"article:publisher\" content=\"https:\/\/www.facebook.com\/Tajkertesz\/\" \/>\n<meta property=\"article:modified_time\" content=\"2024-02-13T13:38:04+00:00\" \/>\n<meta property=\"og:image\" content=\"https:\/\/tajkertesz.com\/wp-content\/uploads\/2023\/06\/fatorzsvedo-halo.jpg\" \/>\n\t<meta property=\"og:image:width\" content=\"478\" \/>\n\t<meta property=\"og:image:height\" content=\"430\" \/>\n\t<meta property=\"og:image:type\" content=\"image\/jpeg\" \/>\n<meta name=\"twitter:card\" content=\"summary_large_image\" \/>\n<meta name=\"twitter:label1\" content=\"Est. reading time\" \/>\n\t<meta name=\"twitter:data1\" content=\"2 minutes\" \/>\n<script type=\"application\/ld+json\" class=\"yoast-schema-graph\">{\"@context\":\"https:\\\/\\\/schema.org\",\"@graph\":[{\"@type\":\"WebPage\",\"@id\":\"https:\\\/\\\/tajkertesz.com\\\/termek\\\/nortene-treex-flexguard-facsemete-vedoracs\\\/\",\"url\":\"https:\\\/\\\/tajkertesz.com\\\/termek\\\/nortene-treex-flexguard-facsemete-vedoracs\\\/\",\"name\":\"Nortene Treex Flexguard Facsemete v\u00e9d\u0151r\u00e1cs - T\u00e1jkert\u00e9sz\",\"isPartOf\":{\"@id\":\"https:\\\/\\\/tajkertesz.com\\\/#website\"},\"primaryImageOfPage\":{\"@id\":\"https:\\\/\\\/tajkertesz.com\\\/termek\\\/nortene-treex-flexguard-facsemete-vedoracs\\\/#primaryimage\"},\"image\":{\"@id\":\"https:\\\/\\\/tajkertesz.com\\\/termek\\\/nortene-treex-flexguard-facsemete-vedoracs\\\/#primaryimage\"},\"thumbnailUrl\":\"https:\\\/\\\/tajkertesz.com\\\/wp-content\\\/uploads\\\/2023\\\/06\\\/fatorzsvedo-halo.jpg\",\"datePublished\":\"2023-06-29T13:19:16+00:00\",\"dateModified\":\"2024-02-13T13:38:04+00:00\",\"description\":\"A\u00a0 Nortene Treex Flexguard Facsemete v\u00e9d\u0151r\u00e1cs egy t\u00f6k\u00e9letes\u00a0 megold\u00e1s ha \u00f3vni szeretn\u00e9 a facsemet\u00e9it a vadr\u00e1g\u00e1st\u00f3l! M\u00e9rete: 11cm \u00e1tm\u00e9r\u0151j\u0171 \u00e9s 80 cm magas.\",\"breadcrumb\":{\"@id\":\"https:\\\/\\\/tajkertesz.com\\\/termek\\\/nortene-treex-flexguard-facsemete-vedoracs\\\/#breadcrumb\"},\"inLanguage\":\"en-US\",\"potentialAction\":[{\"@type\":\"ReadAction\",\"target\":[\"https:\\\/\\\/tajkertesz.com\\\/termek\\\/nortene-treex-flexguard-facsemete-vedoracs\\\/\"]}]},{\"@type\":\"ImageObject\",\"inLanguage\":\"en-US\",\"@id\":\"https:\\\/\\\/tajkertesz.com\\\/termek\\\/nortene-treex-flexguard-facsemete-vedoracs\\\/#primaryimage\",\"url\":\"https:\\\/\\\/tajkertesz.com\\\/wp-content\\\/uploads\\\/2023\\\/06\\\/fatorzsvedo-halo.jpg\",\"contentUrl\":\"https:\\\/\\\/tajkertesz.com\\\/wp-content\\\/uploads\\\/2023\\\/06\\\/fatorzsvedo-halo.jpg\",\"width\":478,\"height\":430},{\"@type\":\"BreadcrumbList\",\"@id\":\"https:\\\/\\\/tajkertesz.com\\\/termek\\\/nortene-treex-flexguard-facsemete-vedoracs\\\/#breadcrumb\",\"itemListElement\":[{\"@type\":\"ListItem\",\"position\":1,\"name\":\"Home\",\"item\":\"https:\\\/\\\/tajkertesz.com\\\/\"},{\"@type\":\"ListItem\",\"position\":2,\"name\":\"Kezd\u0151lap\",\"item\":\"https:\\\/\\\/tajkertesz.com\\\/\"},{\"@type\":\"ListItem\",\"position\":3,\"name\":\"Nortene Treex Flexguard Facsemete v\u00e9d\u0151r\u00e1cs\"}]},{\"@type\":\"WebSite\",\"@id\":\"https:\\\/\\\/tajkertesz.com\\\/#website\",\"url\":\"https:\\\/\\\/tajkertesz.com\\\/\",\"name\":\"T\u00e1j-Kert\u00e9sz 84 Kft.\",\"description\":\"Kert\u00e9szeti kis- \u00e9s nagykeresked\u00e9s, D\u00edszn\u00f6v\u00e9ny web\u00e1ruh\u00e1z orsz\u00e1gos h\u00e1zhozsz\u00e1ll\u00edt\u00e1ssal!\",\"publisher\":{\"@id\":\"https:\\\/\\\/tajkertesz.com\\\/#organization\"},\"potentialAction\":[{\"@type\":\"SearchAction\",\"target\":{\"@type\":\"EntryPoint\",\"urlTemplate\":\"https:\\\/\\\/tajkertesz.com\\\/?s={search_term_string}\"},\"query-input\":{\"@type\":\"PropertyValueSpecification\",\"valueRequired\":true,\"valueName\":\"search_term_string\"}}],\"inLanguage\":\"en-US\"},{\"@type\":\"Organization\",\"@id\":\"https:\\\/\\\/tajkertesz.com\\\/#organization\",\"name\":\"T\u00e1j-Kert\u00e9sz 84 Kft.\",\"url\":\"https:\\\/\\\/tajkertesz.com\\\/\",\"logo\":{\"@type\":\"ImageObject\",\"inLanguage\":\"en-US\",\"@id\":\"https:\\\/\\\/tajkertesz.com\\\/#\\\/schema\\\/logo\\\/image\\\/\",\"url\":\"https:\\\/\\\/tajkertesz.com\\\/wp-content\\\/uploads\\\/2018\\\/02\\\/logo-2-e1518678052539.png\",\"contentUrl\":\"https:\\\/\\\/tajkertesz.com\\\/wp-content\\\/uploads\\\/2018\\\/02\\\/logo-2-e1518678052539.png\",\"width\":81,\"height\":140,\"caption\":\"T\u00e1j-Kert\u00e9sz 84 Kft.\"},\"image\":{\"@id\":\"https:\\\/\\\/tajkertesz.com\\\/#\\\/schema\\\/logo\\\/image\\\/\"},\"sameAs\":[\"https:\\\/\\\/www.facebook.com\\\/Tajkertesz\\\/\"]}]}<\/script>\n<!-- \/ Yoast SEO plugin. -->","yoast_head_json":{"title":"Nortene Treex Flexguard Facsemete v\u00e9d\u0151r\u00e1cs - T\u00e1jkert\u00e9sz","description":"A\u00a0 Nortene Treex Flexguard Facsemete v\u00e9d\u0151r\u00e1cs egy t\u00f6k\u00e9letes\u00a0 megold\u00e1s ha \u00f3vni szeretn\u00e9 a facsemet\u00e9it a vadr\u00e1g\u00e1st\u00f3l! M\u00e9rete: 11cm \u00e1tm\u00e9r\u0151j\u0171 \u00e9s 80 cm magas.","robots":{"index":"index","follow":"follow","max-snippet":"max-snippet:-1","max-image-preview":"max-image-preview:large","max-video-preview":"max-video-preview:-1"},"canonical":"https:\/\/tajkertesz.com\/en_US\/product\/nortene-treex-flexguard-facsemete-vedoracs\/","og_locale":"en_US","og_type":"article","og_title":"Nortene Treex Flexguard Facsemete v\u00e9d\u0151r\u00e1cs - T\u00e1jkert\u00e9sz","og_description":"A\u00a0 Nortene Treex Flexguard Facsemete v\u00e9d\u0151r\u00e1cs egy t\u00f6k\u00e9letes\u00a0 megold\u00e1s ha \u00f3vni szeretn\u00e9 a facsemet\u00e9it a vadr\u00e1g\u00e1st\u00f3l! M\u00e9rete: 11cm \u00e1tm\u00e9r\u0151j\u0171 \u00e9s 80 cm magas.","og_url":"https:\/\/tajkertesz.com\/en_US\/product\/nortene-treex-flexguard-facsemete-vedoracs\/","og_site_name":"T\u00e1jkert\u00e9sz","article_publisher":"https:\/\/www.facebook.com\/Tajkertesz\/","article_modified_time":"2024-02-13T13:38:04+00:00","og_image":[{"width":478,"height":430,"url":"https:\/\/tajkertesz.com\/wp-content\/uploads\/2023\/06\/fatorzsvedo-halo.jpg","type":"image\/jpeg"}],"twitter_card":"summary_large_image","twitter_misc":{"Est. reading time":"2 minutes"},"schema":{"@context":"https:\/\/schema.org","@graph":[{"@type":"WebPage","@id":"https:\/\/tajkertesz.com\/termek\/nortene-treex-flexguard-facsemete-vedoracs\/","url":"https:\/\/tajkertesz.com\/termek\/nortene-treex-flexguard-facsemete-vedoracs\/","name":"Nortene Treex Flexguard Facsemete v\u00e9d\u0151r\u00e1cs - T\u00e1jkert\u00e9sz","isPartOf":{"@id":"https:\/\/tajkertesz.com\/#website"},"primaryImageOfPage":{"@id":"https:\/\/tajkertesz.com\/termek\/nortene-treex-flexguard-facsemete-vedoracs\/#primaryimage"},"image":{"@id":"https:\/\/tajkertesz.com\/termek\/nortene-treex-flexguard-facsemete-vedoracs\/#primaryimage"},"thumbnailUrl":"https:\/\/tajkertesz.com\/wp-content\/uploads\/2023\/06\/fatorzsvedo-halo.jpg","datePublished":"2023-06-29T13:19:16+00:00","dateModified":"2024-02-13T13:38:04+00:00","description":"A\u00a0 Nortene Treex Flexguard Facsemete v\u00e9d\u0151r\u00e1cs egy t\u00f6k\u00e9letes\u00a0 megold\u00e1s ha \u00f3vni szeretn\u00e9 a facsemet\u00e9it a vadr\u00e1g\u00e1st\u00f3l! M\u00e9rete: 11cm \u00e1tm\u00e9r\u0151j\u0171 \u00e9s 80 cm magas.","breadcrumb":{"@id":"https:\/\/tajkertesz.com\/termek\/nortene-treex-flexguard-facsemete-vedoracs\/#breadcrumb"},"inLanguage":"en-US","potentialAction":[{"@type":"ReadAction","target":["https:\/\/tajkertesz.com\/termek\/nortene-treex-flexguard-facsemete-vedoracs\/"]}]},{"@type":"ImageObject","inLanguage":"en-US","@id":"https:\/\/tajkertesz.com\/termek\/nortene-treex-flexguard-facsemete-vedoracs\/#primaryimage","url":"https:\/\/tajkertesz.com\/wp-content\/uploads\/2023\/06\/fatorzsvedo-halo.jpg","contentUrl":"https:\/\/tajkertesz.com\/wp-content\/uploads\/2023\/06\/fatorzsvedo-halo.jpg","width":478,"height":430},{"@type":"BreadcrumbList","@id":"https:\/\/tajkertesz.com\/termek\/nortene-treex-flexguard-facsemete-vedoracs\/#breadcrumb","itemListElement":[{"@type":"ListItem","position":1,"name":"Home","item":"https:\/\/tajkertesz.com\/"},{"@type":"ListItem","position":2,"name":"Kezd\u0151lap","item":"https:\/\/tajkertesz.com\/"},{"@type":"ListItem","position":3,"name":"Nortene Treex Flexguard Facsemete v\u00e9d\u0151r\u00e1cs"}]},{"@type":"WebSite","@id":"https:\/\/tajkertesz.com\/#website","url":"https:\/\/tajkertesz.com\/","name":"T\u00e1j-Kert\u00e9sz 84 Kft.","description":"Kert\u00e9szeti kis- \u00e9s nagykeresked\u00e9s, D\u00edszn\u00f6v\u00e9ny web\u00e1ruh\u00e1z orsz\u00e1gos h\u00e1zhozsz\u00e1ll\u00edt\u00e1ssal!","publisher":{"@id":"https:\/\/tajkertesz.com\/#organization"},"potentialAction":[{"@type":"SearchAction","target":{"@type":"EntryPoint","urlTemplate":"https:\/\/tajkertesz.com\/?s={search_term_string}"},"query-input":{"@type":"PropertyValueSpecification","valueRequired":true,"valueName":"search_term_string"}}],"inLanguage":"en-US"},{"@type":"Organization","@id":"https:\/\/tajkertesz.com\/#organization","name":"T\u00e1j-Kert\u00e9sz 84 Kft.","url":"https:\/\/tajkertesz.com\/","logo":{"@type":"ImageObject","inLanguage":"en-US","@id":"https:\/\/tajkertesz.com\/#\/schema\/logo\/image\/","url":"https:\/\/tajkertesz.com\/wp-content\/uploads\/2018\/02\/logo-2-e1518678052539.png","contentUrl":"https:\/\/tajkertesz.com\/wp-content\/uploads\/2018\/02\/logo-2-e1518678052539.png","width":81,"height":140,"caption":"T\u00e1j-Kert\u00e9sz 84 Kft."},"image":{"@id":"https:\/\/tajkertesz.com\/#\/schema\/logo\/image\/"},"sameAs":["https:\/\/www.facebook.com\/Tajkertesz\/"]}]}},"_links":{"self":[{"href":"https:\/\/tajkertesz.com\/en_US\/wp-json\/wp\/v2\/product\/15935","targetHints":{"allow":["GET"]}}],"collection":[{"href":"https:\/\/tajkertesz.com\/en_US\/wp-json\/wp\/v2\/product"}],"about":[{"href":"https:\/\/tajkertesz.com\/en_US\/wp-json\/wp\/v2\/types\/product"}],"wp:featuredmedia":[{"embeddable":true,"href":"https:\/\/tajkertesz.com\/en_US\/wp-json\/wp\/v2\/media\/15939"}],"wp:attachment":[{"href":"https:\/\/tajkertesz.com\/en_US\/wp-json\/wp\/v2\/media?parent=15935"}],"wp:term":[{"taxonomy":"product_brand","embeddable":true,"href":"https:\/\/tajkertesz.com\/en_US\/wp-json\/wp\/v2\/product_brand?post=15935"},{"taxonomy":"product_cat","embeddable":true,"href":"https:\/\/tajkertesz.com\/en_US\/wp-json\/wp\/v2\/product_cat?post=15935"},{"taxonomy":"product_tag","embeddable":true,"href":"https:\/\/tajkertesz.com\/en_US\/wp-json\/wp\/v2\/product_tag?post=15935"}],"curies":[{"name":"wp","href":"https:\/\/api.w.org\/{rel}","templated":true}]}}