{"id":15952,"date":"2023-07-02T06:48:23","date_gmt":"2023-07-02T06:48:23","guid":{"rendered":"https:\/\/tajkertesz.com\/?post_type=product&#038;p=15952"},"modified":"2026-02-24T10:14:30","modified_gmt":"2026-02-24T10:14:30","slug":"chamaecyparis-obusta-nana-gracilis","status":"publish","type":"product","link":"https:\/\/tajkertesz.com\/en_US\/product\/chamaecyparis-obusta-nana-gracilis\/","title":{"rendered":"Chamaecyparis obusta &#8216;Nana Gracilis&#8217; &#8211; Kagyl\u00f3ciprus"},"content":{"rendered":"<p>Chamaecyparis obusta &#8216;Nana Gracilis&#8217; &#8211; Kagyl\u00f3ciprus<\/p>\n<p>A Chamaecyparis obtusa Nana Gracilis , T\u00f6rpe kagyl\u00f3ciprus vagy m\u00e1s n\u00e9ven hinoki \u00e1lciprus k\u00fcl\u00f6nlegess\u00e9ge ,hogy form\u00e1ja teljesen amorf, tal\u00e1n k\u00e9t egyforma nem is l\u00e9tezik bel\u0151le. Nev\u00e9t a kagyl\u00f3 szer\u0171en \u00e1ll\u00f3 hajt\u00e1sair\u00f3l kapta. Haragos z\u00f6ld sz\u00edn\u0171 pikkelyes level\u0171 \u00f6r\u00f6kz\u00f6ld.<\/p>\n<p>Nagyon lassan n\u0151 ez\u00e9rt sz\u00edvesen aj\u00e1nljuk sziklakertekbe, el\u0151kertekbe illetve oda ahol fontos szempont ,hogy\u00a0 ne n\u0151je ki a hely\u00e9t.<\/p>\n<p>Kifejlett magass\u00e1ga 1-1,2m.<\/p>\n<p>Apr\u00f3 termete miatt els\u0151sorban sziklakertbe val\u00f3.<\/p>\n<p>Ez a n\u00f6v\u00e9ny viszonylag alacsony marad, \u00edgy ide\u00e1lis lehet a kert k\u00f6z\u00e9ppontj\u00e1ban vagy ak\u00e1r egy kerti \u00f6sv\u00e9ny ment\u00e9n is. A \u2018Nana Gracilis\u2019 k\u00f6nnyen kezelhet\u0151 \u00e9s j\u00f3l t\u0171ri az \u00e1rny\u00e9kos vagy f\u00e9lig \u00e1rny\u00e9kos k\u00f6r\u00fclm\u00e9nyeket is.<\/p>\n<p>Fontos, hogy rendszeresen \u00f6nt\u00f6zz\u00fck a n\u00f6v\u00e9nyt, k\u00fcl\u00f6n\u00f6sen a forr\u00f3 ny\u00e1ri h\u00f3napokban. Tov\u00e1bb\u00e1 \u00e9rdemes id\u0151r\u0151l id\u0151re metszeni is, hogy meg\u0151rizz\u00fck a k\u00edv\u00e1nt alakj\u00e1t \u00e9s s\u0171r\u0171s\u00e9g\u00e9t.<\/p>\n<p><strong>Gondoz\u00e1sa<\/strong>: Ny\u00edr\u00e1s\u00e1t m\u00e1jus v\u00e9g\u00e9n \u00e9s szeptemberben v\u00e9gezz\u00fck. Els\u0151 \u00e9vekben t\u00f6v\u00e9nek gyommentesen tart\u00e1sa gyorsabb n\u00f6veked\u00e9st eredm\u00e9nyez.<\/p>\n<p>Laza, nedves talajt ig\u00e9nyel mely lehet\u0151leg savas vagy enyh\u00e9n l\u00fagos.<\/p>\n<p>Az rendszeres \u00f6nt\u00f6z\u00e9st \u00e9s a t\u00e1panyagut\u00e1np\u00f3tl\u00e1st megh\u00e1l\u00e1lja.<\/p>\n<p>Kiszerel\u00e9se: kont\u00e9neres<\/p>\n<p>Hidegt\u0171r\u0151 k\u00e9pess\u00e9ge: -15c.<\/p>\n<p>Sz\u00e9less\u00e9ge: 70\/90cm<\/p>\n<p>&nbsp;<\/p>\n<p>El\u00e9rhet\u0151 t\u00f6bbf\u00e9le m\u00e9retben \u00e9s \u00e1rban.<\/p>\n<p><strong>K\u00e9szlet\u00fcnk napi szinten v\u00e1ltozik, ez\u00e9rt k\u00e9rj\u00fck, \u00e9rdekl\u0151dj\u00f6n szem\u00e9lyesen, telefonon vagy email-en.<br \/>\nA v\u00e1ltoztat\u00e1s jog\u00e1t fenntartjuk!\u00a0<\/strong><\/p>\n<p><a href=\"https:\/\/tajkertesz.com\/\">https:\/\/tajkertesz.com\/<\/a><\/p>\n<p><a href=\"https:\/\/www.facebook.com\/tajkertesz\/\">https:\/\/www.facebook.com\/tajkertesz\/<\/a><\/p>\n<p>Kisz\u00e1ll\u00edt\u00e1s: 200cm-ig \u00a0\u00e9s 40 kg-ig a sz\u00e1ll\u00edt\u00e1s fut\u00e1rszolg\u00e1lattal \u00a0t\u00f6rt\u00e9nik.<\/p>\n<p>Szem\u00e9lyes \u00e1tv\u00e9tel nyitvatart\u00e1si id\u0151ben a 17. ker\u00fclet Bakancsos utca 7. sz\u00e1m alatti Kert\u00e9szeti \u00e1ruh\u00e1zunkban.<\/p>","protected":false},"excerpt":{"rendered":"<p>Kifejlett magass\u00e1ga 1-1,2m.<\/p>\n<p>Apr\u00f3 termete miatt els\u0151sorban sziklakertbe val\u00f3.<\/p>\n<p>Ez a n\u00f6v\u00e9ny viszonylag alacsony marad, \u00edgy ide\u00e1lis lehet a kert k\u00f6z\u00e9ppontj\u00e1ban vagy ak\u00e1r egy kerti \u00f6sv\u00e9ny ment\u00e9n is.<\/p>\n<p>Kont\u00e9ner m\u00e9rete: 9L.<\/p>\n<p>N\u00f6v\u00e9ny magass\u00e1ga: 40\/50cm<\/p>\n<p>&nbsp;<\/p>","protected":false},"featured_media":15955,"template":"","meta":{"_et_pb_use_builder":"","_et_pb_old_content":"","_et_gb_content_width":""},"product_brand":[],"product_cat":[26],"product_tag":[4217,917,786,24,783],"class_list":{"0":"post-15952","1":"product","2":"type-product","3":"status-publish","4":"has-post-thumbnail","6":"product_cat-orokzold-novenyek","7":"product_tag-chamaecyparis-obusta-nana-gracilis","8":"product_tag-ciprus","9":"product_tag-hinoki-alciprus","10":"product_tag-orokzold","11":"product_tag-torpe-kagylociprus","13":"first","14":"instock","15":"shipping-taxable","16":"purchasable","17":"product-type-simple"},"yoast_head":"<!-- This site is optimized with the Yoast SEO plugin v27.5 - https:\/\/yoast.com\/product\/yoast-seo-wordpress\/ -->\n<title>Chamaecyparis obusta &#039;Nana Gracilis&#039; - Kagyl\u00f3ciprus - T\u00e1jkert\u00e9sz<\/title>\n<meta name=\"description\" content=\"Chamaecyparis obusta &#039;Nana Gracilis&#039; - Kagyl\u00f3ciprus. Nev\u00e9t a kagyl\u00f3 szer\u0171en \u00e1ll\u00f3 hajt\u00e1sair\u00f3l kapta. Haragos z\u00f6ld sz\u00edn\u0171 pikkelyes level\u0171 \u00f6r\u00f6kz\u00f6ld.\" \/>\n<meta name=\"robots\" content=\"index, follow, max-snippet:-1, max-image-preview:large, max-video-preview:-1\" \/>\n<link rel=\"canonical\" href=\"https:\/\/tajkertesz.com\/en_US\/product\/chamaecyparis-obusta-nana-gracilis\/\" \/>\n<meta property=\"og:locale\" content=\"en_US\" \/>\n<meta property=\"og:type\" content=\"article\" \/>\n<meta property=\"og:title\" content=\"Chamaecyparis obusta &#039;Nana Gracilis&#039; - Kagyl\u00f3ciprus - T\u00e1jkert\u00e9sz\" \/>\n<meta property=\"og:description\" content=\"Chamaecyparis obusta &#039;Nana Gracilis&#039; - Kagyl\u00f3ciprus. Nev\u00e9t a kagyl\u00f3 szer\u0171en \u00e1ll\u00f3 hajt\u00e1sair\u00f3l kapta. Haragos z\u00f6ld sz\u00edn\u0171 pikkelyes level\u0171 \u00f6r\u00f6kz\u00f6ld.\" \/>\n<meta property=\"og:url\" content=\"https:\/\/tajkertesz.com\/en_US\/product\/chamaecyparis-obusta-nana-gracilis\/\" \/>\n<meta property=\"og:site_name\" content=\"T\u00e1jkert\u00e9sz\" \/>\n<meta property=\"article:publisher\" content=\"https:\/\/www.facebook.com\/Tajkertesz\/\" \/>\n<meta property=\"article:modified_time\" content=\"2026-02-24T10:14:30+00:00\" \/>\n<meta property=\"og:image\" content=\"https:\/\/tajkertesz.com\/wp-content\/uploads\/2023\/07\/dfdff.jpg\" \/>\n\t<meta property=\"og:image:width\" content=\"280\" \/>\n\t<meta property=\"og:image:height\" content=\"444\" \/>\n\t<meta property=\"og:image:type\" content=\"image\/jpeg\" \/>\n<meta name=\"twitter:card\" content=\"summary_large_image\" \/>\n<meta name=\"twitter:label1\" content=\"Est. reading time\" \/>\n\t<meta name=\"twitter:data1\" content=\"2 minutes\" \/>\n<script type=\"application\/ld+json\" class=\"yoast-schema-graph\">{\"@context\":\"https:\\\/\\\/schema.org\",\"@graph\":[{\"@type\":\"WebPage\",\"@id\":\"https:\\\/\\\/tajkertesz.com\\\/termek\\\/chamaecyparis-obusta-nana-gracilis\\\/\",\"url\":\"https:\\\/\\\/tajkertesz.com\\\/termek\\\/chamaecyparis-obusta-nana-gracilis\\\/\",\"name\":\"Chamaecyparis obusta 'Nana Gracilis' - Kagyl\u00f3ciprus - T\u00e1jkert\u00e9sz\",\"isPartOf\":{\"@id\":\"https:\\\/\\\/tajkertesz.com\\\/#website\"},\"primaryImageOfPage\":{\"@id\":\"https:\\\/\\\/tajkertesz.com\\\/termek\\\/chamaecyparis-obusta-nana-gracilis\\\/#primaryimage\"},\"image\":{\"@id\":\"https:\\\/\\\/tajkertesz.com\\\/termek\\\/chamaecyparis-obusta-nana-gracilis\\\/#primaryimage\"},\"thumbnailUrl\":\"https:\\\/\\\/tajkertesz.com\\\/wp-content\\\/uploads\\\/2023\\\/07\\\/dfdff.jpg\",\"datePublished\":\"2023-07-02T06:48:23+00:00\",\"dateModified\":\"2026-02-24T10:14:30+00:00\",\"description\":\"Chamaecyparis obusta 'Nana Gracilis' - Kagyl\u00f3ciprus. Nev\u00e9t a kagyl\u00f3 szer\u0171en \u00e1ll\u00f3 hajt\u00e1sair\u00f3l kapta. Haragos z\u00f6ld sz\u00edn\u0171 pikkelyes level\u0171 \u00f6r\u00f6kz\u00f6ld.\",\"breadcrumb\":{\"@id\":\"https:\\\/\\\/tajkertesz.com\\\/termek\\\/chamaecyparis-obusta-nana-gracilis\\\/#breadcrumb\"},\"inLanguage\":\"en-US\",\"potentialAction\":[{\"@type\":\"ReadAction\",\"target\":[\"https:\\\/\\\/tajkertesz.com\\\/termek\\\/chamaecyparis-obusta-nana-gracilis\\\/\"]}]},{\"@type\":\"ImageObject\",\"inLanguage\":\"en-US\",\"@id\":\"https:\\\/\\\/tajkertesz.com\\\/termek\\\/chamaecyparis-obusta-nana-gracilis\\\/#primaryimage\",\"url\":\"https:\\\/\\\/tajkertesz.com\\\/wp-content\\\/uploads\\\/2023\\\/07\\\/dfdff.jpg\",\"contentUrl\":\"https:\\\/\\\/tajkertesz.com\\\/wp-content\\\/uploads\\\/2023\\\/07\\\/dfdff.jpg\",\"width\":280,\"height\":444},{\"@type\":\"BreadcrumbList\",\"@id\":\"https:\\\/\\\/tajkertesz.com\\\/termek\\\/chamaecyparis-obusta-nana-gracilis\\\/#breadcrumb\",\"itemListElement\":[{\"@type\":\"ListItem\",\"position\":1,\"name\":\"Home\",\"item\":\"https:\\\/\\\/tajkertesz.com\\\/\"},{\"@type\":\"ListItem\",\"position\":2,\"name\":\"Kezd\u0151lap\",\"item\":\"https:\\\/\\\/tajkertesz.com\\\/\"},{\"@type\":\"ListItem\",\"position\":3,\"name\":\"Chamaecyparis obusta &#8216;Nana Gracilis&#8217; &#8211; Kagyl\u00f3ciprus\"}]},{\"@type\":\"WebSite\",\"@id\":\"https:\\\/\\\/tajkertesz.com\\\/#website\",\"url\":\"https:\\\/\\\/tajkertesz.com\\\/\",\"name\":\"T\u00e1j-Kert\u00e9sz 84 Kft.\",\"description\":\"Kert\u00e9szeti kis- \u00e9s nagykeresked\u00e9s, D\u00edszn\u00f6v\u00e9ny web\u00e1ruh\u00e1z orsz\u00e1gos h\u00e1zhozsz\u00e1ll\u00edt\u00e1ssal!\",\"publisher\":{\"@id\":\"https:\\\/\\\/tajkertesz.com\\\/#organization\"},\"potentialAction\":[{\"@type\":\"SearchAction\",\"target\":{\"@type\":\"EntryPoint\",\"urlTemplate\":\"https:\\\/\\\/tajkertesz.com\\\/?s={search_term_string}\"},\"query-input\":{\"@type\":\"PropertyValueSpecification\",\"valueRequired\":true,\"valueName\":\"search_term_string\"}}],\"inLanguage\":\"en-US\"},{\"@type\":\"Organization\",\"@id\":\"https:\\\/\\\/tajkertesz.com\\\/#organization\",\"name\":\"T\u00e1j-Kert\u00e9sz 84 Kft.\",\"url\":\"https:\\\/\\\/tajkertesz.com\\\/\",\"logo\":{\"@type\":\"ImageObject\",\"inLanguage\":\"en-US\",\"@id\":\"https:\\\/\\\/tajkertesz.com\\\/#\\\/schema\\\/logo\\\/image\\\/\",\"url\":\"https:\\\/\\\/tajkertesz.com\\\/wp-content\\\/uploads\\\/2018\\\/02\\\/logo-2-e1518678052539.png\",\"contentUrl\":\"https:\\\/\\\/tajkertesz.com\\\/wp-content\\\/uploads\\\/2018\\\/02\\\/logo-2-e1518678052539.png\",\"width\":81,\"height\":140,\"caption\":\"T\u00e1j-Kert\u00e9sz 84 Kft.\"},\"image\":{\"@id\":\"https:\\\/\\\/tajkertesz.com\\\/#\\\/schema\\\/logo\\\/image\\\/\"},\"sameAs\":[\"https:\\\/\\\/www.facebook.com\\\/Tajkertesz\\\/\"]}]}<\/script>\n<!-- \/ Yoast SEO plugin. -->","yoast_head_json":{"title":"Chamaecyparis obusta 'Nana Gracilis' - Kagyl\u00f3ciprus - T\u00e1jkert\u00e9sz","description":"Chamaecyparis obusta 'Nana Gracilis' - Kagyl\u00f3ciprus. Nev\u00e9t a kagyl\u00f3 szer\u0171en \u00e1ll\u00f3 hajt\u00e1sair\u00f3l kapta. Haragos z\u00f6ld sz\u00edn\u0171 pikkelyes level\u0171 \u00f6r\u00f6kz\u00f6ld.","robots":{"index":"index","follow":"follow","max-snippet":"max-snippet:-1","max-image-preview":"max-image-preview:large","max-video-preview":"max-video-preview:-1"},"canonical":"https:\/\/tajkertesz.com\/en_US\/product\/chamaecyparis-obusta-nana-gracilis\/","og_locale":"en_US","og_type":"article","og_title":"Chamaecyparis obusta 'Nana Gracilis' - Kagyl\u00f3ciprus - T\u00e1jkert\u00e9sz","og_description":"Chamaecyparis obusta 'Nana Gracilis' - Kagyl\u00f3ciprus. Nev\u00e9t a kagyl\u00f3 szer\u0171en \u00e1ll\u00f3 hajt\u00e1sair\u00f3l kapta. Haragos z\u00f6ld sz\u00edn\u0171 pikkelyes level\u0171 \u00f6r\u00f6kz\u00f6ld.","og_url":"https:\/\/tajkertesz.com\/en_US\/product\/chamaecyparis-obusta-nana-gracilis\/","og_site_name":"T\u00e1jkert\u00e9sz","article_publisher":"https:\/\/www.facebook.com\/Tajkertesz\/","article_modified_time":"2026-02-24T10:14:30+00:00","og_image":[{"width":280,"height":444,"url":"https:\/\/tajkertesz.com\/wp-content\/uploads\/2023\/07\/dfdff.jpg","type":"image\/jpeg"}],"twitter_card":"summary_large_image","twitter_misc":{"Est. reading time":"2 minutes"},"schema":{"@context":"https:\/\/schema.org","@graph":[{"@type":"WebPage","@id":"https:\/\/tajkertesz.com\/termek\/chamaecyparis-obusta-nana-gracilis\/","url":"https:\/\/tajkertesz.com\/termek\/chamaecyparis-obusta-nana-gracilis\/","name":"Chamaecyparis obusta 'Nana Gracilis' - Kagyl\u00f3ciprus - T\u00e1jkert\u00e9sz","isPartOf":{"@id":"https:\/\/tajkertesz.com\/#website"},"primaryImageOfPage":{"@id":"https:\/\/tajkertesz.com\/termek\/chamaecyparis-obusta-nana-gracilis\/#primaryimage"},"image":{"@id":"https:\/\/tajkertesz.com\/termek\/chamaecyparis-obusta-nana-gracilis\/#primaryimage"},"thumbnailUrl":"https:\/\/tajkertesz.com\/wp-content\/uploads\/2023\/07\/dfdff.jpg","datePublished":"2023-07-02T06:48:23+00:00","dateModified":"2026-02-24T10:14:30+00:00","description":"Chamaecyparis obusta 'Nana Gracilis' - Kagyl\u00f3ciprus. Nev\u00e9t a kagyl\u00f3 szer\u0171en \u00e1ll\u00f3 hajt\u00e1sair\u00f3l kapta. Haragos z\u00f6ld sz\u00edn\u0171 pikkelyes level\u0171 \u00f6r\u00f6kz\u00f6ld.","breadcrumb":{"@id":"https:\/\/tajkertesz.com\/termek\/chamaecyparis-obusta-nana-gracilis\/#breadcrumb"},"inLanguage":"en-US","potentialAction":[{"@type":"ReadAction","target":["https:\/\/tajkertesz.com\/termek\/chamaecyparis-obusta-nana-gracilis\/"]}]},{"@type":"ImageObject","inLanguage":"en-US","@id":"https:\/\/tajkertesz.com\/termek\/chamaecyparis-obusta-nana-gracilis\/#primaryimage","url":"https:\/\/tajkertesz.com\/wp-content\/uploads\/2023\/07\/dfdff.jpg","contentUrl":"https:\/\/tajkertesz.com\/wp-content\/uploads\/2023\/07\/dfdff.jpg","width":280,"height":444},{"@type":"BreadcrumbList","@id":"https:\/\/tajkertesz.com\/termek\/chamaecyparis-obusta-nana-gracilis\/#breadcrumb","itemListElement":[{"@type":"ListItem","position":1,"name":"Home","item":"https:\/\/tajkertesz.com\/"},{"@type":"ListItem","position":2,"name":"Kezd\u0151lap","item":"https:\/\/tajkertesz.com\/"},{"@type":"ListItem","position":3,"name":"Chamaecyparis obusta &#8216;Nana Gracilis&#8217; &#8211; Kagyl\u00f3ciprus"}]},{"@type":"WebSite","@id":"https:\/\/tajkertesz.com\/#website","url":"https:\/\/tajkertesz.com\/","name":"T\u00e1j-Kert\u00e9sz 84 Kft.","description":"Kert\u00e9szeti kis- \u00e9s nagykeresked\u00e9s, D\u00edszn\u00f6v\u00e9ny web\u00e1ruh\u00e1z orsz\u00e1gos h\u00e1zhozsz\u00e1ll\u00edt\u00e1ssal!","publisher":{"@id":"https:\/\/tajkertesz.com\/#organization"},"potentialAction":[{"@type":"SearchAction","target":{"@type":"EntryPoint","urlTemplate":"https:\/\/tajkertesz.com\/?s={search_term_string}"},"query-input":{"@type":"PropertyValueSpecification","valueRequired":true,"valueName":"search_term_string"}}],"inLanguage":"en-US"},{"@type":"Organization","@id":"https:\/\/tajkertesz.com\/#organization","name":"T\u00e1j-Kert\u00e9sz 84 Kft.","url":"https:\/\/tajkertesz.com\/","logo":{"@type":"ImageObject","inLanguage":"en-US","@id":"https:\/\/tajkertesz.com\/#\/schema\/logo\/image\/","url":"https:\/\/tajkertesz.com\/wp-content\/uploads\/2018\/02\/logo-2-e1518678052539.png","contentUrl":"https:\/\/tajkertesz.com\/wp-content\/uploads\/2018\/02\/logo-2-e1518678052539.png","width":81,"height":140,"caption":"T\u00e1j-Kert\u00e9sz 84 Kft."},"image":{"@id":"https:\/\/tajkertesz.com\/#\/schema\/logo\/image\/"},"sameAs":["https:\/\/www.facebook.com\/Tajkertesz\/"]}]}},"_links":{"self":[{"href":"https:\/\/tajkertesz.com\/en_US\/wp-json\/wp\/v2\/product\/15952","targetHints":{"allow":["GET"]}}],"collection":[{"href":"https:\/\/tajkertesz.com\/en_US\/wp-json\/wp\/v2\/product"}],"about":[{"href":"https:\/\/tajkertesz.com\/en_US\/wp-json\/wp\/v2\/types\/product"}],"wp:featuredmedia":[{"embeddable":true,"href":"https:\/\/tajkertesz.com\/en_US\/wp-json\/wp\/v2\/media\/15955"}],"wp:attachment":[{"href":"https:\/\/tajkertesz.com\/en_US\/wp-json\/wp\/v2\/media?parent=15952"}],"wp:term":[{"taxonomy":"product_brand","embeddable":true,"href":"https:\/\/tajkertesz.com\/en_US\/wp-json\/wp\/v2\/product_brand?post=15952"},{"taxonomy":"product_cat","embeddable":true,"href":"https:\/\/tajkertesz.com\/en_US\/wp-json\/wp\/v2\/product_cat?post=15952"},{"taxonomy":"product_tag","embeddable":true,"href":"https:\/\/tajkertesz.com\/en_US\/wp-json\/wp\/v2\/product_tag?post=15952"}],"curies":[{"name":"wp","href":"https:\/\/api.w.org\/{rel}","templated":true}]}}